{"id":184,"date":"2019-04-16T16:16:56","date_gmt":"2019-04-16T14:16:56","guid":{"rendered":"https:\/\/www.tourisme-valdemarne.com\/espace-pro\/grands-rendez-vous-annuels"},"modified":"2024-02-12T16:10:04","modified_gmt":"2024-02-12T15:10:04","slug":"grands-rendez-vous-annuels","status":"publish","type":"page","link":"https:\/\/www.tourisme-valdemarne.com\/espace-pro\/presse\/grands-rendez-vous-annuels\/","title":{"rendered":"Grands rendez-vous annuels"},"content":{"rendered":"\n<p class=\"is-style-excerpt\">La Val-de-Marne est une terre festive et anim\u00e9e. A chaque saison, ses \u00e9v\u00e8nements incontournables.<\/p>\n\n\n\n<p>Le Val-de-Marne offre une multitude de festivals, rencontres artistiques, manifestations sportives, concerts, etc. pour tous les go\u00fbts et toutes les envies.<\/p>\n\n\n\n<p>Consultez la liste des grands \u00e9v\u00e8nements par saison ainsi que nos s\u00e9lections par th\u00e9matique : <\/p>\n\n\n\n<ul class=\"wp-block-list\"><li><a aria-label=\"\u00e9v\u00e8nements d'art contemporain (s\u2019ouvre dans un nouvel onglet)\" href=\"https:\/\/www.tourisme-valdemarne.com\/arts-culture\/art-contemporain\/evenement-dart-contemporain\/\" target=\"_blank\" rel=\"noreferrer noopener\">\u00e9v\u00e8nements d&rsquo;art contemporain<\/a><\/li><li><a aria-label=\"festival de cultures urbaines (s\u2019ouvre dans un nouvel onglet)\" href=\"https:\/\/www.tourisme-valdemarne.com\/street-art\/festivals-de-cultures-urbaines\/\" target=\"_blank\" rel=\"noreferrer noopener\">festival de cultures urbaines<\/a><\/li><li><a aria-label=\"l'\u00e9t\u00e9 au bord de l'eau (s\u2019ouvre dans un nouvel onglet)\" href=\"https:\/\/www.tourisme-valdemarne.com\/au-bord-de-l-eau\/festivites-au-bord-de-l-eau\/\" target=\"_blank\" rel=\"noreferrer noopener\">l&rsquo;\u00e9t\u00e9 au bord de l&rsquo;eau<\/a><\/li><li><a href=\"https:\/\/www.tourisme-valdemarne.com\/nature-randonnees\/animations-nature-en-ete\/\" target=\"_blank\" rel=\"noreferrer noopener\">l&rsquo;\u00e9t\u00e9 en pleine nature <\/a><\/li><li><a aria-label=\"journ\u00e9es europ\u00e9ennes du patrimoine  (s\u2019ouvre dans un nouvel onglet)\" href=\"https:\/\/www.tourisme-valdemarne.com\/agendas\/journees-du-patrimoine\/\" target=\"_blank\" rel=\"noreferrer noopener\">journ\u00e9es europ\u00e9ennes du patrimoine <\/a><\/li><li>ainsi que nos dossiers th\u00e9matiques tout au long de l&rsquo;ann\u00e9e : vacances de la Toussaint, Halloween, No\u00ebl, Plages d&rsquo;\u00e9t\u00e9, etc. (disponibles sur demande \u00e9galement).<\/li><\/ul>\n\n\n\n<p>Retrouvez les d\u00e9tails de ces \u00e9v\u00e8nements sur l&rsquo;<a href=\"https:\/\/www.tourisme-valdemarne.com\/agendas\/tout-lagenda\/\" target=\"_blank\" rel=\"noreferrer noopener\" aria-label=\"agenda complet (s\u2019ouvre dans un nouvel onglet)\">agenda complet<\/a>.<\/p>\n\n\n\n<h2 class=\"wp-block-heading\">\u00c9v\u00e8nements saison Hiver (d\u00e9cembre\/janvier\/f\u00e9vrier)<\/h2>\n\n\n\n<p><strong>Festival Sons d\u2019Hiver<\/strong><br>Festival de musiques actuelles (musique contemporaine, jazz, rock alternatif, rap, musiques traditionnelles\u2026).<\/p>\n\n\n\n<p><strong>Nouvel an chinois<\/strong><br>Nombreuses animations \u00e0 Huatian Chinagora, dans le 13e arrondissement de Paris et d\u2019autres communes val-de-marnaises.<\/p>\n\n\n\n<p><strong>Festival Cin\u00e9 Junior 94<\/strong><br>S\u00e9lection de films et courts m\u00e9trages internationaux adapt\u00e9s \u00e0 un jeune public.<\/p>\n\n\n\n<p><strong>Paris Face Cach\u00e9e<\/strong><br>Des lieux originaux, alternatifs ou interdits s\u2019ouvrent au public durant trois jours. La r\u00e8gle du jeu : le public choisit une exp\u00e9rience sans savoir qui l\u2019organise ; le lieu de rendez-vous est tenu secret et n\u2019est d\u00e9voil\u00e9 qu\u2019apr\u00e8s l\u2019inscription ! Plusieurs lieux du Val-de-Marne participent \u00e0 l\u2019op\u00e9ration.<\/p>\n\n\n\n<h2 class=\"wp-block-heading\">\u00c9v\u00e8nements saison Printemps (mars\/avril\/mai)<\/h2>\n\n\n\n<p><strong>Biennale de danse \u00e0 la Briqueterie<\/strong><\/p>\n\n\n\n<p><strong>Festival International de Films de Femmes<\/strong><br>Festival accueillant des r\u00e9alisatrices du monde entier, avec pr\u00e8s de 150 films qui d\u00e9fendent le regard des femmes sur leur soci\u00e9t\u00e9.<\/p>\n\n\n\n<p><strong>Internationaux de Gymnastique rythmique<\/strong><\/p>\n\n\n\n<p><strong>Le Printemps des Po\u00e8tes<\/strong><br>Manifestation nationale et internationale de po\u00e9sie sous toutes ses formes.<\/p>\n\n\n\n<p><strong>Journ\u00e9es europ\u00e9ennes des M\u00e9tiers d\u2019art<\/strong><\/p>\n\n\n\n<p><strong>Le Printemps des Cit\u00e9s-jardins<\/strong><\/p>\n\n\n\n<p><strong>Humarathon international<\/strong><br>Course jumel\u00e9e avec une \u00abcourse nature\u00bb.<\/p>\n\n\n\n<p><strong>ZIG ZAG festival<\/strong><br>Ouverture des portes des ateliers d&rsquo;artistes \u00e0 Gentilly<\/p>\n\n\n\n<h2 class=\"wp-block-heading\">\u00c9v\u00e8nement saison  \u00e9t\u00e9 <br>(juin\/juillet\/ao\u00fbt)<\/h2>\n\n\n\n<p><strong>Jeux du Val-de-Marne<\/strong><br>Grand rendez-vous sportif pour la d\u00e9couverte et l\u2019initiation aux sports.<\/p>\n\n\n\n<p><strong>Big Jump<\/strong><br>F\u00eate europ\u00e9enne des rivi\u00e8res et des fleuves, pour un retour \u00e0 la baignade.<\/p>\n\n\n\n<p><strong>Festival TAT au Nouveau Gare au Th\u00e9\u00e2tre<\/strong><br>Festival pluridisciplinaire avec th\u00e9\u00e2tre, musique, danse, jeune public, vid\u00e9o, d\u00e9bats\u2026<\/p>\n\n\n\n<p><strong>Challenge Georges Marrane<\/strong><br>Tournoi international de handball.<\/p>\n\n\n\n<p><strong>La f\u00eate des Moissons<\/strong><br>Au parc des Lilas<\/p>\n\n\n\n<h2 class=\"wp-block-heading\">\u00c9v\u00e8nements saison Automne (septembre\/octobre\/novembre)<\/h2>\n\n\n\n<p><strong>Festival America<\/strong><br>Manifestation europ\u00e9enne consacr\u00e9e aux litt\u00e9ratures et cultures d\u2019Am\u00e9rique du Nord.<\/p>\n\n\n\n<p><strong>Les Plateaux \u00e0 la Briqueterie<\/strong><br>Danse contemporaine et cr\u00e9ation chor\u00e9graphique.<\/p>\n\n\n\n<p><strong>Festi\u2019Val-de-Marne<\/strong><br>Festival de la chanson fran\u00e7aise et francophone.<\/p>\n\n\n\n<p><strong>Festival Mur \/ Murs<\/strong><br>Festival des cultures urbaines.<\/p>\n\n\n\n<p><strong>Salon des M\u00e9tiers d\u2019Art du Plateau Briard<\/strong><br>Plus de 70 artisans exposent leur savoir-faire. D\u00e9monstrations, nombreuses animations.<\/p>\n\n\n\n<p><strong>Salon de l\u2019artisanat d\u2019art du Val-de-Marne<\/strong><br>Exposition-vente, ateliers.<\/p>\n\n\n\n<p><strong>\u00c9crans Documentaires<\/strong><br>Festival consacr\u00e9 \u00e0 la cr\u00e9ation documentaire contemporaine. Courts et longs m\u00e9trages.<\/p>\n\n\n\n<p><strong>Cross international du Val-de-Marne<\/strong><\/p>\n\n\n\n<p><strong>Journ\u00e9es Cin\u00e9matographiques du Val-de-Marne l\u2019oeil Vers\u2026<\/strong><br>Journ\u00e9es contre le racisme, pour l\u2019amiti\u00e9 entre les peuples. Projections de films.<\/p>\n\n\n\n<p><strong>Les Th\u00e9\u00e2trales Charles Dullin<\/strong><\/p>\n\n\n\n<p><strong>Ph\u00e9nom\u00e8n&rsquo;Art<\/strong><br>Festival de street art en Val-de-Marne<\/p>\n\n\n\n<p><strong>De nombreux sites du d\u00e9partement participent \u00e9galement aux manifestations nationales telles que la Nuit des Mus\u00e9es, les Journ\u00e9es du Patrimoine, Rendez-vous aux jardins, la f\u00eate de la musique, la f\u00eate de la gastronomie, la f\u00eate de la nature, etc.<\/strong><\/p>\n\n\n\n<p class=\"is-style-highlight\">Val-de-Marne Tourisme &amp; Loisirs organise aussi des visites et balades insolites pour partir \u00e0 la rencontre de passionn\u00e9s du territoire qui peuvent faire l&rsquo;objet de reportages. <br><a href=\"https:\/\/exploreparis.com\/fr\/\" target=\"_blank\" rel=\"noreferrer noopener\" aria-label=\"Inspirez-vous en consultant le programme (s\u2019ouvre dans un nouvel onglet)\">Inspirez-vous en consultant le programme<\/a>.<\/p>\n","protected":false},"excerpt":{"rendered":"<p>La Val-de-Marne est une terre festive et anim\u00e9e. A chaque saison, ses \u00e9v\u00e8nements incontournables. Le Val-de-Marne offre une multitude de festivals, rencontres artistiques, manifestations sportives, concerts, etc. pour tous les go\u00fbts et toutes les envies. Consultez la liste des grands \u00e9v\u00e8nements par saison ainsi que nos s\u00e9lections par th\u00e9matique : \u00e9v\u00e8nements d&rsquo;art contemporain festival de [&hellip;]<\/p>\n","protected":false},"author":1,"featured_media":787,"parent":19,"menu_order":60,"comment_status":"closed","ping_status":"closed","template":"","meta":{"_relevanssi_hide_post":"","_relevanssi_hide_content":"","_relevanssi_pin_for_all":"","_relevanssi_pin_keywords":"","_relevanssi_unpin_keywords":"","_relevanssi_related_keywords":"","_relevanssi_related_include_ids":"","_relevanssi_related_exclude_ids":"","_relevanssi_related_no_append":"","_relevanssi_related_not_related":"","_relevanssi_related_posts":"2741,446,8104,8084,442,444","_relevanssi_noindex_reason":"","footnotes":""},"vdmTagMarketing":[],"class_list":["post-184","page","type-page","status-publish","has-post-thumbnail","hentry"],"acf":[],"yoast_head":"<!-- This site is optimized with the Yoast SEO plugin v23.9 - https:\/\/yoast.com\/wordpress\/plugins\/seo\/ -->\n<title>Grands rendez-vous annuels - Espace Pro<\/title>\n<meta name=\"robots\" content=\"index, follow, max-snippet:-1, max-image-preview:large, max-video-preview:-1\" \/>\n<link rel=\"canonical\" href=\"https:\/\/www.tourisme-valdemarne.com\/espace-pro\/presse\/grands-rendez-vous-annuels\/\" \/>\n<meta property=\"og:locale\" content=\"fr_FR\" \/>\n<meta property=\"og:type\" content=\"article\" \/>\n<meta property=\"og:title\" content=\"Grands rendez-vous annuels - Espace Pro\" \/>\n<meta property=\"og:description\" content=\"La Val-de-Marne est une terre festive et anim\u00e9e. A chaque saison, ses \u00e9v\u00e8nements incontournables. Le Val-de-Marne offre une multitude de festivals, rencontres artistiques, manifestations sportives, concerts, etc. pour tous les go\u00fbts et toutes les envies. Consultez la liste des grands \u00e9v\u00e8nements par saison ainsi que nos s\u00e9lections par th\u00e9matique : \u00e9v\u00e8nements d&rsquo;art contemporain festival de [&hellip;]\" \/>\n<meta property=\"og:url\" content=\"https:\/\/www.tourisme-valdemarne.com\/espace-pro\/presse\/grands-rendez-vous-annuels\/\" \/>\n<meta property=\"og:site_name\" content=\"Espace Pro\" \/>\n<meta property=\"article:modified_time\" content=\"2024-02-12T15:10:04+00:00\" \/>\n<meta property=\"og:image\" content=\"https:\/\/www.tourisme-valdemarne.com\/espace-pro\/wp-content\/uploads\/sites\/3\/2019\/05\/festival-films-de-femmes-cp-cdt94-d.adam_.jpg\" \/>\n\t<meta property=\"og:image:width\" content=\"1600\" \/>\n\t<meta property=\"og:image:height\" content=\"900\" \/>\n\t<meta property=\"og:image:type\" content=\"image\/jpeg\" \/>\n<meta name=\"twitter:card\" content=\"summary_large_image\" \/>\n<meta name=\"twitter:label1\" content=\"Dur\u00e9e de lecture estim\u00e9e\" \/>\n\t<meta name=\"twitter:data1\" content=\"3 minutes\" \/>\n<script type=\"application\/ld+json\" class=\"yoast-schema-graph\">{\"@context\":\"https:\/\/schema.org\",\"@graph\":[{\"@type\":\"WebPage\",\"@id\":\"https:\/\/www.tourisme-valdemarne.com\/espace-pro\/presse\/grands-rendez-vous-annuels\/\",\"url\":\"https:\/\/www.tourisme-valdemarne.com\/espace-pro\/presse\/grands-rendez-vous-annuels\/\",\"name\":\"Grands rendez-vous annuels - Espace Pro\",\"isPartOf\":{\"@id\":\"https:\/\/www.tourisme-valdemarne.com\/espace-pro\/#website\"},\"primaryImageOfPage\":{\"@id\":\"https:\/\/www.tourisme-valdemarne.com\/espace-pro\/presse\/grands-rendez-vous-annuels\/#primaryimage\"},\"image\":{\"@id\":\"https:\/\/www.tourisme-valdemarne.com\/espace-pro\/presse\/grands-rendez-vous-annuels\/#primaryimage\"},\"thumbnailUrl\":\"https:\/\/www.tourisme-valdemarne.com\/espace-pro\/wp-content\/uploads\/sites\/3\/2019\/05\/festival-films-de-femmes-cp-cdt94-d.adam_.jpg\",\"datePublished\":\"2019-04-16T14:16:56+00:00\",\"dateModified\":\"2024-02-12T15:10:04+00:00\",\"breadcrumb\":{\"@id\":\"https:\/\/www.tourisme-valdemarne.com\/espace-pro\/presse\/grands-rendez-vous-annuels\/#breadcrumb\"},\"inLanguage\":\"fr-FR\",\"potentialAction\":[{\"@type\":\"ReadAction\",\"target\":[\"https:\/\/www.tourisme-valdemarne.com\/espace-pro\/presse\/grands-rendez-vous-annuels\/\"]}]},{\"@type\":\"ImageObject\",\"inLanguage\":\"fr-FR\",\"@id\":\"https:\/\/www.tourisme-valdemarne.com\/espace-pro\/presse\/grands-rendez-vous-annuels\/#primaryimage\",\"url\":\"https:\/\/www.tourisme-valdemarne.com\/espace-pro\/wp-content\/uploads\/sites\/3\/2019\/05\/festival-films-de-femmes-cp-cdt94-d.adam_.jpg\",\"contentUrl\":\"https:\/\/www.tourisme-valdemarne.com\/espace-pro\/wp-content\/uploads\/sites\/3\/2019\/05\/festival-films-de-femmes-cp-cdt94-d.adam_.jpg\",\"width\":1600,\"height\":900,\"caption\":\"Festival de films de femmes\"},{\"@type\":\"BreadcrumbList\",\"@id\":\"https:\/\/www.tourisme-valdemarne.com\/espace-pro\/presse\/grands-rendez-vous-annuels\/#breadcrumb\",\"itemListElement\":[{\"@type\":\"ListItem\",\"position\":1,\"name\":\"Accueil\",\"item\":\"https:\/\/www.tourisme-valdemarne.com\/espace-pro\/\"},{\"@type\":\"ListItem\",\"position\":2,\"name\":\"Presse\",\"item\":\"https:\/\/www.tourisme-valdemarne.com\/espace-pro\/presse\/\"},{\"@type\":\"ListItem\",\"position\":3,\"name\":\"Grands rendez-vous annuels\"}]},{\"@type\":\"WebSite\",\"@id\":\"https:\/\/www.tourisme-valdemarne.com\/espace-pro\/#website\",\"url\":\"https:\/\/www.tourisme-valdemarne.com\/espace-pro\/\",\"name\":\"Espace Pro\",\"description\":\"Informations et outils pour les professionnels et la Presse\",\"potentialAction\":[{\"@type\":\"SearchAction\",\"target\":{\"@type\":\"EntryPoint\",\"urlTemplate\":\"https:\/\/www.tourisme-valdemarne.com\/espace-pro\/?s={search_term_string}\"},\"query-input\":{\"@type\":\"PropertyValueSpecification\",\"valueRequired\":true,\"valueName\":\"search_term_string\"}}],\"inLanguage\":\"fr-FR\"}]}<\/script>\n<!-- \/ Yoast SEO plugin. -->","yoast_head_json":{"title":"Grands rendez-vous annuels - Espace Pro","robots":{"index":"index","follow":"follow","max-snippet":"max-snippet:-1","max-image-preview":"max-image-preview:large","max-video-preview":"max-video-preview:-1"},"canonical":"https:\/\/www.tourisme-valdemarne.com\/espace-pro\/presse\/grands-rendez-vous-annuels\/","og_locale":"fr_FR","og_type":"article","og_title":"Grands rendez-vous annuels - Espace Pro","og_description":"La Val-de-Marne est une terre festive et anim\u00e9e. A chaque saison, ses \u00e9v\u00e8nements incontournables. Le Val-de-Marne offre une multitude de festivals, rencontres artistiques, manifestations sportives, concerts, etc. pour tous les go\u00fbts et toutes les envies. Consultez la liste des grands \u00e9v\u00e8nements par saison ainsi que nos s\u00e9lections par th\u00e9matique : \u00e9v\u00e8nements d&rsquo;art contemporain festival de [&hellip;]","og_url":"https:\/\/www.tourisme-valdemarne.com\/espace-pro\/presse\/grands-rendez-vous-annuels\/","og_site_name":"Espace Pro","article_modified_time":"2024-02-12T15:10:04+00:00","og_image":[{"width":1600,"height":900,"url":"https:\/\/www.tourisme-valdemarne.com\/espace-pro\/wp-content\/uploads\/sites\/3\/2019\/05\/festival-films-de-femmes-cp-cdt94-d.adam_.jpg","type":"image\/jpeg"}],"twitter_card":"summary_large_image","twitter_misc":{"Dur\u00e9e de lecture estim\u00e9e":"3 minutes"},"schema":{"@context":"https:\/\/schema.org","@graph":[{"@type":"WebPage","@id":"https:\/\/www.tourisme-valdemarne.com\/espace-pro\/presse\/grands-rendez-vous-annuels\/","url":"https:\/\/www.tourisme-valdemarne.com\/espace-pro\/presse\/grands-rendez-vous-annuels\/","name":"Grands rendez-vous annuels - Espace Pro","isPartOf":{"@id":"https:\/\/www.tourisme-valdemarne.com\/espace-pro\/#website"},"primaryImageOfPage":{"@id":"https:\/\/www.tourisme-valdemarne.com\/espace-pro\/presse\/grands-rendez-vous-annuels\/#primaryimage"},"image":{"@id":"https:\/\/www.tourisme-valdemarne.com\/espace-pro\/presse\/grands-rendez-vous-annuels\/#primaryimage"},"thumbnailUrl":"https:\/\/www.tourisme-valdemarne.com\/espace-pro\/wp-content\/uploads\/sites\/3\/2019\/05\/festival-films-de-femmes-cp-cdt94-d.adam_.jpg","datePublished":"2019-04-16T14:16:56+00:00","dateModified":"2024-02-12T15:10:04+00:00","breadcrumb":{"@id":"https:\/\/www.tourisme-valdemarne.com\/espace-pro\/presse\/grands-rendez-vous-annuels\/#breadcrumb"},"inLanguage":"fr-FR","potentialAction":[{"@type":"ReadAction","target":["https:\/\/www.tourisme-valdemarne.com\/espace-pro\/presse\/grands-rendez-vous-annuels\/"]}]},{"@type":"ImageObject","inLanguage":"fr-FR","@id":"https:\/\/www.tourisme-valdemarne.com\/espace-pro\/presse\/grands-rendez-vous-annuels\/#primaryimage","url":"https:\/\/www.tourisme-valdemarne.com\/espace-pro\/wp-content\/uploads\/sites\/3\/2019\/05\/festival-films-de-femmes-cp-cdt94-d.adam_.jpg","contentUrl":"https:\/\/www.tourisme-valdemarne.com\/espace-pro\/wp-content\/uploads\/sites\/3\/2019\/05\/festival-films-de-femmes-cp-cdt94-d.adam_.jpg","width":1600,"height":900,"caption":"Festival de films de femmes"},{"@type":"BreadcrumbList","@id":"https:\/\/www.tourisme-valdemarne.com\/espace-pro\/presse\/grands-rendez-vous-annuels\/#breadcrumb","itemListElement":[{"@type":"ListItem","position":1,"name":"Accueil","item":"https:\/\/www.tourisme-valdemarne.com\/espace-pro\/"},{"@type":"ListItem","position":2,"name":"Presse","item":"https:\/\/www.tourisme-valdemarne.com\/espace-pro\/presse\/"},{"@type":"ListItem","position":3,"name":"Grands rendez-vous annuels"}]},{"@type":"WebSite","@id":"https:\/\/www.tourisme-valdemarne.com\/espace-pro\/#website","url":"https:\/\/www.tourisme-valdemarne.com\/espace-pro\/","name":"Espace Pro","description":"Informations et outils pour les professionnels et la Presse","potentialAction":[{"@type":"SearchAction","target":{"@type":"EntryPoint","urlTemplate":"https:\/\/www.tourisme-valdemarne.com\/espace-pro\/?s={search_term_string}"},"query-input":{"@type":"PropertyValueSpecification","valueRequired":true,"valueName":"search_term_string"}}],"inLanguage":"fr-FR"}]}},"_links":{"self":[{"href":"https:\/\/www.tourisme-valdemarne.com\/espace-pro\/wp-json\/wp\/v2\/pages\/184","targetHints":{"allow":["GET"]}}],"collection":[{"href":"https:\/\/www.tourisme-valdemarne.com\/espace-pro\/wp-json\/wp\/v2\/pages"}],"about":[{"href":"https:\/\/www.tourisme-valdemarne.com\/espace-pro\/wp-json\/wp\/v2\/types\/page"}],"author":[{"embeddable":true,"href":"https:\/\/www.tourisme-valdemarne.com\/espace-pro\/wp-json\/wp\/v2\/users\/1"}],"replies":[{"embeddable":true,"href":"https:\/\/www.tourisme-valdemarne.com\/espace-pro\/wp-json\/wp\/v2\/comments?post=184"}],"version-history":[{"count":15,"href":"https:\/\/www.tourisme-valdemarne.com\/espace-pro\/wp-json\/wp\/v2\/pages\/184\/revisions"}],"predecessor-version":[{"id":26317,"href":"https:\/\/www.tourisme-valdemarne.com\/espace-pro\/wp-json\/wp\/v2\/pages\/184\/revisions\/26317"}],"up":[{"embeddable":true,"href":"https:\/\/www.tourisme-valdemarne.com\/espace-pro\/wp-json\/wp\/v2\/pages\/19"}],"wp:featuredmedia":[{"embeddable":true,"href":"https:\/\/www.tourisme-valdemarne.com\/espace-pro\/wp-json\/wp\/v2\/media\/787"}],"wp:attachment":[{"href":"https:\/\/www.tourisme-valdemarne.com\/espace-pro\/wp-json\/wp\/v2\/media?parent=184"}],"wp:term":[{"taxonomy":"vdmTagMarketing","embeddable":true,"href":"https:\/\/www.tourisme-valdemarne.com\/espace-pro\/wp-json\/wp\/v2\/vdmTagMarketing?post=184"}],"curies":[{"name":"wp","href":"https:\/\/api.w.org\/{rel}","templated":true}]}}