{"id":182,"date":"2019-04-16T16:16:37","date_gmt":"2019-04-16T14:16:37","guid":{"rendered":"https:\/\/www.tourisme-valdemarne.com\/espace-pro\/accueils-de-presse-et-idees-de-reportage"},"modified":"2024-03-12T15:17:25","modified_gmt":"2024-03-12T14:17:25","slug":"accueils-de-presse-et-idees-de-reportage","status":"publish","type":"page","link":"https:\/\/www.tourisme-valdemarne.com\/espace-pro\/presse\/accueils-de-presse-et-idees-de-reportage\/","title":{"rendered":"Accueils de presse et id\u00e9es de reportage"},"content":{"rendered":"\n<p class=\"is-style-excerpt\">Val-de-Marne Tourisme &amp; Loisirs peut organiser des accueils de Presse \u00e0 la demande, accompagn\u00e9s ou non.<\/p>\n\n\n\n<p>Laissez-vous inspirer et retrouverez ici quelques exemples de sujets de reportages possibles en Val-de-Marne.<\/p>\n\n\n\n<h2 class=\"wp-block-heading\">Accueil de presse autour du Street art et de l&rsquo;art contemporain <\/h2>\n\n\n\n<p><strong>Programme sur une journ\u00e9e : <\/strong><\/p>\n\n\n\n<ul class=\"wp-block-list\"><li>Balade street art \u00e0 Vitry-sur-Seine<\/li><li>D\u00e9jeuner au restaurant du MAC VAL<\/li><li>Visite du MAC VAL<\/li><li>Visite du Cr\u00e9dac et de la Manufacture des \u0152illets ou visite de la Closerie Falbala de Dubuffet<\/li><\/ul>\n\n\n\n<div class=\"wp-block-image\"><figure class=\"aligncenter\"><a href=\"https:\/\/www.tourisme-valdemarne.com\/espace-pro\/wp-content\/uploads\/sites\/3\/2019\/05\/street-art_vitry_cp_cdt94_a.bertrand.jpg\"><img width=\"1200\" height=\"900\" data-src=\"https:\/\/www.tourisme-valdemarne.com\/espace-pro\/wp-content\/uploads\/sites\/3\/2019\/05\/street-art_vitry_cp_cdt94_a.bertrand-1200x900.jpg\" alt=\"Street art \u00e0 Vitry\" class=\"wp-image-2785\" srcset=\"https:\/\/www.tourisme-valdemarne.com\/espace-pro\/wp-content\/uploads\/sites\/3\/2019\/05\/street-art_vitry_cp_cdt94_a.bertrand-1200x900.jpg 1200w, https:\/\/www.tourisme-valdemarne.com\/espace-pro\/wp-content\/uploads\/sites\/3\/2019\/05\/street-art_vitry_cp_cdt94_a.bertrand-600x450.jpg 600w, https:\/\/www.tourisme-valdemarne.com\/espace-pro\/wp-content\/uploads\/sites\/3\/2019\/05\/street-art_vitry_cp_cdt94_a.bertrand-900x675.jpg 900w, https:\/\/www.tourisme-valdemarne.com\/espace-pro\/wp-content\/uploads\/sites\/3\/2019\/05\/street-art_vitry_cp_cdt94_a.bertrand-380x285.jpg 380w, https:\/\/www.tourisme-valdemarne.com\/espace-pro\/wp-content\/uploads\/sites\/3\/2019\/05\/street-art_vitry_cp_cdt94_a.bertrand-200x150.jpg 200w, https:\/\/www.tourisme-valdemarne.com\/espace-pro\/wp-content\/uploads\/sites\/3\/2019\/05\/street-art_vitry_cp_cdt94_a.bertrand.jpg 2048w\" sizes=\"(max-width: 1200px) 100vw, 1200px\" \/><\/a><figcaption>Street art \u00e0 Vitry<\/figcaption><\/figure><\/div>\n\n\n\n<h2 class=\"wp-block-heading\">Accueil de presse autour de la gastronomie<\/h2>\n\n\n\n<ul class=\"wp-block-list\"><li> March\u00e9 de Rungis : \u00e0 5h du matin, un guide conf\u00e9rencier vous fait d\u00e9couvrir les Pavillons de la Mar\u00e9e, des Abats, de la Viande, de la Volaille, des Fruits et L\u00e9gumes, des Fleurs et des Fromages.<br>La visite se termine vers 8h30 par un petit-d\u00e9jeuner fa\u00e7on \u00ab Rungis \u00bb.<\/li><\/ul>\n\n\n\n<h2 class=\"wp-block-heading\">Accueil de presse sur les Bords de Marne et les guinguettes  <\/h2>\n\n\n\n<p><strong>Programme sur une journ\u00e9e :<\/strong><\/p>\n\n\n\n<ul class=\"wp-block-list\"><li>Visite du Mus\u00e9e de Nogent-sur-Marne et d\u00e9couverte architecturale Art Nouveau \/ Art D\u00e9co de la ville<\/li><li>D\u00e9jeuner dans une guinguette<\/li><li>Croisi\u00e8re sur la Marne \u00e0 la d\u00e9couverte des \u00eeles de la r\u00e9serve naturelle ou balade en stand up paddle<\/li><\/ul>\n\n\n\n<h2 class=\"wp-block-heading\">Accueil de presse sur les pas de la Guerre de 1870<\/h2>\n\n\n\n<p><strong>Programme sur une journ\u00e9e :<\/strong><\/p>\n\n\n\n<ul class=\"wp-block-list\"><li>Visite de l\u2019Ossuaire de Champigny, puis le Monument des Wurtembergeois (rue de Dunkerque)<\/li><li>Bry-sur-Marne en passant par les Mordacs, quartier en pleine restructuration, avec pour particularit\u00e9 des maisons individuelles, au sommet des immeubles, r\u00e9alis\u00e9es par l\u2019architecte Edouard Fran\u00e7ois<\/li><li>A Bry, d\u00e9couverte de 3 monuments d\u00e9di\u00e9s \u00e0 la Guerre de 1870. De par la topographie du terrain tr\u00e8s marqu\u00e9e \u00e0 Bry, en forte pente, les Fran\u00e7ais se trouvant en bas et les Allemands en haut, cela donnait peu de chance aux Fran\u00e7ais de gagner\u2026.<\/li><li>D\u00e9jeuner \u00e0 Bry-sur-Marne<\/li><li>Visite du Commissariat de Police de Bry qui d\u00e9tient de nombreuses armes et casques de la Guerre de 1870 venant du mus\u00e9e de Bry, d\u00e9sormais ferm\u00e9 au public<\/li><li>Visite du Mus\u00e9e de Nogent qui poss\u00e8de un fonds exceptionnel d\u2019Archives sur la Guerre de 1870<\/li><\/ul>\n\n\n\n<h2 class=\"wp-block-heading\">Accueil de presse \u00e0 la d\u00e9couverte de Vincennes<\/h2>\n\n\n\n<p><strong>Programme sur une journ\u00e9e :<\/strong><\/p>\n\n\n\n<ul class=\"wp-block-list\"><li>Visite de la vieille ville avec des audioguides<\/li><li>D\u00e9jeuner<\/li><li>Visite du donjon et de la Sainte-Chapelle au Ch\u00e2teau de Vincennes<\/li><li>Visite du Parc Floral<\/li><\/ul>\n\n\n\n<h2 class=\"wp-block-heading\">Accueil de presse \u00e0 la d\u00e9couverte du monde hippique<\/h2>\n\n\n\n<p><strong>Programme sur une journ\u00e9e :<\/strong><\/p>\n\n\n\n<ul class=\"wp-block-list\"><li>Visite du centre d&rsquo;entrainement des chevaux trotteurs et du Ch\u00e2teau de Grosbois<\/li><li>D\u00e9jeuner \u00e0 l&rsquo;hippodrome<\/li><li><a href=\"https:\/\/www.tourisme-valdemarne.com\/loisir\/hippodrome-de-paris-vincennes\/\">Visite de l&rsquo;hippodrome de Vincennes<\/a> <\/li><\/ul>\n\n\n\n<h3 class=\"wp-block-heading\">Et aussi quelques id\u00e9es de th\u00e9matiques :<\/h3>\n\n\n\n<div class=\"wp-block-image\"><figure class=\"aligncenter\"><a href=\"https:\/\/www.tourisme-valdemarne.com\/espace-pro\/wp-content\/uploads\/sites\/3\/2019\/05\/orchidees_vacherot_lecoufle_cp_cdt94_c.racaud.jpg\"><img width=\"1200\" height=\"900\" data-src=\"https:\/\/www.tourisme-valdemarne.com\/espace-pro\/wp-content\/uploads\/sites\/3\/2019\/05\/orchidees_vacherot_lecoufle_cp_cdt94_c.racaud-1200x900.jpg\" alt=\"Orchid\u00e9es Vacherot et Lecoufle\" class=\"wp-image-2774\" srcset=\"https:\/\/www.tourisme-valdemarne.com\/espace-pro\/wp-content\/uploads\/sites\/3\/2019\/05\/orchidees_vacherot_lecoufle_cp_cdt94_c.racaud-1200x900.jpg 1200w, https:\/\/www.tourisme-valdemarne.com\/espace-pro\/wp-content\/uploads\/sites\/3\/2019\/05\/orchidees_vacherot_lecoufle_cp_cdt94_c.racaud-600x450.jpg 600w, https:\/\/www.tourisme-valdemarne.com\/espace-pro\/wp-content\/uploads\/sites\/3\/2019\/05\/orchidees_vacherot_lecoufle_cp_cdt94_c.racaud-900x675.jpg 900w, https:\/\/www.tourisme-valdemarne.com\/espace-pro\/wp-content\/uploads\/sites\/3\/2019\/05\/orchidees_vacherot_lecoufle_cp_cdt94_c.racaud-380x285.jpg 380w, https:\/\/www.tourisme-valdemarne.com\/espace-pro\/wp-content\/uploads\/sites\/3\/2019\/05\/orchidees_vacherot_lecoufle_cp_cdt94_c.racaud-200x150.jpg 200w, https:\/\/www.tourisme-valdemarne.com\/espace-pro\/wp-content\/uploads\/sites\/3\/2019\/05\/orchidees_vacherot_lecoufle_cp_cdt94_c.racaud.jpg 2048w\" sizes=\"(max-width: 1200px) 100vw, 1200px\" \/><\/a><figcaption>Orchid\u00e9es Vacherot et Lecoufle<\/figcaption><\/figure><\/div>\n\n\n\n<h2 class=\"wp-block-heading\">Accueil de presse entre faune et flore<\/h2>\n\n\n\n<ul class=\"wp-block-list\"><li><a href=\"https:\/\/www.tourisme-valdemarne.com\/espace-groupes\/visites-guidees-roseraie-val-de-marne\/\">Visite de la Roseraie du Val-de-Marne<\/a> <\/li><li><a href=\"https:\/\/www.tourisme-valdemarne.com\/espace-groupes\/visites-groupes\/visite-guidee-des-serres-dorchidees-vacherot-lacoufle\/\">Visite des serres d&rsquo;orchid\u00e9es<\/a><\/li><li>Visite de l&rsquo;\u00e9levage d&rsquo;\u00e2nesses laiti\u00e8res <\/li><\/ul>\n\n\n\n<h2 class=\"wp-block-heading\">Accueil de presse dans les coulisses des entreprises<\/h2>\n\n\n\n<ul class=\"wp-block-list\"><li>Visite de l&rsquo;a\u00e9roport de Paris-Orly<\/li><li>Croisi\u00e8re dans le Port industriel de Bonneuil<\/li><li>Visite du March\u00e9 de Rungis<\/li><li>Centre d&rsquo;entrainement des chevaux trotteurs de Grosbois<\/li><\/ul>\n\n\n\n<p class=\"is-style-highlight\">Val-de-Marne Tourisme &amp; Loisirs organise \u00e9galement toute l&rsquo;ann\u00e9e des visites et balades insolites pour partir \u00e0 la rencontre de passionn\u00e9s du territoire. <br><a href=\"https:\/\/exploreparis.com\/fr\/\" target=\"_blank\" rel=\"noreferrer noopener\" aria-label=\"Inspirez-vous en consultant le programme. (s\u2019ouvre dans un nouvel onglet)\">Inspirez-vous en consultant le programme.<\/a><\/p>\n","protected":false},"excerpt":{"rendered":"<p>Val-de-Marne Tourisme &amp; Loisirs peut organiser des accueils de Presse \u00e0 la demande, accompagn\u00e9s ou non. Laissez-vous inspirer et retrouverez ici quelques exemples de sujets de reportages possibles en Val-de-Marne. Accueil de presse autour du Street art et de l&rsquo;art contemporain Programme sur une journ\u00e9e : Balade street art \u00e0 Vitry-sur-Seine D\u00e9jeuner au restaurant du [&hellip;]<\/p>\n","protected":false},"author":1,"featured_media":791,"parent":19,"menu_order":40,"comment_status":"closed","ping_status":"closed","template":"","meta":{"_relevanssi_hide_post":"","_relevanssi_hide_content":"","_relevanssi_pin_for_all":"","_relevanssi_pin_keywords":"","_relevanssi_unpin_keywords":"","_relevanssi_related_keywords":"","_relevanssi_related_include_ids":"","_relevanssi_related_exclude_ids":"","_relevanssi_related_no_append":"","_relevanssi_related_not_related":"","_relevanssi_related_posts":"2741,2745,8095,2747,8083,8077","_relevanssi_noindex_reason":"","footnotes":""},"vdmTagMarketing":[],"class_list":["post-182","page","type-page","status-publish","has-post-thumbnail","hentry"],"acf":[],"yoast_head":"<!-- This site is optimized with the Yoast SEO plugin v23.9 - https:\/\/yoast.com\/wordpress\/plugins\/seo\/ -->\n<title>Accueils de presse et id\u00e9es de reportage - Espace Pro<\/title>\n<meta name=\"robots\" content=\"index, follow, max-snippet:-1, max-image-preview:large, max-video-preview:-1\" \/>\n<link rel=\"canonical\" href=\"https:\/\/www.tourisme-valdemarne.com\/espace-pro\/presse\/accueils-de-presse-et-idees-de-reportage\/\" \/>\n<meta property=\"og:locale\" content=\"fr_FR\" \/>\n<meta property=\"og:type\" content=\"article\" \/>\n<meta property=\"og:title\" content=\"Accueils de presse et id\u00e9es de reportage - Espace Pro\" \/>\n<meta property=\"og:description\" content=\"Val-de-Marne Tourisme &amp; Loisirs peut organiser des accueils de Presse \u00e0 la demande, accompagn\u00e9s ou non. Laissez-vous inspirer et retrouverez ici quelques exemples de sujets de reportages possibles en Val-de-Marne. Accueil de presse autour du Street art et de l&rsquo;art contemporain Programme sur une journ\u00e9e : Balade street art \u00e0 Vitry-sur-Seine D\u00e9jeuner au restaurant du [&hellip;]\" \/>\n<meta property=\"og:url\" content=\"https:\/\/www.tourisme-valdemarne.com\/espace-pro\/presse\/accueils-de-presse-et-idees-de-reportage\/\" \/>\n<meta property=\"og:site_name\" content=\"Espace Pro\" \/>\n<meta property=\"article:modified_time\" content=\"2024-03-12T14:17:25+00:00\" \/>\n<meta property=\"og:image\" content=\"https:\/\/www.tourisme-valdemarne.com\/espace-pro\/wp-content\/uploads\/sites\/3\/2019\/05\/acceuil-france-bleu-2018-cp-cdt-94-e.filliot.jpg\" \/>\n\t<meta property=\"og:image:width\" content=\"1600\" \/>\n\t<meta property=\"og:image:height\" content=\"900\" \/>\n\t<meta property=\"og:image:type\" content=\"image\/jpeg\" \/>\n<meta name=\"twitter:card\" content=\"summary_large_image\" \/>\n<meta name=\"twitter:label1\" content=\"Dur\u00e9e de lecture estim\u00e9e\" \/>\n\t<meta name=\"twitter:data1\" content=\"3 minutes\" \/>\n<script type=\"application\/ld+json\" class=\"yoast-schema-graph\">{\"@context\":\"https:\/\/schema.org\",\"@graph\":[{\"@type\":\"WebPage\",\"@id\":\"https:\/\/www.tourisme-valdemarne.com\/espace-pro\/presse\/accueils-de-presse-et-idees-de-reportage\/\",\"url\":\"https:\/\/www.tourisme-valdemarne.com\/espace-pro\/presse\/accueils-de-presse-et-idees-de-reportage\/\",\"name\":\"Accueils de presse et id\u00e9es de reportage - Espace Pro\",\"isPartOf\":{\"@id\":\"https:\/\/www.tourisme-valdemarne.com\/espace-pro\/#website\"},\"primaryImageOfPage\":{\"@id\":\"https:\/\/www.tourisme-valdemarne.com\/espace-pro\/presse\/accueils-de-presse-et-idees-de-reportage\/#primaryimage\"},\"image\":{\"@id\":\"https:\/\/www.tourisme-valdemarne.com\/espace-pro\/presse\/accueils-de-presse-et-idees-de-reportage\/#primaryimage\"},\"thumbnailUrl\":\"https:\/\/www.tourisme-valdemarne.com\/espace-pro\/wp-content\/uploads\/sites\/3\/2019\/05\/acceuil-france-bleu-2018-cp-cdt-94-e.filliot.jpg\",\"datePublished\":\"2019-04-16T14:16:37+00:00\",\"dateModified\":\"2024-03-12T14:17:25+00:00\",\"breadcrumb\":{\"@id\":\"https:\/\/www.tourisme-valdemarne.com\/espace-pro\/presse\/accueils-de-presse-et-idees-de-reportage\/#breadcrumb\"},\"inLanguage\":\"fr-FR\",\"potentialAction\":[{\"@type\":\"ReadAction\",\"target\":[\"https:\/\/www.tourisme-valdemarne.com\/espace-pro\/presse\/accueils-de-presse-et-idees-de-reportage\/\"]}]},{\"@type\":\"ImageObject\",\"inLanguage\":\"fr-FR\",\"@id\":\"https:\/\/www.tourisme-valdemarne.com\/espace-pro\/presse\/accueils-de-presse-et-idees-de-reportage\/#primaryimage\",\"url\":\"https:\/\/www.tourisme-valdemarne.com\/espace-pro\/wp-content\/uploads\/sites\/3\/2019\/05\/acceuil-france-bleu-2018-cp-cdt-94-e.filliot.jpg\",\"contentUrl\":\"https:\/\/www.tourisme-valdemarne.com\/espace-pro\/wp-content\/uploads\/sites\/3\/2019\/05\/acceuil-france-bleu-2018-cp-cdt-94-e.filliot.jpg\",\"width\":1600,\"height\":900,\"caption\":\"Accueil de presse France Bleu 2018\"},{\"@type\":\"BreadcrumbList\",\"@id\":\"https:\/\/www.tourisme-valdemarne.com\/espace-pro\/presse\/accueils-de-presse-et-idees-de-reportage\/#breadcrumb\",\"itemListElement\":[{\"@type\":\"ListItem\",\"position\":1,\"name\":\"Accueil\",\"item\":\"https:\/\/www.tourisme-valdemarne.com\/espace-pro\/\"},{\"@type\":\"ListItem\",\"position\":2,\"name\":\"Presse\",\"item\":\"https:\/\/www.tourisme-valdemarne.com\/espace-pro\/presse\/\"},{\"@type\":\"ListItem\",\"position\":3,\"name\":\"Accueils de presse et id\u00e9es de reportage\"}]},{\"@type\":\"WebSite\",\"@id\":\"https:\/\/www.tourisme-valdemarne.com\/espace-pro\/#website\",\"url\":\"https:\/\/www.tourisme-valdemarne.com\/espace-pro\/\",\"name\":\"Espace Pro\",\"description\":\"Informations et outils pour les professionnels et la Presse\",\"potentialAction\":[{\"@type\":\"SearchAction\",\"target\":{\"@type\":\"EntryPoint\",\"urlTemplate\":\"https:\/\/www.tourisme-valdemarne.com\/espace-pro\/?s={search_term_string}\"},\"query-input\":{\"@type\":\"PropertyValueSpecification\",\"valueRequired\":true,\"valueName\":\"search_term_string\"}}],\"inLanguage\":\"fr-FR\"}]}<\/script>\n<!-- \/ Yoast SEO plugin. -->","yoast_head_json":{"title":"Accueils de presse et id\u00e9es de reportage - Espace Pro","robots":{"index":"index","follow":"follow","max-snippet":"max-snippet:-1","max-image-preview":"max-image-preview:large","max-video-preview":"max-video-preview:-1"},"canonical":"https:\/\/www.tourisme-valdemarne.com\/espace-pro\/presse\/accueils-de-presse-et-idees-de-reportage\/","og_locale":"fr_FR","og_type":"article","og_title":"Accueils de presse et id\u00e9es de reportage - Espace Pro","og_description":"Val-de-Marne Tourisme &amp; Loisirs peut organiser des accueils de Presse \u00e0 la demande, accompagn\u00e9s ou non. Laissez-vous inspirer et retrouverez ici quelques exemples de sujets de reportages possibles en Val-de-Marne. Accueil de presse autour du Street art et de l&rsquo;art contemporain Programme sur une journ\u00e9e : Balade street art \u00e0 Vitry-sur-Seine D\u00e9jeuner au restaurant du [&hellip;]","og_url":"https:\/\/www.tourisme-valdemarne.com\/espace-pro\/presse\/accueils-de-presse-et-idees-de-reportage\/","og_site_name":"Espace Pro","article_modified_time":"2024-03-12T14:17:25+00:00","og_image":[{"width":1600,"height":900,"url":"https:\/\/www.tourisme-valdemarne.com\/espace-pro\/wp-content\/uploads\/sites\/3\/2019\/05\/acceuil-france-bleu-2018-cp-cdt-94-e.filliot.jpg","type":"image\/jpeg"}],"twitter_card":"summary_large_image","twitter_misc":{"Dur\u00e9e de lecture estim\u00e9e":"3 minutes"},"schema":{"@context":"https:\/\/schema.org","@graph":[{"@type":"WebPage","@id":"https:\/\/www.tourisme-valdemarne.com\/espace-pro\/presse\/accueils-de-presse-et-idees-de-reportage\/","url":"https:\/\/www.tourisme-valdemarne.com\/espace-pro\/presse\/accueils-de-presse-et-idees-de-reportage\/","name":"Accueils de presse et id\u00e9es de reportage - Espace Pro","isPartOf":{"@id":"https:\/\/www.tourisme-valdemarne.com\/espace-pro\/#website"},"primaryImageOfPage":{"@id":"https:\/\/www.tourisme-valdemarne.com\/espace-pro\/presse\/accueils-de-presse-et-idees-de-reportage\/#primaryimage"},"image":{"@id":"https:\/\/www.tourisme-valdemarne.com\/espace-pro\/presse\/accueils-de-presse-et-idees-de-reportage\/#primaryimage"},"thumbnailUrl":"https:\/\/www.tourisme-valdemarne.com\/espace-pro\/wp-content\/uploads\/sites\/3\/2019\/05\/acceuil-france-bleu-2018-cp-cdt-94-e.filliot.jpg","datePublished":"2019-04-16T14:16:37+00:00","dateModified":"2024-03-12T14:17:25+00:00","breadcrumb":{"@id":"https:\/\/www.tourisme-valdemarne.com\/espace-pro\/presse\/accueils-de-presse-et-idees-de-reportage\/#breadcrumb"},"inLanguage":"fr-FR","potentialAction":[{"@type":"ReadAction","target":["https:\/\/www.tourisme-valdemarne.com\/espace-pro\/presse\/accueils-de-presse-et-idees-de-reportage\/"]}]},{"@type":"ImageObject","inLanguage":"fr-FR","@id":"https:\/\/www.tourisme-valdemarne.com\/espace-pro\/presse\/accueils-de-presse-et-idees-de-reportage\/#primaryimage","url":"https:\/\/www.tourisme-valdemarne.com\/espace-pro\/wp-content\/uploads\/sites\/3\/2019\/05\/acceuil-france-bleu-2018-cp-cdt-94-e.filliot.jpg","contentUrl":"https:\/\/www.tourisme-valdemarne.com\/espace-pro\/wp-content\/uploads\/sites\/3\/2019\/05\/acceuil-france-bleu-2018-cp-cdt-94-e.filliot.jpg","width":1600,"height":900,"caption":"Accueil de presse France Bleu 2018"},{"@type":"BreadcrumbList","@id":"https:\/\/www.tourisme-valdemarne.com\/espace-pro\/presse\/accueils-de-presse-et-idees-de-reportage\/#breadcrumb","itemListElement":[{"@type":"ListItem","position":1,"name":"Accueil","item":"https:\/\/www.tourisme-valdemarne.com\/espace-pro\/"},{"@type":"ListItem","position":2,"name":"Presse","item":"https:\/\/www.tourisme-valdemarne.com\/espace-pro\/presse\/"},{"@type":"ListItem","position":3,"name":"Accueils de presse et id\u00e9es de reportage"}]},{"@type":"WebSite","@id":"https:\/\/www.tourisme-valdemarne.com\/espace-pro\/#website","url":"https:\/\/www.tourisme-valdemarne.com\/espace-pro\/","name":"Espace Pro","description":"Informations et outils pour les professionnels et la Presse","potentialAction":[{"@type":"SearchAction","target":{"@type":"EntryPoint","urlTemplate":"https:\/\/www.tourisme-valdemarne.com\/espace-pro\/?s={search_term_string}"},"query-input":{"@type":"PropertyValueSpecification","valueRequired":true,"valueName":"search_term_string"}}],"inLanguage":"fr-FR"}]}},"_links":{"self":[{"href":"https:\/\/www.tourisme-valdemarne.com\/espace-pro\/wp-json\/wp\/v2\/pages\/182","targetHints":{"allow":["GET"]}}],"collection":[{"href":"https:\/\/www.tourisme-valdemarne.com\/espace-pro\/wp-json\/wp\/v2\/pages"}],"about":[{"href":"https:\/\/www.tourisme-valdemarne.com\/espace-pro\/wp-json\/wp\/v2\/types\/page"}],"author":[{"embeddable":true,"href":"https:\/\/www.tourisme-valdemarne.com\/espace-pro\/wp-json\/wp\/v2\/users\/1"}],"replies":[{"embeddable":true,"href":"https:\/\/www.tourisme-valdemarne.com\/espace-pro\/wp-json\/wp\/v2\/comments?post=182"}],"version-history":[{"count":15,"href":"https:\/\/www.tourisme-valdemarne.com\/espace-pro\/wp-json\/wp\/v2\/pages\/182\/revisions"}],"predecessor-version":[{"id":26621,"href":"https:\/\/www.tourisme-valdemarne.com\/espace-pro\/wp-json\/wp\/v2\/pages\/182\/revisions\/26621"}],"up":[{"embeddable":true,"href":"https:\/\/www.tourisme-valdemarne.com\/espace-pro\/wp-json\/wp\/v2\/pages\/19"}],"wp:featuredmedia":[{"embeddable":true,"href":"https:\/\/www.tourisme-valdemarne.com\/espace-pro\/wp-json\/wp\/v2\/media\/791"}],"wp:attachment":[{"href":"https:\/\/www.tourisme-valdemarne.com\/espace-pro\/wp-json\/wp\/v2\/media?parent=182"}],"wp:term":[{"taxonomy":"vdmTagMarketing","embeddable":true,"href":"https:\/\/www.tourisme-valdemarne.com\/espace-pro\/wp-json\/wp\/v2\/vdmTagMarketing?post=182"}],"curies":[{"name":"wp","href":"https:\/\/api.w.org\/{rel}","templated":true}]}}