{"id":177,"date":"2019-04-16T16:15:53","date_gmt":"2019-04-16T14:15:53","guid":{"rendered":"https:\/\/www.tourisme-valdemarne.com\/espace-pro\/dossier-de-presse-incontournables-et-nouveautes"},"modified":"2025-04-18T09:50:42","modified_gmt":"2025-04-18T07:50:42","slug":"dossier-de-presse-incontournables-et-nouveautes","status":"publish","type":"page","link":"https:\/\/www.tourisme-valdemarne.com\/espace-pro\/presse\/dossier-de-presse-incontournables-et-nouveautes\/","title":{"rendered":"Dossier de presse : incontournables et nouveaut\u00e9s"},"content":{"rendered":"\n<p class=\"is-style-excerpt\">Consultez le dossier de Presse du tourisme et des loisirs en Val-de-Marne contenant les nouveaut\u00e9s de l&rsquo;ann\u00e9e, les grands \u00e9v\u00e8nements\u2026<\/p>\n\n\n\n<h2 class=\"wp-block-heading\">Les immanquables 2025 : <br>festival street art, croisi\u00e8res sur la marne, sites incontournables, savoir-faire, visites insolites<\/h2>\n\n\n<div class=\"wp-block-image\">\n<figure class=\"aligncenter size-medium\"><a href=\"https:\/\/www.tourisme-valdemarne.com\/espace-pro\/wp-content\/uploads\/sites\/3\/2025\/04\/dp_2025_tourisme94_bd.pdf\" target=\"_blank\" rel=\" noreferrer noopener\"><img width=\"424\" height=\"600\" data-src=\"https:\/\/www.tourisme-valdemarne.com\/espace-pro\/wp-content\/uploads\/sites\/3\/2025\/02\/couv-dp2025-424x600.jpg\" alt=\"\" class=\"wp-image-28713\" srcset=\"https:\/\/www.tourisme-valdemarne.com\/espace-pro\/wp-content\/uploads\/sites\/3\/2025\/02\/couv-dp2025-424x600.jpg 424w, https:\/\/www.tourisme-valdemarne.com\/espace-pro\/wp-content\/uploads\/sites\/3\/2025\/02\/couv-dp2025-848x1200.jpg 848w, https:\/\/www.tourisme-valdemarne.com\/espace-pro\/wp-content\/uploads\/sites\/3\/2025\/02\/couv-dp2025-636x900.jpg 636w, https:\/\/www.tourisme-valdemarne.com\/espace-pro\/wp-content\/uploads\/sites\/3\/2025\/02\/couv-dp2025-1086x1536.jpg 1086w, https:\/\/www.tourisme-valdemarne.com\/espace-pro\/wp-content\/uploads\/sites\/3\/2025\/02\/couv-dp2025-380x537.jpg 380w, https:\/\/www.tourisme-valdemarne.com\/espace-pro\/wp-content\/uploads\/sites\/3\/2025\/02\/couv-dp2025-200x283.jpg 200w, https:\/\/www.tourisme-valdemarne.com\/espace-pro\/wp-content\/uploads\/sites\/3\/2025\/02\/couv-dp2025.jpg 1448w\" sizes=\"(max-width: 424px) 100vw, 424px\" \/><\/a><figcaption class=\"wp-element-caption\">Dossier de presse Tourisme Val-de-Marne 2025<\/figcaption><\/figure><\/div>\n\n\n<div class=\"wp-block-buttons is-content-justification-center is-layout-flex wp-container-core-buttons-is-layout-1 wp-block-buttons-is-layout-flex\">\n<div class=\"wp-block-button\"><a class=\"wp-block-button__link wp-element-button\" href=\"https:\/\/www.tourisme-valdemarne.com\/espace-pro\/wp-content\/uploads\/sites\/3\/2025\/04\/dp_2025_tourisme94_bd.pdf\" target=\"_blank\" rel=\"noreferrer noopener\">Consultez le dossier de presse 2025<\/a><\/div>\n<\/div>\n\n\n\n<p><\/p>\n\n\n\n<h4 class=\"wp-block-heading\">Consultez les dossiers de presse pr\u00e9c\u00e9dents :<\/h4>\n\n\n\n<ul class=\"wp-block-list\">\n<li><a href=\"https:\/\/www.tourisme-valdemarne.com\/espace-pro\/wp-content\/uploads\/sites\/3\/2024\/01\/dp-2024-val-de-marne-tourisme-bd.pdf\">Dossier de presse 2024<\/a><\/li>\n<\/ul>\n\n\n\n<ul class=\"wp-block-list\">\n<li><a href=\"https:\/\/www.tourisme-valdemarne.com\/espace-pro\/wp-content\/uploads\/sites\/3\/2023\/03\/dp2023-vdm-tl.pdf\" target=\"_blank\" rel=\"noreferrer noopener\">Dossier de presse 2023<\/a><\/li>\n\n\n\n<li><a href=\"https:\/\/www.tourisme-valdemarne.com\/wp-content\/uploads\/2022\/06\/dp2022-val-de-marne-tourisme-et-loisirs.pdf\" target=\"_blank\" rel=\"noreferrer noopener\">Dossier de l&rsquo;\u00e9t\u00e9 2022 &#8211; fran\u00e7ais<\/a><\/li>\n\n\n\n<li><a href=\"https:\/\/www.tourisme-valdemarne.com\/wp-content\/uploads\/2022\/01\/dp2022-val-de-marne-tourisme-loisirs-bd-1.pdf\" target=\"_blank\" rel=\"noreferrer noopener\">Dossier de presse 2022 &#8211; fran\u00e7ais<\/a><\/li>\n\n\n\n<li><a href=\"https:\/\/www.tourisme-valdemarne.com\/espace-pro\/wp-content\/uploads\/sites\/3\/2021\/07\/dp-programme-ete-2021-val-de-marne-tourisme-loisirs-hd.pdf\" target=\"_blank\" rel=\"noreferrer noopener\">Dossier de l&rsquo;\u00e9t\u00e9 2021 &#8211; fran\u00e7ais<\/a><\/li>\n\n\n\n<li><a href=\"https:\/\/www.tourisme-valdemarne.com\/espace-pro\/wp-content\/uploads\/sites\/3\/2021\/05\/dp94-2021-bd.pdf\" target=\"_blank\" rel=\"noreferrer noopener\">Dossier de presse 2021 &#8211; fran\u00e7ais<\/a><\/li>\n\n\n\n<li><a href=\"https:\/\/www.tourisme-valdemarne.com\/espace-pro\/wp-content\/uploads\/sites\/3\/2021\/05\/dossier-presse_94_2020_bd.pdf\" target=\"_blank\" rel=\"noreferrer noopener\">Dossier de presse 2020 &#8211; fran\u00e7ais<\/a><\/li>\n\n\n\n<li><a href=\"https:\/\/www.tourisme-valdemarne.com\/espace-pro\/wp-content\/uploads\/sites\/3\/2019\/06\/dp_programme_ete_2019_bd.pdf\" target=\"_blank\" rel=\"noreferrer noopener\">Dossier de presse 2019 &#8211; fran\u00e7ais<\/a><\/li>\n\n\n\n<li>Dossiers de presse th\u00e9matiques 2018 : <a href=\"https:\/\/www.tourisme-valdemarne.com\/medias\/DP2018-art-contemporain.pdf\" target=\"_blank\" rel=\"noreferrer noopener\">Le Val-de-Marne, vitrine de l&rsquo;art contemporain<\/a>, <a href=\"https:\/\/www.tourisme-valdemarne.com\/medias\/DP2018-culturel.pdf\" target=\"_blank\" rel=\"noreferrer noopener\">Patrimoines d&rsquo;hier \u00e0 aujourd&rsquo;hui pour traverser les \u00e9poques<\/a>, <a href=\"https:\/\/www.tourisme-valdemarne.com\/medias\/DP2018-entreprises.pdf\" target=\"_blank\" rel=\"noreferrer noopener\">Au c\u0153ur des entreprises avec des visites exclusives<\/a>, <a href=\"https:\/\/www.tourisme-valdemarne.com\/medias\/DP2018-nature.pdf\" target=\"_blank\" rel=\"noreferrer noopener\">La nature en ville<\/a>, <a href=\"https:\/\/www.tourisme-valdemarne.com\/medias\/DP2018-street-art.pdf\" target=\"_blank\" rel=\"noreferrer noopener\">Le Val-de-Marne en famille<\/a>, <a href=\"https:\/\/www.tourisme-valdemarne.com\/medias\/DP2018-nuit.pdf\" target=\"_blank\" rel=\"noreferrer noopener\">Le Val-de-Marne pour des soir\u00e9es festives<\/a>, <a href=\"https:\/\/www.tourisme-valdemarne.com\/medias\/DP2018-street-art.pdf\" target=\"_blank\" rel=\"noreferrer noopener\">Street art en Val-de-Marne<\/a><\/li>\n\n\n\n<li><a href=\"https:\/\/www.tourisme-valdemarne.com\/espace-pro\/wp-content\/uploads\/sites\/3\/2019\/05\/press-kit_2018.pdf\" target=\"_blank\" rel=\"noreferrer noopener\">Dossier de presse 2018 en anglais &#8211; Press kit<\/a><\/li>\n\n\n\n<li><a aria-label=\"Dossier de presse 2017 - fran\u00e7ais (s\u2019ouvre dans un nouvel onglet)\" href=\"https:\/\/www.tourisme-valdemarne.com\/espace-pro\/wp-content\/uploads\/sites\/3\/2019\/05\/dp2017_val-de-marne-tourisme-et-loisirs.pdf\" target=\"_blank\" rel=\"noreferrer noopener\">Dossier de presse 2017 &#8211; fran\u00e7ais<\/a><\/li>\n\n\n\n<li><a aria-label=\"Press kit 2017 - english version (s\u2019ouvre dans un nouvel onglet)\" href=\"https:\/\/www.tourisme-valdemarne.com\/espace-pro\/wp-content\/uploads\/sites\/3\/2019\/05\/presskit-2017_val-de-marne-tourism.pdf\" target=\"_blank\" rel=\"noreferrer noopener\">Press kit 2017 &#8211; english version<\/a><\/li>\n\n\n\n<li><a aria-label=\"Dossier de presse 2016 - fran\u00e7ais (s\u2019ouvre dans un nouvel onglet)\" href=\"https:\/\/www.tourisme-valdemarne.com\/espace-pro\/wp-content\/uploads\/sites\/3\/2019\/05\/dp_2016_valdemarne.pdf\" target=\"_blank\" rel=\"noreferrer noopener\">Dossier de presse 2016 &#8211; fran\u00e7ais<\/a><\/li>\n\n\n\n<li><a aria-label=\"Press kit 2016 - english version (s\u2019ouvre dans un nouvel onglet)\" href=\"https:\/\/www.tourisme-valdemarne.com\/espace-pro\/wp-content\/uploads\/sites\/3\/2019\/05\/press_kit_2016_val-de-marne.pdf\" target=\"_blank\" rel=\"noreferrer noopener\">Press kit 2016 &#8211; english version<\/a><\/li>\n\n\n\n<li><a aria-label=\"Dossier de presse 2015 (s\u2019ouvre dans un nouvel onglet)\" href=\"https:\/\/www.tourisme-valdemarne.com\/espace-pro\/wp-content\/uploads\/sites\/3\/2019\/05\/dp_val-de-marne_2015_bd.pdf\" target=\"_blank\" rel=\"noreferrer noopener\">Dossier de presse 2015<\/a><\/li>\n<\/ul>\n","protected":false},"excerpt":{"rendered":"<p>Consultez le dossier de Presse du tourisme et des loisirs en Val-de-Marne contenant les nouveaut\u00e9s de l&rsquo;ann\u00e9e, les grands \u00e9v\u00e8nements\u2026 Les immanquables 2025 : festival street art, croisi\u00e8res sur la marne, sites incontournables, savoir-faire, visites insolites Consultez les dossiers de presse pr\u00e9c\u00e9dents :<\/p>\n","protected":false},"author":1,"featured_media":865,"parent":19,"menu_order":20,"comment_status":"closed","ping_status":"closed","template":"","meta":{"_relevanssi_hide_post":"","_relevanssi_hide_content":"","_relevanssi_pin_for_all":"","_relevanssi_pin_keywords":"","_relevanssi_unpin_keywords":"","_relevanssi_related_keywords":"","_relevanssi_related_include_ids":"","_relevanssi_related_exclude_ids":"","_relevanssi_related_no_append":"","_relevanssi_related_not_related":"","_relevanssi_related_posts":"2751,446,2741,2745,8090,8105","_relevanssi_noindex_reason":"","footnotes":""},"vdmTagMarketing":[],"class_list":["post-177","page","type-page","status-publish","has-post-thumbnail","hentry"],"acf":[],"yoast_head":"<!-- This site is optimized with the Yoast SEO plugin v23.9 - https:\/\/yoast.com\/wordpress\/plugins\/seo\/ -->\n<title>Dossier de presse : incontournables et nouveaut\u00e9s - Espace Pro<\/title>\n<meta name=\"robots\" content=\"index, follow, max-snippet:-1, max-image-preview:large, max-video-preview:-1\" \/>\n<link rel=\"canonical\" href=\"https:\/\/www.tourisme-valdemarne.com\/espace-pro\/presse\/dossier-de-presse-incontournables-et-nouveautes\/\" \/>\n<meta property=\"og:locale\" content=\"fr_FR\" \/>\n<meta property=\"og:type\" content=\"article\" \/>\n<meta property=\"og:title\" content=\"Dossier de presse : incontournables et nouveaut\u00e9s - Espace Pro\" \/>\n<meta property=\"og:description\" content=\"Consultez le dossier de Presse du tourisme et des loisirs en Val-de-Marne contenant les nouveaut\u00e9s de l&rsquo;ann\u00e9e, les grands \u00e9v\u00e8nements\u2026 Les immanquables 2025 : festival street art, croisi\u00e8res sur la marne, sites incontournables, savoir-faire, visites insolites Consultez les dossiers de presse pr\u00e9c\u00e9dents :\" \/>\n<meta property=\"og:url\" content=\"https:\/\/www.tourisme-valdemarne.com\/espace-pro\/presse\/dossier-de-presse-incontournables-et-nouveautes\/\" \/>\n<meta property=\"og:site_name\" content=\"Espace Pro\" \/>\n<meta property=\"article:modified_time\" content=\"2025-04-18T07:50:42+00:00\" \/>\n<meta property=\"og:image\" content=\"https:\/\/www.tourisme-valdemarne.com\/espace-pro\/wp-content\/uploads\/sites\/3\/2019\/05\/street-art-vitry-cp-cdt94-a.bertrand-1.jpg\" \/>\n\t<meta property=\"og:image:width\" content=\"1600\" \/>\n\t<meta property=\"og:image:height\" content=\"900\" \/>\n\t<meta property=\"og:image:type\" content=\"image\/jpeg\" \/>\n<meta name=\"twitter:card\" content=\"summary_large_image\" \/>\n<meta name=\"twitter:label1\" content=\"Dur\u00e9e de lecture estim\u00e9e\" \/>\n\t<meta name=\"twitter:data1\" content=\"2 minutes\" \/>\n<script type=\"application\/ld+json\" class=\"yoast-schema-graph\">{\"@context\":\"https:\/\/schema.org\",\"@graph\":[{\"@type\":\"WebPage\",\"@id\":\"https:\/\/www.tourisme-valdemarne.com\/espace-pro\/presse\/dossier-de-presse-incontournables-et-nouveautes\/\",\"url\":\"https:\/\/www.tourisme-valdemarne.com\/espace-pro\/presse\/dossier-de-presse-incontournables-et-nouveautes\/\",\"name\":\"Dossier de presse : incontournables et nouveaut\u00e9s - Espace Pro\",\"isPartOf\":{\"@id\":\"https:\/\/www.tourisme-valdemarne.com\/espace-pro\/#website\"},\"primaryImageOfPage\":{\"@id\":\"https:\/\/www.tourisme-valdemarne.com\/espace-pro\/presse\/dossier-de-presse-incontournables-et-nouveautes\/#primaryimage\"},\"image\":{\"@id\":\"https:\/\/www.tourisme-valdemarne.com\/espace-pro\/presse\/dossier-de-presse-incontournables-et-nouveautes\/#primaryimage\"},\"thumbnailUrl\":\"https:\/\/www.tourisme-valdemarne.com\/espace-pro\/wp-content\/uploads\/sites\/3\/2019\/05\/street-art-vitry-cp-cdt94-a.bertrand-1.jpg\",\"datePublished\":\"2019-04-16T14:15:53+00:00\",\"dateModified\":\"2025-04-18T07:50:42+00:00\",\"breadcrumb\":{\"@id\":\"https:\/\/www.tourisme-valdemarne.com\/espace-pro\/presse\/dossier-de-presse-incontournables-et-nouveautes\/#breadcrumb\"},\"inLanguage\":\"fr-FR\",\"potentialAction\":[{\"@type\":\"ReadAction\",\"target\":[\"https:\/\/www.tourisme-valdemarne.com\/espace-pro\/presse\/dossier-de-presse-incontournables-et-nouveautes\/\"]}]},{\"@type\":\"ImageObject\",\"inLanguage\":\"fr-FR\",\"@id\":\"https:\/\/www.tourisme-valdemarne.com\/espace-pro\/presse\/dossier-de-presse-incontournables-et-nouveautes\/#primaryimage\",\"url\":\"https:\/\/www.tourisme-valdemarne.com\/espace-pro\/wp-content\/uploads\/sites\/3\/2019\/05\/street-art-vitry-cp-cdt94-a.bertrand-1.jpg\",\"contentUrl\":\"https:\/\/www.tourisme-valdemarne.com\/espace-pro\/wp-content\/uploads\/sites\/3\/2019\/05\/street-art-vitry-cp-cdt94-a.bertrand-1.jpg\",\"width\":1600,\"height\":900,\"caption\":\"Tournage street art \u00e0 Vitry\"},{\"@type\":\"BreadcrumbList\",\"@id\":\"https:\/\/www.tourisme-valdemarne.com\/espace-pro\/presse\/dossier-de-presse-incontournables-et-nouveautes\/#breadcrumb\",\"itemListElement\":[{\"@type\":\"ListItem\",\"position\":1,\"name\":\"Accueil\",\"item\":\"https:\/\/www.tourisme-valdemarne.com\/espace-pro\/\"},{\"@type\":\"ListItem\",\"position\":2,\"name\":\"Presse\",\"item\":\"https:\/\/www.tourisme-valdemarne.com\/espace-pro\/presse\/\"},{\"@type\":\"ListItem\",\"position\":3,\"name\":\"Dossier de presse : incontournables et nouveaut\u00e9s\"}]},{\"@type\":\"WebSite\",\"@id\":\"https:\/\/www.tourisme-valdemarne.com\/espace-pro\/#website\",\"url\":\"https:\/\/www.tourisme-valdemarne.com\/espace-pro\/\",\"name\":\"Espace Pro\",\"description\":\"Informations et outils pour les professionnels et la Presse\",\"potentialAction\":[{\"@type\":\"SearchAction\",\"target\":{\"@type\":\"EntryPoint\",\"urlTemplate\":\"https:\/\/www.tourisme-valdemarne.com\/espace-pro\/?s={search_term_string}\"},\"query-input\":{\"@type\":\"PropertyValueSpecification\",\"valueRequired\":true,\"valueName\":\"search_term_string\"}}],\"inLanguage\":\"fr-FR\"}]}<\/script>\n<!-- \/ Yoast SEO plugin. -->","yoast_head_json":{"title":"Dossier de presse : incontournables et nouveaut\u00e9s - Espace Pro","robots":{"index":"index","follow":"follow","max-snippet":"max-snippet:-1","max-image-preview":"max-image-preview:large","max-video-preview":"max-video-preview:-1"},"canonical":"https:\/\/www.tourisme-valdemarne.com\/espace-pro\/presse\/dossier-de-presse-incontournables-et-nouveautes\/","og_locale":"fr_FR","og_type":"article","og_title":"Dossier de presse : incontournables et nouveaut\u00e9s - Espace Pro","og_description":"Consultez le dossier de Presse du tourisme et des loisirs en Val-de-Marne contenant les nouveaut\u00e9s de l&rsquo;ann\u00e9e, les grands \u00e9v\u00e8nements\u2026 Les immanquables 2025 : festival street art, croisi\u00e8res sur la marne, sites incontournables, savoir-faire, visites insolites Consultez les dossiers de presse pr\u00e9c\u00e9dents :","og_url":"https:\/\/www.tourisme-valdemarne.com\/espace-pro\/presse\/dossier-de-presse-incontournables-et-nouveautes\/","og_site_name":"Espace Pro","article_modified_time":"2025-04-18T07:50:42+00:00","og_image":[{"width":1600,"height":900,"url":"https:\/\/www.tourisme-valdemarne.com\/espace-pro\/wp-content\/uploads\/sites\/3\/2019\/05\/street-art-vitry-cp-cdt94-a.bertrand-1.jpg","type":"image\/jpeg"}],"twitter_card":"summary_large_image","twitter_misc":{"Dur\u00e9e de lecture estim\u00e9e":"2 minutes"},"schema":{"@context":"https:\/\/schema.org","@graph":[{"@type":"WebPage","@id":"https:\/\/www.tourisme-valdemarne.com\/espace-pro\/presse\/dossier-de-presse-incontournables-et-nouveautes\/","url":"https:\/\/www.tourisme-valdemarne.com\/espace-pro\/presse\/dossier-de-presse-incontournables-et-nouveautes\/","name":"Dossier de presse : incontournables et nouveaut\u00e9s - Espace Pro","isPartOf":{"@id":"https:\/\/www.tourisme-valdemarne.com\/espace-pro\/#website"},"primaryImageOfPage":{"@id":"https:\/\/www.tourisme-valdemarne.com\/espace-pro\/presse\/dossier-de-presse-incontournables-et-nouveautes\/#primaryimage"},"image":{"@id":"https:\/\/www.tourisme-valdemarne.com\/espace-pro\/presse\/dossier-de-presse-incontournables-et-nouveautes\/#primaryimage"},"thumbnailUrl":"https:\/\/www.tourisme-valdemarne.com\/espace-pro\/wp-content\/uploads\/sites\/3\/2019\/05\/street-art-vitry-cp-cdt94-a.bertrand-1.jpg","datePublished":"2019-04-16T14:15:53+00:00","dateModified":"2025-04-18T07:50:42+00:00","breadcrumb":{"@id":"https:\/\/www.tourisme-valdemarne.com\/espace-pro\/presse\/dossier-de-presse-incontournables-et-nouveautes\/#breadcrumb"},"inLanguage":"fr-FR","potentialAction":[{"@type":"ReadAction","target":["https:\/\/www.tourisme-valdemarne.com\/espace-pro\/presse\/dossier-de-presse-incontournables-et-nouveautes\/"]}]},{"@type":"ImageObject","inLanguage":"fr-FR","@id":"https:\/\/www.tourisme-valdemarne.com\/espace-pro\/presse\/dossier-de-presse-incontournables-et-nouveautes\/#primaryimage","url":"https:\/\/www.tourisme-valdemarne.com\/espace-pro\/wp-content\/uploads\/sites\/3\/2019\/05\/street-art-vitry-cp-cdt94-a.bertrand-1.jpg","contentUrl":"https:\/\/www.tourisme-valdemarne.com\/espace-pro\/wp-content\/uploads\/sites\/3\/2019\/05\/street-art-vitry-cp-cdt94-a.bertrand-1.jpg","width":1600,"height":900,"caption":"Tournage street art \u00e0 Vitry"},{"@type":"BreadcrumbList","@id":"https:\/\/www.tourisme-valdemarne.com\/espace-pro\/presse\/dossier-de-presse-incontournables-et-nouveautes\/#breadcrumb","itemListElement":[{"@type":"ListItem","position":1,"name":"Accueil","item":"https:\/\/www.tourisme-valdemarne.com\/espace-pro\/"},{"@type":"ListItem","position":2,"name":"Presse","item":"https:\/\/www.tourisme-valdemarne.com\/espace-pro\/presse\/"},{"@type":"ListItem","position":3,"name":"Dossier de presse : incontournables et nouveaut\u00e9s"}]},{"@type":"WebSite","@id":"https:\/\/www.tourisme-valdemarne.com\/espace-pro\/#website","url":"https:\/\/www.tourisme-valdemarne.com\/espace-pro\/","name":"Espace Pro","description":"Informations et outils pour les professionnels et la Presse","potentialAction":[{"@type":"SearchAction","target":{"@type":"EntryPoint","urlTemplate":"https:\/\/www.tourisme-valdemarne.com\/espace-pro\/?s={search_term_string}"},"query-input":{"@type":"PropertyValueSpecification","valueRequired":true,"valueName":"search_term_string"}}],"inLanguage":"fr-FR"}]}},"_links":{"self":[{"href":"https:\/\/www.tourisme-valdemarne.com\/espace-pro\/wp-json\/wp\/v2\/pages\/177","targetHints":{"allow":["GET"]}}],"collection":[{"href":"https:\/\/www.tourisme-valdemarne.com\/espace-pro\/wp-json\/wp\/v2\/pages"}],"about":[{"href":"https:\/\/www.tourisme-valdemarne.com\/espace-pro\/wp-json\/wp\/v2\/types\/page"}],"author":[{"embeddable":true,"href":"https:\/\/www.tourisme-valdemarne.com\/espace-pro\/wp-json\/wp\/v2\/users\/1"}],"replies":[{"embeddable":true,"href":"https:\/\/www.tourisme-valdemarne.com\/espace-pro\/wp-json\/wp\/v2\/comments?post=177"}],"version-history":[{"count":61,"href":"https:\/\/www.tourisme-valdemarne.com\/espace-pro\/wp-json\/wp\/v2\/pages\/177\/revisions"}],"predecessor-version":[{"id":29099,"href":"https:\/\/www.tourisme-valdemarne.com\/espace-pro\/wp-json\/wp\/v2\/pages\/177\/revisions\/29099"}],"up":[{"embeddable":true,"href":"https:\/\/www.tourisme-valdemarne.com\/espace-pro\/wp-json\/wp\/v2\/pages\/19"}],"wp:featuredmedia":[{"embeddable":true,"href":"https:\/\/www.tourisme-valdemarne.com\/espace-pro\/wp-json\/wp\/v2\/media\/865"}],"wp:attachment":[{"href":"https:\/\/www.tourisme-valdemarne.com\/espace-pro\/wp-json\/wp\/v2\/media?parent=177"}],"wp:term":[{"taxonomy":"vdmTagMarketing","embeddable":true,"href":"https:\/\/www.tourisme-valdemarne.com\/espace-pro\/wp-json\/wp\/v2\/vdmTagMarketing?post=177"}],"curies":[{"name":"wp","href":"https:\/\/api.w.org\/{rel}","templated":true}]}}