{"id":173,"date":"2019-04-16T16:15:22","date_gmt":"2019-04-16T14:15:22","guid":{"rendered":"https:\/\/www.tourisme-valdemarne.com\/espace-pro\/le-service-presse"},"modified":"2025-03-14T14:07:17","modified_gmt":"2025-03-14T13:07:17","slug":"le-service-presse","status":"publish","type":"page","link":"https:\/\/www.tourisme-valdemarne.com\/espace-pro\/presse\/le-service-presse\/","title":{"rendered":"Le service Presse"},"content":{"rendered":"\n<p class=\"is-style-excerpt\">Le service Presse est \u00e0 votre \u00e9coute pour r\u00e9pondre \u00e0 vos demandes de renseignements, vous donner des id\u00e9es de reportage ou vous organiser un accueil de presse.<\/p>\n\n\n\n<h2 class=\"wp-block-heading\">Votre contact Presse privil\u00e9gi\u00e9<\/h2>\n\n\n\n<p>Pour toute demande d&rsquo;information, vous pouvez joindre :<\/p>\n\n\n<div class=\"wp-block-image\">\n<figure class=\"aligncenter is-resized\"><img width=\"1200\" height=\"1200\" data-src=\"https:\/\/www.tourisme-valdemarne.com\/espace-pro\/wp-content\/uploads\/sites\/3\/2019\/05\/ef-min-1200x1200.png\" alt=\"Emilie Filliot Salomon equipe cdt\" class=\"wp-image-2791\" style=\"width:169px;height:169px\" srcset=\"https:\/\/www.tourisme-valdemarne.com\/espace-pro\/wp-content\/uploads\/sites\/3\/2019\/05\/ef-min-1200x1200.png 1200w, https:\/\/www.tourisme-valdemarne.com\/espace-pro\/wp-content\/uploads\/sites\/3\/2019\/05\/ef-min-380x380.png 380w, https:\/\/www.tourisme-valdemarne.com\/espace-pro\/wp-content\/uploads\/sites\/3\/2019\/05\/ef-min-600x600.png 600w, https:\/\/www.tourisme-valdemarne.com\/espace-pro\/wp-content\/uploads\/sites\/3\/2019\/05\/ef-min-900x900.png 900w, https:\/\/www.tourisme-valdemarne.com\/espace-pro\/wp-content\/uploads\/sites\/3\/2019\/05\/ef-min-200x200.png 200w, https:\/\/www.tourisme-valdemarne.com\/espace-pro\/wp-content\/uploads\/sites\/3\/2019\/05\/ef-min-24x24.png 24w, https:\/\/www.tourisme-valdemarne.com\/espace-pro\/wp-content\/uploads\/sites\/3\/2019\/05\/ef-min-48x48.png 48w, https:\/\/www.tourisme-valdemarne.com\/espace-pro\/wp-content\/uploads\/sites\/3\/2019\/05\/ef-min-96x96.png 96w, https:\/\/www.tourisme-valdemarne.com\/espace-pro\/wp-content\/uploads\/sites\/3\/2019\/05\/ef-min.png 1224w\" sizes=\"(max-width: 1200px) 100vw, 1200px\" \/><\/figure><\/div>\n\n\n<p class=\"has-text-align-center\">Emilie FILLIOT-SALOMON<br><a href=\"mailto:&#112;r&#101;&#115;se&#64;t&#111;&#117;r&#105;sme-&#118;a&#108;&#100;&#101;&#109;a&#114;&#110;e&#46;&#99;o&#109;\" target=\"_blank\" rel=\"noreferrer noopener\" aria-label=\"contacter par mail (s\u2019ouvre dans un nouvel onglet)\">contacter par mail<\/a> &#8211; 01 55 09 30 76<\/p>\n\n\n\n<p>Retrouvez aussi l&rsquo;\u00e9quipe chaque ann\u00e9e au workshop Partir en France en janvier, organis\u00e9 par ADN Tourisme.<\/p>\n\n\n\n<p class=\"is-style-highlight\">Val-de-Marne Tourisme &amp; Loisirs dispose d&rsquo;une phototh\u00e8que.<br><a rel=\"noreferrer noopener\" aria-label=\"Si vous souhaitez obtenir des visuels, merci d'adresser votre demande par mail (s\u2019ouvre dans un nouvel onglet)\" href=\"mailto:p&#114;es&#115;&#101;&#64;&#116;o&#117;r&#105;sme&#45;va&#108;d&#101;&#109;a&#114;ne&#46;&#99;om\" target=\"_blank\">Si vous souhaitez obtenir des visuels, merci d&rsquo;adresser votre demande par mail.<\/a><br><em>Pour information, les photographies ne peuvent pas \u00eatre fournies dans le cadre d&rsquo;ouvrages payants. Elles sont envoy\u00e9es uniquement dans le cadre d&rsquo;articles en lien avec le CDT du Val-de-Marne et ses actions. Merci de votre compr\u00e9hension.<\/em> <\/p>\n\n\n\n<h2 class=\"wp-block-heading\">Vos outils pour suivre les actualit\u00e9s du Val-de-Marne tout au long de l&rsquo;ann\u00e9e<\/h2>\n\n\n\n<h3 class=\"wp-block-heading\">A tout moment :<\/h3>\n\n\n\n<p>Le site web <a href=\"https:\/\/www.tourisme-valdemarne.com\/\" target=\"_blank\" rel=\"noreferrer noopener\" aria-label=\" (s\u2019ouvre dans un nouvel onglet)\">tourisme-valdemarne.com<\/a> et la boutique en ligne <a rel=\"noreferrer noopener\" aria-label=\"exploreparis.com (s\u2019ouvre dans un nouvel onglet)\" href=\"https:\/\/exploreparis.com\/fr\/\" target=\"_blank\">exploreparis.com<\/a><\/p>\n\n\n\n<h4 class=\"wp-block-heading\">L&rsquo;espace Presse<\/h4>\n\n\n\n<p>Cet espace vous est d\u00e9di\u00e9 et regroupe les derniers dossiers et communiqu\u00e9s de presse ainsi que des id\u00e9es de reportages, une pr\u00e9sentation du Val-de-Marne, des chiffres cl\u00e9s, les grands rendez-vous annuels, etc.<\/p>\n\n\n\n<h4 class=\"wp-block-heading\">L&rsquo;observatoire du tourisme<\/h4>\n\n\n\n<p><a href=\"https:\/\/www.tourisme-valdemarne.com\/espace-pro\/observatoire-du-tourisme\/\" target=\"_blank\" rel=\"noreferrer noopener\" aria-label=\"L'observatoire (s\u2019ouvre dans un nouvel onglet)\">L&rsquo;observatoire<\/a> vous permet de connaitre la fr\u00e9quentation des sites touristiques et de l&rsquo;h\u00f4tellerie dans le Val-de-Marne.<\/p>\n\n\n\n<h4 class=\"wp-block-heading\">Le site web grand public et l\u2019agenda en ligne<\/h4>\n\n\n\n<p>Val-de-Marne Tourisme &amp; Loisirs propose toute l\u2019ann\u00e9e de nombreuses id\u00e9es de sorties sur son site web <a href=\"https:\/\/www.tourisme-valdemarne.com\" target=\"_blank\" rel=\"noreferrer noopener\" aria-label=\"tourisme-valdemarne.com (s\u2019ouvre dans un nouvel onglet)\">tourisme-valdemarne.com<\/a> : balades et visites insolites en r\u00e9servation, sites incontournables, activit\u00e9s, randonn\u00e9es, agenda complet des festivals, expositions, spectacles et autres \u00e9v\u00e8nements du d\u00e9partement. <\/p>\n\n\n\n<h4 class=\"wp-block-heading\">Le blog<\/h4>\n\n\n\n<p>Pour les bons plans, les tests de visites, les partages d\u2019exp\u00e9riences, rendez-vous est donn\u00e9 directement sur <a href=\"https:\/\/www.tourisme-valdemarne.com\/blog\/\" target=\"_blank\" rel=\"noreferrer noopener\" aria-label=\"le blog tourisme-valdemarne.com\/blog  (s\u2019ouvre dans un nouvel onglet)\">le blog tourisme-valdemarne.com\/blog <\/a><\/p>\n\n\n\n<h4 class=\"wp-block-heading\">Le module randonn\u00e9e<\/h4>\n\n\n\n<p>tourisme-valdemarne.com s\u2019est dot\u00e9 d\u2019un <a href=\"https:\/\/www.tourisme-valdemarne.com\/nature-randonnees\/\" target=\"_blank\" rel=\"noreferrer noopener\">module de balades pr\u00e9sentant des circuits \u00e0 pied ou \u00e0 v\u00e9lo<\/a>, \u00e0 faire en autonomie et adapt\u00e9s \u00e0 tous les niveaux. Le long d\u2019un cours d\u2019eau, en milieu rural ou plus urbain, en milieu bois\u00e9, diff\u00e9rents parcours sont propos\u00e9s au d\u00e9part de Paris ou d\u2019un m\u00e9tro. <br>Un moteur de recherche tr\u00e8s simple d\u2019utilisation, permet de trouver imm\u00e9diatement le parcours correspondant \u00e0 ses envies, \u00e0 ses capacit\u00e9s et au temps dont on dispose.<\/p>\n\n\n\n<h4 class=\"wp-block-heading\">La boutique en ligne<\/h4>\n\n\n\n<p><a href=\"https:\/\/exploreparis.com\/fr\/\" target=\"_blank\" rel=\"noreferrer noopener\" aria-label=\"Exploreparis.com (s\u2019ouvre dans un nouvel onglet)\">Exploreparis.com<\/a> est la 1\u00e8re boutique en ligne proposant une large programmation de visites et de balades sur l\u2019ensemble du Grand Paris pour vivre des exp\u00e9riences insolites. Elle est disponible en fran\u00e7ais et en anglais. Au programme :  savoir-faire, gastronomie, activit\u00e9s au bord de l\u2019eau, visites de quartiers, balades street art, rencontre avec les habitants\u2026 <\/p>\n\n\n\n<h3 class=\"wp-block-heading\">Inspiration : la carte touristique et des loisirs<\/h3>\n\n\n\n<h4 class=\"wp-block-heading\">Une nouvelle carte touristique et des loisirs pour (re)d\u00e9couvrir le Val-de-Marne <\/h4>\n\n\n\n<div class=\"wp-block-media-text is-stacked-on-mobile\" style=\"grid-template-columns:25% auto\"><figure class=\"wp-block-media-text__media\"><img width=\"692\" height=\"1200\" data-src=\"https:\/\/www.tourisme-valdemarne.com\/espace-pro\/wp-content\/uploads\/sites\/3\/2019\/05\/couv-carte-2018-692x1200.jpg\" alt=\"Carte touristique du Val-de-Marne\" class=\"wp-image-2810 size-full\" srcset=\"https:\/\/www.tourisme-valdemarne.com\/espace-pro\/wp-content\/uploads\/sites\/3\/2019\/05\/couv-carte-2018-692x1200.jpg 692w, https:\/\/www.tourisme-valdemarne.com\/espace-pro\/wp-content\/uploads\/sites\/3\/2019\/05\/couv-carte-2018-346x600.jpg 346w, https:\/\/www.tourisme-valdemarne.com\/espace-pro\/wp-content\/uploads\/sites\/3\/2019\/05\/couv-carte-2018-519x900.jpg 519w, https:\/\/www.tourisme-valdemarne.com\/espace-pro\/wp-content\/uploads\/sites\/3\/2019\/05\/couv-carte-2018-380x659.jpg 380w, https:\/\/www.tourisme-valdemarne.com\/espace-pro\/wp-content\/uploads\/sites\/3\/2019\/05\/couv-carte-2018-200x347.jpg 200w, https:\/\/www.tourisme-valdemarne.com\/espace-pro\/wp-content\/uploads\/sites\/3\/2019\/05\/couv-carte-2018.jpg 1181w\" sizes=\"(max-width: 692px) 100vw, 692px\" \/><\/figure><div class=\"wp-block-media-text__content\">\n<p class=\"has-large-font-size\">Cette carte permet de conna\u00eetre en un coup d\u2019\u0153il les visites, balades et sorties possibles dans le Sud-Est de Paris. Sites incontournables, mus\u00e9es, patrimoine naturel, loisirs et activit\u00e9s sont localis\u00e9s sur cette carte. Nouveau \u00e9galement, les sentiers de grande randonn\u00e9e y sont repr\u00e9sent\u00e9s.<br>Pour trouver l\u2019inspiration et explorer toutes les facettes du Val-de-Marne, plusieurs th\u00e9matiques sont d\u00e9clin\u00e9es au verso de cette nouvelle carte : sorties autour de la cr\u00e9ation contemporaine, balades street art, voyages au c\u0153ur de l\u2019histoire, escapades au bord de l\u2019eau, \u00e9chapp\u00e9es dans la nature, balades et randonn\u00e9es, sorties en famille, visites insolites.<br>Carte distribu\u00e9e sur demande au public individuel et aux professionnels.<\/p>\n<\/div><\/div>\n\n\n\n<h3 class=\"wp-block-heading\">Infos en direct : les newsletters et les r\u00e9seaux sociaux<\/h3>\n\n\n\n<h4 class=\"wp-block-heading\">#MonValdeMarne<\/h4>\n\n\n\n<p>Les r\u00e9seaux sociaux pour suivre l&rsquo;actualit\u00e9 : <a aria-label=\"Instagram (s\u2019ouvre dans un nouvel onglet)\" href=\"https:\/\/www.instagram.com\/valdemarnetourisme\/\" target=\"_blank\" rel=\"noreferrer noopener\">Instagram<\/a>, <a aria-label=\"Facebook (s\u2019ouvre dans un nouvel onglet)\" href=\"https:\/\/www.facebook.com\/tourisme.valdemarne\" target=\"_blank\" rel=\"noreferrer noopener\">Facebook<\/a>, <a aria-label=\"LinkedIn (s\u2019ouvre dans un nouvel onglet)\" href=\"https:\/\/fr.linkedin.com\/company\/comit%C3%A9-d%C3%A9partemental-du-tourisme-du-val-de-marne\" target=\"_blank\" rel=\"noreferrer noopener\">LinkedIn<\/a>, <a href=\"https:\/\/www.tiktok.com\/@valdemarnetourisme\" target=\"_blank\" rel=\"noreferrer noopener\">TikTok<\/a><\/p>\n\n\n\n<h4 class=\"wp-block-heading\">Newsletters<\/h4>\n\n\n\n<p>Des newsletters pour \u00eatre inform\u00e9 avant tout le monde des prochaines visites, balades et \u00e9v\u00e8nements dans le Val-de-Marne.<\/p>\n\n\n\n<p><\/p>\n","protected":false},"excerpt":{"rendered":"<p>Le service Presse est \u00e0 votre \u00e9coute pour r\u00e9pondre \u00e0 vos demandes de renseignements, vous donner des id\u00e9es de reportage ou vous organiser un accueil de presse. Votre contact Presse privil\u00e9gi\u00e9 Pour toute demande d&rsquo;information, vous pouvez joindre : Emilie FILLIOT-SALOMONcontacter par mail &#8211; 01 55 09 30 76 Retrouvez aussi l&rsquo;\u00e9quipe chaque ann\u00e9e au [&hellip;]<\/p>\n","protected":false},"author":1,"featured_media":802,"parent":19,"menu_order":0,"comment_status":"closed","ping_status":"closed","template":"","meta":{"_relevanssi_hide_post":"","_relevanssi_hide_content":"","_relevanssi_pin_for_all":"","_relevanssi_pin_keywords":"","_relevanssi_unpin_keywords":"","_relevanssi_related_keywords":"","_relevanssi_related_include_ids":"","_relevanssi_related_exclude_ids":"","_relevanssi_related_no_append":"","_relevanssi_related_not_related":"","_relevanssi_related_posts":"8104,8108,8083,2747,8084,2741","_relevanssi_noindex_reason":"","footnotes":""},"vdmTagMarketing":[],"class_list":["post-173","page","type-page","status-publish","has-post-thumbnail","hentry"],"acf":[],"yoast_head":"<!-- This site is optimized with the Yoast SEO plugin v23.9 - https:\/\/yoast.com\/wordpress\/plugins\/seo\/ -->\n<title>Le service Presse - Espace Pro<\/title>\n<meta name=\"robots\" content=\"index, follow, max-snippet:-1, max-image-preview:large, max-video-preview:-1\" \/>\n<link rel=\"canonical\" href=\"https:\/\/www.tourisme-valdemarne.com\/espace-pro\/presse\/le-service-presse\/\" \/>\n<meta property=\"og:locale\" content=\"fr_FR\" \/>\n<meta property=\"og:type\" content=\"article\" \/>\n<meta property=\"og:title\" content=\"Le service Presse - Espace Pro\" \/>\n<meta property=\"og:description\" content=\"Le service Presse est \u00e0 votre \u00e9coute pour r\u00e9pondre \u00e0 vos demandes de renseignements, vous donner des id\u00e9es de reportage ou vous organiser un accueil de presse. Votre contact Presse privil\u00e9gi\u00e9 Pour toute demande d&rsquo;information, vous pouvez joindre : Emilie FILLIOT-SALOMONcontacter par mail &#8211; 01 55 09 30 76 Retrouvez aussi l&rsquo;\u00e9quipe chaque ann\u00e9e au [&hellip;]\" \/>\n<meta property=\"og:url\" content=\"https:\/\/www.tourisme-valdemarne.com\/espace-pro\/presse\/le-service-presse\/\" \/>\n<meta property=\"og:site_name\" content=\"Espace Pro\" \/>\n<meta property=\"article:modified_time\" content=\"2025-03-14T13:07:17+00:00\" \/>\n<meta property=\"og:image\" content=\"https:\/\/www.tourisme-valdemarne.com\/espace-pro\/wp-content\/uploads\/sites\/3\/2019\/05\/espace-presse.jpg\" \/>\n\t<meta property=\"og:image:width\" content=\"1600\" \/>\n\t<meta property=\"og:image:height\" content=\"900\" \/>\n\t<meta property=\"og:image:type\" content=\"image\/jpeg\" \/>\n<meta name=\"twitter:card\" content=\"summary_large_image\" \/>\n<meta name=\"twitter:label1\" content=\"Dur\u00e9e de lecture estim\u00e9e\" \/>\n\t<meta name=\"twitter:data1\" content=\"4 minutes\" \/>\n<script type=\"application\/ld+json\" class=\"yoast-schema-graph\">{\"@context\":\"https:\/\/schema.org\",\"@graph\":[{\"@type\":\"WebPage\",\"@id\":\"https:\/\/www.tourisme-valdemarne.com\/espace-pro\/presse\/le-service-presse\/\",\"url\":\"https:\/\/www.tourisme-valdemarne.com\/espace-pro\/presse\/le-service-presse\/\",\"name\":\"Le service Presse - Espace Pro\",\"isPartOf\":{\"@id\":\"https:\/\/www.tourisme-valdemarne.com\/espace-pro\/#website\"},\"primaryImageOfPage\":{\"@id\":\"https:\/\/www.tourisme-valdemarne.com\/espace-pro\/presse\/le-service-presse\/#primaryimage\"},\"image\":{\"@id\":\"https:\/\/www.tourisme-valdemarne.com\/espace-pro\/presse\/le-service-presse\/#primaryimage\"},\"thumbnailUrl\":\"https:\/\/www.tourisme-valdemarne.com\/espace-pro\/wp-content\/uploads\/sites\/3\/2019\/05\/espace-presse.jpg\",\"datePublished\":\"2019-04-16T14:15:22+00:00\",\"dateModified\":\"2025-03-14T13:07:17+00:00\",\"breadcrumb\":{\"@id\":\"https:\/\/www.tourisme-valdemarne.com\/espace-pro\/presse\/le-service-presse\/#breadcrumb\"},\"inLanguage\":\"fr-FR\",\"potentialAction\":[{\"@type\":\"ReadAction\",\"target\":[\"https:\/\/www.tourisme-valdemarne.com\/espace-pro\/presse\/le-service-presse\/\"]}]},{\"@type\":\"ImageObject\",\"inLanguage\":\"fr-FR\",\"@id\":\"https:\/\/www.tourisme-valdemarne.com\/espace-pro\/presse\/le-service-presse\/#primaryimage\",\"url\":\"https:\/\/www.tourisme-valdemarne.com\/espace-pro\/wp-content\/uploads\/sites\/3\/2019\/05\/espace-presse.jpg\",\"contentUrl\":\"https:\/\/www.tourisme-valdemarne.com\/espace-pro\/wp-content\/uploads\/sites\/3\/2019\/05\/espace-presse.jpg\",\"width\":1600,\"height\":900,\"caption\":\"espace presse\"},{\"@type\":\"BreadcrumbList\",\"@id\":\"https:\/\/www.tourisme-valdemarne.com\/espace-pro\/presse\/le-service-presse\/#breadcrumb\",\"itemListElement\":[{\"@type\":\"ListItem\",\"position\":1,\"name\":\"Accueil\",\"item\":\"https:\/\/www.tourisme-valdemarne.com\/espace-pro\/\"},{\"@type\":\"ListItem\",\"position\":2,\"name\":\"Presse\",\"item\":\"https:\/\/www.tourisme-valdemarne.com\/espace-pro\/presse\/\"},{\"@type\":\"ListItem\",\"position\":3,\"name\":\"Le service Presse\"}]},{\"@type\":\"WebSite\",\"@id\":\"https:\/\/www.tourisme-valdemarne.com\/espace-pro\/#website\",\"url\":\"https:\/\/www.tourisme-valdemarne.com\/espace-pro\/\",\"name\":\"Espace Pro\",\"description\":\"Informations et outils pour les professionnels et la Presse\",\"potentialAction\":[{\"@type\":\"SearchAction\",\"target\":{\"@type\":\"EntryPoint\",\"urlTemplate\":\"https:\/\/www.tourisme-valdemarne.com\/espace-pro\/?s={search_term_string}\"},\"query-input\":{\"@type\":\"PropertyValueSpecification\",\"valueRequired\":true,\"valueName\":\"search_term_string\"}}],\"inLanguage\":\"fr-FR\"}]}<\/script>\n<!-- \/ Yoast SEO plugin. -->","yoast_head_json":{"title":"Le service Presse - Espace Pro","robots":{"index":"index","follow":"follow","max-snippet":"max-snippet:-1","max-image-preview":"max-image-preview:large","max-video-preview":"max-video-preview:-1"},"canonical":"https:\/\/www.tourisme-valdemarne.com\/espace-pro\/presse\/le-service-presse\/","og_locale":"fr_FR","og_type":"article","og_title":"Le service Presse - Espace Pro","og_description":"Le service Presse est \u00e0 votre \u00e9coute pour r\u00e9pondre \u00e0 vos demandes de renseignements, vous donner des id\u00e9es de reportage ou vous organiser un accueil de presse. Votre contact Presse privil\u00e9gi\u00e9 Pour toute demande d&rsquo;information, vous pouvez joindre : Emilie FILLIOT-SALOMONcontacter par mail &#8211; 01 55 09 30 76 Retrouvez aussi l&rsquo;\u00e9quipe chaque ann\u00e9e au [&hellip;]","og_url":"https:\/\/www.tourisme-valdemarne.com\/espace-pro\/presse\/le-service-presse\/","og_site_name":"Espace Pro","article_modified_time":"2025-03-14T13:07:17+00:00","og_image":[{"width":1600,"height":900,"url":"https:\/\/www.tourisme-valdemarne.com\/espace-pro\/wp-content\/uploads\/sites\/3\/2019\/05\/espace-presse.jpg","type":"image\/jpeg"}],"twitter_card":"summary_large_image","twitter_misc":{"Dur\u00e9e de lecture estim\u00e9e":"4 minutes"},"schema":{"@context":"https:\/\/schema.org","@graph":[{"@type":"WebPage","@id":"https:\/\/www.tourisme-valdemarne.com\/espace-pro\/presse\/le-service-presse\/","url":"https:\/\/www.tourisme-valdemarne.com\/espace-pro\/presse\/le-service-presse\/","name":"Le service Presse - Espace Pro","isPartOf":{"@id":"https:\/\/www.tourisme-valdemarne.com\/espace-pro\/#website"},"primaryImageOfPage":{"@id":"https:\/\/www.tourisme-valdemarne.com\/espace-pro\/presse\/le-service-presse\/#primaryimage"},"image":{"@id":"https:\/\/www.tourisme-valdemarne.com\/espace-pro\/presse\/le-service-presse\/#primaryimage"},"thumbnailUrl":"https:\/\/www.tourisme-valdemarne.com\/espace-pro\/wp-content\/uploads\/sites\/3\/2019\/05\/espace-presse.jpg","datePublished":"2019-04-16T14:15:22+00:00","dateModified":"2025-03-14T13:07:17+00:00","breadcrumb":{"@id":"https:\/\/www.tourisme-valdemarne.com\/espace-pro\/presse\/le-service-presse\/#breadcrumb"},"inLanguage":"fr-FR","potentialAction":[{"@type":"ReadAction","target":["https:\/\/www.tourisme-valdemarne.com\/espace-pro\/presse\/le-service-presse\/"]}]},{"@type":"ImageObject","inLanguage":"fr-FR","@id":"https:\/\/www.tourisme-valdemarne.com\/espace-pro\/presse\/le-service-presse\/#primaryimage","url":"https:\/\/www.tourisme-valdemarne.com\/espace-pro\/wp-content\/uploads\/sites\/3\/2019\/05\/espace-presse.jpg","contentUrl":"https:\/\/www.tourisme-valdemarne.com\/espace-pro\/wp-content\/uploads\/sites\/3\/2019\/05\/espace-presse.jpg","width":1600,"height":900,"caption":"espace presse"},{"@type":"BreadcrumbList","@id":"https:\/\/www.tourisme-valdemarne.com\/espace-pro\/presse\/le-service-presse\/#breadcrumb","itemListElement":[{"@type":"ListItem","position":1,"name":"Accueil","item":"https:\/\/www.tourisme-valdemarne.com\/espace-pro\/"},{"@type":"ListItem","position":2,"name":"Presse","item":"https:\/\/www.tourisme-valdemarne.com\/espace-pro\/presse\/"},{"@type":"ListItem","position":3,"name":"Le service Presse"}]},{"@type":"WebSite","@id":"https:\/\/www.tourisme-valdemarne.com\/espace-pro\/#website","url":"https:\/\/www.tourisme-valdemarne.com\/espace-pro\/","name":"Espace Pro","description":"Informations et outils pour les professionnels et la Presse","potentialAction":[{"@type":"SearchAction","target":{"@type":"EntryPoint","urlTemplate":"https:\/\/www.tourisme-valdemarne.com\/espace-pro\/?s={search_term_string}"},"query-input":{"@type":"PropertyValueSpecification","valueRequired":true,"valueName":"search_term_string"}}],"inLanguage":"fr-FR"}]}},"_links":{"self":[{"href":"https:\/\/www.tourisme-valdemarne.com\/espace-pro\/wp-json\/wp\/v2\/pages\/173","targetHints":{"allow":["GET"]}}],"collection":[{"href":"https:\/\/www.tourisme-valdemarne.com\/espace-pro\/wp-json\/wp\/v2\/pages"}],"about":[{"href":"https:\/\/www.tourisme-valdemarne.com\/espace-pro\/wp-json\/wp\/v2\/types\/page"}],"author":[{"embeddable":true,"href":"https:\/\/www.tourisme-valdemarne.com\/espace-pro\/wp-json\/wp\/v2\/users\/1"}],"replies":[{"embeddable":true,"href":"https:\/\/www.tourisme-valdemarne.com\/espace-pro\/wp-json\/wp\/v2\/comments?post=173"}],"version-history":[{"count":32,"href":"https:\/\/www.tourisme-valdemarne.com\/espace-pro\/wp-json\/wp\/v2\/pages\/173\/revisions"}],"predecessor-version":[{"id":28817,"href":"https:\/\/www.tourisme-valdemarne.com\/espace-pro\/wp-json\/wp\/v2\/pages\/173\/revisions\/28817"}],"up":[{"embeddable":true,"href":"https:\/\/www.tourisme-valdemarne.com\/espace-pro\/wp-json\/wp\/v2\/pages\/19"}],"wp:featuredmedia":[{"embeddable":true,"href":"https:\/\/www.tourisme-valdemarne.com\/espace-pro\/wp-json\/wp\/v2\/media\/802"}],"wp:attachment":[{"href":"https:\/\/www.tourisme-valdemarne.com\/espace-pro\/wp-json\/wp\/v2\/media?parent=173"}],"wp:term":[{"taxonomy":"vdmTagMarketing","embeddable":true,"href":"https:\/\/www.tourisme-valdemarne.com\/espace-pro\/wp-json\/wp\/v2\/vdmTagMarketing?post=173"}],"curies":[{"name":"wp","href":"https:\/\/api.w.org\/{rel}","templated":true}]}}