{"id":171,"date":"2019-04-16T16:15:07","date_gmt":"2019-04-16T14:15:07","guid":{"rendered":"https:\/\/www.tourisme-valdemarne.com\/espace-pro\/infa"},"modified":"2019-06-05T11:28:16","modified_gmt":"2019-06-05T09:28:16","slug":"infa","status":"publish","type":"page","link":"https:\/\/www.tourisme-valdemarne.com\/espace-pro\/outils-a-votre-service\/infa\/","title":{"rendered":"INFA"},"content":{"rendered":"\n<p class=\"is-style-excerpt\">Vous \u00eates \u00e0 la recherche d&rsquo;un contrat d&rsquo;apprentissage ? C&rsquo;est \u00e0 l&rsquo;INFA qu&rsquo;il faut s&rsquo;adresser.<\/p>\n\n\n\n<p>L\u2019INFA (Institut National de Formation et d\u2019Application), situ\u00e9 \u00e0 Nogent-sur-Marne, <strong>dispense des formations r\u00e9pondant aux besoins des professionnels du Tourisme<\/strong>, depuis la cr\u00e9ation de sa fili\u00e8re en 1977.<\/p>\n\n\n\n<p>La fili\u00e8re Tourisme \u00e0 l\u2019INFA se distingue par son <strong>fort positionnement sur les dispositifs de l\u2019alternance<\/strong> marquant sa volont\u00e9 de favoriser le lien avec les professionnels et l\u2019insertion dans l\u2019emploi. <br>L\u2019INFA, membre fondateur du premier CFA des M\u00e9tiers du Tourisme en Ile de France en 2004,  propose une offre de formations diversifi\u00e9e, en <strong>contrat d\u2019apprentissage ou contrat de professionnalisation en partenariat avec une entreprise<\/strong>, ouverte \u00e0 un large public : du niveau IV au niveau I, valid\u00e9s par des dipl\u00f4mes de l\u2019Education Nationale, dipl\u00f4mes universitaires ou titres professionnels du Minist\u00e8re de l\u2019Emploi.<\/p>\n\n\n\n<p>Du <strong>Tourisme de Loisirs au Tourisme d\u2019affaires<\/strong>, l\u2019INFA a su s\u2019adapter aux \u00e9volutions du secteur. Toutes les formations sont mises en place gr\u00e2ce \u00e0 des partenariats tr\u00e8s actifs : branches professionnelles, tours op\u00e9rateurs, agences de voyages traditionnelles ou en ligne, centre d\u2019appels, centrale de r\u00e9servations, r\u00e9sidences h\u00f4teli\u00e8res, h\u00f4tels de cha\u00eenes ou ind\u00e9pendants, offices de Tourisme, institutionnels\u2026<\/p>\n\n\n\n<p>L\u2019INFA <strong>accompagne les professionnels tout au long de la d\u00e9marche de formation en alternance<\/strong> : analyse des besoins, aide au recrutement des salari\u00e9s en alternance, appui aux montages financiers et administratifs, formation des tuteurs, accompagnement et suivi individualis\u00e9 de l\u2019entreprise et du stagiaire, \u00e9valuation en fin de formation et bilan \u00e0 3 mois pour mesurer le r\u00e9sultat de la formation et l\u2019insertion professionnelle.<\/p>\n\n\n\n<div class=\"wp-block-button aligncenter is-style-download\"><a class=\"wp-block-button__link\" href=\"https:\/\/www.tourisme-valdemarne.com\/espace-pro\/wp-content\/uploads\/sites\/3\/2019\/06\/presentation-infa.pdf\">T\u00e9l\u00e9charger la pr\u00e9sentation de l&rsquo;Infa et sa formation Tourisme-H\u00f4tellerie<\/a><\/div>\n","protected":false},"excerpt":{"rendered":"<p>Vous \u00eates \u00e0 la recherche d&rsquo;un contrat d&rsquo;apprentissage ? C&rsquo;est \u00e0 l&rsquo;INFA qu&rsquo;il faut s&rsquo;adresser. L\u2019INFA (Institut National de Formation et d\u2019Application), situ\u00e9 \u00e0 Nogent-sur-Marne, dispense des formations r\u00e9pondant aux besoins des professionnels du Tourisme, depuis la cr\u00e9ation de sa fili\u00e8re en 1977. La fili\u00e8re Tourisme \u00e0 l\u2019INFA se distingue par son fort positionnement sur [&hellip;]<\/p>\n","protected":false},"author":1,"featured_media":3305,"parent":17,"menu_order":70,"comment_status":"closed","ping_status":"closed","template":"","meta":{"_relevanssi_hide_post":"","_relevanssi_hide_content":"","_relevanssi_pin_for_all":"","_relevanssi_pin_keywords":"","_relevanssi_unpin_keywords":"","_relevanssi_related_keywords":"","_relevanssi_related_include_ids":"","_relevanssi_related_exclude_ids":"","_relevanssi_related_no_append":"","_relevanssi_related_not_related":"","_relevanssi_related_posts":"","_relevanssi_noindex_reason":"","footnotes":""},"vdmTagMarketing":[],"class_list":["post-171","page","type-page","status-publish","has-post-thumbnail","hentry"],"acf":[],"yoast_head":"<!-- This site is optimized with the Yoast SEO plugin v23.9 - https:\/\/yoast.com\/wordpress\/plugins\/seo\/ -->\n<title>INFA - Espace Pro<\/title>\n<meta name=\"robots\" content=\"index, follow, max-snippet:-1, max-image-preview:large, max-video-preview:-1\" \/>\n<link rel=\"canonical\" href=\"https:\/\/www.tourisme-valdemarne.com\/espace-pro\/outils-a-votre-service\/infa\/\" \/>\n<meta property=\"og:locale\" content=\"fr_FR\" \/>\n<meta property=\"og:type\" content=\"article\" \/>\n<meta property=\"og:title\" content=\"INFA - Espace Pro\" \/>\n<meta property=\"og:description\" content=\"Vous \u00eates \u00e0 la recherche d&rsquo;un contrat d&rsquo;apprentissage ? C&rsquo;est \u00e0 l&rsquo;INFA qu&rsquo;il faut s&rsquo;adresser. L\u2019INFA (Institut National de Formation et d\u2019Application), situ\u00e9 \u00e0 Nogent-sur-Marne, dispense des formations r\u00e9pondant aux besoins des professionnels du Tourisme, depuis la cr\u00e9ation de sa fili\u00e8re en 1977. La fili\u00e8re Tourisme \u00e0 l\u2019INFA se distingue par son fort positionnement sur [&hellip;]\" \/>\n<meta property=\"og:url\" content=\"https:\/\/www.tourisme-valdemarne.com\/espace-pro\/outils-a-votre-service\/infa\/\" \/>\n<meta property=\"og:site_name\" content=\"Espace Pro\" \/>\n<meta property=\"article:modified_time\" content=\"2019-06-05T09:28:16+00:00\" \/>\n<meta property=\"og:image\" content=\"https:\/\/www.tourisme-valdemarne.com\/espace-pro\/wp-content\/uploads\/sites\/3\/2019\/06\/logo-infa.jpg\" \/>\n\t<meta property=\"og:image:width\" content=\"1607\" \/>\n\t<meta property=\"og:image:height\" content=\"1075\" \/>\n\t<meta property=\"og:image:type\" content=\"image\/jpeg\" \/>\n<meta name=\"twitter:card\" content=\"summary_large_image\" \/>\n<meta name=\"twitter:label1\" content=\"Dur\u00e9e de lecture estim\u00e9e\" \/>\n\t<meta name=\"twitter:data1\" content=\"1 minute\" \/>\n<script type=\"application\/ld+json\" class=\"yoast-schema-graph\">{\"@context\":\"https:\/\/schema.org\",\"@graph\":[{\"@type\":\"WebPage\",\"@id\":\"https:\/\/www.tourisme-valdemarne.com\/espace-pro\/outils-a-votre-service\/infa\/\",\"url\":\"https:\/\/www.tourisme-valdemarne.com\/espace-pro\/outils-a-votre-service\/infa\/\",\"name\":\"INFA - Espace Pro\",\"isPartOf\":{\"@id\":\"https:\/\/www.tourisme-valdemarne.com\/espace-pro\/#website\"},\"primaryImageOfPage\":{\"@id\":\"https:\/\/www.tourisme-valdemarne.com\/espace-pro\/outils-a-votre-service\/infa\/#primaryimage\"},\"image\":{\"@id\":\"https:\/\/www.tourisme-valdemarne.com\/espace-pro\/outils-a-votre-service\/infa\/#primaryimage\"},\"thumbnailUrl\":\"https:\/\/www.tourisme-valdemarne.com\/espace-pro\/wp-content\/uploads\/sites\/3\/2019\/06\/logo-infa.jpg\",\"datePublished\":\"2019-04-16T14:15:07+00:00\",\"dateModified\":\"2019-06-05T09:28:16+00:00\",\"breadcrumb\":{\"@id\":\"https:\/\/www.tourisme-valdemarne.com\/espace-pro\/outils-a-votre-service\/infa\/#breadcrumb\"},\"inLanguage\":\"fr-FR\",\"potentialAction\":[{\"@type\":\"ReadAction\",\"target\":[\"https:\/\/www.tourisme-valdemarne.com\/espace-pro\/outils-a-votre-service\/infa\/\"]}]},{\"@type\":\"ImageObject\",\"inLanguage\":\"fr-FR\",\"@id\":\"https:\/\/www.tourisme-valdemarne.com\/espace-pro\/outils-a-votre-service\/infa\/#primaryimage\",\"url\":\"https:\/\/www.tourisme-valdemarne.com\/espace-pro\/wp-content\/uploads\/sites\/3\/2019\/06\/logo-infa.jpg\",\"contentUrl\":\"https:\/\/www.tourisme-valdemarne.com\/espace-pro\/wp-content\/uploads\/sites\/3\/2019\/06\/logo-infa.jpg\",\"width\":1607,\"height\":1075,\"caption\":\"Logo de l'INFA\"},{\"@type\":\"BreadcrumbList\",\"@id\":\"https:\/\/www.tourisme-valdemarne.com\/espace-pro\/outils-a-votre-service\/infa\/#breadcrumb\",\"itemListElement\":[{\"@type\":\"ListItem\",\"position\":1,\"name\":\"Accueil\",\"item\":\"https:\/\/www.tourisme-valdemarne.com\/espace-pro\/\"},{\"@type\":\"ListItem\",\"position\":2,\"name\":\"Outils \u00e0 votre service\",\"item\":\"https:\/\/www.tourisme-valdemarne.com\/espace-pro\/outils-a-votre-service\/\"},{\"@type\":\"ListItem\",\"position\":3,\"name\":\"INFA\"}]},{\"@type\":\"WebSite\",\"@id\":\"https:\/\/www.tourisme-valdemarne.com\/espace-pro\/#website\",\"url\":\"https:\/\/www.tourisme-valdemarne.com\/espace-pro\/\",\"name\":\"Espace Pro\",\"description\":\"Informations et outils pour les professionnels et la Presse\",\"potentialAction\":[{\"@type\":\"SearchAction\",\"target\":{\"@type\":\"EntryPoint\",\"urlTemplate\":\"https:\/\/www.tourisme-valdemarne.com\/espace-pro\/?s={search_term_string}\"},\"query-input\":{\"@type\":\"PropertyValueSpecification\",\"valueRequired\":true,\"valueName\":\"search_term_string\"}}],\"inLanguage\":\"fr-FR\"}]}<\/script>\n<!-- \/ Yoast SEO plugin. -->","yoast_head_json":{"title":"INFA - Espace Pro","robots":{"index":"index","follow":"follow","max-snippet":"max-snippet:-1","max-image-preview":"max-image-preview:large","max-video-preview":"max-video-preview:-1"},"canonical":"https:\/\/www.tourisme-valdemarne.com\/espace-pro\/outils-a-votre-service\/infa\/","og_locale":"fr_FR","og_type":"article","og_title":"INFA - Espace Pro","og_description":"Vous \u00eates \u00e0 la recherche d&rsquo;un contrat d&rsquo;apprentissage ? C&rsquo;est \u00e0 l&rsquo;INFA qu&rsquo;il faut s&rsquo;adresser. L\u2019INFA (Institut National de Formation et d\u2019Application), situ\u00e9 \u00e0 Nogent-sur-Marne, dispense des formations r\u00e9pondant aux besoins des professionnels du Tourisme, depuis la cr\u00e9ation de sa fili\u00e8re en 1977. La fili\u00e8re Tourisme \u00e0 l\u2019INFA se distingue par son fort positionnement sur [&hellip;]","og_url":"https:\/\/www.tourisme-valdemarne.com\/espace-pro\/outils-a-votre-service\/infa\/","og_site_name":"Espace Pro","article_modified_time":"2019-06-05T09:28:16+00:00","og_image":[{"width":1607,"height":1075,"url":"https:\/\/www.tourisme-valdemarne.com\/espace-pro\/wp-content\/uploads\/sites\/3\/2019\/06\/logo-infa.jpg","type":"image\/jpeg"}],"twitter_card":"summary_large_image","twitter_misc":{"Dur\u00e9e de lecture estim\u00e9e":"1 minute"},"schema":{"@context":"https:\/\/schema.org","@graph":[{"@type":"WebPage","@id":"https:\/\/www.tourisme-valdemarne.com\/espace-pro\/outils-a-votre-service\/infa\/","url":"https:\/\/www.tourisme-valdemarne.com\/espace-pro\/outils-a-votre-service\/infa\/","name":"INFA - Espace Pro","isPartOf":{"@id":"https:\/\/www.tourisme-valdemarne.com\/espace-pro\/#website"},"primaryImageOfPage":{"@id":"https:\/\/www.tourisme-valdemarne.com\/espace-pro\/outils-a-votre-service\/infa\/#primaryimage"},"image":{"@id":"https:\/\/www.tourisme-valdemarne.com\/espace-pro\/outils-a-votre-service\/infa\/#primaryimage"},"thumbnailUrl":"https:\/\/www.tourisme-valdemarne.com\/espace-pro\/wp-content\/uploads\/sites\/3\/2019\/06\/logo-infa.jpg","datePublished":"2019-04-16T14:15:07+00:00","dateModified":"2019-06-05T09:28:16+00:00","breadcrumb":{"@id":"https:\/\/www.tourisme-valdemarne.com\/espace-pro\/outils-a-votre-service\/infa\/#breadcrumb"},"inLanguage":"fr-FR","potentialAction":[{"@type":"ReadAction","target":["https:\/\/www.tourisme-valdemarne.com\/espace-pro\/outils-a-votre-service\/infa\/"]}]},{"@type":"ImageObject","inLanguage":"fr-FR","@id":"https:\/\/www.tourisme-valdemarne.com\/espace-pro\/outils-a-votre-service\/infa\/#primaryimage","url":"https:\/\/www.tourisme-valdemarne.com\/espace-pro\/wp-content\/uploads\/sites\/3\/2019\/06\/logo-infa.jpg","contentUrl":"https:\/\/www.tourisme-valdemarne.com\/espace-pro\/wp-content\/uploads\/sites\/3\/2019\/06\/logo-infa.jpg","width":1607,"height":1075,"caption":"Logo de l'INFA"},{"@type":"BreadcrumbList","@id":"https:\/\/www.tourisme-valdemarne.com\/espace-pro\/outils-a-votre-service\/infa\/#breadcrumb","itemListElement":[{"@type":"ListItem","position":1,"name":"Accueil","item":"https:\/\/www.tourisme-valdemarne.com\/espace-pro\/"},{"@type":"ListItem","position":2,"name":"Outils \u00e0 votre service","item":"https:\/\/www.tourisme-valdemarne.com\/espace-pro\/outils-a-votre-service\/"},{"@type":"ListItem","position":3,"name":"INFA"}]},{"@type":"WebSite","@id":"https:\/\/www.tourisme-valdemarne.com\/espace-pro\/#website","url":"https:\/\/www.tourisme-valdemarne.com\/espace-pro\/","name":"Espace Pro","description":"Informations et outils pour les professionnels et la Presse","potentialAction":[{"@type":"SearchAction","target":{"@type":"EntryPoint","urlTemplate":"https:\/\/www.tourisme-valdemarne.com\/espace-pro\/?s={search_term_string}"},"query-input":{"@type":"PropertyValueSpecification","valueRequired":true,"valueName":"search_term_string"}}],"inLanguage":"fr-FR"}]}},"_links":{"self":[{"href":"https:\/\/www.tourisme-valdemarne.com\/espace-pro\/wp-json\/wp\/v2\/pages\/171","targetHints":{"allow":["GET"]}}],"collection":[{"href":"https:\/\/www.tourisme-valdemarne.com\/espace-pro\/wp-json\/wp\/v2\/pages"}],"about":[{"href":"https:\/\/www.tourisme-valdemarne.com\/espace-pro\/wp-json\/wp\/v2\/types\/page"}],"author":[{"embeddable":true,"href":"https:\/\/www.tourisme-valdemarne.com\/espace-pro\/wp-json\/wp\/v2\/users\/1"}],"replies":[{"embeddable":true,"href":"https:\/\/www.tourisme-valdemarne.com\/espace-pro\/wp-json\/wp\/v2\/comments?post=171"}],"version-history":[{"count":3,"href":"https:\/\/www.tourisme-valdemarne.com\/espace-pro\/wp-json\/wp\/v2\/pages\/171\/revisions"}],"predecessor-version":[{"id":3136,"href":"https:\/\/www.tourisme-valdemarne.com\/espace-pro\/wp-json\/wp\/v2\/pages\/171\/revisions\/3136"}],"up":[{"embeddable":true,"href":"https:\/\/www.tourisme-valdemarne.com\/espace-pro\/wp-json\/wp\/v2\/pages\/17"}],"wp:featuredmedia":[{"embeddable":true,"href":"https:\/\/www.tourisme-valdemarne.com\/espace-pro\/wp-json\/wp\/v2\/media\/3305"}],"wp:attachment":[{"href":"https:\/\/www.tourisme-valdemarne.com\/espace-pro\/wp-json\/wp\/v2\/media?parent=171"}],"wp:term":[{"taxonomy":"vdmTagMarketing","embeddable":true,"href":"https:\/\/www.tourisme-valdemarne.com\/espace-pro\/wp-json\/wp\/v2\/vdmTagMarketing?post=171"}],"curies":[{"name":"wp","href":"https:\/\/api.w.org\/{rel}","templated":true}]}}