{"id":169,"date":"2019-04-16T16:14:53","date_gmt":"2019-04-16T14:14:53","guid":{"rendered":"https:\/\/www.tourisme-valdemarne.com\/espace-pro\/cheques-vacances"},"modified":"2019-06-24T11:09:50","modified_gmt":"2019-06-24T09:09:50","slug":"cheques-vacances","status":"publish","type":"page","link":"https:\/\/www.tourisme-valdemarne.com\/espace-pro\/outils-a-votre-service\/cheques-vacances\/","title":{"rendered":"Ch\u00e8ques-vacances"},"content":{"rendered":"\n<p class=\"is-style-excerpt\">Les Ch\u00e8ques-Vacances sont des titres nominatifs, \u00e9mis par l\u2019Agence Nationale pour les Ch\u00e8ques-Vacances (ANCV) et acquis par les salari\u00e9s aupr\u00e8s de leur employeur ou Comit\u00e9 d\u2019Entreprise.<\/p>\n\n\n\n<p>Ils se pr\u00e9sentent sous forme de ch\u00e9quier avec des coupures de 10, 20, 25 et 50 euros et permettent de r\u00e9gler des d\u00e9penses relatives aux vacances et aux loisirs.<br>En 2016, 12 millions d\u2019euros de Ch\u00e8ques-Vacances ont \u00e9t\u00e9 d\u00e9pens\u00e9s dans le Val-de-Marne.<\/p>\n\n\n\n<h2 class=\"wp-block-heading\">Pourquoi accepter le Ch\u00e8que-Vacances comme moyen de paiement ? <\/h2>\n\n\n\n<p><strong>Pour attirer une nouvelle client\u00e8le<\/strong><br>10 millions de personnes (4,2 millions de b\u00e9n\u00e9ficiaires et leurs ayants droit) utilisent les Ch\u00e8ques-Vacances pour leurs loisirs. Accepter ce mode de paiement peut aussi vous permettre de d\u00e9velopper votre fr\u00e9quentation hors saison par une client\u00e8le de proximit\u00e9.<\/p>\n\n\n\n<p><strong>Pour gagner en visibilit\u00e9<\/strong><br>Vous b\u00e9n\u00e9ficiez d\u2019un r\u00e9f\u00e9rencement gratuit sur le <a rel=\"noreferrer noopener\" aria-label=\"Guide des vacances, des loisirs et du sport (s\u2019ouvre dans un nouvel onglet)\" href=\"https:\/\/guide.ancv.com\/\" target=\"_blank\">Guide des vacances, des loisirs et du sport<\/a> \u2013 outil de r\u00e9f\u00e9rence pour la recherche et l\u2019utilisation des Ch\u00e8ques-Vacances (2 millions de visiteurs par an).<\/p>\n\n\n\n<p><strong>Pour s\u00e9curiser le paiement de vos prestations<\/strong><br>Les Ch\u00e8ques-Vacances sont des coupures pr\u00e9pay\u00e9es, il n\u2019y a donc aucun risque d\u2019impay\u00e9. Con\u00e7us avec la Banque de France, ces titres sont \u00e9galement infalsifiables gr\u00e2ce \u00e0 un niveau de s\u00e9curit\u00e9 maximum.<\/p>\n\n\n\n<h2 class=\"wp-block-heading\">Comment rejoindre le r\u00e9seau Ch\u00e8que-Vacances ?<\/h2>\n\n\n\n<p>Le conventionnement est sans frais d\u2019adh\u00e9sion et se fait directement en ligne, apr\u00e8s v\u00e9rification de votre \u00e9ligibilit\u00e9. Pour cela, vous devez faire partie d\u2019une des 5 cat\u00e9gories suivantes :<\/p>\n\n\n\n<ul class=\"wp-block-list\"><li>Voyages \u2013 transports (voyagistes, office de tourisme, transport terrestre, \u2026)<\/li><li>Culture et loisirs (monuments, expos et mus\u00e9es, spectacles, structures de loisirs, parcs animaliers, \u2026)<\/li><li>H\u00e9bergement (h\u00f4tellerie, h\u00f4tellerie de plein air, logement chez l\u2019h\u00f4te, location de vacances, h\u00e9bergement insolite, club de vacances, \u2026)<\/li><li>Restauration<\/li><li>Loisirs sportifs (location de mat\u00e9riel, sports de nature, sports m\u00e9caniques, \u2026). <\/li><\/ul>\n\n\n\n<p class=\"is-style-highlight\">Devenez <a href=\"https:\/\/espace-ptl.ancv.com\/espacePrestataire\/eligibilite\" target=\"_blank\" rel=\"noreferrer noopener\" aria-label=\" (s\u2019ouvre dans un nouvel onglet)\">prestataire Ch\u00e8que-Vacances<\/a>.<\/p>\n\n\n\n<h2 class=\"wp-block-heading\">En 2019 le Ch\u00e8que-Vacances se d\u00e9mat\u00e9rialise<\/h2>\n\n\n\n<p>Une plateforme d\u2019\u00e9change (papier&lt;-&gt;d\u00e9mat\u00e9rialis\u00e9) pour garantir un acc\u00e8s au volume d\u2019affaire total de 1,6 milliard d\u2019euros quel que soit le format utilis\u00e9 par le b\u00e9n\u00e9ficiaire.<br>Une solution d\u2019acceptation \u2018\u2019ouverte\u2019\u2019 permettant diff\u00e9rents niveaux d\u2019int\u00e9gration et adaptable sur l\u2019ensemble des canaux et parcours de vente (Online, Guichet, bornes, etc..).<br>La mise \u00e0 disposition de reporting, une facilit\u00e9 de gestion et une simplification de la cha\u00eene de remboursement.<br>Une solution adapt\u00e9e aux sp\u00e9cificit\u00e9s de paiement du tourisme (request, moto, etc.).<br>Un \u2018\u2019guide en ligne\u2018\u2019 r\u00e9nov\u00e9 proposant de nouvelles fonctionnalit\u00e9s pour une visibilit\u00e9 renforc\u00e9e et qualitative.<\/p>\n\n\n\n<p>Pour obtenir davantage de renseignements, rendez-vous sur le <a href=\"http:\/\/www.ancv.com\/\" target=\"_blank\" rel=\"noreferrer noopener\" aria-label=\" (s\u2019ouvre dans un nouvel onglet)\">site officiel de l&rsquo;ANCV<\/a>.<\/p>\n","protected":false},"excerpt":{"rendered":"<p>Les Ch\u00e8ques-Vacances sont des titres nominatifs, \u00e9mis par l\u2019Agence Nationale pour les Ch\u00e8ques-Vacances (ANCV) et acquis par les salari\u00e9s aupr\u00e8s de leur employeur ou Comit\u00e9 d\u2019Entreprise. Ils se pr\u00e9sentent sous forme de ch\u00e9quier avec des coupures de 10, 20, 25 et 50 euros et permettent de r\u00e9gler des d\u00e9penses relatives aux vacances et aux loisirs.En [&hellip;]<\/p>\n","protected":false},"author":1,"featured_media":3132,"parent":17,"menu_order":60,"comment_status":"closed","ping_status":"closed","template":"","meta":{"_relevanssi_hide_post":"","_relevanssi_hide_content":"","_relevanssi_pin_for_all":"","_relevanssi_pin_keywords":"","_relevanssi_unpin_keywords":"","_relevanssi_related_keywords":"","_relevanssi_related_include_ids":"","_relevanssi_related_exclude_ids":"","_relevanssi_related_no_append":"","_relevanssi_related_not_related":"","_relevanssi_related_posts":"","_relevanssi_noindex_reason":"","footnotes":""},"vdmTagMarketing":[],"class_list":["post-169","page","type-page","status-publish","has-post-thumbnail","hentry"],"acf":[],"yoast_head":"<!-- This site is optimized with the Yoast SEO plugin v23.9 - https:\/\/yoast.com\/wordpress\/plugins\/seo\/ -->\n<title>Ch\u00e8ques-vacances - Espace Pro<\/title>\n<meta name=\"robots\" content=\"index, follow, max-snippet:-1, max-image-preview:large, max-video-preview:-1\" \/>\n<link rel=\"canonical\" href=\"https:\/\/www.tourisme-valdemarne.com\/espace-pro\/outils-a-votre-service\/cheques-vacances\/\" \/>\n<meta property=\"og:locale\" content=\"fr_FR\" \/>\n<meta property=\"og:type\" content=\"article\" \/>\n<meta property=\"og:title\" content=\"Ch\u00e8ques-vacances - Espace Pro\" \/>\n<meta property=\"og:description\" content=\"Les Ch\u00e8ques-Vacances sont des titres nominatifs, \u00e9mis par l\u2019Agence Nationale pour les Ch\u00e8ques-Vacances (ANCV) et acquis par les salari\u00e9s aupr\u00e8s de leur employeur ou Comit\u00e9 d\u2019Entreprise. Ils se pr\u00e9sentent sous forme de ch\u00e9quier avec des coupures de 10, 20, 25 et 50 euros et permettent de r\u00e9gler des d\u00e9penses relatives aux vacances et aux loisirs.En [&hellip;]\" \/>\n<meta property=\"og:url\" content=\"https:\/\/www.tourisme-valdemarne.com\/espace-pro\/outils-a-votre-service\/cheques-vacances\/\" \/>\n<meta property=\"og:site_name\" content=\"Espace Pro\" \/>\n<meta property=\"article:modified_time\" content=\"2019-06-24T09:09:50+00:00\" \/>\n<meta property=\"og:image\" content=\"https:\/\/www.tourisme-valdemarne.com\/espace-pro\/wp-content\/uploads\/sites\/3\/2019\/06\/piscine-base-loisir-creteil-enfant-cp-infographe.jpg\" \/>\n\t<meta property=\"og:image:width\" content=\"1600\" \/>\n\t<meta property=\"og:image:height\" content=\"1067\" \/>\n\t<meta property=\"og:image:type\" content=\"image\/jpeg\" \/>\n<meta name=\"twitter:card\" content=\"summary_large_image\" \/>\n<meta name=\"twitter:label1\" content=\"Dur\u00e9e de lecture estim\u00e9e\" \/>\n\t<meta name=\"twitter:data1\" content=\"2 minutes\" \/>\n<script type=\"application\/ld+json\" class=\"yoast-schema-graph\">{\"@context\":\"https:\/\/schema.org\",\"@graph\":[{\"@type\":\"WebPage\",\"@id\":\"https:\/\/www.tourisme-valdemarne.com\/espace-pro\/outils-a-votre-service\/cheques-vacances\/\",\"url\":\"https:\/\/www.tourisme-valdemarne.com\/espace-pro\/outils-a-votre-service\/cheques-vacances\/\",\"name\":\"Ch\u00e8ques-vacances - Espace Pro\",\"isPartOf\":{\"@id\":\"https:\/\/www.tourisme-valdemarne.com\/espace-pro\/#website\"},\"primaryImageOfPage\":{\"@id\":\"https:\/\/www.tourisme-valdemarne.com\/espace-pro\/outils-a-votre-service\/cheques-vacances\/#primaryimage\"},\"image\":{\"@id\":\"https:\/\/www.tourisme-valdemarne.com\/espace-pro\/outils-a-votre-service\/cheques-vacances\/#primaryimage\"},\"thumbnailUrl\":\"https:\/\/www.tourisme-valdemarne.com\/espace-pro\/wp-content\/uploads\/sites\/3\/2019\/06\/piscine-base-loisir-creteil-enfant-cp-infographe.jpg\",\"datePublished\":\"2019-04-16T14:14:53+00:00\",\"dateModified\":\"2019-06-24T09:09:50+00:00\",\"breadcrumb\":{\"@id\":\"https:\/\/www.tourisme-valdemarne.com\/espace-pro\/outils-a-votre-service\/cheques-vacances\/#breadcrumb\"},\"inLanguage\":\"fr-FR\",\"potentialAction\":[{\"@type\":\"ReadAction\",\"target\":[\"https:\/\/www.tourisme-valdemarne.com\/espace-pro\/outils-a-votre-service\/cheques-vacances\/\"]}]},{\"@type\":\"ImageObject\",\"inLanguage\":\"fr-FR\",\"@id\":\"https:\/\/www.tourisme-valdemarne.com\/espace-pro\/outils-a-votre-service\/cheques-vacances\/#primaryimage\",\"url\":\"https:\/\/www.tourisme-valdemarne.com\/espace-pro\/wp-content\/uploads\/sites\/3\/2019\/06\/piscine-base-loisir-creteil-enfant-cp-infographe.jpg\",\"contentUrl\":\"https:\/\/www.tourisme-valdemarne.com\/espace-pro\/wp-content\/uploads\/sites\/3\/2019\/06\/piscine-base-loisir-creteil-enfant-cp-infographe.jpg\",\"width\":1600,\"height\":1067,\"caption\":\"Piscine de la Base de Loisirs de Cr\u00e9teil \u00a9 CDT94\/www.photoinfographe.com\"},{\"@type\":\"BreadcrumbList\",\"@id\":\"https:\/\/www.tourisme-valdemarne.com\/espace-pro\/outils-a-votre-service\/cheques-vacances\/#breadcrumb\",\"itemListElement\":[{\"@type\":\"ListItem\",\"position\":1,\"name\":\"Accueil\",\"item\":\"https:\/\/www.tourisme-valdemarne.com\/espace-pro\/\"},{\"@type\":\"ListItem\",\"position\":2,\"name\":\"Outils \u00e0 votre service\",\"item\":\"https:\/\/www.tourisme-valdemarne.com\/espace-pro\/outils-a-votre-service\/\"},{\"@type\":\"ListItem\",\"position\":3,\"name\":\"Ch\u00e8ques-vacances\"}]},{\"@type\":\"WebSite\",\"@id\":\"https:\/\/www.tourisme-valdemarne.com\/espace-pro\/#website\",\"url\":\"https:\/\/www.tourisme-valdemarne.com\/espace-pro\/\",\"name\":\"Espace Pro\",\"description\":\"Informations et outils pour les professionnels et la Presse\",\"potentialAction\":[{\"@type\":\"SearchAction\",\"target\":{\"@type\":\"EntryPoint\",\"urlTemplate\":\"https:\/\/www.tourisme-valdemarne.com\/espace-pro\/?s={search_term_string}\"},\"query-input\":{\"@type\":\"PropertyValueSpecification\",\"valueRequired\":true,\"valueName\":\"search_term_string\"}}],\"inLanguage\":\"fr-FR\"}]}<\/script>\n<!-- \/ Yoast SEO plugin. -->","yoast_head_json":{"title":"Ch\u00e8ques-vacances - Espace Pro","robots":{"index":"index","follow":"follow","max-snippet":"max-snippet:-1","max-image-preview":"max-image-preview:large","max-video-preview":"max-video-preview:-1"},"canonical":"https:\/\/www.tourisme-valdemarne.com\/espace-pro\/outils-a-votre-service\/cheques-vacances\/","og_locale":"fr_FR","og_type":"article","og_title":"Ch\u00e8ques-vacances - Espace Pro","og_description":"Les Ch\u00e8ques-Vacances sont des titres nominatifs, \u00e9mis par l\u2019Agence Nationale pour les Ch\u00e8ques-Vacances (ANCV) et acquis par les salari\u00e9s aupr\u00e8s de leur employeur ou Comit\u00e9 d\u2019Entreprise. Ils se pr\u00e9sentent sous forme de ch\u00e9quier avec des coupures de 10, 20, 25 et 50 euros et permettent de r\u00e9gler des d\u00e9penses relatives aux vacances et aux loisirs.En [&hellip;]","og_url":"https:\/\/www.tourisme-valdemarne.com\/espace-pro\/outils-a-votre-service\/cheques-vacances\/","og_site_name":"Espace Pro","article_modified_time":"2019-06-24T09:09:50+00:00","og_image":[{"width":1600,"height":1067,"url":"https:\/\/www.tourisme-valdemarne.com\/espace-pro\/wp-content\/uploads\/sites\/3\/2019\/06\/piscine-base-loisir-creteil-enfant-cp-infographe.jpg","type":"image\/jpeg"}],"twitter_card":"summary_large_image","twitter_misc":{"Dur\u00e9e de lecture estim\u00e9e":"2 minutes"},"schema":{"@context":"https:\/\/schema.org","@graph":[{"@type":"WebPage","@id":"https:\/\/www.tourisme-valdemarne.com\/espace-pro\/outils-a-votre-service\/cheques-vacances\/","url":"https:\/\/www.tourisme-valdemarne.com\/espace-pro\/outils-a-votre-service\/cheques-vacances\/","name":"Ch\u00e8ques-vacances - Espace Pro","isPartOf":{"@id":"https:\/\/www.tourisme-valdemarne.com\/espace-pro\/#website"},"primaryImageOfPage":{"@id":"https:\/\/www.tourisme-valdemarne.com\/espace-pro\/outils-a-votre-service\/cheques-vacances\/#primaryimage"},"image":{"@id":"https:\/\/www.tourisme-valdemarne.com\/espace-pro\/outils-a-votre-service\/cheques-vacances\/#primaryimage"},"thumbnailUrl":"https:\/\/www.tourisme-valdemarne.com\/espace-pro\/wp-content\/uploads\/sites\/3\/2019\/06\/piscine-base-loisir-creteil-enfant-cp-infographe.jpg","datePublished":"2019-04-16T14:14:53+00:00","dateModified":"2019-06-24T09:09:50+00:00","breadcrumb":{"@id":"https:\/\/www.tourisme-valdemarne.com\/espace-pro\/outils-a-votre-service\/cheques-vacances\/#breadcrumb"},"inLanguage":"fr-FR","potentialAction":[{"@type":"ReadAction","target":["https:\/\/www.tourisme-valdemarne.com\/espace-pro\/outils-a-votre-service\/cheques-vacances\/"]}]},{"@type":"ImageObject","inLanguage":"fr-FR","@id":"https:\/\/www.tourisme-valdemarne.com\/espace-pro\/outils-a-votre-service\/cheques-vacances\/#primaryimage","url":"https:\/\/www.tourisme-valdemarne.com\/espace-pro\/wp-content\/uploads\/sites\/3\/2019\/06\/piscine-base-loisir-creteil-enfant-cp-infographe.jpg","contentUrl":"https:\/\/www.tourisme-valdemarne.com\/espace-pro\/wp-content\/uploads\/sites\/3\/2019\/06\/piscine-base-loisir-creteil-enfant-cp-infographe.jpg","width":1600,"height":1067,"caption":"Piscine de la Base de Loisirs de Cr\u00e9teil \u00a9 CDT94\/www.photoinfographe.com"},{"@type":"BreadcrumbList","@id":"https:\/\/www.tourisme-valdemarne.com\/espace-pro\/outils-a-votre-service\/cheques-vacances\/#breadcrumb","itemListElement":[{"@type":"ListItem","position":1,"name":"Accueil","item":"https:\/\/www.tourisme-valdemarne.com\/espace-pro\/"},{"@type":"ListItem","position":2,"name":"Outils \u00e0 votre service","item":"https:\/\/www.tourisme-valdemarne.com\/espace-pro\/outils-a-votre-service\/"},{"@type":"ListItem","position":3,"name":"Ch\u00e8ques-vacances"}]},{"@type":"WebSite","@id":"https:\/\/www.tourisme-valdemarne.com\/espace-pro\/#website","url":"https:\/\/www.tourisme-valdemarne.com\/espace-pro\/","name":"Espace Pro","description":"Informations et outils pour les professionnels et la Presse","potentialAction":[{"@type":"SearchAction","target":{"@type":"EntryPoint","urlTemplate":"https:\/\/www.tourisme-valdemarne.com\/espace-pro\/?s={search_term_string}"},"query-input":{"@type":"PropertyValueSpecification","valueRequired":true,"valueName":"search_term_string"}}],"inLanguage":"fr-FR"}]}},"_links":{"self":[{"href":"https:\/\/www.tourisme-valdemarne.com\/espace-pro\/wp-json\/wp\/v2\/pages\/169","targetHints":{"allow":["GET"]}}],"collection":[{"href":"https:\/\/www.tourisme-valdemarne.com\/espace-pro\/wp-json\/wp\/v2\/pages"}],"about":[{"href":"https:\/\/www.tourisme-valdemarne.com\/espace-pro\/wp-json\/wp\/v2\/types\/page"}],"author":[{"embeddable":true,"href":"https:\/\/www.tourisme-valdemarne.com\/espace-pro\/wp-json\/wp\/v2\/users\/1"}],"replies":[{"embeddable":true,"href":"https:\/\/www.tourisme-valdemarne.com\/espace-pro\/wp-json\/wp\/v2\/comments?post=169"}],"version-history":[{"count":4,"href":"https:\/\/www.tourisme-valdemarne.com\/espace-pro\/wp-json\/wp\/v2\/pages\/169\/revisions"}],"predecessor-version":[{"id":6389,"href":"https:\/\/www.tourisme-valdemarne.com\/espace-pro\/wp-json\/wp\/v2\/pages\/169\/revisions\/6389"}],"up":[{"embeddable":true,"href":"https:\/\/www.tourisme-valdemarne.com\/espace-pro\/wp-json\/wp\/v2\/pages\/17"}],"wp:featuredmedia":[{"embeddable":true,"href":"https:\/\/www.tourisme-valdemarne.com\/espace-pro\/wp-json\/wp\/v2\/media\/3132"}],"wp:attachment":[{"href":"https:\/\/www.tourisme-valdemarne.com\/espace-pro\/wp-json\/wp\/v2\/media?parent=169"}],"wp:term":[{"taxonomy":"vdmTagMarketing","embeddable":true,"href":"https:\/\/www.tourisme-valdemarne.com\/espace-pro\/wp-json\/wp\/v2\/vdmTagMarketing?post=169"}],"curies":[{"name":"wp","href":"https:\/\/api.w.org\/{rel}","templated":true}]}}