{"id":16628,"date":"2023-12-21T10:58:16","date_gmt":"2023-12-21T09:58:16","guid":{"rendered":"https:\/\/www.tourisme-valdemarne.com\/espace-pro\/?page_id=16628"},"modified":"2024-06-03T15:50:16","modified_gmt":"2024-06-03T13:50:16","slug":"les-perimetres-de-securite-pendant-les-jop-2024","status":"publish","type":"page","link":"https:\/\/www.tourisme-valdemarne.com\/espace-pro\/expertises-et-projets\/jeux-olympiques-et-paralympiques-paris-2024\/les-perimetres-de-securite-pendant-les-jop-2024\/","title":{"rendered":"Les p\u00e9rim\u00e8tres de s\u00e9curit\u00e9 pendant les JOP 2024"},"content":{"rendered":"\n<p>Bienvenue sur la page d\u00e9di\u00e9e aux P\u00e9rim\u00e8tres autour des Sites Olympiques et Paralympiques en 2024, dans le cadre des Jeux olympiques et paralympiques qui auront lieu respectivement du <strong>26 juillet au 11 ao\u00fbt et du 28 ao\u00fbt au 8 septembre 2024.<\/strong> La d\u00e9cision strat\u00e9gique d&rsquo;organiser ces jeux au c\u0153ur de la ville offre une occasion exceptionnelle de c\u00e9l\u00e9brer ensemble cette manifestation internationale.<\/p>\n\n\n\n<h2 class=\"wp-block-heading\">Carte de la circulation routi\u00e8re pendant les JOP<\/h2>\n\n\n\n<figure class=\"wp-block-image size-full\"><a href=\"https:\/\/www.tourisme-valdemarne.com\/espace-pro\/wp-content\/uploads\/sites\/3\/2023\/12\/carte-circulation-jop-2024-paris-zoom.png\"><img width=\"731\" height=\"312\" data-src=\"https:\/\/www.tourisme-valdemarne.com\/espace-pro\/wp-content\/uploads\/sites\/3\/2023\/12\/carte-circulation-jop-2024-paris-zoom.png\" alt=\"\" class=\"wp-image-16631\" srcset=\"https:\/\/www.tourisme-valdemarne.com\/espace-pro\/wp-content\/uploads\/sites\/3\/2023\/12\/carte-circulation-jop-2024-paris-zoom.png 731w, https:\/\/www.tourisme-valdemarne.com\/espace-pro\/wp-content\/uploads\/sites\/3\/2023\/12\/carte-circulation-jop-2024-paris-zoom-600x256.png 600w, https:\/\/www.tourisme-valdemarne.com\/espace-pro\/wp-content\/uploads\/sites\/3\/2023\/12\/carte-circulation-jop-2024-paris-zoom-380x162.png 380w, https:\/\/www.tourisme-valdemarne.com\/espace-pro\/wp-content\/uploads\/sites\/3\/2023\/12\/carte-circulation-jop-2024-paris-zoom-200x85.png 200w\" sizes=\"(max-width: 731px) 100vw, 731px\" \/><\/a><figcaption>Sites Olympiques et Paralympiques \u00e0 Paris et sa petite couronne<\/figcaption><\/figure>\n\n\n\n<h2 class=\"wp-block-heading\">Carte interactive des impacts sur les d\u00e9placements en Ile-de-France pendant les JOP 2024<\/h2>\n\n\n\n<p><a href=\"https:\/\/anticiperlesjeux.gouv.fr\/carte-interactive-impacts-deplacements-ile-france\">Retrouvez ici<\/a> tous les p\u00e9rim\u00e8tres de s\u00e9curit\u00e9 sur les routes et les pr\u00e9visions d&rsquo;affluence dans les transports en commun. Il ne s\u2019agit pas d\u2019un calculateur d\u2019itin\u00e9raire mais d&rsquo;une <strong>carte interactive<\/strong>.<\/p>\n\n\n\n<h2 class=\"wp-block-heading\">Pourquoi \u00e9laborer des p\u00e9rim\u00e8tres de s\u00e9curit\u00e9 ?<\/h2>\n\n\n\n<p>Pour faire de ces jeux une v\u00e9ritable f\u00eate, <strong>la s\u00e9curit\u00e9 des participants et des biens, ainsi que la gestion optimale des flux et de la circulation, sont des \u00e9l\u00e9ments cruciaux<\/strong>. Dans cette perspective, la Pr\u00e9fecture de Police, en collaboration \u00e9troite avec toutes les administrations de l\u2019\u00c9tat, la Ville de Paris, l&rsquo;organisateur, et les collectivit\u00e9s locales concern\u00e9es, \u0153uvre \u00e0 <strong>mettre en place des mesures de s\u00e9curit\u00e9 tout en pr\u00e9servant au maximum les activit\u00e9s sociales, \u00e9conomiques, et culturelles<\/strong>. <\/p>\n\n\n\n<p>L&rsquo;objectif partag\u00e9 est de <strong>minimiser les impacts g\u00e9n\u00e9r\u00e9s par ces mesures, en informant en amont et de mani\u00e8re transparente les riverains et les acteurs impliqu\u00e9s<\/strong>, afin de faciliter leur organisation et leur participation \u00e0 ces \u00e9v\u00e9nements exceptionnels.<\/p>\n\n\n\n<h2 class=\"wp-block-heading\">Quel impact pour les franciliens ? <\/h2>\n\n\n\n<p>Les p\u00e9rim\u00e8tres d\u00e9voil\u00e9s aujourd&rsquo;hui rev\u00eatent une importance capitale, orchestr\u00e9s dans le cadre d&rsquo;un double objectif : maintenir un niveau \u00e9lev\u00e9 de s\u00e9curit\u00e9 tout en <strong>pr\u00e9servant les activit\u00e9s et les flux pi\u00e9tons et cyclistes<\/strong>. Ces p\u00e9rim\u00e8tres agissent comme des r\u00e9gulateurs de la circulation motoris\u00e9e tout en facilitant la mobilit\u00e9 des pi\u00e9tons et des cyclistes. <\/p>\n\n\n\n<p>Les zones pi\u00e9tonnes s&rsquo;\u00e9tendront sur l&rsquo;ensemble des espaces publics, avec la n\u00e9cessit\u00e9 de se conformer aux contr\u00f4les de s\u00e9curit\u00e9 ou de respecter les points de passage d\u00e9finis pour les \u00e9preuves sur route. Les cyclistes, quant \u00e0 eux, b\u00e9n\u00e9ficieront d&rsquo;une circulation autoris\u00e9e, \u00e0 l&rsquo;exception des p\u00e9rim\u00e8tres les plus restreints, adjacents aux barri\u00e8res des sites de comp\u00e9tition. <\/p>\n\n\n\n<p>Cette communication concerne sp\u00e9cifiquement Paris, les Hauts-de-Seine, et la Seine-Saint-Denis, avec les plans d\u00e9taill\u00e9s pour les Yvelines et la Seine-et-Marne \u00e0 suivre dans les jours \u00e0 venir, \u00e9tablis sur des bases similaires et conformes aux m\u00eames principes. <\/p>\n\n\n\n<p>L&rsquo;objectif fondamental de la pr\u00e9fecture de Police et de ses partenaires est de <strong>garantir la s\u00e9curit\u00e9 des riverains, des Franciliens et des spectateurs tout au long de cet \u00e9v\u00e9nement<\/strong>, tout en soutenant la continuit\u00e9 des activit\u00e9s sociales, \u00e9conomiques, et culturelles dans des conditions optimales.<\/p>\n\n\n\n<h2 class=\"wp-block-heading\">Les diff\u00e9rents p\u00e9rim\u00e8tres <\/h2>\n\n\n\n<p>Deux cat\u00e9gories de p\u00e9rim\u00e8tres seront mis en place : le p\u00e9rim\u00e8tre \u00ab\u00a0<strong>organisateur<\/strong>\u00a0\u00bb entourant les infrastructures et le p\u00e9rim\u00e8tre \u00ab\u00a0<strong>\u00c9tat<\/strong>\u00a0\u00bb visant \u00e0 assurer la s\u00e9curit\u00e9 des riverains et des spectateurs. Le p\u00e9rim\u00e8tre \u00ab\u00a0\u00c9tat\u00a0\u00bb comprend trois cercles concentriques, <strong>le premier<\/strong> assurant la protection du site et la s\u00e9curit\u00e9 des personnes, <strong>le second<\/strong> limitant la circulation routi\u00e8re aux environs sauf d\u00e9rogation expresse, et <strong>le troisi\u00e8me<\/strong> r\u00e9glementant la circulation routi\u00e8re pour d\u00e9vier les v\u00e9hicules de passage.<\/p>\n\n\n\n<h2 class=\"wp-block-heading\">Le calendrier de la mise en place de ces p\u00e9rim\u00e8tres<\/h2>\n\n\n\n<p>Ces p\u00e9rim\u00e8tres seront actifs pendant les \u00e9preuves, avec des <strong>op\u00e9rations de montage et de d\u00e9montage pr\u00e9vues entre mars et octobre 2024 <\/strong>pour certains sites tels que l&rsquo;Ar\u00e9na de la place de la Concorde, le Trocad\u00e9ro, et le Champ de Mars. Les phases de montage auront lieu de mars \u00e0 mi-juillet, tandis que le d\u00e9montage se d\u00e9roulera de septembre \u00e0 fin octobre. Ces op\u00e9rations auront un impact sur la circulation traversant les sites concern\u00e9s, avec une mont\u00e9e en puissance progressive pouvant \u00e9ventuellement entra\u00eener une application anticip\u00e9e des p\u00e9rim\u00e8tres.<\/p>\n","protected":false},"excerpt":{"rendered":"<p>Bienvenue sur la page d\u00e9di\u00e9e aux P\u00e9rim\u00e8tres autour des Sites Olympiques et Paralympiques en 2024, dans le cadre des Jeux olympiques et paralympiques qui auront lieu respectivement du 26 juillet au 11 ao\u00fbt et du 28 ao\u00fbt au 8 septembre 2024. La d\u00e9cision strat\u00e9gique d&rsquo;organiser ces jeux au c\u0153ur de la ville offre une occasion [&hellip;]<\/p>\n","protected":false},"author":19,"featured_media":16630,"parent":15443,"menu_order":0,"comment_status":"closed","ping_status":"closed","template":"","meta":{"_relevanssi_hide_post":"","_relevanssi_hide_content":"","_relevanssi_pin_for_all":"","_relevanssi_pin_keywords":"","_relevanssi_unpin_keywords":"","_relevanssi_related_keywords":"","_relevanssi_related_include_ids":"","_relevanssi_related_exclude_ids":"","_relevanssi_related_no_append":"","_relevanssi_related_not_related":"","_relevanssi_related_posts":"8108,8074,8077,8083,8105,8101","_relevanssi_noindex_reason":"","footnotes":""},"vdmTagMarketing":[],"class_list":["post-16628","page","type-page","status-publish","has-post-thumbnail","hentry"],"acf":[],"yoast_head":"<!-- This site is optimized with the Yoast SEO plugin v23.9 - https:\/\/yoast.com\/wordpress\/plugins\/seo\/ -->\n<title>Les p\u00e9rim\u00e8tres de s\u00e9curit\u00e9 pendant les JOP 2024<\/title>\n<meta name=\"robots\" content=\"index, follow, max-snippet:-1, max-image-preview:large, max-video-preview:-1\" \/>\n<link rel=\"canonical\" href=\"https:\/\/www.tourisme-valdemarne.com\/espace-pro\/expertises-et-projets\/jeux-olympiques-et-paralympiques-paris-2024\/les-perimetres-de-securite-pendant-les-jop-2024\/\" \/>\n<meta property=\"og:locale\" content=\"fr_FR\" \/>\n<meta property=\"og:type\" content=\"article\" \/>\n<meta property=\"og:title\" content=\"Les p\u00e9rim\u00e8tres de s\u00e9curit\u00e9 pendant les JOP 2024\" \/>\n<meta property=\"og:description\" content=\"Bienvenue sur la page d\u00e9di\u00e9e aux P\u00e9rim\u00e8tres autour des Sites Olympiques et Paralympiques en 2024, dans le cadre des Jeux olympiques et paralympiques qui auront lieu respectivement du 26 juillet au 11 ao\u00fbt et du 28 ao\u00fbt au 8 septembre 2024. La d\u00e9cision strat\u00e9gique d&rsquo;organiser ces jeux au c\u0153ur de la ville offre une occasion [&hellip;]\" \/>\n<meta property=\"og:url\" content=\"https:\/\/www.tourisme-valdemarne.com\/espace-pro\/expertises-et-projets\/jeux-olympiques-et-paralympiques-paris-2024\/les-perimetres-de-securite-pendant-les-jop-2024\/\" \/>\n<meta property=\"og:site_name\" content=\"Espace Pro\" \/>\n<meta property=\"article:modified_time\" content=\"2024-06-03T13:50:16+00:00\" \/>\n<meta property=\"og:image\" content=\"https:\/\/www.tourisme-valdemarne.com\/espace-pro\/wp-content\/uploads\/sites\/3\/2023\/12\/jop-2024-paris-seine-1.png\" \/>\n\t<meta property=\"og:image:width\" content=\"589\" \/>\n\t<meta property=\"og:image:height\" content=\"809\" \/>\n\t<meta property=\"og:image:type\" content=\"image\/png\" \/>\n<meta name=\"twitter:card\" content=\"summary_large_image\" \/>\n<meta name=\"twitter:label1\" content=\"Dur\u00e9e de lecture estim\u00e9e\" \/>\n\t<meta name=\"twitter:data1\" content=\"4 minutes\" \/>\n<script type=\"application\/ld+json\" class=\"yoast-schema-graph\">{\"@context\":\"https:\/\/schema.org\",\"@graph\":[{\"@type\":\"WebPage\",\"@id\":\"https:\/\/www.tourisme-valdemarne.com\/espace-pro\/expertises-et-projets\/jeux-olympiques-et-paralympiques-paris-2024\/les-perimetres-de-securite-pendant-les-jop-2024\/\",\"url\":\"https:\/\/www.tourisme-valdemarne.com\/espace-pro\/expertises-et-projets\/jeux-olympiques-et-paralympiques-paris-2024\/les-perimetres-de-securite-pendant-les-jop-2024\/\",\"name\":\"Les p\u00e9rim\u00e8tres de s\u00e9curit\u00e9 pendant les JOP 2024\",\"isPartOf\":{\"@id\":\"https:\/\/www.tourisme-valdemarne.com\/espace-pro\/#website\"},\"primaryImageOfPage\":{\"@id\":\"https:\/\/www.tourisme-valdemarne.com\/espace-pro\/expertises-et-projets\/jeux-olympiques-et-paralympiques-paris-2024\/les-perimetres-de-securite-pendant-les-jop-2024\/#primaryimage\"},\"image\":{\"@id\":\"https:\/\/www.tourisme-valdemarne.com\/espace-pro\/expertises-et-projets\/jeux-olympiques-et-paralympiques-paris-2024\/les-perimetres-de-securite-pendant-les-jop-2024\/#primaryimage\"},\"thumbnailUrl\":\"https:\/\/www.tourisme-valdemarne.com\/espace-pro\/wp-content\/uploads\/sites\/3\/2023\/12\/jop-2024-paris-seine-1.png\",\"datePublished\":\"2023-12-21T09:58:16+00:00\",\"dateModified\":\"2024-06-03T13:50:16+00:00\",\"breadcrumb\":{\"@id\":\"https:\/\/www.tourisme-valdemarne.com\/espace-pro\/expertises-et-projets\/jeux-olympiques-et-paralympiques-paris-2024\/les-perimetres-de-securite-pendant-les-jop-2024\/#breadcrumb\"},\"inLanguage\":\"fr-FR\",\"potentialAction\":[{\"@type\":\"ReadAction\",\"target\":[\"https:\/\/www.tourisme-valdemarne.com\/espace-pro\/expertises-et-projets\/jeux-olympiques-et-paralympiques-paris-2024\/les-perimetres-de-securite-pendant-les-jop-2024\/\"]}]},{\"@type\":\"ImageObject\",\"inLanguage\":\"fr-FR\",\"@id\":\"https:\/\/www.tourisme-valdemarne.com\/espace-pro\/expertises-et-projets\/jeux-olympiques-et-paralympiques-paris-2024\/les-perimetres-de-securite-pendant-les-jop-2024\/#primaryimage\",\"url\":\"https:\/\/www.tourisme-valdemarne.com\/espace-pro\/wp-content\/uploads\/sites\/3\/2023\/12\/jop-2024-paris-seine-1.png\",\"contentUrl\":\"https:\/\/www.tourisme-valdemarne.com\/espace-pro\/wp-content\/uploads\/sites\/3\/2023\/12\/jop-2024-paris-seine-1.png\",\"width\":589,\"height\":809},{\"@type\":\"BreadcrumbList\",\"@id\":\"https:\/\/www.tourisme-valdemarne.com\/espace-pro\/expertises-et-projets\/jeux-olympiques-et-paralympiques-paris-2024\/les-perimetres-de-securite-pendant-les-jop-2024\/#breadcrumb\",\"itemListElement\":[{\"@type\":\"ListItem\",\"position\":1,\"name\":\"Accueil\",\"item\":\"https:\/\/www.tourisme-valdemarne.com\/espace-pro\/\"},{\"@type\":\"ListItem\",\"position\":2,\"name\":\"Expertises et projets\",\"item\":\"https:\/\/www.tourisme-valdemarne.com\/espace-pro\/expertises-et-projets\/\"},{\"@type\":\"ListItem\",\"position\":3,\"name\":\"Jeux Olympiques et Paralympiques de Paris 2024\",\"item\":\"https:\/\/www.tourisme-valdemarne.com\/espace-pro\/expertises-et-projets\/jeux-olympiques-et-paralympiques-paris-2024\/\"},{\"@type\":\"ListItem\",\"position\":4,\"name\":\"Les p\u00e9rim\u00e8tres de s\u00e9curit\u00e9 pendant les JOP 2024\"}]},{\"@type\":\"WebSite\",\"@id\":\"https:\/\/www.tourisme-valdemarne.com\/espace-pro\/#website\",\"url\":\"https:\/\/www.tourisme-valdemarne.com\/espace-pro\/\",\"name\":\"Espace Pro\",\"description\":\"Informations et outils pour les professionnels et la Presse\",\"potentialAction\":[{\"@type\":\"SearchAction\",\"target\":{\"@type\":\"EntryPoint\",\"urlTemplate\":\"https:\/\/www.tourisme-valdemarne.com\/espace-pro\/?s={search_term_string}\"},\"query-input\":{\"@type\":\"PropertyValueSpecification\",\"valueRequired\":true,\"valueName\":\"search_term_string\"}}],\"inLanguage\":\"fr-FR\"}]}<\/script>\n<!-- \/ Yoast SEO plugin. -->","yoast_head_json":{"title":"Les p\u00e9rim\u00e8tres de s\u00e9curit\u00e9 pendant les JOP 2024","robots":{"index":"index","follow":"follow","max-snippet":"max-snippet:-1","max-image-preview":"max-image-preview:large","max-video-preview":"max-video-preview:-1"},"canonical":"https:\/\/www.tourisme-valdemarne.com\/espace-pro\/expertises-et-projets\/jeux-olympiques-et-paralympiques-paris-2024\/les-perimetres-de-securite-pendant-les-jop-2024\/","og_locale":"fr_FR","og_type":"article","og_title":"Les p\u00e9rim\u00e8tres de s\u00e9curit\u00e9 pendant les JOP 2024","og_description":"Bienvenue sur la page d\u00e9di\u00e9e aux P\u00e9rim\u00e8tres autour des Sites Olympiques et Paralympiques en 2024, dans le cadre des Jeux olympiques et paralympiques qui auront lieu respectivement du 26 juillet au 11 ao\u00fbt et du 28 ao\u00fbt au 8 septembre 2024. La d\u00e9cision strat\u00e9gique d&rsquo;organiser ces jeux au c\u0153ur de la ville offre une occasion [&hellip;]","og_url":"https:\/\/www.tourisme-valdemarne.com\/espace-pro\/expertises-et-projets\/jeux-olympiques-et-paralympiques-paris-2024\/les-perimetres-de-securite-pendant-les-jop-2024\/","og_site_name":"Espace Pro","article_modified_time":"2024-06-03T13:50:16+00:00","og_image":[{"width":589,"height":809,"url":"https:\/\/www.tourisme-valdemarne.com\/espace-pro\/wp-content\/uploads\/sites\/3\/2023\/12\/jop-2024-paris-seine-1.png","type":"image\/png"}],"twitter_card":"summary_large_image","twitter_misc":{"Dur\u00e9e de lecture estim\u00e9e":"4 minutes"},"schema":{"@context":"https:\/\/schema.org","@graph":[{"@type":"WebPage","@id":"https:\/\/www.tourisme-valdemarne.com\/espace-pro\/expertises-et-projets\/jeux-olympiques-et-paralympiques-paris-2024\/les-perimetres-de-securite-pendant-les-jop-2024\/","url":"https:\/\/www.tourisme-valdemarne.com\/espace-pro\/expertises-et-projets\/jeux-olympiques-et-paralympiques-paris-2024\/les-perimetres-de-securite-pendant-les-jop-2024\/","name":"Les p\u00e9rim\u00e8tres de s\u00e9curit\u00e9 pendant les JOP 2024","isPartOf":{"@id":"https:\/\/www.tourisme-valdemarne.com\/espace-pro\/#website"},"primaryImageOfPage":{"@id":"https:\/\/www.tourisme-valdemarne.com\/espace-pro\/expertises-et-projets\/jeux-olympiques-et-paralympiques-paris-2024\/les-perimetres-de-securite-pendant-les-jop-2024\/#primaryimage"},"image":{"@id":"https:\/\/www.tourisme-valdemarne.com\/espace-pro\/expertises-et-projets\/jeux-olympiques-et-paralympiques-paris-2024\/les-perimetres-de-securite-pendant-les-jop-2024\/#primaryimage"},"thumbnailUrl":"https:\/\/www.tourisme-valdemarne.com\/espace-pro\/wp-content\/uploads\/sites\/3\/2023\/12\/jop-2024-paris-seine-1.png","datePublished":"2023-12-21T09:58:16+00:00","dateModified":"2024-06-03T13:50:16+00:00","breadcrumb":{"@id":"https:\/\/www.tourisme-valdemarne.com\/espace-pro\/expertises-et-projets\/jeux-olympiques-et-paralympiques-paris-2024\/les-perimetres-de-securite-pendant-les-jop-2024\/#breadcrumb"},"inLanguage":"fr-FR","potentialAction":[{"@type":"ReadAction","target":["https:\/\/www.tourisme-valdemarne.com\/espace-pro\/expertises-et-projets\/jeux-olympiques-et-paralympiques-paris-2024\/les-perimetres-de-securite-pendant-les-jop-2024\/"]}]},{"@type":"ImageObject","inLanguage":"fr-FR","@id":"https:\/\/www.tourisme-valdemarne.com\/espace-pro\/expertises-et-projets\/jeux-olympiques-et-paralympiques-paris-2024\/les-perimetres-de-securite-pendant-les-jop-2024\/#primaryimage","url":"https:\/\/www.tourisme-valdemarne.com\/espace-pro\/wp-content\/uploads\/sites\/3\/2023\/12\/jop-2024-paris-seine-1.png","contentUrl":"https:\/\/www.tourisme-valdemarne.com\/espace-pro\/wp-content\/uploads\/sites\/3\/2023\/12\/jop-2024-paris-seine-1.png","width":589,"height":809},{"@type":"BreadcrumbList","@id":"https:\/\/www.tourisme-valdemarne.com\/espace-pro\/expertises-et-projets\/jeux-olympiques-et-paralympiques-paris-2024\/les-perimetres-de-securite-pendant-les-jop-2024\/#breadcrumb","itemListElement":[{"@type":"ListItem","position":1,"name":"Accueil","item":"https:\/\/www.tourisme-valdemarne.com\/espace-pro\/"},{"@type":"ListItem","position":2,"name":"Expertises et projets","item":"https:\/\/www.tourisme-valdemarne.com\/espace-pro\/expertises-et-projets\/"},{"@type":"ListItem","position":3,"name":"Jeux Olympiques et Paralympiques de Paris 2024","item":"https:\/\/www.tourisme-valdemarne.com\/espace-pro\/expertises-et-projets\/jeux-olympiques-et-paralympiques-paris-2024\/"},{"@type":"ListItem","position":4,"name":"Les p\u00e9rim\u00e8tres de s\u00e9curit\u00e9 pendant les JOP 2024"}]},{"@type":"WebSite","@id":"https:\/\/www.tourisme-valdemarne.com\/espace-pro\/#website","url":"https:\/\/www.tourisme-valdemarne.com\/espace-pro\/","name":"Espace Pro","description":"Informations et outils pour les professionnels et la Presse","potentialAction":[{"@type":"SearchAction","target":{"@type":"EntryPoint","urlTemplate":"https:\/\/www.tourisme-valdemarne.com\/espace-pro\/?s={search_term_string}"},"query-input":{"@type":"PropertyValueSpecification","valueRequired":true,"valueName":"search_term_string"}}],"inLanguage":"fr-FR"}]}},"_links":{"self":[{"href":"https:\/\/www.tourisme-valdemarne.com\/espace-pro\/wp-json\/wp\/v2\/pages\/16628","targetHints":{"allow":["GET"]}}],"collection":[{"href":"https:\/\/www.tourisme-valdemarne.com\/espace-pro\/wp-json\/wp\/v2\/pages"}],"about":[{"href":"https:\/\/www.tourisme-valdemarne.com\/espace-pro\/wp-json\/wp\/v2\/types\/page"}],"author":[{"embeddable":true,"href":"https:\/\/www.tourisme-valdemarne.com\/espace-pro\/wp-json\/wp\/v2\/users\/19"}],"replies":[{"embeddable":true,"href":"https:\/\/www.tourisme-valdemarne.com\/espace-pro\/wp-json\/wp\/v2\/comments?post=16628"}],"version-history":[{"count":3,"href":"https:\/\/www.tourisme-valdemarne.com\/espace-pro\/wp-json\/wp\/v2\/pages\/16628\/revisions"}],"predecessor-version":[{"id":27208,"href":"https:\/\/www.tourisme-valdemarne.com\/espace-pro\/wp-json\/wp\/v2\/pages\/16628\/revisions\/27208"}],"up":[{"embeddable":true,"href":"https:\/\/www.tourisme-valdemarne.com\/espace-pro\/wp-json\/wp\/v2\/pages\/15443"}],"wp:featuredmedia":[{"embeddable":true,"href":"https:\/\/www.tourisme-valdemarne.com\/espace-pro\/wp-json\/wp\/v2\/media\/16630"}],"wp:attachment":[{"href":"https:\/\/www.tourisme-valdemarne.com\/espace-pro\/wp-json\/wp\/v2\/media?parent=16628"}],"wp:term":[{"taxonomy":"vdmTagMarketing","embeddable":true,"href":"https:\/\/www.tourisme-valdemarne.com\/espace-pro\/wp-json\/wp\/v2\/vdmTagMarketing?post=16628"}],"curies":[{"name":"wp","href":"https:\/\/api.w.org\/{rel}","templated":true}]}}