{"id":16593,"date":"2023-12-14T15:00:35","date_gmt":"2023-12-14T14:00:35","guid":{"rendered":"https:\/\/www.tourisme-valdemarne.com\/espace-pro\/?page_id=16593"},"modified":"2023-12-19T11:48:11","modified_gmt":"2023-12-19T10:48:11","slug":"olympiades-culturelles","status":"publish","type":"page","link":"https:\/\/www.tourisme-valdemarne.com\/espace-pro\/expertises-et-projets\/jeux-olympiques-et-paralympiques-paris-2024\/olympiades-culturelles\/","title":{"rendered":"Olympiades Culturelles"},"content":{"rendered":"\n<h2 class=\"wp-block-heading\">L\u2019OLYMPIADE CULTURELLE DE PARIS 2024 : UN PONT ENTRE L\u2019ART ET LE SPORT<\/h2>\n\n\n\n<p>\u00c0 l\u2019occasion des Jeux Olympiques et Paralympiques de Paris 2024, le CIO a mis en place le programme&nbsp;<a href=\"https:\/\/www.paris2024.org\/fr\/olympiade-culturelle\/\" target=\"_blank\" rel=\"noreferrer noopener\">Olympiade Culturelle<\/a>, permettant \u00e0 la France de faire dialoguer sport et culture sur tout son territoire.<\/p>\n\n\n\n<p>L\u2019Olympiade Culturelle lance des appels \u00e0 projets et \u00e0 participations ouverts \u00e0 toutes les disciplines culturelles et artistiques, et lab\u00e9lise les projets respectant les crit\u00e8res d\u2019attribution.<a href=\"https:\/\/www.tourisme-valdemarne.com\/espace-pro\/wp-content\/uploads\/sites\/3\/2023\/06\/artistes-presentation-externe-olympiade-culturelle-.pdf\" target=\"_blank\" rel=\"noreferrer noopener\">D\u00c9COUVREZ L\u2019OLYMPIADE CULTURELLE DE PARIS 2024<\/a><\/p>\n\n\n\n<p>Paris 2024 encourage les artistes, compagnies, associations, collectivit\u00e9s, institutions culturelles ou encore acteurs du mouvement sportif \u00e0 postuler pour faire partie de cette programmation culturelle in\u00e9dite.<a href=\"https:\/\/sharing.oodrive.com\/share-access\/sharings\/NkoXk13C.LlLkl6Lj#\/filer\/share-access\" target=\"_blank\" rel=\"noreferrer noopener\">T\u00c9L\u00c9CHARGEZ LE KIT D\u2019APPEL \u00c0 PARTICIPATION<\/a><\/p>\n","protected":false},"excerpt":{"rendered":"<p>L\u2019OLYMPIADE CULTURELLE DE PARIS 2024 : UN PONT ENTRE L\u2019ART ET LE SPORT \u00c0 l\u2019occasion des Jeux Olympiques et Paralympiques de Paris 2024, le CIO a mis en place le programme&nbsp;Olympiade Culturelle, permettant \u00e0 la France de faire dialoguer sport et culture sur tout son territoire. L\u2019Olympiade Culturelle lance des appels \u00e0 projets et \u00e0 [&hellip;]<\/p>\n","protected":false},"author":19,"featured_media":16618,"parent":15443,"menu_order":0,"comment_status":"closed","ping_status":"closed","template":"","meta":{"_relevanssi_hide_post":"","_relevanssi_hide_content":"","_relevanssi_pin_for_all":"","_relevanssi_pin_keywords":"","_relevanssi_unpin_keywords":"","_relevanssi_related_keywords":"","_relevanssi_related_include_ids":"","_relevanssi_related_exclude_ids":"","_relevanssi_related_no_append":"","_relevanssi_related_not_related":"","_relevanssi_related_posts":"2745,8077,8090,8074,2747,8104","_relevanssi_noindex_reason":"","footnotes":""},"vdmTagMarketing":[],"class_list":["post-16593","page","type-page","status-publish","has-post-thumbnail","hentry"],"acf":[],"yoast_head":"<!-- This site is optimized with the Yoast SEO plugin v23.9 - https:\/\/yoast.com\/wordpress\/plugins\/seo\/ -->\n<title>Olympiades Culturelles - Espace Pro<\/title>\n<meta name=\"robots\" content=\"index, follow, max-snippet:-1, max-image-preview:large, max-video-preview:-1\" \/>\n<link rel=\"canonical\" href=\"https:\/\/www.tourisme-valdemarne.com\/espace-pro\/expertises-et-projets\/jeux-olympiques-et-paralympiques-paris-2024\/olympiades-culturelles\/\" \/>\n<meta property=\"og:locale\" content=\"fr_FR\" \/>\n<meta property=\"og:type\" content=\"article\" \/>\n<meta property=\"og:title\" content=\"Olympiades Culturelles - Espace Pro\" \/>\n<meta property=\"og:description\" content=\"L\u2019OLYMPIADE CULTURELLE DE PARIS 2024 : UN PONT ENTRE L\u2019ART ET LE SPORT \u00c0 l\u2019occasion des Jeux Olympiques et Paralympiques de Paris 2024, le CIO a mis en place le programme&nbsp;Olympiade Culturelle, permettant \u00e0 la France de faire dialoguer sport et culture sur tout son territoire. L\u2019Olympiade Culturelle lance des appels \u00e0 projets et \u00e0 [&hellip;]\" \/>\n<meta property=\"og:url\" content=\"https:\/\/www.tourisme-valdemarne.com\/espace-pro\/expertises-et-projets\/jeux-olympiques-et-paralympiques-paris-2024\/olympiades-culturelles\/\" \/>\n<meta property=\"og:site_name\" content=\"Espace Pro\" \/>\n<meta property=\"article:modified_time\" content=\"2023-12-19T10:48:11+00:00\" \/>\n<meta property=\"og:image\" content=\"https:\/\/www.tourisme-valdemarne.com\/espace-pro\/wp-content\/uploads\/sites\/3\/2023\/12\/oc_id_rvb_label_poly.png\" \/>\n\t<meta property=\"og:image:width\" content=\"1131\" \/>\n\t<meta property=\"og:image:height\" content=\"1131\" \/>\n\t<meta property=\"og:image:type\" content=\"image\/png\" \/>\n<meta name=\"twitter:card\" content=\"summary_large_image\" \/>\n<meta name=\"twitter:label1\" content=\"Dur\u00e9e de lecture estim\u00e9e\" \/>\n\t<meta name=\"twitter:data1\" content=\"1 minute\" \/>\n<script type=\"application\/ld+json\" class=\"yoast-schema-graph\">{\"@context\":\"https:\/\/schema.org\",\"@graph\":[{\"@type\":\"WebPage\",\"@id\":\"https:\/\/www.tourisme-valdemarne.com\/espace-pro\/expertises-et-projets\/jeux-olympiques-et-paralympiques-paris-2024\/olympiades-culturelles\/\",\"url\":\"https:\/\/www.tourisme-valdemarne.com\/espace-pro\/expertises-et-projets\/jeux-olympiques-et-paralympiques-paris-2024\/olympiades-culturelles\/\",\"name\":\"Olympiades Culturelles - Espace Pro\",\"isPartOf\":{\"@id\":\"https:\/\/www.tourisme-valdemarne.com\/espace-pro\/#website\"},\"primaryImageOfPage\":{\"@id\":\"https:\/\/www.tourisme-valdemarne.com\/espace-pro\/expertises-et-projets\/jeux-olympiques-et-paralympiques-paris-2024\/olympiades-culturelles\/#primaryimage\"},\"image\":{\"@id\":\"https:\/\/www.tourisme-valdemarne.com\/espace-pro\/expertises-et-projets\/jeux-olympiques-et-paralympiques-paris-2024\/olympiades-culturelles\/#primaryimage\"},\"thumbnailUrl\":\"https:\/\/www.tourisme-valdemarne.com\/espace-pro\/wp-content\/uploads\/sites\/3\/2023\/12\/oc_id_rvb_label_poly.png\",\"datePublished\":\"2023-12-14T14:00:35+00:00\",\"dateModified\":\"2023-12-19T10:48:11+00:00\",\"breadcrumb\":{\"@id\":\"https:\/\/www.tourisme-valdemarne.com\/espace-pro\/expertises-et-projets\/jeux-olympiques-et-paralympiques-paris-2024\/olympiades-culturelles\/#breadcrumb\"},\"inLanguage\":\"fr-FR\",\"potentialAction\":[{\"@type\":\"ReadAction\",\"target\":[\"https:\/\/www.tourisme-valdemarne.com\/espace-pro\/expertises-et-projets\/jeux-olympiques-et-paralympiques-paris-2024\/olympiades-culturelles\/\"]}]},{\"@type\":\"ImageObject\",\"inLanguage\":\"fr-FR\",\"@id\":\"https:\/\/www.tourisme-valdemarne.com\/espace-pro\/expertises-et-projets\/jeux-olympiques-et-paralympiques-paris-2024\/olympiades-culturelles\/#primaryimage\",\"url\":\"https:\/\/www.tourisme-valdemarne.com\/espace-pro\/wp-content\/uploads\/sites\/3\/2023\/12\/oc_id_rvb_label_poly.png\",\"contentUrl\":\"https:\/\/www.tourisme-valdemarne.com\/espace-pro\/wp-content\/uploads\/sites\/3\/2023\/12\/oc_id_rvb_label_poly.png\",\"width\":1131,\"height\":1131},{\"@type\":\"BreadcrumbList\",\"@id\":\"https:\/\/www.tourisme-valdemarne.com\/espace-pro\/expertises-et-projets\/jeux-olympiques-et-paralympiques-paris-2024\/olympiades-culturelles\/#breadcrumb\",\"itemListElement\":[{\"@type\":\"ListItem\",\"position\":1,\"name\":\"Accueil\",\"item\":\"https:\/\/www.tourisme-valdemarne.com\/espace-pro\/\"},{\"@type\":\"ListItem\",\"position\":2,\"name\":\"Expertises et projets\",\"item\":\"https:\/\/www.tourisme-valdemarne.com\/espace-pro\/expertises-et-projets\/\"},{\"@type\":\"ListItem\",\"position\":3,\"name\":\"Jeux Olympiques et Paralympiques de Paris 2024\",\"item\":\"https:\/\/www.tourisme-valdemarne.com\/espace-pro\/expertises-et-projets\/jeux-olympiques-et-paralympiques-paris-2024\/\"},{\"@type\":\"ListItem\",\"position\":4,\"name\":\"Olympiades Culturelles\"}]},{\"@type\":\"WebSite\",\"@id\":\"https:\/\/www.tourisme-valdemarne.com\/espace-pro\/#website\",\"url\":\"https:\/\/www.tourisme-valdemarne.com\/espace-pro\/\",\"name\":\"Espace Pro\",\"description\":\"Informations et outils pour les professionnels et la Presse\",\"potentialAction\":[{\"@type\":\"SearchAction\",\"target\":{\"@type\":\"EntryPoint\",\"urlTemplate\":\"https:\/\/www.tourisme-valdemarne.com\/espace-pro\/?s={search_term_string}\"},\"query-input\":{\"@type\":\"PropertyValueSpecification\",\"valueRequired\":true,\"valueName\":\"search_term_string\"}}],\"inLanguage\":\"fr-FR\"}]}<\/script>\n<!-- \/ Yoast SEO plugin. -->","yoast_head_json":{"title":"Olympiades Culturelles - Espace Pro","robots":{"index":"index","follow":"follow","max-snippet":"max-snippet:-1","max-image-preview":"max-image-preview:large","max-video-preview":"max-video-preview:-1"},"canonical":"https:\/\/www.tourisme-valdemarne.com\/espace-pro\/expertises-et-projets\/jeux-olympiques-et-paralympiques-paris-2024\/olympiades-culturelles\/","og_locale":"fr_FR","og_type":"article","og_title":"Olympiades Culturelles - Espace Pro","og_description":"L\u2019OLYMPIADE CULTURELLE DE PARIS 2024 : UN PONT ENTRE L\u2019ART ET LE SPORT \u00c0 l\u2019occasion des Jeux Olympiques et Paralympiques de Paris 2024, le CIO a mis en place le programme&nbsp;Olympiade Culturelle, permettant \u00e0 la France de faire dialoguer sport et culture sur tout son territoire. L\u2019Olympiade Culturelle lance des appels \u00e0 projets et \u00e0 [&hellip;]","og_url":"https:\/\/www.tourisme-valdemarne.com\/espace-pro\/expertises-et-projets\/jeux-olympiques-et-paralympiques-paris-2024\/olympiades-culturelles\/","og_site_name":"Espace Pro","article_modified_time":"2023-12-19T10:48:11+00:00","og_image":[{"width":1131,"height":1131,"url":"https:\/\/www.tourisme-valdemarne.com\/espace-pro\/wp-content\/uploads\/sites\/3\/2023\/12\/oc_id_rvb_label_poly.png","type":"image\/png"}],"twitter_card":"summary_large_image","twitter_misc":{"Dur\u00e9e de lecture estim\u00e9e":"1 minute"},"schema":{"@context":"https:\/\/schema.org","@graph":[{"@type":"WebPage","@id":"https:\/\/www.tourisme-valdemarne.com\/espace-pro\/expertises-et-projets\/jeux-olympiques-et-paralympiques-paris-2024\/olympiades-culturelles\/","url":"https:\/\/www.tourisme-valdemarne.com\/espace-pro\/expertises-et-projets\/jeux-olympiques-et-paralympiques-paris-2024\/olympiades-culturelles\/","name":"Olympiades Culturelles - Espace Pro","isPartOf":{"@id":"https:\/\/www.tourisme-valdemarne.com\/espace-pro\/#website"},"primaryImageOfPage":{"@id":"https:\/\/www.tourisme-valdemarne.com\/espace-pro\/expertises-et-projets\/jeux-olympiques-et-paralympiques-paris-2024\/olympiades-culturelles\/#primaryimage"},"image":{"@id":"https:\/\/www.tourisme-valdemarne.com\/espace-pro\/expertises-et-projets\/jeux-olympiques-et-paralympiques-paris-2024\/olympiades-culturelles\/#primaryimage"},"thumbnailUrl":"https:\/\/www.tourisme-valdemarne.com\/espace-pro\/wp-content\/uploads\/sites\/3\/2023\/12\/oc_id_rvb_label_poly.png","datePublished":"2023-12-14T14:00:35+00:00","dateModified":"2023-12-19T10:48:11+00:00","breadcrumb":{"@id":"https:\/\/www.tourisme-valdemarne.com\/espace-pro\/expertises-et-projets\/jeux-olympiques-et-paralympiques-paris-2024\/olympiades-culturelles\/#breadcrumb"},"inLanguage":"fr-FR","potentialAction":[{"@type":"ReadAction","target":["https:\/\/www.tourisme-valdemarne.com\/espace-pro\/expertises-et-projets\/jeux-olympiques-et-paralympiques-paris-2024\/olympiades-culturelles\/"]}]},{"@type":"ImageObject","inLanguage":"fr-FR","@id":"https:\/\/www.tourisme-valdemarne.com\/espace-pro\/expertises-et-projets\/jeux-olympiques-et-paralympiques-paris-2024\/olympiades-culturelles\/#primaryimage","url":"https:\/\/www.tourisme-valdemarne.com\/espace-pro\/wp-content\/uploads\/sites\/3\/2023\/12\/oc_id_rvb_label_poly.png","contentUrl":"https:\/\/www.tourisme-valdemarne.com\/espace-pro\/wp-content\/uploads\/sites\/3\/2023\/12\/oc_id_rvb_label_poly.png","width":1131,"height":1131},{"@type":"BreadcrumbList","@id":"https:\/\/www.tourisme-valdemarne.com\/espace-pro\/expertises-et-projets\/jeux-olympiques-et-paralympiques-paris-2024\/olympiades-culturelles\/#breadcrumb","itemListElement":[{"@type":"ListItem","position":1,"name":"Accueil","item":"https:\/\/www.tourisme-valdemarne.com\/espace-pro\/"},{"@type":"ListItem","position":2,"name":"Expertises et projets","item":"https:\/\/www.tourisme-valdemarne.com\/espace-pro\/expertises-et-projets\/"},{"@type":"ListItem","position":3,"name":"Jeux Olympiques et Paralympiques de Paris 2024","item":"https:\/\/www.tourisme-valdemarne.com\/espace-pro\/expertises-et-projets\/jeux-olympiques-et-paralympiques-paris-2024\/"},{"@type":"ListItem","position":4,"name":"Olympiades Culturelles"}]},{"@type":"WebSite","@id":"https:\/\/www.tourisme-valdemarne.com\/espace-pro\/#website","url":"https:\/\/www.tourisme-valdemarne.com\/espace-pro\/","name":"Espace Pro","description":"Informations et outils pour les professionnels et la Presse","potentialAction":[{"@type":"SearchAction","target":{"@type":"EntryPoint","urlTemplate":"https:\/\/www.tourisme-valdemarne.com\/espace-pro\/?s={search_term_string}"},"query-input":{"@type":"PropertyValueSpecification","valueRequired":true,"valueName":"search_term_string"}}],"inLanguage":"fr-FR"}]}},"_links":{"self":[{"href":"https:\/\/www.tourisme-valdemarne.com\/espace-pro\/wp-json\/wp\/v2\/pages\/16593","targetHints":{"allow":["GET"]}}],"collection":[{"href":"https:\/\/www.tourisme-valdemarne.com\/espace-pro\/wp-json\/wp\/v2\/pages"}],"about":[{"href":"https:\/\/www.tourisme-valdemarne.com\/espace-pro\/wp-json\/wp\/v2\/types\/page"}],"author":[{"embeddable":true,"href":"https:\/\/www.tourisme-valdemarne.com\/espace-pro\/wp-json\/wp\/v2\/users\/19"}],"replies":[{"embeddable":true,"href":"https:\/\/www.tourisme-valdemarne.com\/espace-pro\/wp-json\/wp\/v2\/comments?post=16593"}],"version-history":[{"count":1,"href":"https:\/\/www.tourisme-valdemarne.com\/espace-pro\/wp-json\/wp\/v2\/pages\/16593\/revisions"}],"predecessor-version":[{"id":16594,"href":"https:\/\/www.tourisme-valdemarne.com\/espace-pro\/wp-json\/wp\/v2\/pages\/16593\/revisions\/16594"}],"up":[{"embeddable":true,"href":"https:\/\/www.tourisme-valdemarne.com\/espace-pro\/wp-json\/wp\/v2\/pages\/15443"}],"wp:featuredmedia":[{"embeddable":true,"href":"https:\/\/www.tourisme-valdemarne.com\/espace-pro\/wp-json\/wp\/v2\/media\/16618"}],"wp:attachment":[{"href":"https:\/\/www.tourisme-valdemarne.com\/espace-pro\/wp-json\/wp\/v2\/media?parent=16593"}],"wp:term":[{"taxonomy":"vdmTagMarketing","embeddable":true,"href":"https:\/\/www.tourisme-valdemarne.com\/espace-pro\/wp-json\/wp\/v2\/vdmTagMarketing?post=16593"}],"curies":[{"name":"wp","href":"https:\/\/api.w.org\/{rel}","templated":true}]}}