{"id":16482,"date":"2023-11-23T11:07:53","date_gmt":"2023-11-23T10:07:53","guid":{"rendered":"https:\/\/www.tourisme-valdemarne.com\/espace-pro\/?page_id=16482"},"modified":"2024-07-25T14:09:23","modified_gmt":"2024-07-25T12:09:23","slug":"sortie-du-guide-le-routard-a-velo-la-scandiberique-partie-nord","status":"publish","type":"page","link":"https:\/\/www.tourisme-valdemarne.com\/espace-pro\/presse\/actualites-et-communiques-de-presse\/sortie-du-guide-le-routard-a-velo-la-scandiberique-partie-nord\/","title":{"rendered":"Sortie du guide Le Routard \u00e0 v\u00e9lo : La Scandib\u00e9rique (partie Nord)"},"content":{"rendered":"\n<p class=\"is-style-excerpt\">COMMUNIQUE DE PRESSE<\/p>\n\n\n\n<h2 class=\"wp-block-heading\">Guide du Routard \u00e0 v\u00e9lo : la Scandib\u00e9rique &#8211; partie Nord<\/h2>\n\n\n\n<p><strong>Le tout nouveau guide du Routard \u00e0 v\u00e9lo \u00ab\u00a0La Scandib\u00e9rique &#8211; partie nord : de la Wallonie au Val de Loire via Paris\u00a0\u00bb vient de paraitre, le 22 novembre 2023. Le Val-de-Marne travers\u00e9 par cette eurov\u00e9loroute y est mis \u00e0 l&rsquo;honneur.<\/strong><\/p>\n\n\n\n<p>En partant sur La Scandib\u00e9rique, le Routard vous fait d\u00e9couvrir le tourisme \u00e0 v\u00e9lo sur l<strong>a plus longue v\u00e9loroute am\u00e9nag\u00e9e de France<\/strong>. Cette portion fran\u00e7aise de l&rsquo;EuroVelo 3, qui relie la Norv\u00e8ge \u00e0 l\u2019Espagne, s\u2019\u00e9tend sur plus de 1 700 km.<\/p>\n\n\n\n<p><strong>Sa partie nord<\/strong> <strong>compte<\/strong> <strong>plus de 700 km de voies cyclables<\/strong>, en grande partie en voie verte. Elle relie la Belgique wallonne, \u00e0 partir de Charleroi, aux ch\u00e2teaux de la Loire en passant par les Hauts-de-France (Nord-Pas-de-Calais et Picardie) en particulier, et l\u2019Ile-de-France, avec Paris en guest star.<\/p>\n\n\n\n<div class=\"wp-block-image\"><figure class=\"aligncenter size-full is-resized\"><img data-src=\"https:\/\/www.tourisme-valdemarne.com\/espace-pro\/wp-content\/uploads\/sites\/3\/2023\/11\/couv-routard-scandiberique.jpg\" alt=\"\" class=\"wp-image-16495\" width=\"218\" height=\"357\" srcset=\"https:\/\/www.tourisme-valdemarne.com\/espace-pro\/wp-content\/uploads\/sites\/3\/2023\/11\/couv-routard-scandiberique.jpg 436w, https:\/\/www.tourisme-valdemarne.com\/espace-pro\/wp-content\/uploads\/sites\/3\/2023\/11\/couv-routard-scandiberique-367x600.jpg 367w, https:\/\/www.tourisme-valdemarne.com\/espace-pro\/wp-content\/uploads\/sites\/3\/2023\/11\/couv-routard-scandiberique-380x621.jpg 380w, https:\/\/www.tourisme-valdemarne.com\/espace-pro\/wp-content\/uploads\/sites\/3\/2023\/11\/couv-routard-scandiberique-200x327.jpg 200w\" sizes=\"(max-width: 218px) 100vw, 218px\" \/><figcaption>Guide du Routard \u00e0 V\u00e9lo : La Scandib\u00e9rique partie nord<\/figcaption><\/figure><\/div>\n\n\n\n<p>La trajectoire est divis\u00e9e en <strong>6 sections d&rsquo;itin\u00e9raires<\/strong> ponctu\u00e9s par Charleroi, Maubeuge, Guise, Noyon, Compi\u00e8gne, Senlis, Paris, Briare, Orl\u00e9ans et Blois. 41 \u00e9tapes sont cartographi\u00e9es et comment\u00e9es pour \u00e9viter erreurs et d\u00e9convenues sur le terrain. Bien entendu, le Routard a s\u00e9lectionn\u00e9 les meilleures adresses pour se loger, constituer son pique-nique, se restaurer et louer son v\u00e9lo.<\/p>\n\n\n\n<p><strong>En Val-de-Marne, la Scandib\u00e9rique longe la Seine<\/strong> depuis Charenton-le-Pont jusqu&rsquo;\u00e0 Ablon-sur-Seine. Elle traverse des paysages divers et permet d&rsquo;admirer des sites marquant le territoire tels que Chinagora ou encore le pont du Port \u00e0 l&rsquo;Anglais. <a href=\"https:\/\/www.tourisme-valdemarne.com\/nature-randonnees\/balades-a-velo\/la-scandiberique-une-evasion-a-velo-garantie-sur-plus-de-1700km-en-france\/\" target=\"_blank\" rel=\"noreferrer noopener\">D\u00e9couvrez plus en d\u00e9tails la partie val-de-marnaise de la Scandib\u00e9rique<\/a>.<\/p>\n\n\n\n<p><em>Ce guide consacr\u00e9 \u00e0 la partie nord de la Scandib\u00e9rique rejoint celui sur la partie sud publi\u00e9 en mai 2023.<\/em><\/p>\n\n\n\n<div class=\"wp-block-buttons is-content-justification-center is-layout-flex wp-container-core-buttons-is-layout-1 wp-block-buttons-is-layout-flex\">\n<div class=\"wp-block-button\"><a class=\"wp-block-button__link\" href=\"https:\/\/www.tourisme-valdemarne.com\/espace-pro\/wp-content\/uploads\/sites\/3\/2023\/11\/cp-routard-scandiberique-nord.pdf\" target=\"_blank\" rel=\"noreferrer noopener\">Lire le Communiqu\u00e9 de presse sur le guide du routard \u00e0 v\u00e9lo <br>la scandib\u00e9rique partie nord <\/a><\/div>\n<\/div>\n\n\n\n<div class=\"wp-block-buttons is-content-justification-center is-layout-flex wp-container-core-buttons-is-layout-2 wp-block-buttons-is-layout-flex\">\n<div class=\"wp-block-button\"><a class=\"wp-block-button__link\" href=\"https:\/\/www.tourisme-valdemarne.com\/espace-pro\/wp-content\/uploads\/sites\/3\/2023\/11\/breve_scandiberique_routard_nord.pdf\" target=\"_blank\" rel=\"noreferrer noopener\">LIRE le communique de presse sur le jour de la sortie du guide<\/a><\/div>\n<\/div>\n\n\n\n<p><\/p>\n","protected":false},"excerpt":{"rendered":"<p>COMMUNIQUE DE PRESSE Guide du Routard \u00e0 v\u00e9lo : la Scandib\u00e9rique &#8211; partie Nord Le tout nouveau guide du Routard \u00e0 v\u00e9lo \u00ab\u00a0La Scandib\u00e9rique &#8211; partie nord : de la Wallonie au Val de Loire via Paris\u00a0\u00bb vient de paraitre, le 22 novembre 2023. Le Val-de-Marne travers\u00e9 par cette eurov\u00e9loroute y est mis \u00e0 l&rsquo;honneur. [&hellip;]<\/p>\n","protected":false},"author":9,"featured_media":16484,"parent":179,"menu_order":2,"comment_status":"closed","ping_status":"closed","template":"","meta":{"_relevanssi_hide_post":"","_relevanssi_hide_content":"","_relevanssi_pin_for_all":"","_relevanssi_pin_keywords":"","_relevanssi_unpin_keywords":"","_relevanssi_related_keywords":"","_relevanssi_related_include_ids":"","_relevanssi_related_exclude_ids":"","_relevanssi_related_no_append":"","_relevanssi_related_not_related":"","_relevanssi_related_posts":"8104,8101,8074,2741,8077,444","_relevanssi_noindex_reason":"","footnotes":""},"vdmTagMarketing":[],"class_list":["post-16482","page","type-page","status-publish","has-post-thumbnail","hentry"],"acf":[],"yoast_head":"<!-- This site is optimized with the Yoast SEO plugin v23.9 - https:\/\/yoast.com\/wordpress\/plugins\/seo\/ -->\n<title>Sortie du guide Le Routard \u00e0 v\u00e9lo : La Scandib\u00e9rique (partie Nord) - Espace Pro<\/title>\n<meta name=\"robots\" content=\"index, follow, max-snippet:-1, max-image-preview:large, max-video-preview:-1\" \/>\n<link rel=\"canonical\" href=\"https:\/\/www.tourisme-valdemarne.com\/espace-pro\/presse\/actualites-et-communiques-de-presse\/sortie-du-guide-le-routard-a-velo-la-scandiberique-partie-nord\/\" \/>\n<meta property=\"og:locale\" content=\"fr_FR\" \/>\n<meta property=\"og:type\" content=\"article\" \/>\n<meta property=\"og:title\" content=\"Sortie du guide Le Routard \u00e0 v\u00e9lo : La Scandib\u00e9rique (partie Nord) - Espace Pro\" \/>\n<meta property=\"og:description\" content=\"COMMUNIQUE DE PRESSE Guide du Routard \u00e0 v\u00e9lo : la Scandib\u00e9rique &#8211; partie Nord Le tout nouveau guide du Routard \u00e0 v\u00e9lo \u00ab\u00a0La Scandib\u00e9rique &#8211; partie nord : de la Wallonie au Val de Loire via Paris\u00a0\u00bb vient de paraitre, le 22 novembre 2023. Le Val-de-Marne travers\u00e9 par cette eurov\u00e9loroute y est mis \u00e0 l&rsquo;honneur. [&hellip;]\" \/>\n<meta property=\"og:url\" content=\"https:\/\/www.tourisme-valdemarne.com\/espace-pro\/presse\/actualites-et-communiques-de-presse\/sortie-du-guide-le-routard-a-velo-la-scandiberique-partie-nord\/\" \/>\n<meta property=\"og:site_name\" content=\"Espace Pro\" \/>\n<meta property=\"article:modified_time\" content=\"2024-07-25T12:09:23+00:00\" \/>\n<meta property=\"og:image\" content=\"https:\/\/www.tourisme-valdemarne.com\/espace-pro\/wp-content\/uploads\/sites\/3\/2023\/11\/cp-scandiberique.jpg\" \/>\n\t<meta property=\"og:image:width\" content=\"1600\" \/>\n\t<meta property=\"og:image:height\" content=\"900\" \/>\n\t<meta property=\"og:image:type\" content=\"image\/jpeg\" \/>\n<meta name=\"twitter:card\" content=\"summary_large_image\" \/>\n<meta name=\"twitter:label1\" content=\"Dur\u00e9e de lecture estim\u00e9e\" \/>\n\t<meta name=\"twitter:data1\" content=\"2 minutes\" \/>\n<script type=\"application\/ld+json\" class=\"yoast-schema-graph\">{\"@context\":\"https:\/\/schema.org\",\"@graph\":[{\"@type\":\"WebPage\",\"@id\":\"https:\/\/www.tourisme-valdemarne.com\/espace-pro\/presse\/actualites-et-communiques-de-presse\/sortie-du-guide-le-routard-a-velo-la-scandiberique-partie-nord\/\",\"url\":\"https:\/\/www.tourisme-valdemarne.com\/espace-pro\/presse\/actualites-et-communiques-de-presse\/sortie-du-guide-le-routard-a-velo-la-scandiberique-partie-nord\/\",\"name\":\"Sortie du guide Le Routard \u00e0 v\u00e9lo : La Scandib\u00e9rique (partie Nord) - Espace Pro\",\"isPartOf\":{\"@id\":\"https:\/\/www.tourisme-valdemarne.com\/espace-pro\/#website\"},\"primaryImageOfPage\":{\"@id\":\"https:\/\/www.tourisme-valdemarne.com\/espace-pro\/presse\/actualites-et-communiques-de-presse\/sortie-du-guide-le-routard-a-velo-la-scandiberique-partie-nord\/#primaryimage\"},\"image\":{\"@id\":\"https:\/\/www.tourisme-valdemarne.com\/espace-pro\/presse\/actualites-et-communiques-de-presse\/sortie-du-guide-le-routard-a-velo-la-scandiberique-partie-nord\/#primaryimage\"},\"thumbnailUrl\":\"https:\/\/www.tourisme-valdemarne.com\/espace-pro\/wp-content\/uploads\/sites\/3\/2023\/11\/cp-scandiberique.jpg\",\"datePublished\":\"2023-11-23T10:07:53+00:00\",\"dateModified\":\"2024-07-25T12:09:23+00:00\",\"breadcrumb\":{\"@id\":\"https:\/\/www.tourisme-valdemarne.com\/espace-pro\/presse\/actualites-et-communiques-de-presse\/sortie-du-guide-le-routard-a-velo-la-scandiberique-partie-nord\/#breadcrumb\"},\"inLanguage\":\"fr-FR\",\"potentialAction\":[{\"@type\":\"ReadAction\",\"target\":[\"https:\/\/www.tourisme-valdemarne.com\/espace-pro\/presse\/actualites-et-communiques-de-presse\/sortie-du-guide-le-routard-a-velo-la-scandiberique-partie-nord\/\"]}]},{\"@type\":\"ImageObject\",\"inLanguage\":\"fr-FR\",\"@id\":\"https:\/\/www.tourisme-valdemarne.com\/espace-pro\/presse\/actualites-et-communiques-de-presse\/sortie-du-guide-le-routard-a-velo-la-scandiberique-partie-nord\/#primaryimage\",\"url\":\"https:\/\/www.tourisme-valdemarne.com\/espace-pro\/wp-content\/uploads\/sites\/3\/2023\/11\/cp-scandiberique.jpg\",\"contentUrl\":\"https:\/\/www.tourisme-valdemarne.com\/espace-pro\/wp-content\/uploads\/sites\/3\/2023\/11\/cp-scandiberique.jpg\",\"width\":1600,\"height\":900,\"caption\":\"La scandib\u00e9rique\"},{\"@type\":\"BreadcrumbList\",\"@id\":\"https:\/\/www.tourisme-valdemarne.com\/espace-pro\/presse\/actualites-et-communiques-de-presse\/sortie-du-guide-le-routard-a-velo-la-scandiberique-partie-nord\/#breadcrumb\",\"itemListElement\":[{\"@type\":\"ListItem\",\"position\":1,\"name\":\"Accueil\",\"item\":\"https:\/\/www.tourisme-valdemarne.com\/espace-pro\/\"},{\"@type\":\"ListItem\",\"position\":2,\"name\":\"Presse\",\"item\":\"https:\/\/www.tourisme-valdemarne.com\/espace-pro\/presse\/\"},{\"@type\":\"ListItem\",\"position\":3,\"name\":\"Actualit\u00e9s et communiqu\u00e9s de presse\",\"item\":\"https:\/\/www.tourisme-valdemarne.com\/espace-pro\/presse\/actualites-et-communiques-de-presse\/\"},{\"@type\":\"ListItem\",\"position\":4,\"name\":\"Sortie du guide Le Routard \u00e0 v\u00e9lo : La Scandib\u00e9rique (partie Nord)\"}]},{\"@type\":\"WebSite\",\"@id\":\"https:\/\/www.tourisme-valdemarne.com\/espace-pro\/#website\",\"url\":\"https:\/\/www.tourisme-valdemarne.com\/espace-pro\/\",\"name\":\"Espace Pro\",\"description\":\"Informations et outils pour les professionnels et la Presse\",\"potentialAction\":[{\"@type\":\"SearchAction\",\"target\":{\"@type\":\"EntryPoint\",\"urlTemplate\":\"https:\/\/www.tourisme-valdemarne.com\/espace-pro\/?s={search_term_string}\"},\"query-input\":{\"@type\":\"PropertyValueSpecification\",\"valueRequired\":true,\"valueName\":\"search_term_string\"}}],\"inLanguage\":\"fr-FR\"}]}<\/script>\n<!-- \/ Yoast SEO plugin. -->","yoast_head_json":{"title":"Sortie du guide Le Routard \u00e0 v\u00e9lo : La Scandib\u00e9rique (partie Nord) - Espace Pro","robots":{"index":"index","follow":"follow","max-snippet":"max-snippet:-1","max-image-preview":"max-image-preview:large","max-video-preview":"max-video-preview:-1"},"canonical":"https:\/\/www.tourisme-valdemarne.com\/espace-pro\/presse\/actualites-et-communiques-de-presse\/sortie-du-guide-le-routard-a-velo-la-scandiberique-partie-nord\/","og_locale":"fr_FR","og_type":"article","og_title":"Sortie du guide Le Routard \u00e0 v\u00e9lo : La Scandib\u00e9rique (partie Nord) - Espace Pro","og_description":"COMMUNIQUE DE PRESSE Guide du Routard \u00e0 v\u00e9lo : la Scandib\u00e9rique &#8211; partie Nord Le tout nouveau guide du Routard \u00e0 v\u00e9lo \u00ab\u00a0La Scandib\u00e9rique &#8211; partie nord : de la Wallonie au Val de Loire via Paris\u00a0\u00bb vient de paraitre, le 22 novembre 2023. Le Val-de-Marne travers\u00e9 par cette eurov\u00e9loroute y est mis \u00e0 l&rsquo;honneur. [&hellip;]","og_url":"https:\/\/www.tourisme-valdemarne.com\/espace-pro\/presse\/actualites-et-communiques-de-presse\/sortie-du-guide-le-routard-a-velo-la-scandiberique-partie-nord\/","og_site_name":"Espace Pro","article_modified_time":"2024-07-25T12:09:23+00:00","og_image":[{"width":1600,"height":900,"url":"https:\/\/www.tourisme-valdemarne.com\/espace-pro\/wp-content\/uploads\/sites\/3\/2023\/11\/cp-scandiberique.jpg","type":"image\/jpeg"}],"twitter_card":"summary_large_image","twitter_misc":{"Dur\u00e9e de lecture estim\u00e9e":"2 minutes"},"schema":{"@context":"https:\/\/schema.org","@graph":[{"@type":"WebPage","@id":"https:\/\/www.tourisme-valdemarne.com\/espace-pro\/presse\/actualites-et-communiques-de-presse\/sortie-du-guide-le-routard-a-velo-la-scandiberique-partie-nord\/","url":"https:\/\/www.tourisme-valdemarne.com\/espace-pro\/presse\/actualites-et-communiques-de-presse\/sortie-du-guide-le-routard-a-velo-la-scandiberique-partie-nord\/","name":"Sortie du guide Le Routard \u00e0 v\u00e9lo : La Scandib\u00e9rique (partie Nord) - Espace Pro","isPartOf":{"@id":"https:\/\/www.tourisme-valdemarne.com\/espace-pro\/#website"},"primaryImageOfPage":{"@id":"https:\/\/www.tourisme-valdemarne.com\/espace-pro\/presse\/actualites-et-communiques-de-presse\/sortie-du-guide-le-routard-a-velo-la-scandiberique-partie-nord\/#primaryimage"},"image":{"@id":"https:\/\/www.tourisme-valdemarne.com\/espace-pro\/presse\/actualites-et-communiques-de-presse\/sortie-du-guide-le-routard-a-velo-la-scandiberique-partie-nord\/#primaryimage"},"thumbnailUrl":"https:\/\/www.tourisme-valdemarne.com\/espace-pro\/wp-content\/uploads\/sites\/3\/2023\/11\/cp-scandiberique.jpg","datePublished":"2023-11-23T10:07:53+00:00","dateModified":"2024-07-25T12:09:23+00:00","breadcrumb":{"@id":"https:\/\/www.tourisme-valdemarne.com\/espace-pro\/presse\/actualites-et-communiques-de-presse\/sortie-du-guide-le-routard-a-velo-la-scandiberique-partie-nord\/#breadcrumb"},"inLanguage":"fr-FR","potentialAction":[{"@type":"ReadAction","target":["https:\/\/www.tourisme-valdemarne.com\/espace-pro\/presse\/actualites-et-communiques-de-presse\/sortie-du-guide-le-routard-a-velo-la-scandiberique-partie-nord\/"]}]},{"@type":"ImageObject","inLanguage":"fr-FR","@id":"https:\/\/www.tourisme-valdemarne.com\/espace-pro\/presse\/actualites-et-communiques-de-presse\/sortie-du-guide-le-routard-a-velo-la-scandiberique-partie-nord\/#primaryimage","url":"https:\/\/www.tourisme-valdemarne.com\/espace-pro\/wp-content\/uploads\/sites\/3\/2023\/11\/cp-scandiberique.jpg","contentUrl":"https:\/\/www.tourisme-valdemarne.com\/espace-pro\/wp-content\/uploads\/sites\/3\/2023\/11\/cp-scandiberique.jpg","width":1600,"height":900,"caption":"La scandib\u00e9rique"},{"@type":"BreadcrumbList","@id":"https:\/\/www.tourisme-valdemarne.com\/espace-pro\/presse\/actualites-et-communiques-de-presse\/sortie-du-guide-le-routard-a-velo-la-scandiberique-partie-nord\/#breadcrumb","itemListElement":[{"@type":"ListItem","position":1,"name":"Accueil","item":"https:\/\/www.tourisme-valdemarne.com\/espace-pro\/"},{"@type":"ListItem","position":2,"name":"Presse","item":"https:\/\/www.tourisme-valdemarne.com\/espace-pro\/presse\/"},{"@type":"ListItem","position":3,"name":"Actualit\u00e9s et communiqu\u00e9s de presse","item":"https:\/\/www.tourisme-valdemarne.com\/espace-pro\/presse\/actualites-et-communiques-de-presse\/"},{"@type":"ListItem","position":4,"name":"Sortie du guide Le Routard \u00e0 v\u00e9lo : La Scandib\u00e9rique (partie Nord)"}]},{"@type":"WebSite","@id":"https:\/\/www.tourisme-valdemarne.com\/espace-pro\/#website","url":"https:\/\/www.tourisme-valdemarne.com\/espace-pro\/","name":"Espace Pro","description":"Informations et outils pour les professionnels et la Presse","potentialAction":[{"@type":"SearchAction","target":{"@type":"EntryPoint","urlTemplate":"https:\/\/www.tourisme-valdemarne.com\/espace-pro\/?s={search_term_string}"},"query-input":{"@type":"PropertyValueSpecification","valueRequired":true,"valueName":"search_term_string"}}],"inLanguage":"fr-FR"}]}},"_links":{"self":[{"href":"https:\/\/www.tourisme-valdemarne.com\/espace-pro\/wp-json\/wp\/v2\/pages\/16482","targetHints":{"allow":["GET"]}}],"collection":[{"href":"https:\/\/www.tourisme-valdemarne.com\/espace-pro\/wp-json\/wp\/v2\/pages"}],"about":[{"href":"https:\/\/www.tourisme-valdemarne.com\/espace-pro\/wp-json\/wp\/v2\/types\/page"}],"author":[{"embeddable":true,"href":"https:\/\/www.tourisme-valdemarne.com\/espace-pro\/wp-json\/wp\/v2\/users\/9"}],"replies":[{"embeddable":true,"href":"https:\/\/www.tourisme-valdemarne.com\/espace-pro\/wp-json\/wp\/v2\/comments?post=16482"}],"version-history":[{"count":8,"href":"https:\/\/www.tourisme-valdemarne.com\/espace-pro\/wp-json\/wp\/v2\/pages\/16482\/revisions"}],"predecessor-version":[{"id":16497,"href":"https:\/\/www.tourisme-valdemarne.com\/espace-pro\/wp-json\/wp\/v2\/pages\/16482\/revisions\/16497"}],"up":[{"embeddable":true,"href":"https:\/\/www.tourisme-valdemarne.com\/espace-pro\/wp-json\/wp\/v2\/pages\/179"}],"wp:featuredmedia":[{"embeddable":true,"href":"https:\/\/www.tourisme-valdemarne.com\/espace-pro\/wp-json\/wp\/v2\/media\/16484"}],"wp:attachment":[{"href":"https:\/\/www.tourisme-valdemarne.com\/espace-pro\/wp-json\/wp\/v2\/media?parent=16482"}],"wp:term":[{"taxonomy":"vdmTagMarketing","embeddable":true,"href":"https:\/\/www.tourisme-valdemarne.com\/espace-pro\/wp-json\/wp\/v2\/vdmTagMarketing?post=16482"}],"curies":[{"name":"wp","href":"https:\/\/api.w.org\/{rel}","templated":true}]}}