{"id":16447,"date":"2023-11-17T10:24:11","date_gmt":"2023-11-17T09:24:11","guid":{"rendered":"https:\/\/www.tourisme-valdemarne.com\/espace-pro\/?page_id=16447"},"modified":"2023-12-14T15:17:23","modified_gmt":"2023-12-14T14:17:23","slug":"flamme-paralympique-val-de-marne","status":"publish","type":"page","link":"https:\/\/www.tourisme-valdemarne.com\/espace-pro\/expertises-et-projets\/jeux-olympiques-et-paralympiques-paris-2024\/parcours-de-la-flamme\/flamme-paralympique-val-de-marne\/","title":{"rendered":"La Flamme paralympique brillera dans le Val-de-Marne pour les Jeux de Paris 2024"},"content":{"rendered":"\n<div class=\"wp-block-image\"><figure class=\"aligncenter size-full\"><img width=\"385\" height=\"385\" data-src=\"https:\/\/www.tourisme-valdemarne.com\/espace-pro\/wp-content\/uploads\/sites\/3\/2023\/11\/relais-flamme-paralympique-carte.jpg\" alt=\"Carte du relais des flammes paralympiques\" class=\"wp-image-16445\" srcset=\"https:\/\/www.tourisme-valdemarne.com\/espace-pro\/wp-content\/uploads\/sites\/3\/2023\/11\/relais-flamme-paralympique-carte.jpg 385w, https:\/\/www.tourisme-valdemarne.com\/espace-pro\/wp-content\/uploads\/sites\/3\/2023\/11\/relais-flamme-paralympique-carte-380x380.jpg 380w, https:\/\/www.tourisme-valdemarne.com\/espace-pro\/wp-content\/uploads\/sites\/3\/2023\/11\/relais-flamme-paralympique-carte-150x150.jpg 150w, https:\/\/www.tourisme-valdemarne.com\/espace-pro\/wp-content\/uploads\/sites\/3\/2023\/11\/relais-flamme-paralympique-carte-200x200.jpg 200w, https:\/\/www.tourisme-valdemarne.com\/espace-pro\/wp-content\/uploads\/sites\/3\/2023\/11\/relais-flamme-paralympique-carte-24x24.jpg 24w, https:\/\/www.tourisme-valdemarne.com\/espace-pro\/wp-content\/uploads\/sites\/3\/2023\/11\/relais-flamme-paralympique-carte-48x48.jpg 48w, https:\/\/www.tourisme-valdemarne.com\/espace-pro\/wp-content\/uploads\/sites\/3\/2023\/11\/relais-flamme-paralympique-carte-96x96.jpg 96w, https:\/\/www.tourisme-valdemarne.com\/espace-pro\/wp-content\/uploads\/sites\/3\/2023\/11\/relais-flamme-paralympique-carte-300x300.jpg 300w\" sizes=\"(max-width: 385px) 100vw, 385px\" \/><figcaption>Carte du relais de la flamme paralympique<\/figcaption><\/figure><\/div>\n\n\n\n<p>Apr\u00e8s le passage de la flamme olympique le 21 juillet 2024, le Val-de-Marne s&rsquo;appr\u00eate \u00e0 accueillir les flammes paralympiques le 27 ao\u00fbt 2024, marquant le lancement des Jeux Paralympiques de Paris 2024. <\/p>\n\n\n\n<h2 class=\"wp-block-heading\">Quelles sont les villes qui auront la chance d&rsquo;accueillir une des flammes ? <\/h2>\n\n\n\n<p><strong>Douze flammes <\/strong>symbolisant la dur\u00e9e des jeux paralympiques seront port\u00e9es par <strong>1000 \u00e9claireurs<\/strong>, illuminant<strong> 50 villes engag\u00e9es dans l&rsquo;inclusion sportive<\/strong>. Parmi elles, Sucy-en-Brie et Valenton auront l&rsquo;honneur de recevoir ces flammes dans des lieux embl\u00e9matiques, d\u00e9montrant ainsi l&rsquo;engagement du Val-de-Marne dans cet \u00e9v\u00e9nement international. <\/p>\n\n\n\n<p>Ainsi, <strong>le 27 ao\u00fbt 2024<\/strong>, la ville de Sucy-en-Brie accueillera une flamme paralympique au sein de son parc municipal des sports, tandis que le m\u00eame jour, la ville de Valenton accueillera \u00e9galement une flamme paralympique au <a href=\"https:\/\/www.tourisme-valdemarne.com\/patrimoine-naturel\/parc-departemental-de-la-plage-bleue\/\">Parc d\u00e9partemental de la Plage Bleue<\/a> et \u00e0 l&rsquo;institut Robert Merle d&rsquo;Aubign\u00e9. <\/p>\n\n\n\n<h2 class=\"wp-block-heading\">Le Val-de-Marne, un acteur engag\u00e9 au quotidien pour la pratique sportive accessible \u00e0 tous<\/h2>\n\n\n\n<p>Le Val-de-Marne, d\u00e9j\u00e0 acteur quotidien dans le sport pour tous, c\u00e9l\u00e8bre cet \u00e9v\u00e9nement historique en <strong>soutenant des athl\u00e8tes paralympiques de haut niveau<\/strong>, en organisant des \u00e9v\u00e9nements sportifs, en finan\u00e7ant des \u00e9quipements adapt\u00e9s, et en adh\u00e9rant au programme \u00ab <strong>Club inclusif <\/strong>\u00bb. <\/p>\n\n\n\n<p>La collectivit\u00e9 se pr\u00e9pare \u00e9galement en tant que Centre de Pr\u00e9paration aux Jeux (CPJ) pour les Jeux Olympiques et Paralympiques de Paris 2024, avec <strong>30 sites val-de-marnais retenus, dont 13 d\u00e9di\u00e9s aux disciplines paralympiques<\/strong> telles que le para tir \u00e0 l&rsquo;arc, le para athl\u00e9tisme, et le para judo.<\/p>\n\n\n\n<p>Le Val-de-Marne s&rsquo;engage ainsi \u00e0 \u00eatre une <strong>terre de jeux et d&rsquo;inclusion<\/strong>, c\u00e9l\u00e9brant le sport sous toutes ses formes et mettant en lumi\u00e8re les athl\u00e8tes en situation de handicap.<\/p>\n\n\n\n<h2 class=\"wp-block-heading\">La liste des CPJ dans le Val-de-Marne pouvant accueillir du handisport<\/h2>\n\n\n\n<ul class=\"wp-block-list\"><li><a href=\"https:\/\/www.tourisme-valdemarne.com\/activite\/centre-technique-et-sportif-regional-de-tir-a-larc\/\">Centre technique et sportif d\u00e9partemental de tir \u00e0 l\u2019arc \u00e0 Chennevi\u00e8res-sur-Marne<\/a> &#8211; (para tir \u00e0 l\u2019arc)<\/li><li><a href=\"https:\/\/www.tourisme-valdemarne.com\/activite\/parc-interdepartemental-de-detente-et-de-loisirs-du-tremblay\/\">Le parc interd\u00e9partemental du Tremblay Paris Val-de-Marne \u00e0 Champigny<\/a> &#8211; (para athl\u00e9tisme)<\/li><li>Le complexe sportif Jean-Guimier \u00e0 Champigny-sur-Marne &#8211; (para taekwondo)<\/li><li><a href=\"https:\/\/www.tourisme-valdemarne.com\/activites-sportives-de-loisirs\/parcs-des-sports-et-de-loisirs\/parc-interdepartemental-des-sports-de-choisy-paris-val-de-marne\/\">Le parc interd\u00e9partemental de Choisy Paris Val-de-Marne \u00e0 Cr\u00e9teil<\/a> &#8211; (para triathlon et para cano\u00eb)<\/li><li>Le centre sportif Marie-Th\u00e9r\u00e8se-Eyquem \u00e0 Cr\u00e9teil &#8211; (para tir sportif)<\/li><li><a href=\"https:\/\/www.tourisme-valdemarne.com\/seminaire\/maison-du-handball\/\">La Maison du Handball \u00e0 Cr\u00e9teil<\/a> &#8211; (goalball, boccia, para tennis de table, para judo, escrime fauteuil)<\/li><li>Le Palais des sports Robert-Oubron \u00e0 Cr\u00e9teil &#8211; (goalball, boccia)<\/li><li>&nbsp;Le stade Dominique-Duvauchelle \u00e0 Cr\u00e9teil &#8211; (para athl\u00e9tisme)<\/li><li>Le complexe sportif des Epinettes \u00e0 Ivry-sur-Seine &#8211; (rugby fauteuil)<\/li><li>La salle Max-Hausler \u00e0 Ormesson-sur-Marne &#8211; (para tennis de table)<\/li><li>La salle de judo Beauvilliers \u00e0 Sucy-en-Brie &#8211; (para judo)<\/li><li>Le parc des sports de Sucy-en-Brie &#8211; (para athl\u00e9tisme)<\/li><li>Le complexe sportif Octave-Lapize \u00e0 Villiers-sur-Marne &#8211; (golball, boccia)<\/li><\/ul>\n\n\n\n<p class=\"is-style-highlight\">Les Jeux Paralympiques auront lieu de 28 ao\u00fbt au 8 septembre 2024. <\/p>\n","protected":false},"excerpt":{"rendered":"<p>Apr\u00e8s le passage de la flamme olympique le 21 juillet 2024, le Val-de-Marne s&rsquo;appr\u00eate \u00e0 accueillir les flammes paralympiques le 27 ao\u00fbt 2024, marquant le lancement des Jeux Paralympiques de Paris 2024. Quelles sont les villes qui auront la chance d&rsquo;accueillir une des flammes ? Douze flammes symbolisant la dur\u00e9e des jeux paralympiques seront port\u00e9es [&hellip;]<\/p>\n","protected":false},"author":19,"featured_media":16445,"parent":16597,"menu_order":0,"comment_status":"closed","ping_status":"closed","template":"","meta":{"_relevanssi_hide_post":"","_relevanssi_hide_content":"","_relevanssi_pin_for_all":"","_relevanssi_pin_keywords":"","_relevanssi_unpin_keywords":"","_relevanssi_related_keywords":"","_relevanssi_related_include_ids":"","_relevanssi_related_exclude_ids":"","_relevanssi_related_no_append":"","_relevanssi_related_not_related":"","_relevanssi_related_posts":"444,8084,2749,8101,446,2741","_relevanssi_noindex_reason":"","footnotes":""},"vdmTagMarketing":[],"class_list":["post-16447","page","type-page","status-publish","has-post-thumbnail","hentry"],"acf":[],"yoast_head":"<!-- This site is optimized with the Yoast SEO plugin v23.9 - https:\/\/yoast.com\/wordpress\/plugins\/seo\/ -->\n<title>La Flamme paralympique brillera dans le Val-de-Marne<\/title>\n<meta name=\"description\" content=\"Le Val-de-Marne s&#039;appr\u00eate \u00e0 accueillir les flammes paralympiques le 27 ao\u00fbt 2024, marquant le lancement des Jeux Paralympiques de Paris 2024.\" \/>\n<meta name=\"robots\" content=\"index, follow, max-snippet:-1, max-image-preview:large, max-video-preview:-1\" \/>\n<link rel=\"canonical\" href=\"https:\/\/www.tourisme-valdemarne.com\/espace-pro\/expertises-et-projets\/jeux-olympiques-et-paralympiques-paris-2024\/parcours-de-la-flamme\/flamme-paralympique-val-de-marne\/\" \/>\n<meta property=\"og:locale\" content=\"fr_FR\" \/>\n<meta property=\"og:type\" content=\"article\" \/>\n<meta property=\"og:title\" content=\"La Flamme paralympique brillera dans le Val-de-Marne\" \/>\n<meta property=\"og:description\" content=\"Le Val-de-Marne s&#039;appr\u00eate \u00e0 accueillir les flammes paralympiques le 27 ao\u00fbt 2024, marquant le lancement des Jeux Paralympiques de Paris 2024.\" \/>\n<meta property=\"og:url\" content=\"https:\/\/www.tourisme-valdemarne.com\/espace-pro\/expertises-et-projets\/jeux-olympiques-et-paralympiques-paris-2024\/parcours-de-la-flamme\/flamme-paralympique-val-de-marne\/\" \/>\n<meta property=\"og:site_name\" content=\"Espace Pro\" \/>\n<meta property=\"article:modified_time\" content=\"2023-12-14T14:17:23+00:00\" \/>\n<meta property=\"og:image\" content=\"https:\/\/www.tourisme-valdemarne.com\/espace-pro\/wp-content\/uploads\/sites\/3\/2023\/11\/relais-flamme-paralympique-carte.jpg\" \/>\n\t<meta property=\"og:image:width\" content=\"385\" \/>\n\t<meta property=\"og:image:height\" content=\"385\" \/>\n\t<meta property=\"og:image:type\" content=\"image\/jpeg\" \/>\n<meta name=\"twitter:card\" content=\"summary_large_image\" \/>\n<meta name=\"twitter:label1\" content=\"Dur\u00e9e de lecture estim\u00e9e\" \/>\n\t<meta name=\"twitter:data1\" content=\"3 minutes\" \/>\n<script type=\"application\/ld+json\" class=\"yoast-schema-graph\">{\"@context\":\"https:\/\/schema.org\",\"@graph\":[{\"@type\":\"WebPage\",\"@id\":\"https:\/\/www.tourisme-valdemarne.com\/espace-pro\/expertises-et-projets\/jeux-olympiques-et-paralympiques-paris-2024\/parcours-de-la-flamme\/flamme-paralympique-val-de-marne\/\",\"url\":\"https:\/\/www.tourisme-valdemarne.com\/espace-pro\/expertises-et-projets\/jeux-olympiques-et-paralympiques-paris-2024\/parcours-de-la-flamme\/flamme-paralympique-val-de-marne\/\",\"name\":\"La Flamme paralympique brillera dans le Val-de-Marne\",\"isPartOf\":{\"@id\":\"https:\/\/www.tourisme-valdemarne.com\/espace-pro\/#website\"},\"primaryImageOfPage\":{\"@id\":\"https:\/\/www.tourisme-valdemarne.com\/espace-pro\/expertises-et-projets\/jeux-olympiques-et-paralympiques-paris-2024\/parcours-de-la-flamme\/flamme-paralympique-val-de-marne\/#primaryimage\"},\"image\":{\"@id\":\"https:\/\/www.tourisme-valdemarne.com\/espace-pro\/expertises-et-projets\/jeux-olympiques-et-paralympiques-paris-2024\/parcours-de-la-flamme\/flamme-paralympique-val-de-marne\/#primaryimage\"},\"thumbnailUrl\":\"https:\/\/www.tourisme-valdemarne.com\/espace-pro\/wp-content\/uploads\/sites\/3\/2023\/11\/relais-flamme-paralympique-carte.jpg\",\"datePublished\":\"2023-11-17T09:24:11+00:00\",\"dateModified\":\"2023-12-14T14:17:23+00:00\",\"description\":\"Le Val-de-Marne s'appr\u00eate \u00e0 accueillir les flammes paralympiques le 27 ao\u00fbt 2024, marquant le lancement des Jeux Paralympiques de Paris 2024.\",\"breadcrumb\":{\"@id\":\"https:\/\/www.tourisme-valdemarne.com\/espace-pro\/expertises-et-projets\/jeux-olympiques-et-paralympiques-paris-2024\/parcours-de-la-flamme\/flamme-paralympique-val-de-marne\/#breadcrumb\"},\"inLanguage\":\"fr-FR\",\"potentialAction\":[{\"@type\":\"ReadAction\",\"target\":[\"https:\/\/www.tourisme-valdemarne.com\/espace-pro\/expertises-et-projets\/jeux-olympiques-et-paralympiques-paris-2024\/parcours-de-la-flamme\/flamme-paralympique-val-de-marne\/\"]}]},{\"@type\":\"ImageObject\",\"inLanguage\":\"fr-FR\",\"@id\":\"https:\/\/www.tourisme-valdemarne.com\/espace-pro\/expertises-et-projets\/jeux-olympiques-et-paralympiques-paris-2024\/parcours-de-la-flamme\/flamme-paralympique-val-de-marne\/#primaryimage\",\"url\":\"https:\/\/www.tourisme-valdemarne.com\/espace-pro\/wp-content\/uploads\/sites\/3\/2023\/11\/relais-flamme-paralympique-carte.jpg\",\"contentUrl\":\"https:\/\/www.tourisme-valdemarne.com\/espace-pro\/wp-content\/uploads\/sites\/3\/2023\/11\/relais-flamme-paralympique-carte.jpg\",\"width\":385,\"height\":385,\"caption\":\"Carte du relais des flammes paralympiques\"},{\"@type\":\"BreadcrumbList\",\"@id\":\"https:\/\/www.tourisme-valdemarne.com\/espace-pro\/expertises-et-projets\/jeux-olympiques-et-paralympiques-paris-2024\/parcours-de-la-flamme\/flamme-paralympique-val-de-marne\/#breadcrumb\",\"itemListElement\":[{\"@type\":\"ListItem\",\"position\":1,\"name\":\"Accueil\",\"item\":\"https:\/\/www.tourisme-valdemarne.com\/espace-pro\/\"},{\"@type\":\"ListItem\",\"position\":2,\"name\":\"Expertises et projets\",\"item\":\"https:\/\/www.tourisme-valdemarne.com\/espace-pro\/expertises-et-projets\/\"},{\"@type\":\"ListItem\",\"position\":3,\"name\":\"Jeux Olympiques et Paralympiques de Paris 2024\",\"item\":\"https:\/\/www.tourisme-valdemarne.com\/espace-pro\/expertises-et-projets\/jeux-olympiques-et-paralympiques-paris-2024\/\"},{\"@type\":\"ListItem\",\"position\":4,\"name\":\"Parcours de la Flamme\",\"item\":\"https:\/\/www.tourisme-valdemarne.com\/espace-pro\/expertises-et-projets\/jeux-olympiques-et-paralympiques-paris-2024\/parcours-de-la-flamme\/\"},{\"@type\":\"ListItem\",\"position\":5,\"name\":\"La Flamme paralympique brillera dans le Val-de-Marne pour les Jeux de Paris 2024\"}]},{\"@type\":\"WebSite\",\"@id\":\"https:\/\/www.tourisme-valdemarne.com\/espace-pro\/#website\",\"url\":\"https:\/\/www.tourisme-valdemarne.com\/espace-pro\/\",\"name\":\"Espace Pro\",\"description\":\"Informations et outils pour les professionnels et la Presse\",\"potentialAction\":[{\"@type\":\"SearchAction\",\"target\":{\"@type\":\"EntryPoint\",\"urlTemplate\":\"https:\/\/www.tourisme-valdemarne.com\/espace-pro\/?s={search_term_string}\"},\"query-input\":{\"@type\":\"PropertyValueSpecification\",\"valueRequired\":true,\"valueName\":\"search_term_string\"}}],\"inLanguage\":\"fr-FR\"}]}<\/script>\n<!-- \/ Yoast SEO plugin. -->","yoast_head_json":{"title":"La Flamme paralympique brillera dans le Val-de-Marne","description":"Le Val-de-Marne s'appr\u00eate \u00e0 accueillir les flammes paralympiques le 27 ao\u00fbt 2024, marquant le lancement des Jeux Paralympiques de Paris 2024.","robots":{"index":"index","follow":"follow","max-snippet":"max-snippet:-1","max-image-preview":"max-image-preview:large","max-video-preview":"max-video-preview:-1"},"canonical":"https:\/\/www.tourisme-valdemarne.com\/espace-pro\/expertises-et-projets\/jeux-olympiques-et-paralympiques-paris-2024\/parcours-de-la-flamme\/flamme-paralympique-val-de-marne\/","og_locale":"fr_FR","og_type":"article","og_title":"La Flamme paralympique brillera dans le Val-de-Marne","og_description":"Le Val-de-Marne s'appr\u00eate \u00e0 accueillir les flammes paralympiques le 27 ao\u00fbt 2024, marquant le lancement des Jeux Paralympiques de Paris 2024.","og_url":"https:\/\/www.tourisme-valdemarne.com\/espace-pro\/expertises-et-projets\/jeux-olympiques-et-paralympiques-paris-2024\/parcours-de-la-flamme\/flamme-paralympique-val-de-marne\/","og_site_name":"Espace Pro","article_modified_time":"2023-12-14T14:17:23+00:00","og_image":[{"width":385,"height":385,"url":"https:\/\/www.tourisme-valdemarne.com\/espace-pro\/wp-content\/uploads\/sites\/3\/2023\/11\/relais-flamme-paralympique-carte.jpg","type":"image\/jpeg"}],"twitter_card":"summary_large_image","twitter_misc":{"Dur\u00e9e de lecture estim\u00e9e":"3 minutes"},"schema":{"@context":"https:\/\/schema.org","@graph":[{"@type":"WebPage","@id":"https:\/\/www.tourisme-valdemarne.com\/espace-pro\/expertises-et-projets\/jeux-olympiques-et-paralympiques-paris-2024\/parcours-de-la-flamme\/flamme-paralympique-val-de-marne\/","url":"https:\/\/www.tourisme-valdemarne.com\/espace-pro\/expertises-et-projets\/jeux-olympiques-et-paralympiques-paris-2024\/parcours-de-la-flamme\/flamme-paralympique-val-de-marne\/","name":"La Flamme paralympique brillera dans le Val-de-Marne","isPartOf":{"@id":"https:\/\/www.tourisme-valdemarne.com\/espace-pro\/#website"},"primaryImageOfPage":{"@id":"https:\/\/www.tourisme-valdemarne.com\/espace-pro\/expertises-et-projets\/jeux-olympiques-et-paralympiques-paris-2024\/parcours-de-la-flamme\/flamme-paralympique-val-de-marne\/#primaryimage"},"image":{"@id":"https:\/\/www.tourisme-valdemarne.com\/espace-pro\/expertises-et-projets\/jeux-olympiques-et-paralympiques-paris-2024\/parcours-de-la-flamme\/flamme-paralympique-val-de-marne\/#primaryimage"},"thumbnailUrl":"https:\/\/www.tourisme-valdemarne.com\/espace-pro\/wp-content\/uploads\/sites\/3\/2023\/11\/relais-flamme-paralympique-carte.jpg","datePublished":"2023-11-17T09:24:11+00:00","dateModified":"2023-12-14T14:17:23+00:00","description":"Le Val-de-Marne s'appr\u00eate \u00e0 accueillir les flammes paralympiques le 27 ao\u00fbt 2024, marquant le lancement des Jeux Paralympiques de Paris 2024.","breadcrumb":{"@id":"https:\/\/www.tourisme-valdemarne.com\/espace-pro\/expertises-et-projets\/jeux-olympiques-et-paralympiques-paris-2024\/parcours-de-la-flamme\/flamme-paralympique-val-de-marne\/#breadcrumb"},"inLanguage":"fr-FR","potentialAction":[{"@type":"ReadAction","target":["https:\/\/www.tourisme-valdemarne.com\/espace-pro\/expertises-et-projets\/jeux-olympiques-et-paralympiques-paris-2024\/parcours-de-la-flamme\/flamme-paralympique-val-de-marne\/"]}]},{"@type":"ImageObject","inLanguage":"fr-FR","@id":"https:\/\/www.tourisme-valdemarne.com\/espace-pro\/expertises-et-projets\/jeux-olympiques-et-paralympiques-paris-2024\/parcours-de-la-flamme\/flamme-paralympique-val-de-marne\/#primaryimage","url":"https:\/\/www.tourisme-valdemarne.com\/espace-pro\/wp-content\/uploads\/sites\/3\/2023\/11\/relais-flamme-paralympique-carte.jpg","contentUrl":"https:\/\/www.tourisme-valdemarne.com\/espace-pro\/wp-content\/uploads\/sites\/3\/2023\/11\/relais-flamme-paralympique-carte.jpg","width":385,"height":385,"caption":"Carte du relais des flammes paralympiques"},{"@type":"BreadcrumbList","@id":"https:\/\/www.tourisme-valdemarne.com\/espace-pro\/expertises-et-projets\/jeux-olympiques-et-paralympiques-paris-2024\/parcours-de-la-flamme\/flamme-paralympique-val-de-marne\/#breadcrumb","itemListElement":[{"@type":"ListItem","position":1,"name":"Accueil","item":"https:\/\/www.tourisme-valdemarne.com\/espace-pro\/"},{"@type":"ListItem","position":2,"name":"Expertises et projets","item":"https:\/\/www.tourisme-valdemarne.com\/espace-pro\/expertises-et-projets\/"},{"@type":"ListItem","position":3,"name":"Jeux Olympiques et Paralympiques de Paris 2024","item":"https:\/\/www.tourisme-valdemarne.com\/espace-pro\/expertises-et-projets\/jeux-olympiques-et-paralympiques-paris-2024\/"},{"@type":"ListItem","position":4,"name":"Parcours de la Flamme","item":"https:\/\/www.tourisme-valdemarne.com\/espace-pro\/expertises-et-projets\/jeux-olympiques-et-paralympiques-paris-2024\/parcours-de-la-flamme\/"},{"@type":"ListItem","position":5,"name":"La Flamme paralympique brillera dans le Val-de-Marne pour les Jeux de Paris 2024"}]},{"@type":"WebSite","@id":"https:\/\/www.tourisme-valdemarne.com\/espace-pro\/#website","url":"https:\/\/www.tourisme-valdemarne.com\/espace-pro\/","name":"Espace Pro","description":"Informations et outils pour les professionnels et la Presse","potentialAction":[{"@type":"SearchAction","target":{"@type":"EntryPoint","urlTemplate":"https:\/\/www.tourisme-valdemarne.com\/espace-pro\/?s={search_term_string}"},"query-input":{"@type":"PropertyValueSpecification","valueRequired":true,"valueName":"search_term_string"}}],"inLanguage":"fr-FR"}]}},"_links":{"self":[{"href":"https:\/\/www.tourisme-valdemarne.com\/espace-pro\/wp-json\/wp\/v2\/pages\/16447","targetHints":{"allow":["GET"]}}],"collection":[{"href":"https:\/\/www.tourisme-valdemarne.com\/espace-pro\/wp-json\/wp\/v2\/pages"}],"about":[{"href":"https:\/\/www.tourisme-valdemarne.com\/espace-pro\/wp-json\/wp\/v2\/types\/page"}],"author":[{"embeddable":true,"href":"https:\/\/www.tourisme-valdemarne.com\/espace-pro\/wp-json\/wp\/v2\/users\/19"}],"replies":[{"embeddable":true,"href":"https:\/\/www.tourisme-valdemarne.com\/espace-pro\/wp-json\/wp\/v2\/comments?post=16447"}],"version-history":[{"count":3,"href":"https:\/\/www.tourisme-valdemarne.com\/espace-pro\/wp-json\/wp\/v2\/pages\/16447\/revisions"}],"predecessor-version":[{"id":16452,"href":"https:\/\/www.tourisme-valdemarne.com\/espace-pro\/wp-json\/wp\/v2\/pages\/16447\/revisions\/16452"}],"up":[{"embeddable":true,"href":"https:\/\/www.tourisme-valdemarne.com\/espace-pro\/wp-json\/wp\/v2\/pages\/16597"}],"wp:featuredmedia":[{"embeddable":true,"href":"https:\/\/www.tourisme-valdemarne.com\/espace-pro\/wp-json\/wp\/v2\/media\/16445"}],"wp:attachment":[{"href":"https:\/\/www.tourisme-valdemarne.com\/espace-pro\/wp-json\/wp\/v2\/media?parent=16447"}],"wp:term":[{"taxonomy":"vdmTagMarketing","embeddable":true,"href":"https:\/\/www.tourisme-valdemarne.com\/espace-pro\/wp-json\/wp\/v2\/vdmTagMarketing?post=16447"}],"curies":[{"name":"wp","href":"https:\/\/api.w.org\/{rel}","templated":true}]}}