{"id":16370,"date":"2023-11-10T14:34:48","date_gmt":"2023-11-10T13:34:48","guid":{"rendered":"https:\/\/www.tourisme-valdemarne.com\/espace-pro\/?page_id=16370"},"modified":"2024-07-25T14:09:58","modified_gmt":"2024-07-25T12:09:58","slug":"exploreparis-5-ans-apres-un-nouveau-souffle-pour-le-tourisme","status":"publish","type":"page","link":"https:\/\/www.tourisme-valdemarne.com\/espace-pro\/presse\/actualites-et-communiques-de-presse\/exploreparis-5-ans-apres-un-nouveau-souffle-pour-le-tourisme\/","title":{"rendered":"ExploreParis 5 ans apr\u00e8s, un nouveau souffle pour le tourisme"},"content":{"rendered":"\n<p class=\"is-style-excerpt\">COMMUNIQUE DE PRESSE<\/p>\n\n\n\n<h2 class=\"wp-block-heading\">5 ans apr\u00e8s, un nouveau souffle pour le tourisme dans le Grand Paris et une nouvelle identit\u00e9 graphique<\/h2>\n\n\n\n<p><strong>Incarnation du Grand Paris touristique, la plateforme sp\u00e9cialis\u00e9e dans les visites guid\u00e9es et les balades urbaines vient de passer le cap de ses cinq ans et de ses 275.000 visiteurs.<br>Fen\u00eatre sur un Paris \u00e9largi, #ExploreParis casse les codes et revendique un tourisme parisien plus humain, plus divers et plus responsable. Port\u00e9e par les acteurs du Contrat de destination*, #ExploreParis r\u00eave d\u00e9sormais d\u2019un d\u00e9veloppement en direction du public national et international et se dote d\u2019une nouvelle identit\u00e9 graphique.<\/strong><\/p>\n\n\n\n<h3 class=\"wp-block-heading\">Le Grand Paris \u00e0 \u00e9chelle humaine et \u00e0 port\u00e9e de tous<\/h3>\n\n\n\n<p>D\u00e8s 2018, une initiative innovante \u00e9tait prise dans le domaine du tourisme et des loisirs qui allait r\u00e9volutionner les pratiques et ouvrir un nouvel horizon :<strong> la premi\u00e8re plateforme de r\u00e9servation touristique du Grand Paris <\/strong>voyait le jour.<br>Depuis 5 ans, cette boutique en ligne d\u00e9di\u00e9e \u00e0 la visite guid\u00e9e \u00e0 Paris et dans les trois d\u00e9partements de la petite couronne, affirme un positionnement touristique loin des lieux classiques et privil\u00e9gie la d\u00e9couverte de lieux confidentiels de la ville-capitale \u00e0 partir de th\u00e9matiques originales (la ville fluviale, la ville cosmopolite, l&rsquo;agriculture urbaine et la ville-nature, les visites de savoir-faire, l&rsquo;art dans la ville, le Paris des habitants\u2026). Elle place la rencontre et la convivialit\u00e9 au coeur de la d\u00e9couverte de la destination.<br>Aujourd\u2019hui, Explore Paris est devenu l&rsquo;incarnation la plus tangible d&rsquo;un Grand Paris proche de ses habitants, et propose chaque jour des dizaines de visites permettant de voir Paris sous un nouveau jour. Les visiteurs peuvent y d\u00e9couvrir une m\u00e9tropole insolite, acc\u00e9der aux coulisses de la ville, p\u00e9n\u00e9trer ses secrets bien gard\u00e9s et se laisser guider par la curiosit\u00e9.<br>La recette du succ\u00e8s ?<br>Des centaines de guides professionnels, d\u2019acteurs priv\u00e9s, d\u2019\u00e9tablissements publics, de b\u00e9n\u00e9voles associatifs engag\u00e9s, de porteurs de projets\u2026 tous passionn\u00e9s par leur ville et leur activit\u00e9, et dont le go\u00fbt du partage est la principale motivation.<br>Mais aussi des tarifs vari\u00e9s qui permettent au plus grand nombre de profiter des sorties : visites \u00e0 petits prix et m\u00eame gratuites sont propos\u00e9es.<\/p>\n\n\n\n<h3 class=\"wp-block-heading\">ExploreParis se dote d\u2019une nouvelle identit\u00e9 graphique<\/h3>\n\n\n\n<p>La plateforme Explore Paris adapte sa communication en cr\u00e9ant un univers graphique \u00e0 l&rsquo;image de son positionne-ment. Confi\u00e9e \u00e0 la graphiste Sophie Hauser, le travail graphique donne \u00e0 voir un visuel qui r\u00e9v\u00e8le la face cach\u00e9e de Paris. C&rsquo;est donc l&rsquo;image d&rsquo;une ville dense mais avec des a\u00e9rations que l&rsquo;on retrouve dans l&rsquo;illustration g\u00e9n\u00e9rique, une image color\u00e9e, joyeuse, dynamique o\u00f9 la surprise peut surgir \u00e0 chaque coin de rue. Une image dans laquelle on se balade, on se laisse surprendre, une image o\u00f9 chacune des th\u00e9matiques est abord\u00e9e. Une image qui parle de cr\u00e9a-tion, d&rsquo;eau, de nature, de quartiers qui bougent, et dans laquelle on a envie de d\u00e9ambuler, de vivre. Les jumelles appos\u00e9es sur le visuel viennent mettre l&rsquo;accent sur la notion d&rsquo;exploration, d&rsquo;immersion dans un quartier, dans une entreprise, dans cette aventure au coin de la rue. De multiples personnages peuplent le visuel. Explore Paris c&rsquo;est aussi le Paris des habitants, le Paris du m\u00e9lange, le Paris des march\u00e9s, le Paris de la convivialit\u00e9 et du bien-manger. Un Paris de la modernit\u00e9 qui n&rsquo;est ni d\u00e9sincarn\u00e9, ni d\u00e9shumanis\u00e9, un Paris du partage.<\/p>\n\n\n\n<figure class=\"wp-block-image size-large\"><a href=\"https:\/\/www.tourisme-valdemarne.com\/espace-pro\/wp-content\/uploads\/sites\/3\/2023\/11\/exploreparis_decli_facebook_960x7202.png\"><img width=\"1200\" height=\"900\" data-src=\"https:\/\/www.tourisme-valdemarne.com\/espace-pro\/wp-content\/uploads\/sites\/3\/2023\/11\/exploreparis_decli_facebook_960x7202-1200x900.png\" alt=\"\" class=\"wp-image-16376\" srcset=\"https:\/\/www.tourisme-valdemarne.com\/espace-pro\/wp-content\/uploads\/sites\/3\/2023\/11\/exploreparis_decli_facebook_960x7202-1200x900.png 1200w, https:\/\/www.tourisme-valdemarne.com\/espace-pro\/wp-content\/uploads\/sites\/3\/2023\/11\/exploreparis_decli_facebook_960x7202-600x450.png 600w, https:\/\/www.tourisme-valdemarne.com\/espace-pro\/wp-content\/uploads\/sites\/3\/2023\/11\/exploreparis_decli_facebook_960x7202-900x675.png 900w, https:\/\/www.tourisme-valdemarne.com\/espace-pro\/wp-content\/uploads\/sites\/3\/2023\/11\/exploreparis_decli_facebook_960x7202-1536x1152.png 1536w, https:\/\/www.tourisme-valdemarne.com\/espace-pro\/wp-content\/uploads\/sites\/3\/2023\/11\/exploreparis_decli_facebook_960x7202-380x285.png 380w, https:\/\/www.tourisme-valdemarne.com\/espace-pro\/wp-content\/uploads\/sites\/3\/2023\/11\/exploreparis_decli_facebook_960x7202-200x150.png 200w, https:\/\/www.tourisme-valdemarne.com\/espace-pro\/wp-content\/uploads\/sites\/3\/2023\/11\/exploreparis_decli_facebook_960x7202.png 2000w\" sizes=\"(max-width: 1200px) 100vw, 1200px\" \/><\/a><figcaption>Nouveau graphisme ExploreParis<\/figcaption><\/figure>\n\n\n\n<h3 class=\"wp-block-heading\">ExploreParis, une aventure qui ne fait que commencer<\/h3>\n\n\n\n<p>Fort de ce succ\u00e8s et de cette visibilit\u00e9, #ExploreParis se projette dans l\u2019avenir et souhaite conforter sa place en tant qu\u2019acteur incontournable du nouveau tourisme dans le grand Paris : un tourisme de son temps, o\u00f9 la visite est \u00e0 la fois une exp\u00e9rience exceptionnelle et \u00e9coresponsable, o\u00f9 la ville est rendue \u00e0 celles et ceux qui l\u2019habitent, et o\u00f9 les visiteurs du monde entier sont invit\u00e9s \u00e0 se laisser d\u00e9router\u2026<br>Pour les cinq ann\u00e9es qui viennent, Explore Paris prend cinq engagements pour transformer en profondeur le mod\u00e8le d\u2019attractivit\u00e9 de Paris :<\/p>\n\n\n\n<ul class=\"wp-block-list\"><li>Mettre en tourisme des p\u00f4les ou des lieux \u00e9loign\u00e9s du centre historique de Paris<\/li><li>Faire \u00e9merger les p\u00e9pites m\u00e9connues des territoires du grand Paris<\/li><li>Approfondir ses partenariats avec les grands acteurs du tourisme m\u00e9tropolitain pour rendre incontournable le r\u00e9cit grand parisien<\/li><li>\u00c9tendre sa notori\u00e9t\u00e9 aupr\u00e8s des habitants du Grand Paris<\/li><li>D\u00e9velopper l&rsquo;offre \u00e0 destination des touristes nationaux et internationaux<\/li><\/ul>\n\n\n\n<p>Apr\u00e8s 5 ans d\u2019existence #ExploreParis c\u2019est :<\/p>\n\n\n\n<ul class=\"wp-block-list\"><li>25.000 visites insolites r\u00e9alis\u00e9es dans le Grand Paris <\/li><li>275 000 visiteurs : habitants, Franciliens, Fran\u00e7ais et touristes <\/li><li>100.000 clients uniques <\/li><li>Plus de 500 acteurs partenaires associ\u00e9s : guides, associations, artistes etc. <\/li><li>1,5M\u20ac de chiffre d\u2019affaires apport\u00e9 aux partenaires <\/li><li>20% de croissance annuelle d\u2019activit\u00e9 <\/li><li>6 millions de sessions internet, 15 millions de pages vues, 90 000 abonn\u00e9s \u00e0 la newsletter hebdomadaire<\/li><\/ul>\n\n\n\n<p><em>ExploreParis a \u00e9t\u00e9 cr\u00e9\u00e9 par la fusion des boutiques en ligne des agences publiques de d\u00e9veloppement touristique Seine-Saint-Denis Tourisme et Val-de-Marne Tourisme &amp; Loisirs, dans le sillage du contrat de destination qui lie, outre ces deux entit\u00e9s, Paris Je t\u2019aime, le D\u00e9partement des Hauts-de-Seine, la RATP, Paris&amp;Co, l&rsquo;IREST, Atout France, la M\u00e9tropole du Grand Paris et Choose Paris Region.<\/em><\/p>\n\n\n\n<div class=\"wp-block-buttons is-content-justification-center is-layout-flex wp-container-core-buttons-is-layout-1 wp-block-buttons-is-layout-flex\">\n<div class=\"wp-block-button\"><a class=\"wp-block-button__link\" href=\"https:\/\/www.tourisme-valdemarne.com\/espace-pro\/wp-content\/uploads\/sites\/3\/2023\/11\/cp-explore-paris-a-5-ans-et-se-dote-dune-nouvelle-identite-graphique.pdf\" target=\"_blank\" rel=\"noreferrer noopener\">TELECHARGER LE DOSSIER DE PRESSE EN PDF<\/a><\/div>\n<\/div>\n\n\n\n<div class=\"wp-block-buttons is-content-justification-center is-layout-flex wp-container-core-buttons-is-layout-2 wp-block-buttons-is-layout-flex\">\n<div class=\"wp-block-button\"><a class=\"wp-block-button__link\" href=\"https:\/\/exploreparis.com\/fr\/\" target=\"_blank\" rel=\"noreferrer noopener\">VISITER LA BOUTIQUE EXPLOREPARIS<\/a><\/div>\n<\/div>\n","protected":false},"excerpt":{"rendered":"<p>COMMUNIQUE DE PRESSE 5 ans apr\u00e8s, un nouveau souffle pour le tourisme dans le Grand Paris et une nouvelle identit\u00e9 graphique Incarnation du Grand Paris touristique, la plateforme sp\u00e9cialis\u00e9e dans les visites guid\u00e9es et les balades urbaines vient de passer le cap de ses cinq ans et de ses 275.000 visiteurs.Fen\u00eatre sur un Paris \u00e9largi, [&hellip;]<\/p>\n","protected":false},"author":9,"featured_media":16373,"parent":179,"menu_order":5,"comment_status":"closed","ping_status":"closed","template":"","meta":{"_relevanssi_hide_post":"","_relevanssi_hide_content":"","_relevanssi_pin_for_all":"","_relevanssi_pin_keywords":"","_relevanssi_unpin_keywords":"","_relevanssi_related_keywords":"","_relevanssi_related_include_ids":"","_relevanssi_related_exclude_ids":"","_relevanssi_related_no_append":"","_relevanssi_related_not_related":"","_relevanssi_related_posts":"8084,2749,8083,2741,8077,8105","_relevanssi_noindex_reason":"","footnotes":""},"vdmTagMarketing":[],"class_list":["post-16370","page","type-page","status-publish","has-post-thumbnail","hentry"],"acf":[],"yoast_head":"<!-- This site is optimized with the Yoast SEO plugin v23.9 - https:\/\/yoast.com\/wordpress\/plugins\/seo\/ -->\n<title>ExploreParis 5 ans apr\u00e8s, un nouveau souffle pour le tourisme - Espace Pro<\/title>\n<meta name=\"robots\" content=\"index, follow, max-snippet:-1, max-image-preview:large, max-video-preview:-1\" \/>\n<link rel=\"canonical\" href=\"https:\/\/www.tourisme-valdemarne.com\/espace-pro\/presse\/actualites-et-communiques-de-presse\/exploreparis-5-ans-apres-un-nouveau-souffle-pour-le-tourisme\/\" \/>\n<meta property=\"og:locale\" content=\"fr_FR\" \/>\n<meta property=\"og:type\" content=\"article\" \/>\n<meta property=\"og:title\" content=\"ExploreParis 5 ans apr\u00e8s, un nouveau souffle pour le tourisme - Espace Pro\" \/>\n<meta property=\"og:description\" content=\"COMMUNIQUE DE PRESSE 5 ans apr\u00e8s, un nouveau souffle pour le tourisme dans le Grand Paris et une nouvelle identit\u00e9 graphique Incarnation du Grand Paris touristique, la plateforme sp\u00e9cialis\u00e9e dans les visites guid\u00e9es et les balades urbaines vient de passer le cap de ses cinq ans et de ses 275.000 visiteurs.Fen\u00eatre sur un Paris \u00e9largi, [&hellip;]\" \/>\n<meta property=\"og:url\" content=\"https:\/\/www.tourisme-valdemarne.com\/espace-pro\/presse\/actualites-et-communiques-de-presse\/exploreparis-5-ans-apres-un-nouveau-souffle-pour-le-tourisme\/\" \/>\n<meta property=\"og:site_name\" content=\"Espace Pro\" \/>\n<meta property=\"article:modified_time\" content=\"2024-07-25T12:09:58+00:00\" \/>\n<meta property=\"og:image\" content=\"https:\/\/www.tourisme-valdemarne.com\/espace-pro\/wp-content\/uploads\/sites\/3\/2023\/11\/bandeau-web-ep.jpg\" \/>\n\t<meta property=\"og:image:width\" content=\"1600\" \/>\n\t<meta property=\"og:image:height\" content=\"900\" \/>\n\t<meta property=\"og:image:type\" content=\"image\/jpeg\" \/>\n<meta name=\"twitter:card\" content=\"summary_large_image\" \/>\n<meta name=\"twitter:label1\" content=\"Dur\u00e9e de lecture estim\u00e9e\" \/>\n\t<meta name=\"twitter:data1\" content=\"5 minutes\" \/>\n<script type=\"application\/ld+json\" class=\"yoast-schema-graph\">{\"@context\":\"https:\/\/schema.org\",\"@graph\":[{\"@type\":\"WebPage\",\"@id\":\"https:\/\/www.tourisme-valdemarne.com\/espace-pro\/presse\/actualites-et-communiques-de-presse\/exploreparis-5-ans-apres-un-nouveau-souffle-pour-le-tourisme\/\",\"url\":\"https:\/\/www.tourisme-valdemarne.com\/espace-pro\/presse\/actualites-et-communiques-de-presse\/exploreparis-5-ans-apres-un-nouveau-souffle-pour-le-tourisme\/\",\"name\":\"ExploreParis 5 ans apr\u00e8s, un nouveau souffle pour le tourisme - Espace Pro\",\"isPartOf\":{\"@id\":\"https:\/\/www.tourisme-valdemarne.com\/espace-pro\/#website\"},\"primaryImageOfPage\":{\"@id\":\"https:\/\/www.tourisme-valdemarne.com\/espace-pro\/presse\/actualites-et-communiques-de-presse\/exploreparis-5-ans-apres-un-nouveau-souffle-pour-le-tourisme\/#primaryimage\"},\"image\":{\"@id\":\"https:\/\/www.tourisme-valdemarne.com\/espace-pro\/presse\/actualites-et-communiques-de-presse\/exploreparis-5-ans-apres-un-nouveau-souffle-pour-le-tourisme\/#primaryimage\"},\"thumbnailUrl\":\"https:\/\/www.tourisme-valdemarne.com\/espace-pro\/wp-content\/uploads\/sites\/3\/2023\/11\/bandeau-web-ep.jpg\",\"datePublished\":\"2023-11-10T13:34:48+00:00\",\"dateModified\":\"2024-07-25T12:09:58+00:00\",\"breadcrumb\":{\"@id\":\"https:\/\/www.tourisme-valdemarne.com\/espace-pro\/presse\/actualites-et-communiques-de-presse\/exploreparis-5-ans-apres-un-nouveau-souffle-pour-le-tourisme\/#breadcrumb\"},\"inLanguage\":\"fr-FR\",\"potentialAction\":[{\"@type\":\"ReadAction\",\"target\":[\"https:\/\/www.tourisme-valdemarne.com\/espace-pro\/presse\/actualites-et-communiques-de-presse\/exploreparis-5-ans-apres-un-nouveau-souffle-pour-le-tourisme\/\"]}]},{\"@type\":\"ImageObject\",\"inLanguage\":\"fr-FR\",\"@id\":\"https:\/\/www.tourisme-valdemarne.com\/espace-pro\/presse\/actualites-et-communiques-de-presse\/exploreparis-5-ans-apres-un-nouveau-souffle-pour-le-tourisme\/#primaryimage\",\"url\":\"https:\/\/www.tourisme-valdemarne.com\/espace-pro\/wp-content\/uploads\/sites\/3\/2023\/11\/bandeau-web-ep.jpg\",\"contentUrl\":\"https:\/\/www.tourisme-valdemarne.com\/espace-pro\/wp-content\/uploads\/sites\/3\/2023\/11\/bandeau-web-ep.jpg\",\"width\":1600,\"height\":900},{\"@type\":\"BreadcrumbList\",\"@id\":\"https:\/\/www.tourisme-valdemarne.com\/espace-pro\/presse\/actualites-et-communiques-de-presse\/exploreparis-5-ans-apres-un-nouveau-souffle-pour-le-tourisme\/#breadcrumb\",\"itemListElement\":[{\"@type\":\"ListItem\",\"position\":1,\"name\":\"Accueil\",\"item\":\"https:\/\/www.tourisme-valdemarne.com\/espace-pro\/\"},{\"@type\":\"ListItem\",\"position\":2,\"name\":\"Presse\",\"item\":\"https:\/\/www.tourisme-valdemarne.com\/espace-pro\/presse\/\"},{\"@type\":\"ListItem\",\"position\":3,\"name\":\"Actualit\u00e9s et communiqu\u00e9s de presse\",\"item\":\"https:\/\/www.tourisme-valdemarne.com\/espace-pro\/presse\/actualites-et-communiques-de-presse\/\"},{\"@type\":\"ListItem\",\"position\":4,\"name\":\"ExploreParis 5 ans apr\u00e8s, un nouveau souffle pour le tourisme\"}]},{\"@type\":\"WebSite\",\"@id\":\"https:\/\/www.tourisme-valdemarne.com\/espace-pro\/#website\",\"url\":\"https:\/\/www.tourisme-valdemarne.com\/espace-pro\/\",\"name\":\"Espace Pro\",\"description\":\"Informations et outils pour les professionnels et la Presse\",\"potentialAction\":[{\"@type\":\"SearchAction\",\"target\":{\"@type\":\"EntryPoint\",\"urlTemplate\":\"https:\/\/www.tourisme-valdemarne.com\/espace-pro\/?s={search_term_string}\"},\"query-input\":{\"@type\":\"PropertyValueSpecification\",\"valueRequired\":true,\"valueName\":\"search_term_string\"}}],\"inLanguage\":\"fr-FR\"}]}<\/script>\n<!-- \/ Yoast SEO plugin. -->","yoast_head_json":{"title":"ExploreParis 5 ans apr\u00e8s, un nouveau souffle pour le tourisme - Espace Pro","robots":{"index":"index","follow":"follow","max-snippet":"max-snippet:-1","max-image-preview":"max-image-preview:large","max-video-preview":"max-video-preview:-1"},"canonical":"https:\/\/www.tourisme-valdemarne.com\/espace-pro\/presse\/actualites-et-communiques-de-presse\/exploreparis-5-ans-apres-un-nouveau-souffle-pour-le-tourisme\/","og_locale":"fr_FR","og_type":"article","og_title":"ExploreParis 5 ans apr\u00e8s, un nouveau souffle pour le tourisme - Espace Pro","og_description":"COMMUNIQUE DE PRESSE 5 ans apr\u00e8s, un nouveau souffle pour le tourisme dans le Grand Paris et une nouvelle identit\u00e9 graphique Incarnation du Grand Paris touristique, la plateforme sp\u00e9cialis\u00e9e dans les visites guid\u00e9es et les balades urbaines vient de passer le cap de ses cinq ans et de ses 275.000 visiteurs.Fen\u00eatre sur un Paris \u00e9largi, [&hellip;]","og_url":"https:\/\/www.tourisme-valdemarne.com\/espace-pro\/presse\/actualites-et-communiques-de-presse\/exploreparis-5-ans-apres-un-nouveau-souffle-pour-le-tourisme\/","og_site_name":"Espace Pro","article_modified_time":"2024-07-25T12:09:58+00:00","og_image":[{"width":1600,"height":900,"url":"https:\/\/www.tourisme-valdemarne.com\/espace-pro\/wp-content\/uploads\/sites\/3\/2023\/11\/bandeau-web-ep.jpg","type":"image\/jpeg"}],"twitter_card":"summary_large_image","twitter_misc":{"Dur\u00e9e de lecture estim\u00e9e":"5 minutes"},"schema":{"@context":"https:\/\/schema.org","@graph":[{"@type":"WebPage","@id":"https:\/\/www.tourisme-valdemarne.com\/espace-pro\/presse\/actualites-et-communiques-de-presse\/exploreparis-5-ans-apres-un-nouveau-souffle-pour-le-tourisme\/","url":"https:\/\/www.tourisme-valdemarne.com\/espace-pro\/presse\/actualites-et-communiques-de-presse\/exploreparis-5-ans-apres-un-nouveau-souffle-pour-le-tourisme\/","name":"ExploreParis 5 ans apr\u00e8s, un nouveau souffle pour le tourisme - Espace Pro","isPartOf":{"@id":"https:\/\/www.tourisme-valdemarne.com\/espace-pro\/#website"},"primaryImageOfPage":{"@id":"https:\/\/www.tourisme-valdemarne.com\/espace-pro\/presse\/actualites-et-communiques-de-presse\/exploreparis-5-ans-apres-un-nouveau-souffle-pour-le-tourisme\/#primaryimage"},"image":{"@id":"https:\/\/www.tourisme-valdemarne.com\/espace-pro\/presse\/actualites-et-communiques-de-presse\/exploreparis-5-ans-apres-un-nouveau-souffle-pour-le-tourisme\/#primaryimage"},"thumbnailUrl":"https:\/\/www.tourisme-valdemarne.com\/espace-pro\/wp-content\/uploads\/sites\/3\/2023\/11\/bandeau-web-ep.jpg","datePublished":"2023-11-10T13:34:48+00:00","dateModified":"2024-07-25T12:09:58+00:00","breadcrumb":{"@id":"https:\/\/www.tourisme-valdemarne.com\/espace-pro\/presse\/actualites-et-communiques-de-presse\/exploreparis-5-ans-apres-un-nouveau-souffle-pour-le-tourisme\/#breadcrumb"},"inLanguage":"fr-FR","potentialAction":[{"@type":"ReadAction","target":["https:\/\/www.tourisme-valdemarne.com\/espace-pro\/presse\/actualites-et-communiques-de-presse\/exploreparis-5-ans-apres-un-nouveau-souffle-pour-le-tourisme\/"]}]},{"@type":"ImageObject","inLanguage":"fr-FR","@id":"https:\/\/www.tourisme-valdemarne.com\/espace-pro\/presse\/actualites-et-communiques-de-presse\/exploreparis-5-ans-apres-un-nouveau-souffle-pour-le-tourisme\/#primaryimage","url":"https:\/\/www.tourisme-valdemarne.com\/espace-pro\/wp-content\/uploads\/sites\/3\/2023\/11\/bandeau-web-ep.jpg","contentUrl":"https:\/\/www.tourisme-valdemarne.com\/espace-pro\/wp-content\/uploads\/sites\/3\/2023\/11\/bandeau-web-ep.jpg","width":1600,"height":900},{"@type":"BreadcrumbList","@id":"https:\/\/www.tourisme-valdemarne.com\/espace-pro\/presse\/actualites-et-communiques-de-presse\/exploreparis-5-ans-apres-un-nouveau-souffle-pour-le-tourisme\/#breadcrumb","itemListElement":[{"@type":"ListItem","position":1,"name":"Accueil","item":"https:\/\/www.tourisme-valdemarne.com\/espace-pro\/"},{"@type":"ListItem","position":2,"name":"Presse","item":"https:\/\/www.tourisme-valdemarne.com\/espace-pro\/presse\/"},{"@type":"ListItem","position":3,"name":"Actualit\u00e9s et communiqu\u00e9s de presse","item":"https:\/\/www.tourisme-valdemarne.com\/espace-pro\/presse\/actualites-et-communiques-de-presse\/"},{"@type":"ListItem","position":4,"name":"ExploreParis 5 ans apr\u00e8s, un nouveau souffle pour le tourisme"}]},{"@type":"WebSite","@id":"https:\/\/www.tourisme-valdemarne.com\/espace-pro\/#website","url":"https:\/\/www.tourisme-valdemarne.com\/espace-pro\/","name":"Espace Pro","description":"Informations et outils pour les professionnels et la Presse","potentialAction":[{"@type":"SearchAction","target":{"@type":"EntryPoint","urlTemplate":"https:\/\/www.tourisme-valdemarne.com\/espace-pro\/?s={search_term_string}"},"query-input":{"@type":"PropertyValueSpecification","valueRequired":true,"valueName":"search_term_string"}}],"inLanguage":"fr-FR"}]}},"_links":{"self":[{"href":"https:\/\/www.tourisme-valdemarne.com\/espace-pro\/wp-json\/wp\/v2\/pages\/16370","targetHints":{"allow":["GET"]}}],"collection":[{"href":"https:\/\/www.tourisme-valdemarne.com\/espace-pro\/wp-json\/wp\/v2\/pages"}],"about":[{"href":"https:\/\/www.tourisme-valdemarne.com\/espace-pro\/wp-json\/wp\/v2\/types\/page"}],"author":[{"embeddable":true,"href":"https:\/\/www.tourisme-valdemarne.com\/espace-pro\/wp-json\/wp\/v2\/users\/9"}],"replies":[{"embeddable":true,"href":"https:\/\/www.tourisme-valdemarne.com\/espace-pro\/wp-json\/wp\/v2\/comments?post=16370"}],"version-history":[{"count":11,"href":"https:\/\/www.tourisme-valdemarne.com\/espace-pro\/wp-json\/wp\/v2\/pages\/16370\/revisions"}],"predecessor-version":[{"id":16386,"href":"https:\/\/www.tourisme-valdemarne.com\/espace-pro\/wp-json\/wp\/v2\/pages\/16370\/revisions\/16386"}],"up":[{"embeddable":true,"href":"https:\/\/www.tourisme-valdemarne.com\/espace-pro\/wp-json\/wp\/v2\/pages\/179"}],"wp:featuredmedia":[{"embeddable":true,"href":"https:\/\/www.tourisme-valdemarne.com\/espace-pro\/wp-json\/wp\/v2\/media\/16373"}],"wp:attachment":[{"href":"https:\/\/www.tourisme-valdemarne.com\/espace-pro\/wp-json\/wp\/v2\/media?parent=16370"}],"wp:term":[{"taxonomy":"vdmTagMarketing","embeddable":true,"href":"https:\/\/www.tourisme-valdemarne.com\/espace-pro\/wp-json\/wp\/v2\/vdmTagMarketing?post=16370"}],"curies":[{"name":"wp","href":"https:\/\/api.w.org\/{rel}","templated":true}]}}