{"id":161,"date":"2019-04-16T16:13:45","date_gmt":"2019-04-16T14:13:45","guid":{"rendered":"https:\/\/www.tourisme-valdemarne.com\/espace-pro\/agenda-en-ligne"},"modified":"2025-09-22T14:08:43","modified_gmt":"2025-09-22T12:08:43","slug":"agenda-en-ligne","status":"publish","type":"page","link":"https:\/\/www.tourisme-valdemarne.com\/espace-pro\/outils-a-votre-service\/agenda-en-ligne\/","title":{"rendered":"Agenda en ligne"},"content":{"rendered":"\n<p class=\"is-style-excerpt\">B\u00e9n\u00e9ficiez d&rsquo;une visibilit\u00e9 pour vos \u00e9v\u00e8nements gr\u00e2ce \u00e0 notre agenda en ligne participatif.<\/p>\n\n\n\n<h2 class=\"wp-block-heading\">Ajouter vos \u00e9v\u00e8nements grand public dans l\u2019agenda en ligne<\/h2>\n\n\n\n<p>Val-de-Marne Tourisme &amp; Loisirs pr\u00e9sente sur son site web <a href=\"https:\/\/www.tourisme-valdemarne.com\/agendas\/tout-lagenda\/\"><strong>un agenda regroupant tous les \u00e9v\u00e8nements grand public<\/strong><\/a> du d\u00e9partement (expositions, spectacles, festivals, visites\u2026). <\/p>\n\n\n\n<p>Chaque ville ou site val-de-marnais peut b\u00e9n\u00e9ficier d\u2019une visibilit\u00e9 dans cet agenda participatif.<\/p>\n\n\n\n<p>Celui-ci <strong>sert \u00e9galement \u00e0 alimenter nos r\u00e9seaux sociaux, nos newsletters<\/strong> ainsi que nos dossiers sp\u00e9cifiques pour les vacances, pour vous assurer une meilleure visibilit\u00e9 de vos \u00e9v\u00e8nements.<\/p>\n\n\n\n<p class=\"is-style-highlight\">Pour y figurer, vous pouvez <a href=\"https:\/\/cdt94.tourinsoft.com\/questionnaire-web\/048942a0-d385-4efb-8c96-cb62ce4a6a4e\/91d0824a-d936-450f-85f9-595805b36f0c\/add.aspx\">remplir le formulaire d\u2019ajout d\u2019un \u00e9v\u00e8nement<\/a>.<\/p>\n\n\n\n<h2 class=\"wp-block-heading\">Nos prochains \u00e9v\u00e8nements Professionnels<\/h2>\n","protected":false},"excerpt":{"rendered":"<p>B\u00e9n\u00e9ficiez d&rsquo;une visibilit\u00e9 pour vos \u00e9v\u00e8nements gr\u00e2ce \u00e0 notre agenda en ligne participatif. Ajouter vos \u00e9v\u00e8nements grand public dans l\u2019agenda en ligne Val-de-Marne Tourisme &amp; Loisirs pr\u00e9sente sur son site web un agenda regroupant tous les \u00e9v\u00e8nements grand public du d\u00e9partement (expositions, spectacles, festivals, visites\u2026). Chaque ville ou site val-de-marnais peut b\u00e9n\u00e9ficier d\u2019une visibilit\u00e9 dans [&hellip;]<\/p>\n","protected":false},"author":1,"featured_media":3190,"parent":17,"menu_order":20,"comment_status":"closed","ping_status":"closed","template":"","meta":{"_relevanssi_hide_post":"","_relevanssi_hide_content":"","_relevanssi_pin_for_all":"","_relevanssi_pin_keywords":"","_relevanssi_unpin_keywords":"","_relevanssi_related_keywords":"","_relevanssi_related_include_ids":"","_relevanssi_related_exclude_ids":"","_relevanssi_related_no_append":"","_relevanssi_related_not_related":"","_relevanssi_related_posts":"442,2745,8104,8108,8077,8074","_relevanssi_noindex_reason":"","footnotes":""},"vdmTagMarketing":[],"class_list":["post-161","page","type-page","status-publish","has-post-thumbnail","hentry"],"acf":[],"yoast_head":"<!-- This site is optimized with the Yoast SEO plugin v23.9 - https:\/\/yoast.com\/wordpress\/plugins\/seo\/ -->\n<title>Agenda en ligne - Espace Pro<\/title>\n<meta name=\"robots\" content=\"index, follow, max-snippet:-1, max-image-preview:large, max-video-preview:-1\" \/>\n<link rel=\"canonical\" href=\"https:\/\/www.tourisme-valdemarne.com\/espace-pro\/outils-a-votre-service\/agenda-en-ligne\/\" \/>\n<meta property=\"og:locale\" content=\"fr_FR\" \/>\n<meta property=\"og:type\" content=\"article\" \/>\n<meta property=\"og:title\" content=\"Agenda en ligne - Espace Pro\" \/>\n<meta property=\"og:description\" content=\"B\u00e9n\u00e9ficiez d&rsquo;une visibilit\u00e9 pour vos \u00e9v\u00e8nements gr\u00e2ce \u00e0 notre agenda en ligne participatif. Ajouter vos \u00e9v\u00e8nements grand public dans l\u2019agenda en ligne Val-de-Marne Tourisme &amp; Loisirs pr\u00e9sente sur son site web un agenda regroupant tous les \u00e9v\u00e8nements grand public du d\u00e9partement (expositions, spectacles, festivals, visites\u2026). Chaque ville ou site val-de-marnais peut b\u00e9n\u00e9ficier d\u2019une visibilit\u00e9 dans [&hellip;]\" \/>\n<meta property=\"og:url\" content=\"https:\/\/www.tourisme-valdemarne.com\/espace-pro\/outils-a-votre-service\/agenda-en-ligne\/\" \/>\n<meta property=\"og:site_name\" content=\"Espace Pro\" \/>\n<meta property=\"article:modified_time\" content=\"2025-09-22T12:08:43+00:00\" \/>\n<meta property=\"og:image\" content=\"https:\/\/www.tourisme-valdemarne.com\/espace-pro\/wp-content\/uploads\/sites\/3\/2019\/06\/facade-mac-val-vitry-sur-seine-cp-cdt94-d-thierry.jpg\" \/>\n\t<meta property=\"og:image:width\" content=\"1600\" \/>\n\t<meta property=\"og:image:height\" content=\"1071\" \/>\n\t<meta property=\"og:image:type\" content=\"image\/jpeg\" \/>\n<meta name=\"twitter:card\" content=\"summary_large_image\" \/>\n<meta name=\"twitter:label1\" content=\"Dur\u00e9e de lecture estim\u00e9e\" \/>\n\t<meta name=\"twitter:data1\" content=\"1 minute\" \/>\n<script type=\"application\/ld+json\" class=\"yoast-schema-graph\">{\"@context\":\"https:\/\/schema.org\",\"@graph\":[{\"@type\":\"WebPage\",\"@id\":\"https:\/\/www.tourisme-valdemarne.com\/espace-pro\/outils-a-votre-service\/agenda-en-ligne\/\",\"url\":\"https:\/\/www.tourisme-valdemarne.com\/espace-pro\/outils-a-votre-service\/agenda-en-ligne\/\",\"name\":\"Agenda en ligne - Espace Pro\",\"isPartOf\":{\"@id\":\"https:\/\/www.tourisme-valdemarne.com\/espace-pro\/#website\"},\"primaryImageOfPage\":{\"@id\":\"https:\/\/www.tourisme-valdemarne.com\/espace-pro\/outils-a-votre-service\/agenda-en-ligne\/#primaryimage\"},\"image\":{\"@id\":\"https:\/\/www.tourisme-valdemarne.com\/espace-pro\/outils-a-votre-service\/agenda-en-ligne\/#primaryimage\"},\"thumbnailUrl\":\"https:\/\/www.tourisme-valdemarne.com\/espace-pro\/wp-content\/uploads\/sites\/3\/2019\/06\/facade-mac-val-vitry-sur-seine-cp-cdt94-d-thierry.jpg\",\"datePublished\":\"2019-04-16T14:13:45+00:00\",\"dateModified\":\"2025-09-22T12:08:43+00:00\",\"breadcrumb\":{\"@id\":\"https:\/\/www.tourisme-valdemarne.com\/espace-pro\/outils-a-votre-service\/agenda-en-ligne\/#breadcrumb\"},\"inLanguage\":\"fr-FR\",\"potentialAction\":[{\"@type\":\"ReadAction\",\"target\":[\"https:\/\/www.tourisme-valdemarne.com\/espace-pro\/outils-a-votre-service\/agenda-en-ligne\/\"]}]},{\"@type\":\"ImageObject\",\"inLanguage\":\"fr-FR\",\"@id\":\"https:\/\/www.tourisme-valdemarne.com\/espace-pro\/outils-a-votre-service\/agenda-en-ligne\/#primaryimage\",\"url\":\"https:\/\/www.tourisme-valdemarne.com\/espace-pro\/wp-content\/uploads\/sites\/3\/2019\/06\/facade-mac-val-vitry-sur-seine-cp-cdt94-d-thierry.jpg\",\"contentUrl\":\"https:\/\/www.tourisme-valdemarne.com\/espace-pro\/wp-content\/uploads\/sites\/3\/2019\/06\/facade-mac-val-vitry-sur-seine-cp-cdt94-d-thierry.jpg\",\"width\":1600,\"height\":1071,\"caption\":\"Le MAC VAL de Vitry-sur-Seine \u00a9 CDT94\/D.Thierry\"},{\"@type\":\"BreadcrumbList\",\"@id\":\"https:\/\/www.tourisme-valdemarne.com\/espace-pro\/outils-a-votre-service\/agenda-en-ligne\/#breadcrumb\",\"itemListElement\":[{\"@type\":\"ListItem\",\"position\":1,\"name\":\"Accueil\",\"item\":\"https:\/\/www.tourisme-valdemarne.com\/espace-pro\/\"},{\"@type\":\"ListItem\",\"position\":2,\"name\":\"Outils \u00e0 votre service\",\"item\":\"https:\/\/www.tourisme-valdemarne.com\/espace-pro\/outils-a-votre-service\/\"},{\"@type\":\"ListItem\",\"position\":3,\"name\":\"Agenda en ligne\"}]},{\"@type\":\"WebSite\",\"@id\":\"https:\/\/www.tourisme-valdemarne.com\/espace-pro\/#website\",\"url\":\"https:\/\/www.tourisme-valdemarne.com\/espace-pro\/\",\"name\":\"Espace Pro\",\"description\":\"Informations et outils pour les professionnels et la Presse\",\"potentialAction\":[{\"@type\":\"SearchAction\",\"target\":{\"@type\":\"EntryPoint\",\"urlTemplate\":\"https:\/\/www.tourisme-valdemarne.com\/espace-pro\/?s={search_term_string}\"},\"query-input\":{\"@type\":\"PropertyValueSpecification\",\"valueRequired\":true,\"valueName\":\"search_term_string\"}}],\"inLanguage\":\"fr-FR\"}]}<\/script>\n<!-- \/ Yoast SEO plugin. -->","yoast_head_json":{"title":"Agenda en ligne - Espace Pro","robots":{"index":"index","follow":"follow","max-snippet":"max-snippet:-1","max-image-preview":"max-image-preview:large","max-video-preview":"max-video-preview:-1"},"canonical":"https:\/\/www.tourisme-valdemarne.com\/espace-pro\/outils-a-votre-service\/agenda-en-ligne\/","og_locale":"fr_FR","og_type":"article","og_title":"Agenda en ligne - Espace Pro","og_description":"B\u00e9n\u00e9ficiez d&rsquo;une visibilit\u00e9 pour vos \u00e9v\u00e8nements gr\u00e2ce \u00e0 notre agenda en ligne participatif. Ajouter vos \u00e9v\u00e8nements grand public dans l\u2019agenda en ligne Val-de-Marne Tourisme &amp; Loisirs pr\u00e9sente sur son site web un agenda regroupant tous les \u00e9v\u00e8nements grand public du d\u00e9partement (expositions, spectacles, festivals, visites\u2026). Chaque ville ou site val-de-marnais peut b\u00e9n\u00e9ficier d\u2019une visibilit\u00e9 dans [&hellip;]","og_url":"https:\/\/www.tourisme-valdemarne.com\/espace-pro\/outils-a-votre-service\/agenda-en-ligne\/","og_site_name":"Espace Pro","article_modified_time":"2025-09-22T12:08:43+00:00","og_image":[{"width":1600,"height":1071,"url":"https:\/\/www.tourisme-valdemarne.com\/espace-pro\/wp-content\/uploads\/sites\/3\/2019\/06\/facade-mac-val-vitry-sur-seine-cp-cdt94-d-thierry.jpg","type":"image\/jpeg"}],"twitter_card":"summary_large_image","twitter_misc":{"Dur\u00e9e de lecture estim\u00e9e":"1 minute"},"schema":{"@context":"https:\/\/schema.org","@graph":[{"@type":"WebPage","@id":"https:\/\/www.tourisme-valdemarne.com\/espace-pro\/outils-a-votre-service\/agenda-en-ligne\/","url":"https:\/\/www.tourisme-valdemarne.com\/espace-pro\/outils-a-votre-service\/agenda-en-ligne\/","name":"Agenda en ligne - Espace Pro","isPartOf":{"@id":"https:\/\/www.tourisme-valdemarne.com\/espace-pro\/#website"},"primaryImageOfPage":{"@id":"https:\/\/www.tourisme-valdemarne.com\/espace-pro\/outils-a-votre-service\/agenda-en-ligne\/#primaryimage"},"image":{"@id":"https:\/\/www.tourisme-valdemarne.com\/espace-pro\/outils-a-votre-service\/agenda-en-ligne\/#primaryimage"},"thumbnailUrl":"https:\/\/www.tourisme-valdemarne.com\/espace-pro\/wp-content\/uploads\/sites\/3\/2019\/06\/facade-mac-val-vitry-sur-seine-cp-cdt94-d-thierry.jpg","datePublished":"2019-04-16T14:13:45+00:00","dateModified":"2025-09-22T12:08:43+00:00","breadcrumb":{"@id":"https:\/\/www.tourisme-valdemarne.com\/espace-pro\/outils-a-votre-service\/agenda-en-ligne\/#breadcrumb"},"inLanguage":"fr-FR","potentialAction":[{"@type":"ReadAction","target":["https:\/\/www.tourisme-valdemarne.com\/espace-pro\/outils-a-votre-service\/agenda-en-ligne\/"]}]},{"@type":"ImageObject","inLanguage":"fr-FR","@id":"https:\/\/www.tourisme-valdemarne.com\/espace-pro\/outils-a-votre-service\/agenda-en-ligne\/#primaryimage","url":"https:\/\/www.tourisme-valdemarne.com\/espace-pro\/wp-content\/uploads\/sites\/3\/2019\/06\/facade-mac-val-vitry-sur-seine-cp-cdt94-d-thierry.jpg","contentUrl":"https:\/\/www.tourisme-valdemarne.com\/espace-pro\/wp-content\/uploads\/sites\/3\/2019\/06\/facade-mac-val-vitry-sur-seine-cp-cdt94-d-thierry.jpg","width":1600,"height":1071,"caption":"Le MAC VAL de Vitry-sur-Seine \u00a9 CDT94\/D.Thierry"},{"@type":"BreadcrumbList","@id":"https:\/\/www.tourisme-valdemarne.com\/espace-pro\/outils-a-votre-service\/agenda-en-ligne\/#breadcrumb","itemListElement":[{"@type":"ListItem","position":1,"name":"Accueil","item":"https:\/\/www.tourisme-valdemarne.com\/espace-pro\/"},{"@type":"ListItem","position":2,"name":"Outils \u00e0 votre service","item":"https:\/\/www.tourisme-valdemarne.com\/espace-pro\/outils-a-votre-service\/"},{"@type":"ListItem","position":3,"name":"Agenda en ligne"}]},{"@type":"WebSite","@id":"https:\/\/www.tourisme-valdemarne.com\/espace-pro\/#website","url":"https:\/\/www.tourisme-valdemarne.com\/espace-pro\/","name":"Espace Pro","description":"Informations et outils pour les professionnels et la Presse","potentialAction":[{"@type":"SearchAction","target":{"@type":"EntryPoint","urlTemplate":"https:\/\/www.tourisme-valdemarne.com\/espace-pro\/?s={search_term_string}"},"query-input":{"@type":"PropertyValueSpecification","valueRequired":true,"valueName":"search_term_string"}}],"inLanguage":"fr-FR"}]}},"_links":{"self":[{"href":"https:\/\/www.tourisme-valdemarne.com\/espace-pro\/wp-json\/wp\/v2\/pages\/161","targetHints":{"allow":["GET"]}}],"collection":[{"href":"https:\/\/www.tourisme-valdemarne.com\/espace-pro\/wp-json\/wp\/v2\/pages"}],"about":[{"href":"https:\/\/www.tourisme-valdemarne.com\/espace-pro\/wp-json\/wp\/v2\/types\/page"}],"author":[{"embeddable":true,"href":"https:\/\/www.tourisme-valdemarne.com\/espace-pro\/wp-json\/wp\/v2\/users\/1"}],"replies":[{"embeddable":true,"href":"https:\/\/www.tourisme-valdemarne.com\/espace-pro\/wp-json\/wp\/v2\/comments?post=161"}],"version-history":[{"count":10,"href":"https:\/\/www.tourisme-valdemarne.com\/espace-pro\/wp-json\/wp\/v2\/pages\/161\/revisions"}],"predecessor-version":[{"id":30143,"href":"https:\/\/www.tourisme-valdemarne.com\/espace-pro\/wp-json\/wp\/v2\/pages\/161\/revisions\/30143"}],"up":[{"embeddable":true,"href":"https:\/\/www.tourisme-valdemarne.com\/espace-pro\/wp-json\/wp\/v2\/pages\/17"}],"wp:featuredmedia":[{"embeddable":true,"href":"https:\/\/www.tourisme-valdemarne.com\/espace-pro\/wp-json\/wp\/v2\/media\/3190"}],"wp:attachment":[{"href":"https:\/\/www.tourisme-valdemarne.com\/espace-pro\/wp-json\/wp\/v2\/media?parent=161"}],"wp:term":[{"taxonomy":"vdmTagMarketing","embeddable":true,"href":"https:\/\/www.tourisme-valdemarne.com\/espace-pro\/wp-json\/wp\/v2\/vdmTagMarketing?post=161"}],"curies":[{"name":"wp","href":"https:\/\/api.w.org\/{rel}","templated":true}]}}