{"id":16021,"date":"2023-09-15T11:30:22","date_gmt":"2023-09-15T09:30:22","guid":{"rendered":"https:\/\/www.tourisme-valdemarne.com\/espace-pro\/?page_id=16021"},"modified":"2024-07-25T12:48:13","modified_gmt":"2024-07-25T10:48:13","slug":"phenomenart-festival-street-art-les-13-14-et-15-octobre","status":"publish","type":"page","link":"https:\/\/www.tourisme-valdemarne.com\/espace-pro\/presse\/actualites-et-communiques-de-presse\/communiques-de-presse-precedents\/phenomenart-festival-street-art-les-13-14-et-15-octobre\/","title":{"rendered":"Ph\u00e9nom\u00e8n&rsquo;Art, festival street art, les 13, 14 et 15 octobre"},"content":{"rendered":"\n<p class=\"is-style-excerpt\">COMMUNIQUE DE PRESSE<\/p>\n\n\n\n<p><strong>Val-de-Marne Tourisme &amp; Loisirs organise une nouvelle fois son <a href=\"https:\/\/www.tourisme-valdemarne.com\/street-art\/phenomen-art-festival-street-art\/\">grand \u00e9v\u00e9nement street art<\/a> aux quatre coins du Val-de-Marne et dans le sud-est de Paris, les 13, 14 et 15 octobre 2023.<\/strong><\/p>\n\n\n\n<p>Au programme : des <strong>balades comment\u00e9es<\/strong>, des <strong>initiations au street art<\/strong>, des <strong>performances live<\/strong>, des <strong>rencontres avec les artistes<\/strong>, des <strong>expositions<\/strong>, des <strong>animations<\/strong>\u2026 \u00e0 des prix tr\u00e8s attractifs !<\/p>\n\n\n\n<div class=\"wp-block-buttons is-layout-flex wp-block-buttons-is-layout-flex\">\n<div class=\"wp-block-button aligncenter\"><a class=\"wp-block-button__link\" href=\"https:\/\/www.tourisme-valdemarne.com\/espace-pro\/wp-content\/uploads\/sites\/3\/2023\/10\/dp_phenomenart_2023_bd.pdf\">TELECHARGEZ LE DOssiER DE PRESSE comPLET AVEC LE PROGRAMME<\/a><\/div>\n<\/div>\n\n\n\n<p><strong>Dans plusieurs villes<\/strong> : Alfortville, Arcueil, Bonneuil-sur-Marne, Cachan, Champigny-sur-Marne, Charenton-le-Pont, Fontenay-sous-bois, Gentilly, Ivry-sur-Seine, Vincennes et Vitry-sur-Seine ainsi qu\u2019\u00e0 Paris dans les 12e et 13e arrondissements.<\/p>\n\n\n\n<p><strong>Des artistes reconnus<\/strong> : Des grands noms du street art participeront au festival tels que Tom Brikx \u2013 Stew \u2013 Dark \u2013 Andrew Wallas \u2013 Team GBODV \u2013 Mosko \u2013 Emyart\u2019s \u2013 Jotap\u00e9 \u2013 JokoArt \u2013 Caligr One \u2013 Frez Wiko \u2013 Lask \u2013 Demoiselle MM \u2013 Quentin Chaudat \u2013 Jean-Robert Alcindor \u2013 Yoann Borsato \u2013 etc.<\/p>\n\n\n\n<p><\/p>\n\n\n\n<p>Trois jours pour mieux comprendre <strong>l\u2019art urbain, s\u2019essayer au street art et s\u2019amuser !<\/strong><\/p>\n\n\n\n<div class=\"wp-block-image\"><figure class=\"aligncenter size-large is-resized\"><img data-src=\"https:\/\/www.tourisme-valdemarne.com\/espace-pro\/wp-content\/uploads\/sites\/3\/2023\/09\/phenomenart_affiche-848x1200.png\" alt=\"\" class=\"wp-image-16024\" width=\"424\" height=\"600\" srcset=\"https:\/\/www.tourisme-valdemarne.com\/espace-pro\/wp-content\/uploads\/sites\/3\/2023\/09\/phenomenart_affiche-848x1200.png 848w, https:\/\/www.tourisme-valdemarne.com\/espace-pro\/wp-content\/uploads\/sites\/3\/2023\/09\/phenomenart_affiche-424x600.png 424w, https:\/\/www.tourisme-valdemarne.com\/espace-pro\/wp-content\/uploads\/sites\/3\/2023\/09\/phenomenart_affiche-636x900.png 636w, https:\/\/www.tourisme-valdemarne.com\/espace-pro\/wp-content\/uploads\/sites\/3\/2023\/09\/phenomenart_affiche-1086x1536.png 1086w, https:\/\/www.tourisme-valdemarne.com\/espace-pro\/wp-content\/uploads\/sites\/3\/2023\/09\/phenomenart_affiche-380x538.png 380w, https:\/\/www.tourisme-valdemarne.com\/espace-pro\/wp-content\/uploads\/sites\/3\/2023\/09\/phenomenart_affiche-200x283.png 200w, https:\/\/www.tourisme-valdemarne.com\/espace-pro\/wp-content\/uploads\/sites\/3\/2023\/09\/phenomenart_affiche.png 1169w\" sizes=\"(max-width: 424px) 100vw, 424px\" \/><\/figure><\/div>\n\n\n\n<p><em>Tarifs : Balades urbaines : 5 \u20ac \/ Visites d\u2019exposition : 10 \u20ac \/ Ateliers d\u2019initiation : 15 \u20ac<\/em><br><em>R\u00e9servations sur <a href=\"https:\/\/exploreparis.com\/fr\/538_phenomen-art?src=pagedufestival\" target=\"_blank\" rel=\"noreferrer noopener\">exploreparis.com<\/a><\/em><\/p>\n","protected":false},"excerpt":{"rendered":"<p>COMMUNIQUE DE PRESSE Val-de-Marne Tourisme &amp; Loisirs organise une nouvelle fois son grand \u00e9v\u00e9nement street art aux quatre coins du Val-de-Marne et dans le sud-est de Paris, les 13, 14 et 15 octobre 2023. Au programme : des balades comment\u00e9es, des initiations au street art, des performances live, des rencontres avec les artistes, des expositions, [&hellip;]<\/p>\n","protected":false},"author":9,"featured_media":16030,"parent":2883,"menu_order":20,"comment_status":"closed","ping_status":"closed","template":"","meta":{"_relevanssi_hide_post":"","_relevanssi_hide_content":"","_relevanssi_pin_for_all":"","_relevanssi_pin_keywords":"","_relevanssi_unpin_keywords":"","_relevanssi_related_keywords":"","_relevanssi_related_include_ids":"","_relevanssi_related_exclude_ids":"","_relevanssi_related_no_append":"","_relevanssi_related_not_related":"","_relevanssi_related_posts":"8074,444,8084,8095,2745,442","_relevanssi_noindex_reason":"","footnotes":""},"vdmTagMarketing":[],"class_list":["post-16021","page","type-page","status-publish","has-post-thumbnail","hentry"],"acf":[],"yoast_head":"<!-- This site is optimized with the Yoast SEO plugin v23.9 - https:\/\/yoast.com\/wordpress\/plugins\/seo\/ -->\n<title>Ph\u00e9nom\u00e8n&#039;Art, festival street art, les 13, 14 et 15 octobre - Espace Pro<\/title>\n<meta name=\"robots\" content=\"index, follow, max-snippet:-1, max-image-preview:large, max-video-preview:-1\" \/>\n<link rel=\"canonical\" href=\"https:\/\/www.tourisme-valdemarne.com\/espace-pro\/presse\/actualites-et-communiques-de-presse\/communiques-de-presse-precedents\/phenomenart-festival-street-art-les-13-14-et-15-octobre\/\" \/>\n<meta property=\"og:locale\" content=\"fr_FR\" \/>\n<meta property=\"og:type\" content=\"article\" \/>\n<meta property=\"og:title\" content=\"Ph\u00e9nom\u00e8n&#039;Art, festival street art, les 13, 14 et 15 octobre - Espace Pro\" \/>\n<meta property=\"og:description\" content=\"COMMUNIQUE DE PRESSE Val-de-Marne Tourisme &amp; Loisirs organise une nouvelle fois son grand \u00e9v\u00e9nement street art aux quatre coins du Val-de-Marne et dans le sud-est de Paris, les 13, 14 et 15 octobre 2023. Au programme : des balades comment\u00e9es, des initiations au street art, des performances live, des rencontres avec les artistes, des expositions, [&hellip;]\" \/>\n<meta property=\"og:url\" content=\"https:\/\/www.tourisme-valdemarne.com\/espace-pro\/presse\/actualites-et-communiques-de-presse\/communiques-de-presse-precedents\/phenomenart-festival-street-art-les-13-14-et-15-octobre\/\" \/>\n<meta property=\"og:site_name\" content=\"Espace Pro\" \/>\n<meta property=\"article:modified_time\" content=\"2024-07-25T10:48:13+00:00\" \/>\n<meta property=\"og:image\" content=\"https:\/\/www.tourisme-valdemarne.com\/espace-pro\/wp-content\/uploads\/sites\/3\/2023\/09\/phenomenart-web-instagram-story3.png\" \/>\n\t<meta property=\"og:image:width\" content=\"1152\" \/>\n\t<meta property=\"og:image:height\" content=\"2048\" \/>\n\t<meta property=\"og:image:type\" content=\"image\/png\" \/>\n<meta name=\"twitter:card\" content=\"summary_large_image\" \/>\n<meta name=\"twitter:label1\" content=\"Dur\u00e9e de lecture estim\u00e9e\" \/>\n\t<meta name=\"twitter:data1\" content=\"2 minutes\" \/>\n<script type=\"application\/ld+json\" class=\"yoast-schema-graph\">{\"@context\":\"https:\/\/schema.org\",\"@graph\":[{\"@type\":\"WebPage\",\"@id\":\"https:\/\/www.tourisme-valdemarne.com\/espace-pro\/presse\/actualites-et-communiques-de-presse\/communiques-de-presse-precedents\/phenomenart-festival-street-art-les-13-14-et-15-octobre\/\",\"url\":\"https:\/\/www.tourisme-valdemarne.com\/espace-pro\/presse\/actualites-et-communiques-de-presse\/communiques-de-presse-precedents\/phenomenart-festival-street-art-les-13-14-et-15-octobre\/\",\"name\":\"Ph\u00e9nom\u00e8n'Art, festival street art, les 13, 14 et 15 octobre - Espace Pro\",\"isPartOf\":{\"@id\":\"https:\/\/www.tourisme-valdemarne.com\/espace-pro\/#website\"},\"primaryImageOfPage\":{\"@id\":\"https:\/\/www.tourisme-valdemarne.com\/espace-pro\/presse\/actualites-et-communiques-de-presse\/communiques-de-presse-precedents\/phenomenart-festival-street-art-les-13-14-et-15-octobre\/#primaryimage\"},\"image\":{\"@id\":\"https:\/\/www.tourisme-valdemarne.com\/espace-pro\/presse\/actualites-et-communiques-de-presse\/communiques-de-presse-precedents\/phenomenart-festival-street-art-les-13-14-et-15-octobre\/#primaryimage\"},\"thumbnailUrl\":\"https:\/\/www.tourisme-valdemarne.com\/espace-pro\/wp-content\/uploads\/sites\/3\/2023\/09\/phenomenart-web-instagram-story3.png\",\"datePublished\":\"2023-09-15T09:30:22+00:00\",\"dateModified\":\"2024-07-25T10:48:13+00:00\",\"breadcrumb\":{\"@id\":\"https:\/\/www.tourisme-valdemarne.com\/espace-pro\/presse\/actualites-et-communiques-de-presse\/communiques-de-presse-precedents\/phenomenart-festival-street-art-les-13-14-et-15-octobre\/#breadcrumb\"},\"inLanguage\":\"fr-FR\",\"potentialAction\":[{\"@type\":\"ReadAction\",\"target\":[\"https:\/\/www.tourisme-valdemarne.com\/espace-pro\/presse\/actualites-et-communiques-de-presse\/communiques-de-presse-precedents\/phenomenart-festival-street-art-les-13-14-et-15-octobre\/\"]}]},{\"@type\":\"ImageObject\",\"inLanguage\":\"fr-FR\",\"@id\":\"https:\/\/www.tourisme-valdemarne.com\/espace-pro\/presse\/actualites-et-communiques-de-presse\/communiques-de-presse-precedents\/phenomenart-festival-street-art-les-13-14-et-15-octobre\/#primaryimage\",\"url\":\"https:\/\/www.tourisme-valdemarne.com\/espace-pro\/wp-content\/uploads\/sites\/3\/2023\/09\/phenomenart-web-instagram-story3.png\",\"contentUrl\":\"https:\/\/www.tourisme-valdemarne.com\/espace-pro\/wp-content\/uploads\/sites\/3\/2023\/09\/phenomenart-web-instagram-story3.png\",\"width\":1152,\"height\":2048},{\"@type\":\"BreadcrumbList\",\"@id\":\"https:\/\/www.tourisme-valdemarne.com\/espace-pro\/presse\/actualites-et-communiques-de-presse\/communiques-de-presse-precedents\/phenomenart-festival-street-art-les-13-14-et-15-octobre\/#breadcrumb\",\"itemListElement\":[{\"@type\":\"ListItem\",\"position\":1,\"name\":\"Accueil\",\"item\":\"https:\/\/www.tourisme-valdemarne.com\/espace-pro\/\"},{\"@type\":\"ListItem\",\"position\":2,\"name\":\"Presse\",\"item\":\"https:\/\/www.tourisme-valdemarne.com\/espace-pro\/presse\/\"},{\"@type\":\"ListItem\",\"position\":3,\"name\":\"Actualit\u00e9s et communiqu\u00e9s de presse\",\"item\":\"https:\/\/www.tourisme-valdemarne.com\/espace-pro\/presse\/actualites-et-communiques-de-presse\/\"},{\"@type\":\"ListItem\",\"position\":4,\"name\":\"Communiqu\u00e9s de presse pr\u00e9c\u00e9dents\",\"item\":\"https:\/\/www.tourisme-valdemarne.com\/espace-pro\/presse\/actualites-et-communiques-de-presse\/communiques-de-presse-precedents\/\"},{\"@type\":\"ListItem\",\"position\":5,\"name\":\"Ph\u00e9nom\u00e8n&rsquo;Art, festival street art, les 13, 14 et 15 octobre\"}]},{\"@type\":\"WebSite\",\"@id\":\"https:\/\/www.tourisme-valdemarne.com\/espace-pro\/#website\",\"url\":\"https:\/\/www.tourisme-valdemarne.com\/espace-pro\/\",\"name\":\"Espace Pro\",\"description\":\"Informations et outils pour les professionnels et la Presse\",\"potentialAction\":[{\"@type\":\"SearchAction\",\"target\":{\"@type\":\"EntryPoint\",\"urlTemplate\":\"https:\/\/www.tourisme-valdemarne.com\/espace-pro\/?s={search_term_string}\"},\"query-input\":{\"@type\":\"PropertyValueSpecification\",\"valueRequired\":true,\"valueName\":\"search_term_string\"}}],\"inLanguage\":\"fr-FR\"}]}<\/script>\n<!-- \/ Yoast SEO plugin. -->","yoast_head_json":{"title":"Ph\u00e9nom\u00e8n'Art, festival street art, les 13, 14 et 15 octobre - Espace Pro","robots":{"index":"index","follow":"follow","max-snippet":"max-snippet:-1","max-image-preview":"max-image-preview:large","max-video-preview":"max-video-preview:-1"},"canonical":"https:\/\/www.tourisme-valdemarne.com\/espace-pro\/presse\/actualites-et-communiques-de-presse\/communiques-de-presse-precedents\/phenomenart-festival-street-art-les-13-14-et-15-octobre\/","og_locale":"fr_FR","og_type":"article","og_title":"Ph\u00e9nom\u00e8n'Art, festival street art, les 13, 14 et 15 octobre - Espace Pro","og_description":"COMMUNIQUE DE PRESSE Val-de-Marne Tourisme &amp; Loisirs organise une nouvelle fois son grand \u00e9v\u00e9nement street art aux quatre coins du Val-de-Marne et dans le sud-est de Paris, les 13, 14 et 15 octobre 2023. Au programme : des balades comment\u00e9es, des initiations au street art, des performances live, des rencontres avec les artistes, des expositions, [&hellip;]","og_url":"https:\/\/www.tourisme-valdemarne.com\/espace-pro\/presse\/actualites-et-communiques-de-presse\/communiques-de-presse-precedents\/phenomenart-festival-street-art-les-13-14-et-15-octobre\/","og_site_name":"Espace Pro","article_modified_time":"2024-07-25T10:48:13+00:00","og_image":[{"width":1152,"height":2048,"url":"https:\/\/www.tourisme-valdemarne.com\/espace-pro\/wp-content\/uploads\/sites\/3\/2023\/09\/phenomenart-web-instagram-story3.png","type":"image\/png"}],"twitter_card":"summary_large_image","twitter_misc":{"Dur\u00e9e de lecture estim\u00e9e":"2 minutes"},"schema":{"@context":"https:\/\/schema.org","@graph":[{"@type":"WebPage","@id":"https:\/\/www.tourisme-valdemarne.com\/espace-pro\/presse\/actualites-et-communiques-de-presse\/communiques-de-presse-precedents\/phenomenart-festival-street-art-les-13-14-et-15-octobre\/","url":"https:\/\/www.tourisme-valdemarne.com\/espace-pro\/presse\/actualites-et-communiques-de-presse\/communiques-de-presse-precedents\/phenomenart-festival-street-art-les-13-14-et-15-octobre\/","name":"Ph\u00e9nom\u00e8n'Art, festival street art, les 13, 14 et 15 octobre - Espace Pro","isPartOf":{"@id":"https:\/\/www.tourisme-valdemarne.com\/espace-pro\/#website"},"primaryImageOfPage":{"@id":"https:\/\/www.tourisme-valdemarne.com\/espace-pro\/presse\/actualites-et-communiques-de-presse\/communiques-de-presse-precedents\/phenomenart-festival-street-art-les-13-14-et-15-octobre\/#primaryimage"},"image":{"@id":"https:\/\/www.tourisme-valdemarne.com\/espace-pro\/presse\/actualites-et-communiques-de-presse\/communiques-de-presse-precedents\/phenomenart-festival-street-art-les-13-14-et-15-octobre\/#primaryimage"},"thumbnailUrl":"https:\/\/www.tourisme-valdemarne.com\/espace-pro\/wp-content\/uploads\/sites\/3\/2023\/09\/phenomenart-web-instagram-story3.png","datePublished":"2023-09-15T09:30:22+00:00","dateModified":"2024-07-25T10:48:13+00:00","breadcrumb":{"@id":"https:\/\/www.tourisme-valdemarne.com\/espace-pro\/presse\/actualites-et-communiques-de-presse\/communiques-de-presse-precedents\/phenomenart-festival-street-art-les-13-14-et-15-octobre\/#breadcrumb"},"inLanguage":"fr-FR","potentialAction":[{"@type":"ReadAction","target":["https:\/\/www.tourisme-valdemarne.com\/espace-pro\/presse\/actualites-et-communiques-de-presse\/communiques-de-presse-precedents\/phenomenart-festival-street-art-les-13-14-et-15-octobre\/"]}]},{"@type":"ImageObject","inLanguage":"fr-FR","@id":"https:\/\/www.tourisme-valdemarne.com\/espace-pro\/presse\/actualites-et-communiques-de-presse\/communiques-de-presse-precedents\/phenomenart-festival-street-art-les-13-14-et-15-octobre\/#primaryimage","url":"https:\/\/www.tourisme-valdemarne.com\/espace-pro\/wp-content\/uploads\/sites\/3\/2023\/09\/phenomenart-web-instagram-story3.png","contentUrl":"https:\/\/www.tourisme-valdemarne.com\/espace-pro\/wp-content\/uploads\/sites\/3\/2023\/09\/phenomenart-web-instagram-story3.png","width":1152,"height":2048},{"@type":"BreadcrumbList","@id":"https:\/\/www.tourisme-valdemarne.com\/espace-pro\/presse\/actualites-et-communiques-de-presse\/communiques-de-presse-precedents\/phenomenart-festival-street-art-les-13-14-et-15-octobre\/#breadcrumb","itemListElement":[{"@type":"ListItem","position":1,"name":"Accueil","item":"https:\/\/www.tourisme-valdemarne.com\/espace-pro\/"},{"@type":"ListItem","position":2,"name":"Presse","item":"https:\/\/www.tourisme-valdemarne.com\/espace-pro\/presse\/"},{"@type":"ListItem","position":3,"name":"Actualit\u00e9s et communiqu\u00e9s de presse","item":"https:\/\/www.tourisme-valdemarne.com\/espace-pro\/presse\/actualites-et-communiques-de-presse\/"},{"@type":"ListItem","position":4,"name":"Communiqu\u00e9s de presse pr\u00e9c\u00e9dents","item":"https:\/\/www.tourisme-valdemarne.com\/espace-pro\/presse\/actualites-et-communiques-de-presse\/communiques-de-presse-precedents\/"},{"@type":"ListItem","position":5,"name":"Ph\u00e9nom\u00e8n&rsquo;Art, festival street art, les 13, 14 et 15 octobre"}]},{"@type":"WebSite","@id":"https:\/\/www.tourisme-valdemarne.com\/espace-pro\/#website","url":"https:\/\/www.tourisme-valdemarne.com\/espace-pro\/","name":"Espace Pro","description":"Informations et outils pour les professionnels et la Presse","potentialAction":[{"@type":"SearchAction","target":{"@type":"EntryPoint","urlTemplate":"https:\/\/www.tourisme-valdemarne.com\/espace-pro\/?s={search_term_string}"},"query-input":{"@type":"PropertyValueSpecification","valueRequired":true,"valueName":"search_term_string"}}],"inLanguage":"fr-FR"}]}},"_links":{"self":[{"href":"https:\/\/www.tourisme-valdemarne.com\/espace-pro\/wp-json\/wp\/v2\/pages\/16021","targetHints":{"allow":["GET"]}}],"collection":[{"href":"https:\/\/www.tourisme-valdemarne.com\/espace-pro\/wp-json\/wp\/v2\/pages"}],"about":[{"href":"https:\/\/www.tourisme-valdemarne.com\/espace-pro\/wp-json\/wp\/v2\/types\/page"}],"author":[{"embeddable":true,"href":"https:\/\/www.tourisme-valdemarne.com\/espace-pro\/wp-json\/wp\/v2\/users\/9"}],"replies":[{"embeddable":true,"href":"https:\/\/www.tourisme-valdemarne.com\/espace-pro\/wp-json\/wp\/v2\/comments?post=16021"}],"version-history":[{"count":12,"href":"https:\/\/www.tourisme-valdemarne.com\/espace-pro\/wp-json\/wp\/v2\/pages\/16021\/revisions"}],"predecessor-version":[{"id":27237,"href":"https:\/\/www.tourisme-valdemarne.com\/espace-pro\/wp-json\/wp\/v2\/pages\/16021\/revisions\/27237"}],"up":[{"embeddable":true,"href":"https:\/\/www.tourisme-valdemarne.com\/espace-pro\/wp-json\/wp\/v2\/pages\/2883"}],"wp:featuredmedia":[{"embeddable":true,"href":"https:\/\/www.tourisme-valdemarne.com\/espace-pro\/wp-json\/wp\/v2\/media\/16030"}],"wp:attachment":[{"href":"https:\/\/www.tourisme-valdemarne.com\/espace-pro\/wp-json\/wp\/v2\/media?parent=16021"}],"wp:term":[{"taxonomy":"vdmTagMarketing","embeddable":true,"href":"https:\/\/www.tourisme-valdemarne.com\/espace-pro\/wp-json\/wp\/v2\/vdmTagMarketing?post=16021"}],"curies":[{"name":"wp","href":"https:\/\/api.w.org\/{rel}","templated":true}]}}