{"id":15938,"date":"2023-09-08T10:35:01","date_gmt":"2023-09-08T08:35:01","guid":{"rendered":"https:\/\/www.tourisme-valdemarne.com\/espace-pro\/?page_id=15938"},"modified":"2025-04-17T16:35:56","modified_gmt":"2025-04-17T14:35:56","slug":"comment-bien-accueillir-les-clienteles-internationales","status":"publish","type":"page","link":"https:\/\/www.tourisme-valdemarne.com\/espace-pro\/expertises-et-projets\/jeux-olympiques-et-paralympiques-paris-2024\/comment-bien-accueillir-les-clienteles-internationales\/","title":{"rendered":"Comment bien accueillir les client\u00e8les internationales ?"},"content":{"rendered":"\n<p class=\"is-style-excerpt\">Entre la Coupe du Monde de Rugby (du 8 septembre au 28 octobre) et bient\u00f4t les Jeux Olympiques et Paralympiques Paris 2024, comment bien accueillir les client\u00e8les \u00e9trang\u00e8res en prenant en compte chacune de leurs sp\u00e9cificit\u00e9s ?<\/p>\n\n\n\n<p>Atout France vous propose de d\u00e9couvrir toutes les astuces pour r\u00e9ussir l\u2019accueil de nos visiteurs internationaux lors des Grands Ev\u00e9nements sportifs \u00e0 venir, \u00e0 travers 10 s\u00e9ries de vid\u00e9os pens\u00e9es pour les professionnels du tourisme (h\u00e9bergeurs, restaurateurs, commer\u00e7ants, transporteurs, personnels en charge de l\u2019accueil\u2026).<\/p>\n\n\n\n<p>Ces vid\u00e9os vous permettront de mieux connaitre et mieux accueillir les client\u00e8les des march\u00e9s suivants : Afrique du Sud, Argentine, Australie, Etats-Unis, Irlande, Italie, Japon, Nouvelle-Z\u00e9lande, Royaume-Uni et Portugal.<\/p>\n\n\n\n<p>De nouvelles vid\u00e9os seront propos\u00e9es pour les Jeux de Paris 2024 pour mieux connaitre les visiteurs venant d\u2019Allemagne, de Belgique, du Canada, de Chine, d\u2019Espagne, des Pays-Bas et de Suisse.<\/p>\n\n\n\n<p>Vous pourrez ainsi vous familiariser avec les caract\u00e9ristiques des pays, les profils des voyageurs sportifs, leurs centres d\u2019int\u00e9r\u00eats et attentes en mati\u00e8re d\u2019accueil, etc.<\/p>\n\n\n\n<p class=\"is-style-highlight\">D\u00e9couvrez toutes les vid\u00e9os<br><a href=\"https:\/\/www.youtube.com\/playlist?list=PLMGHE-C297_TvRzrahWzde130HmTqgIsB\" target=\"_blank\" rel=\"noreferrer noopener\">Bienvenue en France &#8211; Conseils gagnants pour accueillir le monde !<\/a><\/p>\n\n\n\n<p>Consultez \u00e9galement le site d&rsquo;Atout France pour plus d&rsquo;informations, ou alors vous pouvez aussi <a href=\"https:\/\/www.tourisme-valdemarne.com\/wp-content\/uploads\/2024\/06\/fiches-pays-bienvenue-en-france-vdef.pdf\">t\u00e9l\u00e9charger les fiches pdf synth\u00e9tiques<\/a> qui r\u00e9sument les informations essentielles pour un bon accueil selon les nationalit\u00e9s.<\/p>\n\n\n\n<h2 class=\"wp-block-heading\">Accueillir l&rsquo;Australie<\/h2>\n\n\n<p><iframe loading=\"lazy\" title=\"YouTube video player\" src=\"https:\/\/www.youtube.com\/embed\/IljNy0ZuT3s?si=b8FFVpcOtjPc89mT\" width=\"560\" height=\"315\" frameborder=\"0\" allowfullscreen=\"allowfullscreen\"><\/iframe><\/p>\n\n\n<h2 class=\"wp-block-heading\">Accueillir la Nouvelle-Z\u00e9lande<\/h2>\n\n\n<p><iframe loading=\"lazy\" width=\"560\" height=\"315\" src=\"https:\/\/www.youtube.com\/embed\/HyPHQPXapAc?si=yG8aBtZ0A4OlZymR\" title=\"YouTube video player\" frameborder=\"0\" allow=\"accelerometer; autoplay; clipboard-write; encrypted-media; gyroscope; picture-in-picture; web-share\" allowfullscreen=\"\"><\/iframe><\/p>\n\n\n\n<h2 class=\"wp-block-heading\">Accueillir le Japon<\/h2>\n\n\n<p><iframe loading=\"lazy\" width=\"560\" height=\"315\" src=\"https:\/\/www.youtube.com\/embed\/tQMglWa3FNI?si=qSfHnLtBKMfKQB99\" title=\"YouTube video player\" frameborder=\"0\" allow=\"accelerometer; autoplay; clipboard-write; encrypted-media; gyroscope; picture-in-picture; web-share\" allowfullscreen=\"\"><\/iframe><\/p>\n\n\n\n<h2 class=\"wp-block-heading\">Accueillir l&rsquo;Afrique du Sud<\/h2>\n\n\n<p><iframe loading=\"lazy\" width=\"560\" height=\"315\" src=\"https:\/\/www.youtube.com\/embed\/t4GqoQI14HY?si=2sTu3N2zo3_wi_HY\" title=\"YouTube video player\" frameborder=\"0\" allow=\"accelerometer; autoplay; clipboard-write; encrypted-media; gyroscope; picture-in-picture; web-share\" allowfullscreen=\"\"><\/iframe><\/p>\n\n\n\n<h2 class=\"wp-block-heading\">Accueillir les USA<\/h2>\n\n\n<p><iframe loading=\"lazy\" width=\"560\" height=\"315\" src=\"https:\/\/www.youtube.com\/embed\/WaMiHXGQsDE?si=oKmjwcTMiUn0Kuvd\" title=\"YouTube video player\" frameborder=\"0\" allow=\"accelerometer; autoplay; clipboard-write; encrypted-media; gyroscope; picture-in-picture; web-share\" allowfullscreen=\"\"><\/iframe><\/p>\n\n\n\n<h2 class=\"wp-block-heading\">Accueillir l&rsquo;Argentine<\/h2>\n\n\n<p><iframe loading=\"lazy\" width=\"560\" height=\"315\" src=\"https:\/\/www.youtube.com\/embed\/s-8atqEaN1o?si=YGO7qRNwHwu-HZwG\" title=\"YouTube video player\" frameborder=\"0\" allow=\"accelerometer; autoplay; clipboard-write; encrypted-media; gyroscope; picture-in-picture; web-share\" allowfullscreen=\"\"><\/iframe><\/p>\n\n\n\n<h2 class=\"wp-block-heading\">Accueillir l&rsquo;Irlande<\/h2>\n\n\n<p><iframe loading=\"lazy\" width=\"560\" height=\"315\" src=\"https:\/\/www.youtube.com\/embed\/l2rORbxn3JM?si=v5Ew2gbulFaRvYxq\" title=\"YouTube video player\" frameborder=\"0\" allow=\"accelerometer; autoplay; clipboard-write; encrypted-media; gyroscope; picture-in-picture; web-share\" allowfullscreen=\"\"><\/iframe><\/p>\n\n\n\n<h2 class=\"wp-block-heading\">Accueillir l&rsquo;Italie<\/h2>\n\n\n<p><iframe loading=\"lazy\" width=\"560\" height=\"315\" src=\"https:\/\/www.youtube.com\/embed\/EvrcS6yUb7M?si=U94ioFl4BftqfD0q\" title=\"YouTube video player\" frameborder=\"0\" allow=\"accelerometer; autoplay; clipboard-write; encrypted-media; gyroscope; picture-in-picture; web-share\" allowfullscreen=\"\"><\/iframe><\/p>\n\n\n\n<h2 class=\"wp-block-heading\">Accueillir le Portugal<\/h2>\n\n\n<p><iframe loading=\"lazy\" width=\"560\" height=\"315\" src=\"https:\/\/www.youtube.com\/embed\/FvnhrlGeYi0?si=-q5eX3hHXD8qtST0\" title=\"YouTube video player\" frameborder=\"0\" allow=\"accelerometer; autoplay; clipboard-write; encrypted-media; gyroscope; picture-in-picture; web-share\" allowfullscreen=\"\"><\/iframe><\/p>\n\n\n\n<h2 class=\"wp-block-heading\">Accueillir le Royaume-Uni<\/h2>\n\n\n<p><iframe loading=\"lazy\" width=\"560\" height=\"315\" src=\"https:\/\/www.youtube.com\/embed\/9vxItY2zz6w?si=BY1Uj5T6AITrMbwU\" title=\"YouTube video player\" frameborder=\"0\" allow=\"accelerometer; autoplay; clipboard-write; encrypted-media; gyroscope; picture-in-picture; web-share\" allowfullscreen=\"\"><\/iframe><\/p>\n\n\n\n<h2 class=\"wp-block-heading\">Accueillir la Chine<\/h2>\n\n\n<p><iframe loading=\"lazy\" width=\"560\" height=\"315\" src=\"https:\/\/www.youtube.com\/embed\/KEqYbGakszY?list=PLMGHE-C297_QHpJFPW8JWzyjs130B1eMQ\" title=\"Conseils gagnants pour accueillir les Chinois : Le pays et ses sp\u00e9cificit\u00e9s\" frameborder=\"0\" allow=\"accelerometer; autoplay; clipboard-write; encrypted-media; gyroscope; picture-in-picture; web-share\" referrerpolicy=\"strict-origin-when-cross-origin\" allowfullscreen=\"\"><\/iframe><\/p>\n\n\n\n<h2 class=\"wp-block-heading\">Accueillir l&rsquo;Allemagne<\/h2>\n\n\n<p><iframe loading=\"lazy\" width=\"560\" height=\"315\" src=\"https:\/\/www.youtube.com\/embed\/QRS7lD_2uDQ?list=PLMGHE-C297_QHpJFPW8JWzyjs130B1eMQ\" title=\"Conseils gagnants pour accueillir les Allemands : Le pays et ses sp\u00e9cificit\u00e9s\" frameborder=\"0\" allow=\"accelerometer; autoplay; clipboard-write; encrypted-media; gyroscope; picture-in-picture; web-share\" referrerpolicy=\"strict-origin-when-cross-origin\" allowfullscreen=\"\"><\/iframe><\/p>\n\n\n\n<h2 class=\"wp-block-heading\">Accueillir le Canada<\/h2>\n\n\n<p><iframe loading=\"lazy\" width=\"560\" height=\"315\" src=\"https:\/\/www.youtube.com\/embed\/MSOMNxPVALo?list=PLMGHE-C297_QHpJFPW8JWzyjs130B1eMQ\" title=\"Conseils gagnants pour accueillir les Canadiens : Le pays et ses sp\u00e9cificit\u00e9s\" frameborder=\"0\" allow=\"accelerometer; autoplay; clipboard-write; encrypted-media; gyroscope; picture-in-picture; web-share\" referrerpolicy=\"strict-origin-when-cross-origin\" allowfullscreen=\"\"><\/iframe><\/p>\n\n\n\n<h2 class=\"wp-block-heading\">Accueillir la Suisse<\/h2>\n\n\n<p><iframe loading=\"lazy\" width=\"560\" height=\"315\" src=\"https:\/\/www.youtube.com\/embed\/MIeQAoELcuw?list=PLMGHE-C297_QHpJFPW8JWzyjs130B1eMQ\" title=\"Conseils gagnants pour accueillir les Suisses : Le pays et ses sp\u00e9cificit\u00e9s\" frameborder=\"0\" allow=\"accelerometer; autoplay; clipboard-write; encrypted-media; gyroscope; picture-in-picture; web-share\" referrerpolicy=\"strict-origin-when-cross-origin\" allowfullscreen=\"\"><\/iframe><\/p>\n\n\n\n<h2 class=\"wp-block-heading\">Accueillir l&rsquo;Espagne<\/h2>\n\n\n<p><iframe loading=\"lazy\" width=\"560\" height=\"315\" src=\"https:\/\/www.youtube.com\/embed\/A3QjnwvuYyo?list=PLMGHE-C297_QHpJFPW8JWzyjs130B1eMQ\" title=\"Conseils gagnants pour accueillir les Espagnols: Le pays et ses sp\u00e9cificit\u00e9s\" frameborder=\"0\" allow=\"accelerometer; autoplay; clipboard-write; encrypted-media; gyroscope; picture-in-picture; web-share\" referrerpolicy=\"strict-origin-when-cross-origin\" allowfullscreen=\"\"><\/iframe><\/p>\n","protected":false},"excerpt":{"rendered":"<p>Entre la Coupe du Monde de Rugby (du 8 septembre au 28 octobre) et bient\u00f4t les Jeux Olympiques et Paralympiques Paris 2024, comment bien accueillir les client\u00e8les \u00e9trang\u00e8res en prenant en compte chacune de leurs sp\u00e9cificit\u00e9s ? Atout France vous propose de d\u00e9couvrir toutes les astuces pour r\u00e9ussir l\u2019accueil de nos visiteurs internationaux lors des [&hellip;]<\/p>\n","protected":false},"author":9,"featured_media":15958,"parent":15443,"menu_order":0,"comment_status":"closed","ping_status":"closed","template":"","meta":{"_relevanssi_hide_post":"","_relevanssi_hide_content":"","_relevanssi_pin_for_all":"","_relevanssi_pin_keywords":"","_relevanssi_unpin_keywords":"","_relevanssi_related_keywords":"","_relevanssi_related_include_ids":"","_relevanssi_related_exclude_ids":"","_relevanssi_related_no_append":"","_relevanssi_related_not_related":"","_relevanssi_related_posts":"2749,8095,442,8104,8083,444","_relevanssi_noindex_reason":"","footnotes":""},"vdmTagMarketing":[],"class_list":["post-15938","page","type-page","status-publish","has-post-thumbnail","hentry"],"acf":[],"yoast_head":"<!-- This site is optimized with the Yoast SEO plugin v23.9 - https:\/\/yoast.com\/wordpress\/plugins\/seo\/ -->\n<title>Comment bien accueillir les client\u00e8les internationales ? - Espace Pro<\/title>\n<meta name=\"robots\" content=\"index, follow, max-snippet:-1, max-image-preview:large, max-video-preview:-1\" \/>\n<link rel=\"canonical\" href=\"https:\/\/www.tourisme-valdemarne.com\/espace-pro\/expertises-et-projets\/jeux-olympiques-et-paralympiques-paris-2024\/comment-bien-accueillir-les-clienteles-internationales\/\" \/>\n<meta property=\"og:locale\" content=\"fr_FR\" \/>\n<meta property=\"og:type\" content=\"article\" \/>\n<meta property=\"og:title\" content=\"Comment bien accueillir les client\u00e8les internationales ? - Espace Pro\" \/>\n<meta property=\"og:description\" content=\"Entre la Coupe du Monde de Rugby (du 8 septembre au 28 octobre) et bient\u00f4t les Jeux Olympiques et Paralympiques Paris 2024, comment bien accueillir les client\u00e8les \u00e9trang\u00e8res en prenant en compte chacune de leurs sp\u00e9cificit\u00e9s ? Atout France vous propose de d\u00e9couvrir toutes les astuces pour r\u00e9ussir l\u2019accueil de nos visiteurs internationaux lors des [&hellip;]\" \/>\n<meta property=\"og:url\" content=\"https:\/\/www.tourisme-valdemarne.com\/espace-pro\/expertises-et-projets\/jeux-olympiques-et-paralympiques-paris-2024\/comment-bien-accueillir-les-clienteles-internationales\/\" \/>\n<meta property=\"og:site_name\" content=\"Espace Pro\" \/>\n<meta property=\"article:modified_time\" content=\"2025-04-17T14:35:56+00:00\" \/>\n<meta property=\"og:image\" content=\"https:\/\/www.tourisme-valdemarne.com\/espace-pro\/wp-content\/uploads\/sites\/3\/2023\/09\/supporter.jpg\" \/>\n\t<meta property=\"og:image:width\" content=\"1920\" \/>\n\t<meta property=\"og:image:height\" content=\"1280\" \/>\n\t<meta property=\"og:image:type\" content=\"image\/jpeg\" \/>\n<meta name=\"twitter:card\" content=\"summary_large_image\" \/>\n<meta name=\"twitter:label1\" content=\"Dur\u00e9e de lecture estim\u00e9e\" \/>\n\t<meta name=\"twitter:data1\" content=\"2 minutes\" \/>\n<script type=\"application\/ld+json\" class=\"yoast-schema-graph\">{\"@context\":\"https:\/\/schema.org\",\"@graph\":[{\"@type\":\"WebPage\",\"@id\":\"https:\/\/www.tourisme-valdemarne.com\/espace-pro\/expertises-et-projets\/jeux-olympiques-et-paralympiques-paris-2024\/comment-bien-accueillir-les-clienteles-internationales\/\",\"url\":\"https:\/\/www.tourisme-valdemarne.com\/espace-pro\/expertises-et-projets\/jeux-olympiques-et-paralympiques-paris-2024\/comment-bien-accueillir-les-clienteles-internationales\/\",\"name\":\"Comment bien accueillir les client\u00e8les internationales ? - Espace Pro\",\"isPartOf\":{\"@id\":\"https:\/\/www.tourisme-valdemarne.com\/espace-pro\/#website\"},\"primaryImageOfPage\":{\"@id\":\"https:\/\/www.tourisme-valdemarne.com\/espace-pro\/expertises-et-projets\/jeux-olympiques-et-paralympiques-paris-2024\/comment-bien-accueillir-les-clienteles-internationales\/#primaryimage\"},\"image\":{\"@id\":\"https:\/\/www.tourisme-valdemarne.com\/espace-pro\/expertises-et-projets\/jeux-olympiques-et-paralympiques-paris-2024\/comment-bien-accueillir-les-clienteles-internationales\/#primaryimage\"},\"thumbnailUrl\":\"https:\/\/www.tourisme-valdemarne.com\/espace-pro\/wp-content\/uploads\/sites\/3\/2023\/09\/supporter.jpg\",\"datePublished\":\"2023-09-08T08:35:01+00:00\",\"dateModified\":\"2025-04-17T14:35:56+00:00\",\"breadcrumb\":{\"@id\":\"https:\/\/www.tourisme-valdemarne.com\/espace-pro\/expertises-et-projets\/jeux-olympiques-et-paralympiques-paris-2024\/comment-bien-accueillir-les-clienteles-internationales\/#breadcrumb\"},\"inLanguage\":\"fr-FR\",\"potentialAction\":[{\"@type\":\"ReadAction\",\"target\":[\"https:\/\/www.tourisme-valdemarne.com\/espace-pro\/expertises-et-projets\/jeux-olympiques-et-paralympiques-paris-2024\/comment-bien-accueillir-les-clienteles-internationales\/\"]}]},{\"@type\":\"ImageObject\",\"inLanguage\":\"fr-FR\",\"@id\":\"https:\/\/www.tourisme-valdemarne.com\/espace-pro\/expertises-et-projets\/jeux-olympiques-et-paralympiques-paris-2024\/comment-bien-accueillir-les-clienteles-internationales\/#primaryimage\",\"url\":\"https:\/\/www.tourisme-valdemarne.com\/espace-pro\/wp-content\/uploads\/sites\/3\/2023\/09\/supporter.jpg\",\"contentUrl\":\"https:\/\/www.tourisme-valdemarne.com\/espace-pro\/wp-content\/uploads\/sites\/3\/2023\/09\/supporter.jpg\",\"width\":1920,\"height\":1280},{\"@type\":\"BreadcrumbList\",\"@id\":\"https:\/\/www.tourisme-valdemarne.com\/espace-pro\/expertises-et-projets\/jeux-olympiques-et-paralympiques-paris-2024\/comment-bien-accueillir-les-clienteles-internationales\/#breadcrumb\",\"itemListElement\":[{\"@type\":\"ListItem\",\"position\":1,\"name\":\"Accueil\",\"item\":\"https:\/\/www.tourisme-valdemarne.com\/espace-pro\/\"},{\"@type\":\"ListItem\",\"position\":2,\"name\":\"Expertises et projets\",\"item\":\"https:\/\/www.tourisme-valdemarne.com\/espace-pro\/expertises-et-projets\/\"},{\"@type\":\"ListItem\",\"position\":3,\"name\":\"Jeux Olympiques et Paralympiques de Paris 2024\",\"item\":\"https:\/\/www.tourisme-valdemarne.com\/espace-pro\/expertises-et-projets\/jeux-olympiques-et-paralympiques-paris-2024\/\"},{\"@type\":\"ListItem\",\"position\":4,\"name\":\"Comment bien accueillir les client\u00e8les internationales ?\"}]},{\"@type\":\"WebSite\",\"@id\":\"https:\/\/www.tourisme-valdemarne.com\/espace-pro\/#website\",\"url\":\"https:\/\/www.tourisme-valdemarne.com\/espace-pro\/\",\"name\":\"Espace Pro\",\"description\":\"Informations et outils pour les professionnels et la Presse\",\"potentialAction\":[{\"@type\":\"SearchAction\",\"target\":{\"@type\":\"EntryPoint\",\"urlTemplate\":\"https:\/\/www.tourisme-valdemarne.com\/espace-pro\/?s={search_term_string}\"},\"query-input\":{\"@type\":\"PropertyValueSpecification\",\"valueRequired\":true,\"valueName\":\"search_term_string\"}}],\"inLanguage\":\"fr-FR\"}]}<\/script>\n<!-- \/ Yoast SEO plugin. -->","yoast_head_json":{"title":"Comment bien accueillir les client\u00e8les internationales ? - Espace Pro","robots":{"index":"index","follow":"follow","max-snippet":"max-snippet:-1","max-image-preview":"max-image-preview:large","max-video-preview":"max-video-preview:-1"},"canonical":"https:\/\/www.tourisme-valdemarne.com\/espace-pro\/expertises-et-projets\/jeux-olympiques-et-paralympiques-paris-2024\/comment-bien-accueillir-les-clienteles-internationales\/","og_locale":"fr_FR","og_type":"article","og_title":"Comment bien accueillir les client\u00e8les internationales ? - Espace Pro","og_description":"Entre la Coupe du Monde de Rugby (du 8 septembre au 28 octobre) et bient\u00f4t les Jeux Olympiques et Paralympiques Paris 2024, comment bien accueillir les client\u00e8les \u00e9trang\u00e8res en prenant en compte chacune de leurs sp\u00e9cificit\u00e9s ? Atout France vous propose de d\u00e9couvrir toutes les astuces pour r\u00e9ussir l\u2019accueil de nos visiteurs internationaux lors des [&hellip;]","og_url":"https:\/\/www.tourisme-valdemarne.com\/espace-pro\/expertises-et-projets\/jeux-olympiques-et-paralympiques-paris-2024\/comment-bien-accueillir-les-clienteles-internationales\/","og_site_name":"Espace Pro","article_modified_time":"2025-04-17T14:35:56+00:00","og_image":[{"width":1920,"height":1280,"url":"https:\/\/www.tourisme-valdemarne.com\/espace-pro\/wp-content\/uploads\/sites\/3\/2023\/09\/supporter.jpg","type":"image\/jpeg"}],"twitter_card":"summary_large_image","twitter_misc":{"Dur\u00e9e de lecture estim\u00e9e":"2 minutes"},"schema":{"@context":"https:\/\/schema.org","@graph":[{"@type":"WebPage","@id":"https:\/\/www.tourisme-valdemarne.com\/espace-pro\/expertises-et-projets\/jeux-olympiques-et-paralympiques-paris-2024\/comment-bien-accueillir-les-clienteles-internationales\/","url":"https:\/\/www.tourisme-valdemarne.com\/espace-pro\/expertises-et-projets\/jeux-olympiques-et-paralympiques-paris-2024\/comment-bien-accueillir-les-clienteles-internationales\/","name":"Comment bien accueillir les client\u00e8les internationales ? - Espace Pro","isPartOf":{"@id":"https:\/\/www.tourisme-valdemarne.com\/espace-pro\/#website"},"primaryImageOfPage":{"@id":"https:\/\/www.tourisme-valdemarne.com\/espace-pro\/expertises-et-projets\/jeux-olympiques-et-paralympiques-paris-2024\/comment-bien-accueillir-les-clienteles-internationales\/#primaryimage"},"image":{"@id":"https:\/\/www.tourisme-valdemarne.com\/espace-pro\/expertises-et-projets\/jeux-olympiques-et-paralympiques-paris-2024\/comment-bien-accueillir-les-clienteles-internationales\/#primaryimage"},"thumbnailUrl":"https:\/\/www.tourisme-valdemarne.com\/espace-pro\/wp-content\/uploads\/sites\/3\/2023\/09\/supporter.jpg","datePublished":"2023-09-08T08:35:01+00:00","dateModified":"2025-04-17T14:35:56+00:00","breadcrumb":{"@id":"https:\/\/www.tourisme-valdemarne.com\/espace-pro\/expertises-et-projets\/jeux-olympiques-et-paralympiques-paris-2024\/comment-bien-accueillir-les-clienteles-internationales\/#breadcrumb"},"inLanguage":"fr-FR","potentialAction":[{"@type":"ReadAction","target":["https:\/\/www.tourisme-valdemarne.com\/espace-pro\/expertises-et-projets\/jeux-olympiques-et-paralympiques-paris-2024\/comment-bien-accueillir-les-clienteles-internationales\/"]}]},{"@type":"ImageObject","inLanguage":"fr-FR","@id":"https:\/\/www.tourisme-valdemarne.com\/espace-pro\/expertises-et-projets\/jeux-olympiques-et-paralympiques-paris-2024\/comment-bien-accueillir-les-clienteles-internationales\/#primaryimage","url":"https:\/\/www.tourisme-valdemarne.com\/espace-pro\/wp-content\/uploads\/sites\/3\/2023\/09\/supporter.jpg","contentUrl":"https:\/\/www.tourisme-valdemarne.com\/espace-pro\/wp-content\/uploads\/sites\/3\/2023\/09\/supporter.jpg","width":1920,"height":1280},{"@type":"BreadcrumbList","@id":"https:\/\/www.tourisme-valdemarne.com\/espace-pro\/expertises-et-projets\/jeux-olympiques-et-paralympiques-paris-2024\/comment-bien-accueillir-les-clienteles-internationales\/#breadcrumb","itemListElement":[{"@type":"ListItem","position":1,"name":"Accueil","item":"https:\/\/www.tourisme-valdemarne.com\/espace-pro\/"},{"@type":"ListItem","position":2,"name":"Expertises et projets","item":"https:\/\/www.tourisme-valdemarne.com\/espace-pro\/expertises-et-projets\/"},{"@type":"ListItem","position":3,"name":"Jeux Olympiques et Paralympiques de Paris 2024","item":"https:\/\/www.tourisme-valdemarne.com\/espace-pro\/expertises-et-projets\/jeux-olympiques-et-paralympiques-paris-2024\/"},{"@type":"ListItem","position":4,"name":"Comment bien accueillir les client\u00e8les internationales ?"}]},{"@type":"WebSite","@id":"https:\/\/www.tourisme-valdemarne.com\/espace-pro\/#website","url":"https:\/\/www.tourisme-valdemarne.com\/espace-pro\/","name":"Espace Pro","description":"Informations et outils pour les professionnels et la Presse","potentialAction":[{"@type":"SearchAction","target":{"@type":"EntryPoint","urlTemplate":"https:\/\/www.tourisme-valdemarne.com\/espace-pro\/?s={search_term_string}"},"query-input":{"@type":"PropertyValueSpecification","valueRequired":true,"valueName":"search_term_string"}}],"inLanguage":"fr-FR"}]}},"_links":{"self":[{"href":"https:\/\/www.tourisme-valdemarne.com\/espace-pro\/wp-json\/wp\/v2\/pages\/15938","targetHints":{"allow":["GET"]}}],"collection":[{"href":"https:\/\/www.tourisme-valdemarne.com\/espace-pro\/wp-json\/wp\/v2\/pages"}],"about":[{"href":"https:\/\/www.tourisme-valdemarne.com\/espace-pro\/wp-json\/wp\/v2\/types\/page"}],"author":[{"embeddable":true,"href":"https:\/\/www.tourisme-valdemarne.com\/espace-pro\/wp-json\/wp\/v2\/users\/9"}],"replies":[{"embeddable":true,"href":"https:\/\/www.tourisme-valdemarne.com\/espace-pro\/wp-json\/wp\/v2\/comments?post=15938"}],"version-history":[{"count":19,"href":"https:\/\/www.tourisme-valdemarne.com\/espace-pro\/wp-json\/wp\/v2\/pages\/15938\/revisions"}],"predecessor-version":[{"id":29088,"href":"https:\/\/www.tourisme-valdemarne.com\/espace-pro\/wp-json\/wp\/v2\/pages\/15938\/revisions\/29088"}],"up":[{"embeddable":true,"href":"https:\/\/www.tourisme-valdemarne.com\/espace-pro\/wp-json\/wp\/v2\/pages\/15443"}],"wp:featuredmedia":[{"embeddable":true,"href":"https:\/\/www.tourisme-valdemarne.com\/espace-pro\/wp-json\/wp\/v2\/media\/15958"}],"wp:attachment":[{"href":"https:\/\/www.tourisme-valdemarne.com\/espace-pro\/wp-json\/wp\/v2\/media?parent=15938"}],"wp:term":[{"taxonomy":"vdmTagMarketing","embeddable":true,"href":"https:\/\/www.tourisme-valdemarne.com\/espace-pro\/wp-json\/wp\/v2\/vdmTagMarketing?post=15938"}],"curies":[{"name":"wp","href":"https:\/\/api.w.org\/{rel}","templated":true}]}}