{"id":15809,"date":"2023-08-23T14:13:40","date_gmt":"2023-08-23T12:13:40","guid":{"rendered":"https:\/\/www.tourisme-valdemarne.com\/espace-pro\/?page_id=15809"},"modified":"2023-09-20T11:56:13","modified_gmt":"2023-09-20T09:56:13","slug":"evenement-emploi-special-refugies-primo-arrivants","status":"publish","type":"page","link":"https:\/\/www.tourisme-valdemarne.com\/espace-pro\/actualites\/evenement-emploi-special-refugies-primo-arrivants\/","title":{"rendered":"\u00c9v\u00e8nement emploi sp\u00e9cial r\u00e9fugi\u00e9s\/primo-arrivants"},"content":{"rendered":"\n<p class=\"is-style-excerpt\">Vous \u00eates dans le domaine de l\u2019h\u00f4tellerie, vous tenez un caf\u00e9 ou un restaurant, et vous rencontrez de s\u00e9rieuses difficult\u00e9s pour recruter\u00a0? La DRIEETS du Val-de-Marne, en partenariat avec P\u00f4le emploi et l\u2019OFII, vous propose de d\u00e9couvrir, au cours d&rsquo;un webinaire, le public r\u00e9fugi\u00e9s et primo-arrivants pr\u00e9sents sur le territoire du Val-de-Marne. Initialement pr\u00e9vu le 15 septembre de 14h30 \u00e0 15h30, le webinaire a \u00e9t\u00e9 report\u00e9 et se tiendra le <strong>29 septembre de 16h \u00e0 17h<\/strong>.<\/p>\n\n\n\n<div class=\"wp-block-image\"><figure class=\"aligncenter size-large is-resized\"><img data-src=\"https:\/\/www.tourisme-valdemarne.com\/espace-pro\/wp-content\/uploads\/sites\/3\/2023\/08\/evenement-refugies-primo-arrivants-848x1200.jpg\" alt=\"\" class=\"wp-image-15810\" width=\"424\" height=\"600\" srcset=\"https:\/\/www.tourisme-valdemarne.com\/espace-pro\/wp-content\/uploads\/sites\/3\/2023\/08\/evenement-refugies-primo-arrivants-848x1200.jpg 848w, https:\/\/www.tourisme-valdemarne.com\/espace-pro\/wp-content\/uploads\/sites\/3\/2023\/08\/evenement-refugies-primo-arrivants-424x600.jpg 424w, https:\/\/www.tourisme-valdemarne.com\/espace-pro\/wp-content\/uploads\/sites\/3\/2023\/08\/evenement-refugies-primo-arrivants-636x900.jpg 636w, https:\/\/www.tourisme-valdemarne.com\/espace-pro\/wp-content\/uploads\/sites\/3\/2023\/08\/evenement-refugies-primo-arrivants-1086x1536.jpg 1086w, https:\/\/www.tourisme-valdemarne.com\/espace-pro\/wp-content\/uploads\/sites\/3\/2023\/08\/evenement-refugies-primo-arrivants-380x537.jpg 380w, https:\/\/www.tourisme-valdemarne.com\/espace-pro\/wp-content\/uploads\/sites\/3\/2023\/08\/evenement-refugies-primo-arrivants-200x283.jpg 200w, https:\/\/www.tourisme-valdemarne.com\/espace-pro\/wp-content\/uploads\/sites\/3\/2023\/08\/evenement-refugies-primo-arrivants.jpg 1448w\" sizes=\"(max-width: 424px) 100vw, 424px\" \/><\/figure><\/div>\n\n\n\n<p>A travers un webinaire de pr\u00e9sentation, vous d\u00e9couvrirez les profils, l\u2019accompagnement qui leurs sont propos\u00e9s ainsi que les possibilit\u00e9s de travail. Il s\u2019agira aussi de r\u00e9pondre \u00e0 vos questions sur des cas particuliers que vous pouvez rencontrer.<\/p>\n\n\n\n<p class=\"is-style-highlight\">Le webinaire donnera lieu \u00e0 l\u2019organisation le 19 octobre 2023, sur Cr\u00e9teil, d\u2019un jobdating sp\u00e9cialement d\u00e9di\u00e9 \u00e0 ce public.<\/p>\n\n\n\n<p>La participation est gratuite, il suffit simplement de vous inscrire, les offres d\u2019emplois devant \u00eatre envoy\u00e9es le plus rapidement possible.<\/p>\n\n\n\n<div class=\"wp-block-buttons is-content-justification-center is-layout-flex wp-container-core-buttons-is-layout-1 wp-block-buttons-is-layout-flex\">\n<div class=\"wp-block-button\"><a class=\"wp-block-button__link\" href=\"https:\/\/framaforms.org\/webinaire-de-sensibilisation-des-entreprises-de-lhotelleriecaferestauration-sur-le-public-refugies\" target=\"_blank\" rel=\"noreferrer noopener\">Inscrivez-vous au webinaire<\/a><\/div>\n<\/div>\n","protected":false},"excerpt":{"rendered":"<p>Vous \u00eates dans le domaine de l\u2019h\u00f4tellerie, vous tenez un caf\u00e9 ou un restaurant, et vous rencontrez de s\u00e9rieuses difficult\u00e9s pour recruter\u00a0? La DRIEETS du Val-de-Marne, en partenariat avec P\u00f4le emploi et l\u2019OFII, vous propose de d\u00e9couvrir, au cours d&rsquo;un webinaire, le public r\u00e9fugi\u00e9s et primo-arrivants pr\u00e9sents sur le territoire du Val-de-Marne. Initialement pr\u00e9vu le [&hellip;]<\/p>\n","protected":false},"author":16,"featured_media":15810,"parent":6164,"menu_order":0,"comment_status":"closed","ping_status":"closed","template":"","meta":{"_relevanssi_hide_post":"","_relevanssi_hide_content":"","_relevanssi_pin_for_all":"","_relevanssi_pin_keywords":"","_relevanssi_unpin_keywords":"","_relevanssi_related_keywords":"","_relevanssi_related_include_ids":"","_relevanssi_related_exclude_ids":"","_relevanssi_related_no_append":"","_relevanssi_related_not_related":"","_relevanssi_related_posts":"444,8105,8090,2747,2751,442","_relevanssi_noindex_reason":"","footnotes":""},"vdmTagMarketing":[],"class_list":["post-15809","page","type-page","status-publish","has-post-thumbnail","hentry"],"acf":[],"yoast_head":"<!-- This site is optimized with the Yoast SEO plugin v23.9 - https:\/\/yoast.com\/wordpress\/plugins\/seo\/ -->\n<title>\u00c9v\u00e8nement emploi sp\u00e9cial r\u00e9fugi\u00e9s\/primo-arrivants - Espace Pro<\/title>\n<meta name=\"description\" content=\"La DRIEETS du Val-de-Marne, en partenariat avec P\u00f4le emploi et l\u2019OFII, vous propose de d\u00e9couvrir le public r\u00e9fugi\u00e9s et primo-arrivants.\" \/>\n<meta name=\"robots\" content=\"index, follow, max-snippet:-1, max-image-preview:large, max-video-preview:-1\" \/>\n<link rel=\"canonical\" href=\"https:\/\/www.tourisme-valdemarne.com\/espace-pro\/actualites\/evenement-emploi-special-refugies-primo-arrivants\/\" \/>\n<meta property=\"og:locale\" content=\"fr_FR\" \/>\n<meta property=\"og:type\" content=\"article\" \/>\n<meta property=\"og:title\" content=\"\u00c9v\u00e8nement emploi sp\u00e9cial r\u00e9fugi\u00e9s\/primo-arrivants - Espace Pro\" \/>\n<meta property=\"og:description\" content=\"La DRIEETS du Val-de-Marne, en partenariat avec P\u00f4le emploi et l\u2019OFII, vous propose de d\u00e9couvrir le public r\u00e9fugi\u00e9s et primo-arrivants.\" \/>\n<meta property=\"og:url\" content=\"https:\/\/www.tourisme-valdemarne.com\/espace-pro\/actualites\/evenement-emploi-special-refugies-primo-arrivants\/\" \/>\n<meta property=\"og:site_name\" content=\"Espace Pro\" \/>\n<meta property=\"article:modified_time\" content=\"2023-09-20T09:56:13+00:00\" \/>\n<meta property=\"og:image\" content=\"https:\/\/www.tourisme-valdemarne.com\/espace-pro\/wp-content\/uploads\/sites\/3\/2023\/08\/evenement-refugies-primo-arrivants.jpg\" \/>\n\t<meta property=\"og:image:width\" content=\"1448\" \/>\n\t<meta property=\"og:image:height\" content=\"2048\" \/>\n\t<meta property=\"og:image:type\" content=\"image\/jpeg\" \/>\n<meta name=\"twitter:card\" content=\"summary_large_image\" \/>\n<meta name=\"twitter:label1\" content=\"Dur\u00e9e de lecture estim\u00e9e\" \/>\n\t<meta name=\"twitter:data1\" content=\"1 minute\" \/>\n<script type=\"application\/ld+json\" class=\"yoast-schema-graph\">{\"@context\":\"https:\/\/schema.org\",\"@graph\":[{\"@type\":\"WebPage\",\"@id\":\"https:\/\/www.tourisme-valdemarne.com\/espace-pro\/actualites\/evenement-emploi-special-refugies-primo-arrivants\/\",\"url\":\"https:\/\/www.tourisme-valdemarne.com\/espace-pro\/actualites\/evenement-emploi-special-refugies-primo-arrivants\/\",\"name\":\"\u00c9v\u00e8nement emploi sp\u00e9cial r\u00e9fugi\u00e9s\/primo-arrivants - Espace Pro\",\"isPartOf\":{\"@id\":\"https:\/\/www.tourisme-valdemarne.com\/espace-pro\/#website\"},\"primaryImageOfPage\":{\"@id\":\"https:\/\/www.tourisme-valdemarne.com\/espace-pro\/actualites\/evenement-emploi-special-refugies-primo-arrivants\/#primaryimage\"},\"image\":{\"@id\":\"https:\/\/www.tourisme-valdemarne.com\/espace-pro\/actualites\/evenement-emploi-special-refugies-primo-arrivants\/#primaryimage\"},\"thumbnailUrl\":\"https:\/\/www.tourisme-valdemarne.com\/espace-pro\/wp-content\/uploads\/sites\/3\/2023\/08\/evenement-refugies-primo-arrivants.jpg\",\"datePublished\":\"2023-08-23T12:13:40+00:00\",\"dateModified\":\"2023-09-20T09:56:13+00:00\",\"description\":\"La DRIEETS du Val-de-Marne, en partenariat avec P\u00f4le emploi et l\u2019OFII, vous propose de d\u00e9couvrir le public r\u00e9fugi\u00e9s et primo-arrivants.\",\"breadcrumb\":{\"@id\":\"https:\/\/www.tourisme-valdemarne.com\/espace-pro\/actualites\/evenement-emploi-special-refugies-primo-arrivants\/#breadcrumb\"},\"inLanguage\":\"fr-FR\",\"potentialAction\":[{\"@type\":\"ReadAction\",\"target\":[\"https:\/\/www.tourisme-valdemarne.com\/espace-pro\/actualites\/evenement-emploi-special-refugies-primo-arrivants\/\"]}]},{\"@type\":\"ImageObject\",\"inLanguage\":\"fr-FR\",\"@id\":\"https:\/\/www.tourisme-valdemarne.com\/espace-pro\/actualites\/evenement-emploi-special-refugies-primo-arrivants\/#primaryimage\",\"url\":\"https:\/\/www.tourisme-valdemarne.com\/espace-pro\/wp-content\/uploads\/sites\/3\/2023\/08\/evenement-refugies-primo-arrivants.jpg\",\"contentUrl\":\"https:\/\/www.tourisme-valdemarne.com\/espace-pro\/wp-content\/uploads\/sites\/3\/2023\/08\/evenement-refugies-primo-arrivants.jpg\",\"width\":1448,\"height\":2048},{\"@type\":\"BreadcrumbList\",\"@id\":\"https:\/\/www.tourisme-valdemarne.com\/espace-pro\/actualites\/evenement-emploi-special-refugies-primo-arrivants\/#breadcrumb\",\"itemListElement\":[{\"@type\":\"ListItem\",\"position\":1,\"name\":\"Accueil\",\"item\":\"https:\/\/www.tourisme-valdemarne.com\/espace-pro\/\"},{\"@type\":\"ListItem\",\"position\":2,\"name\":\"Actualit\u00e9s de l&rsquo;espace pro\",\"item\":\"https:\/\/www.tourisme-valdemarne.com\/espace-pro\/actualites\/\"},{\"@type\":\"ListItem\",\"position\":3,\"name\":\"\u00c9v\u00e8nement emploi sp\u00e9cial r\u00e9fugi\u00e9s\/primo-arrivants\"}]},{\"@type\":\"WebSite\",\"@id\":\"https:\/\/www.tourisme-valdemarne.com\/espace-pro\/#website\",\"url\":\"https:\/\/www.tourisme-valdemarne.com\/espace-pro\/\",\"name\":\"Espace Pro\",\"description\":\"Informations et outils pour les professionnels et la Presse\",\"potentialAction\":[{\"@type\":\"SearchAction\",\"target\":{\"@type\":\"EntryPoint\",\"urlTemplate\":\"https:\/\/www.tourisme-valdemarne.com\/espace-pro\/?s={search_term_string}\"},\"query-input\":{\"@type\":\"PropertyValueSpecification\",\"valueRequired\":true,\"valueName\":\"search_term_string\"}}],\"inLanguage\":\"fr-FR\"}]}<\/script>\n<!-- \/ Yoast SEO plugin. -->","yoast_head_json":{"title":"\u00c9v\u00e8nement emploi sp\u00e9cial r\u00e9fugi\u00e9s\/primo-arrivants - Espace Pro","description":"La DRIEETS du Val-de-Marne, en partenariat avec P\u00f4le emploi et l\u2019OFII, vous propose de d\u00e9couvrir le public r\u00e9fugi\u00e9s et primo-arrivants.","robots":{"index":"index","follow":"follow","max-snippet":"max-snippet:-1","max-image-preview":"max-image-preview:large","max-video-preview":"max-video-preview:-1"},"canonical":"https:\/\/www.tourisme-valdemarne.com\/espace-pro\/actualites\/evenement-emploi-special-refugies-primo-arrivants\/","og_locale":"fr_FR","og_type":"article","og_title":"\u00c9v\u00e8nement emploi sp\u00e9cial r\u00e9fugi\u00e9s\/primo-arrivants - Espace Pro","og_description":"La DRIEETS du Val-de-Marne, en partenariat avec P\u00f4le emploi et l\u2019OFII, vous propose de d\u00e9couvrir le public r\u00e9fugi\u00e9s et primo-arrivants.","og_url":"https:\/\/www.tourisme-valdemarne.com\/espace-pro\/actualites\/evenement-emploi-special-refugies-primo-arrivants\/","og_site_name":"Espace Pro","article_modified_time":"2023-09-20T09:56:13+00:00","og_image":[{"width":1448,"height":2048,"url":"https:\/\/www.tourisme-valdemarne.com\/espace-pro\/wp-content\/uploads\/sites\/3\/2023\/08\/evenement-refugies-primo-arrivants.jpg","type":"image\/jpeg"}],"twitter_card":"summary_large_image","twitter_misc":{"Dur\u00e9e de lecture estim\u00e9e":"1 minute"},"schema":{"@context":"https:\/\/schema.org","@graph":[{"@type":"WebPage","@id":"https:\/\/www.tourisme-valdemarne.com\/espace-pro\/actualites\/evenement-emploi-special-refugies-primo-arrivants\/","url":"https:\/\/www.tourisme-valdemarne.com\/espace-pro\/actualites\/evenement-emploi-special-refugies-primo-arrivants\/","name":"\u00c9v\u00e8nement emploi sp\u00e9cial r\u00e9fugi\u00e9s\/primo-arrivants - Espace Pro","isPartOf":{"@id":"https:\/\/www.tourisme-valdemarne.com\/espace-pro\/#website"},"primaryImageOfPage":{"@id":"https:\/\/www.tourisme-valdemarne.com\/espace-pro\/actualites\/evenement-emploi-special-refugies-primo-arrivants\/#primaryimage"},"image":{"@id":"https:\/\/www.tourisme-valdemarne.com\/espace-pro\/actualites\/evenement-emploi-special-refugies-primo-arrivants\/#primaryimage"},"thumbnailUrl":"https:\/\/www.tourisme-valdemarne.com\/espace-pro\/wp-content\/uploads\/sites\/3\/2023\/08\/evenement-refugies-primo-arrivants.jpg","datePublished":"2023-08-23T12:13:40+00:00","dateModified":"2023-09-20T09:56:13+00:00","description":"La DRIEETS du Val-de-Marne, en partenariat avec P\u00f4le emploi et l\u2019OFII, vous propose de d\u00e9couvrir le public r\u00e9fugi\u00e9s et primo-arrivants.","breadcrumb":{"@id":"https:\/\/www.tourisme-valdemarne.com\/espace-pro\/actualites\/evenement-emploi-special-refugies-primo-arrivants\/#breadcrumb"},"inLanguage":"fr-FR","potentialAction":[{"@type":"ReadAction","target":["https:\/\/www.tourisme-valdemarne.com\/espace-pro\/actualites\/evenement-emploi-special-refugies-primo-arrivants\/"]}]},{"@type":"ImageObject","inLanguage":"fr-FR","@id":"https:\/\/www.tourisme-valdemarne.com\/espace-pro\/actualites\/evenement-emploi-special-refugies-primo-arrivants\/#primaryimage","url":"https:\/\/www.tourisme-valdemarne.com\/espace-pro\/wp-content\/uploads\/sites\/3\/2023\/08\/evenement-refugies-primo-arrivants.jpg","contentUrl":"https:\/\/www.tourisme-valdemarne.com\/espace-pro\/wp-content\/uploads\/sites\/3\/2023\/08\/evenement-refugies-primo-arrivants.jpg","width":1448,"height":2048},{"@type":"BreadcrumbList","@id":"https:\/\/www.tourisme-valdemarne.com\/espace-pro\/actualites\/evenement-emploi-special-refugies-primo-arrivants\/#breadcrumb","itemListElement":[{"@type":"ListItem","position":1,"name":"Accueil","item":"https:\/\/www.tourisme-valdemarne.com\/espace-pro\/"},{"@type":"ListItem","position":2,"name":"Actualit\u00e9s de l&rsquo;espace pro","item":"https:\/\/www.tourisme-valdemarne.com\/espace-pro\/actualites\/"},{"@type":"ListItem","position":3,"name":"\u00c9v\u00e8nement emploi sp\u00e9cial r\u00e9fugi\u00e9s\/primo-arrivants"}]},{"@type":"WebSite","@id":"https:\/\/www.tourisme-valdemarne.com\/espace-pro\/#website","url":"https:\/\/www.tourisme-valdemarne.com\/espace-pro\/","name":"Espace Pro","description":"Informations et outils pour les professionnels et la Presse","potentialAction":[{"@type":"SearchAction","target":{"@type":"EntryPoint","urlTemplate":"https:\/\/www.tourisme-valdemarne.com\/espace-pro\/?s={search_term_string}"},"query-input":{"@type":"PropertyValueSpecification","valueRequired":true,"valueName":"search_term_string"}}],"inLanguage":"fr-FR"}]}},"_links":{"self":[{"href":"https:\/\/www.tourisme-valdemarne.com\/espace-pro\/wp-json\/wp\/v2\/pages\/15809","targetHints":{"allow":["GET"]}}],"collection":[{"href":"https:\/\/www.tourisme-valdemarne.com\/espace-pro\/wp-json\/wp\/v2\/pages"}],"about":[{"href":"https:\/\/www.tourisme-valdemarne.com\/espace-pro\/wp-json\/wp\/v2\/types\/page"}],"author":[{"embeddable":true,"href":"https:\/\/www.tourisme-valdemarne.com\/espace-pro\/wp-json\/wp\/v2\/users\/16"}],"replies":[{"embeddable":true,"href":"https:\/\/www.tourisme-valdemarne.com\/espace-pro\/wp-json\/wp\/v2\/comments?post=15809"}],"version-history":[{"count":4,"href":"https:\/\/www.tourisme-valdemarne.com\/espace-pro\/wp-json\/wp\/v2\/pages\/15809\/revisions"}],"predecessor-version":[{"id":16058,"href":"https:\/\/www.tourisme-valdemarne.com\/espace-pro\/wp-json\/wp\/v2\/pages\/15809\/revisions\/16058"}],"up":[{"embeddable":true,"href":"https:\/\/www.tourisme-valdemarne.com\/espace-pro\/wp-json\/wp\/v2\/pages\/6164"}],"wp:featuredmedia":[{"embeddable":true,"href":"https:\/\/www.tourisme-valdemarne.com\/espace-pro\/wp-json\/wp\/v2\/media\/15810"}],"wp:attachment":[{"href":"https:\/\/www.tourisme-valdemarne.com\/espace-pro\/wp-json\/wp\/v2\/media?parent=15809"}],"wp:term":[{"taxonomy":"vdmTagMarketing","embeddable":true,"href":"https:\/\/www.tourisme-valdemarne.com\/espace-pro\/wp-json\/wp\/v2\/vdmTagMarketing?post=15809"}],"curies":[{"name":"wp","href":"https:\/\/api.w.org\/{rel}","templated":true}]}}