{"id":15799,"date":"2023-08-22T17:29:39","date_gmt":"2023-08-22T15:29:39","guid":{"rendered":"https:\/\/www.tourisme-valdemarne.com\/espace-pro\/?page_id=15799"},"modified":"2023-09-08T11:00:10","modified_gmt":"2023-09-08T09:00:10","slug":"le-comite-departemental-du-tourisme-du-val-de-marne-rend-hommage-a-olivier-maitre-allain","status":"publish","type":"page","link":"https:\/\/www.tourisme-valdemarne.com\/espace-pro\/actualites\/le-comite-departemental-du-tourisme-du-val-de-marne-rend-hommage-a-olivier-maitre-allain\/","title":{"rendered":"Le Comit\u00e9 D\u00e9partemental du Tourisme du Val-de-Marne rend hommage \u00e0 Olivier Ma\u00eetre-Allain"},"content":{"rendered":"\n<p>Nous avons appris avec tristesse le d\u00e9c\u00e8s d\u2019Olivier Maitre-Allain.<\/p>\n\n\n\n<p>Homme de grande culture, Olivier \u00e9tait un des fondateurs de notre association, dont il est rest\u00e9 jusqu\u2019au bout un membre actif, fid\u00e8le et constructif.<\/p>\n\n\n\n<p>Membre du Bureau, il \u00e9tait notre secr\u00e9taire depuis de nombreuses ann\u00e9es. Sa bienveillance et sa gentillesse nous manqueront beaucoup.<\/p>\n\n\n\n<p>M\u00e9lanie Nowak, pr\u00e9sidente du CDT, H\u00e9l\u00e8ne Sallet-Lavorel, directrice, le Bureau, le Conseil d\u2019administration et toute l\u2019\u00e9quipe du comit\u00e9 d\u00e9partemental du tourisme du Val-de-Marne pr\u00e9sentent leurs sinc\u00e8res condol\u00e9ances \u00e0 sa famille et \u00e0 ses proches.<\/p>\n","protected":false},"excerpt":{"rendered":"<p>Nous avons appris avec tristesse le d\u00e9c\u00e8s d\u2019Olivier Maitre-Allain. Homme de grande culture, Olivier \u00e9tait un des fondateurs de notre association, dont il est rest\u00e9 jusqu\u2019au bout un membre actif, fid\u00e8le et constructif. Membre du Bureau, il \u00e9tait notre secr\u00e9taire depuis de nombreuses ann\u00e9es. Sa bienveillance et sa gentillesse nous manqueront beaucoup. M\u00e9lanie Nowak, pr\u00e9sidente [&hellip;]<\/p>\n","protected":false},"author":16,"featured_media":15800,"parent":6164,"menu_order":0,"comment_status":"closed","ping_status":"closed","template":"","meta":{"_relevanssi_hide_post":"","_relevanssi_hide_content":"","_relevanssi_pin_for_all":"","_relevanssi_pin_keywords":"","_relevanssi_unpin_keywords":"","_relevanssi_related_keywords":"","_relevanssi_related_include_ids":"","_relevanssi_related_exclude_ids":"","_relevanssi_related_no_append":"","_relevanssi_related_not_related":"","_relevanssi_related_posts":"8083,8095,8084,446,444,8101","_relevanssi_noindex_reason":"","footnotes":""},"vdmTagMarketing":[],"class_list":["post-15799","page","type-page","status-publish","has-post-thumbnail","hentry"],"acf":[],"yoast_head":"<!-- This site is optimized with the Yoast SEO plugin v23.9 - https:\/\/yoast.com\/wordpress\/plugins\/seo\/ -->\n<title>Le Comit\u00e9 D\u00e9partemental du Tourisme du Val-de-Marne rend hommage \u00e0 Olivier Ma\u00eetre-Allain - Espace Pro<\/title>\n<meta name=\"robots\" content=\"index, follow, max-snippet:-1, max-image-preview:large, max-video-preview:-1\" \/>\n<link rel=\"canonical\" href=\"https:\/\/www.tourisme-valdemarne.com\/espace-pro\/actualites\/le-comite-departemental-du-tourisme-du-val-de-marne-rend-hommage-a-olivier-maitre-allain\/\" \/>\n<meta property=\"og:locale\" content=\"fr_FR\" \/>\n<meta property=\"og:type\" content=\"article\" \/>\n<meta property=\"og:title\" content=\"Le Comit\u00e9 D\u00e9partemental du Tourisme du Val-de-Marne rend hommage \u00e0 Olivier Ma\u00eetre-Allain - Espace Pro\" \/>\n<meta property=\"og:description\" content=\"Nous avons appris avec tristesse le d\u00e9c\u00e8s d\u2019Olivier Maitre-Allain. Homme de grande culture, Olivier \u00e9tait un des fondateurs de notre association, dont il est rest\u00e9 jusqu\u2019au bout un membre actif, fid\u00e8le et constructif. Membre du Bureau, il \u00e9tait notre secr\u00e9taire depuis de nombreuses ann\u00e9es. Sa bienveillance et sa gentillesse nous manqueront beaucoup. M\u00e9lanie Nowak, pr\u00e9sidente [&hellip;]\" \/>\n<meta property=\"og:url\" content=\"https:\/\/www.tourisme-valdemarne.com\/espace-pro\/actualites\/le-comite-departemental-du-tourisme-du-val-de-marne-rend-hommage-a-olivier-maitre-allain\/\" \/>\n<meta property=\"og:site_name\" content=\"Espace Pro\" \/>\n<meta property=\"article:modified_time\" content=\"2023-09-08T09:00:10+00:00\" \/>\n<meta property=\"og:image\" content=\"https:\/\/www.tourisme-valdemarne.com\/espace-pro\/wp-content\/uploads\/sites\/3\/2023\/08\/olivier-maitre-allain-1.jpg\" \/>\n\t<meta property=\"og:image:width\" content=\"1600\" \/>\n\t<meta property=\"og:image:height\" content=\"1200\" \/>\n\t<meta property=\"og:image:type\" content=\"image\/jpeg\" \/>\n<meta name=\"twitter:card\" content=\"summary_large_image\" \/>\n<meta name=\"twitter:label1\" content=\"Dur\u00e9e de lecture estim\u00e9e\" \/>\n\t<meta name=\"twitter:data1\" content=\"1 minute\" \/>\n<script type=\"application\/ld+json\" class=\"yoast-schema-graph\">{\"@context\":\"https:\/\/schema.org\",\"@graph\":[{\"@type\":\"WebPage\",\"@id\":\"https:\/\/www.tourisme-valdemarne.com\/espace-pro\/actualites\/le-comite-departemental-du-tourisme-du-val-de-marne-rend-hommage-a-olivier-maitre-allain\/\",\"url\":\"https:\/\/www.tourisme-valdemarne.com\/espace-pro\/actualites\/le-comite-departemental-du-tourisme-du-val-de-marne-rend-hommage-a-olivier-maitre-allain\/\",\"name\":\"Le Comit\u00e9 D\u00e9partemental du Tourisme du Val-de-Marne rend hommage \u00e0 Olivier Ma\u00eetre-Allain - Espace Pro\",\"isPartOf\":{\"@id\":\"https:\/\/www.tourisme-valdemarne.com\/espace-pro\/#website\"},\"primaryImageOfPage\":{\"@id\":\"https:\/\/www.tourisme-valdemarne.com\/espace-pro\/actualites\/le-comite-departemental-du-tourisme-du-val-de-marne-rend-hommage-a-olivier-maitre-allain\/#primaryimage\"},\"image\":{\"@id\":\"https:\/\/www.tourisme-valdemarne.com\/espace-pro\/actualites\/le-comite-departemental-du-tourisme-du-val-de-marne-rend-hommage-a-olivier-maitre-allain\/#primaryimage\"},\"thumbnailUrl\":\"https:\/\/www.tourisme-valdemarne.com\/espace-pro\/wp-content\/uploads\/sites\/3\/2023\/08\/olivier-maitre-allain-1.jpg\",\"datePublished\":\"2023-08-22T15:29:39+00:00\",\"dateModified\":\"2023-09-08T09:00:10+00:00\",\"breadcrumb\":{\"@id\":\"https:\/\/www.tourisme-valdemarne.com\/espace-pro\/actualites\/le-comite-departemental-du-tourisme-du-val-de-marne-rend-hommage-a-olivier-maitre-allain\/#breadcrumb\"},\"inLanguage\":\"fr-FR\",\"potentialAction\":[{\"@type\":\"ReadAction\",\"target\":[\"https:\/\/www.tourisme-valdemarne.com\/espace-pro\/actualites\/le-comite-departemental-du-tourisme-du-val-de-marne-rend-hommage-a-olivier-maitre-allain\/\"]}]},{\"@type\":\"ImageObject\",\"inLanguage\":\"fr-FR\",\"@id\":\"https:\/\/www.tourisme-valdemarne.com\/espace-pro\/actualites\/le-comite-departemental-du-tourisme-du-val-de-marne-rend-hommage-a-olivier-maitre-allain\/#primaryimage\",\"url\":\"https:\/\/www.tourisme-valdemarne.com\/espace-pro\/wp-content\/uploads\/sites\/3\/2023\/08\/olivier-maitre-allain-1.jpg\",\"contentUrl\":\"https:\/\/www.tourisme-valdemarne.com\/espace-pro\/wp-content\/uploads\/sites\/3\/2023\/08\/olivier-maitre-allain-1.jpg\",\"width\":1600,\"height\":1200},{\"@type\":\"BreadcrumbList\",\"@id\":\"https:\/\/www.tourisme-valdemarne.com\/espace-pro\/actualites\/le-comite-departemental-du-tourisme-du-val-de-marne-rend-hommage-a-olivier-maitre-allain\/#breadcrumb\",\"itemListElement\":[{\"@type\":\"ListItem\",\"position\":1,\"name\":\"Accueil\",\"item\":\"https:\/\/www.tourisme-valdemarne.com\/espace-pro\/\"},{\"@type\":\"ListItem\",\"position\":2,\"name\":\"Actualit\u00e9s de l&rsquo;espace pro\",\"item\":\"https:\/\/www.tourisme-valdemarne.com\/espace-pro\/actualites\/\"},{\"@type\":\"ListItem\",\"position\":3,\"name\":\"Le Comit\u00e9 D\u00e9partemental du Tourisme du Val-de-Marne rend hommage \u00e0 Olivier Ma\u00eetre-Allain\"}]},{\"@type\":\"WebSite\",\"@id\":\"https:\/\/www.tourisme-valdemarne.com\/espace-pro\/#website\",\"url\":\"https:\/\/www.tourisme-valdemarne.com\/espace-pro\/\",\"name\":\"Espace Pro\",\"description\":\"Informations et outils pour les professionnels et la Presse\",\"potentialAction\":[{\"@type\":\"SearchAction\",\"target\":{\"@type\":\"EntryPoint\",\"urlTemplate\":\"https:\/\/www.tourisme-valdemarne.com\/espace-pro\/?s={search_term_string}\"},\"query-input\":{\"@type\":\"PropertyValueSpecification\",\"valueRequired\":true,\"valueName\":\"search_term_string\"}}],\"inLanguage\":\"fr-FR\"}]}<\/script>\n<!-- \/ Yoast SEO plugin. -->","yoast_head_json":{"title":"Le Comit\u00e9 D\u00e9partemental du Tourisme du Val-de-Marne rend hommage \u00e0 Olivier Ma\u00eetre-Allain - Espace Pro","robots":{"index":"index","follow":"follow","max-snippet":"max-snippet:-1","max-image-preview":"max-image-preview:large","max-video-preview":"max-video-preview:-1"},"canonical":"https:\/\/www.tourisme-valdemarne.com\/espace-pro\/actualites\/le-comite-departemental-du-tourisme-du-val-de-marne-rend-hommage-a-olivier-maitre-allain\/","og_locale":"fr_FR","og_type":"article","og_title":"Le Comit\u00e9 D\u00e9partemental du Tourisme du Val-de-Marne rend hommage \u00e0 Olivier Ma\u00eetre-Allain - Espace Pro","og_description":"Nous avons appris avec tristesse le d\u00e9c\u00e8s d\u2019Olivier Maitre-Allain. Homme de grande culture, Olivier \u00e9tait un des fondateurs de notre association, dont il est rest\u00e9 jusqu\u2019au bout un membre actif, fid\u00e8le et constructif. Membre du Bureau, il \u00e9tait notre secr\u00e9taire depuis de nombreuses ann\u00e9es. Sa bienveillance et sa gentillesse nous manqueront beaucoup. M\u00e9lanie Nowak, pr\u00e9sidente [&hellip;]","og_url":"https:\/\/www.tourisme-valdemarne.com\/espace-pro\/actualites\/le-comite-departemental-du-tourisme-du-val-de-marne-rend-hommage-a-olivier-maitre-allain\/","og_site_name":"Espace Pro","article_modified_time":"2023-09-08T09:00:10+00:00","og_image":[{"width":1600,"height":1200,"url":"https:\/\/www.tourisme-valdemarne.com\/espace-pro\/wp-content\/uploads\/sites\/3\/2023\/08\/olivier-maitre-allain-1.jpg","type":"image\/jpeg"}],"twitter_card":"summary_large_image","twitter_misc":{"Dur\u00e9e de lecture estim\u00e9e":"1 minute"},"schema":{"@context":"https:\/\/schema.org","@graph":[{"@type":"WebPage","@id":"https:\/\/www.tourisme-valdemarne.com\/espace-pro\/actualites\/le-comite-departemental-du-tourisme-du-val-de-marne-rend-hommage-a-olivier-maitre-allain\/","url":"https:\/\/www.tourisme-valdemarne.com\/espace-pro\/actualites\/le-comite-departemental-du-tourisme-du-val-de-marne-rend-hommage-a-olivier-maitre-allain\/","name":"Le Comit\u00e9 D\u00e9partemental du Tourisme du Val-de-Marne rend hommage \u00e0 Olivier Ma\u00eetre-Allain - Espace Pro","isPartOf":{"@id":"https:\/\/www.tourisme-valdemarne.com\/espace-pro\/#website"},"primaryImageOfPage":{"@id":"https:\/\/www.tourisme-valdemarne.com\/espace-pro\/actualites\/le-comite-departemental-du-tourisme-du-val-de-marne-rend-hommage-a-olivier-maitre-allain\/#primaryimage"},"image":{"@id":"https:\/\/www.tourisme-valdemarne.com\/espace-pro\/actualites\/le-comite-departemental-du-tourisme-du-val-de-marne-rend-hommage-a-olivier-maitre-allain\/#primaryimage"},"thumbnailUrl":"https:\/\/www.tourisme-valdemarne.com\/espace-pro\/wp-content\/uploads\/sites\/3\/2023\/08\/olivier-maitre-allain-1.jpg","datePublished":"2023-08-22T15:29:39+00:00","dateModified":"2023-09-08T09:00:10+00:00","breadcrumb":{"@id":"https:\/\/www.tourisme-valdemarne.com\/espace-pro\/actualites\/le-comite-departemental-du-tourisme-du-val-de-marne-rend-hommage-a-olivier-maitre-allain\/#breadcrumb"},"inLanguage":"fr-FR","potentialAction":[{"@type":"ReadAction","target":["https:\/\/www.tourisme-valdemarne.com\/espace-pro\/actualites\/le-comite-departemental-du-tourisme-du-val-de-marne-rend-hommage-a-olivier-maitre-allain\/"]}]},{"@type":"ImageObject","inLanguage":"fr-FR","@id":"https:\/\/www.tourisme-valdemarne.com\/espace-pro\/actualites\/le-comite-departemental-du-tourisme-du-val-de-marne-rend-hommage-a-olivier-maitre-allain\/#primaryimage","url":"https:\/\/www.tourisme-valdemarne.com\/espace-pro\/wp-content\/uploads\/sites\/3\/2023\/08\/olivier-maitre-allain-1.jpg","contentUrl":"https:\/\/www.tourisme-valdemarne.com\/espace-pro\/wp-content\/uploads\/sites\/3\/2023\/08\/olivier-maitre-allain-1.jpg","width":1600,"height":1200},{"@type":"BreadcrumbList","@id":"https:\/\/www.tourisme-valdemarne.com\/espace-pro\/actualites\/le-comite-departemental-du-tourisme-du-val-de-marne-rend-hommage-a-olivier-maitre-allain\/#breadcrumb","itemListElement":[{"@type":"ListItem","position":1,"name":"Accueil","item":"https:\/\/www.tourisme-valdemarne.com\/espace-pro\/"},{"@type":"ListItem","position":2,"name":"Actualit\u00e9s de l&rsquo;espace pro","item":"https:\/\/www.tourisme-valdemarne.com\/espace-pro\/actualites\/"},{"@type":"ListItem","position":3,"name":"Le Comit\u00e9 D\u00e9partemental du Tourisme du Val-de-Marne rend hommage \u00e0 Olivier Ma\u00eetre-Allain"}]},{"@type":"WebSite","@id":"https:\/\/www.tourisme-valdemarne.com\/espace-pro\/#website","url":"https:\/\/www.tourisme-valdemarne.com\/espace-pro\/","name":"Espace Pro","description":"Informations et outils pour les professionnels et la Presse","potentialAction":[{"@type":"SearchAction","target":{"@type":"EntryPoint","urlTemplate":"https:\/\/www.tourisme-valdemarne.com\/espace-pro\/?s={search_term_string}"},"query-input":{"@type":"PropertyValueSpecification","valueRequired":true,"valueName":"search_term_string"}}],"inLanguage":"fr-FR"}]}},"_links":{"self":[{"href":"https:\/\/www.tourisme-valdemarne.com\/espace-pro\/wp-json\/wp\/v2\/pages\/15799","targetHints":{"allow":["GET"]}}],"collection":[{"href":"https:\/\/www.tourisme-valdemarne.com\/espace-pro\/wp-json\/wp\/v2\/pages"}],"about":[{"href":"https:\/\/www.tourisme-valdemarne.com\/espace-pro\/wp-json\/wp\/v2\/types\/page"}],"author":[{"embeddable":true,"href":"https:\/\/www.tourisme-valdemarne.com\/espace-pro\/wp-json\/wp\/v2\/users\/16"}],"replies":[{"embeddable":true,"href":"https:\/\/www.tourisme-valdemarne.com\/espace-pro\/wp-json\/wp\/v2\/comments?post=15799"}],"version-history":[{"count":1,"href":"https:\/\/www.tourisme-valdemarne.com\/espace-pro\/wp-json\/wp\/v2\/pages\/15799\/revisions"}],"predecessor-version":[{"id":15801,"href":"https:\/\/www.tourisme-valdemarne.com\/espace-pro\/wp-json\/wp\/v2\/pages\/15799\/revisions\/15801"}],"up":[{"embeddable":true,"href":"https:\/\/www.tourisme-valdemarne.com\/espace-pro\/wp-json\/wp\/v2\/pages\/6164"}],"wp:featuredmedia":[{"embeddable":true,"href":"https:\/\/www.tourisme-valdemarne.com\/espace-pro\/wp-json\/wp\/v2\/media\/15800"}],"wp:attachment":[{"href":"https:\/\/www.tourisme-valdemarne.com\/espace-pro\/wp-json\/wp\/v2\/media?parent=15799"}],"wp:term":[{"taxonomy":"vdmTagMarketing","embeddable":true,"href":"https:\/\/www.tourisme-valdemarne.com\/espace-pro\/wp-json\/wp\/v2\/vdmTagMarketing?post=15799"}],"curies":[{"name":"wp","href":"https:\/\/api.w.org\/{rel}","templated":true}]}}