{"id":156,"date":"2019-04-16T16:13:10","date_gmt":"2019-04-16T14:13:10","guid":{"rendered":"https:\/\/www.tourisme-valdemarne.com\/espace-pro\/outils-de-communication"},"modified":"2025-12-11T16:09:00","modified_gmt":"2025-12-11T15:09:00","slug":"outils-de-communication","status":"publish","type":"page","link":"https:\/\/www.tourisme-valdemarne.com\/espace-pro\/outils-a-votre-service\/outils-de-communication\/","title":{"rendered":"Outils de communication"},"content":{"rendered":"\n<p class=\"is-style-excerpt\">Val-de-Marne Tourisme &amp; Loisirs vous propose divers outils de communication pour promouvoir le tourisme sur le d\u00e9partement, mais aussi mettre en valeur votre offre.<\/p>\n\n\n\n<h2 class=\"wp-block-heading\">Distribution des brochures touristiques dans votre lieu d\u2019accueil du public<\/h2>\n\n\n\n<p>Val-de-Marne Tourisme &amp; Loisirs met \u00e0 votre disposition la carte #MonValdeMarne qui vous offre le d\u00e9tail des visites, balades et sorties dans le sud-est de Paris.<\/p>\n\n\n<div class=\"wp-block-image\">\n<figure class=\"aligncenter is-resized\"><a href=\"https:\/\/www.tourisme-valdemarne.com\/espace-pro\/wp-content\/uploads\/sites\/3\/2019\/06\/carte-tourisme-94.pdf\" target=\"_blank\" rel=\"noreferrer noopener\"><img width=\"346\" height=\"600\" data-src=\"https:\/\/www.tourisme-valdemarne.com\/espace-pro\/wp-content\/uploads\/sites\/3\/2019\/05\/couv-carte-2018-346x600.jpg\" alt=\"Carte touristique du Val-de-Marne\" class=\"wp-image-2810\" style=\"width:173px;height:300px\" srcset=\"https:\/\/www.tourisme-valdemarne.com\/espace-pro\/wp-content\/uploads\/sites\/3\/2019\/05\/couv-carte-2018-346x600.jpg 346w, https:\/\/www.tourisme-valdemarne.com\/espace-pro\/wp-content\/uploads\/sites\/3\/2019\/05\/couv-carte-2018-519x900.jpg 519w, https:\/\/www.tourisme-valdemarne.com\/espace-pro\/wp-content\/uploads\/sites\/3\/2019\/05\/couv-carte-2018-692x1200.jpg 692w, https:\/\/www.tourisme-valdemarne.com\/espace-pro\/wp-content\/uploads\/sites\/3\/2019\/05\/couv-carte-2018-380x659.jpg 380w, https:\/\/www.tourisme-valdemarne.com\/espace-pro\/wp-content\/uploads\/sites\/3\/2019\/05\/couv-carte-2018-200x347.jpg 200w, https:\/\/www.tourisme-valdemarne.com\/espace-pro\/wp-content\/uploads\/sites\/3\/2019\/05\/couv-carte-2018.jpg 1181w\" sizes=\"(max-width: 346px) 100vw, 346px\" \/><\/a><\/figure><\/div>\n\n\n<p class=\"is-style-highlight\">Val-de-Marne Tourisme et Loisirs n&rsquo;est plus en mesure d&rsquo;envoyer de brochures. Merci de votre compr\u00e9hension.<\/p>\n\n\n\n<h2 class=\"wp-block-heading\">Ajout de vos \u00e9v\u00e8nements grand public dans l\u2019agenda en ligne<\/h2>\n\n\n\n<p>Val-de-Marne Tourisme &amp; Loisirs pr\u00e9sente sur son site web un agenda regroupant tous les \u00e9v\u00e8nements grand public du d\u00e9partement (expositions, spectacles, festivals, visites\u2026). Chaque ville ou site val-de-marnais peut b\u00e9n\u00e9ficier d&rsquo;une visibilit\u00e9 dans cet agenda.<\/p>\n\n\n\n<p class=\"is-style-highlight\">Pour y figurer, vous pouvez remplir le <a href=\"https:\/\/cdt94.tourinsoft.com\/questionnaire-web\/048942a0-d385-4efb-8c96-cb62ce4a6a4e\/91d0824a-d936-450f-85f9-595805b36f0c\/add.aspx\" target=\"_blank\" rel=\"noreferrer noopener\">formulaire d&rsquo;ajout d&rsquo;un \u00e9v\u00e8nement<\/a>.<\/p>\n\n\n\n<h2 class=\"wp-block-heading\">Int\u00e9gration du flux d\u2019actualit\u00e9s grand public sur votre site web<\/h2>\n\n\n\n<p>Si vous souhaitez pr\u00e9senter sur votre site web tous les \u00e9v\u00e8nements du d\u00e9partement, Val-de-Marne Tourisme &amp; Loisirs peut mettre \u00e0 votre disposition un flux constamment mis \u00e0 jour.<\/p>\n\n\n\n<p>Dans ce cadre, merci de <a href=\"mailto:&#112;r&#111;&#64;to&#117;&#114;&#105;&#115;&#109;e-vald&#101;m&#97;&#114;n&#101;&#46;co&#109;\" target=\"_blank\" rel=\"noreferrer noopener\" aria-label=\"contacter notre charg\u00e9e de mission web (s\u2019ouvre dans un nouvel onglet)\">contacter notre charg\u00e9e de mission web<\/a>.<\/p>\n\n\n\n<h2 class=\"wp-block-heading\">Mise \u00e0 jour de la fiche de votre \u00e9tablissement dans la base de donn\u00e9es Tourinsoft alimentant le site web<\/h2>\n\n\n\n<p>Si vous souhaitez appara\u00eetre sur notre site web ou mettre \u00e0 jour la fiche d\u00e9j\u00e0 existante pr\u00e9sentant votre \u00e9tablissement, vous pouvez <a href=\"mailto:p&#114;o&#64;&#116;&#111;&#117;r&#105;sm&#101;&#45;v&#97;&#108;&#100;emar&#110;e&#46;c&#111;m\" target=\"_blank\" rel=\"noreferrer noopener\" aria-label=\"contacter notre charg\u00e9e de mission web (s\u2019ouvre dans un nouvel onglet)\">contacter notre charg\u00e9e de mission web<\/a>.<\/p>\n\n\n\n<h2 class=\"wp-block-heading\">Demande de partenariat et utilisation du logo Val-de-Marne Tourisme &amp; Loisirs<\/h2>\n\n\n\n<p>Pour toute demande de partenariat avec Val-de-Marne Tourisme &amp; Loisirs, merci de <a rel=\"noreferrer noopener\" aria-label=\"contacter la responsable communication (s\u2019ouvre dans un nouvel onglet)\" href=\"mailto:&#112;r&#111;&#64;t&#111;u&#114;is&#109;e&#45;&#118;&#97;ld&#101;&#109;a&#114;&#110;&#101;&#46;c&#111;&#109;\" target=\"_blank\">contacter la responsable communication<\/a>.<\/p>\n\n\n<div class=\"wp-block-image\">\n<figure class=\"aligncenter is-resized\"><img width=\"600\" height=\"338\" data-src=\"https:\/\/www.tourisme-valdemarne.com\/espace-pro\/wp-content\/uploads\/sites\/3\/2019\/05\/vdm_court_logo_quadri_rvb-grand-600x338.jpg\" alt=\"Logo du CDT 94\" class=\"wp-image-645\" style=\"width:300px;height:169px\" srcset=\"https:\/\/www.tourisme-valdemarne.com\/espace-pro\/wp-content\/uploads\/sites\/3\/2019\/05\/vdm_court_logo_quadri_rvb-grand-600x338.jpg 600w, https:\/\/www.tourisme-valdemarne.com\/espace-pro\/wp-content\/uploads\/sites\/3\/2019\/05\/vdm_court_logo_quadri_rvb-grand-900x506.jpg 900w, https:\/\/www.tourisme-valdemarne.com\/espace-pro\/wp-content\/uploads\/sites\/3\/2019\/05\/vdm_court_logo_quadri_rvb-grand-1200x675.jpg 1200w, https:\/\/www.tourisme-valdemarne.com\/espace-pro\/wp-content\/uploads\/sites\/3\/2019\/05\/vdm_court_logo_quadri_rvb-grand-200x113.jpg 200w, https:\/\/www.tourisme-valdemarne.com\/espace-pro\/wp-content\/uploads\/sites\/3\/2019\/05\/vdm_court_logo_quadri_rvb-grand.jpg 1600w\" sizes=\"(max-width: 600px) 100vw, 600px\" \/><\/figure><\/div>\n\n\n<h2 class=\"wp-block-heading\">Demande d\u2019utilisation de visuels<\/h2>\n\n\n\n<p>Les visuels sont fournis uniquement dans le cadre d&rsquo;une promotion en lien avec Val-de-Marne Tourisme &amp; Loisirs et ses actions.<\/p>\n\n\n\n<p>Pour toute demande, merci de <a href=\"mailto:&#112;&#114;o&#64;t&#111;u&#114;ism&#101;&#45;v&#97;l&#100;&#101;m&#97;r&#110;e&#46;&#99;om\" target=\"_blank\" rel=\"noreferrer noopener\" aria-label=\"contacter la responsable communication (s\u2019ouvre dans un nouvel onglet)\">contacter la responsable communication<\/a>.<\/p>\n\n\n\n<h2 class=\"wp-block-heading\">Aide aux relations presse<\/h2>\n\n\n\n<p>Val-de-Marne Tourisme &amp; Loisirs dispose d\u2019un service Presse et peut vous aider dans le cadre d\u2019op\u00e9rations exceptionnelles.<\/p>\n\n\n\n<p>Si vous souhaitez une aide aux relations presse, merci de <a href=\"mailto:&#112;&#114;e&#115;&#115;&#101;&#64;tou&#114;&#105;s&#109;e&#45;v&#97;&#108;&#100;ema&#114;&#110;e&#46;&#99;&#111;&#109;\" target=\"_blank\" rel=\"noreferrer noopener\" aria-label=\" (s\u2019ouvre dans un nouvel onglet)\">contacter la responsable Presse<\/a>.<\/p>\n","protected":false},"excerpt":{"rendered":"<p>Val-de-Marne Tourisme &amp; Loisirs vous propose divers outils de communication pour promouvoir le tourisme sur le d\u00e9partement, mais aussi mettre en valeur votre offre. Distribution des brochures touristiques dans votre lieu d\u2019accueil du public Val-de-Marne Tourisme &amp; Loisirs met \u00e0 votre disposition la carte #MonValdeMarne qui vous offre le d\u00e9tail des visites, balades et sorties [&hellip;]<\/p>\n","protected":false},"author":1,"featured_media":2810,"parent":17,"menu_order":0,"comment_status":"closed","ping_status":"closed","template":"","meta":{"_relevanssi_hide_post":"","_relevanssi_hide_content":"","_relevanssi_pin_for_all":"","_relevanssi_pin_keywords":"","_relevanssi_unpin_keywords":"","_relevanssi_related_keywords":"","_relevanssi_related_include_ids":"","_relevanssi_related_exclude_ids":"","_relevanssi_related_no_append":"","_relevanssi_related_not_related":"","_relevanssi_related_posts":"442,444,2741,2747,2751,8101","_relevanssi_noindex_reason":"","footnotes":""},"vdmTagMarketing":[],"class_list":["post-156","page","type-page","status-publish","has-post-thumbnail","hentry"],"acf":[],"yoast_head":"<!-- This site is optimized with the Yoast SEO plugin v23.9 - https:\/\/yoast.com\/wordpress\/plugins\/seo\/ -->\n<title>Outils de communication - Espace Pro | Val-de-Marne Tourisme<\/title>\n<meta name=\"description\" content=\"Val-de-Marne Tourisme &amp; Loisirs vous propose divers outils de communication pour promouvoir le tourisme sur le d\u00e9partement.\" \/>\n<meta name=\"robots\" content=\"index, follow, max-snippet:-1, max-image-preview:large, max-video-preview:-1\" \/>\n<link rel=\"canonical\" href=\"https:\/\/www.tourisme-valdemarne.com\/espace-pro\/outils-a-votre-service\/outils-de-communication\/\" \/>\n<meta property=\"og:locale\" content=\"fr_FR\" \/>\n<meta property=\"og:type\" content=\"article\" \/>\n<meta property=\"og:title\" content=\"Outils de communication - Espace Pro | Val-de-Marne Tourisme\" \/>\n<meta property=\"og:description\" content=\"Val-de-Marne Tourisme &amp; Loisirs vous propose divers outils de communication pour promouvoir le tourisme sur le d\u00e9partement.\" \/>\n<meta property=\"og:url\" content=\"https:\/\/www.tourisme-valdemarne.com\/espace-pro\/outils-a-votre-service\/outils-de-communication\/\" \/>\n<meta property=\"og:site_name\" content=\"Espace Pro\" \/>\n<meta property=\"article:modified_time\" content=\"2025-12-11T15:09:00+00:00\" \/>\n<meta property=\"og:image\" content=\"https:\/\/www.tourisme-valdemarne.com\/espace-pro\/wp-content\/uploads\/sites\/3\/2019\/05\/couv-carte-2018.jpg\" \/>\n\t<meta property=\"og:image:width\" content=\"1181\" \/>\n\t<meta property=\"og:image:height\" content=\"2048\" \/>\n\t<meta property=\"og:image:type\" content=\"image\/jpeg\" \/>\n<meta name=\"twitter:card\" content=\"summary_large_image\" \/>\n<meta name=\"twitter:label1\" content=\"Dur\u00e9e de lecture estim\u00e9e\" \/>\n\t<meta name=\"twitter:data1\" content=\"3 minutes\" \/>\n<script type=\"application\/ld+json\" class=\"yoast-schema-graph\">{\"@context\":\"https:\/\/schema.org\",\"@graph\":[{\"@type\":\"WebPage\",\"@id\":\"https:\/\/www.tourisme-valdemarne.com\/espace-pro\/outils-a-votre-service\/outils-de-communication\/\",\"url\":\"https:\/\/www.tourisme-valdemarne.com\/espace-pro\/outils-a-votre-service\/outils-de-communication\/\",\"name\":\"Outils de communication - Espace Pro | Val-de-Marne Tourisme\",\"isPartOf\":{\"@id\":\"https:\/\/www.tourisme-valdemarne.com\/espace-pro\/#website\"},\"primaryImageOfPage\":{\"@id\":\"https:\/\/www.tourisme-valdemarne.com\/espace-pro\/outils-a-votre-service\/outils-de-communication\/#primaryimage\"},\"image\":{\"@id\":\"https:\/\/www.tourisme-valdemarne.com\/espace-pro\/outils-a-votre-service\/outils-de-communication\/#primaryimage\"},\"thumbnailUrl\":\"https:\/\/www.tourisme-valdemarne.com\/espace-pro\/wp-content\/uploads\/sites\/3\/2019\/05\/couv-carte-2018.jpg\",\"datePublished\":\"2019-04-16T14:13:10+00:00\",\"dateModified\":\"2025-12-11T15:09:00+00:00\",\"description\":\"Val-de-Marne Tourisme & Loisirs vous propose divers outils de communication pour promouvoir le tourisme sur le d\u00e9partement.\",\"breadcrumb\":{\"@id\":\"https:\/\/www.tourisme-valdemarne.com\/espace-pro\/outils-a-votre-service\/outils-de-communication\/#breadcrumb\"},\"inLanguage\":\"fr-FR\",\"potentialAction\":[{\"@type\":\"ReadAction\",\"target\":[\"https:\/\/www.tourisme-valdemarne.com\/espace-pro\/outils-a-votre-service\/outils-de-communication\/\"]}]},{\"@type\":\"ImageObject\",\"inLanguage\":\"fr-FR\",\"@id\":\"https:\/\/www.tourisme-valdemarne.com\/espace-pro\/outils-a-votre-service\/outils-de-communication\/#primaryimage\",\"url\":\"https:\/\/www.tourisme-valdemarne.com\/espace-pro\/wp-content\/uploads\/sites\/3\/2019\/05\/couv-carte-2018.jpg\",\"contentUrl\":\"https:\/\/www.tourisme-valdemarne.com\/espace-pro\/wp-content\/uploads\/sites\/3\/2019\/05\/couv-carte-2018.jpg\",\"width\":1181,\"height\":2048,\"caption\":\"Carte touristique du Val-de-Marne\"},{\"@type\":\"BreadcrumbList\",\"@id\":\"https:\/\/www.tourisme-valdemarne.com\/espace-pro\/outils-a-votre-service\/outils-de-communication\/#breadcrumb\",\"itemListElement\":[{\"@type\":\"ListItem\",\"position\":1,\"name\":\"Accueil\",\"item\":\"https:\/\/www.tourisme-valdemarne.com\/espace-pro\/\"},{\"@type\":\"ListItem\",\"position\":2,\"name\":\"Outils \u00e0 votre service\",\"item\":\"https:\/\/www.tourisme-valdemarne.com\/espace-pro\/outils-a-votre-service\/\"},{\"@type\":\"ListItem\",\"position\":3,\"name\":\"Outils de communication\"}]},{\"@type\":\"WebSite\",\"@id\":\"https:\/\/www.tourisme-valdemarne.com\/espace-pro\/#website\",\"url\":\"https:\/\/www.tourisme-valdemarne.com\/espace-pro\/\",\"name\":\"Espace Pro\",\"description\":\"Informations et outils pour les professionnels et la Presse\",\"potentialAction\":[{\"@type\":\"SearchAction\",\"target\":{\"@type\":\"EntryPoint\",\"urlTemplate\":\"https:\/\/www.tourisme-valdemarne.com\/espace-pro\/?s={search_term_string}\"},\"query-input\":{\"@type\":\"PropertyValueSpecification\",\"valueRequired\":true,\"valueName\":\"search_term_string\"}}],\"inLanguage\":\"fr-FR\"}]}<\/script>\n<!-- \/ Yoast SEO plugin. -->","yoast_head_json":{"title":"Outils de communication - Espace Pro | Val-de-Marne Tourisme","description":"Val-de-Marne Tourisme & Loisirs vous propose divers outils de communication pour promouvoir le tourisme sur le d\u00e9partement.","robots":{"index":"index","follow":"follow","max-snippet":"max-snippet:-1","max-image-preview":"max-image-preview:large","max-video-preview":"max-video-preview:-1"},"canonical":"https:\/\/www.tourisme-valdemarne.com\/espace-pro\/outils-a-votre-service\/outils-de-communication\/","og_locale":"fr_FR","og_type":"article","og_title":"Outils de communication - Espace Pro | Val-de-Marne Tourisme","og_description":"Val-de-Marne Tourisme & Loisirs vous propose divers outils de communication pour promouvoir le tourisme sur le d\u00e9partement.","og_url":"https:\/\/www.tourisme-valdemarne.com\/espace-pro\/outils-a-votre-service\/outils-de-communication\/","og_site_name":"Espace Pro","article_modified_time":"2025-12-11T15:09:00+00:00","og_image":[{"width":1181,"height":2048,"url":"https:\/\/www.tourisme-valdemarne.com\/espace-pro\/wp-content\/uploads\/sites\/3\/2019\/05\/couv-carte-2018.jpg","type":"image\/jpeg"}],"twitter_card":"summary_large_image","twitter_misc":{"Dur\u00e9e de lecture estim\u00e9e":"3 minutes"},"schema":{"@context":"https:\/\/schema.org","@graph":[{"@type":"WebPage","@id":"https:\/\/www.tourisme-valdemarne.com\/espace-pro\/outils-a-votre-service\/outils-de-communication\/","url":"https:\/\/www.tourisme-valdemarne.com\/espace-pro\/outils-a-votre-service\/outils-de-communication\/","name":"Outils de communication - Espace Pro | Val-de-Marne Tourisme","isPartOf":{"@id":"https:\/\/www.tourisme-valdemarne.com\/espace-pro\/#website"},"primaryImageOfPage":{"@id":"https:\/\/www.tourisme-valdemarne.com\/espace-pro\/outils-a-votre-service\/outils-de-communication\/#primaryimage"},"image":{"@id":"https:\/\/www.tourisme-valdemarne.com\/espace-pro\/outils-a-votre-service\/outils-de-communication\/#primaryimage"},"thumbnailUrl":"https:\/\/www.tourisme-valdemarne.com\/espace-pro\/wp-content\/uploads\/sites\/3\/2019\/05\/couv-carte-2018.jpg","datePublished":"2019-04-16T14:13:10+00:00","dateModified":"2025-12-11T15:09:00+00:00","description":"Val-de-Marne Tourisme & Loisirs vous propose divers outils de communication pour promouvoir le tourisme sur le d\u00e9partement.","breadcrumb":{"@id":"https:\/\/www.tourisme-valdemarne.com\/espace-pro\/outils-a-votre-service\/outils-de-communication\/#breadcrumb"},"inLanguage":"fr-FR","potentialAction":[{"@type":"ReadAction","target":["https:\/\/www.tourisme-valdemarne.com\/espace-pro\/outils-a-votre-service\/outils-de-communication\/"]}]},{"@type":"ImageObject","inLanguage":"fr-FR","@id":"https:\/\/www.tourisme-valdemarne.com\/espace-pro\/outils-a-votre-service\/outils-de-communication\/#primaryimage","url":"https:\/\/www.tourisme-valdemarne.com\/espace-pro\/wp-content\/uploads\/sites\/3\/2019\/05\/couv-carte-2018.jpg","contentUrl":"https:\/\/www.tourisme-valdemarne.com\/espace-pro\/wp-content\/uploads\/sites\/3\/2019\/05\/couv-carte-2018.jpg","width":1181,"height":2048,"caption":"Carte touristique du Val-de-Marne"},{"@type":"BreadcrumbList","@id":"https:\/\/www.tourisme-valdemarne.com\/espace-pro\/outils-a-votre-service\/outils-de-communication\/#breadcrumb","itemListElement":[{"@type":"ListItem","position":1,"name":"Accueil","item":"https:\/\/www.tourisme-valdemarne.com\/espace-pro\/"},{"@type":"ListItem","position":2,"name":"Outils \u00e0 votre service","item":"https:\/\/www.tourisme-valdemarne.com\/espace-pro\/outils-a-votre-service\/"},{"@type":"ListItem","position":3,"name":"Outils de communication"}]},{"@type":"WebSite","@id":"https:\/\/www.tourisme-valdemarne.com\/espace-pro\/#website","url":"https:\/\/www.tourisme-valdemarne.com\/espace-pro\/","name":"Espace Pro","description":"Informations et outils pour les professionnels et la Presse","potentialAction":[{"@type":"SearchAction","target":{"@type":"EntryPoint","urlTemplate":"https:\/\/www.tourisme-valdemarne.com\/espace-pro\/?s={search_term_string}"},"query-input":{"@type":"PropertyValueSpecification","valueRequired":true,"valueName":"search_term_string"}}],"inLanguage":"fr-FR"}]}},"_links":{"self":[{"href":"https:\/\/www.tourisme-valdemarne.com\/espace-pro\/wp-json\/wp\/v2\/pages\/156","targetHints":{"allow":["GET"]}}],"collection":[{"href":"https:\/\/www.tourisme-valdemarne.com\/espace-pro\/wp-json\/wp\/v2\/pages"}],"about":[{"href":"https:\/\/www.tourisme-valdemarne.com\/espace-pro\/wp-json\/wp\/v2\/types\/page"}],"author":[{"embeddable":true,"href":"https:\/\/www.tourisme-valdemarne.com\/espace-pro\/wp-json\/wp\/v2\/users\/1"}],"replies":[{"embeddable":true,"href":"https:\/\/www.tourisme-valdemarne.com\/espace-pro\/wp-json\/wp\/v2\/comments?post=156"}],"version-history":[{"count":14,"href":"https:\/\/www.tourisme-valdemarne.com\/espace-pro\/wp-json\/wp\/v2\/pages\/156\/revisions"}],"predecessor-version":[{"id":30617,"href":"https:\/\/www.tourisme-valdemarne.com\/espace-pro\/wp-json\/wp\/v2\/pages\/156\/revisions\/30617"}],"up":[{"embeddable":true,"href":"https:\/\/www.tourisme-valdemarne.com\/espace-pro\/wp-json\/wp\/v2\/pages\/17"}],"wp:featuredmedia":[{"embeddable":true,"href":"https:\/\/www.tourisme-valdemarne.com\/espace-pro\/wp-json\/wp\/v2\/media\/2810"}],"wp:attachment":[{"href":"https:\/\/www.tourisme-valdemarne.com\/espace-pro\/wp-json\/wp\/v2\/media?parent=156"}],"wp:term":[{"taxonomy":"vdmTagMarketing","embeddable":true,"href":"https:\/\/www.tourisme-valdemarne.com\/espace-pro\/wp-json\/wp\/v2\/vdmTagMarketing?post=156"}],"curies":[{"name":"wp","href":"https:\/\/api.w.org\/{rel}","templated":true}]}}