{"id":15545,"date":"2023-07-21T09:46:36","date_gmt":"2023-07-21T07:46:36","guid":{"rendered":"https:\/\/www.tourisme-valdemarne.com\/espace-pro\/?page_id=15545"},"modified":"2024-06-10T12:23:40","modified_gmt":"2024-06-10T10:23:40","slug":"appel-a-projet-pour-la-realisation-dune-fresque-dans-le-port-de-bonneuil-sur-marne","status":"publish","type":"page","link":"https:\/\/www.tourisme-valdemarne.com\/espace-pro\/actualites\/appel-a-projet-pour-la-realisation-dune-fresque-dans-le-port-de-bonneuil-sur-marne\/","title":{"rendered":"Appel \u00e0 projet pour la r\u00e9alisation d\u2019une fresque dans le port de Bonneuil-sur-Marne"},"content":{"rendered":"\n<p class=\"is-style-excerpt\">Pour la troisi\u00e8me ann\u00e9e, dans le cadre du <a href=\"https:\/\/www.tourisme-valdemarne.com\/street-art\/phenomen-art-festival-street-art\/\">festival Ph\u00e9nomen\u2019Art<\/a>, HAROPA PORT | Paris a missionn\u00e9 Val-de-Marne Tourisme &amp; Loisirs afin de diffuser un appel \u00e0 projet pour la r\u00e9alisation d\u2019une fresque dans le port industriel de Bonneuil-sur-Marne.\u00a0<\/p>\n\n\n\n<p class=\"has-text-align-center\"><strong>Date limite de candidature: 31 ao\u00fbt 2023<\/strong><\/p>\n\n\n\n<p>L\u2019artiste ou les artistes retenus devront r\u00e9aliser le projet dans le cadre du festival Ph\u00e9nom\u00e8n\u2019Art en pr\u00e9voyant l\u2019accueil du grand public \u00e0 l\u2019occasion des 3 jours du festival (13-14-15 octobre 2023). Le projet doit ainsi int\u00e9grer un temps d\u2019accueil du public avec des s\u00e9ances de m\u00e9diation autour du street art et de la r\u00e9alisation de fresques. <\/p>\n\n\n\n<p>Le budget maximum de cette r\u00e9alisation s\u2019\u00e9l\u00e8ve \u00e0 12 000 \u20acHT.<\/p>\n\n\n\n<p>Les th\u00e8mes de l\u2019\u0153uvre pourraient \u00eatre :<\/p>\n\n\n\n<ul class=\"wp-block-list\"><li>Le d\u00e9veloppement d\u2019activit\u00e9 \u00e9conomique en coh\u00e9rence avec la biodiversit\u00e9 de la Marne,<\/li><li>L\u2019utilit\u00e9 du port vis-\u00e0-vis de la ville,<\/li><li>La mise en valeur des 3000 personnes qui travaillent dans le port de Bonneuil,<\/li><li>L\u2019\u00e9conomie circulaire dans le secteur du BTP : exploitation des sabli\u00e8res, transformation des mat\u00e9riaux en b\u00e9ton et parpaings, r\u00e9cup\u00e9ration des mat\u00e9riaux de d\u00e9molition, r\u00e9emploi des mat\u00e9riaux de d\u00e9molition, remblai des sabli\u00e8res avec les mat\u00e9riaux non valorisables),<\/li><li>Le recours au mode fluvial pour toutes les phases de transport (depuis et vers les sabli\u00e8res pour r\u00e9cup\u00e9rer les d\u00e9blais des grands chantiers, pour l\u2019approvisionnement des chantiers urbains).<\/li><\/ul>\n\n\n\n<div class=\"wp-block-buttons is-content-justification-center is-layout-flex wp-container-core-buttons-is-layout-1 wp-block-buttons-is-layout-flex\">\n<div class=\"wp-block-button\"><a class=\"wp-block-button__link\" href=\"https:\/\/www.tourisme-valdemarne.com\/wp-content\/uploads\/2023\/07\/consultation-fresque-2023-haropa-port_cdt94-3.pdf\" target=\"_blank\" rel=\"noreferrer noopener\">LIre le cahier des charges de l&rsquo;appel \u00e0 projet<\/a><\/div>\n<\/div>\n","protected":false},"excerpt":{"rendered":"<p>Pour la troisi\u00e8me ann\u00e9e, dans le cadre du festival Ph\u00e9nomen\u2019Art, HAROPA PORT | Paris a missionn\u00e9 Val-de-Marne Tourisme &amp; Loisirs afin de diffuser un appel \u00e0 projet pour la r\u00e9alisation d\u2019une fresque dans le port industriel de Bonneuil-sur-Marne.\u00a0 Date limite de candidature: 31 ao\u00fbt 2023 L\u2019artiste ou les artistes retenus devront r\u00e9aliser le projet dans [&hellip;]<\/p>\n","protected":false},"author":16,"featured_media":15546,"parent":6164,"menu_order":0,"comment_status":"closed","ping_status":"closed","template":"","meta":{"_relevanssi_hide_post":"","_relevanssi_hide_content":"","_relevanssi_pin_for_all":"","_relevanssi_pin_keywords":"","_relevanssi_unpin_keywords":"","_relevanssi_related_keywords":"","_relevanssi_related_include_ids":"","_relevanssi_related_exclude_ids":"","_relevanssi_related_no_append":"","_relevanssi_related_not_related":"","_relevanssi_related_posts":"2747,444,8108,8095,8104,8090","_relevanssi_noindex_reason":"","footnotes":""},"vdmTagMarketing":[],"class_list":["post-15545","page","type-page","status-publish","has-post-thumbnail","hentry"],"acf":[],"yoast_head":"<!-- This site is optimized with the Yoast SEO plugin v23.9 - https:\/\/yoast.com\/wordpress\/plugins\/seo\/ -->\n<title>Appel \u00e0 projet pour la r\u00e9alisation d\u2019une fresque dans le port de Bonneuil-sur-Marne - Espace Pro<\/title>\n<meta name=\"robots\" content=\"index, follow, max-snippet:-1, max-image-preview:large, max-video-preview:-1\" \/>\n<link rel=\"canonical\" href=\"https:\/\/www.tourisme-valdemarne.com\/espace-pro\/actualites\/appel-a-projet-pour-la-realisation-dune-fresque-dans-le-port-de-bonneuil-sur-marne\/\" \/>\n<meta property=\"og:locale\" content=\"fr_FR\" \/>\n<meta property=\"og:type\" content=\"article\" \/>\n<meta property=\"og:title\" content=\"Appel \u00e0 projet pour la r\u00e9alisation d\u2019une fresque dans le port de Bonneuil-sur-Marne - Espace Pro\" \/>\n<meta property=\"og:description\" content=\"Pour la troisi\u00e8me ann\u00e9e, dans le cadre du festival Ph\u00e9nomen\u2019Art, HAROPA PORT | Paris a missionn\u00e9 Val-de-Marne Tourisme &amp; Loisirs afin de diffuser un appel \u00e0 projet pour la r\u00e9alisation d\u2019une fresque dans le port industriel de Bonneuil-sur-Marne.\u00a0 Date limite de candidature: 31 ao\u00fbt 2023 L\u2019artiste ou les artistes retenus devront r\u00e9aliser le projet dans [&hellip;]\" \/>\n<meta property=\"og:url\" content=\"https:\/\/www.tourisme-valdemarne.com\/espace-pro\/actualites\/appel-a-projet-pour-la-realisation-dune-fresque-dans-le-port-de-bonneuil-sur-marne\/\" \/>\n<meta property=\"og:site_name\" content=\"Espace Pro\" \/>\n<meta property=\"article:modified_time\" content=\"2024-06-10T10:23:40+00:00\" \/>\n<meta property=\"og:image\" content=\"https:\/\/www.tourisme-valdemarne.com\/espace-pro\/wp-content\/uploads\/sites\/3\/2023\/07\/performance-port-bonneuil-cdt94-c.-guizard-1200x675-1.jpg\" \/>\n\t<meta property=\"og:image:width\" content=\"1200\" \/>\n\t<meta property=\"og:image:height\" content=\"675\" \/>\n\t<meta property=\"og:image:type\" content=\"image\/jpeg\" \/>\n<meta name=\"twitter:card\" content=\"summary_large_image\" \/>\n<meta name=\"twitter:label1\" content=\"Dur\u00e9e de lecture estim\u00e9e\" \/>\n\t<meta name=\"twitter:data1\" content=\"2 minutes\" \/>\n<script type=\"application\/ld+json\" class=\"yoast-schema-graph\">{\"@context\":\"https:\/\/schema.org\",\"@graph\":[{\"@type\":\"WebPage\",\"@id\":\"https:\/\/www.tourisme-valdemarne.com\/espace-pro\/actualites\/appel-a-projet-pour-la-realisation-dune-fresque-dans-le-port-de-bonneuil-sur-marne\/\",\"url\":\"https:\/\/www.tourisme-valdemarne.com\/espace-pro\/actualites\/appel-a-projet-pour-la-realisation-dune-fresque-dans-le-port-de-bonneuil-sur-marne\/\",\"name\":\"Appel \u00e0 projet pour la r\u00e9alisation d\u2019une fresque dans le port de Bonneuil-sur-Marne - Espace Pro\",\"isPartOf\":{\"@id\":\"https:\/\/www.tourisme-valdemarne.com\/espace-pro\/#website\"},\"primaryImageOfPage\":{\"@id\":\"https:\/\/www.tourisme-valdemarne.com\/espace-pro\/actualites\/appel-a-projet-pour-la-realisation-dune-fresque-dans-le-port-de-bonneuil-sur-marne\/#primaryimage\"},\"image\":{\"@id\":\"https:\/\/www.tourisme-valdemarne.com\/espace-pro\/actualites\/appel-a-projet-pour-la-realisation-dune-fresque-dans-le-port-de-bonneuil-sur-marne\/#primaryimage\"},\"thumbnailUrl\":\"https:\/\/www.tourisme-valdemarne.com\/espace-pro\/wp-content\/uploads\/sites\/3\/2023\/07\/performance-port-bonneuil-cdt94-c.-guizard-1200x675-1.jpg\",\"datePublished\":\"2023-07-21T07:46:36+00:00\",\"dateModified\":\"2024-06-10T10:23:40+00:00\",\"breadcrumb\":{\"@id\":\"https:\/\/www.tourisme-valdemarne.com\/espace-pro\/actualites\/appel-a-projet-pour-la-realisation-dune-fresque-dans-le-port-de-bonneuil-sur-marne\/#breadcrumb\"},\"inLanguage\":\"fr-FR\",\"potentialAction\":[{\"@type\":\"ReadAction\",\"target\":[\"https:\/\/www.tourisme-valdemarne.com\/espace-pro\/actualites\/appel-a-projet-pour-la-realisation-dune-fresque-dans-le-port-de-bonneuil-sur-marne\/\"]}]},{\"@type\":\"ImageObject\",\"inLanguage\":\"fr-FR\",\"@id\":\"https:\/\/www.tourisme-valdemarne.com\/espace-pro\/actualites\/appel-a-projet-pour-la-realisation-dune-fresque-dans-le-port-de-bonneuil-sur-marne\/#primaryimage\",\"url\":\"https:\/\/www.tourisme-valdemarne.com\/espace-pro\/wp-content\/uploads\/sites\/3\/2023\/07\/performance-port-bonneuil-cdt94-c.-guizard-1200x675-1.jpg\",\"contentUrl\":\"https:\/\/www.tourisme-valdemarne.com\/espace-pro\/wp-content\/uploads\/sites\/3\/2023\/07\/performance-port-bonneuil-cdt94-c.-guizard-1200x675-1.jpg\",\"width\":1200,\"height\":675},{\"@type\":\"BreadcrumbList\",\"@id\":\"https:\/\/www.tourisme-valdemarne.com\/espace-pro\/actualites\/appel-a-projet-pour-la-realisation-dune-fresque-dans-le-port-de-bonneuil-sur-marne\/#breadcrumb\",\"itemListElement\":[{\"@type\":\"ListItem\",\"position\":1,\"name\":\"Accueil\",\"item\":\"https:\/\/www.tourisme-valdemarne.com\/espace-pro\/\"},{\"@type\":\"ListItem\",\"position\":2,\"name\":\"Actualit\u00e9s de l&rsquo;espace pro\",\"item\":\"https:\/\/www.tourisme-valdemarne.com\/espace-pro\/actualites\/\"},{\"@type\":\"ListItem\",\"position\":3,\"name\":\"Appel \u00e0 projet pour la r\u00e9alisation d\u2019une fresque dans le port de Bonneuil-sur-Marne\"}]},{\"@type\":\"WebSite\",\"@id\":\"https:\/\/www.tourisme-valdemarne.com\/espace-pro\/#website\",\"url\":\"https:\/\/www.tourisme-valdemarne.com\/espace-pro\/\",\"name\":\"Espace Pro\",\"description\":\"Informations et outils pour les professionnels et la Presse\",\"potentialAction\":[{\"@type\":\"SearchAction\",\"target\":{\"@type\":\"EntryPoint\",\"urlTemplate\":\"https:\/\/www.tourisme-valdemarne.com\/espace-pro\/?s={search_term_string}\"},\"query-input\":{\"@type\":\"PropertyValueSpecification\",\"valueRequired\":true,\"valueName\":\"search_term_string\"}}],\"inLanguage\":\"fr-FR\"}]}<\/script>\n<!-- \/ Yoast SEO plugin. -->","yoast_head_json":{"title":"Appel \u00e0 projet pour la r\u00e9alisation d\u2019une fresque dans le port de Bonneuil-sur-Marne - Espace Pro","robots":{"index":"index","follow":"follow","max-snippet":"max-snippet:-1","max-image-preview":"max-image-preview:large","max-video-preview":"max-video-preview:-1"},"canonical":"https:\/\/www.tourisme-valdemarne.com\/espace-pro\/actualites\/appel-a-projet-pour-la-realisation-dune-fresque-dans-le-port-de-bonneuil-sur-marne\/","og_locale":"fr_FR","og_type":"article","og_title":"Appel \u00e0 projet pour la r\u00e9alisation d\u2019une fresque dans le port de Bonneuil-sur-Marne - Espace Pro","og_description":"Pour la troisi\u00e8me ann\u00e9e, dans le cadre du festival Ph\u00e9nomen\u2019Art, HAROPA PORT | Paris a missionn\u00e9 Val-de-Marne Tourisme &amp; Loisirs afin de diffuser un appel \u00e0 projet pour la r\u00e9alisation d\u2019une fresque dans le port industriel de Bonneuil-sur-Marne.\u00a0 Date limite de candidature: 31 ao\u00fbt 2023 L\u2019artiste ou les artistes retenus devront r\u00e9aliser le projet dans [&hellip;]","og_url":"https:\/\/www.tourisme-valdemarne.com\/espace-pro\/actualites\/appel-a-projet-pour-la-realisation-dune-fresque-dans-le-port-de-bonneuil-sur-marne\/","og_site_name":"Espace Pro","article_modified_time":"2024-06-10T10:23:40+00:00","og_image":[{"width":1200,"height":675,"url":"https:\/\/www.tourisme-valdemarne.com\/espace-pro\/wp-content\/uploads\/sites\/3\/2023\/07\/performance-port-bonneuil-cdt94-c.-guizard-1200x675-1.jpg","type":"image\/jpeg"}],"twitter_card":"summary_large_image","twitter_misc":{"Dur\u00e9e de lecture estim\u00e9e":"2 minutes"},"schema":{"@context":"https:\/\/schema.org","@graph":[{"@type":"WebPage","@id":"https:\/\/www.tourisme-valdemarne.com\/espace-pro\/actualites\/appel-a-projet-pour-la-realisation-dune-fresque-dans-le-port-de-bonneuil-sur-marne\/","url":"https:\/\/www.tourisme-valdemarne.com\/espace-pro\/actualites\/appel-a-projet-pour-la-realisation-dune-fresque-dans-le-port-de-bonneuil-sur-marne\/","name":"Appel \u00e0 projet pour la r\u00e9alisation d\u2019une fresque dans le port de Bonneuil-sur-Marne - Espace Pro","isPartOf":{"@id":"https:\/\/www.tourisme-valdemarne.com\/espace-pro\/#website"},"primaryImageOfPage":{"@id":"https:\/\/www.tourisme-valdemarne.com\/espace-pro\/actualites\/appel-a-projet-pour-la-realisation-dune-fresque-dans-le-port-de-bonneuil-sur-marne\/#primaryimage"},"image":{"@id":"https:\/\/www.tourisme-valdemarne.com\/espace-pro\/actualites\/appel-a-projet-pour-la-realisation-dune-fresque-dans-le-port-de-bonneuil-sur-marne\/#primaryimage"},"thumbnailUrl":"https:\/\/www.tourisme-valdemarne.com\/espace-pro\/wp-content\/uploads\/sites\/3\/2023\/07\/performance-port-bonneuil-cdt94-c.-guizard-1200x675-1.jpg","datePublished":"2023-07-21T07:46:36+00:00","dateModified":"2024-06-10T10:23:40+00:00","breadcrumb":{"@id":"https:\/\/www.tourisme-valdemarne.com\/espace-pro\/actualites\/appel-a-projet-pour-la-realisation-dune-fresque-dans-le-port-de-bonneuil-sur-marne\/#breadcrumb"},"inLanguage":"fr-FR","potentialAction":[{"@type":"ReadAction","target":["https:\/\/www.tourisme-valdemarne.com\/espace-pro\/actualites\/appel-a-projet-pour-la-realisation-dune-fresque-dans-le-port-de-bonneuil-sur-marne\/"]}]},{"@type":"ImageObject","inLanguage":"fr-FR","@id":"https:\/\/www.tourisme-valdemarne.com\/espace-pro\/actualites\/appel-a-projet-pour-la-realisation-dune-fresque-dans-le-port-de-bonneuil-sur-marne\/#primaryimage","url":"https:\/\/www.tourisme-valdemarne.com\/espace-pro\/wp-content\/uploads\/sites\/3\/2023\/07\/performance-port-bonneuil-cdt94-c.-guizard-1200x675-1.jpg","contentUrl":"https:\/\/www.tourisme-valdemarne.com\/espace-pro\/wp-content\/uploads\/sites\/3\/2023\/07\/performance-port-bonneuil-cdt94-c.-guizard-1200x675-1.jpg","width":1200,"height":675},{"@type":"BreadcrumbList","@id":"https:\/\/www.tourisme-valdemarne.com\/espace-pro\/actualites\/appel-a-projet-pour-la-realisation-dune-fresque-dans-le-port-de-bonneuil-sur-marne\/#breadcrumb","itemListElement":[{"@type":"ListItem","position":1,"name":"Accueil","item":"https:\/\/www.tourisme-valdemarne.com\/espace-pro\/"},{"@type":"ListItem","position":2,"name":"Actualit\u00e9s de l&rsquo;espace pro","item":"https:\/\/www.tourisme-valdemarne.com\/espace-pro\/actualites\/"},{"@type":"ListItem","position":3,"name":"Appel \u00e0 projet pour la r\u00e9alisation d\u2019une fresque dans le port de Bonneuil-sur-Marne"}]},{"@type":"WebSite","@id":"https:\/\/www.tourisme-valdemarne.com\/espace-pro\/#website","url":"https:\/\/www.tourisme-valdemarne.com\/espace-pro\/","name":"Espace Pro","description":"Informations et outils pour les professionnels et la Presse","potentialAction":[{"@type":"SearchAction","target":{"@type":"EntryPoint","urlTemplate":"https:\/\/www.tourisme-valdemarne.com\/espace-pro\/?s={search_term_string}"},"query-input":{"@type":"PropertyValueSpecification","valueRequired":true,"valueName":"search_term_string"}}],"inLanguage":"fr-FR"}]}},"_links":{"self":[{"href":"https:\/\/www.tourisme-valdemarne.com\/espace-pro\/wp-json\/wp\/v2\/pages\/15545","targetHints":{"allow":["GET"]}}],"collection":[{"href":"https:\/\/www.tourisme-valdemarne.com\/espace-pro\/wp-json\/wp\/v2\/pages"}],"about":[{"href":"https:\/\/www.tourisme-valdemarne.com\/espace-pro\/wp-json\/wp\/v2\/types\/page"}],"author":[{"embeddable":true,"href":"https:\/\/www.tourisme-valdemarne.com\/espace-pro\/wp-json\/wp\/v2\/users\/16"}],"replies":[{"embeddable":true,"href":"https:\/\/www.tourisme-valdemarne.com\/espace-pro\/wp-json\/wp\/v2\/comments?post=15545"}],"version-history":[{"count":5,"href":"https:\/\/www.tourisme-valdemarne.com\/espace-pro\/wp-json\/wp\/v2\/pages\/15545\/revisions"}],"predecessor-version":[{"id":27240,"href":"https:\/\/www.tourisme-valdemarne.com\/espace-pro\/wp-json\/wp\/v2\/pages\/15545\/revisions\/27240"}],"up":[{"embeddable":true,"href":"https:\/\/www.tourisme-valdemarne.com\/espace-pro\/wp-json\/wp\/v2\/pages\/6164"}],"wp:featuredmedia":[{"embeddable":true,"href":"https:\/\/www.tourisme-valdemarne.com\/espace-pro\/wp-json\/wp\/v2\/media\/15546"}],"wp:attachment":[{"href":"https:\/\/www.tourisme-valdemarne.com\/espace-pro\/wp-json\/wp\/v2\/media?parent=15545"}],"wp:term":[{"taxonomy":"vdmTagMarketing","embeddable":true,"href":"https:\/\/www.tourisme-valdemarne.com\/espace-pro\/wp-json\/wp\/v2\/vdmTagMarketing?post=15545"}],"curies":[{"name":"wp","href":"https:\/\/api.w.org\/{rel}","templated":true}]}}