{"id":15443,"date":"2023-07-07T09:11:48","date_gmt":"2023-07-07T07:11:48","guid":{"rendered":"https:\/\/www.tourisme-valdemarne.com\/espace-pro\/?page_id=15443"},"modified":"2023-12-21T10:59:33","modified_gmt":"2023-12-21T09:59:33","slug":"jeux-olympiques-et-paralympiques-paris-2024","status":"publish","type":"page","link":"https:\/\/www.tourisme-valdemarne.com\/espace-pro\/expertises-et-projets\/jeux-olympiques-et-paralympiques-paris-2024\/","title":{"rendered":"Jeux Olympiques et Paralympiques de Paris 2024"},"content":{"rendered":"\n<p>A l\u2019\u00e9t\u00e9 2024, le Grand Paris aura le privil\u00e8ge de voir son territoire anim\u00e9 par le prestigieux \u00e9v\u00e9nement sportif que sont les&nbsp;<strong>Jeux Olympiques et Paralympiques (JOP)<\/strong>. Si aucun site val-de-marnais n\u2019accueillera d\u2019\u00e9preuve, le d\u00e9partement du Val-de-Marne et ses terres dot\u00e9es de richesses vari\u00e9es se tiennent pr\u00eat \u00e0&nbsp;<strong>vous accompagner en vue de partager une exp\u00e9rience Paris 2024<\/strong>&nbsp;<strong>unique.<\/strong><\/p>\n\n\n\n<p>Situ\u00e9 au plus pr\u00e8s de Paris et de la Seine-Saint-Denis \u2013 lieux o\u00f9 se d\u00e9rouleront la majorit\u00e9 des \u00e9preuves des JOP -,&nbsp;<strong>le Val-de-Marne se distingue effectivement par sa vari\u00e9t\u00e9 culturelle, environnementale et patrimoniale, lui permettant d\u2019offrir une large palette d\u2019activit\u00e9s pour tous.<\/strong><\/p>\n\n\n\n<h2 class=\"wp-block-heading\">TOURISME &amp; JOP : PARTAGEONS ENSEMBLE DES VALEURS COMMUNES<\/h2>\n\n\n\n<p>Au-del\u00e0 de l\u2019aspect sportif, le tourisme repr\u00e9sente un enjeu crucial dans la mise en place des JOP :<\/p>\n\n\n\n<ul class=\"wp-block-list\"><li><strong>En mati\u00e8re de retomb\u00e9es \u00e9conomiques<\/strong>, le Val-de-Marne accompagne l\u2019organisation de Paris 2024 en accordant ses atouts d\u2019activit\u00e9s divertissantes, d\u2019accessibilit\u00e9 et de capacit\u00e9 d\u2019accueil de touristes et visiteurs (spectateurs, journalistes, familles d\u2019athl\u00e8tes, etc.) venant pour l\u2019occasion&nbsp;;<\/li><li><strong>En mati\u00e8re d\u2019image,<\/strong>&nbsp;les JOP sont l\u2019occasion de montrer au monde entier le visage accueillant du Val-de-Marne et de valoriser son esprit d\u2019ouverture aux autres et son dynamisme ;<\/li><li><strong>En mati\u00e8re d\u2019accueil et de mobilisation de la population<\/strong>, les valeurs partag\u00e9es entre &nbsp;l\u2019\u00e9v\u00e9nement des JOP et le Val-de-Marne repr\u00e9sentent une opportunit\u00e9 d\u2019associer les habitants \u00e0 cette grande f\u00eate, de les valoriser et d\u2019en faire des ambassadeurs.<\/li><\/ul>\n\n\n\n<p class=\"is-style-highlight\">A Paris 2024, pas moins de 15 000 athl\u00e8tes et 50 000 b\u00e9n\u00e9voles couvriront les 16 journ\u00e9es de comp\u00e9tition olympique et les 11 journ\u00e9es de comp\u00e9tition paralympique.<\/p>\n","protected":false},"excerpt":{"rendered":"<p>A l\u2019aube de l\u2019Olympiade Paris 2024, les sp\u00e9cialistes du tourisme du Val-de-Marne se tiennent pr\u00eat \u00e0 accueillir touristes, professionnels et spectateurs des Jeux.<\/p>\n","protected":false},"author":16,"featured_media":15450,"parent":11,"menu_order":0,"comment_status":"closed","ping_status":"closed","template":"partials\/template-intermediaire.php","meta":{"_relevanssi_hide_post":"","_relevanssi_hide_content":"","_relevanssi_pin_for_all":"","_relevanssi_pin_keywords":"","_relevanssi_unpin_keywords":"","_relevanssi_related_keywords":"","_relevanssi_related_include_ids":"","_relevanssi_related_exclude_ids":"","_relevanssi_related_no_append":"","_relevanssi_related_not_related":"","_relevanssi_related_posts":"442,2747,446,2745,8095,8108","_relevanssi_noindex_reason":"","footnotes":""},"vdmTagMarketing":[],"class_list":["post-15443","page","type-page","status-publish","has-post-thumbnail","hentry"],"acf":[],"yoast_head":"<!-- This site is optimized with the Yoast SEO plugin v23.9 - https:\/\/yoast.com\/wordpress\/plugins\/seo\/ -->\n<title>Jeux Olympiques et Paralympiques de Paris 2024 - Espace Pro<\/title>\n<meta name=\"robots\" content=\"index, follow, max-snippet:-1, max-image-preview:large, max-video-preview:-1\" \/>\n<link rel=\"canonical\" href=\"https:\/\/www.tourisme-valdemarne.com\/espace-pro\/expertises-et-projets\/jeux-olympiques-et-paralympiques-paris-2024\/\" \/>\n<meta property=\"og:locale\" content=\"fr_FR\" \/>\n<meta property=\"og:type\" content=\"article\" \/>\n<meta property=\"og:title\" content=\"Jeux Olympiques et Paralympiques de Paris 2024 - Espace Pro\" \/>\n<meta property=\"og:description\" content=\"A l\u2019aube de l\u2019Olympiade Paris 2024, les sp\u00e9cialistes du tourisme du Val-de-Marne se tiennent pr\u00eat \u00e0 accueillir touristes, professionnels et spectateurs des Jeux.\" \/>\n<meta property=\"og:url\" content=\"https:\/\/www.tourisme-valdemarne.com\/espace-pro\/expertises-et-projets\/jeux-olympiques-et-paralympiques-paris-2024\/\" \/>\n<meta property=\"og:site_name\" content=\"Espace Pro\" \/>\n<meta property=\"article:modified_time\" content=\"2023-12-21T09:59:33+00:00\" \/>\n<meta property=\"og:image\" content=\"https:\/\/www.tourisme-valdemarne.com\/espace-pro\/wp-content\/uploads\/sites\/3\/2023\/07\/orly-change-paris.png\" \/>\n\t<meta property=\"og:image:width\" content=\"870\" \/>\n\t<meta property=\"og:image:height\" content=\"600\" \/>\n\t<meta property=\"og:image:type\" content=\"image\/png\" \/>\n<meta name=\"twitter:card\" content=\"summary_large_image\" \/>\n<meta name=\"twitter:label1\" content=\"Dur\u00e9e de lecture estim\u00e9e\" \/>\n\t<meta name=\"twitter:data1\" content=\"2 minutes\" \/>\n<script type=\"application\/ld+json\" class=\"yoast-schema-graph\">{\"@context\":\"https:\/\/schema.org\",\"@graph\":[{\"@type\":\"WebPage\",\"@id\":\"https:\/\/www.tourisme-valdemarne.com\/espace-pro\/expertises-et-projets\/jeux-olympiques-et-paralympiques-paris-2024\/\",\"url\":\"https:\/\/www.tourisme-valdemarne.com\/espace-pro\/expertises-et-projets\/jeux-olympiques-et-paralympiques-paris-2024\/\",\"name\":\"Jeux Olympiques et Paralympiques de Paris 2024 - Espace Pro\",\"isPartOf\":{\"@id\":\"https:\/\/www.tourisme-valdemarne.com\/espace-pro\/#website\"},\"primaryImageOfPage\":{\"@id\":\"https:\/\/www.tourisme-valdemarne.com\/espace-pro\/expertises-et-projets\/jeux-olympiques-et-paralympiques-paris-2024\/#primaryimage\"},\"image\":{\"@id\":\"https:\/\/www.tourisme-valdemarne.com\/espace-pro\/expertises-et-projets\/jeux-olympiques-et-paralympiques-paris-2024\/#primaryimage\"},\"thumbnailUrl\":\"https:\/\/www.tourisme-valdemarne.com\/espace-pro\/wp-content\/uploads\/sites\/3\/2023\/07\/orly-change-paris.png\",\"datePublished\":\"2023-07-07T07:11:48+00:00\",\"dateModified\":\"2023-12-21T09:59:33+00:00\",\"breadcrumb\":{\"@id\":\"https:\/\/www.tourisme-valdemarne.com\/espace-pro\/expertises-et-projets\/jeux-olympiques-et-paralympiques-paris-2024\/#breadcrumb\"},\"inLanguage\":\"fr-FR\",\"potentialAction\":[{\"@type\":\"ReadAction\",\"target\":[\"https:\/\/www.tourisme-valdemarne.com\/espace-pro\/expertises-et-projets\/jeux-olympiques-et-paralympiques-paris-2024\/\"]}]},{\"@type\":\"ImageObject\",\"inLanguage\":\"fr-FR\",\"@id\":\"https:\/\/www.tourisme-valdemarne.com\/espace-pro\/expertises-et-projets\/jeux-olympiques-et-paralympiques-paris-2024\/#primaryimage\",\"url\":\"https:\/\/www.tourisme-valdemarne.com\/espace-pro\/wp-content\/uploads\/sites\/3\/2023\/07\/orly-change-paris.png\",\"contentUrl\":\"https:\/\/www.tourisme-valdemarne.com\/espace-pro\/wp-content\/uploads\/sites\/3\/2023\/07\/orly-change-paris.png\",\"width\":870,\"height\":600,\"caption\":\"orly change paris\"},{\"@type\":\"BreadcrumbList\",\"@id\":\"https:\/\/www.tourisme-valdemarne.com\/espace-pro\/expertises-et-projets\/jeux-olympiques-et-paralympiques-paris-2024\/#breadcrumb\",\"itemListElement\":[{\"@type\":\"ListItem\",\"position\":1,\"name\":\"Accueil\",\"item\":\"https:\/\/www.tourisme-valdemarne.com\/espace-pro\/\"},{\"@type\":\"ListItem\",\"position\":2,\"name\":\"Expertises et projets\",\"item\":\"https:\/\/www.tourisme-valdemarne.com\/espace-pro\/expertises-et-projets\/\"},{\"@type\":\"ListItem\",\"position\":3,\"name\":\"Jeux Olympiques et Paralympiques de Paris 2024\"}]},{\"@type\":\"WebSite\",\"@id\":\"https:\/\/www.tourisme-valdemarne.com\/espace-pro\/#website\",\"url\":\"https:\/\/www.tourisme-valdemarne.com\/espace-pro\/\",\"name\":\"Espace Pro\",\"description\":\"Informations et outils pour les professionnels et la Presse\",\"potentialAction\":[{\"@type\":\"SearchAction\",\"target\":{\"@type\":\"EntryPoint\",\"urlTemplate\":\"https:\/\/www.tourisme-valdemarne.com\/espace-pro\/?s={search_term_string}\"},\"query-input\":{\"@type\":\"PropertyValueSpecification\",\"valueRequired\":true,\"valueName\":\"search_term_string\"}}],\"inLanguage\":\"fr-FR\"}]}<\/script>\n<!-- \/ Yoast SEO plugin. -->","yoast_head_json":{"title":"Jeux Olympiques et Paralympiques de Paris 2024 - Espace Pro","robots":{"index":"index","follow":"follow","max-snippet":"max-snippet:-1","max-image-preview":"max-image-preview:large","max-video-preview":"max-video-preview:-1"},"canonical":"https:\/\/www.tourisme-valdemarne.com\/espace-pro\/expertises-et-projets\/jeux-olympiques-et-paralympiques-paris-2024\/","og_locale":"fr_FR","og_type":"article","og_title":"Jeux Olympiques et Paralympiques de Paris 2024 - Espace Pro","og_description":"A l\u2019aube de l\u2019Olympiade Paris 2024, les sp\u00e9cialistes du tourisme du Val-de-Marne se tiennent pr\u00eat \u00e0 accueillir touristes, professionnels et spectateurs des Jeux.","og_url":"https:\/\/www.tourisme-valdemarne.com\/espace-pro\/expertises-et-projets\/jeux-olympiques-et-paralympiques-paris-2024\/","og_site_name":"Espace Pro","article_modified_time":"2023-12-21T09:59:33+00:00","og_image":[{"width":870,"height":600,"url":"https:\/\/www.tourisme-valdemarne.com\/espace-pro\/wp-content\/uploads\/sites\/3\/2023\/07\/orly-change-paris.png","type":"image\/png"}],"twitter_card":"summary_large_image","twitter_misc":{"Dur\u00e9e de lecture estim\u00e9e":"2 minutes"},"schema":{"@context":"https:\/\/schema.org","@graph":[{"@type":"WebPage","@id":"https:\/\/www.tourisme-valdemarne.com\/espace-pro\/expertises-et-projets\/jeux-olympiques-et-paralympiques-paris-2024\/","url":"https:\/\/www.tourisme-valdemarne.com\/espace-pro\/expertises-et-projets\/jeux-olympiques-et-paralympiques-paris-2024\/","name":"Jeux Olympiques et Paralympiques de Paris 2024 - Espace Pro","isPartOf":{"@id":"https:\/\/www.tourisme-valdemarne.com\/espace-pro\/#website"},"primaryImageOfPage":{"@id":"https:\/\/www.tourisme-valdemarne.com\/espace-pro\/expertises-et-projets\/jeux-olympiques-et-paralympiques-paris-2024\/#primaryimage"},"image":{"@id":"https:\/\/www.tourisme-valdemarne.com\/espace-pro\/expertises-et-projets\/jeux-olympiques-et-paralympiques-paris-2024\/#primaryimage"},"thumbnailUrl":"https:\/\/www.tourisme-valdemarne.com\/espace-pro\/wp-content\/uploads\/sites\/3\/2023\/07\/orly-change-paris.png","datePublished":"2023-07-07T07:11:48+00:00","dateModified":"2023-12-21T09:59:33+00:00","breadcrumb":{"@id":"https:\/\/www.tourisme-valdemarne.com\/espace-pro\/expertises-et-projets\/jeux-olympiques-et-paralympiques-paris-2024\/#breadcrumb"},"inLanguage":"fr-FR","potentialAction":[{"@type":"ReadAction","target":["https:\/\/www.tourisme-valdemarne.com\/espace-pro\/expertises-et-projets\/jeux-olympiques-et-paralympiques-paris-2024\/"]}]},{"@type":"ImageObject","inLanguage":"fr-FR","@id":"https:\/\/www.tourisme-valdemarne.com\/espace-pro\/expertises-et-projets\/jeux-olympiques-et-paralympiques-paris-2024\/#primaryimage","url":"https:\/\/www.tourisme-valdemarne.com\/espace-pro\/wp-content\/uploads\/sites\/3\/2023\/07\/orly-change-paris.png","contentUrl":"https:\/\/www.tourisme-valdemarne.com\/espace-pro\/wp-content\/uploads\/sites\/3\/2023\/07\/orly-change-paris.png","width":870,"height":600,"caption":"orly change paris"},{"@type":"BreadcrumbList","@id":"https:\/\/www.tourisme-valdemarne.com\/espace-pro\/expertises-et-projets\/jeux-olympiques-et-paralympiques-paris-2024\/#breadcrumb","itemListElement":[{"@type":"ListItem","position":1,"name":"Accueil","item":"https:\/\/www.tourisme-valdemarne.com\/espace-pro\/"},{"@type":"ListItem","position":2,"name":"Expertises et projets","item":"https:\/\/www.tourisme-valdemarne.com\/espace-pro\/expertises-et-projets\/"},{"@type":"ListItem","position":3,"name":"Jeux Olympiques et Paralympiques de Paris 2024"}]},{"@type":"WebSite","@id":"https:\/\/www.tourisme-valdemarne.com\/espace-pro\/#website","url":"https:\/\/www.tourisme-valdemarne.com\/espace-pro\/","name":"Espace Pro","description":"Informations et outils pour les professionnels et la Presse","potentialAction":[{"@type":"SearchAction","target":{"@type":"EntryPoint","urlTemplate":"https:\/\/www.tourisme-valdemarne.com\/espace-pro\/?s={search_term_string}"},"query-input":{"@type":"PropertyValueSpecification","valueRequired":true,"valueName":"search_term_string"}}],"inLanguage":"fr-FR"}]}},"_links":{"self":[{"href":"https:\/\/www.tourisme-valdemarne.com\/espace-pro\/wp-json\/wp\/v2\/pages\/15443","targetHints":{"allow":["GET"]}}],"collection":[{"href":"https:\/\/www.tourisme-valdemarne.com\/espace-pro\/wp-json\/wp\/v2\/pages"}],"about":[{"href":"https:\/\/www.tourisme-valdemarne.com\/espace-pro\/wp-json\/wp\/v2\/types\/page"}],"author":[{"embeddable":true,"href":"https:\/\/www.tourisme-valdemarne.com\/espace-pro\/wp-json\/wp\/v2\/users\/16"}],"replies":[{"embeddable":true,"href":"https:\/\/www.tourisme-valdemarne.com\/espace-pro\/wp-json\/wp\/v2\/comments?post=15443"}],"version-history":[{"count":9,"href":"https:\/\/www.tourisme-valdemarne.com\/espace-pro\/wp-json\/wp\/v2\/pages\/15443\/revisions"}],"predecessor-version":[{"id":16633,"href":"https:\/\/www.tourisme-valdemarne.com\/espace-pro\/wp-json\/wp\/v2\/pages\/15443\/revisions\/16633"}],"up":[{"embeddable":true,"href":"https:\/\/www.tourisme-valdemarne.com\/espace-pro\/wp-json\/wp\/v2\/pages\/11"}],"wp:featuredmedia":[{"embeddable":true,"href":"https:\/\/www.tourisme-valdemarne.com\/espace-pro\/wp-json\/wp\/v2\/media\/15450"}],"wp:attachment":[{"href":"https:\/\/www.tourisme-valdemarne.com\/espace-pro\/wp-json\/wp\/v2\/media?parent=15443"}],"wp:term":[{"taxonomy":"vdmTagMarketing","embeddable":true,"href":"https:\/\/www.tourisme-valdemarne.com\/espace-pro\/wp-json\/wp\/v2\/vdmTagMarketing?post=15443"}],"curies":[{"name":"wp","href":"https:\/\/api.w.org\/{rel}","templated":true}]}}