{"id":15414,"date":"2023-07-04T10:38:26","date_gmt":"2023-07-04T08:38:26","guid":{"rendered":"https:\/\/www.tourisme-valdemarne.com\/espace-pro\/?page_id=15414"},"modified":"2023-07-21T09:07:38","modified_gmt":"2023-07-21T07:07:38","slug":"val-de-marne-tourisme-loisirs-soutient-sa-presidente","status":"publish","type":"page","link":"https:\/\/www.tourisme-valdemarne.com\/espace-pro\/actualites\/val-de-marne-tourisme-loisirs-soutient-sa-presidente\/","title":{"rendered":"VAL-DE-MARNE TOURISME &#038; LOISIRS SOUTIENT SA PRESIDENTE"},"content":{"rendered":"\n<p class=\"is-style-normal\">Le bureau, le conseil d\u2019administration&nbsp;et toute l\u2019\u00e9quipe du comit\u00e9 d\u00e9partemental du tourisme du Val-de-Marne sommes extr\u00eamement choqu\u00e9s et exprimons notre vive \u00e9motion suite \u00e0 la violence inqualifiable dont a \u00e9t\u00e9 victime notre pr\u00e9sidente, M\u00e9lanie Nowak, lors des \u00e9v\u00e9nements survenus \u00e0 L\u2019Ha\u00ff-les-Roses, dans la nuit de samedi \u00e0 dimanche.<\/p>\n\n\n\n<p class=\"is-style-normal\">Nous tenons \u00e0 rappeler que M\u00e9lanie Nowak, en tant que Pr\u00e9sidente du CDT, \u0153uvre pour l\u2019int\u00e9r\u00eat g\u00e9n\u00e9ral du Val-de-Marne et de ses habitants. Son engagement pour faire reconnaitre les nombreux atouts du d\u00e9partement participe \u00e0 renforcer l\u2019attractivit\u00e9 et la qualit\u00e9 de vie de notre territoire singuli\u00e8rement malmen\u00e9 par ces \u00e9v\u00e9nements.<\/p>\n\n\n\n<p class=\"is-style-normal\">Nous lui exprimons tout notre soutien et lui souhaitons un prompt r\u00e9tablissement.<\/p>\n","protected":false},"excerpt":{"rendered":"<p>Le bureau, le conseil d\u2019administration&nbsp;et toute l\u2019\u00e9quipe du comit\u00e9 d\u00e9partemental du tourisme du Val-de-Marne sommes extr\u00eamement choqu\u00e9s et exprimons notre vive \u00e9motion suite \u00e0 la violence inqualifiable dont a \u00e9t\u00e9 victime notre pr\u00e9sidente, M\u00e9lanie Nowak, lors des \u00e9v\u00e9nements survenus \u00e0 L\u2019Ha\u00ff-les-Roses, dans la nuit de samedi \u00e0 dimanche. Nous tenons \u00e0 rappeler que M\u00e9lanie Nowak, [&hellip;]<\/p>\n","protected":false},"author":16,"featured_media":15420,"parent":6164,"menu_order":0,"comment_status":"closed","ping_status":"closed","template":"","meta":{"_relevanssi_hide_post":"","_relevanssi_hide_content":"","_relevanssi_pin_for_all":"","_relevanssi_pin_keywords":"","_relevanssi_unpin_keywords":"","_relevanssi_related_keywords":"","_relevanssi_related_include_ids":"","_relevanssi_related_exclude_ids":"","_relevanssi_related_no_append":"","_relevanssi_related_not_related":"","_relevanssi_related_posts":"2751,2745,8095,8105,442,8101","_relevanssi_noindex_reason":"","footnotes":""},"vdmTagMarketing":[],"class_list":["post-15414","page","type-page","status-publish","has-post-thumbnail","hentry"],"acf":[],"yoast_head":"<!-- This site is optimized with the Yoast SEO plugin v23.9 - https:\/\/yoast.com\/wordpress\/plugins\/seo\/ -->\n<title>VAL-DE-MARNE TOURISME &amp; LOISIRS SOUTIENT SA PRESIDENTE - Espace Pro<\/title>\n<meta name=\"robots\" content=\"index, follow, max-snippet:-1, max-image-preview:large, max-video-preview:-1\" \/>\n<link rel=\"canonical\" href=\"https:\/\/www.tourisme-valdemarne.com\/espace-pro\/actualites\/val-de-marne-tourisme-loisirs-soutient-sa-presidente\/\" \/>\n<meta property=\"og:locale\" content=\"fr_FR\" \/>\n<meta property=\"og:type\" content=\"article\" \/>\n<meta property=\"og:title\" content=\"VAL-DE-MARNE TOURISME &amp; LOISIRS SOUTIENT SA PRESIDENTE - Espace Pro\" \/>\n<meta property=\"og:description\" content=\"Le bureau, le conseil d\u2019administration&nbsp;et toute l\u2019\u00e9quipe du comit\u00e9 d\u00e9partemental du tourisme du Val-de-Marne sommes extr\u00eamement choqu\u00e9s et exprimons notre vive \u00e9motion suite \u00e0 la violence inqualifiable dont a \u00e9t\u00e9 victime notre pr\u00e9sidente, M\u00e9lanie Nowak, lors des \u00e9v\u00e9nements survenus \u00e0 L\u2019Ha\u00ff-les-Roses, dans la nuit de samedi \u00e0 dimanche. Nous tenons \u00e0 rappeler que M\u00e9lanie Nowak, [&hellip;]\" \/>\n<meta property=\"og:url\" content=\"https:\/\/www.tourisme-valdemarne.com\/espace-pro\/actualites\/val-de-marne-tourisme-loisirs-soutient-sa-presidente\/\" \/>\n<meta property=\"og:site_name\" content=\"Espace Pro\" \/>\n<meta property=\"article:modified_time\" content=\"2023-07-21T07:07:38+00:00\" \/>\n<meta property=\"og:image\" content=\"https:\/\/www.tourisme-valdemarne.com\/espace-pro\/wp-content\/uploads\/sites\/3\/2023\/07\/cdt_16_rue_josephine_de_beauharnais-2.jpg\" \/>\n\t<meta property=\"og:image:width\" content=\"1280\" \/>\n\t<meta property=\"og:image:height\" content=\"908\" \/>\n\t<meta property=\"og:image:type\" content=\"image\/jpeg\" \/>\n<meta name=\"twitter:card\" content=\"summary_large_image\" \/>\n<meta name=\"twitter:label1\" content=\"Dur\u00e9e de lecture estim\u00e9e\" \/>\n\t<meta name=\"twitter:data1\" content=\"1 minute\" \/>\n<script type=\"application\/ld+json\" class=\"yoast-schema-graph\">{\"@context\":\"https:\/\/schema.org\",\"@graph\":[{\"@type\":\"WebPage\",\"@id\":\"https:\/\/www.tourisme-valdemarne.com\/espace-pro\/actualites\/val-de-marne-tourisme-loisirs-soutient-sa-presidente\/\",\"url\":\"https:\/\/www.tourisme-valdemarne.com\/espace-pro\/actualites\/val-de-marne-tourisme-loisirs-soutient-sa-presidente\/\",\"name\":\"VAL-DE-MARNE TOURISME & LOISIRS SOUTIENT SA PRESIDENTE - Espace Pro\",\"isPartOf\":{\"@id\":\"https:\/\/www.tourisme-valdemarne.com\/espace-pro\/#website\"},\"primaryImageOfPage\":{\"@id\":\"https:\/\/www.tourisme-valdemarne.com\/espace-pro\/actualites\/val-de-marne-tourisme-loisirs-soutient-sa-presidente\/#primaryimage\"},\"image\":{\"@id\":\"https:\/\/www.tourisme-valdemarne.com\/espace-pro\/actualites\/val-de-marne-tourisme-loisirs-soutient-sa-presidente\/#primaryimage\"},\"thumbnailUrl\":\"https:\/\/www.tourisme-valdemarne.com\/espace-pro\/wp-content\/uploads\/sites\/3\/2023\/07\/cdt_16_rue_josephine_de_beauharnais-2.jpg\",\"datePublished\":\"2023-07-04T08:38:26+00:00\",\"dateModified\":\"2023-07-21T07:07:38+00:00\",\"breadcrumb\":{\"@id\":\"https:\/\/www.tourisme-valdemarne.com\/espace-pro\/actualites\/val-de-marne-tourisme-loisirs-soutient-sa-presidente\/#breadcrumb\"},\"inLanguage\":\"fr-FR\",\"potentialAction\":[{\"@type\":\"ReadAction\",\"target\":[\"https:\/\/www.tourisme-valdemarne.com\/espace-pro\/actualites\/val-de-marne-tourisme-loisirs-soutient-sa-presidente\/\"]}]},{\"@type\":\"ImageObject\",\"inLanguage\":\"fr-FR\",\"@id\":\"https:\/\/www.tourisme-valdemarne.com\/espace-pro\/actualites\/val-de-marne-tourisme-loisirs-soutient-sa-presidente\/#primaryimage\",\"url\":\"https:\/\/www.tourisme-valdemarne.com\/espace-pro\/wp-content\/uploads\/sites\/3\/2023\/07\/cdt_16_rue_josephine_de_beauharnais-2.jpg\",\"contentUrl\":\"https:\/\/www.tourisme-valdemarne.com\/espace-pro\/wp-content\/uploads\/sites\/3\/2023\/07\/cdt_16_rue_josephine_de_beauharnais-2.jpg\",\"width\":1280,\"height\":908},{\"@type\":\"BreadcrumbList\",\"@id\":\"https:\/\/www.tourisme-valdemarne.com\/espace-pro\/actualites\/val-de-marne-tourisme-loisirs-soutient-sa-presidente\/#breadcrumb\",\"itemListElement\":[{\"@type\":\"ListItem\",\"position\":1,\"name\":\"Accueil\",\"item\":\"https:\/\/www.tourisme-valdemarne.com\/espace-pro\/\"},{\"@type\":\"ListItem\",\"position\":2,\"name\":\"Actualit\u00e9s de l&rsquo;espace pro\",\"item\":\"https:\/\/www.tourisme-valdemarne.com\/espace-pro\/actualites\/\"},{\"@type\":\"ListItem\",\"position\":3,\"name\":\"VAL-DE-MARNE TOURISME &#038; LOISIRS SOUTIENT SA PRESIDENTE\"}]},{\"@type\":\"WebSite\",\"@id\":\"https:\/\/www.tourisme-valdemarne.com\/espace-pro\/#website\",\"url\":\"https:\/\/www.tourisme-valdemarne.com\/espace-pro\/\",\"name\":\"Espace Pro\",\"description\":\"Informations et outils pour les professionnels et la Presse\",\"potentialAction\":[{\"@type\":\"SearchAction\",\"target\":{\"@type\":\"EntryPoint\",\"urlTemplate\":\"https:\/\/www.tourisme-valdemarne.com\/espace-pro\/?s={search_term_string}\"},\"query-input\":{\"@type\":\"PropertyValueSpecification\",\"valueRequired\":true,\"valueName\":\"search_term_string\"}}],\"inLanguage\":\"fr-FR\"}]}<\/script>\n<!-- \/ Yoast SEO plugin. -->","yoast_head_json":{"title":"VAL-DE-MARNE TOURISME & LOISIRS SOUTIENT SA PRESIDENTE - Espace Pro","robots":{"index":"index","follow":"follow","max-snippet":"max-snippet:-1","max-image-preview":"max-image-preview:large","max-video-preview":"max-video-preview:-1"},"canonical":"https:\/\/www.tourisme-valdemarne.com\/espace-pro\/actualites\/val-de-marne-tourisme-loisirs-soutient-sa-presidente\/","og_locale":"fr_FR","og_type":"article","og_title":"VAL-DE-MARNE TOURISME & LOISIRS SOUTIENT SA PRESIDENTE - Espace Pro","og_description":"Le bureau, le conseil d\u2019administration&nbsp;et toute l\u2019\u00e9quipe du comit\u00e9 d\u00e9partemental du tourisme du Val-de-Marne sommes extr\u00eamement choqu\u00e9s et exprimons notre vive \u00e9motion suite \u00e0 la violence inqualifiable dont a \u00e9t\u00e9 victime notre pr\u00e9sidente, M\u00e9lanie Nowak, lors des \u00e9v\u00e9nements survenus \u00e0 L\u2019Ha\u00ff-les-Roses, dans la nuit de samedi \u00e0 dimanche. Nous tenons \u00e0 rappeler que M\u00e9lanie Nowak, [&hellip;]","og_url":"https:\/\/www.tourisme-valdemarne.com\/espace-pro\/actualites\/val-de-marne-tourisme-loisirs-soutient-sa-presidente\/","og_site_name":"Espace Pro","article_modified_time":"2023-07-21T07:07:38+00:00","og_image":[{"width":1280,"height":908,"url":"https:\/\/www.tourisme-valdemarne.com\/espace-pro\/wp-content\/uploads\/sites\/3\/2023\/07\/cdt_16_rue_josephine_de_beauharnais-2.jpg","type":"image\/jpeg"}],"twitter_card":"summary_large_image","twitter_misc":{"Dur\u00e9e de lecture estim\u00e9e":"1 minute"},"schema":{"@context":"https:\/\/schema.org","@graph":[{"@type":"WebPage","@id":"https:\/\/www.tourisme-valdemarne.com\/espace-pro\/actualites\/val-de-marne-tourisme-loisirs-soutient-sa-presidente\/","url":"https:\/\/www.tourisme-valdemarne.com\/espace-pro\/actualites\/val-de-marne-tourisme-loisirs-soutient-sa-presidente\/","name":"VAL-DE-MARNE TOURISME & LOISIRS SOUTIENT SA PRESIDENTE - Espace Pro","isPartOf":{"@id":"https:\/\/www.tourisme-valdemarne.com\/espace-pro\/#website"},"primaryImageOfPage":{"@id":"https:\/\/www.tourisme-valdemarne.com\/espace-pro\/actualites\/val-de-marne-tourisme-loisirs-soutient-sa-presidente\/#primaryimage"},"image":{"@id":"https:\/\/www.tourisme-valdemarne.com\/espace-pro\/actualites\/val-de-marne-tourisme-loisirs-soutient-sa-presidente\/#primaryimage"},"thumbnailUrl":"https:\/\/www.tourisme-valdemarne.com\/espace-pro\/wp-content\/uploads\/sites\/3\/2023\/07\/cdt_16_rue_josephine_de_beauharnais-2.jpg","datePublished":"2023-07-04T08:38:26+00:00","dateModified":"2023-07-21T07:07:38+00:00","breadcrumb":{"@id":"https:\/\/www.tourisme-valdemarne.com\/espace-pro\/actualites\/val-de-marne-tourisme-loisirs-soutient-sa-presidente\/#breadcrumb"},"inLanguage":"fr-FR","potentialAction":[{"@type":"ReadAction","target":["https:\/\/www.tourisme-valdemarne.com\/espace-pro\/actualites\/val-de-marne-tourisme-loisirs-soutient-sa-presidente\/"]}]},{"@type":"ImageObject","inLanguage":"fr-FR","@id":"https:\/\/www.tourisme-valdemarne.com\/espace-pro\/actualites\/val-de-marne-tourisme-loisirs-soutient-sa-presidente\/#primaryimage","url":"https:\/\/www.tourisme-valdemarne.com\/espace-pro\/wp-content\/uploads\/sites\/3\/2023\/07\/cdt_16_rue_josephine_de_beauharnais-2.jpg","contentUrl":"https:\/\/www.tourisme-valdemarne.com\/espace-pro\/wp-content\/uploads\/sites\/3\/2023\/07\/cdt_16_rue_josephine_de_beauharnais-2.jpg","width":1280,"height":908},{"@type":"BreadcrumbList","@id":"https:\/\/www.tourisme-valdemarne.com\/espace-pro\/actualites\/val-de-marne-tourisme-loisirs-soutient-sa-presidente\/#breadcrumb","itemListElement":[{"@type":"ListItem","position":1,"name":"Accueil","item":"https:\/\/www.tourisme-valdemarne.com\/espace-pro\/"},{"@type":"ListItem","position":2,"name":"Actualit\u00e9s de l&rsquo;espace pro","item":"https:\/\/www.tourisme-valdemarne.com\/espace-pro\/actualites\/"},{"@type":"ListItem","position":3,"name":"VAL-DE-MARNE TOURISME &#038; LOISIRS SOUTIENT SA PRESIDENTE"}]},{"@type":"WebSite","@id":"https:\/\/www.tourisme-valdemarne.com\/espace-pro\/#website","url":"https:\/\/www.tourisme-valdemarne.com\/espace-pro\/","name":"Espace Pro","description":"Informations et outils pour les professionnels et la Presse","potentialAction":[{"@type":"SearchAction","target":{"@type":"EntryPoint","urlTemplate":"https:\/\/www.tourisme-valdemarne.com\/espace-pro\/?s={search_term_string}"},"query-input":{"@type":"PropertyValueSpecification","valueRequired":true,"valueName":"search_term_string"}}],"inLanguage":"fr-FR"}]}},"_links":{"self":[{"href":"https:\/\/www.tourisme-valdemarne.com\/espace-pro\/wp-json\/wp\/v2\/pages\/15414","targetHints":{"allow":["GET"]}}],"collection":[{"href":"https:\/\/www.tourisme-valdemarne.com\/espace-pro\/wp-json\/wp\/v2\/pages"}],"about":[{"href":"https:\/\/www.tourisme-valdemarne.com\/espace-pro\/wp-json\/wp\/v2\/types\/page"}],"author":[{"embeddable":true,"href":"https:\/\/www.tourisme-valdemarne.com\/espace-pro\/wp-json\/wp\/v2\/users\/16"}],"replies":[{"embeddable":true,"href":"https:\/\/www.tourisme-valdemarne.com\/espace-pro\/wp-json\/wp\/v2\/comments?post=15414"}],"version-history":[{"count":3,"href":"https:\/\/www.tourisme-valdemarne.com\/espace-pro\/wp-json\/wp\/v2\/pages\/15414\/revisions"}],"predecessor-version":[{"id":15417,"href":"https:\/\/www.tourisme-valdemarne.com\/espace-pro\/wp-json\/wp\/v2\/pages\/15414\/revisions\/15417"}],"up":[{"embeddable":true,"href":"https:\/\/www.tourisme-valdemarne.com\/espace-pro\/wp-json\/wp\/v2\/pages\/6164"}],"wp:featuredmedia":[{"embeddable":true,"href":"https:\/\/www.tourisme-valdemarne.com\/espace-pro\/wp-json\/wp\/v2\/media\/15420"}],"wp:attachment":[{"href":"https:\/\/www.tourisme-valdemarne.com\/espace-pro\/wp-json\/wp\/v2\/media?parent=15414"}],"wp:term":[{"taxonomy":"vdmTagMarketing","embeddable":true,"href":"https:\/\/www.tourisme-valdemarne.com\/espace-pro\/wp-json\/wp\/v2\/vdmTagMarketing?post=15414"}],"curies":[{"name":"wp","href":"https:\/\/api.w.org\/{rel}","templated":true}]}}