{"id":15329,"date":"2023-06-27T16:46:18","date_gmt":"2023-06-27T14:46:18","guid":{"rendered":"https:\/\/www.tourisme-valdemarne.com\/espace-pro\/?page_id=15329"},"modified":"2024-03-25T15:56:20","modified_gmt":"2024-03-25T14:56:20","slug":"cap-sur-la-marne-croisieres-fluviales-et-randonnees-a-deux-pas-de-paris","status":"publish","type":"page","link":"https:\/\/www.tourisme-valdemarne.com\/espace-pro\/presse\/actualites-et-communiques-de-presse\/communiques-de-presse-precedents\/cap-sur-la-marne-croisieres-fluviales-et-randonnees-a-deux-pas-de-paris\/","title":{"rendered":"Cap sur la Marne : croisi\u00e8res fluviales et randonn\u00e9es \u00e0 deux pas de Paris"},"content":{"rendered":"\n<p class=\"has-text-align-center\"><strong><strong>Du 5 mai au 22 octobre 202<\/strong>3<\/strong><\/p>\n\n\n\n<p class=\"is-style-excerpt\">Voyager pr\u00e8s de chez soi, ouvrir un \u0153il nouveau sur son environnement, profiter des richesses locales et valoriser la nature\u2026 C\u2019est ce que proposent trois territoires d\u2019Ile-de-France travers\u00e9s par la vall\u00e9e de la Marne, en organisant tout l\u2019\u00e9t\u00e9 des croisi\u00e8res et deux grandes randonn\u00e9es accessibles \u00e0 tous en Val-de-Marne, Seine-Saint-Denis et Seine-et-Marne.<\/p>\n\n\n\n<h2 class=\"wp-block-heading\">Tout un programme de croisi\u00e8res<\/h2>\n\n\n\n<p class=\"is-style-normal\">Ces croisi\u00e8res in\u00e9dites, qu\u2019elles soient gourmandes, musicales ou d\u00e9di\u00e9es \u00e0 la d\u00e9couverte des paysages et de l\u2019histoire de la Marne, d\u00e9veloppent un tourisme durable et constituent une nouvelle exp\u00e9rience pour profiter de ces espaces pr\u00e9serv\u00e9s. Elles sont anim\u00e9es par des historiens, passionn\u00e9s, acteurs du territoire, brasseurs&#8230; tous experts et amoureux des bords de Marne.<\/p>\n\n\n\n<figure class=\"wp-block-gallery has-nested-images columns-default is-cropped wp-block-gallery-1 is-layout-flex wp-block-gallery-is-layout-flex\">\n<figure class=\"wp-block-image size-large\"><img width=\"1200\" height=\"675\" data-id=\"15333\" data-src=\"https:\/\/www.tourisme-valdemarne.com\/espace-pro\/wp-content\/uploads\/sites\/3\/2023\/06\/croisieres-cap-sur-la-marne-2022-1200x675.jpg\" alt=\"Croisi\u00e8res Cap sur la Marne\" class=\"wp-image-15333\" srcset=\"https:\/\/www.tourisme-valdemarne.com\/espace-pro\/wp-content\/uploads\/sites\/3\/2023\/06\/croisieres-cap-sur-la-marne-2022-1200x675.jpg 1200w, https:\/\/www.tourisme-valdemarne.com\/espace-pro\/wp-content\/uploads\/sites\/3\/2023\/06\/croisieres-cap-sur-la-marne-2022-600x338.jpg 600w, https:\/\/www.tourisme-valdemarne.com\/espace-pro\/wp-content\/uploads\/sites\/3\/2023\/06\/croisieres-cap-sur-la-marne-2022-900x506.jpg 900w, https:\/\/www.tourisme-valdemarne.com\/espace-pro\/wp-content\/uploads\/sites\/3\/2023\/06\/croisieres-cap-sur-la-marne-2022-1536x864.jpg 1536w, https:\/\/www.tourisme-valdemarne.com\/espace-pro\/wp-content\/uploads\/sites\/3\/2023\/06\/croisieres-cap-sur-la-marne-2022-380x214.jpg 380w, https:\/\/www.tourisme-valdemarne.com\/espace-pro\/wp-content\/uploads\/sites\/3\/2023\/06\/croisieres-cap-sur-la-marne-2022-200x113.jpg 200w, https:\/\/www.tourisme-valdemarne.com\/espace-pro\/wp-content\/uploads\/sites\/3\/2023\/06\/croisieres-cap-sur-la-marne-2022-1600x900.jpg 1600w, https:\/\/www.tourisme-valdemarne.com\/espace-pro\/wp-content\/uploads\/sites\/3\/2023\/06\/croisieres-cap-sur-la-marne-2022.jpg 2000w\" sizes=\"(max-width: 1200px) 100vw, 1200px\" \/><figcaption>Croisi\u00e8res Cap sur la Marne<\/figcaption><\/figure>\n<\/figure>\n\n\n\n<p><strong>D\u00e9parts <\/strong>: Alfortville, Joinville-le-Pont, Nogent-sur-Marne, Neuilly-Plaisance, Neuilly-sur-Marne, Lagny-sur-Marne<\/p>\n\n\n\n<p><strong>Dur\u00e9es <\/strong>: de 1h30 \u00e0 2h<\/p>\n\n\n\n<p><strong>Tarifs : <\/strong>25\u20ac, 15\u20ac et 10\u20ac (TR) selon les croisi\u00e8res, croisi\u00e8res navettes 6\u20ac<\/p>\n\n\n\n<p><strong>Nouveaut\u00e9 !<\/strong> Des croisi\u00e8res v\u00e9lo + bateau permettent d&#8217;embarquer son v\u00e9lo \u00e0 bord et de d\u00e9couvrir la Marne aussi bien sur l&rsquo;eau que le long des berges.<\/p>\n\n\n\n<p><strong>Programme et r\u00e9servation : <\/strong><a href=\"http:\/\/www.capsurlamarne.fr\" target=\"_blank\" rel=\"noreferrer noopener\"><strong>www.capsurlamarne.fr<\/strong><\/a><\/p>\n\n\n\n<h2 class=\"wp-block-heading\">La Grande MARCHE DU 4 juin 2023<\/h2>\n\n\n\n<p>En 2023, les partenaires de Cap sur la Marne* enrichissent cette offre et encouragent la mobilit\u00e9 le long de l\u2019eau, organisant La Grande Marche avec 6 \u00e9tapes culturelles \u00e0 d\u00e9couvrir \u00e0 pied au fil de 15 kilom\u00e8tres : la Maison de l\u2019Abb\u00e9 Pierre, le Parc des C\u00f4teaux d\u2019Avron, l\u2019\u00e9cole Nationale de cirque de Rosny-sous-Bois, le mus\u00e9e de la R\u00e9sistante Nationale de Champigny-sur-Marne, l\u2019histoire du dessinateur Fran\u00e7ois Cavanna et de l\u2019immigration italienne \u00e0 Nogent-sur-Marne, et le parc du Tremblay.<\/p>\n\n\n\n<p><em>Cette aventure est co-construite avec les Comit\u00e9s et les associations d\u00e9di\u00e9es au sport des d\u00e9partements travers\u00e9s, qui encadreront les participants pendant leur aventure.<\/em><\/p>\n\n\n\n<p><strong>R\u00e9servation obligatoire : <\/strong><a href=\"http:\/\/www.capsurlamarne.fr\" target=\"_blank\" rel=\"noreferrer noopener\"><strong>www.capsurlamarne.fr<\/strong><\/a><\/p>\n\n\n\n<p><em>*Le collectif Cap sur la Marne r\u00e9unit Val-de-Marne Tourisme et Loisirs, Seine-Saint-Denis Tourisme et les Offices de Tourisme de Marne et Gondoire et Paris Vall\u00e9e de la Marne. Il propose de nombreuses animations sur les bords de Marne entre Charenton-le-Pont et Chalifert.<\/em><\/p>\n\n\n\n<\/br>\n\n\n\n<\/br>\n","protected":false},"excerpt":{"rendered":"<p>Du 5 mai au 22 octobre 2023 Voyager pr\u00e8s de chez soi, ouvrir un \u0153il nouveau sur son environnement, profiter des richesses locales et valoriser la nature\u2026 C\u2019est ce que proposent trois territoires d\u2019Ile-de-France travers\u00e9s par la vall\u00e9e de la Marne, en organisant tout l\u2019\u00e9t\u00e9 des croisi\u00e8res et deux grandes randonn\u00e9es accessibles \u00e0 tous en [&hellip;]<\/p>\n","protected":false},"author":9,"featured_media":15333,"parent":2883,"menu_order":30,"comment_status":"closed","ping_status":"closed","template":"","meta":{"_relevanssi_hide_post":"","_relevanssi_hide_content":"","_relevanssi_pin_for_all":"","_relevanssi_pin_keywords":"","_relevanssi_unpin_keywords":"","_relevanssi_related_keywords":"","_relevanssi_related_include_ids":"","_relevanssi_related_exclude_ids":"","_relevanssi_related_no_append":"","_relevanssi_related_not_related":"","_relevanssi_related_posts":"2749,8090,444,2745,2751,8095","_relevanssi_noindex_reason":"","footnotes":""},"vdmTagMarketing":[],"class_list":["post-15329","page","type-page","status-publish","has-post-thumbnail","hentry"],"acf":[],"yoast_head":"<!-- This site is optimized with the Yoast SEO plugin v23.9 - https:\/\/yoast.com\/wordpress\/plugins\/seo\/ -->\n<title>Cap sur la Marne : croisi\u00e8res fluviales et randonn\u00e9es \u00e0 deux pas de Paris - Espace Pro<\/title>\n<meta name=\"robots\" content=\"index, follow, max-snippet:-1, max-image-preview:large, max-video-preview:-1\" \/>\n<link rel=\"canonical\" href=\"https:\/\/www.tourisme-valdemarne.com\/espace-pro\/presse\/actualites-et-communiques-de-presse\/communiques-de-presse-precedents\/cap-sur-la-marne-croisieres-fluviales-et-randonnees-a-deux-pas-de-paris\/\" \/>\n<meta property=\"og:locale\" content=\"fr_FR\" \/>\n<meta property=\"og:type\" content=\"article\" \/>\n<meta property=\"og:title\" content=\"Cap sur la Marne : croisi\u00e8res fluviales et randonn\u00e9es \u00e0 deux pas de Paris - Espace Pro\" \/>\n<meta property=\"og:description\" content=\"Du 5 mai au 22 octobre 2023 Voyager pr\u00e8s de chez soi, ouvrir un \u0153il nouveau sur son environnement, profiter des richesses locales et valoriser la nature\u2026 C\u2019est ce que proposent trois territoires d\u2019Ile-de-France travers\u00e9s par la vall\u00e9e de la Marne, en organisant tout l\u2019\u00e9t\u00e9 des croisi\u00e8res et deux grandes randonn\u00e9es accessibles \u00e0 tous en [&hellip;]\" \/>\n<meta property=\"og:url\" content=\"https:\/\/www.tourisme-valdemarne.com\/espace-pro\/presse\/actualites-et-communiques-de-presse\/communiques-de-presse-precedents\/cap-sur-la-marne-croisieres-fluviales-et-randonnees-a-deux-pas-de-paris\/\" \/>\n<meta property=\"og:site_name\" content=\"Espace Pro\" \/>\n<meta property=\"article:modified_time\" content=\"2024-03-25T14:56:20+00:00\" \/>\n<meta property=\"og:image\" content=\"https:\/\/www.tourisme-valdemarne.com\/espace-pro\/wp-content\/uploads\/sites\/3\/2023\/06\/croisieres-cap-sur-la-marne-2022.jpg\" \/>\n\t<meta property=\"og:image:width\" content=\"2000\" \/>\n\t<meta property=\"og:image:height\" content=\"1125\" \/>\n\t<meta property=\"og:image:type\" content=\"image\/jpeg\" \/>\n<meta name=\"twitter:card\" content=\"summary_large_image\" \/>\n<meta name=\"twitter:label1\" content=\"Dur\u00e9e de lecture estim\u00e9e\" \/>\n\t<meta name=\"twitter:data1\" content=\"2 minutes\" \/>\n<script type=\"application\/ld+json\" class=\"yoast-schema-graph\">{\"@context\":\"https:\/\/schema.org\",\"@graph\":[{\"@type\":\"WebPage\",\"@id\":\"https:\/\/www.tourisme-valdemarne.com\/espace-pro\/presse\/actualites-et-communiques-de-presse\/communiques-de-presse-precedents\/cap-sur-la-marne-croisieres-fluviales-et-randonnees-a-deux-pas-de-paris\/\",\"url\":\"https:\/\/www.tourisme-valdemarne.com\/espace-pro\/presse\/actualites-et-communiques-de-presse\/communiques-de-presse-precedents\/cap-sur-la-marne-croisieres-fluviales-et-randonnees-a-deux-pas-de-paris\/\",\"name\":\"Cap sur la Marne : croisi\u00e8res fluviales et randonn\u00e9es \u00e0 deux pas de Paris - Espace Pro\",\"isPartOf\":{\"@id\":\"https:\/\/www.tourisme-valdemarne.com\/espace-pro\/#website\"},\"primaryImageOfPage\":{\"@id\":\"https:\/\/www.tourisme-valdemarne.com\/espace-pro\/presse\/actualites-et-communiques-de-presse\/communiques-de-presse-precedents\/cap-sur-la-marne-croisieres-fluviales-et-randonnees-a-deux-pas-de-paris\/#primaryimage\"},\"image\":{\"@id\":\"https:\/\/www.tourisme-valdemarne.com\/espace-pro\/presse\/actualites-et-communiques-de-presse\/communiques-de-presse-precedents\/cap-sur-la-marne-croisieres-fluviales-et-randonnees-a-deux-pas-de-paris\/#primaryimage\"},\"thumbnailUrl\":\"https:\/\/www.tourisme-valdemarne.com\/espace-pro\/wp-content\/uploads\/sites\/3\/2023\/06\/croisieres-cap-sur-la-marne-2022.jpg\",\"datePublished\":\"2023-06-27T14:46:18+00:00\",\"dateModified\":\"2024-03-25T14:56:20+00:00\",\"breadcrumb\":{\"@id\":\"https:\/\/www.tourisme-valdemarne.com\/espace-pro\/presse\/actualites-et-communiques-de-presse\/communiques-de-presse-precedents\/cap-sur-la-marne-croisieres-fluviales-et-randonnees-a-deux-pas-de-paris\/#breadcrumb\"},\"inLanguage\":\"fr-FR\",\"potentialAction\":[{\"@type\":\"ReadAction\",\"target\":[\"https:\/\/www.tourisme-valdemarne.com\/espace-pro\/presse\/actualites-et-communiques-de-presse\/communiques-de-presse-precedents\/cap-sur-la-marne-croisieres-fluviales-et-randonnees-a-deux-pas-de-paris\/\"]}]},{\"@type\":\"ImageObject\",\"inLanguage\":\"fr-FR\",\"@id\":\"https:\/\/www.tourisme-valdemarne.com\/espace-pro\/presse\/actualites-et-communiques-de-presse\/communiques-de-presse-precedents\/cap-sur-la-marne-croisieres-fluviales-et-randonnees-a-deux-pas-de-paris\/#primaryimage\",\"url\":\"https:\/\/www.tourisme-valdemarne.com\/espace-pro\/wp-content\/uploads\/sites\/3\/2023\/06\/croisieres-cap-sur-la-marne-2022.jpg\",\"contentUrl\":\"https:\/\/www.tourisme-valdemarne.com\/espace-pro\/wp-content\/uploads\/sites\/3\/2023\/06\/croisieres-cap-sur-la-marne-2022.jpg\",\"width\":2000,\"height\":1125,\"caption\":\"Croisi\u00e8res Cap sur la Marne\"},{\"@type\":\"BreadcrumbList\",\"@id\":\"https:\/\/www.tourisme-valdemarne.com\/espace-pro\/presse\/actualites-et-communiques-de-presse\/communiques-de-presse-precedents\/cap-sur-la-marne-croisieres-fluviales-et-randonnees-a-deux-pas-de-paris\/#breadcrumb\",\"itemListElement\":[{\"@type\":\"ListItem\",\"position\":1,\"name\":\"Accueil\",\"item\":\"https:\/\/www.tourisme-valdemarne.com\/espace-pro\/\"},{\"@type\":\"ListItem\",\"position\":2,\"name\":\"Presse\",\"item\":\"https:\/\/www.tourisme-valdemarne.com\/espace-pro\/presse\/\"},{\"@type\":\"ListItem\",\"position\":3,\"name\":\"Actualit\u00e9s et communiqu\u00e9s de presse\",\"item\":\"https:\/\/www.tourisme-valdemarne.com\/espace-pro\/presse\/actualites-et-communiques-de-presse\/\"},{\"@type\":\"ListItem\",\"position\":4,\"name\":\"Communiqu\u00e9s de presse pr\u00e9c\u00e9dents\",\"item\":\"https:\/\/www.tourisme-valdemarne.com\/espace-pro\/presse\/actualites-et-communiques-de-presse\/communiques-de-presse-precedents\/\"},{\"@type\":\"ListItem\",\"position\":5,\"name\":\"Cap sur la Marne : croisi\u00e8res fluviales et randonn\u00e9es \u00e0 deux pas de Paris\"}]},{\"@type\":\"WebSite\",\"@id\":\"https:\/\/www.tourisme-valdemarne.com\/espace-pro\/#website\",\"url\":\"https:\/\/www.tourisme-valdemarne.com\/espace-pro\/\",\"name\":\"Espace Pro\",\"description\":\"Informations et outils pour les professionnels et la Presse\",\"potentialAction\":[{\"@type\":\"SearchAction\",\"target\":{\"@type\":\"EntryPoint\",\"urlTemplate\":\"https:\/\/www.tourisme-valdemarne.com\/espace-pro\/?s={search_term_string}\"},\"query-input\":{\"@type\":\"PropertyValueSpecification\",\"valueRequired\":true,\"valueName\":\"search_term_string\"}}],\"inLanguage\":\"fr-FR\"}]}<\/script>\n<!-- \/ Yoast SEO plugin. -->","yoast_head_json":{"title":"Cap sur la Marne : croisi\u00e8res fluviales et randonn\u00e9es \u00e0 deux pas de Paris - Espace Pro","robots":{"index":"index","follow":"follow","max-snippet":"max-snippet:-1","max-image-preview":"max-image-preview:large","max-video-preview":"max-video-preview:-1"},"canonical":"https:\/\/www.tourisme-valdemarne.com\/espace-pro\/presse\/actualites-et-communiques-de-presse\/communiques-de-presse-precedents\/cap-sur-la-marne-croisieres-fluviales-et-randonnees-a-deux-pas-de-paris\/","og_locale":"fr_FR","og_type":"article","og_title":"Cap sur la Marne : croisi\u00e8res fluviales et randonn\u00e9es \u00e0 deux pas de Paris - Espace Pro","og_description":"Du 5 mai au 22 octobre 2023 Voyager pr\u00e8s de chez soi, ouvrir un \u0153il nouveau sur son environnement, profiter des richesses locales et valoriser la nature\u2026 C\u2019est ce que proposent trois territoires d\u2019Ile-de-France travers\u00e9s par la vall\u00e9e de la Marne, en organisant tout l\u2019\u00e9t\u00e9 des croisi\u00e8res et deux grandes randonn\u00e9es accessibles \u00e0 tous en [&hellip;]","og_url":"https:\/\/www.tourisme-valdemarne.com\/espace-pro\/presse\/actualites-et-communiques-de-presse\/communiques-de-presse-precedents\/cap-sur-la-marne-croisieres-fluviales-et-randonnees-a-deux-pas-de-paris\/","og_site_name":"Espace Pro","article_modified_time":"2024-03-25T14:56:20+00:00","og_image":[{"width":2000,"height":1125,"url":"https:\/\/www.tourisme-valdemarne.com\/espace-pro\/wp-content\/uploads\/sites\/3\/2023\/06\/croisieres-cap-sur-la-marne-2022.jpg","type":"image\/jpeg"}],"twitter_card":"summary_large_image","twitter_misc":{"Dur\u00e9e de lecture estim\u00e9e":"2 minutes"},"schema":{"@context":"https:\/\/schema.org","@graph":[{"@type":"WebPage","@id":"https:\/\/www.tourisme-valdemarne.com\/espace-pro\/presse\/actualites-et-communiques-de-presse\/communiques-de-presse-precedents\/cap-sur-la-marne-croisieres-fluviales-et-randonnees-a-deux-pas-de-paris\/","url":"https:\/\/www.tourisme-valdemarne.com\/espace-pro\/presse\/actualites-et-communiques-de-presse\/communiques-de-presse-precedents\/cap-sur-la-marne-croisieres-fluviales-et-randonnees-a-deux-pas-de-paris\/","name":"Cap sur la Marne : croisi\u00e8res fluviales et randonn\u00e9es \u00e0 deux pas de Paris - Espace Pro","isPartOf":{"@id":"https:\/\/www.tourisme-valdemarne.com\/espace-pro\/#website"},"primaryImageOfPage":{"@id":"https:\/\/www.tourisme-valdemarne.com\/espace-pro\/presse\/actualites-et-communiques-de-presse\/communiques-de-presse-precedents\/cap-sur-la-marne-croisieres-fluviales-et-randonnees-a-deux-pas-de-paris\/#primaryimage"},"image":{"@id":"https:\/\/www.tourisme-valdemarne.com\/espace-pro\/presse\/actualites-et-communiques-de-presse\/communiques-de-presse-precedents\/cap-sur-la-marne-croisieres-fluviales-et-randonnees-a-deux-pas-de-paris\/#primaryimage"},"thumbnailUrl":"https:\/\/www.tourisme-valdemarne.com\/espace-pro\/wp-content\/uploads\/sites\/3\/2023\/06\/croisieres-cap-sur-la-marne-2022.jpg","datePublished":"2023-06-27T14:46:18+00:00","dateModified":"2024-03-25T14:56:20+00:00","breadcrumb":{"@id":"https:\/\/www.tourisme-valdemarne.com\/espace-pro\/presse\/actualites-et-communiques-de-presse\/communiques-de-presse-precedents\/cap-sur-la-marne-croisieres-fluviales-et-randonnees-a-deux-pas-de-paris\/#breadcrumb"},"inLanguage":"fr-FR","potentialAction":[{"@type":"ReadAction","target":["https:\/\/www.tourisme-valdemarne.com\/espace-pro\/presse\/actualites-et-communiques-de-presse\/communiques-de-presse-precedents\/cap-sur-la-marne-croisieres-fluviales-et-randonnees-a-deux-pas-de-paris\/"]}]},{"@type":"ImageObject","inLanguage":"fr-FR","@id":"https:\/\/www.tourisme-valdemarne.com\/espace-pro\/presse\/actualites-et-communiques-de-presse\/communiques-de-presse-precedents\/cap-sur-la-marne-croisieres-fluviales-et-randonnees-a-deux-pas-de-paris\/#primaryimage","url":"https:\/\/www.tourisme-valdemarne.com\/espace-pro\/wp-content\/uploads\/sites\/3\/2023\/06\/croisieres-cap-sur-la-marne-2022.jpg","contentUrl":"https:\/\/www.tourisme-valdemarne.com\/espace-pro\/wp-content\/uploads\/sites\/3\/2023\/06\/croisieres-cap-sur-la-marne-2022.jpg","width":2000,"height":1125,"caption":"Croisi\u00e8res Cap sur la Marne"},{"@type":"BreadcrumbList","@id":"https:\/\/www.tourisme-valdemarne.com\/espace-pro\/presse\/actualites-et-communiques-de-presse\/communiques-de-presse-precedents\/cap-sur-la-marne-croisieres-fluviales-et-randonnees-a-deux-pas-de-paris\/#breadcrumb","itemListElement":[{"@type":"ListItem","position":1,"name":"Accueil","item":"https:\/\/www.tourisme-valdemarne.com\/espace-pro\/"},{"@type":"ListItem","position":2,"name":"Presse","item":"https:\/\/www.tourisme-valdemarne.com\/espace-pro\/presse\/"},{"@type":"ListItem","position":3,"name":"Actualit\u00e9s et communiqu\u00e9s de presse","item":"https:\/\/www.tourisme-valdemarne.com\/espace-pro\/presse\/actualites-et-communiques-de-presse\/"},{"@type":"ListItem","position":4,"name":"Communiqu\u00e9s de presse pr\u00e9c\u00e9dents","item":"https:\/\/www.tourisme-valdemarne.com\/espace-pro\/presse\/actualites-et-communiques-de-presse\/communiques-de-presse-precedents\/"},{"@type":"ListItem","position":5,"name":"Cap sur la Marne : croisi\u00e8res fluviales et randonn\u00e9es \u00e0 deux pas de Paris"}]},{"@type":"WebSite","@id":"https:\/\/www.tourisme-valdemarne.com\/espace-pro\/#website","url":"https:\/\/www.tourisme-valdemarne.com\/espace-pro\/","name":"Espace Pro","description":"Informations et outils pour les professionnels et la Presse","potentialAction":[{"@type":"SearchAction","target":{"@type":"EntryPoint","urlTemplate":"https:\/\/www.tourisme-valdemarne.com\/espace-pro\/?s={search_term_string}"},"query-input":{"@type":"PropertyValueSpecification","valueRequired":true,"valueName":"search_term_string"}}],"inLanguage":"fr-FR"}]}},"_links":{"self":[{"href":"https:\/\/www.tourisme-valdemarne.com\/espace-pro\/wp-json\/wp\/v2\/pages\/15329","targetHints":{"allow":["GET"]}}],"collection":[{"href":"https:\/\/www.tourisme-valdemarne.com\/espace-pro\/wp-json\/wp\/v2\/pages"}],"about":[{"href":"https:\/\/www.tourisme-valdemarne.com\/espace-pro\/wp-json\/wp\/v2\/types\/page"}],"author":[{"embeddable":true,"href":"https:\/\/www.tourisme-valdemarne.com\/espace-pro\/wp-json\/wp\/v2\/users\/9"}],"replies":[{"embeddable":true,"href":"https:\/\/www.tourisme-valdemarne.com\/espace-pro\/wp-json\/wp\/v2\/comments?post=15329"}],"version-history":[{"count":6,"href":"https:\/\/www.tourisme-valdemarne.com\/espace-pro\/wp-json\/wp\/v2\/pages\/15329\/revisions"}],"predecessor-version":[{"id":15336,"href":"https:\/\/www.tourisme-valdemarne.com\/espace-pro\/wp-json\/wp\/v2\/pages\/15329\/revisions\/15336"}],"up":[{"embeddable":true,"href":"https:\/\/www.tourisme-valdemarne.com\/espace-pro\/wp-json\/wp\/v2\/pages\/2883"}],"wp:featuredmedia":[{"embeddable":true,"href":"https:\/\/www.tourisme-valdemarne.com\/espace-pro\/wp-json\/wp\/v2\/media\/15333"}],"wp:attachment":[{"href":"https:\/\/www.tourisme-valdemarne.com\/espace-pro\/wp-json\/wp\/v2\/media?parent=15329"}],"wp:term":[{"taxonomy":"vdmTagMarketing","embeddable":true,"href":"https:\/\/www.tourisme-valdemarne.com\/espace-pro\/wp-json\/wp\/v2\/vdmTagMarketing?post=15329"}],"curies":[{"name":"wp","href":"https:\/\/api.w.org\/{rel}","templated":true}]}}