{"id":14944,"date":"2023-05-11T10:30:27","date_gmt":"2023-05-11T08:30:27","guid":{"rendered":"https:\/\/www.tourisme-valdemarne.com\/espace-pro\/?page_id=14944"},"modified":"2023-06-29T09:58:16","modified_gmt":"2023-06-29T07:58:16","slug":"rencontres-du-tourisme-2023","status":"publish","type":"page","link":"https:\/\/www.tourisme-valdemarne.com\/espace-pro\/qui-sommes-nous\/rencontres-du-tourisme\/rencontres-du-tourisme-2023\/","title":{"rendered":"Rencontres du tourisme 2023"},"content":{"rendered":"\n<p class=\"is-style-excerpt\">Cette ann\u00e9e, Val-de-Marne Tourisme et Loisirs a propos\u00e9 des rencontres sur le th\u00e8me des Jeux Olympiques et Paralympiques de Paris 2024 et du tourisme en Val-de-Marne :<br><strong>\u00ab&nbsp;Comment tirer son \u00e9pingle du jeu olympique&nbsp;?&nbsp;\u00bb<\/strong>.<\/p>\n\n\n\n<p>Les rencontres du tourisme se sont d\u00e9roul\u00e9es <strong>le mardi 13 juin au domaine de Grosbois<\/strong> et ont r\u00e9unies des \u00e9lus et repr\u00e9sentants de collectivit\u00e9s territoriales, de nombreux professionnels du tourisme et des loisirs, des acteurs institutionnels du sport, etc.<\/p>\n\n\n\n<br>\n\n\n\n<h2 class=\"wp-block-heading\">RETOUR SUR LE Programme 2023<\/h2>\n\n\n\n<p>Les rencontres du tourisme \u00e9taient anim\u00e9es par <strong>Sandrine Mercier<\/strong>, journaliste et r\u00e9dactrice en chef de AR magazine voyageur.<\/p>\n\n\n\n<ul class=\"wp-block-list\"><li><strong>Accueil par Christophe Walazyk<\/strong>, R\u00e9gisseur du domaine de Grosbois<\/li><li><strong>Ouverture par M\u00e9lanie Nowak<\/strong>, Pr\u00e9sidente de Val-de-Marne Tourisme &amp; Loisirs, conseill\u00e8re d\u00e9partementale en charge du d\u00e9veloppement du tourisme et de l\u2019enseignement sup\u00e9rieur<\/li><\/ul>\n\n\n\n<ul class=\"wp-block-list\"><li><strong>\u00ab\u00a0Quelle fr\u00e9quentation attendre des JOP 2024 ?\u00a0\u00bb : pr\u00e9sentation par Thomas Deschamps<\/strong>, Directeur de l&rsquo;observatoire \u00e9conomique du tourisme, du d\u00e9veloppement durable et de l&rsquo;accessibilit\u00e9&nbsp;\u00e0 l&rsquo;Office du Tourisme et des Congr\u00e8s de Paris<br>Retrouvez ci-dessous la pr\u00e9sentation :<\/li><\/ul>\n\n\n\n<div class=\"wp-block-buttons is-content-justification-center is-layout-flex wp-container-core-buttons-is-layout-1 wp-block-buttons-is-layout-flex\">\n<div class=\"wp-block-button\"><a class=\"wp-block-button__link\" href=\"https:\/\/www.tourisme-valdemarne.com\/espace-pro\/wp-content\/uploads\/sites\/3\/2023\/06\/freq-jop-rencontre-vdm_thomas-deschamps.pdf\" target=\"_blank\" rel=\"noreferrer noopener\">D\u00e9couvrir les chiffres cl\u00e9s des JOP 2024<\/a><\/div>\n<\/div>\n\n\n\n<ul class=\"wp-block-list\"><li><strong>Table ronde 1 \u2013 Destination Paris 2024, le Val-de-Marne mise sur l\u2019hospitalit\u00e9<\/strong> <strong><em>(L\u2019accueil des athl\u00e8tes et des touristes)<\/em><\/strong><ul><li><strong>Le contrat de destination et la valorisation de l\u2019\u00e9chelle m\u00e9tropolitaine en tant que destination Paris 2024 par Olivier Meier<\/strong>, Directeur de Seine-Saint-Denis Tourisme et animateur du groupe de travail JOP du contrat de destination Explore Paris<\/li><li><strong>T\u00e9moignage d\u2019un CPJ par Sandra Neuveut<\/strong>, Directrice de La Briqueterie<\/li><li><strong>La place de l\u2019h\u00e9bergement val-de-marnais par Christophe Arietano<\/strong>, Directeur du Comfort H\u00f4tel Rungis et pr\u00e9sident du Club h\u00f4telier CHRO du Val-de-Marne<\/li><li><strong>Les exp\u00e9riences extra-franciliennes et l\u2019enjeu de l\u2019accueil paralympique par Pascale Vinot<\/strong>, Responsable projets Innovation et JO \u00e0 la f\u00e9d\u00e9ration ADN Tourisme<\/li><\/ul><\/li><\/ul>\n\n\n\n<figure class=\"wp-block-image size-full is-style-default\"><img width=\"900\" height=\"600\" data-src=\"https:\/\/www.tourisme-valdemarne.com\/espace-pro\/wp-content\/uploads\/sites\/3\/2023\/06\/rencontres-tourisme-2023-jop-grosbois-tb1.jpg\" alt=\"\" class=\"wp-image-15375\" srcset=\"https:\/\/www.tourisme-valdemarne.com\/espace-pro\/wp-content\/uploads\/sites\/3\/2023\/06\/rencontres-tourisme-2023-jop-grosbois-tb1.jpg 900w, https:\/\/www.tourisme-valdemarne.com\/espace-pro\/wp-content\/uploads\/sites\/3\/2023\/06\/rencontres-tourisme-2023-jop-grosbois-tb1-600x400.jpg 600w, https:\/\/www.tourisme-valdemarne.com\/espace-pro\/wp-content\/uploads\/sites\/3\/2023\/06\/rencontres-tourisme-2023-jop-grosbois-tb1-380x253.jpg 380w, https:\/\/www.tourisme-valdemarne.com\/espace-pro\/wp-content\/uploads\/sites\/3\/2023\/06\/rencontres-tourisme-2023-jop-grosbois-tb1-200x133.jpg 200w\" sizes=\"(max-width: 900px) 100vw, 900px\" \/><figcaption>Rencontres du tourisme 2023 &#8211; table ronde 1<\/figcaption><\/figure>\n\n\n\n<ul class=\"wp-block-list\"><li>Echanges avec la salle<\/li><\/ul>\n\n\n\n<ul class=\"wp-block-list\"><li><strong><strong>L\u2019Olympiade culturelle <\/strong>: pr\u00e9sentation par Malena Moura<\/strong>, Charg\u00e9e de projets \u00e0 la Direction de la culture de Paris 2024 (COJO)<br>Retrouvez ci-dessous la pr\u00e9sentation :<\/li><\/ul>\n\n\n\n<div class=\"wp-block-buttons is-content-justification-center is-layout-flex wp-container-core-buttons-is-layout-2 wp-block-buttons-is-layout-flex\">\n<div class=\"wp-block-button\"><a class=\"wp-block-button__link\" href=\"https:\/\/www.tourisme-valdemarne.com\/espace-pro\/wp-content\/uploads\/sites\/3\/2023\/06\/artistes-presentation-externe-olympiade-culturelle-1.pdf\" target=\"_blank\" rel=\"noreferrer noopener\">D\u00e9couvrir l&rsquo;Olympiade culturelle de Paris 2024<\/a><\/div>\n<\/div>\n\n\n\n<ul class=\"wp-block-list\"><li><strong>Table ronde 2 \u2013 L\u2019effervescence des JOP, c\u2019est aussi en Val-de-Marne<em> (Les initiatives pour les habitants)<\/em><\/strong><ul><li><strong>Les initiatives du Service des Sports du D\u00e9partement par Aur\u00e9lie Giop<\/strong>, Directrice de la jeunesse, des sports, des villages vacances et de la vie associative<\/li><li><strong>Les actions du CDOS (Comit\u00e9 d\u00e9partemental olympique et sportif) par Pascal-Pierre Ponson-<\/strong>Sacquard, Pr\u00e9sident<\/li><li><strong>Les dynamiques locales : l\u2019exemple de la Ville de Nogent-sur-Marne par Lionel Hersan<\/strong>, Directeur des Sports, de la vie associative et de la citoyennet\u00e9 de la Ville de Nogent-sur-Marne \u2013 Coordonnateur Station Nautique<\/li><\/ul><ul><li><strong>Des actions pour d\u00e9velopper l\u2019offre de tourisme sportif par H\u00e9l\u00e8ne Sallet-Lavorel<\/strong>, Directrice de Val-de-Marne Tourisme &amp; Loisirs<\/li><\/ul><\/li><\/ul>\n\n\n\n<figure class=\"wp-block-image size-full is-style-default\"><img width=\"900\" height=\"600\" data-src=\"https:\/\/www.tourisme-valdemarne.com\/espace-pro\/wp-content\/uploads\/sites\/3\/2023\/06\/rencontres-tourisme-2023-jop-grosbois-tb2.jpg\" alt=\"\" class=\"wp-image-15372\" srcset=\"https:\/\/www.tourisme-valdemarne.com\/espace-pro\/wp-content\/uploads\/sites\/3\/2023\/06\/rencontres-tourisme-2023-jop-grosbois-tb2.jpg 900w, https:\/\/www.tourisme-valdemarne.com\/espace-pro\/wp-content\/uploads\/sites\/3\/2023\/06\/rencontres-tourisme-2023-jop-grosbois-tb2-600x400.jpg 600w, https:\/\/www.tourisme-valdemarne.com\/espace-pro\/wp-content\/uploads\/sites\/3\/2023\/06\/rencontres-tourisme-2023-jop-grosbois-tb2-380x253.jpg 380w, https:\/\/www.tourisme-valdemarne.com\/espace-pro\/wp-content\/uploads\/sites\/3\/2023\/06\/rencontres-tourisme-2023-jop-grosbois-tb2-200x133.jpg 200w\" sizes=\"(max-width: 900px) 100vw, 900px\" \/><figcaption>Rencontres du tourisme 2023 &#8211; table ronde 2<\/figcaption><\/figure>\n\n\n\n<ul class=\"wp-block-list\"><li>Echanges avec la salle<\/li><\/ul>\n\n\n\n<ul class=\"wp-block-list\"><li><strong>Conclusion <\/strong>\u2013 <strong>M\u00e9lanie Nowak<\/strong>, Pr\u00e9sidente de Val-de-Marne Tourisme &amp; Loisirs, conseill\u00e8re d\u00e9partementale en charge du d\u00e9veloppement du tourisme et de l\u2019enseignement sup\u00e9rieur<\/li><\/ul>\n\n\n\n<p class=\"is-style-highlight\">En plus des rencontres qui se sont d\u00e9roul\u00e9es l&rsquo;apr\u00e8s-midi, deux visites exceptionnelles \u00e9taient \u00e9galement propos\u00e9es : le centre d&rsquo;entra\u00eenement de chevaux trotteurs en fin de matin\u00e9e et le ch\u00e2teau de Grosbois l&rsquo;apr\u00e8s-midi.<\/p>\n\n\n\n<figure class=\"wp-block-image size-full is-style-default\"><img width=\"900\" height=\"600\" data-src=\"https:\/\/www.tourisme-valdemarne.com\/espace-pro\/wp-content\/uploads\/sites\/3\/2023\/06\/rencontres-tourisme-2023-visite-centre-grosbois.jpg\" alt=\"\" class=\"wp-image-15369\" srcset=\"https:\/\/www.tourisme-valdemarne.com\/espace-pro\/wp-content\/uploads\/sites\/3\/2023\/06\/rencontres-tourisme-2023-visite-centre-grosbois.jpg 900w, https:\/\/www.tourisme-valdemarne.com\/espace-pro\/wp-content\/uploads\/sites\/3\/2023\/06\/rencontres-tourisme-2023-visite-centre-grosbois-600x400.jpg 600w, https:\/\/www.tourisme-valdemarne.com\/espace-pro\/wp-content\/uploads\/sites\/3\/2023\/06\/rencontres-tourisme-2023-visite-centre-grosbois-380x253.jpg 380w, https:\/\/www.tourisme-valdemarne.com\/espace-pro\/wp-content\/uploads\/sites\/3\/2023\/06\/rencontres-tourisme-2023-visite-centre-grosbois-200x133.jpg 200w\" sizes=\"(max-width: 900px) 100vw, 900px\" \/><figcaption>Visite du centre d&rsquo;entrainement de Grosbois &#8211; Rencontres du tourisme 2023<\/figcaption><\/figure>\n\n\n\n<figure class=\"wp-block-image size-full is-style-default\"><img width=\"900\" height=\"600\" data-src=\"https:\/\/www.tourisme-valdemarne.com\/espace-pro\/wp-content\/uploads\/sites\/3\/2023\/06\/rencontres-tourisme-2023-jop-visite-chateau-grosbois.jpg\" alt=\"\" class=\"wp-image-15377\" srcset=\"https:\/\/www.tourisme-valdemarne.com\/espace-pro\/wp-content\/uploads\/sites\/3\/2023\/06\/rencontres-tourisme-2023-jop-visite-chateau-grosbois.jpg 900w, https:\/\/www.tourisme-valdemarne.com\/espace-pro\/wp-content\/uploads\/sites\/3\/2023\/06\/rencontres-tourisme-2023-jop-visite-chateau-grosbois-600x400.jpg 600w, https:\/\/www.tourisme-valdemarne.com\/espace-pro\/wp-content\/uploads\/sites\/3\/2023\/06\/rencontres-tourisme-2023-jop-visite-chateau-grosbois-380x253.jpg 380w, https:\/\/www.tourisme-valdemarne.com\/espace-pro\/wp-content\/uploads\/sites\/3\/2023\/06\/rencontres-tourisme-2023-jop-visite-chateau-grosbois-200x133.jpg 200w\" sizes=\"(max-width: 900px) 100vw, 900px\" \/><figcaption>Visite du ch\u00e2teau de Grosbois &#8211; Rencontres du tourisme 2023<\/figcaption><\/figure>\n","protected":false},"excerpt":{"rendered":"<p>Cette ann\u00e9e, Val-de-Marne Tourisme et Loisirs a propos\u00e9 des rencontres sur le th\u00e8me des Jeux Olympiques et Paralympiques de Paris 2024 et du tourisme en Val-de-Marne :\u00ab&nbsp;Comment tirer son \u00e9pingle du jeu olympique&nbsp;?&nbsp;\u00bb. Les rencontres du tourisme se sont d\u00e9roul\u00e9es le mardi 13 juin au domaine de Grosbois et ont r\u00e9unies des \u00e9lus et repr\u00e9sentants [&hellip;]<\/p>\n","protected":false},"author":16,"featured_media":14137,"parent":89,"menu_order":1,"comment_status":"closed","ping_status":"closed","template":"","meta":{"_relevanssi_hide_post":"","_relevanssi_hide_content":"","_relevanssi_pin_for_all":"","_relevanssi_pin_keywords":"","_relevanssi_unpin_keywords":"","_relevanssi_related_keywords":"","_relevanssi_related_include_ids":"","_relevanssi_related_exclude_ids":"","_relevanssi_related_no_append":"","_relevanssi_related_not_related":"","_relevanssi_related_posts":"444,8084,446,8090,8074,2749","_relevanssi_noindex_reason":"","footnotes":""},"vdmTagMarketing":[],"class_list":["post-14944","page","type-page","status-publish","has-post-thumbnail","hentry"],"acf":[],"yoast_head":"<!-- This site is optimized with the Yoast SEO plugin v23.9 - https:\/\/yoast.com\/wordpress\/plugins\/seo\/ -->\n<title>Rencontres du tourisme 2023 - Espace Pro<\/title>\n<meta name=\"description\" content=\"Les rencontres du tourisme 2023 en Val-de-Marne se tiendront au domaine de Grosbois, sur le th\u00e8me des Jeux Olympiques et Paralympiques 2024.\" \/>\n<meta name=\"robots\" content=\"index, follow, max-snippet:-1, max-image-preview:large, max-video-preview:-1\" \/>\n<link rel=\"canonical\" href=\"https:\/\/www.tourisme-valdemarne.com\/espace-pro\/qui-sommes-nous\/rencontres-du-tourisme\/rencontres-du-tourisme-2023\/\" \/>\n<meta property=\"og:locale\" content=\"fr_FR\" \/>\n<meta property=\"og:type\" content=\"article\" \/>\n<meta property=\"og:title\" content=\"Rencontres du tourisme 2023 - Espace Pro\" \/>\n<meta property=\"og:description\" content=\"Les rencontres du tourisme 2023 en Val-de-Marne se tiendront au domaine de Grosbois, sur le th\u00e8me des Jeux Olympiques et Paralympiques 2024.\" \/>\n<meta property=\"og:url\" content=\"https:\/\/www.tourisme-valdemarne.com\/espace-pro\/qui-sommes-nous\/rencontres-du-tourisme\/rencontres-du-tourisme-2023\/\" \/>\n<meta property=\"og:site_name\" content=\"Espace Pro\" \/>\n<meta property=\"article:modified_time\" content=\"2023-06-29T07:58:16+00:00\" \/>\n<meta property=\"og:image\" content=\"https:\/\/www.tourisme-valdemarne.com\/espace-pro\/wp-content\/uploads\/sites\/3\/2023\/01\/facade-chateau-grosbois-boissy-saint-leger.jpg\" \/>\n\t<meta property=\"og:image:width\" content=\"1100\" \/>\n\t<meta property=\"og:image:height\" content=\"737\" \/>\n\t<meta property=\"og:image:type\" content=\"image\/jpeg\" \/>\n<meta name=\"twitter:card\" content=\"summary_large_image\" \/>\n<meta name=\"twitter:label1\" content=\"Dur\u00e9e de lecture estim\u00e9e\" \/>\n\t<meta name=\"twitter:data1\" content=\"4 minutes\" \/>\n<script type=\"application\/ld+json\" class=\"yoast-schema-graph\">{\"@context\":\"https:\/\/schema.org\",\"@graph\":[{\"@type\":\"WebPage\",\"@id\":\"https:\/\/www.tourisme-valdemarne.com\/espace-pro\/qui-sommes-nous\/rencontres-du-tourisme\/rencontres-du-tourisme-2023\/\",\"url\":\"https:\/\/www.tourisme-valdemarne.com\/espace-pro\/qui-sommes-nous\/rencontres-du-tourisme\/rencontres-du-tourisme-2023\/\",\"name\":\"Rencontres du tourisme 2023 - Espace Pro\",\"isPartOf\":{\"@id\":\"https:\/\/www.tourisme-valdemarne.com\/espace-pro\/#website\"},\"primaryImageOfPage\":{\"@id\":\"https:\/\/www.tourisme-valdemarne.com\/espace-pro\/qui-sommes-nous\/rencontres-du-tourisme\/rencontres-du-tourisme-2023\/#primaryimage\"},\"image\":{\"@id\":\"https:\/\/www.tourisme-valdemarne.com\/espace-pro\/qui-sommes-nous\/rencontres-du-tourisme\/rencontres-du-tourisme-2023\/#primaryimage\"},\"thumbnailUrl\":\"https:\/\/www.tourisme-valdemarne.com\/espace-pro\/wp-content\/uploads\/sites\/3\/2023\/01\/facade-chateau-grosbois-boissy-saint-leger.jpg\",\"datePublished\":\"2023-05-11T08:30:27+00:00\",\"dateModified\":\"2023-06-29T07:58:16+00:00\",\"description\":\"Les rencontres du tourisme 2023 en Val-de-Marne se tiendront au domaine de Grosbois, sur le th\u00e8me des Jeux Olympiques et Paralympiques 2024.\",\"breadcrumb\":{\"@id\":\"https:\/\/www.tourisme-valdemarne.com\/espace-pro\/qui-sommes-nous\/rencontres-du-tourisme\/rencontres-du-tourisme-2023\/#breadcrumb\"},\"inLanguage\":\"fr-FR\",\"potentialAction\":[{\"@type\":\"ReadAction\",\"target\":[\"https:\/\/www.tourisme-valdemarne.com\/espace-pro\/qui-sommes-nous\/rencontres-du-tourisme\/rencontres-du-tourisme-2023\/\"]}]},{\"@type\":\"ImageObject\",\"inLanguage\":\"fr-FR\",\"@id\":\"https:\/\/www.tourisme-valdemarne.com\/espace-pro\/qui-sommes-nous\/rencontres-du-tourisme\/rencontres-du-tourisme-2023\/#primaryimage\",\"url\":\"https:\/\/www.tourisme-valdemarne.com\/espace-pro\/wp-content\/uploads\/sites\/3\/2023\/01\/facade-chateau-grosbois-boissy-saint-leger.jpg\",\"contentUrl\":\"https:\/\/www.tourisme-valdemarne.com\/espace-pro\/wp-content\/uploads\/sites\/3\/2023\/01\/facade-chateau-grosbois-boissy-saint-leger.jpg\",\"width\":1100,\"height\":737},{\"@type\":\"BreadcrumbList\",\"@id\":\"https:\/\/www.tourisme-valdemarne.com\/espace-pro\/qui-sommes-nous\/rencontres-du-tourisme\/rencontres-du-tourisme-2023\/#breadcrumb\",\"itemListElement\":[{\"@type\":\"ListItem\",\"position\":1,\"name\":\"Accueil\",\"item\":\"https:\/\/www.tourisme-valdemarne.com\/espace-pro\/\"},{\"@type\":\"ListItem\",\"position\":2,\"name\":\"Qui sommes-nous ?\",\"item\":\"https:\/\/www.tourisme-valdemarne.com\/espace-pro\/qui-sommes-nous\/\"},{\"@type\":\"ListItem\",\"position\":3,\"name\":\"Rencontres du tourisme\",\"item\":\"https:\/\/www.tourisme-valdemarne.com\/espace-pro\/qui-sommes-nous\/rencontres-du-tourisme\/\"},{\"@type\":\"ListItem\",\"position\":4,\"name\":\"Rencontres du tourisme 2023\"}]},{\"@type\":\"WebSite\",\"@id\":\"https:\/\/www.tourisme-valdemarne.com\/espace-pro\/#website\",\"url\":\"https:\/\/www.tourisme-valdemarne.com\/espace-pro\/\",\"name\":\"Espace Pro\",\"description\":\"Informations et outils pour les professionnels et la Presse\",\"potentialAction\":[{\"@type\":\"SearchAction\",\"target\":{\"@type\":\"EntryPoint\",\"urlTemplate\":\"https:\/\/www.tourisme-valdemarne.com\/espace-pro\/?s={search_term_string}\"},\"query-input\":{\"@type\":\"PropertyValueSpecification\",\"valueRequired\":true,\"valueName\":\"search_term_string\"}}],\"inLanguage\":\"fr-FR\"}]}<\/script>\n<!-- \/ Yoast SEO plugin. -->","yoast_head_json":{"title":"Rencontres du tourisme 2023 - Espace Pro","description":"Les rencontres du tourisme 2023 en Val-de-Marne se tiendront au domaine de Grosbois, sur le th\u00e8me des Jeux Olympiques et Paralympiques 2024.","robots":{"index":"index","follow":"follow","max-snippet":"max-snippet:-1","max-image-preview":"max-image-preview:large","max-video-preview":"max-video-preview:-1"},"canonical":"https:\/\/www.tourisme-valdemarne.com\/espace-pro\/qui-sommes-nous\/rencontres-du-tourisme\/rencontres-du-tourisme-2023\/","og_locale":"fr_FR","og_type":"article","og_title":"Rencontres du tourisme 2023 - Espace Pro","og_description":"Les rencontres du tourisme 2023 en Val-de-Marne se tiendront au domaine de Grosbois, sur le th\u00e8me des Jeux Olympiques et Paralympiques 2024.","og_url":"https:\/\/www.tourisme-valdemarne.com\/espace-pro\/qui-sommes-nous\/rencontres-du-tourisme\/rencontres-du-tourisme-2023\/","og_site_name":"Espace Pro","article_modified_time":"2023-06-29T07:58:16+00:00","og_image":[{"width":1100,"height":737,"url":"https:\/\/www.tourisme-valdemarne.com\/espace-pro\/wp-content\/uploads\/sites\/3\/2023\/01\/facade-chateau-grosbois-boissy-saint-leger.jpg","type":"image\/jpeg"}],"twitter_card":"summary_large_image","twitter_misc":{"Dur\u00e9e de lecture estim\u00e9e":"4 minutes"},"schema":{"@context":"https:\/\/schema.org","@graph":[{"@type":"WebPage","@id":"https:\/\/www.tourisme-valdemarne.com\/espace-pro\/qui-sommes-nous\/rencontres-du-tourisme\/rencontres-du-tourisme-2023\/","url":"https:\/\/www.tourisme-valdemarne.com\/espace-pro\/qui-sommes-nous\/rencontres-du-tourisme\/rencontres-du-tourisme-2023\/","name":"Rencontres du tourisme 2023 - Espace Pro","isPartOf":{"@id":"https:\/\/www.tourisme-valdemarne.com\/espace-pro\/#website"},"primaryImageOfPage":{"@id":"https:\/\/www.tourisme-valdemarne.com\/espace-pro\/qui-sommes-nous\/rencontres-du-tourisme\/rencontres-du-tourisme-2023\/#primaryimage"},"image":{"@id":"https:\/\/www.tourisme-valdemarne.com\/espace-pro\/qui-sommes-nous\/rencontres-du-tourisme\/rencontres-du-tourisme-2023\/#primaryimage"},"thumbnailUrl":"https:\/\/www.tourisme-valdemarne.com\/espace-pro\/wp-content\/uploads\/sites\/3\/2023\/01\/facade-chateau-grosbois-boissy-saint-leger.jpg","datePublished":"2023-05-11T08:30:27+00:00","dateModified":"2023-06-29T07:58:16+00:00","description":"Les rencontres du tourisme 2023 en Val-de-Marne se tiendront au domaine de Grosbois, sur le th\u00e8me des Jeux Olympiques et Paralympiques 2024.","breadcrumb":{"@id":"https:\/\/www.tourisme-valdemarne.com\/espace-pro\/qui-sommes-nous\/rencontres-du-tourisme\/rencontres-du-tourisme-2023\/#breadcrumb"},"inLanguage":"fr-FR","potentialAction":[{"@type":"ReadAction","target":["https:\/\/www.tourisme-valdemarne.com\/espace-pro\/qui-sommes-nous\/rencontres-du-tourisme\/rencontres-du-tourisme-2023\/"]}]},{"@type":"ImageObject","inLanguage":"fr-FR","@id":"https:\/\/www.tourisme-valdemarne.com\/espace-pro\/qui-sommes-nous\/rencontres-du-tourisme\/rencontres-du-tourisme-2023\/#primaryimage","url":"https:\/\/www.tourisme-valdemarne.com\/espace-pro\/wp-content\/uploads\/sites\/3\/2023\/01\/facade-chateau-grosbois-boissy-saint-leger.jpg","contentUrl":"https:\/\/www.tourisme-valdemarne.com\/espace-pro\/wp-content\/uploads\/sites\/3\/2023\/01\/facade-chateau-grosbois-boissy-saint-leger.jpg","width":1100,"height":737},{"@type":"BreadcrumbList","@id":"https:\/\/www.tourisme-valdemarne.com\/espace-pro\/qui-sommes-nous\/rencontres-du-tourisme\/rencontres-du-tourisme-2023\/#breadcrumb","itemListElement":[{"@type":"ListItem","position":1,"name":"Accueil","item":"https:\/\/www.tourisme-valdemarne.com\/espace-pro\/"},{"@type":"ListItem","position":2,"name":"Qui sommes-nous ?","item":"https:\/\/www.tourisme-valdemarne.com\/espace-pro\/qui-sommes-nous\/"},{"@type":"ListItem","position":3,"name":"Rencontres du tourisme","item":"https:\/\/www.tourisme-valdemarne.com\/espace-pro\/qui-sommes-nous\/rencontres-du-tourisme\/"},{"@type":"ListItem","position":4,"name":"Rencontres du tourisme 2023"}]},{"@type":"WebSite","@id":"https:\/\/www.tourisme-valdemarne.com\/espace-pro\/#website","url":"https:\/\/www.tourisme-valdemarne.com\/espace-pro\/","name":"Espace Pro","description":"Informations et outils pour les professionnels et la Presse","potentialAction":[{"@type":"SearchAction","target":{"@type":"EntryPoint","urlTemplate":"https:\/\/www.tourisme-valdemarne.com\/espace-pro\/?s={search_term_string}"},"query-input":{"@type":"PropertyValueSpecification","valueRequired":true,"valueName":"search_term_string"}}],"inLanguage":"fr-FR"}]}},"_links":{"self":[{"href":"https:\/\/www.tourisme-valdemarne.com\/espace-pro\/wp-json\/wp\/v2\/pages\/14944","targetHints":{"allow":["GET"]}}],"collection":[{"href":"https:\/\/www.tourisme-valdemarne.com\/espace-pro\/wp-json\/wp\/v2\/pages"}],"about":[{"href":"https:\/\/www.tourisme-valdemarne.com\/espace-pro\/wp-json\/wp\/v2\/types\/page"}],"author":[{"embeddable":true,"href":"https:\/\/www.tourisme-valdemarne.com\/espace-pro\/wp-json\/wp\/v2\/users\/16"}],"replies":[{"embeddable":true,"href":"https:\/\/www.tourisme-valdemarne.com\/espace-pro\/wp-json\/wp\/v2\/comments?post=14944"}],"version-history":[{"count":37,"href":"https:\/\/www.tourisme-valdemarne.com\/espace-pro\/wp-json\/wp\/v2\/pages\/14944\/revisions"}],"predecessor-version":[{"id":15378,"href":"https:\/\/www.tourisme-valdemarne.com\/espace-pro\/wp-json\/wp\/v2\/pages\/14944\/revisions\/15378"}],"up":[{"embeddable":true,"href":"https:\/\/www.tourisme-valdemarne.com\/espace-pro\/wp-json\/wp\/v2\/pages\/89"}],"wp:featuredmedia":[{"embeddable":true,"href":"https:\/\/www.tourisme-valdemarne.com\/espace-pro\/wp-json\/wp\/v2\/media\/14137"}],"wp:attachment":[{"href":"https:\/\/www.tourisme-valdemarne.com\/espace-pro\/wp-json\/wp\/v2\/media?parent=14944"}],"wp:term":[{"taxonomy":"vdmTagMarketing","embeddable":true,"href":"https:\/\/www.tourisme-valdemarne.com\/espace-pro\/wp-json\/wp\/v2\/vdmTagMarketing?post=14944"}],"curies":[{"name":"wp","href":"https:\/\/api.w.org\/{rel}","templated":true}]}}