{"id":14737,"date":"2023-04-13T16:20:02","date_gmt":"2023-04-13T14:20:02","guid":{"rendered":"https:\/\/www.tourisme-valdemarne.com\/espace-pro\/?page_id=14737"},"modified":"2024-02-20T14:55:12","modified_gmt":"2024-02-20T13:55:12","slug":"bilan-de-lactivite-touristique-en-2022","status":"publish","type":"page","link":"https:\/\/www.tourisme-valdemarne.com\/espace-pro\/observatoire-du-tourisme\/bilan-de-lactivite-touristique-en-2022\/","title":{"rendered":"Bilan de l&rsquo;activit\u00e9 touristique en 2022"},"content":{"rendered":"\n<p class=\"is-style-excerpt\">L&rsquo;ann\u00e9e 2022 marque le retour de la client\u00e8le nationale et internationale en Val-de-Marne, \u00e0 la fois dans les h\u00f4tels et sur les sites de visites.<\/p>\n\n\n\n<div class=\"wp-block-buttons is-content-justification-center is-layout-flex wp-container-core-buttons-is-layout-1 wp-block-buttons-is-layout-flex\">\n<div class=\"wp-block-button\"><a class=\"wp-block-button__link\" href=\"https:\/\/www.tourisme-valdemarne.com\/espace-pro\/wp-content\/uploads\/sites\/3\/2023\/04\/bilan-de-lannee-touristique-2022-vf-1.pdf\" target=\"_blank\" rel=\"noreferrer noopener\">Consulter le bilan complet au format PDF<\/a><\/div>\n<\/div>\n\n\n\n<br>\n\n\n\n<h2 class=\"wp-block-heading\">Synth\u00e8se du bilan 2022<\/h2>\n\n\n\n<p class=\"is-style-normal\">En 2022, le secteur du tourisme retrouve des couleurs apr\u00e8s deux ann\u00e9es plac\u00e9es sous le signe de la pand\u00e9mie. Avec la fin des restrictions de d\u00e9placement, ou encore des jauges impos\u00e9es aux lieux accueillant du public, les niveaux de fr\u00e9quentation de 2022 se rapprochent des chiffres d\u2019avant  crise.<\/p>\n\n\n\n<h3 class=\"wp-block-heading\">Le trafic a\u00e9rien<\/h3>\n\n\n\n<p class=\"is-style-normal\">Le trafic a\u00e9rien atteint un total de 86,7 millions de passagers en 2022 \u00e0 Roissy et Orly contre 108 millions en 2019 (-20%) et 41,9 millions l\u2019an pass\u00e9. Si le trafic \u00e0 Orly est en-dessous des chiffres de 2019 sur l\u2019ensemble des 7 premiers mois, il est en revanche sup\u00e9rieur \u00e0 partir du mois d\u2019ao\u00fbt.<\/p>\n\n\n\n<div class=\"infogram-embed\" data-id=\"fa0a9852-7adb-4c51-a9a5-4060ab631242\" data-type=\"interactive\" data-title=\"Untitled infographic\"><\/div><script>!function(e,i,n,s){var t=\"InfogramEmbeds\",d=e.getElementsByTagName(\"script\")[0];if(window[t]&&window[t].initialized)window[t].process&&window[t].process();else if(!e.getElementById(n)){var o=e.createElement(\"script\");o.async=1,o.id=n,o.src=\"https:\/\/e.infogram.com\/js\/dist\/embed-loader-min.js\",d.parentNode.insertBefore(o,d)}}(document,0,\"infogram-async\");<\/script><div style=\"padding:8px 0;font-family:Arial!important;font-size:13px!important;line-height:15px!important;text-align:center;border-top:1px solid #dadada;margin:0 30px\"><a href=\"https:\/\/infogram.com\/fa0a9852-7adb-4c51-a9a5-4060ab631242\" style=\"color:#989898!important;text-decoration:none!important;\" target=\"_blank\" rel=\"noopener\">Untitled infographic<\/a><br><a href=\"https:\/\/infogram.com\" style=\"color:#989898!important;text-decoration:none!important;\" target=\"_blank\" rel=\"nofollow noopener\">Infogram<\/a><\/div>\n\n\n\n<p class=\"has-text-align-center has-small-font-size\">Source : Groupe ADP<\/p>\n\n\n\n<h3 class=\"wp-block-heading\">La fr\u00e9quentation h\u00f4teli\u00e8re<\/h3>\n\n\n\n<p class=\"is-style-normal\">Le taux d\u2019occupation des h\u00f4tels s\u2019\u00e9l\u00e8ve en 2022 \u00e0 63,5%, soit une hausse consid\u00e9rable par rapport \u00e0 2021, mais un niveau inf\u00e9rieur de pr\u00e8s de 10 points aux chiffres d\u2019avant crise. Les prix de l\u2019h\u00f4tellerie ont \u00e9t\u00e9 fortement impact\u00e9s \u00e0 la hausse par une conjoncture \u00e9conomique inflationniste, avec une augmentation de 10% par rapport \u00e0 2019. <\/p>\n\n\n\n<div class=\"infogram-embed\" data-id=\"11b1c270-3623-4d46-91c9-2a8a0a07f3d6\" data-type=\"interactive\" data-title=\"Fr\u00e9quentation h\u00f4teli\u00e8re 2022\"><\/div><script>!function(e,i,n,s){var t=\"InfogramEmbeds\",d=e.getElementsByTagName(\"script\")[0];if(window[t]&&window[t].initialized)window[t].process&&window[t].process();else if(!e.getElementById(n)){var o=e.createElement(\"script\");o.async=1,o.id=n,o.src=\"https:\/\/e.infogram.com\/js\/dist\/embed-loader-min.js\",d.parentNode.insertBefore(o,d)}}(document,0,\"infogram-async\");<\/script><div style=\"padding:8px 0;font-family:Arial!important;font-size:13px!important;line-height:15px!important;text-align:center;border-top:1px solid #dadada;margin:0 30px\"><a href=\"https:\/\/infogram.com\/11b1c270-3623-4d46-91c9-2a8a0a07f3d6\" style=\"color:#989898!important;text-decoration:none!important;\" target=\"_blank\" rel=\"noopener\">Fr\u00e9quentation h\u00f4teli\u00e8re 2022<\/a><br><a href=\"https:\/\/infogram.com\" style=\"color:#989898!important;text-decoration:none!important;\" target=\"_blank\" rel=\"nofollow noopener\">Infogram<\/a><\/div>\n\n\n\n<p class=\"has-text-align-center has-small-font-size\">Source : In Extenso<\/p>\n\n\n\n<p class=\"is-style-normal\">Si les mois de janvier \u00e0 mars restent tr\u00e8s impact\u00e9s par la crise sanitaire, on retrouve les tendances habituelles sur le reste de l\u2019ann\u00e9e, avec notamment une fr\u00e9quentation plus importante en juin (79% de taux d\u2019occupation) et en octobre (77%), due \u00e0 la pr\u00e9sence de nombreuses client\u00e8les d\u2019affaires sur la destination. En 2022, le p\u00f4le h\u00f4telier de l\u2019A\u00e9roport d\u2019Orly enregistre le taux d\u2019occupation le plus \u00e9lev\u00e9, suivi par le p\u00f4le h\u00f4telier du Bois de Vincennes.<\/p>\n\n\n\n<p class=\"is-style-normal\">Les visiteurs \u00e9trangers sont de retour en 2022, totalisant 36% des nuit\u00e9es, apr\u00e8s une forte baisse de fr\u00e9quentation en 2021, o\u00f9 le d\u00e9partement n\u2019a recens\u00e9 que 16% de nuit\u00e9es internationales. <\/p>\n\n\n\n<div class=\"infogram-embed\" data-id=\"7cb92e8e-29ef-4922-a610-03600cff33a8\" data-type=\"interactive\" data-title=\"Nuit\u00e9es internationales\"><\/div><script>!function(e,i,n,s){var t=\"InfogramEmbeds\",d=e.getElementsByTagName(\"script\")[0];if(window[t]&&window[t].initialized)window[t].process&&window[t].process();else if(!e.getElementById(n)){var o=e.createElement(\"script\");o.async=1,o.id=n,o.src=\"https:\/\/e.infogram.com\/js\/dist\/embed-loader-min.js\",d.parentNode.insertBefore(o,d)}}(document,0,\"infogram-async\");<\/script><div style=\"padding:8px 0;font-family:Arial!important;font-size:13px!important;line-height:15px!important;text-align:center;border-top:1px solid #dadada;margin:0 30px\"><a href=\"https:\/\/infogram.com\/7cb92e8e-29ef-4922-a610-03600cff33a8\" style=\"color:#989898!important;text-decoration:none!important;\" target=\"_blank\" rel=\"noopener\">Nuit\u00e9es internationales<\/a><br><a href=\"https:\/\/infogram.com\" style=\"color:#989898!important;text-decoration:none!important;\" target=\"_blank\" rel=\"nofollow noopener\">Infogram<\/a><\/div>\n\n\n\n<p class=\"has-text-align-center has-small-font-size\">Source : Insee, CRT Paris \u00cele de France<\/p>\n\n\n\n<p class=\"is-style-normal\">Au total, le Val de Marne aura compt\u00e9 2,9 millions de nuit\u00e9es en 2022, pour 1,55 millions d\u2019arriv\u00e9es. Si le nombre de nuit\u00e9es reste inf\u00e9rieur aux chiffres de 2019 (3,4 millions), la dur\u00e9e de s\u00e9jour est<br>en hausse, s\u2019\u00e9levant \u00e0 1,9 nuit.<\/p>\n\n\n\n<h3 class=\"wp-block-heading\">Fr\u00e9quentations des sites et \u00e9v\u00e8nements<\/h3>\n\n\n\n<p class=\"is-style-normal\">En 2022, les sites les plus fr\u00e9quent\u00e9s sont le Ch\u00e2teau de Vincennes (115 470 visiteurs),  l\u2019Explorad\u00f4me (54 670 visiteurs), le MACVAL (40 405 visiteurs) et la <a href=\"https:\/\/www.tourisme-valdemarne.com\/espace-groupes\/visites-guidees-roseraie-val-de-marne\/\">Roseraie<\/a> (22 437 visiteurs). Les sites r\u00e9pondant \u00e0 l\u2019enqu\u00eate accueillent en moyenne 43% de Val-de-Marnais, 31% de visiteurs provenant des autres d\u00e9partements d\u2019\u00cele de France, 15% de Fran\u00e7ais hors \u00cele de France et 11% d\u2019\u00e9trangers. La part de visiteurs \u00e9trangers est surtout importante au Ch\u00e2teau de Vincennes, qui tire la moyenne vers le haut.<\/p>\n\n\n\n<div class=\"infogram-embed\" data-id=\"35242934-7a0f-43f7-9691-3c380968b5cb\" data-type=\"interactive\" data-title=\"Fr\u00e9quentation 2022 sites de visites\"><\/div><script>!function(e,i,n,s){var t=\"InfogramEmbeds\",d=e.getElementsByTagName(\"script\")[0];if(window[t]&&window[t].initialized)window[t].process&&window[t].process();else if(!e.getElementById(n)){var o=e.createElement(\"script\");o.async=1,o.id=n,o.src=\"https:\/\/e.infogram.com\/js\/dist\/embed-loader-min.js\",d.parentNode.insertBefore(o,d)}}(document,0,\"infogram-async\");<\/script><div style=\"padding:8px 0;font-family:Arial!important;font-size:13px!important;line-height:15px!important;text-align:center;border-top:1px solid #dadada;margin:0 30px\"><a href=\"https:\/\/infogram.com\/35242934-7a0f-43f7-9691-3c380968b5cb\" style=\"color:#989898!important;text-decoration:none!important;\" target=\"_blank\" rel=\"noopener\">Fr\u00e9quentation 2022 sites de visites<\/a><br><a href=\"https:\/\/infogram.com\" style=\"color:#989898!important;text-decoration:none!important;\" target=\"_blank\" rel=\"nofollow noopener\">Infogram<\/a><\/div>\n\n\n\n<p class=\"has-text-align-center has-small-font-size\">Source : Enqu\u00eate de fr\u00e9quentation des sites dans le Val-de-Marne<\/p>\n\n\n\n<p class=\"is-style-normal\">L\u2019ann\u00e9e 2022 confirme donc le retour des visiteurs fran\u00e7ais et internationaux sur la destination, ainsi que dans les h\u00f4tels et les sites de visites du Val-de-Marne.<\/p>\n\n\n\n<h2 class=\"wp-block-heading\">D\u00e9couvrez le bilan 2022<\/h2>\n\n\n\n<div class=\"wp-block-image\"><figure class=\"aligncenter size-full\"><a href=\"https:\/\/www.tourisme-valdemarne.com\/espace-pro\/wp-content\/uploads\/sites\/3\/2023\/04\/bilan-de-lannee-touristique-2022-vf-1.pdf\" target=\"_blank\" rel=\"noopener\"><img width=\"1020\" height=\"765\" data-src=\"https:\/\/www.tourisme-valdemarne.com\/espace-pro\/wp-content\/uploads\/sites\/3\/2023\/04\/visuel-bilan-de-lannee-touristique-2022-vf.jpg\" alt=\"\" class=\"wp-image-14770\" srcset=\"https:\/\/www.tourisme-valdemarne.com\/espace-pro\/wp-content\/uploads\/sites\/3\/2023\/04\/visuel-bilan-de-lannee-touristique-2022-vf.jpg 1020w, https:\/\/www.tourisme-valdemarne.com\/espace-pro\/wp-content\/uploads\/sites\/3\/2023\/04\/visuel-bilan-de-lannee-touristique-2022-vf-600x450.jpg 600w, https:\/\/www.tourisme-valdemarne.com\/espace-pro\/wp-content\/uploads\/sites\/3\/2023\/04\/visuel-bilan-de-lannee-touristique-2022-vf-900x675.jpg 900w, https:\/\/www.tourisme-valdemarne.com\/espace-pro\/wp-content\/uploads\/sites\/3\/2023\/04\/visuel-bilan-de-lannee-touristique-2022-vf-380x285.jpg 380w, https:\/\/www.tourisme-valdemarne.com\/espace-pro\/wp-content\/uploads\/sites\/3\/2023\/04\/visuel-bilan-de-lannee-touristique-2022-vf-200x150.jpg 200w\" sizes=\"(max-width: 1020px) 100vw, 1020px\" \/><\/a><\/figure><\/div>\n\n\n\n<p class=\"has-text-align-center\"><em>Cliquez sur l\u2019image ci-dessus pour consulter le bilan en ligne.<\/em><\/p>\n\n\n\n<p class=\"is-style-highlight\">D\u00e9couvrez aussi le <a href=\"https:\/\/www.tourisme-valdemarne.com\/espace-pro\/observatoire-du-tourisme\/bilan-de-lactivite-touristique-en-2021\/\" target=\"_blank\" rel=\"noreferrer noopener\">bilan de l&rsquo;ann\u00e9e derni\u00e8re<\/a>.<\/p>\n","protected":false},"excerpt":{"rendered":"<p>L&rsquo;ann\u00e9e 2022 marque le retour de la client\u00e8le nationale et internationale en Val-de-Marne, \u00e0 la fois dans les h\u00f4tels et sur les sites de visites. Synth\u00e8se du bilan 2022 En 2022, le secteur du tourisme retrouve des couleurs apr\u00e8s deux ann\u00e9es plac\u00e9es sous le signe de la pand\u00e9mie. Avec la fin des restrictions de d\u00e9placement, [&hellip;]<\/p>\n","protected":false},"author":16,"featured_media":14742,"parent":13,"menu_order":0,"comment_status":"closed","ping_status":"closed","template":"","meta":{"_relevanssi_hide_post":"","_relevanssi_hide_content":"","_relevanssi_pin_for_all":"","_relevanssi_pin_keywords":"","_relevanssi_unpin_keywords":"","_relevanssi_related_keywords":"","_relevanssi_related_include_ids":"","_relevanssi_related_exclude_ids":"","_relevanssi_related_no_append":"","_relevanssi_related_not_related":"","_relevanssi_related_posts":"8108,442,8077,8101,446,8083","_relevanssi_noindex_reason":"","footnotes":""},"vdmTagMarketing":[],"class_list":["post-14737","page","type-page","status-publish","has-post-thumbnail","hentry"],"acf":[],"yoast_head":"<!-- This site is optimized with the Yoast SEO plugin v23.9 - https:\/\/yoast.com\/wordpress\/plugins\/seo\/ -->\n<title>Bilan de l&#039;activit\u00e9 touristique en 2022 - Espace Pro<\/title>\n<meta name=\"description\" content=\"D\u00e9couvrez le bilan et toutes les statistiques de l&#039;activit\u00e9 touristique dans le d\u00e9partement du Val-de-Marne en 2022.\" \/>\n<meta name=\"robots\" content=\"index, follow, max-snippet:-1, max-image-preview:large, max-video-preview:-1\" \/>\n<link rel=\"canonical\" href=\"https:\/\/www.tourisme-valdemarne.com\/espace-pro\/observatoire-du-tourisme\/bilan-de-lactivite-touristique-en-2022\/\" \/>\n<meta property=\"og:locale\" content=\"fr_FR\" \/>\n<meta property=\"og:type\" content=\"article\" \/>\n<meta property=\"og:title\" content=\"Bilan de l&#039;activit\u00e9 touristique en 2022 - Espace Pro\" \/>\n<meta property=\"og:description\" content=\"D\u00e9couvrez le bilan et toutes les statistiques de l&#039;activit\u00e9 touristique dans le d\u00e9partement du Val-de-Marne en 2022.\" \/>\n<meta property=\"og:url\" content=\"https:\/\/www.tourisme-valdemarne.com\/espace-pro\/observatoire-du-tourisme\/bilan-de-lactivite-touristique-en-2022\/\" \/>\n<meta property=\"og:site_name\" content=\"Espace Pro\" \/>\n<meta property=\"article:modified_time\" content=\"2024-02-20T13:55:12+00:00\" \/>\n<meta property=\"og:image\" content=\"https:\/\/www.tourisme-valdemarne.com\/espace-pro\/wp-content\/uploads\/sites\/3\/2023\/04\/instameet-roseraie-copyright-cdt94-a.-bertrand-1.jpg\" \/>\n\t<meta property=\"og:image:width\" content=\"1250\" \/>\n\t<meta property=\"og:image:height\" content=\"938\" \/>\n\t<meta property=\"og:image:type\" content=\"image\/jpeg\" \/>\n<meta name=\"twitter:card\" content=\"summary_large_image\" \/>\n<meta name=\"twitter:label1\" content=\"Dur\u00e9e de lecture estim\u00e9e\" \/>\n\t<meta name=\"twitter:data1\" content=\"3 minutes\" \/>\n<script type=\"application\/ld+json\" class=\"yoast-schema-graph\">{\"@context\":\"https:\/\/schema.org\",\"@graph\":[{\"@type\":\"WebPage\",\"@id\":\"https:\/\/www.tourisme-valdemarne.com\/espace-pro\/observatoire-du-tourisme\/bilan-de-lactivite-touristique-en-2022\/\",\"url\":\"https:\/\/www.tourisme-valdemarne.com\/espace-pro\/observatoire-du-tourisme\/bilan-de-lactivite-touristique-en-2022\/\",\"name\":\"Bilan de l'activit\u00e9 touristique en 2022 - Espace Pro\",\"isPartOf\":{\"@id\":\"https:\/\/www.tourisme-valdemarne.com\/espace-pro\/#website\"},\"primaryImageOfPage\":{\"@id\":\"https:\/\/www.tourisme-valdemarne.com\/espace-pro\/observatoire-du-tourisme\/bilan-de-lactivite-touristique-en-2022\/#primaryimage\"},\"image\":{\"@id\":\"https:\/\/www.tourisme-valdemarne.com\/espace-pro\/observatoire-du-tourisme\/bilan-de-lactivite-touristique-en-2022\/#primaryimage\"},\"thumbnailUrl\":\"https:\/\/www.tourisme-valdemarne.com\/espace-pro\/wp-content\/uploads\/sites\/3\/2023\/04\/instameet-roseraie-copyright-cdt94-a.-bertrand-1.jpg\",\"datePublished\":\"2023-04-13T14:20:02+00:00\",\"dateModified\":\"2024-02-20T13:55:12+00:00\",\"description\":\"D\u00e9couvrez le bilan et toutes les statistiques de l'activit\u00e9 touristique dans le d\u00e9partement du Val-de-Marne en 2022.\",\"breadcrumb\":{\"@id\":\"https:\/\/www.tourisme-valdemarne.com\/espace-pro\/observatoire-du-tourisme\/bilan-de-lactivite-touristique-en-2022\/#breadcrumb\"},\"inLanguage\":\"fr-FR\",\"potentialAction\":[{\"@type\":\"ReadAction\",\"target\":[\"https:\/\/www.tourisme-valdemarne.com\/espace-pro\/observatoire-du-tourisme\/bilan-de-lactivite-touristique-en-2022\/\"]}]},{\"@type\":\"ImageObject\",\"inLanguage\":\"fr-FR\",\"@id\":\"https:\/\/www.tourisme-valdemarne.com\/espace-pro\/observatoire-du-tourisme\/bilan-de-lactivite-touristique-en-2022\/#primaryimage\",\"url\":\"https:\/\/www.tourisme-valdemarne.com\/espace-pro\/wp-content\/uploads\/sites\/3\/2023\/04\/instameet-roseraie-copyright-cdt94-a.-bertrand-1.jpg\",\"contentUrl\":\"https:\/\/www.tourisme-valdemarne.com\/espace-pro\/wp-content\/uploads\/sites\/3\/2023\/04\/instameet-roseraie-copyright-cdt94-a.-bertrand-1.jpg\",\"width\":1250,\"height\":938,\"caption\":\"Instameet \u00e0 la Roseraie du Val-de-Marne \u00a9 CDT94 Alexis Bertrand\"},{\"@type\":\"BreadcrumbList\",\"@id\":\"https:\/\/www.tourisme-valdemarne.com\/espace-pro\/observatoire-du-tourisme\/bilan-de-lactivite-touristique-en-2022\/#breadcrumb\",\"itemListElement\":[{\"@type\":\"ListItem\",\"position\":1,\"name\":\"Accueil\",\"item\":\"https:\/\/www.tourisme-valdemarne.com\/espace-pro\/\"},{\"@type\":\"ListItem\",\"position\":2,\"name\":\"Observatoire du tourisme\",\"item\":\"https:\/\/www.tourisme-valdemarne.com\/espace-pro\/observatoire-du-tourisme\/\"},{\"@type\":\"ListItem\",\"position\":3,\"name\":\"Bilan de l&rsquo;activit\u00e9 touristique en 2022\"}]},{\"@type\":\"WebSite\",\"@id\":\"https:\/\/www.tourisme-valdemarne.com\/espace-pro\/#website\",\"url\":\"https:\/\/www.tourisme-valdemarne.com\/espace-pro\/\",\"name\":\"Espace Pro\",\"description\":\"Informations et outils pour les professionnels et la Presse\",\"potentialAction\":[{\"@type\":\"SearchAction\",\"target\":{\"@type\":\"EntryPoint\",\"urlTemplate\":\"https:\/\/www.tourisme-valdemarne.com\/espace-pro\/?s={search_term_string}\"},\"query-input\":{\"@type\":\"PropertyValueSpecification\",\"valueRequired\":true,\"valueName\":\"search_term_string\"}}],\"inLanguage\":\"fr-FR\"}]}<\/script>\n<!-- \/ Yoast SEO plugin. -->","yoast_head_json":{"title":"Bilan de l'activit\u00e9 touristique en 2022 - Espace Pro","description":"D\u00e9couvrez le bilan et toutes les statistiques de l'activit\u00e9 touristique dans le d\u00e9partement du Val-de-Marne en 2022.","robots":{"index":"index","follow":"follow","max-snippet":"max-snippet:-1","max-image-preview":"max-image-preview:large","max-video-preview":"max-video-preview:-1"},"canonical":"https:\/\/www.tourisme-valdemarne.com\/espace-pro\/observatoire-du-tourisme\/bilan-de-lactivite-touristique-en-2022\/","og_locale":"fr_FR","og_type":"article","og_title":"Bilan de l'activit\u00e9 touristique en 2022 - Espace Pro","og_description":"D\u00e9couvrez le bilan et toutes les statistiques de l'activit\u00e9 touristique dans le d\u00e9partement du Val-de-Marne en 2022.","og_url":"https:\/\/www.tourisme-valdemarne.com\/espace-pro\/observatoire-du-tourisme\/bilan-de-lactivite-touristique-en-2022\/","og_site_name":"Espace Pro","article_modified_time":"2024-02-20T13:55:12+00:00","og_image":[{"width":1250,"height":938,"url":"https:\/\/www.tourisme-valdemarne.com\/espace-pro\/wp-content\/uploads\/sites\/3\/2023\/04\/instameet-roseraie-copyright-cdt94-a.-bertrand-1.jpg","type":"image\/jpeg"}],"twitter_card":"summary_large_image","twitter_misc":{"Dur\u00e9e de lecture estim\u00e9e":"3 minutes"},"schema":{"@context":"https:\/\/schema.org","@graph":[{"@type":"WebPage","@id":"https:\/\/www.tourisme-valdemarne.com\/espace-pro\/observatoire-du-tourisme\/bilan-de-lactivite-touristique-en-2022\/","url":"https:\/\/www.tourisme-valdemarne.com\/espace-pro\/observatoire-du-tourisme\/bilan-de-lactivite-touristique-en-2022\/","name":"Bilan de l'activit\u00e9 touristique en 2022 - Espace Pro","isPartOf":{"@id":"https:\/\/www.tourisme-valdemarne.com\/espace-pro\/#website"},"primaryImageOfPage":{"@id":"https:\/\/www.tourisme-valdemarne.com\/espace-pro\/observatoire-du-tourisme\/bilan-de-lactivite-touristique-en-2022\/#primaryimage"},"image":{"@id":"https:\/\/www.tourisme-valdemarne.com\/espace-pro\/observatoire-du-tourisme\/bilan-de-lactivite-touristique-en-2022\/#primaryimage"},"thumbnailUrl":"https:\/\/www.tourisme-valdemarne.com\/espace-pro\/wp-content\/uploads\/sites\/3\/2023\/04\/instameet-roseraie-copyright-cdt94-a.-bertrand-1.jpg","datePublished":"2023-04-13T14:20:02+00:00","dateModified":"2024-02-20T13:55:12+00:00","description":"D\u00e9couvrez le bilan et toutes les statistiques de l'activit\u00e9 touristique dans le d\u00e9partement du Val-de-Marne en 2022.","breadcrumb":{"@id":"https:\/\/www.tourisme-valdemarne.com\/espace-pro\/observatoire-du-tourisme\/bilan-de-lactivite-touristique-en-2022\/#breadcrumb"},"inLanguage":"fr-FR","potentialAction":[{"@type":"ReadAction","target":["https:\/\/www.tourisme-valdemarne.com\/espace-pro\/observatoire-du-tourisme\/bilan-de-lactivite-touristique-en-2022\/"]}]},{"@type":"ImageObject","inLanguage":"fr-FR","@id":"https:\/\/www.tourisme-valdemarne.com\/espace-pro\/observatoire-du-tourisme\/bilan-de-lactivite-touristique-en-2022\/#primaryimage","url":"https:\/\/www.tourisme-valdemarne.com\/espace-pro\/wp-content\/uploads\/sites\/3\/2023\/04\/instameet-roseraie-copyright-cdt94-a.-bertrand-1.jpg","contentUrl":"https:\/\/www.tourisme-valdemarne.com\/espace-pro\/wp-content\/uploads\/sites\/3\/2023\/04\/instameet-roseraie-copyright-cdt94-a.-bertrand-1.jpg","width":1250,"height":938,"caption":"Instameet \u00e0 la Roseraie du Val-de-Marne \u00a9 CDT94 Alexis Bertrand"},{"@type":"BreadcrumbList","@id":"https:\/\/www.tourisme-valdemarne.com\/espace-pro\/observatoire-du-tourisme\/bilan-de-lactivite-touristique-en-2022\/#breadcrumb","itemListElement":[{"@type":"ListItem","position":1,"name":"Accueil","item":"https:\/\/www.tourisme-valdemarne.com\/espace-pro\/"},{"@type":"ListItem","position":2,"name":"Observatoire du tourisme","item":"https:\/\/www.tourisme-valdemarne.com\/espace-pro\/observatoire-du-tourisme\/"},{"@type":"ListItem","position":3,"name":"Bilan de l&rsquo;activit\u00e9 touristique en 2022"}]},{"@type":"WebSite","@id":"https:\/\/www.tourisme-valdemarne.com\/espace-pro\/#website","url":"https:\/\/www.tourisme-valdemarne.com\/espace-pro\/","name":"Espace Pro","description":"Informations et outils pour les professionnels et la Presse","potentialAction":[{"@type":"SearchAction","target":{"@type":"EntryPoint","urlTemplate":"https:\/\/www.tourisme-valdemarne.com\/espace-pro\/?s={search_term_string}"},"query-input":{"@type":"PropertyValueSpecification","valueRequired":true,"valueName":"search_term_string"}}],"inLanguage":"fr-FR"}]}},"_links":{"self":[{"href":"https:\/\/www.tourisme-valdemarne.com\/espace-pro\/wp-json\/wp\/v2\/pages\/14737","targetHints":{"allow":["GET"]}}],"collection":[{"href":"https:\/\/www.tourisme-valdemarne.com\/espace-pro\/wp-json\/wp\/v2\/pages"}],"about":[{"href":"https:\/\/www.tourisme-valdemarne.com\/espace-pro\/wp-json\/wp\/v2\/types\/page"}],"author":[{"embeddable":true,"href":"https:\/\/www.tourisme-valdemarne.com\/espace-pro\/wp-json\/wp\/v2\/users\/16"}],"replies":[{"embeddable":true,"href":"https:\/\/www.tourisme-valdemarne.com\/espace-pro\/wp-json\/wp\/v2\/comments?post=14737"}],"version-history":[{"count":12,"href":"https:\/\/www.tourisme-valdemarne.com\/espace-pro\/wp-json\/wp\/v2\/pages\/14737\/revisions"}],"predecessor-version":[{"id":26394,"href":"https:\/\/www.tourisme-valdemarne.com\/espace-pro\/wp-json\/wp\/v2\/pages\/14737\/revisions\/26394"}],"up":[{"embeddable":true,"href":"https:\/\/www.tourisme-valdemarne.com\/espace-pro\/wp-json\/wp\/v2\/pages\/13"}],"wp:featuredmedia":[{"embeddable":true,"href":"https:\/\/www.tourisme-valdemarne.com\/espace-pro\/wp-json\/wp\/v2\/media\/14742"}],"wp:attachment":[{"href":"https:\/\/www.tourisme-valdemarne.com\/espace-pro\/wp-json\/wp\/v2\/media?parent=14737"}],"wp:term":[{"taxonomy":"vdmTagMarketing","embeddable":true,"href":"https:\/\/www.tourisme-valdemarne.com\/espace-pro\/wp-json\/wp\/v2\/vdmTagMarketing?post=14737"}],"curies":[{"name":"wp","href":"https:\/\/api.w.org\/{rel}","templated":true}]}}