{"id":14725,"date":"2023-04-12T11:09:37","date_gmt":"2023-04-12T09:09:37","guid":{"rendered":"https:\/\/www.tourisme-valdemarne.com\/espace-pro\/?page_id=14725"},"modified":"2023-11-14T10:13:59","modified_gmt":"2023-11-14T09:13:59","slug":"tourisme-dun-projet-europeen-a-un-developpement-touristique-des-bords-de-marne","status":"publish","type":"page","link":"https:\/\/www.tourisme-valdemarne.com\/espace-pro\/presse\/actualites-et-communiques-de-presse\/tourisme-dun-projet-europeen-a-un-developpement-touristique-des-bords-de-marne\/","title":{"rendered":"Tourisme\u00a0: d\u2019un projet europ\u00e9en \u00e0 un d\u00e9veloppement touristique des bords de Marne"},"content":{"rendered":"\n<p class=\"is-style-excerpt\" style=\"text-transform:uppercase\">Communiqu\u00e9 de presse<\/p>\n\n\n\n<p><strong>Au terme de 5 ans de coop\u00e9ration, le projet STAR Cities, pilot\u00e9 par Val-de-Marne Tourisme &amp; Loisirs, a permis aux partenaires engag\u00e9s d\u2019am\u00e9liorer leur strat\u00e9gie en mati\u00e8re de valorisation du patrimoine et de d\u00e9veloppement du tourisme fluvial. En Ile-de-France, des actions concr\u00e8tes ont \u00e9t\u00e9 mises en place sur les bords de Marne \u00e0 travers la cr\u00e9ation du collectif Cap sur la Marne.<\/strong><\/p>\n\n\n\n<div class=\"wp-block-image\"><figure class=\"aligncenter size-large is-resized\"><img data-src=\"https:\/\/www.tourisme-valdemarne.com\/espace-pro\/wp-content\/uploads\/sites\/3\/2021\/02\/star_cities_eu_flag-1200x857.jpg\" alt=\"Projet STAR Cities du programme Interreg Europe\" class=\"wp-image-8920\" width=\"300\" height=\"214\" srcset=\"https:\/\/www.tourisme-valdemarne.com\/espace-pro\/wp-content\/uploads\/sites\/3\/2021\/02\/star_cities_eu_flag-1200x857.jpg 1200w, https:\/\/www.tourisme-valdemarne.com\/espace-pro\/wp-content\/uploads\/sites\/3\/2021\/02\/star_cities_eu_flag-600x429.jpg 600w, https:\/\/www.tourisme-valdemarne.com\/espace-pro\/wp-content\/uploads\/sites\/3\/2021\/02\/star_cities_eu_flag-900x643.jpg 900w, https:\/\/www.tourisme-valdemarne.com\/espace-pro\/wp-content\/uploads\/sites\/3\/2021\/02\/star_cities_eu_flag-1536x1097.jpg 1536w, https:\/\/www.tourisme-valdemarne.com\/espace-pro\/wp-content\/uploads\/sites\/3\/2021\/02\/star_cities_eu_flag-380x271.jpg 380w, https:\/\/www.tourisme-valdemarne.com\/espace-pro\/wp-content\/uploads\/sites\/3\/2021\/02\/star_cities_eu_flag-200x143.jpg 200w, https:\/\/www.tourisme-valdemarne.com\/espace-pro\/wp-content\/uploads\/sites\/3\/2021\/02\/star_cities_eu_flag.jpg 1653w\" sizes=\"(max-width: 300px) 100vw, 300px\" \/><figcaption>Logo du projet STAR Cities<\/figcaption><\/figure><\/div>\n\n\n\n<h2 class=\"wp-block-heading\">Le projet STAR Cities&nbsp;: 5 ans de coop\u00e9ration europ\u00e9enne<\/h2>\n\n\n\n<p>Depuis 2018, Val-de-Marne Tourisme &amp; Loisirs est engag\u00e9 aux c\u00f4t\u00e9s de la ville d\u2019Hambourg (Allemagne), la ville de Kaunas (Lituanie), la municipalit\u00e9 de Rome IX (Italie), la R\u00e9gion Latium (Italie), l\u2019agence de d\u00e9veloppement de la r\u00e9gion urbaine de Ljubljana (Slov\u00e9nie) et le r\u00e9seau NECSTouR dans un programme d\u2019\u00e9changes d\u2019exp\u00e9riences pour le <strong>d\u00e9veloppement d\u2019un tourisme fluvial respectueux de l\u2019environnement, permettant de valoriser les territoires et leur patrimoine culturel et naturel<\/strong>.<\/p>\n\n\n\n<p>Le r\u00e9sultat des trois premi\u00e8res ann\u00e9es d\u2019\u00e9changes (s\u00e9minaires, visites de terrain, \u00e9tat des lieux\u2026) a \u00e9t\u00e9 la <strong>parution d\u2019un \u00ab guide des bonnes pratiques STAR Cities \u00bb<\/strong>.<\/p>\n\n\n\n<p>Ce document pr\u00e9sente les principaux r\u00e9sultats du programme d\u2019\u00e9changes d\u2019exp\u00e9riences du projet et une s\u00e9lection de <strong>24 recommandations pour le d\u00e9veloppement du tourisme fluvial<\/strong>. Chaque partenaire a ensuite \u00e9labor\u00e9 un plan d\u2019actions r\u00e9gional visant \u00e0 am\u00e9liorer la mise en \u0153uvre de la politique publique choisie.<\/p>\n\n\n\n<p>Durant la seconde phase de ce projet, Val-de-Marne Tourisme &amp; Loisirs a ainsi mis en \u0153uvre <strong>un plan d\u2019actions sur le territoire des bords de Marne<\/strong>, en associant l\u2019ensemble des acteurs locaux (collectivit\u00e9s, sites de visite et de loisirs, institutions, associations historiques, culturelles, sportives ou environnementales, entreprises, etc.).<\/p>\n\n\n\n<h3 class=\"wp-block-heading\"><strong>STAR Cities <\/strong>(Sustainable Tourism for Attractivity of Riverside Cities),<strong> c\u2019est :<\/strong><\/h3>\n\n\n\n<ul class=\"wp-block-list\"><li>Un projet de coop\u00e9ration europ\u00e9enne dans le cadre du programme Interreg Europe<\/li><li>7 partenaires repr\u00e9sentant 5 territoires europ\u00e9ens<\/li><li>Un objectif commun : une meilleure prise en compte des fleuves et rivi\u00e8res dans la mise en \u0153uvre des strat\u00e9gies de valorisation du patrimoine culturel et naturel, et de d\u00e9veloppement touristique.<\/li><li>Un budget total de 1 778 000\u20ac, dont 995 000\u20ac de financement FEDER<\/li><li>Un projet sur 5 ans (1er juin 2018 au 31 mai 2023) en 2 phases : un programme d\u2019\u00e9changes de bonnes pratiques (2018-2021)&nbsp;; la mise en \u0153uvre de plans d\u2019actions r\u00e9gionaux (2021-2023)<\/li><\/ul>\n\n\n\n<h2 class=\"wp-block-heading\">Cap sur la Marne&nbsp;: d\u00e9clinaisons locales sur les bords de Marne<\/h2>\n\n\n\n<p>Le lancement du <strong>collectif Cap sur la Marne<\/strong> en 2020 vient concr\u00e9tiser ces ann\u00e9es de collaboration entre les partenaires.<\/p>\n\n\n\n<div class=\"wp-block-image\"><figure class=\"aligncenter size-full is-resized\"><img data-src=\"https:\/\/www.tourisme-valdemarne.com\/espace-pro\/wp-content\/uploads\/sites\/3\/2021\/05\/cap-sur-la-marne-logo.jpg\" alt=\"Logo Cap sur la Marne\" class=\"wp-image-9372\" width=\"273\" height=\"194\" srcset=\"https:\/\/www.tourisme-valdemarne.com\/espace-pro\/wp-content\/uploads\/sites\/3\/2021\/05\/cap-sur-la-marne-logo.jpg 1093w, https:\/\/www.tourisme-valdemarne.com\/espace-pro\/wp-content\/uploads\/sites\/3\/2021\/05\/cap-sur-la-marne-logo-600x425.jpg 600w, https:\/\/www.tourisme-valdemarne.com\/espace-pro\/wp-content\/uploads\/sites\/3\/2021\/05\/cap-sur-la-marne-logo-900x638.jpg 900w, https:\/\/www.tourisme-valdemarne.com\/espace-pro\/wp-content\/uploads\/sites\/3\/2021\/05\/cap-sur-la-marne-logo-380x269.jpg 380w, https:\/\/www.tourisme-valdemarne.com\/espace-pro\/wp-content\/uploads\/sites\/3\/2021\/05\/cap-sur-la-marne-logo-200x142.jpg 200w\" sizes=\"(max-width: 273px) 100vw, 273px\" \/><figcaption>Logo du collectif Cap sur la Marne<\/figcaption><\/figure><\/div>\n\n\n\n<p>Le collectif regroupe Val-de-Marne Tourisme &amp; Loisirs, Seine-Saint-Denis Tourisme, l\u2019office de tourisme de Marne &amp; Gondoire et l\u2019office de tourisme Paris &#8211; Vall\u00e9e de la Marne qui travaillent d\u00e9sormais de concert pour <strong>d\u00e9velopper, valoriser et promouvoir l\u2019offre touristique des bords de Marne.<\/strong><\/p>\n\n\n\n<p><strong>Le p\u00e9rim\u00e8tre du projet sur les bords de Marne&nbsp;s\u2019\u00e9tend de Charenton-le-Pont \u00e0 Chalifert <\/strong>et regroupe 3 d\u00e9partements<strong>, <\/strong>3 \u00e9tablissements publics territoriaux (EPT) et 2 communaut\u00e9s d\u2019agglom\u00e9ration,30 communes ainsi que 140 organismes associ\u00e9s : offices de tourisme, institutions publiques, mus\u00e9es, entreprises, associations et f\u00e9d\u00e9rations sportives, etc<strong>.<\/strong><\/p>\n\n\n\n<p>Un programme d\u2019actions communes&nbsp;a \u00e9t\u00e9 mis en place depuis 3 ans, comprenant notamment :<\/p>\n\n\n\n<ul class=\"wp-block-list\"><li><strong>L\u2019organisation d\u2019\u00e9v\u00e8nements valorisant les bords de Marne<\/strong> avec notamment la premi\u00e8re \u00e9dition de <strong>\u00ab&nbsp;La Grande Aventure&nbsp;\u00bb<\/strong> en juin 2022 qui proposait des parcours \u00e0 pied, \u00e0 v\u00e9lo et en cano\u00eb-kayak sur 2 jours (\u00e9v\u00e8nement inspir\u00e9 du Tibertour, une descente du Tibre de l\u2019Ombrie \u00e0 Rome et \u00e0 la mer). Cet \u00e9v\u00e8nement a r\u00e9uni plus de 700 participants et a \u00e9t\u00e9 financ\u00e9 par l\u2019Europe en tant qu\u2019action pilote.<\/li><li><strong>Le d\u00e9veloppement d\u2019un programme de croisi\u00e8res fluviales th\u00e9matiques sur la Marne<\/strong><\/li><li><strong>L\u2019accompagnement des clubs nautiques pour la mise en place d\u2019activit\u00e9s touristiques<\/strong>, avec l\u2019association Nautisme en Ile-de-France<\/li><li><strong>La mise en place d\u2019une commercialisation crois\u00e9e des activit\u00e9s, balades et croisi\u00e8res ainsi que d\u2019une communication commune<\/strong> avec notamment la cr\u00e9ation du site <a href=\"http:\/\/www.capsurlamarne.fr\"><strong>capsurlamarne.fr<\/strong><\/a>&nbsp;&nbsp;<\/li><\/ul>\n\n\n\n<p>Ces derni\u00e8res actions ont, quant \u00e0 elles, \u00e9t\u00e9 soutenues par la R\u00e9gion Ile-de-France et le SIAAP.<\/p>\n\n\n\n<h2 class=\"wp-block-heading\">Les grands \u00e9v\u00e8nements Cap sur la Marne en 2023&nbsp;et 2024<\/h2>\n\n\n\n<p>Le collectif Cap sur la Marne poursuit ses actions pour animer les bords de Marne avec de grands rendez-vous&nbsp;:<\/p>\n\n\n\n<p><strong>Printemps 2023&nbsp;: Parution d\u2019une carte touristique des bords de Marne <\/strong>pr\u00e9sentant les points d\u2019int\u00e9r\u00eat tout le long de la rivi\u00e8re entre Charenton-le-Pont et Chalifert&nbsp;: patrimoines naturels et historiques, mus\u00e9es, ports, activit\u00e9s de loisirs, etc.<\/p>\n\n\n\n<p><strong>De mai \u00e0 octobre 2023 et 2024&nbsp;: Des croisi\u00e8res fluviales comment\u00e9es <\/strong>pour partir \u00e0 la d\u00e9couverte des paysages, du patrimoine, des \u00eeles de la Marne, de l\u2019architecture ou encore de la batellerie. Des croisi\u00e8res gourmandes ou encore cont\u00e9es sont \u00e9galement au programme.<strong> <\/strong>D\u00e9parts d\u2019Alfortville, Joinville-le-Pont, Nogent-sur-Marne, Neuilly-Plaisance, Neuilly-sur-Marne et Lagny-sur-Marne.<\/p>\n\n\n\n<p><strong>Dimanche 4 juin 2023&nbsp;: Grande marche culturelle<\/strong> pour d\u00e9couvrir les bords de Marne, son architecture, son histoire et son patrimoine naturel. Sur une journ\u00e9e, cette balade gratuite d\u2019environ 15 km reliera Champigny-sur-Marne en Val-de-Marne \u00e0 Rosny-sous-Bois en Seine-Saint-Denis. Cette marche conviviale sera encadr\u00e9e par la FFRandonn\u00e9e.<\/p>\n\n\n\n<p><strong>Saison estivale 2023 et 2024&nbsp;: Programme d\u2019activit\u00e9s nautiques sur la Marne <\/strong>avec desbalades comment\u00e9es en cano\u00eb-kayak ou encore en stand-up-paddle, sur de nombreux sites comme \u00e0 Nogent-sur-Marne, \u00e0 Saint-Maur-des-Foss\u00e9s autour des \u00eeles de la Marne, \u00e0 Bry-sur-Marne au sein du plus vieux club de cano\u00eb-kayak de France, ou encore \u00e0 Chelles, Torcy et Lagny-sur-Marne pour une descente de la Marne.<\/p>\n\n\n\n<p><strong>Automne 2023&nbsp;: Grande marche culturelle sur les bords de Marne en Seine-et-Marne <\/strong>(programme en cours).<\/p>\n\n\n\n<p><strong>Juin 2024&nbsp;: 2<sup>\u00e8me<\/sup> \u00e9dition de la Grande Aventure <\/strong>sur deux joursavec des parcours \u00e0 pied, \u00e0 v\u00e9lo et en cano\u00eb-kayak, ponctu\u00e9s de visites \u00e0 la d\u00e9couverte du patrimoine culturel et naturel (programme \u00e0 venir).<\/p>\n\n\n\n<p><strong>Toutes les informations sur la programmation estivale sur <a href=\"https:\/\/capsurlamarne.fr\" target=\"_blank\" rel=\"noreferrer noopener\">capsurlamarne.fr<\/a>&nbsp;<\/strong><\/p>\n\n\n\n<div class=\"wp-block-buttons is-content-justification-center is-layout-flex wp-container-core-buttons-is-layout-1 wp-block-buttons-is-layout-flex\">\n<div class=\"wp-block-button\"><a class=\"wp-block-button__link\" href=\"https:\/\/www.tourisme-valdemarne.com\/espace-pro\/wp-content\/uploads\/sites\/3\/2023\/04\/cp-conference-finale-star-cities-2023-1.pdf\">LIre le communiqu\u00e9 de presse<\/a><\/div>\n<\/div>\n","protected":false},"excerpt":{"rendered":"<p>Communiqu\u00e9 de presse Au terme de 5 ans de coop\u00e9ration, le projet STAR Cities, pilot\u00e9 par Val-de-Marne Tourisme &amp; Loisirs, a permis aux partenaires engag\u00e9s d\u2019am\u00e9liorer leur strat\u00e9gie en mati\u00e8re de valorisation du patrimoine et de d\u00e9veloppement du tourisme fluvial. En Ile-de-France, des actions concr\u00e8tes ont \u00e9t\u00e9 mises en place sur les bords de Marne [&hellip;]<\/p>\n","protected":false},"author":16,"featured_media":14729,"parent":179,"menu_order":10,"comment_status":"closed","ping_status":"closed","template":"","meta":{"_relevanssi_hide_post":"","_relevanssi_hide_content":"","_relevanssi_pin_for_all":"","_relevanssi_pin_keywords":"","_relevanssi_unpin_keywords":"","_relevanssi_related_keywords":"","_relevanssi_related_include_ids":"","_relevanssi_related_exclude_ids":"","_relevanssi_related_no_append":"","_relevanssi_related_not_related":"","_relevanssi_related_posts":"442,8083,8090,2751,2747,8074","_relevanssi_noindex_reason":"","footnotes":""},"vdmTagMarketing":[],"class_list":["post-14725","page","type-page","status-publish","has-post-thumbnail","hentry"],"acf":[],"yoast_head":"<!-- This site is optimized with the Yoast SEO plugin v23.9 - https:\/\/yoast.com\/wordpress\/plugins\/seo\/ -->\n<title>Tourisme\u00a0: d\u2019un projet europ\u00e9en \u00e0 un d\u00e9veloppement touristique des bords de Marne - Espace Pro<\/title>\n<meta name=\"description\" content=\"Le projet STAR Cities, pilot\u00e9 par Val-de-Marne Tourisme &amp; Loisirs, a pour but de valoriser le tourisme sur la Marne.\" \/>\n<meta name=\"robots\" content=\"index, follow, max-snippet:-1, max-image-preview:large, max-video-preview:-1\" \/>\n<link rel=\"canonical\" href=\"https:\/\/www.tourisme-valdemarne.com\/espace-pro\/presse\/actualites-et-communiques-de-presse\/tourisme-dun-projet-europeen-a-un-developpement-touristique-des-bords-de-marne\/\" \/>\n<meta property=\"og:locale\" content=\"fr_FR\" \/>\n<meta property=\"og:type\" content=\"article\" \/>\n<meta property=\"og:title\" content=\"Tourisme\u00a0: d\u2019un projet europ\u00e9en \u00e0 un d\u00e9veloppement touristique des bords de Marne - Espace Pro\" \/>\n<meta property=\"og:description\" content=\"Le projet STAR Cities, pilot\u00e9 par Val-de-Marne Tourisme &amp; Loisirs, a pour but de valoriser le tourisme sur la Marne.\" \/>\n<meta property=\"og:url\" content=\"https:\/\/www.tourisme-valdemarne.com\/espace-pro\/presse\/actualites-et-communiques-de-presse\/tourisme-dun-projet-europeen-a-un-developpement-touristique-des-bords-de-marne\/\" \/>\n<meta property=\"og:site_name\" content=\"Espace Pro\" \/>\n<meta property=\"article:modified_time\" content=\"2023-11-14T09:13:59+00:00\" \/>\n<meta property=\"og:image\" content=\"https:\/\/www.tourisme-valdemarne.com\/espace-pro\/wp-content\/uploads\/sites\/3\/2023\/04\/conference-finale-star-cities-2023-cdt94-l.fichepoil.jpg\" \/>\n\t<meta property=\"og:image:width\" content=\"800\" \/>\n\t<meta property=\"og:image:height\" content=\"600\" \/>\n\t<meta property=\"og:image:type\" content=\"image\/jpeg\" \/>\n<meta name=\"twitter:card\" content=\"summary_large_image\" \/>\n<meta name=\"twitter:label1\" content=\"Dur\u00e9e de lecture estim\u00e9e\" \/>\n\t<meta name=\"twitter:data1\" content=\"6 minutes\" \/>\n<script type=\"application\/ld+json\" class=\"yoast-schema-graph\">{\"@context\":\"https:\/\/schema.org\",\"@graph\":[{\"@type\":\"WebPage\",\"@id\":\"https:\/\/www.tourisme-valdemarne.com\/espace-pro\/presse\/actualites-et-communiques-de-presse\/tourisme-dun-projet-europeen-a-un-developpement-touristique-des-bords-de-marne\/\",\"url\":\"https:\/\/www.tourisme-valdemarne.com\/espace-pro\/presse\/actualites-et-communiques-de-presse\/tourisme-dun-projet-europeen-a-un-developpement-touristique-des-bords-de-marne\/\",\"name\":\"Tourisme\u00a0: d\u2019un projet europ\u00e9en \u00e0 un d\u00e9veloppement touristique des bords de Marne - Espace Pro\",\"isPartOf\":{\"@id\":\"https:\/\/www.tourisme-valdemarne.com\/espace-pro\/#website\"},\"primaryImageOfPage\":{\"@id\":\"https:\/\/www.tourisme-valdemarne.com\/espace-pro\/presse\/actualites-et-communiques-de-presse\/tourisme-dun-projet-europeen-a-un-developpement-touristique-des-bords-de-marne\/#primaryimage\"},\"image\":{\"@id\":\"https:\/\/www.tourisme-valdemarne.com\/espace-pro\/presse\/actualites-et-communiques-de-presse\/tourisme-dun-projet-europeen-a-un-developpement-touristique-des-bords-de-marne\/#primaryimage\"},\"thumbnailUrl\":\"https:\/\/www.tourisme-valdemarne.com\/espace-pro\/wp-content\/uploads\/sites\/3\/2023\/04\/conference-finale-star-cities-2023-cdt94-l.fichepoil.jpg\",\"datePublished\":\"2023-04-12T09:09:37+00:00\",\"dateModified\":\"2023-11-14T09:13:59+00:00\",\"description\":\"Le projet STAR Cities, pilot\u00e9 par Val-de-Marne Tourisme & Loisirs, a pour but de valoriser le tourisme sur la Marne.\",\"breadcrumb\":{\"@id\":\"https:\/\/www.tourisme-valdemarne.com\/espace-pro\/presse\/actualites-et-communiques-de-presse\/tourisme-dun-projet-europeen-a-un-developpement-touristique-des-bords-de-marne\/#breadcrumb\"},\"inLanguage\":\"fr-FR\",\"potentialAction\":[{\"@type\":\"ReadAction\",\"target\":[\"https:\/\/www.tourisme-valdemarne.com\/espace-pro\/presse\/actualites-et-communiques-de-presse\/tourisme-dun-projet-europeen-a-un-developpement-touristique-des-bords-de-marne\/\"]}]},{\"@type\":\"ImageObject\",\"inLanguage\":\"fr-FR\",\"@id\":\"https:\/\/www.tourisme-valdemarne.com\/espace-pro\/presse\/actualites-et-communiques-de-presse\/tourisme-dun-projet-europeen-a-un-developpement-touristique-des-bords-de-marne\/#primaryimage\",\"url\":\"https:\/\/www.tourisme-valdemarne.com\/espace-pro\/wp-content\/uploads\/sites\/3\/2023\/04\/conference-finale-star-cities-2023-cdt94-l.fichepoil.jpg\",\"contentUrl\":\"https:\/\/www.tourisme-valdemarne.com\/espace-pro\/wp-content\/uploads\/sites\/3\/2023\/04\/conference-finale-star-cities-2023-cdt94-l.fichepoil.jpg\",\"width\":800,\"height\":600,\"caption\":\"Conference finale star cities\"},{\"@type\":\"BreadcrumbList\",\"@id\":\"https:\/\/www.tourisme-valdemarne.com\/espace-pro\/presse\/actualites-et-communiques-de-presse\/tourisme-dun-projet-europeen-a-un-developpement-touristique-des-bords-de-marne\/#breadcrumb\",\"itemListElement\":[{\"@type\":\"ListItem\",\"position\":1,\"name\":\"Accueil\",\"item\":\"https:\/\/www.tourisme-valdemarne.com\/espace-pro\/\"},{\"@type\":\"ListItem\",\"position\":2,\"name\":\"Presse\",\"item\":\"https:\/\/www.tourisme-valdemarne.com\/espace-pro\/presse\/\"},{\"@type\":\"ListItem\",\"position\":3,\"name\":\"Actualit\u00e9s et communiqu\u00e9s de presse\",\"item\":\"https:\/\/www.tourisme-valdemarne.com\/espace-pro\/presse\/actualites-et-communiques-de-presse\/\"},{\"@type\":\"ListItem\",\"position\":4,\"name\":\"Tourisme\u00a0: d\u2019un projet europ\u00e9en \u00e0 un d\u00e9veloppement touristique des bords de Marne\"}]},{\"@type\":\"WebSite\",\"@id\":\"https:\/\/www.tourisme-valdemarne.com\/espace-pro\/#website\",\"url\":\"https:\/\/www.tourisme-valdemarne.com\/espace-pro\/\",\"name\":\"Espace Pro\",\"description\":\"Informations et outils pour les professionnels et la Presse\",\"potentialAction\":[{\"@type\":\"SearchAction\",\"target\":{\"@type\":\"EntryPoint\",\"urlTemplate\":\"https:\/\/www.tourisme-valdemarne.com\/espace-pro\/?s={search_term_string}\"},\"query-input\":{\"@type\":\"PropertyValueSpecification\",\"valueRequired\":true,\"valueName\":\"search_term_string\"}}],\"inLanguage\":\"fr-FR\"}]}<\/script>\n<!-- \/ Yoast SEO plugin. -->","yoast_head_json":{"title":"Tourisme\u00a0: d\u2019un projet europ\u00e9en \u00e0 un d\u00e9veloppement touristique des bords de Marne - Espace Pro","description":"Le projet STAR Cities, pilot\u00e9 par Val-de-Marne Tourisme & Loisirs, a pour but de valoriser le tourisme sur la Marne.","robots":{"index":"index","follow":"follow","max-snippet":"max-snippet:-1","max-image-preview":"max-image-preview:large","max-video-preview":"max-video-preview:-1"},"canonical":"https:\/\/www.tourisme-valdemarne.com\/espace-pro\/presse\/actualites-et-communiques-de-presse\/tourisme-dun-projet-europeen-a-un-developpement-touristique-des-bords-de-marne\/","og_locale":"fr_FR","og_type":"article","og_title":"Tourisme\u00a0: d\u2019un projet europ\u00e9en \u00e0 un d\u00e9veloppement touristique des bords de Marne - Espace Pro","og_description":"Le projet STAR Cities, pilot\u00e9 par Val-de-Marne Tourisme & Loisirs, a pour but de valoriser le tourisme sur la Marne.","og_url":"https:\/\/www.tourisme-valdemarne.com\/espace-pro\/presse\/actualites-et-communiques-de-presse\/tourisme-dun-projet-europeen-a-un-developpement-touristique-des-bords-de-marne\/","og_site_name":"Espace Pro","article_modified_time":"2023-11-14T09:13:59+00:00","og_image":[{"width":800,"height":600,"url":"https:\/\/www.tourisme-valdemarne.com\/espace-pro\/wp-content\/uploads\/sites\/3\/2023\/04\/conference-finale-star-cities-2023-cdt94-l.fichepoil.jpg","type":"image\/jpeg"}],"twitter_card":"summary_large_image","twitter_misc":{"Dur\u00e9e de lecture estim\u00e9e":"6 minutes"},"schema":{"@context":"https:\/\/schema.org","@graph":[{"@type":"WebPage","@id":"https:\/\/www.tourisme-valdemarne.com\/espace-pro\/presse\/actualites-et-communiques-de-presse\/tourisme-dun-projet-europeen-a-un-developpement-touristique-des-bords-de-marne\/","url":"https:\/\/www.tourisme-valdemarne.com\/espace-pro\/presse\/actualites-et-communiques-de-presse\/tourisme-dun-projet-europeen-a-un-developpement-touristique-des-bords-de-marne\/","name":"Tourisme\u00a0: d\u2019un projet europ\u00e9en \u00e0 un d\u00e9veloppement touristique des bords de Marne - Espace Pro","isPartOf":{"@id":"https:\/\/www.tourisme-valdemarne.com\/espace-pro\/#website"},"primaryImageOfPage":{"@id":"https:\/\/www.tourisme-valdemarne.com\/espace-pro\/presse\/actualites-et-communiques-de-presse\/tourisme-dun-projet-europeen-a-un-developpement-touristique-des-bords-de-marne\/#primaryimage"},"image":{"@id":"https:\/\/www.tourisme-valdemarne.com\/espace-pro\/presse\/actualites-et-communiques-de-presse\/tourisme-dun-projet-europeen-a-un-developpement-touristique-des-bords-de-marne\/#primaryimage"},"thumbnailUrl":"https:\/\/www.tourisme-valdemarne.com\/espace-pro\/wp-content\/uploads\/sites\/3\/2023\/04\/conference-finale-star-cities-2023-cdt94-l.fichepoil.jpg","datePublished":"2023-04-12T09:09:37+00:00","dateModified":"2023-11-14T09:13:59+00:00","description":"Le projet STAR Cities, pilot\u00e9 par Val-de-Marne Tourisme & Loisirs, a pour but de valoriser le tourisme sur la Marne.","breadcrumb":{"@id":"https:\/\/www.tourisme-valdemarne.com\/espace-pro\/presse\/actualites-et-communiques-de-presse\/tourisme-dun-projet-europeen-a-un-developpement-touristique-des-bords-de-marne\/#breadcrumb"},"inLanguage":"fr-FR","potentialAction":[{"@type":"ReadAction","target":["https:\/\/www.tourisme-valdemarne.com\/espace-pro\/presse\/actualites-et-communiques-de-presse\/tourisme-dun-projet-europeen-a-un-developpement-touristique-des-bords-de-marne\/"]}]},{"@type":"ImageObject","inLanguage":"fr-FR","@id":"https:\/\/www.tourisme-valdemarne.com\/espace-pro\/presse\/actualites-et-communiques-de-presse\/tourisme-dun-projet-europeen-a-un-developpement-touristique-des-bords-de-marne\/#primaryimage","url":"https:\/\/www.tourisme-valdemarne.com\/espace-pro\/wp-content\/uploads\/sites\/3\/2023\/04\/conference-finale-star-cities-2023-cdt94-l.fichepoil.jpg","contentUrl":"https:\/\/www.tourisme-valdemarne.com\/espace-pro\/wp-content\/uploads\/sites\/3\/2023\/04\/conference-finale-star-cities-2023-cdt94-l.fichepoil.jpg","width":800,"height":600,"caption":"Conference finale star cities"},{"@type":"BreadcrumbList","@id":"https:\/\/www.tourisme-valdemarne.com\/espace-pro\/presse\/actualites-et-communiques-de-presse\/tourisme-dun-projet-europeen-a-un-developpement-touristique-des-bords-de-marne\/#breadcrumb","itemListElement":[{"@type":"ListItem","position":1,"name":"Accueil","item":"https:\/\/www.tourisme-valdemarne.com\/espace-pro\/"},{"@type":"ListItem","position":2,"name":"Presse","item":"https:\/\/www.tourisme-valdemarne.com\/espace-pro\/presse\/"},{"@type":"ListItem","position":3,"name":"Actualit\u00e9s et communiqu\u00e9s de presse","item":"https:\/\/www.tourisme-valdemarne.com\/espace-pro\/presse\/actualites-et-communiques-de-presse\/"},{"@type":"ListItem","position":4,"name":"Tourisme\u00a0: d\u2019un projet europ\u00e9en \u00e0 un d\u00e9veloppement touristique des bords de Marne"}]},{"@type":"WebSite","@id":"https:\/\/www.tourisme-valdemarne.com\/espace-pro\/#website","url":"https:\/\/www.tourisme-valdemarne.com\/espace-pro\/","name":"Espace Pro","description":"Informations et outils pour les professionnels et la Presse","potentialAction":[{"@type":"SearchAction","target":{"@type":"EntryPoint","urlTemplate":"https:\/\/www.tourisme-valdemarne.com\/espace-pro\/?s={search_term_string}"},"query-input":{"@type":"PropertyValueSpecification","valueRequired":true,"valueName":"search_term_string"}}],"inLanguage":"fr-FR"}]}},"_links":{"self":[{"href":"https:\/\/www.tourisme-valdemarne.com\/espace-pro\/wp-json\/wp\/v2\/pages\/14725","targetHints":{"allow":["GET"]}}],"collection":[{"href":"https:\/\/www.tourisme-valdemarne.com\/espace-pro\/wp-json\/wp\/v2\/pages"}],"about":[{"href":"https:\/\/www.tourisme-valdemarne.com\/espace-pro\/wp-json\/wp\/v2\/types\/page"}],"author":[{"embeddable":true,"href":"https:\/\/www.tourisme-valdemarne.com\/espace-pro\/wp-json\/wp\/v2\/users\/16"}],"replies":[{"embeddable":true,"href":"https:\/\/www.tourisme-valdemarne.com\/espace-pro\/wp-json\/wp\/v2\/comments?post=14725"}],"version-history":[{"count":3,"href":"https:\/\/www.tourisme-valdemarne.com\/espace-pro\/wp-json\/wp\/v2\/pages\/14725\/revisions"}],"predecessor-version":[{"id":16397,"href":"https:\/\/www.tourisme-valdemarne.com\/espace-pro\/wp-json\/wp\/v2\/pages\/14725\/revisions\/16397"}],"up":[{"embeddable":true,"href":"https:\/\/www.tourisme-valdemarne.com\/espace-pro\/wp-json\/wp\/v2\/pages\/179"}],"wp:featuredmedia":[{"embeddable":true,"href":"https:\/\/www.tourisme-valdemarne.com\/espace-pro\/wp-json\/wp\/v2\/media\/14729"}],"wp:attachment":[{"href":"https:\/\/www.tourisme-valdemarne.com\/espace-pro\/wp-json\/wp\/v2\/media?parent=14725"}],"wp:term":[{"taxonomy":"vdmTagMarketing","embeddable":true,"href":"https:\/\/www.tourisme-valdemarne.com\/espace-pro\/wp-json\/wp\/v2\/vdmTagMarketing?post=14725"}],"curies":[{"name":"wp","href":"https:\/\/api.w.org\/{rel}","templated":true}]}}