{"id":14628,"date":"2023-03-29T11:49:25","date_gmt":"2023-03-29T09:49:25","guid":{"rendered":"https:\/\/www.tourisme-valdemarne.com\/espace-pro\/?page_id=14628"},"modified":"2023-05-11T10:32:26","modified_gmt":"2023-05-11T08:32:26","slug":"inscrivez-vous-aux-rencontres-du-tourisme-2023","status":"publish","type":"page","link":"https:\/\/www.tourisme-valdemarne.com\/espace-pro\/qui-sommes-nous\/rencontres-du-tourisme\/rencontres-du-tourisme-2023\/inscrivez-vous-aux-rencontres-du-tourisme-2023\/","title":{"rendered":"Inscrivez-vous aux Rencontres du tourisme 2023"},"content":{"rendered":"\n<p>Les Rencontres du tourisme 2023 se d\u00e9rouleront le <strong>mardi 13 juin 2023 <\/strong>au Domaine de Grosbois,&nbsp;sur le th\u00e8me des Jeux Olympiques et Paralympiques de Paris 2024 et du tourisme en Val-de-Marne.<\/p>\n\n\n\n<h2 class=\"wp-block-heading\">Programme<\/h2>\n\n\n\n<ul class=\"wp-block-list\"><li>11h00 : Visite du centre d\u2019entrainement des chevaux trotteurs de Grosbois<\/li><li>12h30 : D\u00e9jeuner \u00e0 l\u2019AFASEC<\/li><li>14h00 : Rencontres du Tourisme<\/li><li>16h30 : Visite du ch\u00e2teau de Grosbois<\/li><\/ul>\n\n\n\n<h2 class=\"wp-block-heading\">Formulaire d&rsquo;inscription <\/h2>\n\n\n\n<div class=\"wpcf7 no-js\" id=\"wpcf7-f14627-o1\" lang=\"fr-FR\" dir=\"ltr\" data-wpcf7-id=\"14627\">\n<div class=\"screen-reader-response\"><p role=\"status\" aria-live=\"polite\" aria-atomic=\"true\"><\/p> <ul><\/ul><\/div>\n<form action=\"\/espace-pro\/wp-json\/wp\/v2\/pages\/14628#wpcf7-f14627-o1\" method=\"post\" class=\"wpcf7-form init\" aria-label=\"Formulaire de contact\" novalidate=\"novalidate\" data-status=\"init\">\n<div style=\"display: none;\">\n<input type=\"hidden\" name=\"_wpcf7\" value=\"14627\" \/>\n<input type=\"hidden\" name=\"_wpcf7_version\" value=\"6.0\" \/>\n<input type=\"hidden\" name=\"_wpcf7_locale\" value=\"fr_FR\" \/>\n<input type=\"hidden\" name=\"_wpcf7_unit_tag\" value=\"wpcf7-f14627-o1\" \/>\n<input type=\"hidden\" name=\"_wpcf7_container_post\" value=\"0\" \/>\n<input type=\"hidden\" name=\"_wpcf7_posted_data_hash\" value=\"\" \/>\n<input type=\"hidden\" name=\"_wpcf7dtx_version\" value=\"5.0.1\" \/>\n<\/div>\n<style scoped=\"scoped\" type=\"text\/css\">\nspan.wpcf7-list-item {\n display: inline-block;\n margin: 0 1em 0 0;\n}\n<\/style>\n<div class=\"form\">\n\t<div class=\"formGroupContainer clear\">\n\t\t<div class=\"formGroup--50\">\n\t\t\t<p><label>Pr\u00e9nom <span class=\"required\">*<\/span> : <\/label><br \/>\n<span class=\"wpcf7-form-control-wrap\" data-name=\"prenom\"><input size=\"40\" maxlength=\"400\" class=\"wpcf7-form-control wpcf7-text wpcf7-validates-as-required\" aria-required=\"true\" aria-invalid=\"false\" value=\"\" type=\"text\" name=\"prenom\" \/><\/span>\n\t\t\t<\/p>\n\t\t<\/div>\n\t\t<div class=\"formGroup--50\">\n\t\t\t<p><label>Nom <span class=\"required\">*<\/span> : <\/label><br \/>\n<span class=\"wpcf7-form-control-wrap\" data-name=\"nom\"><input size=\"40\" maxlength=\"400\" class=\"wpcf7-form-control wpcf7-text wpcf7-validates-as-required\" aria-required=\"true\" aria-invalid=\"false\" value=\"\" type=\"text\" name=\"nom\" \/><\/span>\n\t\t\t<\/p>\n\t\t<\/div>\n\t<\/div>\n\t<div class=\"formGroupContainer clear\">\n\t\t<p><label>Structure <span class=\"required\">*<\/span> : <\/label><br \/>\n<span class=\"wpcf7-form-control-wrap\" data-name=\"structure\"><input size=\"40\" maxlength=\"400\" class=\"wpcf7-form-control wpcf7-text wpcf7-validates-as-required\" aria-required=\"true\" aria-invalid=\"false\" value=\"\" type=\"text\" name=\"structure\" \/><\/span>\n\t\t<\/p>\n\t<\/div>\n\t<div class=\"formGroupContainer clear\">\n\t\t<p><label>Fonction : <\/label><br \/>\n<span class=\"wpcf7-form-control-wrap\" data-name=\"fonction\"><input size=\"40\" maxlength=\"400\" class=\"wpcf7-form-control wpcf7-text\" aria-invalid=\"false\" value=\"\" type=\"text\" name=\"fonction\" \/><\/span>\n\t\t<\/p>\n\t<\/div>\n\t<div class=\"formGroupContainer clear\">\n\t\t<p><label>Email <span class=\"required\">*<\/span> : <\/label><br \/>\n<span class=\"wpcf7-form-control-wrap\" data-name=\"email\"><input size=\"40\" maxlength=\"400\" class=\"wpcf7-form-control wpcf7-email wpcf7-validates-as-required wpcf7-text wpcf7-validates-as-email\" aria-required=\"true\" aria-invalid=\"false\" value=\"\" type=\"email\" name=\"email\" \/><\/span>\n\t\t<\/p>\n\t<\/div>\n\t<div class=\"formGroupContainer clear\" style=\"margin-top : 0.5em;\">\n\t\t<p><b>Veuillez s\u00e9lectionner les \u00e9v\u00e8nements auxquels vous souhaitez vous inscrire<\/b>\n\t\t<\/p>\n\t\t<li>\n\t\t\t<p><b>Visite du centre d\u2019entrainement des chevaux trotteurs de Grosbois (11h00) <span class=\"required\">*<\/span><\/b>\n\t\t\t<\/p>\n\t\t<\/li>\n\t\t<p><span class=\"wpcf7-form-control-wrap\" data-name=\"visiteentrainement\"><span class=\"wpcf7-form-control wpcf7-checkbox wpcf7-validates-as-required wpcf7-exclusive-checkbox\"><span class=\"wpcf7-list-item first\"><label><input type=\"checkbox\" name=\"visiteentrainement\" value=\"Assistera\" \/><span class=\"wpcf7-list-item-label\">Assistera<\/span><\/label><\/span><span class=\"wpcf7-list-item last\"><label><input type=\"checkbox\" name=\"visiteentrainement\" value=\"N&#039;assistera pas\" \/><span class=\"wpcf7-list-item-label\">N&#039;assistera pas<\/span><\/label><\/span><\/span><\/span>\n\t\t<\/p>\n\t\t<li>\n\t\t\t<p><b>D\u00e9jeuner \u00e0 l\u2019AFASEC (12h30)<span class=\"required\">*<\/span><\/b>\n\t\t\t<\/p>\n\t\t<\/li>\n\t\t<p><br \/>\n<span class=\"wpcf7-form-control-wrap\" data-name=\"dejeuner\"><span class=\"wpcf7-form-control wpcf7-checkbox wpcf7-validates-as-required wpcf7-exclusive-checkbox\"><span class=\"wpcf7-list-item first\"><label><input type=\"checkbox\" name=\"dejeuner\" value=\"Participera\" \/><span class=\"wpcf7-list-item-label\">Participera<\/span><\/label><\/span><span class=\"wpcf7-list-item last\"><label><input type=\"checkbox\" name=\"dejeuner\" value=\"Ne participera pas\" \/><span class=\"wpcf7-list-item-label\">Ne participera pas<\/span><\/label><\/span><\/span><\/span>\n\t\t<\/p>\n\t\t<li>\n\t\t\t<p><b>Rencontres du Tourisme (14h00)<span class=\"required\">*<\/span><\/b>\n\t\t\t<\/p>\n\t\t<\/li>\n\t\t<p><br \/>\n<span class=\"wpcf7-form-control-wrap\" data-name=\"rencontres\"><span class=\"wpcf7-form-control wpcf7-checkbox wpcf7-validates-as-required wpcf7-exclusive-checkbox\"><span class=\"wpcf7-list-item first\"><label><input type=\"checkbox\" name=\"rencontres\" value=\"Assistera\" \/><span class=\"wpcf7-list-item-label\">Assistera<\/span><\/label><\/span><span class=\"wpcf7-list-item last\"><label><input type=\"checkbox\" name=\"rencontres\" value=\"N&#039;assistera pas\" \/><span class=\"wpcf7-list-item-label\">N&#039;assistera pas<\/span><\/label><\/span><\/span><\/span>\n\t\t<\/p>\n\t\t<li>\n\t\t\t<p><b>Visite du Ch\u00e2teau de Grosbois (16h30) <span class=\"required\">*<\/span><\/b>\n\t\t\t<\/p>\n\t\t<\/li>\n\t\t<p><br \/>\n<span class=\"wpcf7-form-control-wrap\" data-name=\"visitechateau\"><span class=\"wpcf7-form-control wpcf7-checkbox wpcf7-validates-as-required wpcf7-exclusive-checkbox\"><span class=\"wpcf7-list-item first\"><label><input type=\"checkbox\" name=\"visitechateau\" value=\"Assistera\" \/><span class=\"wpcf7-list-item-label\">Assistera<\/span><\/label><\/span><span class=\"wpcf7-list-item last\"><label><input type=\"checkbox\" name=\"visitechateau\" value=\"N&#039;assistera pas\" \/><span class=\"wpcf7-list-item-label\">N&#039;assistera pas<\/span><\/label><\/span><\/span><\/span>\n\t\t<\/p>\n\t\t<div class=\"formGroupContainer clear\" style=\"margin-top : 0.5em;\">\n\t\t\t<p><b>Veuillez indiquer votre moyen de transport <span class=\"required\">*<\/span><\/b>\n\t\t\t<\/p>\n\t\t\t<p><span class=\"wpcf7-form-control-wrap\" data-name=\"acces\"><span class=\"wpcf7-form-control wpcf7-checkbox wpcf7-validates-as-required wpcf7-exclusive-checkbox\"><span class=\"wpcf7-list-item first\"><label><input type=\"checkbox\" name=\"acces\" value=\"Viendra en voiture\" \/><span class=\"wpcf7-list-item-label\">Viendra en voiture<\/span><\/label><\/span><span class=\"wpcf7-list-item\"><label><input type=\"checkbox\" name=\"acces\" value=\"Souhaite b\u00e9n\u00e9ficier de la navette entre le RER A Boissy-Saint-L\u00e9ger et le Domaine de Grosbois\" \/><span class=\"wpcf7-list-item-label\">Souhaite b\u00e9n\u00e9ficier de la navette entre le RER A Boissy-Saint-L\u00e9ger et le Domaine de Grosbois<\/span><\/label><\/span><span class=\"wpcf7-list-item last\"><label><input type=\"checkbox\" name=\"acces\" value=\"Ne viendra pas\" \/><span class=\"wpcf7-list-item-label\">Ne viendra pas<\/span><\/label><\/span><\/span><\/span>\n\t\t\t<\/p>\n\t\t\t<div class=\"formGroup\">\n\t\t\t\t<p><input class=\"wpcf7-form-control wpcf7-submit has-spinner button\" type=\"submit\" value=\"Envoyer\" \/>\n\t\t\t\t<\/p>\n\t\t\t<\/div>\n\t\t<\/div>\n\t<\/div>\n<\/div><div class=\"wpcf7-response-output\" aria-hidden=\"true\"><\/div>\n<\/form>\n<\/div>\n\n\n\n\n<p>Les informations recueillies sur ce formulaire sont enregistr\u00e9es dans un fichier informatis\u00e9 par le Comit\u00e9 D\u00e9partemental du Tourisme du Val-de-Marne pour la gestion des demandes de contact. Elles sont conserv\u00e9es pendant trois ans maximum et sont destin\u00e9es au service commercial ou technique uniquement pour r\u00e9pondre \u00e0 vos demandes. Pour plus d&rsquo;informations, veuillez lire notre <a href=\"https:\/\/www.tourisme-valdemarne.com\/rgpd-charte-de-confidentialite\/\">Politique de confidentialit\u00e9<\/a>.<\/p>\n","protected":false},"excerpt":{"rendered":"<p>Les Rencontres du tourisme 2023 se d\u00e9rouleront le mardi 13 juin 2023 au Domaine de Grosbois,&nbsp;sur le th\u00e8me des Jeux Olympiques et Paralympiques de Paris 2024 et du tourisme en Val-de-Marne. Programme 11h00 : Visite du centre d\u2019entrainement des chevaux trotteurs de Grosbois 12h30 : D\u00e9jeuner \u00e0 l\u2019AFASEC 14h00 : Rencontres du Tourisme 16h30 : [&hellip;]<\/p>\n","protected":false},"author":16,"featured_media":14137,"parent":14944,"menu_order":0,"comment_status":"closed","ping_status":"closed","template":"","meta":{"_relevanssi_hide_post":"","_relevanssi_hide_content":"","_relevanssi_pin_for_all":"","_relevanssi_pin_keywords":"","_relevanssi_unpin_keywords":"","_relevanssi_related_keywords":"","_relevanssi_related_include_ids":"","_relevanssi_related_exclude_ids":"","_relevanssi_related_no_append":"","_relevanssi_related_not_related":"","_relevanssi_related_posts":"2751,442,2745,8090,8108,8095","_relevanssi_noindex_reason":"","footnotes":""},"vdmTagMarketing":[],"class_list":["post-14628","page","type-page","status-publish","has-post-thumbnail","hentry"],"acf":[],"yoast_head":"<!-- This site is optimized with the Yoast SEO plugin v23.9 - https:\/\/yoast.com\/wordpress\/plugins\/seo\/ -->\n<title>Inscrivez-vous aux Rencontres du tourisme 2023 - Espace Pro<\/title>\n<meta name=\"robots\" content=\"index, follow, max-snippet:-1, max-image-preview:large, max-video-preview:-1\" \/>\n<link rel=\"canonical\" href=\"https:\/\/www.tourisme-valdemarne.com\/espace-pro\/qui-sommes-nous\/rencontres-du-tourisme\/rencontres-du-tourisme-2023\/inscrivez-vous-aux-rencontres-du-tourisme-2023\/\" \/>\n<meta property=\"og:locale\" content=\"fr_FR\" \/>\n<meta property=\"og:type\" content=\"article\" \/>\n<meta property=\"og:title\" content=\"Inscrivez-vous aux Rencontres du tourisme 2023 - Espace Pro\" \/>\n<meta property=\"og:description\" content=\"Les Rencontres du tourisme 2023 se d\u00e9rouleront le mardi 13 juin 2023 au Domaine de Grosbois,&nbsp;sur le th\u00e8me des Jeux Olympiques et Paralympiques de Paris 2024 et du tourisme en Val-de-Marne. Programme 11h00 : Visite du centre d\u2019entrainement des chevaux trotteurs de Grosbois 12h30 : D\u00e9jeuner \u00e0 l\u2019AFASEC 14h00 : Rencontres du Tourisme 16h30 : [&hellip;]\" \/>\n<meta property=\"og:url\" content=\"https:\/\/www.tourisme-valdemarne.com\/espace-pro\/qui-sommes-nous\/rencontres-du-tourisme\/rencontres-du-tourisme-2023\/inscrivez-vous-aux-rencontres-du-tourisme-2023\/\" \/>\n<meta property=\"og:site_name\" content=\"Espace Pro\" \/>\n<meta property=\"article:modified_time\" content=\"2023-05-11T08:32:26+00:00\" \/>\n<meta property=\"og:image\" content=\"https:\/\/www.tourisme-valdemarne.com\/espace-pro\/wp-content\/uploads\/sites\/3\/2023\/01\/facade-chateau-grosbois-boissy-saint-leger.jpg\" \/>\n\t<meta property=\"og:image:width\" content=\"1100\" \/>\n\t<meta property=\"og:image:height\" content=\"737\" \/>\n\t<meta property=\"og:image:type\" content=\"image\/jpeg\" \/>\n<meta name=\"twitter:card\" content=\"summary_large_image\" \/>\n<meta name=\"twitter:label1\" content=\"Dur\u00e9e de lecture estim\u00e9e\" \/>\n\t<meta name=\"twitter:data1\" content=\"1 minute\" \/>\n<script type=\"application\/ld+json\" class=\"yoast-schema-graph\">{\"@context\":\"https:\/\/schema.org\",\"@graph\":[{\"@type\":\"WebPage\",\"@id\":\"https:\/\/www.tourisme-valdemarne.com\/espace-pro\/qui-sommes-nous\/rencontres-du-tourisme\/rencontres-du-tourisme-2023\/inscrivez-vous-aux-rencontres-du-tourisme-2023\/\",\"url\":\"https:\/\/www.tourisme-valdemarne.com\/espace-pro\/qui-sommes-nous\/rencontres-du-tourisme\/rencontres-du-tourisme-2023\/inscrivez-vous-aux-rencontres-du-tourisme-2023\/\",\"name\":\"Inscrivez-vous aux Rencontres du tourisme 2023 - Espace Pro\",\"isPartOf\":{\"@id\":\"https:\/\/www.tourisme-valdemarne.com\/espace-pro\/#website\"},\"primaryImageOfPage\":{\"@id\":\"https:\/\/www.tourisme-valdemarne.com\/espace-pro\/qui-sommes-nous\/rencontres-du-tourisme\/rencontres-du-tourisme-2023\/inscrivez-vous-aux-rencontres-du-tourisme-2023\/#primaryimage\"},\"image\":{\"@id\":\"https:\/\/www.tourisme-valdemarne.com\/espace-pro\/qui-sommes-nous\/rencontres-du-tourisme\/rencontres-du-tourisme-2023\/inscrivez-vous-aux-rencontres-du-tourisme-2023\/#primaryimage\"},\"thumbnailUrl\":\"https:\/\/www.tourisme-valdemarne.com\/espace-pro\/wp-content\/uploads\/sites\/3\/2023\/01\/facade-chateau-grosbois-boissy-saint-leger.jpg\",\"datePublished\":\"2023-03-29T09:49:25+00:00\",\"dateModified\":\"2023-05-11T08:32:26+00:00\",\"breadcrumb\":{\"@id\":\"https:\/\/www.tourisme-valdemarne.com\/espace-pro\/qui-sommes-nous\/rencontres-du-tourisme\/rencontres-du-tourisme-2023\/inscrivez-vous-aux-rencontres-du-tourisme-2023\/#breadcrumb\"},\"inLanguage\":\"fr-FR\",\"potentialAction\":[{\"@type\":\"ReadAction\",\"target\":[\"https:\/\/www.tourisme-valdemarne.com\/espace-pro\/qui-sommes-nous\/rencontres-du-tourisme\/rencontres-du-tourisme-2023\/inscrivez-vous-aux-rencontres-du-tourisme-2023\/\"]}]},{\"@type\":\"ImageObject\",\"inLanguage\":\"fr-FR\",\"@id\":\"https:\/\/www.tourisme-valdemarne.com\/espace-pro\/qui-sommes-nous\/rencontres-du-tourisme\/rencontres-du-tourisme-2023\/inscrivez-vous-aux-rencontres-du-tourisme-2023\/#primaryimage\",\"url\":\"https:\/\/www.tourisme-valdemarne.com\/espace-pro\/wp-content\/uploads\/sites\/3\/2023\/01\/facade-chateau-grosbois-boissy-saint-leger.jpg\",\"contentUrl\":\"https:\/\/www.tourisme-valdemarne.com\/espace-pro\/wp-content\/uploads\/sites\/3\/2023\/01\/facade-chateau-grosbois-boissy-saint-leger.jpg\",\"width\":1100,\"height\":737},{\"@type\":\"BreadcrumbList\",\"@id\":\"https:\/\/www.tourisme-valdemarne.com\/espace-pro\/qui-sommes-nous\/rencontres-du-tourisme\/rencontres-du-tourisme-2023\/inscrivez-vous-aux-rencontres-du-tourisme-2023\/#breadcrumb\",\"itemListElement\":[{\"@type\":\"ListItem\",\"position\":1,\"name\":\"Accueil\",\"item\":\"https:\/\/www.tourisme-valdemarne.com\/espace-pro\/\"},{\"@type\":\"ListItem\",\"position\":2,\"name\":\"Qui sommes-nous ?\",\"item\":\"https:\/\/www.tourisme-valdemarne.com\/espace-pro\/qui-sommes-nous\/\"},{\"@type\":\"ListItem\",\"position\":3,\"name\":\"Rencontres du tourisme\",\"item\":\"https:\/\/www.tourisme-valdemarne.com\/espace-pro\/qui-sommes-nous\/rencontres-du-tourisme\/\"},{\"@type\":\"ListItem\",\"position\":4,\"name\":\"Rencontres du tourisme 2023\",\"item\":\"https:\/\/www.tourisme-valdemarne.com\/espace-pro\/qui-sommes-nous\/rencontres-du-tourisme\/rencontres-du-tourisme-2023\/\"},{\"@type\":\"ListItem\",\"position\":5,\"name\":\"Inscrivez-vous aux Rencontres du tourisme 2023\"}]},{\"@type\":\"WebSite\",\"@id\":\"https:\/\/www.tourisme-valdemarne.com\/espace-pro\/#website\",\"url\":\"https:\/\/www.tourisme-valdemarne.com\/espace-pro\/\",\"name\":\"Espace Pro\",\"description\":\"Informations et outils pour les professionnels et la Presse\",\"potentialAction\":[{\"@type\":\"SearchAction\",\"target\":{\"@type\":\"EntryPoint\",\"urlTemplate\":\"https:\/\/www.tourisme-valdemarne.com\/espace-pro\/?s={search_term_string}\"},\"query-input\":{\"@type\":\"PropertyValueSpecification\",\"valueRequired\":true,\"valueName\":\"search_term_string\"}}],\"inLanguage\":\"fr-FR\"}]}<\/script>\n<!-- \/ Yoast SEO plugin. -->","yoast_head_json":{"title":"Inscrivez-vous aux Rencontres du tourisme 2023 - Espace Pro","robots":{"index":"index","follow":"follow","max-snippet":"max-snippet:-1","max-image-preview":"max-image-preview:large","max-video-preview":"max-video-preview:-1"},"canonical":"https:\/\/www.tourisme-valdemarne.com\/espace-pro\/qui-sommes-nous\/rencontres-du-tourisme\/rencontres-du-tourisme-2023\/inscrivez-vous-aux-rencontres-du-tourisme-2023\/","og_locale":"fr_FR","og_type":"article","og_title":"Inscrivez-vous aux Rencontres du tourisme 2023 - Espace Pro","og_description":"Les Rencontres du tourisme 2023 se d\u00e9rouleront le mardi 13 juin 2023 au Domaine de Grosbois,&nbsp;sur le th\u00e8me des Jeux Olympiques et Paralympiques de Paris 2024 et du tourisme en Val-de-Marne. Programme 11h00 : Visite du centre d\u2019entrainement des chevaux trotteurs de Grosbois 12h30 : D\u00e9jeuner \u00e0 l\u2019AFASEC 14h00 : Rencontres du Tourisme 16h30 : [&hellip;]","og_url":"https:\/\/www.tourisme-valdemarne.com\/espace-pro\/qui-sommes-nous\/rencontres-du-tourisme\/rencontres-du-tourisme-2023\/inscrivez-vous-aux-rencontres-du-tourisme-2023\/","og_site_name":"Espace Pro","article_modified_time":"2023-05-11T08:32:26+00:00","og_image":[{"width":1100,"height":737,"url":"https:\/\/www.tourisme-valdemarne.com\/espace-pro\/wp-content\/uploads\/sites\/3\/2023\/01\/facade-chateau-grosbois-boissy-saint-leger.jpg","type":"image\/jpeg"}],"twitter_card":"summary_large_image","twitter_misc":{"Dur\u00e9e de lecture estim\u00e9e":"1 minute"},"schema":{"@context":"https:\/\/schema.org","@graph":[{"@type":"WebPage","@id":"https:\/\/www.tourisme-valdemarne.com\/espace-pro\/qui-sommes-nous\/rencontres-du-tourisme\/rencontres-du-tourisme-2023\/inscrivez-vous-aux-rencontres-du-tourisme-2023\/","url":"https:\/\/www.tourisme-valdemarne.com\/espace-pro\/qui-sommes-nous\/rencontres-du-tourisme\/rencontres-du-tourisme-2023\/inscrivez-vous-aux-rencontres-du-tourisme-2023\/","name":"Inscrivez-vous aux Rencontres du tourisme 2023 - Espace Pro","isPartOf":{"@id":"https:\/\/www.tourisme-valdemarne.com\/espace-pro\/#website"},"primaryImageOfPage":{"@id":"https:\/\/www.tourisme-valdemarne.com\/espace-pro\/qui-sommes-nous\/rencontres-du-tourisme\/rencontres-du-tourisme-2023\/inscrivez-vous-aux-rencontres-du-tourisme-2023\/#primaryimage"},"image":{"@id":"https:\/\/www.tourisme-valdemarne.com\/espace-pro\/qui-sommes-nous\/rencontres-du-tourisme\/rencontres-du-tourisme-2023\/inscrivez-vous-aux-rencontres-du-tourisme-2023\/#primaryimage"},"thumbnailUrl":"https:\/\/www.tourisme-valdemarne.com\/espace-pro\/wp-content\/uploads\/sites\/3\/2023\/01\/facade-chateau-grosbois-boissy-saint-leger.jpg","datePublished":"2023-03-29T09:49:25+00:00","dateModified":"2023-05-11T08:32:26+00:00","breadcrumb":{"@id":"https:\/\/www.tourisme-valdemarne.com\/espace-pro\/qui-sommes-nous\/rencontres-du-tourisme\/rencontres-du-tourisme-2023\/inscrivez-vous-aux-rencontres-du-tourisme-2023\/#breadcrumb"},"inLanguage":"fr-FR","potentialAction":[{"@type":"ReadAction","target":["https:\/\/www.tourisme-valdemarne.com\/espace-pro\/qui-sommes-nous\/rencontres-du-tourisme\/rencontres-du-tourisme-2023\/inscrivez-vous-aux-rencontres-du-tourisme-2023\/"]}]},{"@type":"ImageObject","inLanguage":"fr-FR","@id":"https:\/\/www.tourisme-valdemarne.com\/espace-pro\/qui-sommes-nous\/rencontres-du-tourisme\/rencontres-du-tourisme-2023\/inscrivez-vous-aux-rencontres-du-tourisme-2023\/#primaryimage","url":"https:\/\/www.tourisme-valdemarne.com\/espace-pro\/wp-content\/uploads\/sites\/3\/2023\/01\/facade-chateau-grosbois-boissy-saint-leger.jpg","contentUrl":"https:\/\/www.tourisme-valdemarne.com\/espace-pro\/wp-content\/uploads\/sites\/3\/2023\/01\/facade-chateau-grosbois-boissy-saint-leger.jpg","width":1100,"height":737},{"@type":"BreadcrumbList","@id":"https:\/\/www.tourisme-valdemarne.com\/espace-pro\/qui-sommes-nous\/rencontres-du-tourisme\/rencontres-du-tourisme-2023\/inscrivez-vous-aux-rencontres-du-tourisme-2023\/#breadcrumb","itemListElement":[{"@type":"ListItem","position":1,"name":"Accueil","item":"https:\/\/www.tourisme-valdemarne.com\/espace-pro\/"},{"@type":"ListItem","position":2,"name":"Qui sommes-nous ?","item":"https:\/\/www.tourisme-valdemarne.com\/espace-pro\/qui-sommes-nous\/"},{"@type":"ListItem","position":3,"name":"Rencontres du tourisme","item":"https:\/\/www.tourisme-valdemarne.com\/espace-pro\/qui-sommes-nous\/rencontres-du-tourisme\/"},{"@type":"ListItem","position":4,"name":"Rencontres du tourisme 2023","item":"https:\/\/www.tourisme-valdemarne.com\/espace-pro\/qui-sommes-nous\/rencontres-du-tourisme\/rencontres-du-tourisme-2023\/"},{"@type":"ListItem","position":5,"name":"Inscrivez-vous aux Rencontres du tourisme 2023"}]},{"@type":"WebSite","@id":"https:\/\/www.tourisme-valdemarne.com\/espace-pro\/#website","url":"https:\/\/www.tourisme-valdemarne.com\/espace-pro\/","name":"Espace Pro","description":"Informations et outils pour les professionnels et la Presse","potentialAction":[{"@type":"SearchAction","target":{"@type":"EntryPoint","urlTemplate":"https:\/\/www.tourisme-valdemarne.com\/espace-pro\/?s={search_term_string}"},"query-input":{"@type":"PropertyValueSpecification","valueRequired":true,"valueName":"search_term_string"}}],"inLanguage":"fr-FR"}]}},"_links":{"self":[{"href":"https:\/\/www.tourisme-valdemarne.com\/espace-pro\/wp-json\/wp\/v2\/pages\/14628","targetHints":{"allow":["GET"]}}],"collection":[{"href":"https:\/\/www.tourisme-valdemarne.com\/espace-pro\/wp-json\/wp\/v2\/pages"}],"about":[{"href":"https:\/\/www.tourisme-valdemarne.com\/espace-pro\/wp-json\/wp\/v2\/types\/page"}],"author":[{"embeddable":true,"href":"https:\/\/www.tourisme-valdemarne.com\/espace-pro\/wp-json\/wp\/v2\/users\/16"}],"replies":[{"embeddable":true,"href":"https:\/\/www.tourisme-valdemarne.com\/espace-pro\/wp-json\/wp\/v2\/comments?post=14628"}],"version-history":[{"count":9,"href":"https:\/\/www.tourisme-valdemarne.com\/espace-pro\/wp-json\/wp\/v2\/pages\/14628\/revisions"}],"predecessor-version":[{"id":14684,"href":"https:\/\/www.tourisme-valdemarne.com\/espace-pro\/wp-json\/wp\/v2\/pages\/14628\/revisions\/14684"}],"up":[{"embeddable":true,"href":"https:\/\/www.tourisme-valdemarne.com\/espace-pro\/wp-json\/wp\/v2\/pages\/14944"}],"wp:featuredmedia":[{"embeddable":true,"href":"https:\/\/www.tourisme-valdemarne.com\/espace-pro\/wp-json\/wp\/v2\/media\/14137"}],"wp:attachment":[{"href":"https:\/\/www.tourisme-valdemarne.com\/espace-pro\/wp-json\/wp\/v2\/media?parent=14628"}],"wp:term":[{"taxonomy":"vdmTagMarketing","embeddable":true,"href":"https:\/\/www.tourisme-valdemarne.com\/espace-pro\/wp-json\/wp\/v2\/vdmTagMarketing?post=14628"}],"curies":[{"name":"wp","href":"https:\/\/api.w.org\/{rel}","templated":true}]}}