{"id":14555,"date":"2023-03-16T11:42:17","date_gmt":"2023-03-16T10:42:17","guid":{"rendered":"https:\/\/www.tourisme-valdemarne.com\/espace-pro\/?page_id=14555"},"modified":"2023-03-16T11:50:09","modified_gmt":"2023-03-16T10:50:09","slug":"appel-a-candidatures-residence-artistique-a-agrocite-gagarine-ivry-sur-seine","status":"publish","type":"page","link":"https:\/\/www.tourisme-valdemarne.com\/espace-pro\/actualites\/appel-a-candidatures-residence-artistique-a-agrocite-gagarine-ivry-sur-seine\/","title":{"rendered":"Appel \u00e0 candidatures &#8211; R\u00e9sidence artistique \u00e0 Agrocit\u00e9 Gagarine (Ivry-sur-Seine)"},"content":{"rendered":"\n<p class=\"is-style-excerpt\">Dans le cadre de l&rsquo;am\u00e9nagement du quartier Gagarine-Truillot \u00e0 Ivry-sur-Seine, l&rsquo;\u00e9tablissement public d&rsquo;am\u00e9nagement Orly Rungis &#8211;  Seine Amont lance un appel \u00e0 candidature pour une r\u00e9sidence artistique de 3 ans, ouvert \u00e0 tous les artistes ou collectifs d&rsquo;artistes habitant \/ travaillant en France.<br><strong>Date limite du d\u00e9p\u00f4t de dossier de candidature : le 21 avril 2023 \u00e0 minuit.<\/strong><\/p>\n\n\n\n<p>L\u2019\u00e9tablissement public d\u2019am\u00e9nagement Orly Rungis &#8211; Seine Amont s&rsquo;associe \u00e0 la Galerie Fernand<br>L\u00e9ger pour lancer cet appel \u00e0 la cr\u00e9ation artistique, dans le but d&rsquo;accompagner la mutation du quartier Gagarine. <\/p>\n\n\n\n<div class=\"wp-block-image\"><figure class=\"aligncenter size-full\"><img width=\"500\" height=\"500\" data-src=\"https:\/\/www.tourisme-valdemarne.com\/espace-pro\/wp-content\/uploads\/sites\/3\/2023\/03\/site.jpg\" alt=\"appel candidature gagarine ivry\" class=\"wp-image-14557\" srcset=\"https:\/\/www.tourisme-valdemarne.com\/espace-pro\/wp-content\/uploads\/sites\/3\/2023\/03\/site.jpg 500w, https:\/\/www.tourisme-valdemarne.com\/espace-pro\/wp-content\/uploads\/sites\/3\/2023\/03\/site-380x380.jpg 380w, https:\/\/www.tourisme-valdemarne.com\/espace-pro\/wp-content\/uploads\/sites\/3\/2023\/03\/site-150x150.jpg 150w, https:\/\/www.tourisme-valdemarne.com\/espace-pro\/wp-content\/uploads\/sites\/3\/2023\/03\/site-200x200.jpg 200w, https:\/\/www.tourisme-valdemarne.com\/espace-pro\/wp-content\/uploads\/sites\/3\/2023\/03\/site-24x24.jpg 24w, https:\/\/www.tourisme-valdemarne.com\/espace-pro\/wp-content\/uploads\/sites\/3\/2023\/03\/site-48x48.jpg 48w, https:\/\/www.tourisme-valdemarne.com\/espace-pro\/wp-content\/uploads\/sites\/3\/2023\/03\/site-96x96.jpg 96w, https:\/\/www.tourisme-valdemarne.com\/espace-pro\/wp-content\/uploads\/sites\/3\/2023\/03\/site-300x300.jpg 300w\" sizes=\"(max-width: 500px) 100vw, 500px\" \/><figcaption>Appel \u00e0 candidature &#8211; R\u00e9sidence artistique Agrocit\u00e9 Gagarine<\/figcaption><\/figure><\/div>\n\n\n\n<p>La r\u00e9sidence, qui d\u00e9marrera au cours du quatri\u00e8me trimestre 2023, devra s\u2019inscrire dans le quartier Gagarine et alimenter la r\u00e9flexion sur la place du <strong>v\u00e9g\u00e9tal <\/strong>et de la <strong>nature en ville<\/strong>, mais aussi sur le lien entre <strong>l&rsquo;histoire du quartier<\/strong>, tr\u00e8s marqu\u00e9 par l&rsquo;ancienne cit\u00e9 Gagarine d\u00e9molie en 2020, et l&rsquo;am\u00e9nagement de la <strong>future Agrocit\u00e9<\/strong>.<\/p>\n\n\n\n<p>Au terme de la r\u00e9sidence, l\u2019ensemble de la r\u00e9flexion et des propositions artistiques qui auront \u00e9t\u00e9 formul\u00e9es seront pr\u00e9sent\u00e9es au sein de la <strong>Galerie Fernand L\u00e9ger<\/strong> et feront l\u2019objet d\u2019une publication.<\/p>\n\n\n\n<div class=\"wp-block-buttons is-content-justification-center is-layout-flex wp-container-core-buttons-is-layout-1 wp-block-buttons-is-layout-flex\">\n<div class=\"wp-block-button\"><a class=\"wp-block-button__link\" href=\"https:\/\/www.tourisme-valdemarne.com\/espace-pro\/wp-content\/uploads\/sites\/3\/2023\/03\/appel-a-candidature-vdef.pdf\" target=\"_blank\" rel=\"noreferrer noopener\">En savoir plus sur l&rsquo;appel \u00e0 candidatures<\/a><\/div>\n<\/div>\n\n\n\n<p class=\"is-style-highlight\">D\u00e9couvrez le reste de l\u2019<a href=\"https:\/\/www.tourisme-valdemarne.com\/espace-pro\/actualites\/\" target=\"_blank\" rel=\"noreferrer noopener\">actualit\u00e9 des professionnels du tourisme en Val-de-Marne<\/a>.<\/p>\n","protected":false},"excerpt":{"rendered":"<p>Dans le cadre de l&rsquo;am\u00e9nagement du quartier Gagarine-Truillot \u00e0 Ivry-sur-Seine, l&rsquo;\u00e9tablissement public d&rsquo;am\u00e9nagement Orly Rungis &#8211; Seine Amont lance un appel \u00e0 candidature pour une r\u00e9sidence artistique de 3 ans, ouvert \u00e0 tous les artistes ou collectifs d&rsquo;artistes habitant \/ travaillant en France.Date limite du d\u00e9p\u00f4t de dossier de candidature : le 21 avril 2023 [&hellip;]<\/p>\n","protected":false},"author":16,"featured_media":14558,"parent":6164,"menu_order":1,"comment_status":"closed","ping_status":"closed","template":"","meta":{"_relevanssi_hide_post":"","_relevanssi_hide_content":"","_relevanssi_pin_for_all":"","_relevanssi_pin_keywords":"","_relevanssi_unpin_keywords":"","_relevanssi_related_keywords":"","_relevanssi_related_include_ids":"","_relevanssi_related_exclude_ids":"","_relevanssi_related_no_append":"","_relevanssi_related_not_related":"","_relevanssi_related_posts":"442,2747,2745,8074,8090,446","_relevanssi_noindex_reason":"","footnotes":""},"vdmTagMarketing":[],"class_list":["post-14555","page","type-page","status-publish","has-post-thumbnail","hentry"],"acf":[],"yoast_head":"<!-- This site is optimized with the Yoast SEO plugin v23.9 - https:\/\/yoast.com\/wordpress\/plugins\/seo\/ -->\n<title>Appel \u00e0 candidatures - R\u00e9sidence artistique \u00e0 Agrocit\u00e9 Gagarine (Ivry-sur-Seine) - Espace Pro<\/title>\n<meta name=\"description\" content=\"L\u2019\u00e9tablissement public d\u2019am\u00e9nagement Orly Rungis \u2013 Seine Amont lance un appel \u00e0 candidature pour une r\u00e9sidence artistique de 3 ans \u00e0 Agrocit\u00e9 Gagarine.\" \/>\n<meta name=\"robots\" content=\"index, follow, max-snippet:-1, max-image-preview:large, max-video-preview:-1\" \/>\n<link rel=\"canonical\" href=\"https:\/\/www.tourisme-valdemarne.com\/espace-pro\/actualites\/appel-a-candidatures-residence-artistique-a-agrocite-gagarine-ivry-sur-seine\/\" \/>\n<meta property=\"og:locale\" content=\"fr_FR\" \/>\n<meta property=\"og:type\" content=\"article\" \/>\n<meta property=\"og:title\" content=\"Appel \u00e0 candidatures - R\u00e9sidence artistique \u00e0 Agrocit\u00e9 Gagarine (Ivry-sur-Seine) - Espace Pro\" \/>\n<meta property=\"og:description\" content=\"L\u2019\u00e9tablissement public d\u2019am\u00e9nagement Orly Rungis \u2013 Seine Amont lance un appel \u00e0 candidature pour une r\u00e9sidence artistique de 3 ans \u00e0 Agrocit\u00e9 Gagarine.\" \/>\n<meta property=\"og:url\" content=\"https:\/\/www.tourisme-valdemarne.com\/espace-pro\/actualites\/appel-a-candidatures-residence-artistique-a-agrocite-gagarine-ivry-sur-seine\/\" \/>\n<meta property=\"og:site_name\" content=\"Espace Pro\" \/>\n<meta property=\"article:modified_time\" content=\"2023-03-16T10:50:09+00:00\" \/>\n<meta property=\"og:image\" content=\"https:\/\/www.tourisme-valdemarne.com\/espace-pro\/wp-content\/uploads\/sites\/3\/2023\/03\/site-2.jpg\" \/>\n\t<meta property=\"og:image:width\" content=\"500\" \/>\n\t<meta property=\"og:image:height\" content=\"500\" \/>\n\t<meta property=\"og:image:type\" content=\"image\/jpeg\" \/>\n<meta name=\"twitter:card\" content=\"summary_large_image\" \/>\n<meta name=\"twitter:label1\" content=\"Dur\u00e9e de lecture estim\u00e9e\" \/>\n\t<meta name=\"twitter:data1\" content=\"2 minutes\" \/>\n<script type=\"application\/ld+json\" class=\"yoast-schema-graph\">{\"@context\":\"https:\/\/schema.org\",\"@graph\":[{\"@type\":\"WebPage\",\"@id\":\"https:\/\/www.tourisme-valdemarne.com\/espace-pro\/actualites\/appel-a-candidatures-residence-artistique-a-agrocite-gagarine-ivry-sur-seine\/\",\"url\":\"https:\/\/www.tourisme-valdemarne.com\/espace-pro\/actualites\/appel-a-candidatures-residence-artistique-a-agrocite-gagarine-ivry-sur-seine\/\",\"name\":\"Appel \u00e0 candidatures - R\u00e9sidence artistique \u00e0 Agrocit\u00e9 Gagarine (Ivry-sur-Seine) - Espace Pro\",\"isPartOf\":{\"@id\":\"https:\/\/www.tourisme-valdemarne.com\/espace-pro\/#website\"},\"primaryImageOfPage\":{\"@id\":\"https:\/\/www.tourisme-valdemarne.com\/espace-pro\/actualites\/appel-a-candidatures-residence-artistique-a-agrocite-gagarine-ivry-sur-seine\/#primaryimage\"},\"image\":{\"@id\":\"https:\/\/www.tourisme-valdemarne.com\/espace-pro\/actualites\/appel-a-candidatures-residence-artistique-a-agrocite-gagarine-ivry-sur-seine\/#primaryimage\"},\"thumbnailUrl\":\"https:\/\/www.tourisme-valdemarne.com\/espace-pro\/wp-content\/uploads\/sites\/3\/2023\/03\/site-2.jpg\",\"datePublished\":\"2023-03-16T10:42:17+00:00\",\"dateModified\":\"2023-03-16T10:50:09+00:00\",\"description\":\"L\u2019\u00e9tablissement public d\u2019am\u00e9nagement Orly Rungis \u2013 Seine Amont lance un appel \u00e0 candidature pour une r\u00e9sidence artistique de 3 ans \u00e0 Agrocit\u00e9 Gagarine.\",\"breadcrumb\":{\"@id\":\"https:\/\/www.tourisme-valdemarne.com\/espace-pro\/actualites\/appel-a-candidatures-residence-artistique-a-agrocite-gagarine-ivry-sur-seine\/#breadcrumb\"},\"inLanguage\":\"fr-FR\",\"potentialAction\":[{\"@type\":\"ReadAction\",\"target\":[\"https:\/\/www.tourisme-valdemarne.com\/espace-pro\/actualites\/appel-a-candidatures-residence-artistique-a-agrocite-gagarine-ivry-sur-seine\/\"]}]},{\"@type\":\"ImageObject\",\"inLanguage\":\"fr-FR\",\"@id\":\"https:\/\/www.tourisme-valdemarne.com\/espace-pro\/actualites\/appel-a-candidatures-residence-artistique-a-agrocite-gagarine-ivry-sur-seine\/#primaryimage\",\"url\":\"https:\/\/www.tourisme-valdemarne.com\/espace-pro\/wp-content\/uploads\/sites\/3\/2023\/03\/site-2.jpg\",\"contentUrl\":\"https:\/\/www.tourisme-valdemarne.com\/espace-pro\/wp-content\/uploads\/sites\/3\/2023\/03\/site-2.jpg\",\"width\":500,\"height\":500},{\"@type\":\"BreadcrumbList\",\"@id\":\"https:\/\/www.tourisme-valdemarne.com\/espace-pro\/actualites\/appel-a-candidatures-residence-artistique-a-agrocite-gagarine-ivry-sur-seine\/#breadcrumb\",\"itemListElement\":[{\"@type\":\"ListItem\",\"position\":1,\"name\":\"Accueil\",\"item\":\"https:\/\/www.tourisme-valdemarne.com\/espace-pro\/\"},{\"@type\":\"ListItem\",\"position\":2,\"name\":\"Actualit\u00e9s de l&rsquo;espace pro\",\"item\":\"https:\/\/www.tourisme-valdemarne.com\/espace-pro\/actualites\/\"},{\"@type\":\"ListItem\",\"position\":3,\"name\":\"Appel \u00e0 candidatures &#8211; R\u00e9sidence artistique \u00e0 Agrocit\u00e9 Gagarine (Ivry-sur-Seine)\"}]},{\"@type\":\"WebSite\",\"@id\":\"https:\/\/www.tourisme-valdemarne.com\/espace-pro\/#website\",\"url\":\"https:\/\/www.tourisme-valdemarne.com\/espace-pro\/\",\"name\":\"Espace Pro\",\"description\":\"Informations et outils pour les professionnels et la Presse\",\"potentialAction\":[{\"@type\":\"SearchAction\",\"target\":{\"@type\":\"EntryPoint\",\"urlTemplate\":\"https:\/\/www.tourisme-valdemarne.com\/espace-pro\/?s={search_term_string}\"},\"query-input\":{\"@type\":\"PropertyValueSpecification\",\"valueRequired\":true,\"valueName\":\"search_term_string\"}}],\"inLanguage\":\"fr-FR\"}]}<\/script>\n<!-- \/ Yoast SEO plugin. -->","yoast_head_json":{"title":"Appel \u00e0 candidatures - R\u00e9sidence artistique \u00e0 Agrocit\u00e9 Gagarine (Ivry-sur-Seine) - Espace Pro","description":"L\u2019\u00e9tablissement public d\u2019am\u00e9nagement Orly Rungis \u2013 Seine Amont lance un appel \u00e0 candidature pour une r\u00e9sidence artistique de 3 ans \u00e0 Agrocit\u00e9 Gagarine.","robots":{"index":"index","follow":"follow","max-snippet":"max-snippet:-1","max-image-preview":"max-image-preview:large","max-video-preview":"max-video-preview:-1"},"canonical":"https:\/\/www.tourisme-valdemarne.com\/espace-pro\/actualites\/appel-a-candidatures-residence-artistique-a-agrocite-gagarine-ivry-sur-seine\/","og_locale":"fr_FR","og_type":"article","og_title":"Appel \u00e0 candidatures - R\u00e9sidence artistique \u00e0 Agrocit\u00e9 Gagarine (Ivry-sur-Seine) - Espace Pro","og_description":"L\u2019\u00e9tablissement public d\u2019am\u00e9nagement Orly Rungis \u2013 Seine Amont lance un appel \u00e0 candidature pour une r\u00e9sidence artistique de 3 ans \u00e0 Agrocit\u00e9 Gagarine.","og_url":"https:\/\/www.tourisme-valdemarne.com\/espace-pro\/actualites\/appel-a-candidatures-residence-artistique-a-agrocite-gagarine-ivry-sur-seine\/","og_site_name":"Espace Pro","article_modified_time":"2023-03-16T10:50:09+00:00","og_image":[{"width":500,"height":500,"url":"https:\/\/www.tourisme-valdemarne.com\/espace-pro\/wp-content\/uploads\/sites\/3\/2023\/03\/site-2.jpg","type":"image\/jpeg"}],"twitter_card":"summary_large_image","twitter_misc":{"Dur\u00e9e de lecture estim\u00e9e":"2 minutes"},"schema":{"@context":"https:\/\/schema.org","@graph":[{"@type":"WebPage","@id":"https:\/\/www.tourisme-valdemarne.com\/espace-pro\/actualites\/appel-a-candidatures-residence-artistique-a-agrocite-gagarine-ivry-sur-seine\/","url":"https:\/\/www.tourisme-valdemarne.com\/espace-pro\/actualites\/appel-a-candidatures-residence-artistique-a-agrocite-gagarine-ivry-sur-seine\/","name":"Appel \u00e0 candidatures - R\u00e9sidence artistique \u00e0 Agrocit\u00e9 Gagarine (Ivry-sur-Seine) - Espace Pro","isPartOf":{"@id":"https:\/\/www.tourisme-valdemarne.com\/espace-pro\/#website"},"primaryImageOfPage":{"@id":"https:\/\/www.tourisme-valdemarne.com\/espace-pro\/actualites\/appel-a-candidatures-residence-artistique-a-agrocite-gagarine-ivry-sur-seine\/#primaryimage"},"image":{"@id":"https:\/\/www.tourisme-valdemarne.com\/espace-pro\/actualites\/appel-a-candidatures-residence-artistique-a-agrocite-gagarine-ivry-sur-seine\/#primaryimage"},"thumbnailUrl":"https:\/\/www.tourisme-valdemarne.com\/espace-pro\/wp-content\/uploads\/sites\/3\/2023\/03\/site-2.jpg","datePublished":"2023-03-16T10:42:17+00:00","dateModified":"2023-03-16T10:50:09+00:00","description":"L\u2019\u00e9tablissement public d\u2019am\u00e9nagement Orly Rungis \u2013 Seine Amont lance un appel \u00e0 candidature pour une r\u00e9sidence artistique de 3 ans \u00e0 Agrocit\u00e9 Gagarine.","breadcrumb":{"@id":"https:\/\/www.tourisme-valdemarne.com\/espace-pro\/actualites\/appel-a-candidatures-residence-artistique-a-agrocite-gagarine-ivry-sur-seine\/#breadcrumb"},"inLanguage":"fr-FR","potentialAction":[{"@type":"ReadAction","target":["https:\/\/www.tourisme-valdemarne.com\/espace-pro\/actualites\/appel-a-candidatures-residence-artistique-a-agrocite-gagarine-ivry-sur-seine\/"]}]},{"@type":"ImageObject","inLanguage":"fr-FR","@id":"https:\/\/www.tourisme-valdemarne.com\/espace-pro\/actualites\/appel-a-candidatures-residence-artistique-a-agrocite-gagarine-ivry-sur-seine\/#primaryimage","url":"https:\/\/www.tourisme-valdemarne.com\/espace-pro\/wp-content\/uploads\/sites\/3\/2023\/03\/site-2.jpg","contentUrl":"https:\/\/www.tourisme-valdemarne.com\/espace-pro\/wp-content\/uploads\/sites\/3\/2023\/03\/site-2.jpg","width":500,"height":500},{"@type":"BreadcrumbList","@id":"https:\/\/www.tourisme-valdemarne.com\/espace-pro\/actualites\/appel-a-candidatures-residence-artistique-a-agrocite-gagarine-ivry-sur-seine\/#breadcrumb","itemListElement":[{"@type":"ListItem","position":1,"name":"Accueil","item":"https:\/\/www.tourisme-valdemarne.com\/espace-pro\/"},{"@type":"ListItem","position":2,"name":"Actualit\u00e9s de l&rsquo;espace pro","item":"https:\/\/www.tourisme-valdemarne.com\/espace-pro\/actualites\/"},{"@type":"ListItem","position":3,"name":"Appel \u00e0 candidatures &#8211; R\u00e9sidence artistique \u00e0 Agrocit\u00e9 Gagarine (Ivry-sur-Seine)"}]},{"@type":"WebSite","@id":"https:\/\/www.tourisme-valdemarne.com\/espace-pro\/#website","url":"https:\/\/www.tourisme-valdemarne.com\/espace-pro\/","name":"Espace Pro","description":"Informations et outils pour les professionnels et la Presse","potentialAction":[{"@type":"SearchAction","target":{"@type":"EntryPoint","urlTemplate":"https:\/\/www.tourisme-valdemarne.com\/espace-pro\/?s={search_term_string}"},"query-input":{"@type":"PropertyValueSpecification","valueRequired":true,"valueName":"search_term_string"}}],"inLanguage":"fr-FR"}]}},"_links":{"self":[{"href":"https:\/\/www.tourisme-valdemarne.com\/espace-pro\/wp-json\/wp\/v2\/pages\/14555","targetHints":{"allow":["GET"]}}],"collection":[{"href":"https:\/\/www.tourisme-valdemarne.com\/espace-pro\/wp-json\/wp\/v2\/pages"}],"about":[{"href":"https:\/\/www.tourisme-valdemarne.com\/espace-pro\/wp-json\/wp\/v2\/types\/page"}],"author":[{"embeddable":true,"href":"https:\/\/www.tourisme-valdemarne.com\/espace-pro\/wp-json\/wp\/v2\/users\/16"}],"replies":[{"embeddable":true,"href":"https:\/\/www.tourisme-valdemarne.com\/espace-pro\/wp-json\/wp\/v2\/comments?post=14555"}],"version-history":[{"count":5,"href":"https:\/\/www.tourisme-valdemarne.com\/espace-pro\/wp-json\/wp\/v2\/pages\/14555\/revisions"}],"predecessor-version":[{"id":14565,"href":"https:\/\/www.tourisme-valdemarne.com\/espace-pro\/wp-json\/wp\/v2\/pages\/14555\/revisions\/14565"}],"up":[{"embeddable":true,"href":"https:\/\/www.tourisme-valdemarne.com\/espace-pro\/wp-json\/wp\/v2\/pages\/6164"}],"wp:featuredmedia":[{"embeddable":true,"href":"https:\/\/www.tourisme-valdemarne.com\/espace-pro\/wp-json\/wp\/v2\/media\/14558"}],"wp:attachment":[{"href":"https:\/\/www.tourisme-valdemarne.com\/espace-pro\/wp-json\/wp\/v2\/media?parent=14555"}],"wp:term":[{"taxonomy":"vdmTagMarketing","embeddable":true,"href":"https:\/\/www.tourisme-valdemarne.com\/espace-pro\/wp-json\/wp\/v2\/vdmTagMarketing?post=14555"}],"curies":[{"name":"wp","href":"https:\/\/api.w.org\/{rel}","templated":true}]}}