{"id":14144,"date":"2023-01-24T11:27:54","date_gmt":"2023-01-24T10:27:54","guid":{"rendered":"https:\/\/www.tourisme-valdemarne.com\/espace-pro\/?page_id=14144"},"modified":"2025-01-28T16:52:39","modified_gmt":"2025-01-28T15:52:39","slug":"le-label-clef-verte","status":"publish","type":"page","link":"https:\/\/www.tourisme-valdemarne.com\/espace-pro\/expertises-et-projets\/le-label-clef-verte\/","title":{"rendered":"Le label Clef Verte"},"content":{"rendered":"\n<p class=\"is-style-excerpt\"><strong>Val-de-Marne Tourisme &amp; Loisirs accompagne et incite les h\u00e9bergeurs du Val-de-Marne \u00e0 s\u2019engager dans une d\u00e9marche environnementale avec le label Clef Verte.<\/strong><\/p>\n\n\n\n<p>Dans un contexte de crise \u00e9cologique et sanitaire mondiale mettant l\u2019\u00e9conomie et le tourisme en difficult\u00e9, Val-de-Marne Tourisme &amp; Loisirs a souhait\u00e9 mettre en place une aide incitative afin d&rsquo;encourager les pratiques vertueuses pour d\u00e9velopper le tourisme durable en Val-de-Marne.<\/p>\n\n\n\n<p>L\u2019objectif de cette aide exceptionnelle est :<\/p>\n\n\n\n<ul class=\"wp-block-list\">\n<li>de contribuer \u00e0 la transition \u00e9cologique et valoriser les d\u00e9marches engag\u00e9es en direction du tourisme durable dans le d\u00e9partement du Val-de-Marne. Les \u00e9tablissements laur\u00e9ats du label Clef Verte contribuent \u00e0 l \u2019atteinte des 17 Objectifs de d\u00e9veloppement durable de l\u2019ONU<\/li>\n<\/ul>\n\n\n\n<ul class=\"wp-block-list\">\n<li>de r\u00e9pondre aux attentes des client\u00e8les (87% des personnes interrog\u00e9es affirment vouloir voyager de mani\u00e8re plus responsable &#8211; F\u00e9vrier 2019 \u2013 \u00e9tude BOOKING)<\/li>\n<\/ul>\n\n\n\n<ul class=\"wp-block-list\">\n<li>d\u2019aider les professionnels du tourisme du Val-de-Marne \u00e0 sortir de cette crise sanitaire et \u00e9conomique in\u00e9dite<\/li>\n<\/ul>\n\n\n\n<ul class=\"wp-block-list\">\n<li>de diminuer les charges d\u2019exploitation des h\u00e9bergements.<\/li>\n<\/ul>\n\n\n\n<p>Pour cela, Val-de-Marne Tourisme &amp; Loisirs se fait accompagn\u00e9 par <a href=\"https:\/\/www.teragir.org\/\" target=\"_blank\" rel=\"noreferrer noopener\"><strong>l\u2019Association Teragir<\/strong><\/a> pour d\u00e9velopper <a href=\"https:\/\/www.laclefverte.org\/\" target=\"_blank\" rel=\"noreferrer noopener\"><strong>le label Clef Verte<\/strong><\/a> sur son territoire.<\/p>\n\n\n\n<p>Teragir est une association reconnue d\u2019int\u00e9r\u00eat g\u00e9n\u00e9ral qui, depuis sa cr\u00e9ation en 1983, s\u2019est donn\u00e9e pour mission la sensibilisation et l\u2019accompagnement de tous les acteurs de la soci\u00e9t\u00e9 aux enjeux du d\u00e9veloppement durable.<\/p>\n\n\n\n<p>Le <a href=\"https:\/\/www.laclefverte.org\/\" target=\"_blank\" rel=\"noreferrer noopener\"><strong>label Clef Verte<\/strong><\/a> distingue les h\u00e9bergements touristiques engag\u00e9s dans une d\u00e9marche de d\u00e9veloppement durable performante, continue et dynamique. Les crit\u00e8res d\u2019attribution du label concernent la r\u00e9duction de l\u2019impact des \u00e9tablissements sur l\u2019environnement (gestion de l\u2019eau, de l\u2019\u00e9nergie, des d\u00e9chets, achats responsables, qualit\u00e9 du cadre de vie), l\u2019\u00e9ducation au d\u00e9veloppement durable (des collaborateurs comme des clients) et la mise en \u0153uvre d\u2019une d\u00e9marche de responsabilit\u00e9 sociale.<\/p>\n\n\n\n<p>Val-de-Marne Tourisme et Loisirs propose aux h\u00e9bergements souhaitant entrer dans cette d\u00e9marche de labellisation&nbsp;:<\/p>\n\n\n\n<h2 class=\"wp-block-heading\">Un accompagnement personnalis\u00e9<\/h2>\n\n\n\n<p>Pour les campagnes 2023-2024, Val-de-Marne Tourisme &amp; Loisirs, avec l\u2019aide de l\u2019Association Teragir, a organis\u00e9 des r\u00e9unions de pr\u00e9sentation, de sensibilisation et des ateliers op\u00e9rationnels d\u2019accompagnements des professionnels dans cette d\u00e9marche.<\/p>\n\n\n\n<br>\n\n\n\n<h2 class=\"wp-block-heading\">Des aides incitatives en Val-de-Marne<\/h2>\n\n\n\n<p>En 2023 et 2024, en plus des ateliers permettant aux h\u00e9bergeurs (h\u00f4tels, r\u00e9sidences de tourisme, auberges de jeunesse, campings) de se pr\u00e9parer \u00e0 la labellisation Clef Verte, <strong>Val-de-Marne Tourisme &amp; Loisirs a pris en charge, pour les 10 premiers nouveaux candidats, une participation forfaitaire (222,50 \u20ac pour les h\u00f4tels et 247,50 \u20ac pour les r\u00e9sidences de tourisme) des frais annuels du label pour la 1\u00e8re ann\u00e9e<\/strong>.<\/p>\n\n\n<div class=\"wp-block-image\">\n<figure class=\"aligncenter size-full is-resized\"><a href=\"https:\/\/www.laclefverte.org\/\" target=\"_blank\" rel=\"noopener\"><img width=\"349\" height=\"400\" data-src=\"https:\/\/www.tourisme-valdemarne.com\/espace-pro\/wp-content\/uploads\/sites\/3\/2023\/01\/logo-cv-400.jpeg\" alt=\"logo clef verte\" class=\"wp-image-14145\" style=\"width:262px;height:300px\" srcset=\"https:\/\/www.tourisme-valdemarne.com\/espace-pro\/wp-content\/uploads\/sites\/3\/2023\/01\/logo-cv-400.jpeg 349w, https:\/\/www.tourisme-valdemarne.com\/espace-pro\/wp-content\/uploads\/sites\/3\/2023\/01\/logo-cv-400-200x229.jpeg 200w\" sizes=\"(max-width: 349px) 100vw, 349px\" \/><\/a><\/figure><\/div>\n\n\n<h2 class=\"wp-block-heading\">Le label Clef Verte en plein d\u00e9veloppement en Val-de-Marne<\/h2>\n\n\n\n<p>F\u00e9licitations aux 8 laur\u00e9ats val-de-marnais dont 6 nouveaux accompagn\u00e9s par Comit\u00e9 d\u00e9partemental du tourisme du Val-de-Marne en partenariat avec <a href=\"https:\/\/www.linkedin.com\/company\/teragir\/\">Teragir<\/a> et le Club H\u00f4telier du Val-de-Marne.<\/p>\n\n\n\n<p><strong>Laur\u00e9ats 2024<\/strong> : Ibis Budget Saint-Maurice, Mercure Paris Ivry Quai de Seine, Appart&rsquo;City Confort Paris Villejuif, Novotel Paris Cr\u00e9teil Le Lac, H\u00f4tel Premi\u00e8re Classe Rungis, Campanile Cr\u00e9teil Centre, H\u00f4tel Courtyard Paris Cr\u00e9teil, Courtyard By Marriott Paris Arcueil.<\/p>\n\n\n\n<p><strong>En 2025<\/strong> la liste des \u00e9tablissements labellis\u00e9s a \u00e9t\u00e9 mise \u00e0 jour. On retrouve donc en Val-de-Marne 22 laur\u00e9ats dont 14 nouveaux ! Voici les nouveaux laur\u00e9ats 2025 : All suites Choisy le Roi, Ibis Paris Porte De Bercy, Ibis Budget Fresnes, Jo&amp;Joe Paris Gentilly, COMFORT HOTEL PARIS PORTE D&rsquo;IVRY, Greet Hotel Paris 13 Porte D&rsquo;Italie, Novotel Paris 13 Porte D&rsquo;Italie, Ibis Budget Paris Coeur D&rsquo;Orly Airport, ALL SUITES APPARTHOTELS A\u00c9ROPORT PARIS ORLY<br>RUNGIS, BEST WESTERN PLUS PARIS ORLY AIRPORT, Comfort Rungis, Novotel Paris Orly Rungis, Ibis Styles Paris Villejuif, ADAGIO VINCENNES.<\/p>\n\n\n\n<h2 class=\"wp-block-heading\">Nouveaut\u00e9 2025 : deux parcours de candidature au label Clef Verte<\/h2>\n\n\n\n<figure class=\"wp-block-image size-full\"><img width=\"1024\" height=\"768\" data-src=\"https:\/\/www.tourisme-valdemarne.com\/espace-pro\/wp-content\/uploads\/sites\/3\/2024\/11\/2-parcours-candidatures-clef-verte.png\" alt=\"\" class=\"wp-image-28199\" srcset=\"https:\/\/www.tourisme-valdemarne.com\/espace-pro\/wp-content\/uploads\/sites\/3\/2024\/11\/2-parcours-candidatures-clef-verte.png 1024w, https:\/\/www.tourisme-valdemarne.com\/espace-pro\/wp-content\/uploads\/sites\/3\/2024\/11\/2-parcours-candidatures-clef-verte-600x450.png 600w, https:\/\/www.tourisme-valdemarne.com\/espace-pro\/wp-content\/uploads\/sites\/3\/2024\/11\/2-parcours-candidatures-clef-verte-900x675.png 900w, https:\/\/www.tourisme-valdemarne.com\/espace-pro\/wp-content\/uploads\/sites\/3\/2024\/11\/2-parcours-candidatures-clef-verte-380x285.png 380w, https:\/\/www.tourisme-valdemarne.com\/espace-pro\/wp-content\/uploads\/sites\/3\/2024\/11\/2-parcours-candidatures-clef-verte-200x150.png 200w\" sizes=\"(max-width: 1024px) 100vw, 1024px\" \/><figcaption class=\"wp-element-caption\">Deux parcours de candidatures au label Clef Verte pour 2025<\/figcaption><\/figure>\n\n\n\n<p>Le label Clef Verte ouvre d\u00e8s maintenant les candidatures pour les \u00e9tablissements souhaitant demander leur labellisation au d\u00e9but de l&rsquo;ann\u00e9e 2025. Ce lancement anticip\u00e9 par rapport aux ann\u00e9es pr\u00e9c\u00e9dentes vise \u00e0 offrir un accompagnement renforc\u00e9 aux h\u00e9bergements touristiques et restaurants engag\u00e9s dans une d\u00e9marche de d\u00e9veloppement durable.<\/p>\n\n\n\n<h3 class=\"wp-block-heading\">3 dates \u00e0 retenir <\/h3>\n\n\n\n<ul class=\"wp-block-list\">\n<li><strong>Du 15 au 25 novembre 2024<\/strong>\u202f: 7 webinaires de pr\u00e9sentation du label et des crit\u00e8res, anim\u00e9s par l\u2019\u00e9quipe Clef Verte [<a href=\"https:\/\/0y5wk.mjt.lu\/lnk\/AcEAAAbVWAgAAAAAAAAAAPHorvsAAYCsr68AAAAAACRrhgBnDPwvYO8u8PlYQHe6LeA04AHIXgAiAgQ\/1\/_OzKjy1YQYxtjz-4TgA62w\/aHR0cHM6Ly93d3cubGFjbGVmdmVydGUub3JnL2VzcGFjZS1wcm8v\" target=\"_blank\" rel=\"noreferrer noopener\">inscription ici<\/a>]<\/li>\n\n\n\n<li><strong>Du 04 au 18 d\u00e9cembre 2024<\/strong>\u202f: 6 webinaires \u00ab\u202fQuestions R\u00e9ponses\u202f\u00bb pour \u00e9changer avec les membres de l\u2019\u00e9quipe Clef Verte.<\/li>\n\n\n\n<li><strong>\u00c0 tout moment<\/strong>\u202f: cr\u00e9ation d\u2019un compte pour votre \u00e9tablissement sur la plateforme <a href=\"https:\/\/0y5wk.mjt.lu\/lnk\/AcEAAAbVWAgAAAAAAAAAAPHorvsAAYCsr68AAAAAACRrhgBnDPwvYO8u8PlYQHe6LeA04AHIXgAiAgQ\/2\/ZK0O2RUGenu4BZFdbF-aBA\/aHR0cHM6Ly9wcm8ubGFjbGVmdmVydGUub3Jn\" target=\"_blank\" rel=\"noreferrer noopener\">https:\/\/pro.laclefverte.org<\/a> &nbsp;<\/li>\n\n\n\n<li><strong>Du 15 janvier au 15 avril 2025<\/strong>\u202f: envoi du dossier de candidature. Un envoi avant le 31 janvier 2025 permettra aux \u00e9tablissements de b\u00e9n\u00e9ficier d\u2019un pr\u00e9-accompagnement individuel en f\u00e9vrier-mars (dans la limite de 200 \u00e9tablissements).&nbsp;<\/li>\n<\/ul>\n\n\n\n<h3 class=\"wp-block-heading\">Pourquoi profiter d&rsquo;un pr\u00e9-accompagnement individuel ?<\/h3>\n\n\n\n<ul class=\"wp-block-list\">\n<li><strong>Une revue avant l\u2019audit des 15 crit\u00e8res<\/strong> qui posent habituellement le plus de difficult\u00e9s aux \u00e9tablissements<\/li>\n\n\n\n<li>Une possibilit\u00e9 de travailler sur son dossier plus t\u00f4t dans l\u2019ann\u00e9e et \u00e9viter ainsi la haute saison<\/li>\n\n\n\n<li>Pour les dossiers pr\u00eats au 30 mai, <strong>un jury anticip\u00e9 exceptionnel<\/strong> qui permettra une labellisation six mois plus t\u00f4t, c\u2019est \u00e0 dire d\u00e8s le 1er juillet 2025.&nbsp;<\/li>\n<\/ul>\n\n\n\n<h3 class=\"wp-block-heading\">Vous souhaitez \u00eatre candidat au label Clef Verte en 2025 ? <\/h3>\n\n\n\n<ol class=\"wp-block-list\">\n<li><a href=\"https:\/\/www.laclefverte.org\/espace-pro\/comment-%C3%AAtre-candidat-au-label-clef-verte\/\" target=\"_blank\" rel=\"noreferrer noopener\">Retrouvez sur le site Clef Verte l&rsquo;explication compl\u00e8te du processus de candidature<\/a>. <\/li>\n\n\n\n<li><a href=\"https:\/\/www.laclefverte.org\/espace-pro\/\" target=\"_blank\" rel=\"noreferrer noopener\">Inscrivez-vous \u00e9galement aux webinaires de pr\u00e9sentation du label et des crit\u00e8res. <\/a><\/li>\n<\/ol>\n","protected":false},"excerpt":{"rendered":"<p>Val-de-Marne Tourisme &amp; Loisirs accompagne et incite les h\u00e9bergeurs du Val-de-Marne \u00e0 s\u2019engager dans une d\u00e9marche environnementale avec le label Clef Verte. Dans un contexte de crise \u00e9cologique et sanitaire mondiale mettant l\u2019\u00e9conomie et le tourisme en difficult\u00e9, Val-de-Marne Tourisme &amp; Loisirs a souhait\u00e9 mettre en place une aide incitative afin d&rsquo;encourager les pratiques vertueuses [&hellip;]<\/p>\n","protected":false},"author":16,"featured_media":14145,"parent":11,"menu_order":10,"comment_status":"closed","ping_status":"closed","template":"","meta":{"_relevanssi_hide_post":"","_relevanssi_hide_content":"","_relevanssi_pin_for_all":"","_relevanssi_pin_keywords":"","_relevanssi_unpin_keywords":"","_relevanssi_related_keywords":"","_relevanssi_related_include_ids":"","_relevanssi_related_exclude_ids":"","_relevanssi_related_no_append":"","_relevanssi_related_not_related":"","_relevanssi_related_posts":"8095,2751,8077,8101,8104,446","_relevanssi_noindex_reason":"","footnotes":""},"vdmTagMarketing":[],"class_list":["post-14144","page","type-page","status-publish","has-post-thumbnail","hentry"],"acf":[],"yoast_head":"<!-- This site is optimized with the Yoast SEO plugin v23.9 - https:\/\/yoast.com\/wordpress\/plugins\/seo\/ -->\n<title>Le label Clef Verte - Espace Pro<\/title>\n<meta name=\"description\" content=\"Val-de-Marne Tourisme et Loisirs accompagne les h\u00e9bergeurs \u00e0 s\u2019engager dans une d\u00e9marche environnementale avec le label Clef Verte.\" \/>\n<meta name=\"robots\" content=\"index, follow, max-snippet:-1, max-image-preview:large, max-video-preview:-1\" \/>\n<link rel=\"canonical\" href=\"https:\/\/www.tourisme-valdemarne.com\/espace-pro\/expertises-et-projets\/le-label-clef-verte\/\" \/>\n<meta property=\"og:locale\" content=\"fr_FR\" \/>\n<meta property=\"og:type\" content=\"article\" \/>\n<meta property=\"og:title\" content=\"Le label Clef Verte - Espace Pro\" \/>\n<meta property=\"og:description\" content=\"Val-de-Marne Tourisme et Loisirs accompagne les h\u00e9bergeurs \u00e0 s\u2019engager dans une d\u00e9marche environnementale avec le label Clef Verte.\" \/>\n<meta property=\"og:url\" content=\"https:\/\/www.tourisme-valdemarne.com\/espace-pro\/expertises-et-projets\/le-label-clef-verte\/\" \/>\n<meta property=\"og:site_name\" content=\"Espace Pro\" \/>\n<meta property=\"article:modified_time\" content=\"2025-01-28T15:52:39+00:00\" \/>\n<meta property=\"og:image\" content=\"https:\/\/www.tourisme-valdemarne.com\/espace-pro\/wp-content\/uploads\/sites\/3\/2023\/01\/logo-cv-400.jpeg\" \/>\n\t<meta property=\"og:image:width\" content=\"349\" \/>\n\t<meta property=\"og:image:height\" content=\"400\" \/>\n\t<meta property=\"og:image:type\" content=\"image\/jpeg\" \/>\n<meta name=\"twitter:card\" content=\"summary_large_image\" \/>\n<meta name=\"twitter:label1\" content=\"Dur\u00e9e de lecture estim\u00e9e\" \/>\n\t<meta name=\"twitter:data1\" content=\"5 minutes\" \/>\n<script type=\"application\/ld+json\" class=\"yoast-schema-graph\">{\"@context\":\"https:\/\/schema.org\",\"@graph\":[{\"@type\":\"WebPage\",\"@id\":\"https:\/\/www.tourisme-valdemarne.com\/espace-pro\/expertises-et-projets\/le-label-clef-verte\/\",\"url\":\"https:\/\/www.tourisme-valdemarne.com\/espace-pro\/expertises-et-projets\/le-label-clef-verte\/\",\"name\":\"Le label Clef Verte - Espace Pro\",\"isPartOf\":{\"@id\":\"https:\/\/www.tourisme-valdemarne.com\/espace-pro\/#website\"},\"primaryImageOfPage\":{\"@id\":\"https:\/\/www.tourisme-valdemarne.com\/espace-pro\/expertises-et-projets\/le-label-clef-verte\/#primaryimage\"},\"image\":{\"@id\":\"https:\/\/www.tourisme-valdemarne.com\/espace-pro\/expertises-et-projets\/le-label-clef-verte\/#primaryimage\"},\"thumbnailUrl\":\"https:\/\/www.tourisme-valdemarne.com\/espace-pro\/wp-content\/uploads\/sites\/3\/2023\/01\/logo-cv-400.jpeg\",\"datePublished\":\"2023-01-24T10:27:54+00:00\",\"dateModified\":\"2025-01-28T15:52:39+00:00\",\"description\":\"Val-de-Marne Tourisme et Loisirs accompagne les h\u00e9bergeurs \u00e0 s\u2019engager dans une d\u00e9marche environnementale avec le label Clef Verte.\",\"breadcrumb\":{\"@id\":\"https:\/\/www.tourisme-valdemarne.com\/espace-pro\/expertises-et-projets\/le-label-clef-verte\/#breadcrumb\"},\"inLanguage\":\"fr-FR\",\"potentialAction\":[{\"@type\":\"ReadAction\",\"target\":[\"https:\/\/www.tourisme-valdemarne.com\/espace-pro\/expertises-et-projets\/le-label-clef-verte\/\"]}]},{\"@type\":\"ImageObject\",\"inLanguage\":\"fr-FR\",\"@id\":\"https:\/\/www.tourisme-valdemarne.com\/espace-pro\/expertises-et-projets\/le-label-clef-verte\/#primaryimage\",\"url\":\"https:\/\/www.tourisme-valdemarne.com\/espace-pro\/wp-content\/uploads\/sites\/3\/2023\/01\/logo-cv-400.jpeg\",\"contentUrl\":\"https:\/\/www.tourisme-valdemarne.com\/espace-pro\/wp-content\/uploads\/sites\/3\/2023\/01\/logo-cv-400.jpeg\",\"width\":349,\"height\":400,\"caption\":\"logo clef verte\"},{\"@type\":\"BreadcrumbList\",\"@id\":\"https:\/\/www.tourisme-valdemarne.com\/espace-pro\/expertises-et-projets\/le-label-clef-verte\/#breadcrumb\",\"itemListElement\":[{\"@type\":\"ListItem\",\"position\":1,\"name\":\"Accueil\",\"item\":\"https:\/\/www.tourisme-valdemarne.com\/espace-pro\/\"},{\"@type\":\"ListItem\",\"position\":2,\"name\":\"Expertises et projets\",\"item\":\"https:\/\/www.tourisme-valdemarne.com\/espace-pro\/expertises-et-projets\/\"},{\"@type\":\"ListItem\",\"position\":3,\"name\":\"Le label Clef Verte\"}]},{\"@type\":\"WebSite\",\"@id\":\"https:\/\/www.tourisme-valdemarne.com\/espace-pro\/#website\",\"url\":\"https:\/\/www.tourisme-valdemarne.com\/espace-pro\/\",\"name\":\"Espace Pro\",\"description\":\"Informations et outils pour les professionnels et la Presse\",\"potentialAction\":[{\"@type\":\"SearchAction\",\"target\":{\"@type\":\"EntryPoint\",\"urlTemplate\":\"https:\/\/www.tourisme-valdemarne.com\/espace-pro\/?s={search_term_string}\"},\"query-input\":{\"@type\":\"PropertyValueSpecification\",\"valueRequired\":true,\"valueName\":\"search_term_string\"}}],\"inLanguage\":\"fr-FR\"}]}<\/script>\n<!-- \/ Yoast SEO plugin. -->","yoast_head_json":{"title":"Le label Clef Verte - Espace Pro","description":"Val-de-Marne Tourisme et Loisirs accompagne les h\u00e9bergeurs \u00e0 s\u2019engager dans une d\u00e9marche environnementale avec le label Clef Verte.","robots":{"index":"index","follow":"follow","max-snippet":"max-snippet:-1","max-image-preview":"max-image-preview:large","max-video-preview":"max-video-preview:-1"},"canonical":"https:\/\/www.tourisme-valdemarne.com\/espace-pro\/expertises-et-projets\/le-label-clef-verte\/","og_locale":"fr_FR","og_type":"article","og_title":"Le label Clef Verte - Espace Pro","og_description":"Val-de-Marne Tourisme et Loisirs accompagne les h\u00e9bergeurs \u00e0 s\u2019engager dans une d\u00e9marche environnementale avec le label Clef Verte.","og_url":"https:\/\/www.tourisme-valdemarne.com\/espace-pro\/expertises-et-projets\/le-label-clef-verte\/","og_site_name":"Espace Pro","article_modified_time":"2025-01-28T15:52:39+00:00","og_image":[{"width":349,"height":400,"url":"https:\/\/www.tourisme-valdemarne.com\/espace-pro\/wp-content\/uploads\/sites\/3\/2023\/01\/logo-cv-400.jpeg","type":"image\/jpeg"}],"twitter_card":"summary_large_image","twitter_misc":{"Dur\u00e9e de lecture estim\u00e9e":"5 minutes"},"schema":{"@context":"https:\/\/schema.org","@graph":[{"@type":"WebPage","@id":"https:\/\/www.tourisme-valdemarne.com\/espace-pro\/expertises-et-projets\/le-label-clef-verte\/","url":"https:\/\/www.tourisme-valdemarne.com\/espace-pro\/expertises-et-projets\/le-label-clef-verte\/","name":"Le label Clef Verte - Espace Pro","isPartOf":{"@id":"https:\/\/www.tourisme-valdemarne.com\/espace-pro\/#website"},"primaryImageOfPage":{"@id":"https:\/\/www.tourisme-valdemarne.com\/espace-pro\/expertises-et-projets\/le-label-clef-verte\/#primaryimage"},"image":{"@id":"https:\/\/www.tourisme-valdemarne.com\/espace-pro\/expertises-et-projets\/le-label-clef-verte\/#primaryimage"},"thumbnailUrl":"https:\/\/www.tourisme-valdemarne.com\/espace-pro\/wp-content\/uploads\/sites\/3\/2023\/01\/logo-cv-400.jpeg","datePublished":"2023-01-24T10:27:54+00:00","dateModified":"2025-01-28T15:52:39+00:00","description":"Val-de-Marne Tourisme et Loisirs accompagne les h\u00e9bergeurs \u00e0 s\u2019engager dans une d\u00e9marche environnementale avec le label Clef Verte.","breadcrumb":{"@id":"https:\/\/www.tourisme-valdemarne.com\/espace-pro\/expertises-et-projets\/le-label-clef-verte\/#breadcrumb"},"inLanguage":"fr-FR","potentialAction":[{"@type":"ReadAction","target":["https:\/\/www.tourisme-valdemarne.com\/espace-pro\/expertises-et-projets\/le-label-clef-verte\/"]}]},{"@type":"ImageObject","inLanguage":"fr-FR","@id":"https:\/\/www.tourisme-valdemarne.com\/espace-pro\/expertises-et-projets\/le-label-clef-verte\/#primaryimage","url":"https:\/\/www.tourisme-valdemarne.com\/espace-pro\/wp-content\/uploads\/sites\/3\/2023\/01\/logo-cv-400.jpeg","contentUrl":"https:\/\/www.tourisme-valdemarne.com\/espace-pro\/wp-content\/uploads\/sites\/3\/2023\/01\/logo-cv-400.jpeg","width":349,"height":400,"caption":"logo clef verte"},{"@type":"BreadcrumbList","@id":"https:\/\/www.tourisme-valdemarne.com\/espace-pro\/expertises-et-projets\/le-label-clef-verte\/#breadcrumb","itemListElement":[{"@type":"ListItem","position":1,"name":"Accueil","item":"https:\/\/www.tourisme-valdemarne.com\/espace-pro\/"},{"@type":"ListItem","position":2,"name":"Expertises et projets","item":"https:\/\/www.tourisme-valdemarne.com\/espace-pro\/expertises-et-projets\/"},{"@type":"ListItem","position":3,"name":"Le label Clef Verte"}]},{"@type":"WebSite","@id":"https:\/\/www.tourisme-valdemarne.com\/espace-pro\/#website","url":"https:\/\/www.tourisme-valdemarne.com\/espace-pro\/","name":"Espace Pro","description":"Informations et outils pour les professionnels et la Presse","potentialAction":[{"@type":"SearchAction","target":{"@type":"EntryPoint","urlTemplate":"https:\/\/www.tourisme-valdemarne.com\/espace-pro\/?s={search_term_string}"},"query-input":{"@type":"PropertyValueSpecification","valueRequired":true,"valueName":"search_term_string"}}],"inLanguage":"fr-FR"}]}},"_links":{"self":[{"href":"https:\/\/www.tourisme-valdemarne.com\/espace-pro\/wp-json\/wp\/v2\/pages\/14144","targetHints":{"allow":["GET"]}}],"collection":[{"href":"https:\/\/www.tourisme-valdemarne.com\/espace-pro\/wp-json\/wp\/v2\/pages"}],"about":[{"href":"https:\/\/www.tourisme-valdemarne.com\/espace-pro\/wp-json\/wp\/v2\/types\/page"}],"author":[{"embeddable":true,"href":"https:\/\/www.tourisme-valdemarne.com\/espace-pro\/wp-json\/wp\/v2\/users\/16"}],"replies":[{"embeddable":true,"href":"https:\/\/www.tourisme-valdemarne.com\/espace-pro\/wp-json\/wp\/v2\/comments?post=14144"}],"version-history":[{"count":18,"href":"https:\/\/www.tourisme-valdemarne.com\/espace-pro\/wp-json\/wp\/v2\/pages\/14144\/revisions"}],"predecessor-version":[{"id":28603,"href":"https:\/\/www.tourisme-valdemarne.com\/espace-pro\/wp-json\/wp\/v2\/pages\/14144\/revisions\/28603"}],"up":[{"embeddable":true,"href":"https:\/\/www.tourisme-valdemarne.com\/espace-pro\/wp-json\/wp\/v2\/pages\/11"}],"wp:featuredmedia":[{"embeddable":true,"href":"https:\/\/www.tourisme-valdemarne.com\/espace-pro\/wp-json\/wp\/v2\/media\/14145"}],"wp:attachment":[{"href":"https:\/\/www.tourisme-valdemarne.com\/espace-pro\/wp-json\/wp\/v2\/media?parent=14144"}],"wp:term":[{"taxonomy":"vdmTagMarketing","embeddable":true,"href":"https:\/\/www.tourisme-valdemarne.com\/espace-pro\/wp-json\/wp\/v2\/vdmTagMarketing?post=14144"}],"curies":[{"name":"wp","href":"https:\/\/api.w.org\/{rel}","templated":true}]}}