{"id":136,"date":"2019-04-16T16:09:42","date_gmt":"2019-04-16T14:09:42","guid":{"rendered":"https:\/\/www.tourisme-valdemarne.com\/espace-pro\/etudes-et-enquetes"},"modified":"2024-02-13T15:18:50","modified_gmt":"2024-02-13T14:18:50","slug":"etudes-et-enquetes","status":"publish","type":"page","link":"https:\/\/www.tourisme-valdemarne.com\/espace-pro\/observatoire-du-tourisme\/etudes-et-enquetes\/","title":{"rendered":"Etudes et enqu\u00eates"},"content":{"rendered":"\n<p class=\"is-style-excerpt\">Retrouvez les diverses \u00e9tudes et enqu\u00eates command\u00e9es par Val-de-Marne Tourisme &amp; Loisirs qui permettront aux professionnels d&rsquo;appr\u00e9hender le territoire val-de-marnais.<\/p>\n\n\n\n<h2 class=\"wp-block-heading\">Novembre 2020 : LAncement des enqu\u00eates sur l&rsquo;impact de la Covid-19<\/h2>\n\n\n\n<p>Alors qu&rsquo;en novembre 2020, nous sommes au c\u0153ur d&rsquo;un <strong>second confinement<\/strong> d\u00fb \u00e0 la crise sanitaire de la Covid-19, Val-de-Marne Tourisme &amp; Loisirs lance une <strong>grande vague d&rsquo;enqu\u00eates destin\u00e9es aux professionnels du tourisme et de la culture val-de-marnais<\/strong> afin de conna\u00eetre les impacts de la crise.<\/p>\n\n\n\n<div class=\"wp-block-button aligncenter\"><a class=\"wp-block-button__link\" href=\"https:\/\/www.tourisme-valdemarne.com\/espace-pro\/observatoire-du-tourisme\/etudes-et-enquetes\/enquete-bilan-quel-impact-a-la-crise-sanitaire-sur-le-tourisme-val-de-marnais\/\">D\u00e9couvrir les enqu\u00eates sur l&rsquo;impact du Covid-19<\/a><\/div>\n\n\n\n<h2 class=\"wp-block-heading\">Avril 2016 : Enqu\u00eate aupr\u00e8s des val-de-marnais<\/h2>\n\n\n\n<p>Retrouvez la derni\u00e8re enqu\u00eate r\u00e9alis\u00e9e par Val-de-Marne Tourisme &amp; Loisirs avec l&rsquo;IFOP sur la pratique des loisirs des val-de-marnais :<\/p>\n\n\n\n<div class=\"wp-block-button aligncenter is-style-download\"><a class=\"wp-block-button__link\" href=\"https:\/\/www.tourisme-valdemarne.com\/espace-pro\/wp-content\/uploads\/sites\/3\/2019\/06\/enquete-val-de-marnais-pratiques-loisirs.pdf\">T\u00e9l\u00e9charger l&rsquo;enqu\u00eate<\/a><\/div>\n\n\n\n<p><br>Consultez \u00e9galement l&rsquo;ensemble des derni\u00e8res \u00e9tudes et enqu\u00eates men\u00e9es par Val-de-Marne Tourisme &amp; Loisirs:<\/p>\n\n\n\n<p>Quel est le nombre d\u2019\u00e9tablissements touristiques ? Le chiffre d\u2019affaires r\u00e9alis\u00e9 gr\u00e2ce aux touristes ? Le nombre d\u2019emplois touristiques ? Quelles sont les client\u00e8les des sites d\u00e9partementaux ? Leurs attentes ?<\/p>\n\n\n\n<h3 class=\"wp-block-heading\">T\u00e9l\u00e9chargez les \u00e9tudes<\/h3>\n\n\n\n<ul class=\"wp-block-list\"><li><a rel=\"noreferrer noopener\" aria-label=\"Etude sur le poids \u00e9conomique du tourisme en Val-de-Marne (s\u2019ouvre dans un nouvel onglet)\" href=\"https:\/\/www.tourisme-valdemarne.com\/espace-pro\/wp-content\/uploads\/sites\/3\/2019\/06\/plaquette-etude-poids-eco-tourisme-2012.pdf\" target=\"_blank\">Etude sur le poids \u00e9conomique du tourisme en Val-de-Marne<\/a><\/li><li><a rel=\"noreferrer noopener\" aria-label=\"Etude de la client\u00e8le touristique en Val-de-Marne (CDT Val-de-Marne\/Cabinet MICA Research) (s\u2019ouvre dans un nouvel onglet)\" href=\"https:\/\/www.tourisme-valdemarne.com\/espace-pro\/wp-content\/uploads\/sites\/3\/2019\/06\/presentation_etude_clientele_rencontres_du_tourisme.pdf\" target=\"_blank\">Etude de la client\u00e8le touristique en Val-de-Marne (CDT Val-de-Marne\/Cabinet MICA Research)<\/a><\/li><li><a href=\"https:\/\/www.tourisme-valdemarne.com\/espace-pro\/wp-content\/uploads\/sites\/3\/2019\/06\/etude_hoteliere_gdorly.pdf\" target=\"_blank\" rel=\"noreferrer noopener\" aria-label=\"P\u00f4le \u00e9conomique d\u2019Orly : Etude prospective et d\u2019opportunit\u00e9 de l\u2019h\u00e9bergement marchand\u2028 (s\u2019ouvre dans un nouvel onglet)\">P\u00f4le \u00e9conomique d\u2019Orly : Etude prospective et d\u2019opportunit\u00e9 de l\u2019h\u00e9bergement marchand<\/a><\/li><li><a rel=\"noreferrer noopener\" aria-label=\"Etude des usages et fr\u00e9quentations des bords de Marne et de Seine (s\u2019ouvre dans un nouvel onglet)\" href=\"https:\/\/www.tourisme-valdemarne.com\/espace-pro\/wp-content\/uploads\/sites\/3\/2019\/06\/val-de-marne-tourisme-frquentation-marne-seine-synthese.pdf\" target=\"_blank\">Etude des usages et fr\u00e9quentations des bords de Marne et de Seine<\/a><\/li><\/ul>\n\n\n\n<h3 class=\"wp-block-heading\">T\u00e9l\u00e9chargez les enqu\u00eates<\/h3>\n\n\n\n<ul class=\"wp-block-list\"><li><a rel=\"noreferrer noopener\" aria-label=\"R\u00e9sultats enqu\u00eate Tourisme d'Affaires 2011 (s\u2019ouvre dans un nouvel onglet)\" href=\"https:\/\/www.tourisme-valdemarne.com\/espace-pro\/wp-content\/uploads\/sites\/3\/2019\/06\/resultats-enquete-tourisme-daffaires-2011.pdf\" target=\"_blank\">R\u00e9sultats enqu\u00eate Tourisme d&rsquo;Affaires 2011<\/a><\/li><\/ul>\n","protected":false},"excerpt":{"rendered":"<p>Retrouvez les diverses \u00e9tudes et enqu\u00eates command\u00e9es par Val-de-Marne Tourisme &amp; Loisirs qui permettront aux professionnels d&rsquo;appr\u00e9hender le territoire val-de-marnais. Novembre 2020 : LAncement des enqu\u00eates sur l&rsquo;impact de la Covid-19 Alors qu&rsquo;en novembre 2020, nous sommes au c\u0153ur d&rsquo;un second confinement d\u00fb \u00e0 la crise sanitaire de la Covid-19, Val-de-Marne Tourisme &amp; Loisirs lance [&hellip;]<\/p>\n","protected":false},"author":1,"featured_media":3307,"parent":13,"menu_order":100,"comment_status":"closed","ping_status":"closed","template":"","meta":{"_relevanssi_hide_post":"","_relevanssi_hide_content":"","_relevanssi_pin_for_all":"","_relevanssi_pin_keywords":"","_relevanssi_unpin_keywords":"","_relevanssi_related_keywords":"","_relevanssi_related_include_ids":"","_relevanssi_related_exclude_ids":"","_relevanssi_related_no_append":"","_relevanssi_related_not_related":"","_relevanssi_related_posts":"442,2741,2751,8108,8074,2745","_relevanssi_noindex_reason":"","footnotes":""},"vdmTagMarketing":[],"class_list":["post-136","page","type-page","status-publish","has-post-thumbnail","hentry"],"acf":[],"yoast_head":"<!-- This site is optimized with the Yoast SEO plugin v23.9 - https:\/\/yoast.com\/wordpress\/plugins\/seo\/ -->\n<title>Etudes et enqu\u00eates - Espace Pro<\/title>\n<meta name=\"robots\" content=\"index, follow, max-snippet:-1, max-image-preview:large, max-video-preview:-1\" \/>\n<link rel=\"canonical\" href=\"https:\/\/www.tourisme-valdemarne.com\/espace-pro\/observatoire-du-tourisme\/etudes-et-enquetes\/\" \/>\n<meta property=\"og:locale\" content=\"fr_FR\" \/>\n<meta property=\"og:type\" content=\"article\" \/>\n<meta property=\"og:title\" content=\"Etudes et enqu\u00eates - Espace Pro\" \/>\n<meta property=\"og:description\" content=\"Retrouvez les diverses \u00e9tudes et enqu\u00eates command\u00e9es par Val-de-Marne Tourisme &amp; Loisirs qui permettront aux professionnels d&rsquo;appr\u00e9hender le territoire val-de-marnais. Novembre 2020 : LAncement des enqu\u00eates sur l&rsquo;impact de la Covid-19 Alors qu&rsquo;en novembre 2020, nous sommes au c\u0153ur d&rsquo;un second confinement d\u00fb \u00e0 la crise sanitaire de la Covid-19, Val-de-Marne Tourisme &amp; Loisirs lance [&hellip;]\" \/>\n<meta property=\"og:url\" content=\"https:\/\/www.tourisme-valdemarne.com\/espace-pro\/observatoire-du-tourisme\/etudes-et-enquetes\/\" \/>\n<meta property=\"og:site_name\" content=\"Espace Pro\" \/>\n<meta property=\"article:modified_time\" content=\"2024-02-13T14:18:50+00:00\" \/>\n<meta property=\"og:image\" content=\"https:\/\/www.tourisme-valdemarne.com\/espace-pro\/wp-content\/uploads\/sites\/3\/2019\/06\/graphiques-analyse.jpg\" \/>\n\t<meta property=\"og:image:width\" content=\"1600\" \/>\n\t<meta property=\"og:image:height\" content=\"1060\" \/>\n\t<meta property=\"og:image:type\" content=\"image\/jpeg\" \/>\n<meta name=\"twitter:card\" content=\"summary_large_image\" \/>\n<meta name=\"twitter:label1\" content=\"Dur\u00e9e de lecture estim\u00e9e\" \/>\n\t<meta name=\"twitter:data1\" content=\"2 minutes\" \/>\n<script type=\"application\/ld+json\" class=\"yoast-schema-graph\">{\"@context\":\"https:\/\/schema.org\",\"@graph\":[{\"@type\":\"WebPage\",\"@id\":\"https:\/\/www.tourisme-valdemarne.com\/espace-pro\/observatoire-du-tourisme\/etudes-et-enquetes\/\",\"url\":\"https:\/\/www.tourisme-valdemarne.com\/espace-pro\/observatoire-du-tourisme\/etudes-et-enquetes\/\",\"name\":\"Etudes et enqu\u00eates - Espace Pro\",\"isPartOf\":{\"@id\":\"https:\/\/www.tourisme-valdemarne.com\/espace-pro\/#website\"},\"primaryImageOfPage\":{\"@id\":\"https:\/\/www.tourisme-valdemarne.com\/espace-pro\/observatoire-du-tourisme\/etudes-et-enquetes\/#primaryimage\"},\"image\":{\"@id\":\"https:\/\/www.tourisme-valdemarne.com\/espace-pro\/observatoire-du-tourisme\/etudes-et-enquetes\/#primaryimage\"},\"thumbnailUrl\":\"https:\/\/www.tourisme-valdemarne.com\/espace-pro\/wp-content\/uploads\/sites\/3\/2019\/06\/graphiques-analyse.jpg\",\"datePublished\":\"2019-04-16T14:09:42+00:00\",\"dateModified\":\"2024-02-13T14:18:50+00:00\",\"breadcrumb\":{\"@id\":\"https:\/\/www.tourisme-valdemarne.com\/espace-pro\/observatoire-du-tourisme\/etudes-et-enquetes\/#breadcrumb\"},\"inLanguage\":\"fr-FR\",\"potentialAction\":[{\"@type\":\"ReadAction\",\"target\":[\"https:\/\/www.tourisme-valdemarne.com\/espace-pro\/observatoire-du-tourisme\/etudes-et-enquetes\/\"]}]},{\"@type\":\"ImageObject\",\"inLanguage\":\"fr-FR\",\"@id\":\"https:\/\/www.tourisme-valdemarne.com\/espace-pro\/observatoire-du-tourisme\/etudes-et-enquetes\/#primaryimage\",\"url\":\"https:\/\/www.tourisme-valdemarne.com\/espace-pro\/wp-content\/uploads\/sites\/3\/2019\/06\/graphiques-analyse.jpg\",\"contentUrl\":\"https:\/\/www.tourisme-valdemarne.com\/espace-pro\/wp-content\/uploads\/sites\/3\/2019\/06\/graphiques-analyse.jpg\",\"width\":1600,\"height\":1060,\"caption\":\"Graphique et analyse \u00a9 CC0\"},{\"@type\":\"BreadcrumbList\",\"@id\":\"https:\/\/www.tourisme-valdemarne.com\/espace-pro\/observatoire-du-tourisme\/etudes-et-enquetes\/#breadcrumb\",\"itemListElement\":[{\"@type\":\"ListItem\",\"position\":1,\"name\":\"Accueil\",\"item\":\"https:\/\/www.tourisme-valdemarne.com\/espace-pro\/\"},{\"@type\":\"ListItem\",\"position\":2,\"name\":\"Observatoire du tourisme\",\"item\":\"https:\/\/www.tourisme-valdemarne.com\/espace-pro\/observatoire-du-tourisme\/\"},{\"@type\":\"ListItem\",\"position\":3,\"name\":\"Etudes et enqu\u00eates\"}]},{\"@type\":\"WebSite\",\"@id\":\"https:\/\/www.tourisme-valdemarne.com\/espace-pro\/#website\",\"url\":\"https:\/\/www.tourisme-valdemarne.com\/espace-pro\/\",\"name\":\"Espace Pro\",\"description\":\"Informations et outils pour les professionnels et la Presse\",\"potentialAction\":[{\"@type\":\"SearchAction\",\"target\":{\"@type\":\"EntryPoint\",\"urlTemplate\":\"https:\/\/www.tourisme-valdemarne.com\/espace-pro\/?s={search_term_string}\"},\"query-input\":{\"@type\":\"PropertyValueSpecification\",\"valueRequired\":true,\"valueName\":\"search_term_string\"}}],\"inLanguage\":\"fr-FR\"}]}<\/script>\n<!-- \/ Yoast SEO plugin. -->","yoast_head_json":{"title":"Etudes et enqu\u00eates - Espace Pro","robots":{"index":"index","follow":"follow","max-snippet":"max-snippet:-1","max-image-preview":"max-image-preview:large","max-video-preview":"max-video-preview:-1"},"canonical":"https:\/\/www.tourisme-valdemarne.com\/espace-pro\/observatoire-du-tourisme\/etudes-et-enquetes\/","og_locale":"fr_FR","og_type":"article","og_title":"Etudes et enqu\u00eates - Espace Pro","og_description":"Retrouvez les diverses \u00e9tudes et enqu\u00eates command\u00e9es par Val-de-Marne Tourisme &amp; Loisirs qui permettront aux professionnels d&rsquo;appr\u00e9hender le territoire val-de-marnais. Novembre 2020 : LAncement des enqu\u00eates sur l&rsquo;impact de la Covid-19 Alors qu&rsquo;en novembre 2020, nous sommes au c\u0153ur d&rsquo;un second confinement d\u00fb \u00e0 la crise sanitaire de la Covid-19, Val-de-Marne Tourisme &amp; Loisirs lance [&hellip;]","og_url":"https:\/\/www.tourisme-valdemarne.com\/espace-pro\/observatoire-du-tourisme\/etudes-et-enquetes\/","og_site_name":"Espace Pro","article_modified_time":"2024-02-13T14:18:50+00:00","og_image":[{"width":1600,"height":1060,"url":"https:\/\/www.tourisme-valdemarne.com\/espace-pro\/wp-content\/uploads\/sites\/3\/2019\/06\/graphiques-analyse.jpg","type":"image\/jpeg"}],"twitter_card":"summary_large_image","twitter_misc":{"Dur\u00e9e de lecture estim\u00e9e":"2 minutes"},"schema":{"@context":"https:\/\/schema.org","@graph":[{"@type":"WebPage","@id":"https:\/\/www.tourisme-valdemarne.com\/espace-pro\/observatoire-du-tourisme\/etudes-et-enquetes\/","url":"https:\/\/www.tourisme-valdemarne.com\/espace-pro\/observatoire-du-tourisme\/etudes-et-enquetes\/","name":"Etudes et enqu\u00eates - Espace Pro","isPartOf":{"@id":"https:\/\/www.tourisme-valdemarne.com\/espace-pro\/#website"},"primaryImageOfPage":{"@id":"https:\/\/www.tourisme-valdemarne.com\/espace-pro\/observatoire-du-tourisme\/etudes-et-enquetes\/#primaryimage"},"image":{"@id":"https:\/\/www.tourisme-valdemarne.com\/espace-pro\/observatoire-du-tourisme\/etudes-et-enquetes\/#primaryimage"},"thumbnailUrl":"https:\/\/www.tourisme-valdemarne.com\/espace-pro\/wp-content\/uploads\/sites\/3\/2019\/06\/graphiques-analyse.jpg","datePublished":"2019-04-16T14:09:42+00:00","dateModified":"2024-02-13T14:18:50+00:00","breadcrumb":{"@id":"https:\/\/www.tourisme-valdemarne.com\/espace-pro\/observatoire-du-tourisme\/etudes-et-enquetes\/#breadcrumb"},"inLanguage":"fr-FR","potentialAction":[{"@type":"ReadAction","target":["https:\/\/www.tourisme-valdemarne.com\/espace-pro\/observatoire-du-tourisme\/etudes-et-enquetes\/"]}]},{"@type":"ImageObject","inLanguage":"fr-FR","@id":"https:\/\/www.tourisme-valdemarne.com\/espace-pro\/observatoire-du-tourisme\/etudes-et-enquetes\/#primaryimage","url":"https:\/\/www.tourisme-valdemarne.com\/espace-pro\/wp-content\/uploads\/sites\/3\/2019\/06\/graphiques-analyse.jpg","contentUrl":"https:\/\/www.tourisme-valdemarne.com\/espace-pro\/wp-content\/uploads\/sites\/3\/2019\/06\/graphiques-analyse.jpg","width":1600,"height":1060,"caption":"Graphique et analyse \u00a9 CC0"},{"@type":"BreadcrumbList","@id":"https:\/\/www.tourisme-valdemarne.com\/espace-pro\/observatoire-du-tourisme\/etudes-et-enquetes\/#breadcrumb","itemListElement":[{"@type":"ListItem","position":1,"name":"Accueil","item":"https:\/\/www.tourisme-valdemarne.com\/espace-pro\/"},{"@type":"ListItem","position":2,"name":"Observatoire du tourisme","item":"https:\/\/www.tourisme-valdemarne.com\/espace-pro\/observatoire-du-tourisme\/"},{"@type":"ListItem","position":3,"name":"Etudes et enqu\u00eates"}]},{"@type":"WebSite","@id":"https:\/\/www.tourisme-valdemarne.com\/espace-pro\/#website","url":"https:\/\/www.tourisme-valdemarne.com\/espace-pro\/","name":"Espace Pro","description":"Informations et outils pour les professionnels et la Presse","potentialAction":[{"@type":"SearchAction","target":{"@type":"EntryPoint","urlTemplate":"https:\/\/www.tourisme-valdemarne.com\/espace-pro\/?s={search_term_string}"},"query-input":{"@type":"PropertyValueSpecification","valueRequired":true,"valueName":"search_term_string"}}],"inLanguage":"fr-FR"}]}},"_links":{"self":[{"href":"https:\/\/www.tourisme-valdemarne.com\/espace-pro\/wp-json\/wp\/v2\/pages\/136","targetHints":{"allow":["GET"]}}],"collection":[{"href":"https:\/\/www.tourisme-valdemarne.com\/espace-pro\/wp-json\/wp\/v2\/pages"}],"about":[{"href":"https:\/\/www.tourisme-valdemarne.com\/espace-pro\/wp-json\/wp\/v2\/types\/page"}],"author":[{"embeddable":true,"href":"https:\/\/www.tourisme-valdemarne.com\/espace-pro\/wp-json\/wp\/v2\/users\/1"}],"replies":[{"embeddable":true,"href":"https:\/\/www.tourisme-valdemarne.com\/espace-pro\/wp-json\/wp\/v2\/comments?post=136"}],"version-history":[{"count":8,"href":"https:\/\/www.tourisme-valdemarne.com\/espace-pro\/wp-json\/wp\/v2\/pages\/136\/revisions"}],"predecessor-version":[{"id":26345,"href":"https:\/\/www.tourisme-valdemarne.com\/espace-pro\/wp-json\/wp\/v2\/pages\/136\/revisions\/26345"}],"up":[{"embeddable":true,"href":"https:\/\/www.tourisme-valdemarne.com\/espace-pro\/wp-json\/wp\/v2\/pages\/13"}],"wp:featuredmedia":[{"embeddable":true,"href":"https:\/\/www.tourisme-valdemarne.com\/espace-pro\/wp-json\/wp\/v2\/media\/3307"}],"wp:attachment":[{"href":"https:\/\/www.tourisme-valdemarne.com\/espace-pro\/wp-json\/wp\/v2\/media?parent=136"}],"wp:term":[{"taxonomy":"vdmTagMarketing","embeddable":true,"href":"https:\/\/www.tourisme-valdemarne.com\/espace-pro\/wp-json\/wp\/v2\/vdmTagMarketing?post=136"}],"curies":[{"name":"wp","href":"https:\/\/api.w.org\/{rel}","templated":true}]}}