{"id":13504,"date":"2022-10-11T12:29:54","date_gmt":"2022-10-11T10:29:54","guid":{"rendered":"https:\/\/www.tourisme-valdemarne.com\/espace-pro\/?page_id=13504"},"modified":"2023-03-16T11:49:58","modified_gmt":"2023-03-16T10:49:58","slug":"tourisme-durable-et-labellisation-les-entreprises-sengagent","status":"publish","type":"page","link":"https:\/\/www.tourisme-valdemarne.com\/espace-pro\/actualites\/tourisme-durable-et-labellisation-les-entreprises-sengagent\/","title":{"rendered":"S\u00e9minaire et rencontres B2B &#8211; Tourisme durable et labellisation : les entreprises s\u2019engagent"},"content":{"rendered":"\n<p class=\"is-style-excerpt\">S\u00e9minaire en anglais et rencontres B2B destin\u00e9s aux professionnels du voyage et de l\u2019h\u00e9bergement touristique, organis\u00e9 le <strong>13 octobre 2022<\/strong> \u00e0 l&rsquo;Institut Paris R\u00e9gion, 15 rue Falgui\u00e8re, 75015 Paris<\/p>\n\n\n\n<p>Les canicules \u00e0 r\u00e9p\u00e9tition, les s\u00e9cheresses et incendies observ\u00e9s dans des lieux de vacances in\u00e9dits comme la Bretagne auront fortement marqu\u00e9 les esprits cette ann\u00e9e et fait prendre conscience de l\u2019urgence d\u2019agir face aux effets du d\u00e9r\u00e8glement climatique.<\/p>\n\n\n\n<p>Dans ce contexte, un discours engageant et positif sur le tourisme durable et surtout une acc\u00e9l\u00e9ration des offres de tourisme \u00e9coresponsables aupr\u00e8s des client\u00e8les sont essentiels. Pour y parvenir, les d\u00e9marches de labellisation ou de certification reconnues nationalement ou internationalement permettent aux entreprises du tourisme d\u2019agir pour faire \u00e9voluer leurs pratiques et renouveler leurs offres.<\/p>\n\n\n\n<p>Pour accompagner cette mutation, le projet europ\u00e9en <strong><a href=\"https:\/\/tourisme-project.eu\/\" target=\"_blank\" rel=\"noreferrer noopener\">TouriSME<\/a><\/strong>&nbsp;f\u00e9d\u00e8re les entreprises du voyage et de l\u2019h\u00e9bergement touristique dans la mise en \u0153uvre d\u2019une d\u00e9marche de tourisme durable.<\/p>\n\n\n\n<p><strong>L\u2019Institut Paris Region<\/strong>, partenaire du projet <strong>TouriSME<\/strong>, vous invite \u00e0 une journ\u00e9e d\u00e9di\u00e9e aux certifications environnementales dans le secteur de l\u2019h\u00e9bergement touristique et du voyage par des interventions inspirantes et des rencontres B2B bas\u00e9es sur la prise de RDV individuels.<\/p>\n\n\n\n<p>La participation \u00e0 cette journ\u00e9e est libre pour les participants au programme TouriSME et <a href=\"https:\/\/forms.office.com\/pages\/responsepage.aspx?id=qsE-oPyBWUOgKnltnCXCjnY0bTt8-LpHi_p2UmM-i4NURVhEOVdSUlE5MFBMRlpPUEdXODlDMEpOMi4u\" target=\"_blank\" rel=\"noreferrer noopener\">sur inscription<\/a> pour les autres participants.<\/p>\n\n\n\n<h2 class=\"wp-block-heading\">Programme<\/h2>\n\n\n\n<p><strong>Matin&nbsp;: rencontres B2B<\/strong><\/p>\n\n\n\n<ul class=\"wp-block-list\"><li>9h00-9h30&nbsp; Accueil caf\u00e9<\/li><li>9h30-10h15&nbsp;<\/li><\/ul>\n\n\n\n<p><strong>Introduction de la journ\u00e9e<\/strong><br>Nicolas Bauquet, directeur g\u00e9n\u00e9ral de L\u2019Institut Paris Region<br>Maxime Kayadjanian, L\u2019Institut Paris Region<\/p>\n\n\n\n<p><strong>Communiquer en tant que b\u00e9n\u00e9ficiaire de TouriSME<\/strong><br>Solene Padeletti, ACR+<\/p>\n\n\n\n<p><strong>Financement de la certification par TouriSME<\/strong><br>Beatrice Avagnina, Consulta Europa<\/p>\n\n\n\n<ul class=\"wp-block-list\"><li>10h15-11h30&nbsp;<br><strong>Pr\u00e9sentation des PME participantes<\/strong> : chaque entreprise pr\u00e9sente en 5 min maximum son activit\u00e9, sa d\u00e9marche ou ses projets en mati\u00e8re de tourisme durable<\/li><li>11h30-11h45 Pause-caf\u00e9<\/li><li>11h45-13h00&nbsp;<\/li><\/ul>\n\n\n\n<p><strong>Rencontres B2B<\/strong>&nbsp;: RDV individuels avec les professionnels inscrits \/ Choisissez qui vous souhaitez rencontrer : entreprises du voyage et de l\u2019h\u00e9bergement du projet TouriSME (en provenance de Chypre, d\u2019Espagne, de France et d\u2019Italie), autres organismes fran\u00e7ais du secteur.<\/p>\n\n\n\n<ul class=\"wp-block-list\"><li>13h00 \u2013 14h00 buffet sur place<\/li><\/ul>\n\n\n\n<p><strong>Apr\u00e8s-midi&nbsp;: Ateliers labellisation et \u00e9cocertification<\/strong><\/p>\n\n\n\n<p>Choisir de 1 \u00e0 3 ateliers parmi les 6 suivants (un formulaire en ligne sera envoy\u00e9 ult\u00e9rieurement pour pr\u00e9ciser le choix des ateliers)&nbsp;:<\/p>\n\n\n\n<ul class=\"wp-block-list\"><li>14h00-14h30 \/ 14h30-15h00 \/ 15h00-15h30&nbsp;: atelier ECO LABEL europ\u00e9en, Thomas Deschamps, Paris Tourist Office<\/li><li>14h00-14h30 \/ 14h30-15h00 \/ 15h00-15h30&nbsp;: atelier TRAVEL LIFE h\u00e9bergement, Susana Baquero et Larisa Birthwright, bureau de Londres<\/li><li>14h00-14h30 \/ 14h30-15h00 \/ 15h00-15h30&nbsp;: atelier Green Key. Retour d\u2019exp\u00e9rience de MOB HOTEL, Sarah Bertrand, Mob H\u00f4tel Paris<\/li><li>14h00-14h30 \/ 14h30-15h00 \/ 15h00-15h30&nbsp;: atelier ECO Construction, Madeleine Noeuv\u00e9glise, architecte urbaniste, AREC \u00cedF, L&rsquo;Institut Paris Region<\/li><li>14h00-14h30 \/ 14h30-15h00 \/ 15h00-15h30&nbsp;: atelier Voyage et compensation solidaire, Noelia Almeida, La Route des Voyages<\/li><li>14h00-14h30 \/ 14h30-15h00&nbsp;: atelier Notation Gaz \u00e0 Effet de Serre des s\u00e9jours, Romane Rolland, Le Yogascope<\/li><\/ul>\n\n\n\n<p>La dur\u00e9e de chaque atelier est de 20 \u00e0 30 min au cours duquel le dispositif de certification et\/ou un retour d\u2019exp\u00e9rience d\u2019une entreprise est pr\u00e9sent\u00e9. Un temps sera r\u00e9serv\u00e9 pour les \u00e9changes.<\/p>\n\n\n\n<p><strong>Soir\u00e9e au MOB H\u00f4tel Paris&nbsp;: 6 rue Gambetta (\u00e0 l&rsquo;angle du 50 rue des rosiers) 93400 Saint-Ouen<\/strong><\/p>\n\n\n\n<ul class=\"wp-block-list\"><li>17h00-17h30&nbsp;: d\u00e9part en m\u00e9tro de la station Duroc: arriv\u00e9e M\u00e9tro Garibaldi &#8211; Ligne 13<\/li><li>17h30-18h30&nbsp;: Visite du MOB HOTEL Paris <a href=\"https:\/\/www.mobhotel.com\/paris\" target=\"_blank\" rel=\"noreferrer noopener\">https:\/\/www.mobhotel.com\/paris<\/a><\/li><li>\u00c0 partir de 18h30&nbsp;: ap\u00e9ritif et d\u00eener au MOB HOTEL Paris<\/li><\/ul>\n\n\n\n<div class=\"wp-block-buttons is-content-justification-center is-layout-flex wp-container-core-buttons-is-layout-1 wp-block-buttons-is-layout-flex\">\n<div class=\"wp-block-button\"><a class=\"wp-block-button__link\" href=\"https:\/\/www.ordif.fr\/rencontres-techniques\/tourisme-durable-et-labellisation-les-entreprises-sengagent\/\" target=\"_blank\" rel=\"noreferrer noopener\">INFORMATIONS PRATIQUES ET INSCRIPTIONS<\/a><\/div>\n<\/div>\n","protected":false},"excerpt":{"rendered":"<p>S\u00e9minaire en anglais et rencontres B2B destin\u00e9s aux professionnels du voyage et de l\u2019h\u00e9bergement touristique, organis\u00e9 le 13 octobre 2022 \u00e0 l&rsquo;Institut Paris R\u00e9gion, 15 rue Falgui\u00e8re, 75015 Paris Les canicules \u00e0 r\u00e9p\u00e9tition, les s\u00e9cheresses et incendies observ\u00e9s dans des lieux de vacances in\u00e9dits comme la Bretagne auront fortement marqu\u00e9 les esprits cette ann\u00e9e et [&hellip;]<\/p>\n","protected":false},"author":16,"featured_media":2850,"parent":6164,"menu_order":2,"comment_status":"closed","ping_status":"closed","template":"","meta":{"_relevanssi_hide_post":"","_relevanssi_hide_content":"","_relevanssi_pin_for_all":"","_relevanssi_pin_keywords":"","_relevanssi_unpin_keywords":"","_relevanssi_related_keywords":"","_relevanssi_related_include_ids":"","_relevanssi_related_exclude_ids":"","_relevanssi_related_no_append":"","_relevanssi_related_not_related":"","_relevanssi_related_posts":"2751,8105,8104,8083,442,8084","_relevanssi_noindex_reason":"","footnotes":""},"vdmTagMarketing":[],"class_list":["post-13504","page","type-page","status-publish","has-post-thumbnail","hentry"],"acf":[],"yoast_head":"<!-- This site is optimized with the Yoast SEO plugin v23.9 - https:\/\/yoast.com\/wordpress\/plugins\/seo\/ -->\n<title>S\u00e9minaires et rencontres B2B : Tourisme durable et labellisation<\/title>\n<meta name=\"description\" content=\"S\u00e9minaire en anglais et rencontres B2B destin\u00e9s aux professionnels du voyage et de l\u2019h\u00e9bergement touristique, organis\u00e9 le 13 octobre 2022.\" \/>\n<meta name=\"robots\" content=\"index, follow, max-snippet:-1, max-image-preview:large, max-video-preview:-1\" \/>\n<link rel=\"canonical\" href=\"https:\/\/www.tourisme-valdemarne.com\/espace-pro\/actualites\/tourisme-durable-et-labellisation-les-entreprises-sengagent\/\" \/>\n<meta property=\"og:locale\" content=\"fr_FR\" \/>\n<meta property=\"og:type\" content=\"article\" \/>\n<meta property=\"og:title\" content=\"S\u00e9minaires et rencontres B2B : Tourisme durable et labellisation\" \/>\n<meta property=\"og:description\" content=\"S\u00e9minaire en anglais et rencontres B2B destin\u00e9s aux professionnels du voyage et de l\u2019h\u00e9bergement touristique, organis\u00e9 le 13 octobre 2022.\" \/>\n<meta property=\"og:url\" content=\"https:\/\/www.tourisme-valdemarne.com\/espace-pro\/actualites\/tourisme-durable-et-labellisation-les-entreprises-sengagent\/\" \/>\n<meta property=\"og:site_name\" content=\"Espace Pro\" \/>\n<meta property=\"article:modified_time\" content=\"2023-03-16T10:49:58+00:00\" \/>\n<meta property=\"og:image\" content=\"https:\/\/www.tourisme-valdemarne.com\/espace-pro\/wp-content\/uploads\/sites\/3\/2019\/05\/randonnee-pied-foret-notre-dame-cp-crt.jpg\" \/>\n\t<meta property=\"og:image:width\" content=\"1600\" \/>\n\t<meta property=\"og:image:height\" content=\"1068\" \/>\n\t<meta property=\"og:image:type\" content=\"image\/jpeg\" \/>\n<meta name=\"twitter:card\" content=\"summary_large_image\" \/>\n<meta name=\"twitter:label1\" content=\"Dur\u00e9e de lecture estim\u00e9e\" \/>\n\t<meta name=\"twitter:data1\" content=\"3 minutes\" \/>\n<script type=\"application\/ld+json\" class=\"yoast-schema-graph\">{\"@context\":\"https:\/\/schema.org\",\"@graph\":[{\"@type\":\"WebPage\",\"@id\":\"https:\/\/www.tourisme-valdemarne.com\/espace-pro\/actualites\/tourisme-durable-et-labellisation-les-entreprises-sengagent\/\",\"url\":\"https:\/\/www.tourisme-valdemarne.com\/espace-pro\/actualites\/tourisme-durable-et-labellisation-les-entreprises-sengagent\/\",\"name\":\"S\u00e9minaires et rencontres B2B : Tourisme durable et labellisation\",\"isPartOf\":{\"@id\":\"https:\/\/www.tourisme-valdemarne.com\/espace-pro\/#website\"},\"primaryImageOfPage\":{\"@id\":\"https:\/\/www.tourisme-valdemarne.com\/espace-pro\/actualites\/tourisme-durable-et-labellisation-les-entreprises-sengagent\/#primaryimage\"},\"image\":{\"@id\":\"https:\/\/www.tourisme-valdemarne.com\/espace-pro\/actualites\/tourisme-durable-et-labellisation-les-entreprises-sengagent\/#primaryimage\"},\"thumbnailUrl\":\"https:\/\/www.tourisme-valdemarne.com\/espace-pro\/wp-content\/uploads\/sites\/3\/2019\/05\/randonnee-pied-foret-notre-dame-cp-crt.jpg\",\"datePublished\":\"2022-10-11T10:29:54+00:00\",\"dateModified\":\"2023-03-16T10:49:58+00:00\",\"description\":\"S\u00e9minaire en anglais et rencontres B2B destin\u00e9s aux professionnels du voyage et de l\u2019h\u00e9bergement touristique, organis\u00e9 le 13 octobre 2022.\",\"breadcrumb\":{\"@id\":\"https:\/\/www.tourisme-valdemarne.com\/espace-pro\/actualites\/tourisme-durable-et-labellisation-les-entreprises-sengagent\/#breadcrumb\"},\"inLanguage\":\"fr-FR\",\"potentialAction\":[{\"@type\":\"ReadAction\",\"target\":[\"https:\/\/www.tourisme-valdemarne.com\/espace-pro\/actualites\/tourisme-durable-et-labellisation-les-entreprises-sengagent\/\"]}]},{\"@type\":\"ImageObject\",\"inLanguage\":\"fr-FR\",\"@id\":\"https:\/\/www.tourisme-valdemarne.com\/espace-pro\/actualites\/tourisme-durable-et-labellisation-les-entreprises-sengagent\/#primaryimage\",\"url\":\"https:\/\/www.tourisme-valdemarne.com\/espace-pro\/wp-content\/uploads\/sites\/3\/2019\/05\/randonnee-pied-foret-notre-dame-cp-crt.jpg\",\"contentUrl\":\"https:\/\/www.tourisme-valdemarne.com\/espace-pro\/wp-content\/uploads\/sites\/3\/2019\/05\/randonnee-pied-foret-notre-dame-cp-crt.jpg\",\"width\":1600,\"height\":1068,\"caption\":\"Randonn\u00e9e en for\u00eat de notre dame \u00a9 CRT Paris Ile-de-France\/Amelie Laurin\"},{\"@type\":\"BreadcrumbList\",\"@id\":\"https:\/\/www.tourisme-valdemarne.com\/espace-pro\/actualites\/tourisme-durable-et-labellisation-les-entreprises-sengagent\/#breadcrumb\",\"itemListElement\":[{\"@type\":\"ListItem\",\"position\":1,\"name\":\"Accueil\",\"item\":\"https:\/\/www.tourisme-valdemarne.com\/espace-pro\/\"},{\"@type\":\"ListItem\",\"position\":2,\"name\":\"Actualit\u00e9s de l&rsquo;espace pro\",\"item\":\"https:\/\/www.tourisme-valdemarne.com\/espace-pro\/actualites\/\"},{\"@type\":\"ListItem\",\"position\":3,\"name\":\"S\u00e9minaire et rencontres B2B &#8211; Tourisme durable et labellisation : les entreprises s\u2019engagent\"}]},{\"@type\":\"WebSite\",\"@id\":\"https:\/\/www.tourisme-valdemarne.com\/espace-pro\/#website\",\"url\":\"https:\/\/www.tourisme-valdemarne.com\/espace-pro\/\",\"name\":\"Espace Pro\",\"description\":\"Informations et outils pour les professionnels et la Presse\",\"potentialAction\":[{\"@type\":\"SearchAction\",\"target\":{\"@type\":\"EntryPoint\",\"urlTemplate\":\"https:\/\/www.tourisme-valdemarne.com\/espace-pro\/?s={search_term_string}\"},\"query-input\":{\"@type\":\"PropertyValueSpecification\",\"valueRequired\":true,\"valueName\":\"search_term_string\"}}],\"inLanguage\":\"fr-FR\"}]}<\/script>\n<!-- \/ Yoast SEO plugin. -->","yoast_head_json":{"title":"S\u00e9minaires et rencontres B2B : Tourisme durable et labellisation","description":"S\u00e9minaire en anglais et rencontres B2B destin\u00e9s aux professionnels du voyage et de l\u2019h\u00e9bergement touristique, organis\u00e9 le 13 octobre 2022.","robots":{"index":"index","follow":"follow","max-snippet":"max-snippet:-1","max-image-preview":"max-image-preview:large","max-video-preview":"max-video-preview:-1"},"canonical":"https:\/\/www.tourisme-valdemarne.com\/espace-pro\/actualites\/tourisme-durable-et-labellisation-les-entreprises-sengagent\/","og_locale":"fr_FR","og_type":"article","og_title":"S\u00e9minaires et rencontres B2B : Tourisme durable et labellisation","og_description":"S\u00e9minaire en anglais et rencontres B2B destin\u00e9s aux professionnels du voyage et de l\u2019h\u00e9bergement touristique, organis\u00e9 le 13 octobre 2022.","og_url":"https:\/\/www.tourisme-valdemarne.com\/espace-pro\/actualites\/tourisme-durable-et-labellisation-les-entreprises-sengagent\/","og_site_name":"Espace Pro","article_modified_time":"2023-03-16T10:49:58+00:00","og_image":[{"width":1600,"height":1068,"url":"https:\/\/www.tourisme-valdemarne.com\/espace-pro\/wp-content\/uploads\/sites\/3\/2019\/05\/randonnee-pied-foret-notre-dame-cp-crt.jpg","type":"image\/jpeg"}],"twitter_card":"summary_large_image","twitter_misc":{"Dur\u00e9e de lecture estim\u00e9e":"3 minutes"},"schema":{"@context":"https:\/\/schema.org","@graph":[{"@type":"WebPage","@id":"https:\/\/www.tourisme-valdemarne.com\/espace-pro\/actualites\/tourisme-durable-et-labellisation-les-entreprises-sengagent\/","url":"https:\/\/www.tourisme-valdemarne.com\/espace-pro\/actualites\/tourisme-durable-et-labellisation-les-entreprises-sengagent\/","name":"S\u00e9minaires et rencontres B2B : Tourisme durable et labellisation","isPartOf":{"@id":"https:\/\/www.tourisme-valdemarne.com\/espace-pro\/#website"},"primaryImageOfPage":{"@id":"https:\/\/www.tourisme-valdemarne.com\/espace-pro\/actualites\/tourisme-durable-et-labellisation-les-entreprises-sengagent\/#primaryimage"},"image":{"@id":"https:\/\/www.tourisme-valdemarne.com\/espace-pro\/actualites\/tourisme-durable-et-labellisation-les-entreprises-sengagent\/#primaryimage"},"thumbnailUrl":"https:\/\/www.tourisme-valdemarne.com\/espace-pro\/wp-content\/uploads\/sites\/3\/2019\/05\/randonnee-pied-foret-notre-dame-cp-crt.jpg","datePublished":"2022-10-11T10:29:54+00:00","dateModified":"2023-03-16T10:49:58+00:00","description":"S\u00e9minaire en anglais et rencontres B2B destin\u00e9s aux professionnels du voyage et de l\u2019h\u00e9bergement touristique, organis\u00e9 le 13 octobre 2022.","breadcrumb":{"@id":"https:\/\/www.tourisme-valdemarne.com\/espace-pro\/actualites\/tourisme-durable-et-labellisation-les-entreprises-sengagent\/#breadcrumb"},"inLanguage":"fr-FR","potentialAction":[{"@type":"ReadAction","target":["https:\/\/www.tourisme-valdemarne.com\/espace-pro\/actualites\/tourisme-durable-et-labellisation-les-entreprises-sengagent\/"]}]},{"@type":"ImageObject","inLanguage":"fr-FR","@id":"https:\/\/www.tourisme-valdemarne.com\/espace-pro\/actualites\/tourisme-durable-et-labellisation-les-entreprises-sengagent\/#primaryimage","url":"https:\/\/www.tourisme-valdemarne.com\/espace-pro\/wp-content\/uploads\/sites\/3\/2019\/05\/randonnee-pied-foret-notre-dame-cp-crt.jpg","contentUrl":"https:\/\/www.tourisme-valdemarne.com\/espace-pro\/wp-content\/uploads\/sites\/3\/2019\/05\/randonnee-pied-foret-notre-dame-cp-crt.jpg","width":1600,"height":1068,"caption":"Randonn\u00e9e en for\u00eat de notre dame \u00a9 CRT Paris Ile-de-France\/Amelie Laurin"},{"@type":"BreadcrumbList","@id":"https:\/\/www.tourisme-valdemarne.com\/espace-pro\/actualites\/tourisme-durable-et-labellisation-les-entreprises-sengagent\/#breadcrumb","itemListElement":[{"@type":"ListItem","position":1,"name":"Accueil","item":"https:\/\/www.tourisme-valdemarne.com\/espace-pro\/"},{"@type":"ListItem","position":2,"name":"Actualit\u00e9s de l&rsquo;espace pro","item":"https:\/\/www.tourisme-valdemarne.com\/espace-pro\/actualites\/"},{"@type":"ListItem","position":3,"name":"S\u00e9minaire et rencontres B2B &#8211; Tourisme durable et labellisation : les entreprises s\u2019engagent"}]},{"@type":"WebSite","@id":"https:\/\/www.tourisme-valdemarne.com\/espace-pro\/#website","url":"https:\/\/www.tourisme-valdemarne.com\/espace-pro\/","name":"Espace Pro","description":"Informations et outils pour les professionnels et la Presse","potentialAction":[{"@type":"SearchAction","target":{"@type":"EntryPoint","urlTemplate":"https:\/\/www.tourisme-valdemarne.com\/espace-pro\/?s={search_term_string}"},"query-input":{"@type":"PropertyValueSpecification","valueRequired":true,"valueName":"search_term_string"}}],"inLanguage":"fr-FR"}]}},"_links":{"self":[{"href":"https:\/\/www.tourisme-valdemarne.com\/espace-pro\/wp-json\/wp\/v2\/pages\/13504","targetHints":{"allow":["GET"]}}],"collection":[{"href":"https:\/\/www.tourisme-valdemarne.com\/espace-pro\/wp-json\/wp\/v2\/pages"}],"about":[{"href":"https:\/\/www.tourisme-valdemarne.com\/espace-pro\/wp-json\/wp\/v2\/types\/page"}],"author":[{"embeddable":true,"href":"https:\/\/www.tourisme-valdemarne.com\/espace-pro\/wp-json\/wp\/v2\/users\/16"}],"replies":[{"embeddable":true,"href":"https:\/\/www.tourisme-valdemarne.com\/espace-pro\/wp-json\/wp\/v2\/comments?post=13504"}],"version-history":[{"count":5,"href":"https:\/\/www.tourisme-valdemarne.com\/espace-pro\/wp-json\/wp\/v2\/pages\/13504\/revisions"}],"predecessor-version":[{"id":13509,"href":"https:\/\/www.tourisme-valdemarne.com\/espace-pro\/wp-json\/wp\/v2\/pages\/13504\/revisions\/13509"}],"up":[{"embeddable":true,"href":"https:\/\/www.tourisme-valdemarne.com\/espace-pro\/wp-json\/wp\/v2\/pages\/6164"}],"wp:featuredmedia":[{"embeddable":true,"href":"https:\/\/www.tourisme-valdemarne.com\/espace-pro\/wp-json\/wp\/v2\/media\/2850"}],"wp:attachment":[{"href":"https:\/\/www.tourisme-valdemarne.com\/espace-pro\/wp-json\/wp\/v2\/media?parent=13504"}],"wp:term":[{"taxonomy":"vdmTagMarketing","embeddable":true,"href":"https:\/\/www.tourisme-valdemarne.com\/espace-pro\/wp-json\/wp\/v2\/vdmTagMarketing?post=13504"}],"curies":[{"name":"wp","href":"https:\/\/api.w.org\/{rel}","templated":true}]}}