{"id":13389,"date":"2022-09-27T15:10:44","date_gmt":"2022-09-27T13:10:44","guid":{"rendered":"https:\/\/www.tourisme-valdemarne.com\/espace-pro\/?page_id=13389"},"modified":"2024-06-10T12:22:08","modified_gmt":"2024-06-10T10:22:08","slug":"phenomenart-revient-en-octobre-pour-sa-3e-edition","status":"publish","type":"page","link":"https:\/\/www.tourisme-valdemarne.com\/espace-pro\/presse\/actualites-et-communiques-de-presse\/communiques-de-presse-precedents\/phenomenart-revient-en-octobre-pour-sa-3e-edition\/","title":{"rendered":"PH\u00c9NOM\u00c8N\u2019ART REVIENT en octobre pour sa 3e \u00e9dition"},"content":{"rendered":"\n<p class=\"is-style-excerpt\" id=\"scrollDown\">COMMUNIQU\u00c9 DE PRESSE<a href=\"https:\/\/www.tourisme-valdemarne.com\/espace-pro\/presse\/actualites-et-communiques-de-presse\/phenomenart-revient-pour-sa-seconde-edition\/#main\"><\/a><\/p>\n\n\n\n<p id=\"block-95d4f19f-b40d-4c1f-aa97-f44677e1b60c\"><strong>Val-de-Marne Tourisme &amp; Loisirs organise une nouvelle fois un <a href=\"https:\/\/www.tourisme-valdemarne.com\/street-art\/phenomen-art-festival-street-art\/\">grand \u00e9v\u00e9nement street-art<\/a> aux quatre coins du Val-de-Marne et dans le sud-est de Paris, les 14, 15 et 16 octobre 2022.<br>Au programme : des balades urbaines, des ateliers d&rsquo;initiation, des performances live, des rencontres avec les artistes, des animations\u2026 \u00e0 des prix tr\u00e8s attractifs !<\/strong><\/p>\n\n\n\n<div id=\"block-ff4205c0-4b53-4149-9f40-22fbbb4e2ed5\" class=\"wp-block-image\"><figure class=\"aligncenter size-medium\"><a href=\"https:\/\/www.tourisme-valdemarne.com\/espace-pro\/wp-content\/uploads\/sites\/3\/2022\/09\/phenomenart_affiche_bd.jpg\"><img width=\"424\" height=\"600\" data-src=\"https:\/\/www.tourisme-valdemarne.com\/espace-pro\/wp-content\/uploads\/sites\/3\/2022\/09\/phenomenart_affiche_bd-424x600.jpg\" alt=\"\" class=\"wp-image-13392\" srcset=\"https:\/\/www.tourisme-valdemarne.com\/espace-pro\/wp-content\/uploads\/sites\/3\/2022\/09\/phenomenart_affiche_bd-424x600.jpg 424w, https:\/\/www.tourisme-valdemarne.com\/espace-pro\/wp-content\/uploads\/sites\/3\/2022\/09\/phenomenart_affiche_bd-849x1200.jpg 849w, https:\/\/www.tourisme-valdemarne.com\/espace-pro\/wp-content\/uploads\/sites\/3\/2022\/09\/phenomenart_affiche_bd-636x900.jpg 636w, https:\/\/www.tourisme-valdemarne.com\/espace-pro\/wp-content\/uploads\/sites\/3\/2022\/09\/phenomenart_affiche_bd-380x537.jpg 380w, https:\/\/www.tourisme-valdemarne.com\/espace-pro\/wp-content\/uploads\/sites\/3\/2022\/09\/phenomenart_affiche_bd-200x283.jpg 200w, https:\/\/www.tourisme-valdemarne.com\/espace-pro\/wp-content\/uploads\/sites\/3\/2022\/09\/phenomenart_affiche_bd.jpg 1000w\" sizes=\"(max-width: 424px) 100vw, 424px\" \/><\/a><figcaption>Affiche du festival Ph\u00e9nom\u00e8n&rsquo;Art 2022<\/figcaption><\/figure><\/div>\n\n\n\n<h2 class=\"wp-block-heading\" id=\"block-1a9e7915-9a54-4312-912f-27fecfc7b719\">programme du festival street art<\/h2>\n\n\n\n<h3 class=\"wp-block-heading\">Vendredi 14 octobre 2022<\/h3>\n\n\n\n<p>Toute la journ\u00e9e :&nbsp;Parcours street art et quiz ludique \u00e0 Alfortville<\/p>\n\n\n\n<p>10h : Parcours street art dans le sud parisien<\/p>\n\n\n\n<p>10h : Balade \u00e0 Vitry-sur-Seine, la capitale fran\u00e7aise du street art<\/p>\n\n\n\n<p>10h30 : Balade autour de l\u2019histoire du street art \u00e0 la butte aux cailles<\/p>\n\n\n\n<p>14h : Parcours d\u00e9couverte des fresques g\u00e9antes dans le 13\u00e8me arrondissement<\/p>\n\n\n\n<p>14h&nbsp;: Atelier avec Jordane Saget et visite de la Fab<\/p>\n\n\n\n<p>14h : Fresque Live par Gr\u00e9gos au !POC! d\u2019Alfortville<\/p>\n\n\n\n<p>15h : Sentier street art \u00e0 Arcueil et Gentilly<\/p>\n\n\n\n<p>16h : Visite de la Fab (galerie d&rsquo;art agn\u00e8s b.)<\/p>\n\n\n\n<h3 class=\"wp-block-heading\" id=\"block-39759538-35ad-4526-9b59-37dda0abf50f\">Samedi 15 octobre 2022<\/h3>\n\n\n\n<p>Toute la journ\u00e9e (10h-19h) : d\u00e9dicace du nouveau <em>Guide du street art \u00e0 Paris<\/em> par l\u2019artiste-auteur et guide de street art Thom Thom \u00e0 la librairie <em>Les mots retrouv\u00e9s<\/em> de Vitry-sur-Seine<\/p>\n\n\n\n<p>Toute la journ\u00e9e :&nbsp;Parcours street art et quiz ludique \u00e0 Alfortville<\/p>\n\n\n\n<p>10h30 : Balade dans un mus\u00e9e \u00e0 ciel ouvert \u00e0 Vitry-sur-Seine<\/p>\n\n\n\n<p>10h30 : Balade street art \u00e0 Champigny-sur-Marne<\/p>\n\n\n\n<p>11h : [Enfants] Light Painting \u00e0 l\u2019Explorad\u00f4me<\/p>\n\n\n\n<p>14h : Balade street-art : le quartier de la BNF, les Frigos et le Spot 13<\/p>\n\n\n\n<p>14h : Fresque Live par Gr\u00e9gos au !POC! d\u2019Alfortville<\/p>\n\n\n\n<p>14h30 : Atelier pochoirs avec Carole B. \u00e0 Maisons-Alfort<\/p>\n\n\n\n<p>14h30 : Atelier d\u2019initiation sur murs d\u2019expression \u00e0 Arcueil-Gentilly<\/p>\n\n\n\n<p>15h : [Enfants] Light Painting \u00e0 l\u2019Explorad\u00f4me<\/p>\n\n\n\n<p>17h30 : Happening Hip Hop et Mix par KULTURE DJ avec les c\u00e9l\u00e8res danseurs de Hip Hop Walid et Fox sur le Parvis des Arts \u2013 26, rue Joseph Franceschi&nbsp;\u00e0 Alfortville<\/p>\n\n\n\n<h3 class=\"wp-block-heading\" id=\"block-f728beb5-f788-4982-8203-de9cdc2fc661\">Dimanche 16 octobre 2022<\/h3>\n\n\n\n<p>Toute la journ\u00e9e :&nbsp;Parcours street art et quiz ludique \u00e0 Alfortville<\/p>\n\n\n\n<p>10h : Atelier initiation aux pastels \u00e0 l\u2019huile \u00e0 la Maison de l\u2019environnement \u00e0 Arcueil<\/p>\n\n\n\n<p>10h30 : Parcours : 30 ans de street art \u00e0 Fontenay-sous-Bois<\/p>\n\n\n\n<p>14h : Atelier initiation aux pastels \u00e0 l\u2019huile \u00e0 la Maison de l\u2019environnement \u00e0 Arcueil<\/p>\n\n\n\n<p>14h : Graffiti \u00e0 Bercy : atelier d\u2019initiation<\/p>\n\n\n\n<p>14h : Balade street art \u00e0 Ivry-sur-Seine<\/p>\n\n\n\n<p>14h : Atelier posca et fusain avec N. Dauvergne \u00e0 Maisons-Alfort<\/p>\n\n\n\n<p>15h : Balade et performance street art \u00e0 Arcueil et Gentilly<\/p>\n\n\n\n<p>16h : Fresque Live par Gr\u00e9gos au !POC! d\u2019Alfortville<\/p>\n\n\n\n<p>Et aussi dimanche de 14h \u00e0 17h au port de Bonneuil : rencontres conviviales avec le street artiste Syrk pour \u00e9changer sur la fresque murale monumentale qu\u2019il sera en train de r\u00e9aliser comme un clin d\u2019\u0153il \u00e0 l\u2019activit\u00e9 fluviale du port.<\/p>\n\n\n\n<h2 class=\"wp-block-heading\">Tarifs du festival street art et r\u00e9servations<\/h2>\n\n\n\n<p>Balades urbaines : 5 \u20ac ; ateliers d&rsquo;initiation : 15 \u20ac ; ateliers sp\u00e9cial enfants : 5 \u20ac<\/p>\n\n\n\n<p>R\u00e9servations sur <a href=\"https:\/\/exploreparis.com\/fr\/538_phenomen-art\" target=\"_blank\" rel=\"noreferrer noopener\">exploreparis.com<\/a><\/p>\n\n\n\n<p class=\"is-style-highlight\" id=\"block-a9307152-5e8f-4aee-a38f-baacaed4a464\">Lisez l&rsquo;int\u00e9gralit\u00e9 du <strong><a href=\"https:\/\/www.tourisme-valdemarne.com\/espace-pro\/wp-content\/uploads\/sites\/3\/2022\/10\/dp_phenomenart_2022.pdf\" target=\"_blank\" rel=\"noreferrer noopener\">dossier de presse sur la nouvelle \u00e9dition du festival Ph\u00e9nom\u00e8n&rsquo;Art<\/a><\/strong>.<\/p>\n","protected":false},"excerpt":{"rendered":"<p>COMMUNIQU\u00c9 DE PRESSE Val-de-Marne Tourisme &amp; Loisirs organise une nouvelle fois un grand \u00e9v\u00e9nement street-art aux quatre coins du Val-de-Marne et dans le sud-est de Paris, les 14, 15 et 16 octobre 2022.Au programme : des balades urbaines, des ateliers d&rsquo;initiation, des performances live, des rencontres avec les artistes, des animations\u2026 \u00e0 des prix tr\u00e8s [&hellip;]<\/p>\n","protected":false},"author":16,"featured_media":13397,"parent":2883,"menu_order":0,"comment_status":"closed","ping_status":"closed","template":"","meta":{"_relevanssi_hide_post":"","_relevanssi_hide_content":"","_relevanssi_pin_for_all":"","_relevanssi_pin_keywords":"","_relevanssi_unpin_keywords":"","_relevanssi_related_keywords":"","_relevanssi_related_include_ids":"","_relevanssi_related_exclude_ids":"","_relevanssi_related_no_append":"","_relevanssi_related_not_related":"","_relevanssi_related_posts":"442,446,2741,8084,2745,8095","_relevanssi_noindex_reason":"","footnotes":""},"vdmTagMarketing":[],"class_list":["post-13389","page","type-page","status-publish","has-post-thumbnail","hentry"],"acf":[],"yoast_head":"<!-- This site is optimized with the Yoast SEO plugin v23.9 - https:\/\/yoast.com\/wordpress\/plugins\/seo\/ -->\n<title>PH\u00c9NOM\u00c8N\u2019ART REVIENT en octobre pour sa 3e \u00e9dition - Espace Pro<\/title>\n<meta name=\"description\" content=\"D\u00e9couvrez le programme de la 3e \u00e9dition du Festival Ph\u00e9nom\u00e8n&#039;Art ! Rendez-vous du 14 au 16 octobre en Val-de-Marne et au sud-est de Paris.\" \/>\n<meta name=\"robots\" content=\"index, follow, max-snippet:-1, max-image-preview:large, max-video-preview:-1\" \/>\n<link rel=\"canonical\" href=\"https:\/\/www.tourisme-valdemarne.com\/espace-pro\/presse\/actualites-et-communiques-de-presse\/communiques-de-presse-precedents\/phenomenart-revient-en-octobre-pour-sa-3e-edition\/\" \/>\n<meta property=\"og:locale\" content=\"fr_FR\" \/>\n<meta property=\"og:type\" content=\"article\" \/>\n<meta property=\"og:title\" content=\"PH\u00c9NOM\u00c8N\u2019ART REVIENT en octobre pour sa 3e \u00e9dition - Espace Pro\" \/>\n<meta property=\"og:description\" content=\"D\u00e9couvrez le programme de la 3e \u00e9dition du Festival Ph\u00e9nom\u00e8n&#039;Art ! Rendez-vous du 14 au 16 octobre en Val-de-Marne et au sud-est de Paris.\" \/>\n<meta property=\"og:url\" content=\"https:\/\/www.tourisme-valdemarne.com\/espace-pro\/presse\/actualites-et-communiques-de-presse\/communiques-de-presse-precedents\/phenomenart-revient-en-octobre-pour-sa-3e-edition\/\" \/>\n<meta property=\"og:site_name\" content=\"Espace Pro\" \/>\n<meta property=\"article:modified_time\" content=\"2024-06-10T10:22:08+00:00\" \/>\n<meta property=\"og:image\" content=\"https:\/\/www.tourisme-valdemarne.com\/espace-pro\/wp-content\/uploads\/sites\/3\/2022\/09\/phenomenart_instagram.jpg\" \/>\n\t<meta property=\"og:image:width\" content=\"800\" \/>\n\t<meta property=\"og:image:height\" content=\"800\" \/>\n\t<meta property=\"og:image:type\" content=\"image\/jpeg\" \/>\n<meta name=\"twitter:card\" content=\"summary_large_image\" \/>\n<meta name=\"twitter:label1\" content=\"Dur\u00e9e de lecture estim\u00e9e\" \/>\n\t<meta name=\"twitter:data1\" content=\"3 minutes\" \/>\n<script type=\"application\/ld+json\" class=\"yoast-schema-graph\">{\"@context\":\"https:\/\/schema.org\",\"@graph\":[{\"@type\":\"WebPage\",\"@id\":\"https:\/\/www.tourisme-valdemarne.com\/espace-pro\/presse\/actualites-et-communiques-de-presse\/communiques-de-presse-precedents\/phenomenart-revient-en-octobre-pour-sa-3e-edition\/\",\"url\":\"https:\/\/www.tourisme-valdemarne.com\/espace-pro\/presse\/actualites-et-communiques-de-presse\/communiques-de-presse-precedents\/phenomenart-revient-en-octobre-pour-sa-3e-edition\/\",\"name\":\"PH\u00c9NOM\u00c8N\u2019ART REVIENT en octobre pour sa 3e \u00e9dition - Espace Pro\",\"isPartOf\":{\"@id\":\"https:\/\/www.tourisme-valdemarne.com\/espace-pro\/#website\"},\"primaryImageOfPage\":{\"@id\":\"https:\/\/www.tourisme-valdemarne.com\/espace-pro\/presse\/actualites-et-communiques-de-presse\/communiques-de-presse-precedents\/phenomenart-revient-en-octobre-pour-sa-3e-edition\/#primaryimage\"},\"image\":{\"@id\":\"https:\/\/www.tourisme-valdemarne.com\/espace-pro\/presse\/actualites-et-communiques-de-presse\/communiques-de-presse-precedents\/phenomenart-revient-en-octobre-pour-sa-3e-edition\/#primaryimage\"},\"thumbnailUrl\":\"https:\/\/www.tourisme-valdemarne.com\/espace-pro\/wp-content\/uploads\/sites\/3\/2022\/09\/phenomenart_instagram.jpg\",\"datePublished\":\"2022-09-27T13:10:44+00:00\",\"dateModified\":\"2024-06-10T10:22:08+00:00\",\"description\":\"D\u00e9couvrez le programme de la 3e \u00e9dition du Festival Ph\u00e9nom\u00e8n'Art ! Rendez-vous du 14 au 16 octobre en Val-de-Marne et au sud-est de Paris.\",\"breadcrumb\":{\"@id\":\"https:\/\/www.tourisme-valdemarne.com\/espace-pro\/presse\/actualites-et-communiques-de-presse\/communiques-de-presse-precedents\/phenomenart-revient-en-octobre-pour-sa-3e-edition\/#breadcrumb\"},\"inLanguage\":\"fr-FR\",\"potentialAction\":[{\"@type\":\"ReadAction\",\"target\":[\"https:\/\/www.tourisme-valdemarne.com\/espace-pro\/presse\/actualites-et-communiques-de-presse\/communiques-de-presse-precedents\/phenomenart-revient-en-octobre-pour-sa-3e-edition\/\"]}]},{\"@type\":\"ImageObject\",\"inLanguage\":\"fr-FR\",\"@id\":\"https:\/\/www.tourisme-valdemarne.com\/espace-pro\/presse\/actualites-et-communiques-de-presse\/communiques-de-presse-precedents\/phenomenart-revient-en-octobre-pour-sa-3e-edition\/#primaryimage\",\"url\":\"https:\/\/www.tourisme-valdemarne.com\/espace-pro\/wp-content\/uploads\/sites\/3\/2022\/09\/phenomenart_instagram.jpg\",\"contentUrl\":\"https:\/\/www.tourisme-valdemarne.com\/espace-pro\/wp-content\/uploads\/sites\/3\/2022\/09\/phenomenart_instagram.jpg\",\"width\":800,\"height\":800,\"caption\":\"phenomen'art affiche 2022\"},{\"@type\":\"BreadcrumbList\",\"@id\":\"https:\/\/www.tourisme-valdemarne.com\/espace-pro\/presse\/actualites-et-communiques-de-presse\/communiques-de-presse-precedents\/phenomenart-revient-en-octobre-pour-sa-3e-edition\/#breadcrumb\",\"itemListElement\":[{\"@type\":\"ListItem\",\"position\":1,\"name\":\"Accueil\",\"item\":\"https:\/\/www.tourisme-valdemarne.com\/espace-pro\/\"},{\"@type\":\"ListItem\",\"position\":2,\"name\":\"Presse\",\"item\":\"https:\/\/www.tourisme-valdemarne.com\/espace-pro\/presse\/\"},{\"@type\":\"ListItem\",\"position\":3,\"name\":\"Actualit\u00e9s et communiqu\u00e9s de presse\",\"item\":\"https:\/\/www.tourisme-valdemarne.com\/espace-pro\/presse\/actualites-et-communiques-de-presse\/\"},{\"@type\":\"ListItem\",\"position\":4,\"name\":\"Communiqu\u00e9s de presse pr\u00e9c\u00e9dents\",\"item\":\"https:\/\/www.tourisme-valdemarne.com\/espace-pro\/presse\/actualites-et-communiques-de-presse\/communiques-de-presse-precedents\/\"},{\"@type\":\"ListItem\",\"position\":5,\"name\":\"PH\u00c9NOM\u00c8N\u2019ART REVIENT en octobre pour sa 3e \u00e9dition\"}]},{\"@type\":\"WebSite\",\"@id\":\"https:\/\/www.tourisme-valdemarne.com\/espace-pro\/#website\",\"url\":\"https:\/\/www.tourisme-valdemarne.com\/espace-pro\/\",\"name\":\"Espace Pro\",\"description\":\"Informations et outils pour les professionnels et la Presse\",\"potentialAction\":[{\"@type\":\"SearchAction\",\"target\":{\"@type\":\"EntryPoint\",\"urlTemplate\":\"https:\/\/www.tourisme-valdemarne.com\/espace-pro\/?s={search_term_string}\"},\"query-input\":{\"@type\":\"PropertyValueSpecification\",\"valueRequired\":true,\"valueName\":\"search_term_string\"}}],\"inLanguage\":\"fr-FR\"}]}<\/script>\n<!-- \/ Yoast SEO plugin. -->","yoast_head_json":{"title":"PH\u00c9NOM\u00c8N\u2019ART REVIENT en octobre pour sa 3e \u00e9dition - Espace Pro","description":"D\u00e9couvrez le programme de la 3e \u00e9dition du Festival Ph\u00e9nom\u00e8n'Art ! Rendez-vous du 14 au 16 octobre en Val-de-Marne et au sud-est de Paris.","robots":{"index":"index","follow":"follow","max-snippet":"max-snippet:-1","max-image-preview":"max-image-preview:large","max-video-preview":"max-video-preview:-1"},"canonical":"https:\/\/www.tourisme-valdemarne.com\/espace-pro\/presse\/actualites-et-communiques-de-presse\/communiques-de-presse-precedents\/phenomenart-revient-en-octobre-pour-sa-3e-edition\/","og_locale":"fr_FR","og_type":"article","og_title":"PH\u00c9NOM\u00c8N\u2019ART REVIENT en octobre pour sa 3e \u00e9dition - Espace Pro","og_description":"D\u00e9couvrez le programme de la 3e \u00e9dition du Festival Ph\u00e9nom\u00e8n'Art ! Rendez-vous du 14 au 16 octobre en Val-de-Marne et au sud-est de Paris.","og_url":"https:\/\/www.tourisme-valdemarne.com\/espace-pro\/presse\/actualites-et-communiques-de-presse\/communiques-de-presse-precedents\/phenomenart-revient-en-octobre-pour-sa-3e-edition\/","og_site_name":"Espace Pro","article_modified_time":"2024-06-10T10:22:08+00:00","og_image":[{"width":800,"height":800,"url":"https:\/\/www.tourisme-valdemarne.com\/espace-pro\/wp-content\/uploads\/sites\/3\/2022\/09\/phenomenart_instagram.jpg","type":"image\/jpeg"}],"twitter_card":"summary_large_image","twitter_misc":{"Dur\u00e9e de lecture estim\u00e9e":"3 minutes"},"schema":{"@context":"https:\/\/schema.org","@graph":[{"@type":"WebPage","@id":"https:\/\/www.tourisme-valdemarne.com\/espace-pro\/presse\/actualites-et-communiques-de-presse\/communiques-de-presse-precedents\/phenomenart-revient-en-octobre-pour-sa-3e-edition\/","url":"https:\/\/www.tourisme-valdemarne.com\/espace-pro\/presse\/actualites-et-communiques-de-presse\/communiques-de-presse-precedents\/phenomenart-revient-en-octobre-pour-sa-3e-edition\/","name":"PH\u00c9NOM\u00c8N\u2019ART REVIENT en octobre pour sa 3e \u00e9dition - Espace Pro","isPartOf":{"@id":"https:\/\/www.tourisme-valdemarne.com\/espace-pro\/#website"},"primaryImageOfPage":{"@id":"https:\/\/www.tourisme-valdemarne.com\/espace-pro\/presse\/actualites-et-communiques-de-presse\/communiques-de-presse-precedents\/phenomenart-revient-en-octobre-pour-sa-3e-edition\/#primaryimage"},"image":{"@id":"https:\/\/www.tourisme-valdemarne.com\/espace-pro\/presse\/actualites-et-communiques-de-presse\/communiques-de-presse-precedents\/phenomenart-revient-en-octobre-pour-sa-3e-edition\/#primaryimage"},"thumbnailUrl":"https:\/\/www.tourisme-valdemarne.com\/espace-pro\/wp-content\/uploads\/sites\/3\/2022\/09\/phenomenart_instagram.jpg","datePublished":"2022-09-27T13:10:44+00:00","dateModified":"2024-06-10T10:22:08+00:00","description":"D\u00e9couvrez le programme de la 3e \u00e9dition du Festival Ph\u00e9nom\u00e8n'Art ! Rendez-vous du 14 au 16 octobre en Val-de-Marne et au sud-est de Paris.","breadcrumb":{"@id":"https:\/\/www.tourisme-valdemarne.com\/espace-pro\/presse\/actualites-et-communiques-de-presse\/communiques-de-presse-precedents\/phenomenart-revient-en-octobre-pour-sa-3e-edition\/#breadcrumb"},"inLanguage":"fr-FR","potentialAction":[{"@type":"ReadAction","target":["https:\/\/www.tourisme-valdemarne.com\/espace-pro\/presse\/actualites-et-communiques-de-presse\/communiques-de-presse-precedents\/phenomenart-revient-en-octobre-pour-sa-3e-edition\/"]}]},{"@type":"ImageObject","inLanguage":"fr-FR","@id":"https:\/\/www.tourisme-valdemarne.com\/espace-pro\/presse\/actualites-et-communiques-de-presse\/communiques-de-presse-precedents\/phenomenart-revient-en-octobre-pour-sa-3e-edition\/#primaryimage","url":"https:\/\/www.tourisme-valdemarne.com\/espace-pro\/wp-content\/uploads\/sites\/3\/2022\/09\/phenomenart_instagram.jpg","contentUrl":"https:\/\/www.tourisme-valdemarne.com\/espace-pro\/wp-content\/uploads\/sites\/3\/2022\/09\/phenomenart_instagram.jpg","width":800,"height":800,"caption":"phenomen'art affiche 2022"},{"@type":"BreadcrumbList","@id":"https:\/\/www.tourisme-valdemarne.com\/espace-pro\/presse\/actualites-et-communiques-de-presse\/communiques-de-presse-precedents\/phenomenart-revient-en-octobre-pour-sa-3e-edition\/#breadcrumb","itemListElement":[{"@type":"ListItem","position":1,"name":"Accueil","item":"https:\/\/www.tourisme-valdemarne.com\/espace-pro\/"},{"@type":"ListItem","position":2,"name":"Presse","item":"https:\/\/www.tourisme-valdemarne.com\/espace-pro\/presse\/"},{"@type":"ListItem","position":3,"name":"Actualit\u00e9s et communiqu\u00e9s de presse","item":"https:\/\/www.tourisme-valdemarne.com\/espace-pro\/presse\/actualites-et-communiques-de-presse\/"},{"@type":"ListItem","position":4,"name":"Communiqu\u00e9s de presse pr\u00e9c\u00e9dents","item":"https:\/\/www.tourisme-valdemarne.com\/espace-pro\/presse\/actualites-et-communiques-de-presse\/communiques-de-presse-precedents\/"},{"@type":"ListItem","position":5,"name":"PH\u00c9NOM\u00c8N\u2019ART REVIENT en octobre pour sa 3e \u00e9dition"}]},{"@type":"WebSite","@id":"https:\/\/www.tourisme-valdemarne.com\/espace-pro\/#website","url":"https:\/\/www.tourisme-valdemarne.com\/espace-pro\/","name":"Espace Pro","description":"Informations et outils pour les professionnels et la Presse","potentialAction":[{"@type":"SearchAction","target":{"@type":"EntryPoint","urlTemplate":"https:\/\/www.tourisme-valdemarne.com\/espace-pro\/?s={search_term_string}"},"query-input":{"@type":"PropertyValueSpecification","valueRequired":true,"valueName":"search_term_string"}}],"inLanguage":"fr-FR"}]}},"_links":{"self":[{"href":"https:\/\/www.tourisme-valdemarne.com\/espace-pro\/wp-json\/wp\/v2\/pages\/13389","targetHints":{"allow":["GET"]}}],"collection":[{"href":"https:\/\/www.tourisme-valdemarne.com\/espace-pro\/wp-json\/wp\/v2\/pages"}],"about":[{"href":"https:\/\/www.tourisme-valdemarne.com\/espace-pro\/wp-json\/wp\/v2\/types\/page"}],"author":[{"embeddable":true,"href":"https:\/\/www.tourisme-valdemarne.com\/espace-pro\/wp-json\/wp\/v2\/users\/16"}],"replies":[{"embeddable":true,"href":"https:\/\/www.tourisme-valdemarne.com\/espace-pro\/wp-json\/wp\/v2\/comments?post=13389"}],"version-history":[{"count":12,"href":"https:\/\/www.tourisme-valdemarne.com\/espace-pro\/wp-json\/wp\/v2\/pages\/13389\/revisions"}],"predecessor-version":[{"id":27239,"href":"https:\/\/www.tourisme-valdemarne.com\/espace-pro\/wp-json\/wp\/v2\/pages\/13389\/revisions\/27239"}],"up":[{"embeddable":true,"href":"https:\/\/www.tourisme-valdemarne.com\/espace-pro\/wp-json\/wp\/v2\/pages\/2883"}],"wp:featuredmedia":[{"embeddable":true,"href":"https:\/\/www.tourisme-valdemarne.com\/espace-pro\/wp-json\/wp\/v2\/media\/13397"}],"wp:attachment":[{"href":"https:\/\/www.tourisme-valdemarne.com\/espace-pro\/wp-json\/wp\/v2\/media?parent=13389"}],"wp:term":[{"taxonomy":"vdmTagMarketing","embeddable":true,"href":"https:\/\/www.tourisme-valdemarne.com\/espace-pro\/wp-json\/wp\/v2\/vdmTagMarketing?post=13389"}],"curies":[{"name":"wp","href":"https:\/\/api.w.org\/{rel}","templated":true}]}}