{"id":13231,"date":"2022-09-05T09:57:01","date_gmt":"2022-09-05T07:57:01","guid":{"rendered":"https:\/\/www.tourisme-valdemarne.com\/espace-pro\/?page_id=13231"},"modified":"2024-03-25T15:54:37","modified_gmt":"2024-03-25T14:54:37","slug":"balades-avec-les-passeurs-de-cultures-2","status":"publish","type":"page","link":"https:\/\/www.tourisme-valdemarne.com\/espace-pro\/presse\/actualites-et-communiques-de-presse\/communiques-de-presse-precedents\/balades-avec-les-passeurs-de-cultures-2\/","title":{"rendered":"D\u00e9couverte des Balades avec les Passeurs de culture(s)"},"content":{"rendered":"\n<p class=\"is-style-excerpt\"><em>Le temps d\u2019une balade comment\u00e9e \u00e0 travers des parcours th\u00e9matiques et insolites, m\u00ealant d\u00e9couvertes du territoire et \u00e9changes, les Passeurs de cultures invitent les visiteurs \u00e0 d\u00e9couvrir les villes du Val-de-Marne sous un angle diff\u00e9rent, au prisme de l\u2019immigration d\u2019hier et d\u2019aujourd\u2019hui.<\/em><\/p>\n\n\n\n<p><strong>Des visites \u00e0 \u00e9couter et \u00e0 vivre pour d\u00e9couvrir ceux qui font le Val-de-Marne multiculturel.<\/strong><\/p>\n\n\n\n<p>Le long d\u2019un itin\u00e9raire urbain de deux heures et demie, les Passeurs de cultures racontent la ville en pr\u00e9sentant son patrimoine historique, culturel et vivant. Au fil de la d\u00e9ambulation, ils font t\u00e9moigner des personnages de la ville sur leur ancrage local et leur engagement dans la commune. Chaque rencontre est diff\u00e9rente, c&rsquo;est pourquoi chaque balade des Passeurs de cultures est unique.<\/p>\n\n\n\n<div class=\"wp-block-buttons is-layout-flex wp-block-buttons-is-layout-flex\">\n<div class=\"wp-block-button aligncenter\"><a class=\"wp-block-button__link\" href=\"https:\/\/www.tourisme-valdemarne.com\/espace-pro\/wp-content\/uploads\/sites\/3\/2022\/09\/cp_passeurs-de-culture_2022.pdf\" target=\"_blank\" rel=\"noreferrer noopener\">Lire le communiqu\u00e9 de presse<\/a><\/div>\n<\/div>\n\n\n\n<hr class=\"wp-block-separator\"\/>\n\n\n\n<p><strong>\u00c0 propos du projet<\/strong><\/p>\n\n\n\n<p>Le projet \u00ab Passeurs de culture(s) \u00bb pr\u00f4ne la tol\u00e9rance et s\u2019ancre dans un tourisme solidaire, \u00e9quitable et alternatif. Il est coordonn\u00e9 par l\u2019association Bastina avec l\u2019aide de Val-de-Marne Tourisme &amp; Loisirs.<\/p>\n\n\n\n<p>Issus de l\u2019immigration, les Passeurs de cultures ont suivi une formation de six mois \u00e0 l\u2019IREST (Institut de Recherche et d\u2019Etudes Scientifiques du Tourisme de la Sorbonne). Chacun de ces guides amateurs a cr\u00e9\u00e9 son propre parcours avec l\u2019aide des \u00e9tudiants, pour proposer une visite unique construite autour de sa propre histoire, ses rencontres et ses exp\u00e9riences personnelles.<\/p>\n\n\n\n<div class=\"wp-block-buttons is-layout-flex wp-block-buttons-is-layout-flex\">\n<div class=\"wp-block-button aligncenter\"><a class=\"wp-block-button__link\" href=\"https:\/\/www.tourisme-valdemarne.com\/arts-culture\/balades-urbaines\/balades-avec-les-passeurs-de-cultures\/\" target=\"_blank\" rel=\"noreferrer noopener\">en savoir plus sur les passeurs de culture(s)<\/a><\/div>\n<\/div>\n\n\n\n<p class=\"is-style-highlight\">D\u00e9couvrez le reste de l&rsquo;<a href=\"https:\/\/www.tourisme-valdemarne.com\/espace-pro\/presse\/actualites-et-communiques-de-presse\/\">actualit\u00e9 Presse de Val-de-Marne Tourisme &amp; Loisirs<\/a>.<\/p>\n","protected":false},"excerpt":{"rendered":"<p>Le temps d\u2019une balade comment\u00e9e \u00e0 travers des parcours th\u00e9matiques et insolites, m\u00ealant d\u00e9couvertes du territoire et \u00e9changes, les Passeurs de cultures invitent les visiteurs \u00e0 d\u00e9couvrir les villes du Val-de-Marne sous un angle diff\u00e9rent, au prisme de l\u2019immigration d\u2019hier et d\u2019aujourd\u2019hui. Des visites \u00e0 \u00e9couter et \u00e0 vivre pour d\u00e9couvrir ceux qui font le [&hellip;]<\/p>\n","protected":false},"author":8,"featured_media":2888,"parent":2883,"menu_order":170,"comment_status":"closed","ping_status":"closed","template":"","meta":{"_relevanssi_hide_post":"","_relevanssi_hide_content":"","_relevanssi_pin_for_all":"","_relevanssi_pin_keywords":"","_relevanssi_unpin_keywords":"","_relevanssi_related_keywords":"","_relevanssi_related_include_ids":"","_relevanssi_related_exclude_ids":"","_relevanssi_related_no_append":"","_relevanssi_related_not_related":"","_relevanssi_related_posts":"2741,8090,8077,8104,442,444","_relevanssi_noindex_reason":"","footnotes":""},"vdmTagMarketing":[],"class_list":["post-13231","page","type-page","status-publish","has-post-thumbnail","hentry"],"acf":[],"yoast_head":"<!-- This site is optimized with the Yoast SEO plugin v23.9 - https:\/\/yoast.com\/wordpress\/plugins\/seo\/ -->\n<title>D\u00e9couverte des Balades avec les Passeurs de culture(s) - Espace Pro<\/title>\n<meta name=\"robots\" content=\"index, follow, max-snippet:-1, max-image-preview:large, max-video-preview:-1\" \/>\n<link rel=\"canonical\" href=\"https:\/\/www.tourisme-valdemarne.com\/espace-pro\/presse\/actualites-et-communiques-de-presse\/communiques-de-presse-precedents\/balades-avec-les-passeurs-de-cultures-2\/\" \/>\n<meta property=\"og:locale\" content=\"fr_FR\" \/>\n<meta property=\"og:type\" content=\"article\" \/>\n<meta property=\"og:title\" content=\"D\u00e9couverte des Balades avec les Passeurs de culture(s) - Espace Pro\" \/>\n<meta property=\"og:description\" content=\"Le temps d\u2019une balade comment\u00e9e \u00e0 travers des parcours th\u00e9matiques et insolites, m\u00ealant d\u00e9couvertes du territoire et \u00e9changes, les Passeurs de cultures invitent les visiteurs \u00e0 d\u00e9couvrir les villes du Val-de-Marne sous un angle diff\u00e9rent, au prisme de l\u2019immigration d\u2019hier et d\u2019aujourd\u2019hui. Des visites \u00e0 \u00e9couter et \u00e0 vivre pour d\u00e9couvrir ceux qui font le [&hellip;]\" \/>\n<meta property=\"og:url\" content=\"https:\/\/www.tourisme-valdemarne.com\/espace-pro\/presse\/actualites-et-communiques-de-presse\/communiques-de-presse-precedents\/balades-avec-les-passeurs-de-cultures-2\/\" \/>\n<meta property=\"og:site_name\" content=\"Espace Pro\" \/>\n<meta property=\"article:modified_time\" content=\"2024-03-25T14:54:37+00:00\" \/>\n<meta property=\"og:image\" content=\"https:\/\/www.tourisme-valdemarne.com\/espace-pro\/wp-content\/uploads\/sites\/3\/2019\/05\/passeurs-cultures-fontenay_cp_cdt94_e.filliot.jpg\" \/>\n\t<meta property=\"og:image:width\" content=\"1600\" \/>\n\t<meta property=\"og:image:height\" content=\"900\" \/>\n\t<meta property=\"og:image:type\" content=\"image\/jpeg\" \/>\n<meta name=\"twitter:card\" content=\"summary_large_image\" \/>\n<meta name=\"twitter:label1\" content=\"Dur\u00e9e de lecture estim\u00e9e\" \/>\n\t<meta name=\"twitter:data1\" content=\"2 minutes\" \/>\n<script type=\"application\/ld+json\" class=\"yoast-schema-graph\">{\"@context\":\"https:\/\/schema.org\",\"@graph\":[{\"@type\":\"WebPage\",\"@id\":\"https:\/\/www.tourisme-valdemarne.com\/espace-pro\/presse\/actualites-et-communiques-de-presse\/communiques-de-presse-precedents\/balades-avec-les-passeurs-de-cultures-2\/\",\"url\":\"https:\/\/www.tourisme-valdemarne.com\/espace-pro\/presse\/actualites-et-communiques-de-presse\/communiques-de-presse-precedents\/balades-avec-les-passeurs-de-cultures-2\/\",\"name\":\"D\u00e9couverte des Balades avec les Passeurs de culture(s) - Espace Pro\",\"isPartOf\":{\"@id\":\"https:\/\/www.tourisme-valdemarne.com\/espace-pro\/#website\"},\"primaryImageOfPage\":{\"@id\":\"https:\/\/www.tourisme-valdemarne.com\/espace-pro\/presse\/actualites-et-communiques-de-presse\/communiques-de-presse-precedents\/balades-avec-les-passeurs-de-cultures-2\/#primaryimage\"},\"image\":{\"@id\":\"https:\/\/www.tourisme-valdemarne.com\/espace-pro\/presse\/actualites-et-communiques-de-presse\/communiques-de-presse-precedents\/balades-avec-les-passeurs-de-cultures-2\/#primaryimage\"},\"thumbnailUrl\":\"https:\/\/www.tourisme-valdemarne.com\/espace-pro\/wp-content\/uploads\/sites\/3\/2019\/05\/passeurs-cultures-fontenay_cp_cdt94_e.filliot.jpg\",\"datePublished\":\"2022-09-05T07:57:01+00:00\",\"dateModified\":\"2024-03-25T14:54:37+00:00\",\"breadcrumb\":{\"@id\":\"https:\/\/www.tourisme-valdemarne.com\/espace-pro\/presse\/actualites-et-communiques-de-presse\/communiques-de-presse-precedents\/balades-avec-les-passeurs-de-cultures-2\/#breadcrumb\"},\"inLanguage\":\"fr-FR\",\"potentialAction\":[{\"@type\":\"ReadAction\",\"target\":[\"https:\/\/www.tourisme-valdemarne.com\/espace-pro\/presse\/actualites-et-communiques-de-presse\/communiques-de-presse-precedents\/balades-avec-les-passeurs-de-cultures-2\/\"]}]},{\"@type\":\"ImageObject\",\"inLanguage\":\"fr-FR\",\"@id\":\"https:\/\/www.tourisme-valdemarne.com\/espace-pro\/presse\/actualites-et-communiques-de-presse\/communiques-de-presse-precedents\/balades-avec-les-passeurs-de-cultures-2\/#primaryimage\",\"url\":\"https:\/\/www.tourisme-valdemarne.com\/espace-pro\/wp-content\/uploads\/sites\/3\/2019\/05\/passeurs-cultures-fontenay_cp_cdt94_e.filliot.jpg\",\"contentUrl\":\"https:\/\/www.tourisme-valdemarne.com\/espace-pro\/wp-content\/uploads\/sites\/3\/2019\/05\/passeurs-cultures-fontenay_cp_cdt94_e.filliot.jpg\",\"width\":1600,\"height\":900,\"caption\":\"Passeurs de cultures \u00e0 Fontenay\"},{\"@type\":\"BreadcrumbList\",\"@id\":\"https:\/\/www.tourisme-valdemarne.com\/espace-pro\/presse\/actualites-et-communiques-de-presse\/communiques-de-presse-precedents\/balades-avec-les-passeurs-de-cultures-2\/#breadcrumb\",\"itemListElement\":[{\"@type\":\"ListItem\",\"position\":1,\"name\":\"Accueil\",\"item\":\"https:\/\/www.tourisme-valdemarne.com\/espace-pro\/\"},{\"@type\":\"ListItem\",\"position\":2,\"name\":\"Presse\",\"item\":\"https:\/\/www.tourisme-valdemarne.com\/espace-pro\/presse\/\"},{\"@type\":\"ListItem\",\"position\":3,\"name\":\"Actualit\u00e9s et communiqu\u00e9s de presse\",\"item\":\"https:\/\/www.tourisme-valdemarne.com\/espace-pro\/presse\/actualites-et-communiques-de-presse\/\"},{\"@type\":\"ListItem\",\"position\":4,\"name\":\"Communiqu\u00e9s de presse pr\u00e9c\u00e9dents\",\"item\":\"https:\/\/www.tourisme-valdemarne.com\/espace-pro\/presse\/actualites-et-communiques-de-presse\/communiques-de-presse-precedents\/\"},{\"@type\":\"ListItem\",\"position\":5,\"name\":\"D\u00e9couverte des Balades avec les Passeurs de culture(s)\"}]},{\"@type\":\"WebSite\",\"@id\":\"https:\/\/www.tourisme-valdemarne.com\/espace-pro\/#website\",\"url\":\"https:\/\/www.tourisme-valdemarne.com\/espace-pro\/\",\"name\":\"Espace Pro\",\"description\":\"Informations et outils pour les professionnels et la Presse\",\"potentialAction\":[{\"@type\":\"SearchAction\",\"target\":{\"@type\":\"EntryPoint\",\"urlTemplate\":\"https:\/\/www.tourisme-valdemarne.com\/espace-pro\/?s={search_term_string}\"},\"query-input\":{\"@type\":\"PropertyValueSpecification\",\"valueRequired\":true,\"valueName\":\"search_term_string\"}}],\"inLanguage\":\"fr-FR\"}]}<\/script>\n<!-- \/ Yoast SEO plugin. -->","yoast_head_json":{"title":"D\u00e9couverte des Balades avec les Passeurs de culture(s) - Espace Pro","robots":{"index":"index","follow":"follow","max-snippet":"max-snippet:-1","max-image-preview":"max-image-preview:large","max-video-preview":"max-video-preview:-1"},"canonical":"https:\/\/www.tourisme-valdemarne.com\/espace-pro\/presse\/actualites-et-communiques-de-presse\/communiques-de-presse-precedents\/balades-avec-les-passeurs-de-cultures-2\/","og_locale":"fr_FR","og_type":"article","og_title":"D\u00e9couverte des Balades avec les Passeurs de culture(s) - Espace Pro","og_description":"Le temps d\u2019une balade comment\u00e9e \u00e0 travers des parcours th\u00e9matiques et insolites, m\u00ealant d\u00e9couvertes du territoire et \u00e9changes, les Passeurs de cultures invitent les visiteurs \u00e0 d\u00e9couvrir les villes du Val-de-Marne sous un angle diff\u00e9rent, au prisme de l\u2019immigration d\u2019hier et d\u2019aujourd\u2019hui. Des visites \u00e0 \u00e9couter et \u00e0 vivre pour d\u00e9couvrir ceux qui font le [&hellip;]","og_url":"https:\/\/www.tourisme-valdemarne.com\/espace-pro\/presse\/actualites-et-communiques-de-presse\/communiques-de-presse-precedents\/balades-avec-les-passeurs-de-cultures-2\/","og_site_name":"Espace Pro","article_modified_time":"2024-03-25T14:54:37+00:00","og_image":[{"width":1600,"height":900,"url":"https:\/\/www.tourisme-valdemarne.com\/espace-pro\/wp-content\/uploads\/sites\/3\/2019\/05\/passeurs-cultures-fontenay_cp_cdt94_e.filliot.jpg","type":"image\/jpeg"}],"twitter_card":"summary_large_image","twitter_misc":{"Dur\u00e9e de lecture estim\u00e9e":"2 minutes"},"schema":{"@context":"https:\/\/schema.org","@graph":[{"@type":"WebPage","@id":"https:\/\/www.tourisme-valdemarne.com\/espace-pro\/presse\/actualites-et-communiques-de-presse\/communiques-de-presse-precedents\/balades-avec-les-passeurs-de-cultures-2\/","url":"https:\/\/www.tourisme-valdemarne.com\/espace-pro\/presse\/actualites-et-communiques-de-presse\/communiques-de-presse-precedents\/balades-avec-les-passeurs-de-cultures-2\/","name":"D\u00e9couverte des Balades avec les Passeurs de culture(s) - Espace Pro","isPartOf":{"@id":"https:\/\/www.tourisme-valdemarne.com\/espace-pro\/#website"},"primaryImageOfPage":{"@id":"https:\/\/www.tourisme-valdemarne.com\/espace-pro\/presse\/actualites-et-communiques-de-presse\/communiques-de-presse-precedents\/balades-avec-les-passeurs-de-cultures-2\/#primaryimage"},"image":{"@id":"https:\/\/www.tourisme-valdemarne.com\/espace-pro\/presse\/actualites-et-communiques-de-presse\/communiques-de-presse-precedents\/balades-avec-les-passeurs-de-cultures-2\/#primaryimage"},"thumbnailUrl":"https:\/\/www.tourisme-valdemarne.com\/espace-pro\/wp-content\/uploads\/sites\/3\/2019\/05\/passeurs-cultures-fontenay_cp_cdt94_e.filliot.jpg","datePublished":"2022-09-05T07:57:01+00:00","dateModified":"2024-03-25T14:54:37+00:00","breadcrumb":{"@id":"https:\/\/www.tourisme-valdemarne.com\/espace-pro\/presse\/actualites-et-communiques-de-presse\/communiques-de-presse-precedents\/balades-avec-les-passeurs-de-cultures-2\/#breadcrumb"},"inLanguage":"fr-FR","potentialAction":[{"@type":"ReadAction","target":["https:\/\/www.tourisme-valdemarne.com\/espace-pro\/presse\/actualites-et-communiques-de-presse\/communiques-de-presse-precedents\/balades-avec-les-passeurs-de-cultures-2\/"]}]},{"@type":"ImageObject","inLanguage":"fr-FR","@id":"https:\/\/www.tourisme-valdemarne.com\/espace-pro\/presse\/actualites-et-communiques-de-presse\/communiques-de-presse-precedents\/balades-avec-les-passeurs-de-cultures-2\/#primaryimage","url":"https:\/\/www.tourisme-valdemarne.com\/espace-pro\/wp-content\/uploads\/sites\/3\/2019\/05\/passeurs-cultures-fontenay_cp_cdt94_e.filliot.jpg","contentUrl":"https:\/\/www.tourisme-valdemarne.com\/espace-pro\/wp-content\/uploads\/sites\/3\/2019\/05\/passeurs-cultures-fontenay_cp_cdt94_e.filliot.jpg","width":1600,"height":900,"caption":"Passeurs de cultures \u00e0 Fontenay"},{"@type":"BreadcrumbList","@id":"https:\/\/www.tourisme-valdemarne.com\/espace-pro\/presse\/actualites-et-communiques-de-presse\/communiques-de-presse-precedents\/balades-avec-les-passeurs-de-cultures-2\/#breadcrumb","itemListElement":[{"@type":"ListItem","position":1,"name":"Accueil","item":"https:\/\/www.tourisme-valdemarne.com\/espace-pro\/"},{"@type":"ListItem","position":2,"name":"Presse","item":"https:\/\/www.tourisme-valdemarne.com\/espace-pro\/presse\/"},{"@type":"ListItem","position":3,"name":"Actualit\u00e9s et communiqu\u00e9s de presse","item":"https:\/\/www.tourisme-valdemarne.com\/espace-pro\/presse\/actualites-et-communiques-de-presse\/"},{"@type":"ListItem","position":4,"name":"Communiqu\u00e9s de presse pr\u00e9c\u00e9dents","item":"https:\/\/www.tourisme-valdemarne.com\/espace-pro\/presse\/actualites-et-communiques-de-presse\/communiques-de-presse-precedents\/"},{"@type":"ListItem","position":5,"name":"D\u00e9couverte des Balades avec les Passeurs de culture(s)"}]},{"@type":"WebSite","@id":"https:\/\/www.tourisme-valdemarne.com\/espace-pro\/#website","url":"https:\/\/www.tourisme-valdemarne.com\/espace-pro\/","name":"Espace Pro","description":"Informations et outils pour les professionnels et la Presse","potentialAction":[{"@type":"SearchAction","target":{"@type":"EntryPoint","urlTemplate":"https:\/\/www.tourisme-valdemarne.com\/espace-pro\/?s={search_term_string}"},"query-input":{"@type":"PropertyValueSpecification","valueRequired":true,"valueName":"search_term_string"}}],"inLanguage":"fr-FR"}]}},"_links":{"self":[{"href":"https:\/\/www.tourisme-valdemarne.com\/espace-pro\/wp-json\/wp\/v2\/pages\/13231","targetHints":{"allow":["GET"]}}],"collection":[{"href":"https:\/\/www.tourisme-valdemarne.com\/espace-pro\/wp-json\/wp\/v2\/pages"}],"about":[{"href":"https:\/\/www.tourisme-valdemarne.com\/espace-pro\/wp-json\/wp\/v2\/types\/page"}],"author":[{"embeddable":true,"href":"https:\/\/www.tourisme-valdemarne.com\/espace-pro\/wp-json\/wp\/v2\/users\/8"}],"replies":[{"embeddable":true,"href":"https:\/\/www.tourisme-valdemarne.com\/espace-pro\/wp-json\/wp\/v2\/comments?post=13231"}],"version-history":[{"count":6,"href":"https:\/\/www.tourisme-valdemarne.com\/espace-pro\/wp-json\/wp\/v2\/pages\/13231\/revisions"}],"predecessor-version":[{"id":14785,"href":"https:\/\/www.tourisme-valdemarne.com\/espace-pro\/wp-json\/wp\/v2\/pages\/13231\/revisions\/14785"}],"up":[{"embeddable":true,"href":"https:\/\/www.tourisme-valdemarne.com\/espace-pro\/wp-json\/wp\/v2\/pages\/2883"}],"wp:featuredmedia":[{"embeddable":true,"href":"https:\/\/www.tourisme-valdemarne.com\/espace-pro\/wp-json\/wp\/v2\/media\/2888"}],"wp:attachment":[{"href":"https:\/\/www.tourisme-valdemarne.com\/espace-pro\/wp-json\/wp\/v2\/media?parent=13231"}],"wp:term":[{"taxonomy":"vdmTagMarketing","embeddable":true,"href":"https:\/\/www.tourisme-valdemarne.com\/espace-pro\/wp-json\/wp\/v2\/vdmTagMarketing?post=13231"}],"curies":[{"name":"wp","href":"https:\/\/api.w.org\/{rel}","templated":true}]}}