{"id":13052,"date":"2022-07-18T12:09:35","date_gmt":"2022-07-18T10:09:35","guid":{"rendered":"https:\/\/www.tourisme-valdemarne.com\/espace-pro\/?page_id=13052"},"modified":"2023-03-16T11:50:22","modified_gmt":"2023-03-16T10:50:22","slug":"appel-a-projet-pour-la-creation-dune-oeuvre-memorielle-collaborative-a-la-belle-piscine-vitry-sur-seine","status":"publish","type":"page","link":"https:\/\/www.tourisme-valdemarne.com\/espace-pro\/actualites\/appel-a-projet-pour-la-creation-dune-oeuvre-memorielle-collaborative-a-la-belle-piscine-vitry-sur-seine\/","title":{"rendered":"Appel \u00e0 projet pour la cr\u00e9ation d\u2019une \u0153uvre m\u00e9morielle collaborative \u00e0 Vitry-sur-Seine"},"content":{"rendered":"\n<p class=\"is-style-excerpt\">La ville Vitry-sur-Seine cherche des artistes pour investir l\u2019ancienne piscine municipale d\u00e9saffect\u00e9e.<br>Date limite du d\u00e9p\u00f4t de dossier de candidature : le 15 ao\u00fbt 2022.<\/p>\n\n\n\n<p>La ville de Vitry-sur-Seine accompagne depuis longtemps la <strong>cr\u00e9ation artistique et culturelle<\/strong> sur son territoire. Elle compte un nombre important d\u2019\u0153uvres dans l&rsquo;espace public issues de la commande publique artistique. Le <strong>street-art<\/strong> occupe \u00e9galement une place importante et fait partie de l\u2019identit\u00e9 de la ville.<\/p>\n\n\n\n<div class=\"wp-block-buttons is-content-justification-center is-layout-flex wp-container-core-buttons-is-layout-1 wp-block-buttons-is-layout-flex\">\n<div class=\"wp-block-button\"><a class=\"wp-block-button__link\" href=\"https:\/\/www.tourisme-valdemarne.com\/espace-pro\/wp-content\/uploads\/sites\/3\/2022\/07\/aap-_-la-belle-piscine.pdf\" target=\"_blank\" rel=\"noreferrer noopener\">En savoir plus sur l&rsquo;appel \u00e0 projet<\/a><\/div>\n<\/div>\n\n\n\n<div class=\"wp-block-image\"><figure class=\"aligncenter size-full is-resized\"><img data-src=\"https:\/\/www.tourisme-valdemarne.com\/espace-pro\/wp-content\/uploads\/sites\/3\/2022\/07\/visu-labellepisicne1_page-0001.jpg\" alt=\"appel a projet la belle piscine vitry\" class=\"wp-image-13060\" width=\"500\" srcset=\"https:\/\/www.tourisme-valdemarne.com\/espace-pro\/wp-content\/uploads\/sites\/3\/2022\/07\/visu-labellepisicne1_page-0001.jpg 800w, https:\/\/www.tourisme-valdemarne.com\/espace-pro\/wp-content\/uploads\/sites\/3\/2022\/07\/visu-labellepisicne1_page-0001-600x600.jpg 600w, https:\/\/www.tourisme-valdemarne.com\/espace-pro\/wp-content\/uploads\/sites\/3\/2022\/07\/visu-labellepisicne1_page-0001-380x380.jpg 380w, https:\/\/www.tourisme-valdemarne.com\/espace-pro\/wp-content\/uploads\/sites\/3\/2022\/07\/visu-labellepisicne1_page-0001-150x150.jpg 150w, https:\/\/www.tourisme-valdemarne.com\/espace-pro\/wp-content\/uploads\/sites\/3\/2022\/07\/visu-labellepisicne1_page-0001-200x200.jpg 200w, https:\/\/www.tourisme-valdemarne.com\/espace-pro\/wp-content\/uploads\/sites\/3\/2022\/07\/visu-labellepisicne1_page-0001-24x24.jpg 24w, https:\/\/www.tourisme-valdemarne.com\/espace-pro\/wp-content\/uploads\/sites\/3\/2022\/07\/visu-labellepisicne1_page-0001-48x48.jpg 48w, https:\/\/www.tourisme-valdemarne.com\/espace-pro\/wp-content\/uploads\/sites\/3\/2022\/07\/visu-labellepisicne1_page-0001-96x96.jpg 96w, https:\/\/www.tourisme-valdemarne.com\/espace-pro\/wp-content\/uploads\/sites\/3\/2022\/07\/visu-labellepisicne1_page-0001-300x300.jpg 300w\" sizes=\"(max-width: 800px) 100vw, 800px\" \/><\/figure><\/div>\n\n\n\n<p>Cette ann\u00e9e la municipalit\u00e9 met \u00e0 disposition de la cr\u00e9ation artistique un <strong>lieu atypique<\/strong> charg\u00e9 d\u2019histoires et relevant du patrimoine vitriot : l\u2019ancienne piscine municipale dite du 08 Mai. Celle-ci a ferm\u00e9 ses portes cette ann\u00e9e pour \u00eatre remplac\u00e9e par un nouveau centre aquatique prochainement inaugur\u00e9.<\/p>\n\n\n\n<p>En partenariat avec l\u2019association <a href=\"https:\/\/exploreparis.com\/fr\/292_vitry-n-urbaine\" target=\"_blank\" rel=\"noreferrer noopener\">Vitry\u2019N Urbaine<\/a>, la ville souhaite inviter des artistes \u00e0 investir l\u2019int\u00e9rieur du b\u00e2timent de l\u2019ancienne piscine pour cr\u00e9er une \u0153uvre m\u00e9morielle collaborative sur le th\u00e8me des \u201c<strong>microcosmes aquatiques<\/strong>\u201d. La r\u00e9alisation de cette \u0153uvre aura lieu du 19 septembre au 6 octobre 2022.<\/p>\n\n\n\n<div class=\"wp-block-buttons is-content-justification-center is-layout-flex wp-container-core-buttons-is-layout-2 wp-block-buttons-is-layout-flex\">\n<div class=\"wp-block-button\"><a class=\"wp-block-button__link\" href=\"https:\/\/services-vitry94.fr\/galerie-municipale\/\u00a0\" target=\"_blank\" rel=\"noreferrer noopener\">Candidature du 15 juillet au 15 ao\u00fbt 2022<\/a><\/div>\n<\/div>\n\n\n\n<p class=\"is-style-highlight\">D\u00e9couvrez le reste de l&rsquo;<a href=\"https:\/\/www.tourisme-valdemarne.com\/espace-pro\/actualites\/\" target=\"_blank\" rel=\"noreferrer noopener\">actualit\u00e9 des professionnels du tourisme en Val-de-Marne<\/a>.<\/p>\n","protected":false},"excerpt":{"rendered":"<p>La ville Vitry-sur-Seine cherche des artistes pour investir l\u2019ancienne piscine municipale d\u00e9saffect\u00e9e.Date limite du d\u00e9p\u00f4t de dossier de candidature : le 15 ao\u00fbt 2022. La ville de Vitry-sur-Seine accompagne depuis longtemps la cr\u00e9ation artistique et culturelle sur son territoire. Elle compte un nombre important d\u2019\u0153uvres dans l&rsquo;espace public issues de la commande publique artistique. Le [&hellip;]<\/p>\n","protected":false},"author":16,"featured_media":13063,"parent":6164,"menu_order":4,"comment_status":"closed","ping_status":"closed","template":"","meta":{"_relevanssi_hide_post":"","_relevanssi_hide_content":"","_relevanssi_pin_for_all":"","_relevanssi_pin_keywords":"","_relevanssi_unpin_keywords":"","_relevanssi_related_keywords":"","_relevanssi_related_include_ids":"","_relevanssi_related_exclude_ids":"","_relevanssi_related_no_append":"","_relevanssi_related_not_related":"","_relevanssi_related_posts":"446,2745,8105,8074,2747,8095","_relevanssi_noindex_reason":"","footnotes":""},"vdmTagMarketing":[],"class_list":["post-13052","page","type-page","status-publish","has-post-thumbnail","hentry"],"acf":[],"yoast_head":"<!-- This site is optimized with the Yoast SEO plugin v23.9 - https:\/\/yoast.com\/wordpress\/plugins\/seo\/ -->\n<title>Appel \u00e0 projet pour la cr\u00e9ation d\u2019une \u0153uvre m\u00e9morielle collaborative \u00e0 Vitry-sur-Seine - Espace Pro<\/title>\n<meta name=\"robots\" content=\"index, follow, max-snippet:-1, max-image-preview:large, max-video-preview:-1\" \/>\n<link rel=\"canonical\" href=\"https:\/\/www.tourisme-valdemarne.com\/espace-pro\/actualites\/appel-a-projet-pour-la-creation-dune-oeuvre-memorielle-collaborative-a-la-belle-piscine-vitry-sur-seine\/\" \/>\n<meta property=\"og:locale\" content=\"fr_FR\" \/>\n<meta property=\"og:type\" content=\"article\" \/>\n<meta property=\"og:title\" content=\"Appel \u00e0 projet pour la cr\u00e9ation d\u2019une \u0153uvre m\u00e9morielle collaborative \u00e0 Vitry-sur-Seine - Espace Pro\" \/>\n<meta property=\"og:description\" content=\"La ville Vitry-sur-Seine cherche des artistes pour investir l\u2019ancienne piscine municipale d\u00e9saffect\u00e9e.Date limite du d\u00e9p\u00f4t de dossier de candidature : le 15 ao\u00fbt 2022. La ville de Vitry-sur-Seine accompagne depuis longtemps la cr\u00e9ation artistique et culturelle sur son territoire. Elle compte un nombre important d\u2019\u0153uvres dans l&rsquo;espace public issues de la commande publique artistique. Le [&hellip;]\" \/>\n<meta property=\"og:url\" content=\"https:\/\/www.tourisme-valdemarne.com\/espace-pro\/actualites\/appel-a-projet-pour-la-creation-dune-oeuvre-memorielle-collaborative-a-la-belle-piscine-vitry-sur-seine\/\" \/>\n<meta property=\"og:site_name\" content=\"Espace Pro\" \/>\n<meta property=\"article:modified_time\" content=\"2023-03-16T10:50:22+00:00\" \/>\n<meta property=\"og:image\" content=\"https:\/\/www.tourisme-valdemarne.com\/espace-pro\/wp-content\/uploads\/sites\/3\/2022\/07\/visu-labellepiscine3.jpg\" \/>\n\t<meta property=\"og:image:width\" content=\"1241\" \/>\n\t<meta property=\"og:image:height\" content=\"1241\" \/>\n\t<meta property=\"og:image:type\" content=\"image\/jpeg\" \/>\n<meta name=\"twitter:card\" content=\"summary_large_image\" \/>\n<meta name=\"twitter:label1\" content=\"Dur\u00e9e de lecture estim\u00e9e\" \/>\n\t<meta name=\"twitter:data1\" content=\"2 minutes\" \/>\n<script type=\"application\/ld+json\" class=\"yoast-schema-graph\">{\"@context\":\"https:\/\/schema.org\",\"@graph\":[{\"@type\":\"WebPage\",\"@id\":\"https:\/\/www.tourisme-valdemarne.com\/espace-pro\/actualites\/appel-a-projet-pour-la-creation-dune-oeuvre-memorielle-collaborative-a-la-belle-piscine-vitry-sur-seine\/\",\"url\":\"https:\/\/www.tourisme-valdemarne.com\/espace-pro\/actualites\/appel-a-projet-pour-la-creation-dune-oeuvre-memorielle-collaborative-a-la-belle-piscine-vitry-sur-seine\/\",\"name\":\"Appel \u00e0 projet pour la cr\u00e9ation d\u2019une \u0153uvre m\u00e9morielle collaborative \u00e0 Vitry-sur-Seine - Espace Pro\",\"isPartOf\":{\"@id\":\"https:\/\/www.tourisme-valdemarne.com\/espace-pro\/#website\"},\"primaryImageOfPage\":{\"@id\":\"https:\/\/www.tourisme-valdemarne.com\/espace-pro\/actualites\/appel-a-projet-pour-la-creation-dune-oeuvre-memorielle-collaborative-a-la-belle-piscine-vitry-sur-seine\/#primaryimage\"},\"image\":{\"@id\":\"https:\/\/www.tourisme-valdemarne.com\/espace-pro\/actualites\/appel-a-projet-pour-la-creation-dune-oeuvre-memorielle-collaborative-a-la-belle-piscine-vitry-sur-seine\/#primaryimage\"},\"thumbnailUrl\":\"https:\/\/www.tourisme-valdemarne.com\/espace-pro\/wp-content\/uploads\/sites\/3\/2022\/07\/visu-labellepiscine3.jpg\",\"datePublished\":\"2022-07-18T10:09:35+00:00\",\"dateModified\":\"2023-03-16T10:50:22+00:00\",\"breadcrumb\":{\"@id\":\"https:\/\/www.tourisme-valdemarne.com\/espace-pro\/actualites\/appel-a-projet-pour-la-creation-dune-oeuvre-memorielle-collaborative-a-la-belle-piscine-vitry-sur-seine\/#breadcrumb\"},\"inLanguage\":\"fr-FR\",\"potentialAction\":[{\"@type\":\"ReadAction\",\"target\":[\"https:\/\/www.tourisme-valdemarne.com\/espace-pro\/actualites\/appel-a-projet-pour-la-creation-dune-oeuvre-memorielle-collaborative-a-la-belle-piscine-vitry-sur-seine\/\"]}]},{\"@type\":\"ImageObject\",\"inLanguage\":\"fr-FR\",\"@id\":\"https:\/\/www.tourisme-valdemarne.com\/espace-pro\/actualites\/appel-a-projet-pour-la-creation-dune-oeuvre-memorielle-collaborative-a-la-belle-piscine-vitry-sur-seine\/#primaryimage\",\"url\":\"https:\/\/www.tourisme-valdemarne.com\/espace-pro\/wp-content\/uploads\/sites\/3\/2022\/07\/visu-labellepiscine3.jpg\",\"contentUrl\":\"https:\/\/www.tourisme-valdemarne.com\/espace-pro\/wp-content\/uploads\/sites\/3\/2022\/07\/visu-labellepiscine3.jpg\",\"width\":1241,\"height\":1241,\"caption\":\"appel a projet la belle piscine vitry\"},{\"@type\":\"BreadcrumbList\",\"@id\":\"https:\/\/www.tourisme-valdemarne.com\/espace-pro\/actualites\/appel-a-projet-pour-la-creation-dune-oeuvre-memorielle-collaborative-a-la-belle-piscine-vitry-sur-seine\/#breadcrumb\",\"itemListElement\":[{\"@type\":\"ListItem\",\"position\":1,\"name\":\"Accueil\",\"item\":\"https:\/\/www.tourisme-valdemarne.com\/espace-pro\/\"},{\"@type\":\"ListItem\",\"position\":2,\"name\":\"Actualit\u00e9s de l&rsquo;espace pro\",\"item\":\"https:\/\/www.tourisme-valdemarne.com\/espace-pro\/actualites\/\"},{\"@type\":\"ListItem\",\"position\":3,\"name\":\"Appel \u00e0 projet pour la cr\u00e9ation d\u2019une \u0153uvre m\u00e9morielle collaborative \u00e0 Vitry-sur-Seine\"}]},{\"@type\":\"WebSite\",\"@id\":\"https:\/\/www.tourisme-valdemarne.com\/espace-pro\/#website\",\"url\":\"https:\/\/www.tourisme-valdemarne.com\/espace-pro\/\",\"name\":\"Espace Pro\",\"description\":\"Informations et outils pour les professionnels et la Presse\",\"potentialAction\":[{\"@type\":\"SearchAction\",\"target\":{\"@type\":\"EntryPoint\",\"urlTemplate\":\"https:\/\/www.tourisme-valdemarne.com\/espace-pro\/?s={search_term_string}\"},\"query-input\":{\"@type\":\"PropertyValueSpecification\",\"valueRequired\":true,\"valueName\":\"search_term_string\"}}],\"inLanguage\":\"fr-FR\"}]}<\/script>\n<!-- \/ Yoast SEO plugin. -->","yoast_head_json":{"title":"Appel \u00e0 projet pour la cr\u00e9ation d\u2019une \u0153uvre m\u00e9morielle collaborative \u00e0 Vitry-sur-Seine - Espace Pro","robots":{"index":"index","follow":"follow","max-snippet":"max-snippet:-1","max-image-preview":"max-image-preview:large","max-video-preview":"max-video-preview:-1"},"canonical":"https:\/\/www.tourisme-valdemarne.com\/espace-pro\/actualites\/appel-a-projet-pour-la-creation-dune-oeuvre-memorielle-collaborative-a-la-belle-piscine-vitry-sur-seine\/","og_locale":"fr_FR","og_type":"article","og_title":"Appel \u00e0 projet pour la cr\u00e9ation d\u2019une \u0153uvre m\u00e9morielle collaborative \u00e0 Vitry-sur-Seine - Espace Pro","og_description":"La ville Vitry-sur-Seine cherche des artistes pour investir l\u2019ancienne piscine municipale d\u00e9saffect\u00e9e.Date limite du d\u00e9p\u00f4t de dossier de candidature : le 15 ao\u00fbt 2022. La ville de Vitry-sur-Seine accompagne depuis longtemps la cr\u00e9ation artistique et culturelle sur son territoire. Elle compte un nombre important d\u2019\u0153uvres dans l&rsquo;espace public issues de la commande publique artistique. Le [&hellip;]","og_url":"https:\/\/www.tourisme-valdemarne.com\/espace-pro\/actualites\/appel-a-projet-pour-la-creation-dune-oeuvre-memorielle-collaborative-a-la-belle-piscine-vitry-sur-seine\/","og_site_name":"Espace Pro","article_modified_time":"2023-03-16T10:50:22+00:00","og_image":[{"width":1241,"height":1241,"url":"https:\/\/www.tourisme-valdemarne.com\/espace-pro\/wp-content\/uploads\/sites\/3\/2022\/07\/visu-labellepiscine3.jpg","type":"image\/jpeg"}],"twitter_card":"summary_large_image","twitter_misc":{"Dur\u00e9e de lecture estim\u00e9e":"2 minutes"},"schema":{"@context":"https:\/\/schema.org","@graph":[{"@type":"WebPage","@id":"https:\/\/www.tourisme-valdemarne.com\/espace-pro\/actualites\/appel-a-projet-pour-la-creation-dune-oeuvre-memorielle-collaborative-a-la-belle-piscine-vitry-sur-seine\/","url":"https:\/\/www.tourisme-valdemarne.com\/espace-pro\/actualites\/appel-a-projet-pour-la-creation-dune-oeuvre-memorielle-collaborative-a-la-belle-piscine-vitry-sur-seine\/","name":"Appel \u00e0 projet pour la cr\u00e9ation d\u2019une \u0153uvre m\u00e9morielle collaborative \u00e0 Vitry-sur-Seine - Espace Pro","isPartOf":{"@id":"https:\/\/www.tourisme-valdemarne.com\/espace-pro\/#website"},"primaryImageOfPage":{"@id":"https:\/\/www.tourisme-valdemarne.com\/espace-pro\/actualites\/appel-a-projet-pour-la-creation-dune-oeuvre-memorielle-collaborative-a-la-belle-piscine-vitry-sur-seine\/#primaryimage"},"image":{"@id":"https:\/\/www.tourisme-valdemarne.com\/espace-pro\/actualites\/appel-a-projet-pour-la-creation-dune-oeuvre-memorielle-collaborative-a-la-belle-piscine-vitry-sur-seine\/#primaryimage"},"thumbnailUrl":"https:\/\/www.tourisme-valdemarne.com\/espace-pro\/wp-content\/uploads\/sites\/3\/2022\/07\/visu-labellepiscine3.jpg","datePublished":"2022-07-18T10:09:35+00:00","dateModified":"2023-03-16T10:50:22+00:00","breadcrumb":{"@id":"https:\/\/www.tourisme-valdemarne.com\/espace-pro\/actualites\/appel-a-projet-pour-la-creation-dune-oeuvre-memorielle-collaborative-a-la-belle-piscine-vitry-sur-seine\/#breadcrumb"},"inLanguage":"fr-FR","potentialAction":[{"@type":"ReadAction","target":["https:\/\/www.tourisme-valdemarne.com\/espace-pro\/actualites\/appel-a-projet-pour-la-creation-dune-oeuvre-memorielle-collaborative-a-la-belle-piscine-vitry-sur-seine\/"]}]},{"@type":"ImageObject","inLanguage":"fr-FR","@id":"https:\/\/www.tourisme-valdemarne.com\/espace-pro\/actualites\/appel-a-projet-pour-la-creation-dune-oeuvre-memorielle-collaborative-a-la-belle-piscine-vitry-sur-seine\/#primaryimage","url":"https:\/\/www.tourisme-valdemarne.com\/espace-pro\/wp-content\/uploads\/sites\/3\/2022\/07\/visu-labellepiscine3.jpg","contentUrl":"https:\/\/www.tourisme-valdemarne.com\/espace-pro\/wp-content\/uploads\/sites\/3\/2022\/07\/visu-labellepiscine3.jpg","width":1241,"height":1241,"caption":"appel a projet la belle piscine vitry"},{"@type":"BreadcrumbList","@id":"https:\/\/www.tourisme-valdemarne.com\/espace-pro\/actualites\/appel-a-projet-pour-la-creation-dune-oeuvre-memorielle-collaborative-a-la-belle-piscine-vitry-sur-seine\/#breadcrumb","itemListElement":[{"@type":"ListItem","position":1,"name":"Accueil","item":"https:\/\/www.tourisme-valdemarne.com\/espace-pro\/"},{"@type":"ListItem","position":2,"name":"Actualit\u00e9s de l&rsquo;espace pro","item":"https:\/\/www.tourisme-valdemarne.com\/espace-pro\/actualites\/"},{"@type":"ListItem","position":3,"name":"Appel \u00e0 projet pour la cr\u00e9ation d\u2019une \u0153uvre m\u00e9morielle collaborative \u00e0 Vitry-sur-Seine"}]},{"@type":"WebSite","@id":"https:\/\/www.tourisme-valdemarne.com\/espace-pro\/#website","url":"https:\/\/www.tourisme-valdemarne.com\/espace-pro\/","name":"Espace Pro","description":"Informations et outils pour les professionnels et la Presse","potentialAction":[{"@type":"SearchAction","target":{"@type":"EntryPoint","urlTemplate":"https:\/\/www.tourisme-valdemarne.com\/espace-pro\/?s={search_term_string}"},"query-input":{"@type":"PropertyValueSpecification","valueRequired":true,"valueName":"search_term_string"}}],"inLanguage":"fr-FR"}]}},"_links":{"self":[{"href":"https:\/\/www.tourisme-valdemarne.com\/espace-pro\/wp-json\/wp\/v2\/pages\/13052","targetHints":{"allow":["GET"]}}],"collection":[{"href":"https:\/\/www.tourisme-valdemarne.com\/espace-pro\/wp-json\/wp\/v2\/pages"}],"about":[{"href":"https:\/\/www.tourisme-valdemarne.com\/espace-pro\/wp-json\/wp\/v2\/types\/page"}],"author":[{"embeddable":true,"href":"https:\/\/www.tourisme-valdemarne.com\/espace-pro\/wp-json\/wp\/v2\/users\/16"}],"replies":[{"embeddable":true,"href":"https:\/\/www.tourisme-valdemarne.com\/espace-pro\/wp-json\/wp\/v2\/comments?post=13052"}],"version-history":[{"count":5,"href":"https:\/\/www.tourisme-valdemarne.com\/espace-pro\/wp-json\/wp\/v2\/pages\/13052\/revisions"}],"predecessor-version":[{"id":13062,"href":"https:\/\/www.tourisme-valdemarne.com\/espace-pro\/wp-json\/wp\/v2\/pages\/13052\/revisions\/13062"}],"up":[{"embeddable":true,"href":"https:\/\/www.tourisme-valdemarne.com\/espace-pro\/wp-json\/wp\/v2\/pages\/6164"}],"wp:featuredmedia":[{"embeddable":true,"href":"https:\/\/www.tourisme-valdemarne.com\/espace-pro\/wp-json\/wp\/v2\/media\/13063"}],"wp:attachment":[{"href":"https:\/\/www.tourisme-valdemarne.com\/espace-pro\/wp-json\/wp\/v2\/media?parent=13052"}],"wp:term":[{"taxonomy":"vdmTagMarketing","embeddable":true,"href":"https:\/\/www.tourisme-valdemarne.com\/espace-pro\/wp-json\/wp\/v2\/vdmTagMarketing?post=13052"}],"curies":[{"name":"wp","href":"https:\/\/api.w.org\/{rel}","templated":true}]}}