{"id":12728,"date":"2022-05-25T11:52:05","date_gmt":"2022-05-25T09:52:05","guid":{"rendered":"https:\/\/www.tourisme-valdemarne.com\/espace-pro\/?page_id=12728"},"modified":"2022-05-25T14:33:18","modified_gmt":"2022-05-25T12:33:18","slug":"les-signataires-du-contrat-de-destination-exploreparis-la-ville-augmentee","status":"publish","type":"page","link":"https:\/\/www.tourisme-valdemarne.com\/espace-pro\/expertises-et-projets\/contrat-de-destination-explore-paris\/les-signataires-du-contrat-de-destination-exploreparis-la-ville-augmentee\/","title":{"rendered":"Les signataires du Contrat de Destination #ExploreParis"},"content":{"rendered":"\n<p class=\"is-style-excerpt\">D\u00e9couvrez les signataires du Contrat de Destination #<a href=\"https:\/\/exploreparis.com\" target=\"_blank\" rel=\"noreferrer noopener\">ExploreParis<\/a> : la ville augment\u00e9e, dont l\u2019objectif est de&nbsp;<strong>renouveler et dynamiser l\u2019image de la destination Paris<\/strong>&nbsp;mais aussi&nbsp;<strong>\u00e9largir son p\u00e9rim\u00e8tre g\u00e9ographique<\/strong>, \u00e0 l\u2019\u00e9chelle du r\u00e9seau de transport m\u00e9tropolitain.<\/p>\n\n\n\n<h2 class=\"wp-block-heading\">M\u00e9lanie Nowak, pr\u00e9sidente de Val-de-Marne Tourisme &amp; Loisirs<\/h2>\n\n\n\n<center><iframe loading=\"lazy\" width=\"640\" height=\"360\" src=\"https:\/\/www.youtube.com\/embed\/D9aualpRZPI\" title=\"YouTube video player\" frameborder=\"0\" allow=\"accelerometer; autoplay; clipboard-write; encrypted-media; gyroscope; picture-in-picture\" allowfullscreen=\"\"><\/iframe><\/center><\/br>\n\n\n\n<h2 class=\"wp-block-heading\">Jean-Fran\u00e7ois Rial, pr\u00e9sident de l&rsquo;Office de Tourisme et des Congr\u00e8s de Paris<\/h2>\n\n\n\n<center><iframe loading=\"lazy\" width=\"640\" height=\"360\" src=\"https:\/\/www.youtube.com\/embed\/BjZug4AmtLw\" title=\"YouTube video player\" frameborder=\"0\" allow=\"accelerometer; autoplay; clipboard-write; encrypted-media; gyroscope; picture-in-picture\" allowfullscreen=\"\"><\/iframe><\/center><\/br>\n\n\n\n<h2 class=\"wp-block-heading\">Tessa Chaumillon, Pr\u00e9sidente de Seine-Saint-Denis Tourisme<\/h2>\n\n\n\n<center><iframe loading=\"lazy\" width=\"640\" height=\"360\" src=\"https:\/\/www.youtube.com\/embed\/mR-pSAjJP5U\" title=\"YouTube video player\" frameborder=\"0\" allow=\"accelerometer; autoplay; clipboard-write; encrypted-media; gyroscope; picture-in-picture\" allowfullscreen=\"\"><\/iframe><\/center><\/br>\n\n\n\n<h2 class=\"wp-block-heading\">Denis Larghero, vice-pr\u00e9sident du d\u00e9partement des Hauts-de-Seine, d\u00e9l\u00e9gu\u00e9 \u00e0 l&rsquo;attractivit\u00e9 du territoire et au d\u00e9veloppement num\u00e9rique<\/h2>\n\n\n\n<center><iframe loading=\"lazy\" width=\"640\" height=\"360\" src=\"https:\/\/www.youtube.com\/embed\/5TTVwCBIZCc\" title=\"YouTube video player\" frameborder=\"0\" allow=\"accelerometer; autoplay; clipboard-write; encrypted-media; gyroscope; picture-in-picture\" allowfullscreen=\"\"><\/iframe><\/center><\/br>\n\n\n\n<h2 class=\"wp-block-heading\">Luc Carvounas, vice-pr\u00e9sident tourisme de la M\u00e9tropole du Grand Paris<\/h2>\n\n\n\n<center><iframe loading=\"lazy\" width=\"640\" height=\"360\" src=\"https:\/\/www.youtube.com\/embed\/aRXozhzjjZ8\" title=\"YouTube video player\" frameborder=\"0\" allow=\"accelerometer; autoplay; clipboard-write; encrypted-media; gyroscope; picture-in-picture\" allowfullscreen=\"\"><\/iframe><\/center><\/br>\n\n\n\n<h2 class=\"wp-block-heading\">Caroline Leboucher, directrice g\u00e9n\u00e9rale d&rsquo;Atout France<\/h2>\n\n\n\n<center><iframe loading=\"lazy\" width=\"640\" height=\"360\" src=\"https:\/\/www.youtube.com\/embed\/IDEE0PpyGe4\" title=\"YouTube video player\" frameborder=\"0\" allow=\"accelerometer; autoplay; clipboard-write; encrypted-media; gyroscope; picture-in-picture\" allowfullscreen=\"\"><\/iframe><\/center><\/br>\n\n\n\n<h2 class=\"wp-block-heading\">Caroline Dupuy, responsable de l&rsquo;unit\u00e9 Marketing de la RATP<\/h2>\n\n\n\n<center><iframe loading=\"lazy\" width=\"640\" height=\"360\" src=\"https:\/\/www.youtube.com\/embed\/3ARiZNIGMi8\" title=\"YouTube video player\" frameborder=\"0\" allow=\"accelerometer; autoplay; clipboard-write; encrypted-media; gyroscope; picture-in-picture\" allowfullscreen=\"\"><\/iframe><\/center><\/br>\n\n\n\n<h2 class=\"wp-block-heading\">Pierre-Henri Deballon, pr\u00e9sident de Paris&amp;Co<\/h2>\n\n\n\n<center><iframe loading=\"lazy\" width=\"640\" height=\"360\" src=\"https:\/\/www.youtube.com\/embed\/A6v_XCyZRXo\" title=\"YouTube video player\" frameborder=\"0\" allow=\"accelerometer; autoplay; clipboard-write; encrypted-media; gyroscope; picture-in-picture\" allowfullscreen=\"\"><\/iframe><\/center><\/br>\n","protected":false},"excerpt":{"rendered":"<p>D\u00e9couvrez les signataires du Contrat de Destination #ExploreParis : la ville augment\u00e9e, dont l\u2019objectif est de&nbsp;renouveler et dynamiser l\u2019image de la destination Paris&nbsp;mais aussi&nbsp;\u00e9largir son p\u00e9rim\u00e8tre g\u00e9ographique, \u00e0 l\u2019\u00e9chelle du r\u00e9seau de transport m\u00e9tropolitain. M\u00e9lanie Nowak, pr\u00e9sidente de Val-de-Marne Tourisme &amp; Loisirs Jean-Fran\u00e7ois Rial, pr\u00e9sident de l&rsquo;Office de Tourisme et des Congr\u00e8s de Paris Tessa [&hellip;]<\/p>\n","protected":false},"author":16,"featured_media":12457,"parent":64,"menu_order":0,"comment_status":"closed","ping_status":"closed","template":"","meta":{"_relevanssi_hide_post":"","_relevanssi_hide_content":"","_relevanssi_pin_for_all":"","_relevanssi_pin_keywords":"","_relevanssi_unpin_keywords":"","_relevanssi_related_keywords":"","_relevanssi_related_include_ids":"","_relevanssi_related_exclude_ids":"","_relevanssi_related_no_append":"","_relevanssi_related_not_related":"","_relevanssi_related_posts":"8105,8077,2747,8090,8101,8095","_relevanssi_noindex_reason":"","footnotes":""},"vdmTagMarketing":[],"class_list":["post-12728","page","type-page","status-publish","has-post-thumbnail","hentry"],"acf":[],"yoast_head":"<!-- This site is optimized with the Yoast SEO plugin v23.9 - https:\/\/yoast.com\/wordpress\/plugins\/seo\/ -->\n<title>Les signataires du Contrat de Destination #ExploreParis - Espace Pro<\/title>\n<meta name=\"robots\" content=\"index, follow, max-snippet:-1, max-image-preview:large, max-video-preview:-1\" \/>\n<link rel=\"canonical\" href=\"https:\/\/www.tourisme-valdemarne.com\/espace-pro\/expertises-et-projets\/contrat-de-destination-explore-paris\/les-signataires-du-contrat-de-destination-exploreparis-la-ville-augmentee\/\" \/>\n<meta property=\"og:locale\" content=\"fr_FR\" \/>\n<meta property=\"og:type\" content=\"article\" \/>\n<meta property=\"og:title\" content=\"Les signataires du Contrat de Destination #ExploreParis - Espace Pro\" \/>\n<meta property=\"og:description\" content=\"D\u00e9couvrez les signataires du Contrat de Destination #ExploreParis : la ville augment\u00e9e, dont l\u2019objectif est de&nbsp;renouveler et dynamiser l\u2019image de la destination Paris&nbsp;mais aussi&nbsp;\u00e9largir son p\u00e9rim\u00e8tre g\u00e9ographique, \u00e0 l\u2019\u00e9chelle du r\u00e9seau de transport m\u00e9tropolitain. M\u00e9lanie Nowak, pr\u00e9sidente de Val-de-Marne Tourisme &amp; Loisirs Jean-Fran\u00e7ois Rial, pr\u00e9sident de l&rsquo;Office de Tourisme et des Congr\u00e8s de Paris Tessa [&hellip;]\" \/>\n<meta property=\"og:url\" content=\"https:\/\/www.tourisme-valdemarne.com\/espace-pro\/expertises-et-projets\/contrat-de-destination-explore-paris\/les-signataires-du-contrat-de-destination-exploreparis-la-ville-augmentee\/\" \/>\n<meta property=\"og:site_name\" content=\"Espace Pro\" \/>\n<meta property=\"article:modified_time\" content=\"2022-05-25T12:33:18+00:00\" \/>\n<meta property=\"og:image\" content=\"https:\/\/www.tourisme-valdemarne.com\/espace-pro\/wp-content\/uploads\/sites\/3\/2022\/04\/photo-signature-cdd-2022-2024.jpg\" \/>\n\t<meta property=\"og:image:width\" content=\"1386\" \/>\n\t<meta property=\"og:image:height\" content=\"924\" \/>\n\t<meta property=\"og:image:type\" content=\"image\/jpeg\" \/>\n<meta name=\"twitter:card\" content=\"summary_large_image\" \/>\n<meta name=\"twitter:label1\" content=\"Dur\u00e9e de lecture estim\u00e9e\" \/>\n\t<meta name=\"twitter:data1\" content=\"1 minute\" \/>\n<script type=\"application\/ld+json\" class=\"yoast-schema-graph\">{\"@context\":\"https:\/\/schema.org\",\"@graph\":[{\"@type\":\"WebPage\",\"@id\":\"https:\/\/www.tourisme-valdemarne.com\/espace-pro\/expertises-et-projets\/contrat-de-destination-explore-paris\/les-signataires-du-contrat-de-destination-exploreparis-la-ville-augmentee\/\",\"url\":\"https:\/\/www.tourisme-valdemarne.com\/espace-pro\/expertises-et-projets\/contrat-de-destination-explore-paris\/les-signataires-du-contrat-de-destination-exploreparis-la-ville-augmentee\/\",\"name\":\"Les signataires du Contrat de Destination #ExploreParis - Espace Pro\",\"isPartOf\":{\"@id\":\"https:\/\/www.tourisme-valdemarne.com\/espace-pro\/#website\"},\"primaryImageOfPage\":{\"@id\":\"https:\/\/www.tourisme-valdemarne.com\/espace-pro\/expertises-et-projets\/contrat-de-destination-explore-paris\/les-signataires-du-contrat-de-destination-exploreparis-la-ville-augmentee\/#primaryimage\"},\"image\":{\"@id\":\"https:\/\/www.tourisme-valdemarne.com\/espace-pro\/expertises-et-projets\/contrat-de-destination-explore-paris\/les-signataires-du-contrat-de-destination-exploreparis-la-ville-augmentee\/#primaryimage\"},\"thumbnailUrl\":\"https:\/\/www.tourisme-valdemarne.com\/espace-pro\/wp-content\/uploads\/sites\/3\/2022\/04\/photo-signature-cdd-2022-2024.jpg\",\"datePublished\":\"2022-05-25T09:52:05+00:00\",\"dateModified\":\"2022-05-25T12:33:18+00:00\",\"breadcrumb\":{\"@id\":\"https:\/\/www.tourisme-valdemarne.com\/espace-pro\/expertises-et-projets\/contrat-de-destination-explore-paris\/les-signataires-du-contrat-de-destination-exploreparis-la-ville-augmentee\/#breadcrumb\"},\"inLanguage\":\"fr-FR\",\"potentialAction\":[{\"@type\":\"ReadAction\",\"target\":[\"https:\/\/www.tourisme-valdemarne.com\/espace-pro\/expertises-et-projets\/contrat-de-destination-explore-paris\/les-signataires-du-contrat-de-destination-exploreparis-la-ville-augmentee\/\"]}]},{\"@type\":\"ImageObject\",\"inLanguage\":\"fr-FR\",\"@id\":\"https:\/\/www.tourisme-valdemarne.com\/espace-pro\/expertises-et-projets\/contrat-de-destination-explore-paris\/les-signataires-du-contrat-de-destination-exploreparis-la-ville-augmentee\/#primaryimage\",\"url\":\"https:\/\/www.tourisme-valdemarne.com\/espace-pro\/wp-content\/uploads\/sites\/3\/2022\/04\/photo-signature-cdd-2022-2024.jpg\",\"contentUrl\":\"https:\/\/www.tourisme-valdemarne.com\/espace-pro\/wp-content\/uploads\/sites\/3\/2022\/04\/photo-signature-cdd-2022-2024.jpg\",\"width\":1386,\"height\":924,\"caption\":\"signature cdd 2022 2024\"},{\"@type\":\"BreadcrumbList\",\"@id\":\"https:\/\/www.tourisme-valdemarne.com\/espace-pro\/expertises-et-projets\/contrat-de-destination-explore-paris\/les-signataires-du-contrat-de-destination-exploreparis-la-ville-augmentee\/#breadcrumb\",\"itemListElement\":[{\"@type\":\"ListItem\",\"position\":1,\"name\":\"Accueil\",\"item\":\"https:\/\/www.tourisme-valdemarne.com\/espace-pro\/\"},{\"@type\":\"ListItem\",\"position\":2,\"name\":\"Expertises et projets\",\"item\":\"https:\/\/www.tourisme-valdemarne.com\/espace-pro\/expertises-et-projets\/\"},{\"@type\":\"ListItem\",\"position\":3,\"name\":\"Contrat de destination Explore Paris\",\"item\":\"https:\/\/www.tourisme-valdemarne.com\/espace-pro\/expertises-et-projets\/contrat-de-destination-explore-paris\/\"},{\"@type\":\"ListItem\",\"position\":4,\"name\":\"Les signataires du Contrat de Destination #ExploreParis\"}]},{\"@type\":\"WebSite\",\"@id\":\"https:\/\/www.tourisme-valdemarne.com\/espace-pro\/#website\",\"url\":\"https:\/\/www.tourisme-valdemarne.com\/espace-pro\/\",\"name\":\"Espace Pro\",\"description\":\"Informations et outils pour les professionnels et la Presse\",\"potentialAction\":[{\"@type\":\"SearchAction\",\"target\":{\"@type\":\"EntryPoint\",\"urlTemplate\":\"https:\/\/www.tourisme-valdemarne.com\/espace-pro\/?s={search_term_string}\"},\"query-input\":{\"@type\":\"PropertyValueSpecification\",\"valueRequired\":true,\"valueName\":\"search_term_string\"}}],\"inLanguage\":\"fr-FR\"}]}<\/script>\n<!-- \/ Yoast SEO plugin. -->","yoast_head_json":{"title":"Les signataires du Contrat de Destination #ExploreParis - Espace Pro","robots":{"index":"index","follow":"follow","max-snippet":"max-snippet:-1","max-image-preview":"max-image-preview:large","max-video-preview":"max-video-preview:-1"},"canonical":"https:\/\/www.tourisme-valdemarne.com\/espace-pro\/expertises-et-projets\/contrat-de-destination-explore-paris\/les-signataires-du-contrat-de-destination-exploreparis-la-ville-augmentee\/","og_locale":"fr_FR","og_type":"article","og_title":"Les signataires du Contrat de Destination #ExploreParis - Espace Pro","og_description":"D\u00e9couvrez les signataires du Contrat de Destination #ExploreParis : la ville augment\u00e9e, dont l\u2019objectif est de&nbsp;renouveler et dynamiser l\u2019image de la destination Paris&nbsp;mais aussi&nbsp;\u00e9largir son p\u00e9rim\u00e8tre g\u00e9ographique, \u00e0 l\u2019\u00e9chelle du r\u00e9seau de transport m\u00e9tropolitain. M\u00e9lanie Nowak, pr\u00e9sidente de Val-de-Marne Tourisme &amp; Loisirs Jean-Fran\u00e7ois Rial, pr\u00e9sident de l&rsquo;Office de Tourisme et des Congr\u00e8s de Paris Tessa [&hellip;]","og_url":"https:\/\/www.tourisme-valdemarne.com\/espace-pro\/expertises-et-projets\/contrat-de-destination-explore-paris\/les-signataires-du-contrat-de-destination-exploreparis-la-ville-augmentee\/","og_site_name":"Espace Pro","article_modified_time":"2022-05-25T12:33:18+00:00","og_image":[{"width":1386,"height":924,"url":"https:\/\/www.tourisme-valdemarne.com\/espace-pro\/wp-content\/uploads\/sites\/3\/2022\/04\/photo-signature-cdd-2022-2024.jpg","type":"image\/jpeg"}],"twitter_card":"summary_large_image","twitter_misc":{"Dur\u00e9e de lecture estim\u00e9e":"1 minute"},"schema":{"@context":"https:\/\/schema.org","@graph":[{"@type":"WebPage","@id":"https:\/\/www.tourisme-valdemarne.com\/espace-pro\/expertises-et-projets\/contrat-de-destination-explore-paris\/les-signataires-du-contrat-de-destination-exploreparis-la-ville-augmentee\/","url":"https:\/\/www.tourisme-valdemarne.com\/espace-pro\/expertises-et-projets\/contrat-de-destination-explore-paris\/les-signataires-du-contrat-de-destination-exploreparis-la-ville-augmentee\/","name":"Les signataires du Contrat de Destination #ExploreParis - Espace Pro","isPartOf":{"@id":"https:\/\/www.tourisme-valdemarne.com\/espace-pro\/#website"},"primaryImageOfPage":{"@id":"https:\/\/www.tourisme-valdemarne.com\/espace-pro\/expertises-et-projets\/contrat-de-destination-explore-paris\/les-signataires-du-contrat-de-destination-exploreparis-la-ville-augmentee\/#primaryimage"},"image":{"@id":"https:\/\/www.tourisme-valdemarne.com\/espace-pro\/expertises-et-projets\/contrat-de-destination-explore-paris\/les-signataires-du-contrat-de-destination-exploreparis-la-ville-augmentee\/#primaryimage"},"thumbnailUrl":"https:\/\/www.tourisme-valdemarne.com\/espace-pro\/wp-content\/uploads\/sites\/3\/2022\/04\/photo-signature-cdd-2022-2024.jpg","datePublished":"2022-05-25T09:52:05+00:00","dateModified":"2022-05-25T12:33:18+00:00","breadcrumb":{"@id":"https:\/\/www.tourisme-valdemarne.com\/espace-pro\/expertises-et-projets\/contrat-de-destination-explore-paris\/les-signataires-du-contrat-de-destination-exploreparis-la-ville-augmentee\/#breadcrumb"},"inLanguage":"fr-FR","potentialAction":[{"@type":"ReadAction","target":["https:\/\/www.tourisme-valdemarne.com\/espace-pro\/expertises-et-projets\/contrat-de-destination-explore-paris\/les-signataires-du-contrat-de-destination-exploreparis-la-ville-augmentee\/"]}]},{"@type":"ImageObject","inLanguage":"fr-FR","@id":"https:\/\/www.tourisme-valdemarne.com\/espace-pro\/expertises-et-projets\/contrat-de-destination-explore-paris\/les-signataires-du-contrat-de-destination-exploreparis-la-ville-augmentee\/#primaryimage","url":"https:\/\/www.tourisme-valdemarne.com\/espace-pro\/wp-content\/uploads\/sites\/3\/2022\/04\/photo-signature-cdd-2022-2024.jpg","contentUrl":"https:\/\/www.tourisme-valdemarne.com\/espace-pro\/wp-content\/uploads\/sites\/3\/2022\/04\/photo-signature-cdd-2022-2024.jpg","width":1386,"height":924,"caption":"signature cdd 2022 2024"},{"@type":"BreadcrumbList","@id":"https:\/\/www.tourisme-valdemarne.com\/espace-pro\/expertises-et-projets\/contrat-de-destination-explore-paris\/les-signataires-du-contrat-de-destination-exploreparis-la-ville-augmentee\/#breadcrumb","itemListElement":[{"@type":"ListItem","position":1,"name":"Accueil","item":"https:\/\/www.tourisme-valdemarne.com\/espace-pro\/"},{"@type":"ListItem","position":2,"name":"Expertises et projets","item":"https:\/\/www.tourisme-valdemarne.com\/espace-pro\/expertises-et-projets\/"},{"@type":"ListItem","position":3,"name":"Contrat de destination Explore Paris","item":"https:\/\/www.tourisme-valdemarne.com\/espace-pro\/expertises-et-projets\/contrat-de-destination-explore-paris\/"},{"@type":"ListItem","position":4,"name":"Les signataires du Contrat de Destination #ExploreParis"}]},{"@type":"WebSite","@id":"https:\/\/www.tourisme-valdemarne.com\/espace-pro\/#website","url":"https:\/\/www.tourisme-valdemarne.com\/espace-pro\/","name":"Espace Pro","description":"Informations et outils pour les professionnels et la Presse","potentialAction":[{"@type":"SearchAction","target":{"@type":"EntryPoint","urlTemplate":"https:\/\/www.tourisme-valdemarne.com\/espace-pro\/?s={search_term_string}"},"query-input":{"@type":"PropertyValueSpecification","valueRequired":true,"valueName":"search_term_string"}}],"inLanguage":"fr-FR"}]}},"_links":{"self":[{"href":"https:\/\/www.tourisme-valdemarne.com\/espace-pro\/wp-json\/wp\/v2\/pages\/12728","targetHints":{"allow":["GET"]}}],"collection":[{"href":"https:\/\/www.tourisme-valdemarne.com\/espace-pro\/wp-json\/wp\/v2\/pages"}],"about":[{"href":"https:\/\/www.tourisme-valdemarne.com\/espace-pro\/wp-json\/wp\/v2\/types\/page"}],"author":[{"embeddable":true,"href":"https:\/\/www.tourisme-valdemarne.com\/espace-pro\/wp-json\/wp\/v2\/users\/16"}],"replies":[{"embeddable":true,"href":"https:\/\/www.tourisme-valdemarne.com\/espace-pro\/wp-json\/wp\/v2\/comments?post=12728"}],"version-history":[{"count":14,"href":"https:\/\/www.tourisme-valdemarne.com\/espace-pro\/wp-json\/wp\/v2\/pages\/12728\/revisions"}],"predecessor-version":[{"id":12850,"href":"https:\/\/www.tourisme-valdemarne.com\/espace-pro\/wp-json\/wp\/v2\/pages\/12728\/revisions\/12850"}],"up":[{"embeddable":true,"href":"https:\/\/www.tourisme-valdemarne.com\/espace-pro\/wp-json\/wp\/v2\/pages\/64"}],"wp:featuredmedia":[{"embeddable":true,"href":"https:\/\/www.tourisme-valdemarne.com\/espace-pro\/wp-json\/wp\/v2\/media\/12457"}],"wp:attachment":[{"href":"https:\/\/www.tourisme-valdemarne.com\/espace-pro\/wp-json\/wp\/v2\/media?parent=12728"}],"wp:term":[{"taxonomy":"vdmTagMarketing","embeddable":true,"href":"https:\/\/www.tourisme-valdemarne.com\/espace-pro\/wp-json\/wp\/v2\/vdmTagMarketing?post=12728"}],"curies":[{"name":"wp","href":"https:\/\/api.w.org\/{rel}","templated":true}]}}