{"id":12699,"date":"2022-05-25T12:15:02","date_gmt":"2022-05-25T10:15:02","guid":{"rendered":"https:\/\/www.tourisme-valdemarne.com\/espace-pro\/?page_id=12699"},"modified":"2022-05-30T17:03:11","modified_gmt":"2022-05-30T15:03:11","slug":"2eme-rencontres-explore-paris-ensemble-imaginons-le-tourisme-de-demain","status":"publish","type":"page","link":"https:\/\/www.tourisme-valdemarne.com\/espace-pro\/expertises-et-projets\/contrat-de-destination-explore-paris\/rencontre-explore-paris\/2eme-rencontres-explore-paris-ensemble-imaginons-le-tourisme-de-demain\/","title":{"rendered":"2\u00e8me RENCONTRES EXPLORE PARIS &#8211; Ensemble, imaginons le tourisme de demain"},"content":{"rendered":"\n<p class=\"is-style-excerpt\">Les secondes Rencontres Explore Paris ont eu lieu le lundi 23 mai 2022 \u00e0 la Halle Pajol (Paris 18e). L&rsquo;occasion de faire un premier bilan, mais \u00e9galement de pr\u00e9senter les futures actions qui seront men\u00e9es ces deux prochaines ann\u00e9es dans le cadre du renouvellement du contrat de destination \u00ab\u00a0Paris, ville augment\u00e9e\u00a0\u00bb.<\/p>\n\n\n\n<h2 class=\"wp-block-heading\">Retour sur le programme de cet apr\u00e8s-midi<\/h2>\n\n\n\n<h3 class=\"wp-block-heading\" id=\"scrollDown\"><strong>Introduction<\/strong>&nbsp;<\/h3>\n\n\n\n<ul class=\"wp-block-list\"><li>H\u00e9l\u00e8ne Sallet-Lavorel, Val-de-Marne Tourisme &amp; Loisirs<\/li><\/ul>\n\n\n\n<div class=\"wp-block-image\"><figure class=\"aligncenter size-large\"><img width=\"1200\" height=\"900\" data-src=\"https:\/\/www.tourisme-valdemarne.com\/espace-pro\/wp-content\/uploads\/sites\/3\/2022\/05\/rencontres-explore-paris-2022-2-cdt94-emilie-filliot-1200x900.jpg\" alt=\"Rencontre Explore Paris 2022\" class=\"wp-image-12709\" srcset=\"https:\/\/www.tourisme-valdemarne.com\/espace-pro\/wp-content\/uploads\/sites\/3\/2022\/05\/rencontres-explore-paris-2022-2-cdt94-emilie-filliot-1200x900.jpg 1200w, https:\/\/www.tourisme-valdemarne.com\/espace-pro\/wp-content\/uploads\/sites\/3\/2022\/05\/rencontres-explore-paris-2022-2-cdt94-emilie-filliot-600x450.jpg 600w, https:\/\/www.tourisme-valdemarne.com\/espace-pro\/wp-content\/uploads\/sites\/3\/2022\/05\/rencontres-explore-paris-2022-2-cdt94-emilie-filliot-900x675.jpg 900w, https:\/\/www.tourisme-valdemarne.com\/espace-pro\/wp-content\/uploads\/sites\/3\/2022\/05\/rencontres-explore-paris-2022-2-cdt94-emilie-filliot-380x285.jpg 380w, https:\/\/www.tourisme-valdemarne.com\/espace-pro\/wp-content\/uploads\/sites\/3\/2022\/05\/rencontres-explore-paris-2022-2-cdt94-emilie-filliot-200x150.jpg 200w, https:\/\/www.tourisme-valdemarne.com\/espace-pro\/wp-content\/uploads\/sites\/3\/2022\/05\/rencontres-explore-paris-2022-2-cdt94-emilie-filliot.jpg 1280w\" sizes=\"(max-width: 1200px) 100vw, 1200px\" \/><figcaption>Rencontre Explore Paris 2022 \u00a9 CDT94 Emilie Filliot<\/figcaption><\/figure><\/div>\n\n\n\n<h3 class=\"wp-block-heading\"><strong>1\u00e8re partie : Que retenir des premi\u00e8res ann\u00e9es d\u2019Explore Paris ? Vous avez la parole<\/strong>&nbsp;<\/h3>\n\n\n\n<p>Pr\u00e9sentation du bilan.<\/p>\n\n\n\n<ul class=\"wp-block-list\"><li>Olivier Meier, Seine-Saint-Denis Tourisme<\/li><\/ul>\n\n\n\n<div class=\"wp-block-image\"><figure class=\"aligncenter size-large\"><img width=\"1200\" height=\"900\" data-src=\"https:\/\/www.tourisme-valdemarne.com\/espace-pro\/wp-content\/uploads\/sites\/3\/2022\/05\/rencontres-explore-paris-2022-3-cdt94-emilie-filliot-1200x900.jpg\" alt=\"Rencontre explore paris 2022\" class=\"wp-image-12710\" srcset=\"https:\/\/www.tourisme-valdemarne.com\/espace-pro\/wp-content\/uploads\/sites\/3\/2022\/05\/rencontres-explore-paris-2022-3-cdt94-emilie-filliot-1200x900.jpg 1200w, https:\/\/www.tourisme-valdemarne.com\/espace-pro\/wp-content\/uploads\/sites\/3\/2022\/05\/rencontres-explore-paris-2022-3-cdt94-emilie-filliot-600x450.jpg 600w, https:\/\/www.tourisme-valdemarne.com\/espace-pro\/wp-content\/uploads\/sites\/3\/2022\/05\/rencontres-explore-paris-2022-3-cdt94-emilie-filliot-900x675.jpg 900w, https:\/\/www.tourisme-valdemarne.com\/espace-pro\/wp-content\/uploads\/sites\/3\/2022\/05\/rencontres-explore-paris-2022-3-cdt94-emilie-filliot-380x285.jpg 380w, https:\/\/www.tourisme-valdemarne.com\/espace-pro\/wp-content\/uploads\/sites\/3\/2022\/05\/rencontres-explore-paris-2022-3-cdt94-emilie-filliot-200x150.jpg 200w, https:\/\/www.tourisme-valdemarne.com\/espace-pro\/wp-content\/uploads\/sites\/3\/2022\/05\/rencontres-explore-paris-2022-3-cdt94-emilie-filliot.jpg 1280w\" sizes=\"(max-width: 1200px) 100vw, 1200px\" \/><figcaption>Rencontres Explore Paris 2022 \u00a9 CDT94 Emilie Filliot<\/figcaption><\/figure><\/div>\n\n\n\n<h4 class=\"wp-block-heading\" id=\"scrollDown\">T\u00e9moignages:&nbsp;<\/h4>\n\n\n\n<ul class=\"wp-block-list\"><li>Le Vrai Paris, Guillaume Le Roux&nbsp;<\/li><li>Centre des Monuments Nationaux, Alex Gaillard&nbsp;<\/li><li>Paris Canal, Christine Bonteil&nbsp;<\/li><li>D\u00e9partement des Hauts de Seine, Sylvie Guyot&nbsp;<\/li><li>Mus\u00e9e intercommunal de Nogent, Vincent Villette<\/li><\/ul>\n\n\n\n<h3 class=\"wp-block-heading\" id=\"scrollDown\"><strong>2\u00e8me partie : Comment r\u00e9pondre \u00e0 vos attentes ? Premi\u00e8res pistes de travail<\/strong>&nbsp;<\/h3>\n\n\n\n<p id=\"scrollDown\">Pr\u00e9sentation des r\u00e9sultats de l\u2019enqu\u00eate r\u00e9alis\u00e9e aupr\u00e8s des partenaires #ExploreParis.<\/p>\n\n\n\n<ul class=\"wp-block-list\"><li>Fran\u00e7ois Roblot\/Muriel Zisman, Explore Paris<\/li><\/ul>\n\n\n\n<div class=\"wp-block-image\"><figure class=\"aligncenter size-large\"><img width=\"1200\" height=\"900\" data-src=\"https:\/\/www.tourisme-valdemarne.com\/espace-pro\/wp-content\/uploads\/sites\/3\/2022\/05\/rencontres-explore-paris-2022-5-cdt94-emilie-filliot-1200x900.jpg\" alt=\"Rencontre Explore Paris 2022\" class=\"wp-image-12712\" srcset=\"https:\/\/www.tourisme-valdemarne.com\/espace-pro\/wp-content\/uploads\/sites\/3\/2022\/05\/rencontres-explore-paris-2022-5-cdt94-emilie-filliot-1200x900.jpg 1200w, https:\/\/www.tourisme-valdemarne.com\/espace-pro\/wp-content\/uploads\/sites\/3\/2022\/05\/rencontres-explore-paris-2022-5-cdt94-emilie-filliot-600x450.jpg 600w, https:\/\/www.tourisme-valdemarne.com\/espace-pro\/wp-content\/uploads\/sites\/3\/2022\/05\/rencontres-explore-paris-2022-5-cdt94-emilie-filliot-900x675.jpg 900w, https:\/\/www.tourisme-valdemarne.com\/espace-pro\/wp-content\/uploads\/sites\/3\/2022\/05\/rencontres-explore-paris-2022-5-cdt94-emilie-filliot-380x285.jpg 380w, https:\/\/www.tourisme-valdemarne.com\/espace-pro\/wp-content\/uploads\/sites\/3\/2022\/05\/rencontres-explore-paris-2022-5-cdt94-emilie-filliot-200x150.jpg 200w, https:\/\/www.tourisme-valdemarne.com\/espace-pro\/wp-content\/uploads\/sites\/3\/2022\/05\/rencontres-explore-paris-2022-5-cdt94-emilie-filliot.jpg 1280w\" sizes=\"(max-width: 1200px) 100vw, 1200px\" \/><figcaption>Rencontre Explore Paris 2022 \u00a9 CDT94 Emilie Filliot<\/figcaption><\/figure><\/div>\n\n\n\n<h4 class=\"wp-block-heading\" id=\"scrollDown\">T\u00e9moignages :&nbsp;<\/h4>\n\n\n\n<ul class=\"wp-block-list\"><li>Pass Culture, Juliette Marchandise<\/li><li>Comit\u00e9 R\u00e9gional du Tourisme Paris-Ile-de-France, Emmanuel Blum<\/li><li>Festival Explore Paris, Office de Tourisme et des Congr\u00e8s de Paris&nbsp;<\/li><li>Explore Brussels, Julien Staszewski&nbsp;<\/li><\/ul>\n\n\n\n<div class=\"wp-block-image\"><figure class=\"aligncenter size-large\"><img width=\"1200\" height=\"900\" data-src=\"https:\/\/www.tourisme-valdemarne.com\/espace-pro\/wp-content\/uploads\/sites\/3\/2022\/05\/rencontres-explore-paris-2022-4-cdt94-emilie-filliot-1200x900.jpg\" alt=\"Rencontres Explore Paris 2022\" class=\"wp-image-12711\" srcset=\"https:\/\/www.tourisme-valdemarne.com\/espace-pro\/wp-content\/uploads\/sites\/3\/2022\/05\/rencontres-explore-paris-2022-4-cdt94-emilie-filliot-1200x900.jpg 1200w, https:\/\/www.tourisme-valdemarne.com\/espace-pro\/wp-content\/uploads\/sites\/3\/2022\/05\/rencontres-explore-paris-2022-4-cdt94-emilie-filliot-600x450.jpg 600w, https:\/\/www.tourisme-valdemarne.com\/espace-pro\/wp-content\/uploads\/sites\/3\/2022\/05\/rencontres-explore-paris-2022-4-cdt94-emilie-filliot-900x675.jpg 900w, https:\/\/www.tourisme-valdemarne.com\/espace-pro\/wp-content\/uploads\/sites\/3\/2022\/05\/rencontres-explore-paris-2022-4-cdt94-emilie-filliot-380x285.jpg 380w, https:\/\/www.tourisme-valdemarne.com\/espace-pro\/wp-content\/uploads\/sites\/3\/2022\/05\/rencontres-explore-paris-2022-4-cdt94-emilie-filliot-200x150.jpg 200w, https:\/\/www.tourisme-valdemarne.com\/espace-pro\/wp-content\/uploads\/sites\/3\/2022\/05\/rencontres-explore-paris-2022-4-cdt94-emilie-filliot.jpg 1280w\" sizes=\"(max-width: 1200px) 100vw, 1200px\" \/><figcaption>Rencontres Explore Paris 2022 \u00a9 CDT94 Emilie Filliot<\/figcaption><\/figure><\/div>\n\n\n\n<h3 class=\"wp-block-heading\"><strong>Conclusion des Rencontres Explore Paris<\/strong>&nbsp;<\/h3>\n\n\n\n<ul class=\"wp-block-list\"><li>Corinne M\u00e9n\u00e9gaux, Office de Tourisme et des Congr\u00e8s de Paris<\/li><\/ul>\n\n\n\n<\/br>\n\n\n\n<h3 class=\"wp-block-heading\"><strong>T\u00e9l\u00e9charger la pr\u00e9sentation compl\u00e8te<\/strong><\/h3>\n\n\n\n<div class=\"wp-block-buttons is-content-justification-center is-layout-flex wp-container-core-buttons-is-layout-1 wp-block-buttons-is-layout-flex\">\n<div class=\"wp-block-button is-style-download\"><a class=\"wp-block-button__link\" href=\"https:\/\/www.tourisme-valdemarne.com\/espace-pro\/wp-content\/uploads\/sites\/3\/2022\/05\/presentation-rencontres-ep-2022.pdf\" target=\"_blank\" rel=\"noreferrer noopener\">T\u00e9l\u00e9charger la pr\u00e9sentation compl\u00e8te<\/a><\/div>\n<\/div>\n","protected":false},"excerpt":{"rendered":"<p>Les secondes Rencontres Explore Paris ont eu lieu le lundi 23 mai 2022 \u00e0 la Halle Pajol (Paris 18e). L&rsquo;occasion de faire un premier bilan, mais \u00e9galement de pr\u00e9senter les futures actions qui seront men\u00e9es ces deux prochaines ann\u00e9es dans le cadre du renouvellement du contrat de destination \u00ab\u00a0Paris, ville augment\u00e9e\u00a0\u00bb. Retour sur le programme [&hellip;]<\/p>\n","protected":false},"author":16,"featured_media":12701,"parent":12687,"menu_order":0,"comment_status":"closed","ping_status":"closed","template":"","meta":{"_relevanssi_hide_post":"","_relevanssi_hide_content":"","_relevanssi_pin_for_all":"","_relevanssi_pin_keywords":"","_relevanssi_unpin_keywords":"","_relevanssi_related_keywords":"","_relevanssi_related_include_ids":"","_relevanssi_related_exclude_ids":"","_relevanssi_related_no_append":"","_relevanssi_related_not_related":"","_relevanssi_related_posts":"442,2741,8083,8095,8084,444","_relevanssi_noindex_reason":"","footnotes":""},"vdmTagMarketing":[],"class_list":["post-12699","page","type-page","status-publish","has-post-thumbnail","hentry"],"acf":[],"yoast_head":"<!-- This site is optimized with the Yoast SEO plugin v23.9 - https:\/\/yoast.com\/wordpress\/plugins\/seo\/ -->\n<title>2\u00e8me RENCONTRES EXPLORE PARIS - Ensemble, imaginons le tourisme de demain - Espace Pro<\/title>\n<meta name=\"robots\" content=\"index, follow, max-snippet:-1, max-image-preview:large, max-video-preview:-1\" \/>\n<link rel=\"canonical\" href=\"https:\/\/www.tourisme-valdemarne.com\/espace-pro\/expertises-et-projets\/contrat-de-destination-explore-paris\/rencontre-explore-paris\/2eme-rencontres-explore-paris-ensemble-imaginons-le-tourisme-de-demain\/\" \/>\n<meta property=\"og:locale\" content=\"fr_FR\" \/>\n<meta property=\"og:type\" content=\"article\" \/>\n<meta property=\"og:title\" content=\"2\u00e8me RENCONTRES EXPLORE PARIS - Ensemble, imaginons le tourisme de demain - Espace Pro\" \/>\n<meta property=\"og:description\" content=\"Les secondes Rencontres Explore Paris ont eu lieu le lundi 23 mai 2022 \u00e0 la Halle Pajol (Paris 18e). L&rsquo;occasion de faire un premier bilan, mais \u00e9galement de pr\u00e9senter les futures actions qui seront men\u00e9es ces deux prochaines ann\u00e9es dans le cadre du renouvellement du contrat de destination \u00ab\u00a0Paris, ville augment\u00e9e\u00a0\u00bb. Retour sur le programme [&hellip;]\" \/>\n<meta property=\"og:url\" content=\"https:\/\/www.tourisme-valdemarne.com\/espace-pro\/expertises-et-projets\/contrat-de-destination-explore-paris\/rencontre-explore-paris\/2eme-rencontres-explore-paris-ensemble-imaginons-le-tourisme-de-demain\/\" \/>\n<meta property=\"og:site_name\" content=\"Espace Pro\" \/>\n<meta property=\"article:modified_time\" content=\"2022-05-30T15:03:11+00:00\" \/>\n<meta property=\"og:image\" content=\"https:\/\/www.tourisme-valdemarne.com\/espace-pro\/wp-content\/uploads\/sites\/3\/2022\/05\/rencontres-explore-paris-2022-cdt94-emilie-filliot.jpg\" \/>\n\t<meta property=\"og:image:width\" content=\"1280\" \/>\n\t<meta property=\"og:image:height\" content=\"960\" \/>\n\t<meta property=\"og:image:type\" content=\"image\/jpeg\" \/>\n<meta name=\"twitter:card\" content=\"summary_large_image\" \/>\n<meta name=\"twitter:label1\" content=\"Dur\u00e9e de lecture estim\u00e9e\" \/>\n\t<meta name=\"twitter:data1\" content=\"2 minutes\" \/>\n<script type=\"application\/ld+json\" class=\"yoast-schema-graph\">{\"@context\":\"https:\/\/schema.org\",\"@graph\":[{\"@type\":\"WebPage\",\"@id\":\"https:\/\/www.tourisme-valdemarne.com\/espace-pro\/expertises-et-projets\/contrat-de-destination-explore-paris\/rencontre-explore-paris\/2eme-rencontres-explore-paris-ensemble-imaginons-le-tourisme-de-demain\/\",\"url\":\"https:\/\/www.tourisme-valdemarne.com\/espace-pro\/expertises-et-projets\/contrat-de-destination-explore-paris\/rencontre-explore-paris\/2eme-rencontres-explore-paris-ensemble-imaginons-le-tourisme-de-demain\/\",\"name\":\"2\u00e8me RENCONTRES EXPLORE PARIS - Ensemble, imaginons le tourisme de demain - Espace Pro\",\"isPartOf\":{\"@id\":\"https:\/\/www.tourisme-valdemarne.com\/espace-pro\/#website\"},\"primaryImageOfPage\":{\"@id\":\"https:\/\/www.tourisme-valdemarne.com\/espace-pro\/expertises-et-projets\/contrat-de-destination-explore-paris\/rencontre-explore-paris\/2eme-rencontres-explore-paris-ensemble-imaginons-le-tourisme-de-demain\/#primaryimage\"},\"image\":{\"@id\":\"https:\/\/www.tourisme-valdemarne.com\/espace-pro\/expertises-et-projets\/contrat-de-destination-explore-paris\/rencontre-explore-paris\/2eme-rencontres-explore-paris-ensemble-imaginons-le-tourisme-de-demain\/#primaryimage\"},\"thumbnailUrl\":\"https:\/\/www.tourisme-valdemarne.com\/espace-pro\/wp-content\/uploads\/sites\/3\/2022\/05\/rencontres-explore-paris-2022-cdt94-emilie-filliot.jpg\",\"datePublished\":\"2022-05-25T10:15:02+00:00\",\"dateModified\":\"2022-05-30T15:03:11+00:00\",\"breadcrumb\":{\"@id\":\"https:\/\/www.tourisme-valdemarne.com\/espace-pro\/expertises-et-projets\/contrat-de-destination-explore-paris\/rencontre-explore-paris\/2eme-rencontres-explore-paris-ensemble-imaginons-le-tourisme-de-demain\/#breadcrumb\"},\"inLanguage\":\"fr-FR\",\"potentialAction\":[{\"@type\":\"ReadAction\",\"target\":[\"https:\/\/www.tourisme-valdemarne.com\/espace-pro\/expertises-et-projets\/contrat-de-destination-explore-paris\/rencontre-explore-paris\/2eme-rencontres-explore-paris-ensemble-imaginons-le-tourisme-de-demain\/\"]}]},{\"@type\":\"ImageObject\",\"inLanguage\":\"fr-FR\",\"@id\":\"https:\/\/www.tourisme-valdemarne.com\/espace-pro\/expertises-et-projets\/contrat-de-destination-explore-paris\/rencontre-explore-paris\/2eme-rencontres-explore-paris-ensemble-imaginons-le-tourisme-de-demain\/#primaryimage\",\"url\":\"https:\/\/www.tourisme-valdemarne.com\/espace-pro\/wp-content\/uploads\/sites\/3\/2022\/05\/rencontres-explore-paris-2022-cdt94-emilie-filliot.jpg\",\"contentUrl\":\"https:\/\/www.tourisme-valdemarne.com\/espace-pro\/wp-content\/uploads\/sites\/3\/2022\/05\/rencontres-explore-paris-2022-cdt94-emilie-filliot.jpg\",\"width\":1280,\"height\":960,\"caption\":\"Rencontres Explore Paris 2022 \u00a9 CDT94 Emilie Filliot\"},{\"@type\":\"BreadcrumbList\",\"@id\":\"https:\/\/www.tourisme-valdemarne.com\/espace-pro\/expertises-et-projets\/contrat-de-destination-explore-paris\/rencontre-explore-paris\/2eme-rencontres-explore-paris-ensemble-imaginons-le-tourisme-de-demain\/#breadcrumb\",\"itemListElement\":[{\"@type\":\"ListItem\",\"position\":1,\"name\":\"Accueil\",\"item\":\"https:\/\/www.tourisme-valdemarne.com\/espace-pro\/\"},{\"@type\":\"ListItem\",\"position\":2,\"name\":\"Expertises et projets\",\"item\":\"https:\/\/www.tourisme-valdemarne.com\/espace-pro\/expertises-et-projets\/\"},{\"@type\":\"ListItem\",\"position\":3,\"name\":\"Contrat de destination Explore Paris\",\"item\":\"https:\/\/www.tourisme-valdemarne.com\/espace-pro\/expertises-et-projets\/contrat-de-destination-explore-paris\/\"},{\"@type\":\"ListItem\",\"position\":4,\"name\":\"Les Rencontres Explore Paris\",\"item\":\"https:\/\/www.tourisme-valdemarne.com\/espace-pro\/expertises-et-projets\/contrat-de-destination-explore-paris\/rencontre-explore-paris\/\"},{\"@type\":\"ListItem\",\"position\":5,\"name\":\"2\u00e8me RENCONTRES EXPLORE PARIS &#8211; Ensemble, imaginons le tourisme de demain\"}]},{\"@type\":\"WebSite\",\"@id\":\"https:\/\/www.tourisme-valdemarne.com\/espace-pro\/#website\",\"url\":\"https:\/\/www.tourisme-valdemarne.com\/espace-pro\/\",\"name\":\"Espace Pro\",\"description\":\"Informations et outils pour les professionnels et la Presse\",\"potentialAction\":[{\"@type\":\"SearchAction\",\"target\":{\"@type\":\"EntryPoint\",\"urlTemplate\":\"https:\/\/www.tourisme-valdemarne.com\/espace-pro\/?s={search_term_string}\"},\"query-input\":{\"@type\":\"PropertyValueSpecification\",\"valueRequired\":true,\"valueName\":\"search_term_string\"}}],\"inLanguage\":\"fr-FR\"}]}<\/script>\n<!-- \/ Yoast SEO plugin. -->","yoast_head_json":{"title":"2\u00e8me RENCONTRES EXPLORE PARIS - Ensemble, imaginons le tourisme de demain - Espace Pro","robots":{"index":"index","follow":"follow","max-snippet":"max-snippet:-1","max-image-preview":"max-image-preview:large","max-video-preview":"max-video-preview:-1"},"canonical":"https:\/\/www.tourisme-valdemarne.com\/espace-pro\/expertises-et-projets\/contrat-de-destination-explore-paris\/rencontre-explore-paris\/2eme-rencontres-explore-paris-ensemble-imaginons-le-tourisme-de-demain\/","og_locale":"fr_FR","og_type":"article","og_title":"2\u00e8me RENCONTRES EXPLORE PARIS - Ensemble, imaginons le tourisme de demain - Espace Pro","og_description":"Les secondes Rencontres Explore Paris ont eu lieu le lundi 23 mai 2022 \u00e0 la Halle Pajol (Paris 18e). L&rsquo;occasion de faire un premier bilan, mais \u00e9galement de pr\u00e9senter les futures actions qui seront men\u00e9es ces deux prochaines ann\u00e9es dans le cadre du renouvellement du contrat de destination \u00ab\u00a0Paris, ville augment\u00e9e\u00a0\u00bb. Retour sur le programme [&hellip;]","og_url":"https:\/\/www.tourisme-valdemarne.com\/espace-pro\/expertises-et-projets\/contrat-de-destination-explore-paris\/rencontre-explore-paris\/2eme-rencontres-explore-paris-ensemble-imaginons-le-tourisme-de-demain\/","og_site_name":"Espace Pro","article_modified_time":"2022-05-30T15:03:11+00:00","og_image":[{"width":1280,"height":960,"url":"https:\/\/www.tourisme-valdemarne.com\/espace-pro\/wp-content\/uploads\/sites\/3\/2022\/05\/rencontres-explore-paris-2022-cdt94-emilie-filliot.jpg","type":"image\/jpeg"}],"twitter_card":"summary_large_image","twitter_misc":{"Dur\u00e9e de lecture estim\u00e9e":"2 minutes"},"schema":{"@context":"https:\/\/schema.org","@graph":[{"@type":"WebPage","@id":"https:\/\/www.tourisme-valdemarne.com\/espace-pro\/expertises-et-projets\/contrat-de-destination-explore-paris\/rencontre-explore-paris\/2eme-rencontres-explore-paris-ensemble-imaginons-le-tourisme-de-demain\/","url":"https:\/\/www.tourisme-valdemarne.com\/espace-pro\/expertises-et-projets\/contrat-de-destination-explore-paris\/rencontre-explore-paris\/2eme-rencontres-explore-paris-ensemble-imaginons-le-tourisme-de-demain\/","name":"2\u00e8me RENCONTRES EXPLORE PARIS - Ensemble, imaginons le tourisme de demain - Espace Pro","isPartOf":{"@id":"https:\/\/www.tourisme-valdemarne.com\/espace-pro\/#website"},"primaryImageOfPage":{"@id":"https:\/\/www.tourisme-valdemarne.com\/espace-pro\/expertises-et-projets\/contrat-de-destination-explore-paris\/rencontre-explore-paris\/2eme-rencontres-explore-paris-ensemble-imaginons-le-tourisme-de-demain\/#primaryimage"},"image":{"@id":"https:\/\/www.tourisme-valdemarne.com\/espace-pro\/expertises-et-projets\/contrat-de-destination-explore-paris\/rencontre-explore-paris\/2eme-rencontres-explore-paris-ensemble-imaginons-le-tourisme-de-demain\/#primaryimage"},"thumbnailUrl":"https:\/\/www.tourisme-valdemarne.com\/espace-pro\/wp-content\/uploads\/sites\/3\/2022\/05\/rencontres-explore-paris-2022-cdt94-emilie-filliot.jpg","datePublished":"2022-05-25T10:15:02+00:00","dateModified":"2022-05-30T15:03:11+00:00","breadcrumb":{"@id":"https:\/\/www.tourisme-valdemarne.com\/espace-pro\/expertises-et-projets\/contrat-de-destination-explore-paris\/rencontre-explore-paris\/2eme-rencontres-explore-paris-ensemble-imaginons-le-tourisme-de-demain\/#breadcrumb"},"inLanguage":"fr-FR","potentialAction":[{"@type":"ReadAction","target":["https:\/\/www.tourisme-valdemarne.com\/espace-pro\/expertises-et-projets\/contrat-de-destination-explore-paris\/rencontre-explore-paris\/2eme-rencontres-explore-paris-ensemble-imaginons-le-tourisme-de-demain\/"]}]},{"@type":"ImageObject","inLanguage":"fr-FR","@id":"https:\/\/www.tourisme-valdemarne.com\/espace-pro\/expertises-et-projets\/contrat-de-destination-explore-paris\/rencontre-explore-paris\/2eme-rencontres-explore-paris-ensemble-imaginons-le-tourisme-de-demain\/#primaryimage","url":"https:\/\/www.tourisme-valdemarne.com\/espace-pro\/wp-content\/uploads\/sites\/3\/2022\/05\/rencontres-explore-paris-2022-cdt94-emilie-filliot.jpg","contentUrl":"https:\/\/www.tourisme-valdemarne.com\/espace-pro\/wp-content\/uploads\/sites\/3\/2022\/05\/rencontres-explore-paris-2022-cdt94-emilie-filliot.jpg","width":1280,"height":960,"caption":"Rencontres Explore Paris 2022 \u00a9 CDT94 Emilie Filliot"},{"@type":"BreadcrumbList","@id":"https:\/\/www.tourisme-valdemarne.com\/espace-pro\/expertises-et-projets\/contrat-de-destination-explore-paris\/rencontre-explore-paris\/2eme-rencontres-explore-paris-ensemble-imaginons-le-tourisme-de-demain\/#breadcrumb","itemListElement":[{"@type":"ListItem","position":1,"name":"Accueil","item":"https:\/\/www.tourisme-valdemarne.com\/espace-pro\/"},{"@type":"ListItem","position":2,"name":"Expertises et projets","item":"https:\/\/www.tourisme-valdemarne.com\/espace-pro\/expertises-et-projets\/"},{"@type":"ListItem","position":3,"name":"Contrat de destination Explore Paris","item":"https:\/\/www.tourisme-valdemarne.com\/espace-pro\/expertises-et-projets\/contrat-de-destination-explore-paris\/"},{"@type":"ListItem","position":4,"name":"Les Rencontres Explore Paris","item":"https:\/\/www.tourisme-valdemarne.com\/espace-pro\/expertises-et-projets\/contrat-de-destination-explore-paris\/rencontre-explore-paris\/"},{"@type":"ListItem","position":5,"name":"2\u00e8me RENCONTRES EXPLORE PARIS &#8211; Ensemble, imaginons le tourisme de demain"}]},{"@type":"WebSite","@id":"https:\/\/www.tourisme-valdemarne.com\/espace-pro\/#website","url":"https:\/\/www.tourisme-valdemarne.com\/espace-pro\/","name":"Espace Pro","description":"Informations et outils pour les professionnels et la Presse","potentialAction":[{"@type":"SearchAction","target":{"@type":"EntryPoint","urlTemplate":"https:\/\/www.tourisme-valdemarne.com\/espace-pro\/?s={search_term_string}"},"query-input":{"@type":"PropertyValueSpecification","valueRequired":true,"valueName":"search_term_string"}}],"inLanguage":"fr-FR"}]}},"_links":{"self":[{"href":"https:\/\/www.tourisme-valdemarne.com\/espace-pro\/wp-json\/wp\/v2\/pages\/12699","targetHints":{"allow":["GET"]}}],"collection":[{"href":"https:\/\/www.tourisme-valdemarne.com\/espace-pro\/wp-json\/wp\/v2\/pages"}],"about":[{"href":"https:\/\/www.tourisme-valdemarne.com\/espace-pro\/wp-json\/wp\/v2\/types\/page"}],"author":[{"embeddable":true,"href":"https:\/\/www.tourisme-valdemarne.com\/espace-pro\/wp-json\/wp\/v2\/users\/16"}],"replies":[{"embeddable":true,"href":"https:\/\/www.tourisme-valdemarne.com\/espace-pro\/wp-json\/wp\/v2\/comments?post=12699"}],"version-history":[{"count":14,"href":"https:\/\/www.tourisme-valdemarne.com\/espace-pro\/wp-json\/wp\/v2\/pages\/12699\/revisions"}],"predecessor-version":[{"id":12774,"href":"https:\/\/www.tourisme-valdemarne.com\/espace-pro\/wp-json\/wp\/v2\/pages\/12699\/revisions\/12774"}],"up":[{"embeddable":true,"href":"https:\/\/www.tourisme-valdemarne.com\/espace-pro\/wp-json\/wp\/v2\/pages\/12687"}],"wp:featuredmedia":[{"embeddable":true,"href":"https:\/\/www.tourisme-valdemarne.com\/espace-pro\/wp-json\/wp\/v2\/media\/12701"}],"wp:attachment":[{"href":"https:\/\/www.tourisme-valdemarne.com\/espace-pro\/wp-json\/wp\/v2\/media?parent=12699"}],"wp:term":[{"taxonomy":"vdmTagMarketing","embeddable":true,"href":"https:\/\/www.tourisme-valdemarne.com\/espace-pro\/wp-json\/wp\/v2\/vdmTagMarketing?post=12699"}],"curies":[{"name":"wp","href":"https:\/\/api.w.org\/{rel}","templated":true}]}}