{"id":12679,"date":"2022-05-24T10:05:27","date_gmt":"2022-05-24T08:05:27","guid":{"rendered":"https:\/\/www.tourisme-valdemarne.com\/espace-pro\/?page_id=12679"},"modified":"2025-04-14T17:18:19","modified_gmt":"2025-04-14T15:18:19","slug":"formation-en-tourisme-2022-2023-cnam-de-paris","status":"publish","type":"page","link":"https:\/\/www.tourisme-valdemarne.com\/espace-pro\/actualites\/formation-en-tourisme-2022-2023-cnam-de-paris\/","title":{"rendered":"Formation en tourisme 2022-2023 &#8211; CNAM de Paris"},"content":{"rendered":"\n<p class=\"is-style-excerpt\">Le CNAM \u00cele-de-France offre la possibilit\u00e9 de se former tout au long de sa carri\u00e8re professionnelle. Pour le secteur du tourisme, d\u00e9couvrez les formations disponibles pour l&rsquo;ann\u00e9e 2022 &#8211; 2023.<\/p>\n\n\n\n<p>Vous faites partie des professionnels du d\u00e9partement qui pourraient \u00eatre int\u00e9ress\u00e9s \u00e0 <strong>l&rsquo;id\u00e9e de se former<\/strong> (ou de solidifier leurs comp\u00e9tences) dans le <strong>domaine du tourisme et de la culture<\/strong> ?<\/p>\n\n\n\n<p>Il est encore <strong>possible de candidater aux formations suivantes<\/strong> :<\/p>\n\n\n\n<ul class=\"wp-block-list\">\n<li><a href=\"https:\/\/www.tourisme-valdemarne.com\/espace-pro\/wp-content\/uploads\/sites\/3\/2022\/05\/lp-guide-conferencier.pdf\" target=\"_blank\" rel=\"noreferrer noopener\">Licence Guide-conf\u00e9rencier<\/a> (formation continue) : date limite d&rsquo;inscription le 1er juillet 2022<\/li>\n\n\n\n<li><a href=\"https:\/\/www.tourisme-valdemarne.com\/espace-pro\/wp-content\/uploads\/sites\/3\/2022\/05\/lp-chef-de-projet-touristique-maj-janv-2022.pdf\" target=\"_blank\" rel=\"noreferrer noopener\">Licence Chef de projet touristique<\/a> (en alternance) : date limite d&rsquo;inscription le 1er septembre 2022<\/li>\n\n\n\n<li><a href=\"https:\/\/www.tourisme-valdemarne.com\/espace-pro\/wp-content\/uploads\/sites\/3\/2022\/05\/cs-tourismes-territoires-et-environnement.pdf\" target=\"_blank\" rel=\"noreferrer noopener\">Certificat de sp\u00e9cialisation Tourismes, territoires et environnement<\/a> (formation continue) : date limite d&rsquo;inscription le 30 septembre 2022.<\/li>\n<\/ul>\n\n\n\n<p class=\"is-style-default\">Pour en savoir plus sur ces offres de formations du CNAM et d\u00e9couvrir en d\u00e9tails les plaquettes d&rsquo;informations, rendez-vous sur le site du CNAM.<\/p>\n\n\n\n<p class=\"is-style-highlight\">D\u00e9couvrez le reste de l&rsquo;<a href=\"https:\/\/www.tourisme-valdemarne.com\/espace-pro\/actualites\/\" target=\"_blank\" rel=\"noreferrer noopener\">actualit\u00e9 des professionnels du tourisme et de la culture en Val-de-Marne<\/a>.<\/p>\n","protected":false},"excerpt":{"rendered":"<p>Le CNAM \u00cele-de-France offre la possibilit\u00e9 de se former tout au long de sa carri\u00e8re professionnelle. Pour le secteur du tourisme, d\u00e9couvrez les formations disponibles pour l&rsquo;ann\u00e9e 2022 &#8211; 2023. Vous faites partie des professionnels du d\u00e9partement qui pourraient \u00eatre int\u00e9ress\u00e9s \u00e0 l&rsquo;id\u00e9e de se former (ou de solidifier leurs comp\u00e9tences) dans le domaine du [&hellip;]<\/p>\n","protected":false},"author":8,"featured_media":3307,"parent":6164,"menu_order":167,"comment_status":"closed","ping_status":"closed","template":"","meta":{"_relevanssi_hide_post":"","_relevanssi_hide_content":"","_relevanssi_pin_for_all":"","_relevanssi_pin_keywords":"","_relevanssi_unpin_keywords":"","_relevanssi_related_keywords":"","_relevanssi_related_include_ids":"","_relevanssi_related_exclude_ids":"","_relevanssi_related_no_append":"","_relevanssi_related_not_related":"","_relevanssi_related_posts":"8083,8095,444,8074,8108,2745","_relevanssi_noindex_reason":"","footnotes":""},"vdmTagMarketing":[],"class_list":["post-12679","page","type-page","status-publish","has-post-thumbnail","hentry"],"acf":[],"yoast_head":"<!-- This site is optimized with the Yoast SEO plugin v23.9 - https:\/\/yoast.com\/wordpress\/plugins\/seo\/ -->\n<title>Formation en tourisme 2022-2023 - CNAM de Paris - Espace Pro<\/title>\n<meta name=\"description\" content=\"Le CNAM de Paris propose aux professionnels du tourisme et de la culture de continuer \u00e0 se former. D\u00e9couvrez leurs formations pour 2022-23.\" \/>\n<meta name=\"robots\" content=\"index, follow, max-snippet:-1, max-image-preview:large, max-video-preview:-1\" \/>\n<link rel=\"canonical\" href=\"https:\/\/www.tourisme-valdemarne.com\/espace-pro\/actualites\/formation-en-tourisme-2022-2023-cnam-de-paris\/\" \/>\n<meta property=\"og:locale\" content=\"fr_FR\" \/>\n<meta property=\"og:type\" content=\"article\" \/>\n<meta property=\"og:title\" content=\"Formation en tourisme 2022-2023 - CNAM de Paris - Espace Pro\" \/>\n<meta property=\"og:description\" content=\"Le CNAM de Paris propose aux professionnels du tourisme et de la culture de continuer \u00e0 se former. D\u00e9couvrez leurs formations pour 2022-23.\" \/>\n<meta property=\"og:url\" content=\"https:\/\/www.tourisme-valdemarne.com\/espace-pro\/actualites\/formation-en-tourisme-2022-2023-cnam-de-paris\/\" \/>\n<meta property=\"og:site_name\" content=\"Espace Pro\" \/>\n<meta property=\"article:modified_time\" content=\"2025-04-14T15:18:19+00:00\" \/>\n<meta property=\"og:image\" content=\"https:\/\/www.tourisme-valdemarne.com\/espace-pro\/wp-content\/uploads\/sites\/3\/2019\/06\/graphiques-analyse.jpg\" \/>\n\t<meta property=\"og:image:width\" content=\"1600\" \/>\n\t<meta property=\"og:image:height\" content=\"1060\" \/>\n\t<meta property=\"og:image:type\" content=\"image\/jpeg\" \/>\n<meta name=\"twitter:card\" content=\"summary_large_image\" \/>\n<meta name=\"twitter:label1\" content=\"Dur\u00e9e de lecture estim\u00e9e\" \/>\n\t<meta name=\"twitter:data1\" content=\"1 minute\" \/>\n<script type=\"application\/ld+json\" class=\"yoast-schema-graph\">{\"@context\":\"https:\/\/schema.org\",\"@graph\":[{\"@type\":\"WebPage\",\"@id\":\"https:\/\/www.tourisme-valdemarne.com\/espace-pro\/actualites\/formation-en-tourisme-2022-2023-cnam-de-paris\/\",\"url\":\"https:\/\/www.tourisme-valdemarne.com\/espace-pro\/actualites\/formation-en-tourisme-2022-2023-cnam-de-paris\/\",\"name\":\"Formation en tourisme 2022-2023 - CNAM de Paris - Espace Pro\",\"isPartOf\":{\"@id\":\"https:\/\/www.tourisme-valdemarne.com\/espace-pro\/#website\"},\"primaryImageOfPage\":{\"@id\":\"https:\/\/www.tourisme-valdemarne.com\/espace-pro\/actualites\/formation-en-tourisme-2022-2023-cnam-de-paris\/#primaryimage\"},\"image\":{\"@id\":\"https:\/\/www.tourisme-valdemarne.com\/espace-pro\/actualites\/formation-en-tourisme-2022-2023-cnam-de-paris\/#primaryimage\"},\"thumbnailUrl\":\"https:\/\/www.tourisme-valdemarne.com\/espace-pro\/wp-content\/uploads\/sites\/3\/2019\/06\/graphiques-analyse.jpg\",\"datePublished\":\"2022-05-24T08:05:27+00:00\",\"dateModified\":\"2025-04-14T15:18:19+00:00\",\"description\":\"Le CNAM de Paris propose aux professionnels du tourisme et de la culture de continuer \u00e0 se former. D\u00e9couvrez leurs formations pour 2022-23.\",\"breadcrumb\":{\"@id\":\"https:\/\/www.tourisme-valdemarne.com\/espace-pro\/actualites\/formation-en-tourisme-2022-2023-cnam-de-paris\/#breadcrumb\"},\"inLanguage\":\"fr-FR\",\"potentialAction\":[{\"@type\":\"ReadAction\",\"target\":[\"https:\/\/www.tourisme-valdemarne.com\/espace-pro\/actualites\/formation-en-tourisme-2022-2023-cnam-de-paris\/\"]}]},{\"@type\":\"ImageObject\",\"inLanguage\":\"fr-FR\",\"@id\":\"https:\/\/www.tourisme-valdemarne.com\/espace-pro\/actualites\/formation-en-tourisme-2022-2023-cnam-de-paris\/#primaryimage\",\"url\":\"https:\/\/www.tourisme-valdemarne.com\/espace-pro\/wp-content\/uploads\/sites\/3\/2019\/06\/graphiques-analyse.jpg\",\"contentUrl\":\"https:\/\/www.tourisme-valdemarne.com\/espace-pro\/wp-content\/uploads\/sites\/3\/2019\/06\/graphiques-analyse.jpg\",\"width\":1600,\"height\":1060,\"caption\":\"Graphique et analyse \u00a9 CC0\"},{\"@type\":\"BreadcrumbList\",\"@id\":\"https:\/\/www.tourisme-valdemarne.com\/espace-pro\/actualites\/formation-en-tourisme-2022-2023-cnam-de-paris\/#breadcrumb\",\"itemListElement\":[{\"@type\":\"ListItem\",\"position\":1,\"name\":\"Accueil\",\"item\":\"https:\/\/www.tourisme-valdemarne.com\/espace-pro\/\"},{\"@type\":\"ListItem\",\"position\":2,\"name\":\"Actualit\u00e9s de l&rsquo;espace pro\",\"item\":\"https:\/\/www.tourisme-valdemarne.com\/espace-pro\/actualites\/\"},{\"@type\":\"ListItem\",\"position\":3,\"name\":\"Formation en tourisme 2022-2023 &#8211; CNAM de Paris\"}]},{\"@type\":\"WebSite\",\"@id\":\"https:\/\/www.tourisme-valdemarne.com\/espace-pro\/#website\",\"url\":\"https:\/\/www.tourisme-valdemarne.com\/espace-pro\/\",\"name\":\"Espace Pro\",\"description\":\"Informations et outils pour les professionnels et la Presse\",\"potentialAction\":[{\"@type\":\"SearchAction\",\"target\":{\"@type\":\"EntryPoint\",\"urlTemplate\":\"https:\/\/www.tourisme-valdemarne.com\/espace-pro\/?s={search_term_string}\"},\"query-input\":{\"@type\":\"PropertyValueSpecification\",\"valueRequired\":true,\"valueName\":\"search_term_string\"}}],\"inLanguage\":\"fr-FR\"}]}<\/script>\n<!-- \/ Yoast SEO plugin. -->","yoast_head_json":{"title":"Formation en tourisme 2022-2023 - CNAM de Paris - Espace Pro","description":"Le CNAM de Paris propose aux professionnels du tourisme et de la culture de continuer \u00e0 se former. D\u00e9couvrez leurs formations pour 2022-23.","robots":{"index":"index","follow":"follow","max-snippet":"max-snippet:-1","max-image-preview":"max-image-preview:large","max-video-preview":"max-video-preview:-1"},"canonical":"https:\/\/www.tourisme-valdemarne.com\/espace-pro\/actualites\/formation-en-tourisme-2022-2023-cnam-de-paris\/","og_locale":"fr_FR","og_type":"article","og_title":"Formation en tourisme 2022-2023 - CNAM de Paris - Espace Pro","og_description":"Le CNAM de Paris propose aux professionnels du tourisme et de la culture de continuer \u00e0 se former. D\u00e9couvrez leurs formations pour 2022-23.","og_url":"https:\/\/www.tourisme-valdemarne.com\/espace-pro\/actualites\/formation-en-tourisme-2022-2023-cnam-de-paris\/","og_site_name":"Espace Pro","article_modified_time":"2025-04-14T15:18:19+00:00","og_image":[{"width":1600,"height":1060,"url":"https:\/\/www.tourisme-valdemarne.com\/espace-pro\/wp-content\/uploads\/sites\/3\/2019\/06\/graphiques-analyse.jpg","type":"image\/jpeg"}],"twitter_card":"summary_large_image","twitter_misc":{"Dur\u00e9e de lecture estim\u00e9e":"1 minute"},"schema":{"@context":"https:\/\/schema.org","@graph":[{"@type":"WebPage","@id":"https:\/\/www.tourisme-valdemarne.com\/espace-pro\/actualites\/formation-en-tourisme-2022-2023-cnam-de-paris\/","url":"https:\/\/www.tourisme-valdemarne.com\/espace-pro\/actualites\/formation-en-tourisme-2022-2023-cnam-de-paris\/","name":"Formation en tourisme 2022-2023 - CNAM de Paris - Espace Pro","isPartOf":{"@id":"https:\/\/www.tourisme-valdemarne.com\/espace-pro\/#website"},"primaryImageOfPage":{"@id":"https:\/\/www.tourisme-valdemarne.com\/espace-pro\/actualites\/formation-en-tourisme-2022-2023-cnam-de-paris\/#primaryimage"},"image":{"@id":"https:\/\/www.tourisme-valdemarne.com\/espace-pro\/actualites\/formation-en-tourisme-2022-2023-cnam-de-paris\/#primaryimage"},"thumbnailUrl":"https:\/\/www.tourisme-valdemarne.com\/espace-pro\/wp-content\/uploads\/sites\/3\/2019\/06\/graphiques-analyse.jpg","datePublished":"2022-05-24T08:05:27+00:00","dateModified":"2025-04-14T15:18:19+00:00","description":"Le CNAM de Paris propose aux professionnels du tourisme et de la culture de continuer \u00e0 se former. D\u00e9couvrez leurs formations pour 2022-23.","breadcrumb":{"@id":"https:\/\/www.tourisme-valdemarne.com\/espace-pro\/actualites\/formation-en-tourisme-2022-2023-cnam-de-paris\/#breadcrumb"},"inLanguage":"fr-FR","potentialAction":[{"@type":"ReadAction","target":["https:\/\/www.tourisme-valdemarne.com\/espace-pro\/actualites\/formation-en-tourisme-2022-2023-cnam-de-paris\/"]}]},{"@type":"ImageObject","inLanguage":"fr-FR","@id":"https:\/\/www.tourisme-valdemarne.com\/espace-pro\/actualites\/formation-en-tourisme-2022-2023-cnam-de-paris\/#primaryimage","url":"https:\/\/www.tourisme-valdemarne.com\/espace-pro\/wp-content\/uploads\/sites\/3\/2019\/06\/graphiques-analyse.jpg","contentUrl":"https:\/\/www.tourisme-valdemarne.com\/espace-pro\/wp-content\/uploads\/sites\/3\/2019\/06\/graphiques-analyse.jpg","width":1600,"height":1060,"caption":"Graphique et analyse \u00a9 CC0"},{"@type":"BreadcrumbList","@id":"https:\/\/www.tourisme-valdemarne.com\/espace-pro\/actualites\/formation-en-tourisme-2022-2023-cnam-de-paris\/#breadcrumb","itemListElement":[{"@type":"ListItem","position":1,"name":"Accueil","item":"https:\/\/www.tourisme-valdemarne.com\/espace-pro\/"},{"@type":"ListItem","position":2,"name":"Actualit\u00e9s de l&rsquo;espace pro","item":"https:\/\/www.tourisme-valdemarne.com\/espace-pro\/actualites\/"},{"@type":"ListItem","position":3,"name":"Formation en tourisme 2022-2023 &#8211; CNAM de Paris"}]},{"@type":"WebSite","@id":"https:\/\/www.tourisme-valdemarne.com\/espace-pro\/#website","url":"https:\/\/www.tourisme-valdemarne.com\/espace-pro\/","name":"Espace Pro","description":"Informations et outils pour les professionnels et la Presse","potentialAction":[{"@type":"SearchAction","target":{"@type":"EntryPoint","urlTemplate":"https:\/\/www.tourisme-valdemarne.com\/espace-pro\/?s={search_term_string}"},"query-input":{"@type":"PropertyValueSpecification","valueRequired":true,"valueName":"search_term_string"}}],"inLanguage":"fr-FR"}]}},"_links":{"self":[{"href":"https:\/\/www.tourisme-valdemarne.com\/espace-pro\/wp-json\/wp\/v2\/pages\/12679","targetHints":{"allow":["GET"]}}],"collection":[{"href":"https:\/\/www.tourisme-valdemarne.com\/espace-pro\/wp-json\/wp\/v2\/pages"}],"about":[{"href":"https:\/\/www.tourisme-valdemarne.com\/espace-pro\/wp-json\/wp\/v2\/types\/page"}],"author":[{"embeddable":true,"href":"https:\/\/www.tourisme-valdemarne.com\/espace-pro\/wp-json\/wp\/v2\/users\/8"}],"replies":[{"embeddable":true,"href":"https:\/\/www.tourisme-valdemarne.com\/espace-pro\/wp-json\/wp\/v2\/comments?post=12679"}],"version-history":[{"count":3,"href":"https:\/\/www.tourisme-valdemarne.com\/espace-pro\/wp-json\/wp\/v2\/pages\/12679\/revisions"}],"predecessor-version":[{"id":29037,"href":"https:\/\/www.tourisme-valdemarne.com\/espace-pro\/wp-json\/wp\/v2\/pages\/12679\/revisions\/29037"}],"up":[{"embeddable":true,"href":"https:\/\/www.tourisme-valdemarne.com\/espace-pro\/wp-json\/wp\/v2\/pages\/6164"}],"wp:featuredmedia":[{"embeddable":true,"href":"https:\/\/www.tourisme-valdemarne.com\/espace-pro\/wp-json\/wp\/v2\/media\/3307"}],"wp:attachment":[{"href":"https:\/\/www.tourisme-valdemarne.com\/espace-pro\/wp-json\/wp\/v2\/media?parent=12679"}],"wp:term":[{"taxonomy":"vdmTagMarketing","embeddable":true,"href":"https:\/\/www.tourisme-valdemarne.com\/espace-pro\/wp-json\/wp\/v2\/vdmTagMarketing?post=12679"}],"curies":[{"name":"wp","href":"https:\/\/api.w.org\/{rel}","templated":true}]}}