{"id":12644,"date":"2022-05-19T11:59:22","date_gmt":"2022-05-19T09:59:22","guid":{"rendered":"https:\/\/www.tourisme-valdemarne.com\/espace-pro\/?page_id=12644"},"modified":"2022-05-24T10:06:49","modified_gmt":"2022-05-24T08:06:49","slug":"coup-de-pousses-en-cuisine","status":"publish","type":"page","link":"https:\/\/www.tourisme-valdemarne.com\/espace-pro\/actualites\/coup-de-pousses-en-cuisine\/","title":{"rendered":"Coup de Pousses en Cuisine"},"content":{"rendered":"\n<p><strong>3 rencontres pour une cuisine engag\u00e9e MADE IN VAL-DE-MARNE !<\/strong><\/p>\n\n\n\n<p>Dans le cadre du Printemps de la Gastronomie Inclusive et Bienveillante dans le Val-de-Marne, \u201cCoup de Pousses en Cuisine\u201d propose 3 rencontres gourmandes et conviviales. Co-organis\u00e9es par Cuisine Mode d\u2019Emploi(s)\u00ae, Altermarch\u00e9 et les Paniers Bio du Val-de-Marne, tous acteurs engag\u00e9s dans une d\u00e9marche solidaire et pour une production locale. Venez encourager la cuisine \u00e9co-responsable de votre r\u00e9gion, recruter&nbsp;en cuisine ou pourquoi pas trouver votre vocation !<\/p>\n\n\n\n<p>L&rsquo;Ann\u00e9e de la Gastronomie, pilot\u00e9e par France Relance, a pour objectif de promouvoir la fili\u00e8re allant des producteurs aux restaurateurs, \u00e0 travers des valeurs d&rsquo;authenticit\u00e9, humaines et de production locale. L&rsquo;op\u00e9ration Coup de Pousses en Cuisine fait partie des 60 projets laur\u00e9ats labellis\u00e9s pour la saison <strong>Printemps de la Gastronomie Inclusive et Bienveillante.<\/strong><\/p>\n\n\n\n<div class=\"wp-block-image\"><figure class=\"aligncenter size-full is-resized\"><img data-src=\"https:\/\/www.tourisme-valdemarne.com\/espace-pro\/wp-content\/uploads\/sites\/3\/2022\/05\/affiche-coupdepousse-en-cuisine-724x1024-1.png\" alt=\"coup de pousse en cuisine\" class=\"wp-image-12643\" width=\"543\" height=\"768\" srcset=\"https:\/\/www.tourisme-valdemarne.com\/espace-pro\/wp-content\/uploads\/sites\/3\/2022\/05\/affiche-coupdepousse-en-cuisine-724x1024-1.png 724w, https:\/\/www.tourisme-valdemarne.com\/espace-pro\/wp-content\/uploads\/sites\/3\/2022\/05\/affiche-coupdepousse-en-cuisine-724x1024-1-424x600.png 424w, https:\/\/www.tourisme-valdemarne.com\/espace-pro\/wp-content\/uploads\/sites\/3\/2022\/05\/affiche-coupdepousse-en-cuisine-724x1024-1-636x900.png 636w, https:\/\/www.tourisme-valdemarne.com\/espace-pro\/wp-content\/uploads\/sites\/3\/2022\/05\/affiche-coupdepousse-en-cuisine-724x1024-1-380x537.png 380w, https:\/\/www.tourisme-valdemarne.com\/espace-pro\/wp-content\/uploads\/sites\/3\/2022\/05\/affiche-coupdepousse-en-cuisine-724x1024-1-200x283.png 200w\" sizes=\"(max-width: 543px) 100vw, 543px\" \/><\/figure><\/div>\n\n\n\n<h2 class=\"wp-block-heading\">Programme<\/h2>\n\n\n\n<ul class=\"wp-block-list\"><li><strong>Jeudi 12 mai : Promenade au jardin des paniers BIO du Val-de-Marne<\/strong>, 12h30-18h00 tout au long de l&rsquo;apr\u00e8s-midi chez <strong>Val Bio Ile-de-France<\/strong>, Vous \u00eates invit\u00e9s \u00e0 un moment de partage d&rsquo;information autour d&rsquo;une d\u00e9gustation des l\u00e9gumes savoureusement cuisin\u00e9s par Altermarch\u00e9 et les \u00e9l\u00e8ves de Cuisine Mode d&rsquo;Emploi(s)\u00ae. Vous pourrez parcourir le jardin et serez accompagn\u00e9s pour aller \u00e0 la d\u00e9couverte des l\u00e9gumes de Val Bio, de fa\u00e7on ludique et conviviale. <em>92 Rue des Bordes, 94 430 <\/em><strong><em>Chennevi\u00e8res<\/em><\/strong><em>-sur-Marne. Gratuit<\/em><\/li><\/ul>\n\n\n\n<p><\/p>\n\n\n\n<ul class=\"wp-block-list\"><li><strong>Mardi 31 mai &#8211; Traitons avec Altermarch\u00e9, un traiteur \u00e9co-responsable : <\/strong>Entreprises, venez d\u00e9couvrir Altermarch\u00e9, le traiteur \u00e9co-responsable de vos futurs \u00e9v\u00e9nements et d\u00e9couvrez le secteur de l&rsquo;insertion avec des personnes motiv\u00e9es pour travailler \u00e0 vos c\u00f4t\u00e9s. Durant ce d\u00e9jeuner convivial et gourmand, plusieurs tables seront dress\u00e9es pour vous permettre de rencontrer des salari\u00e9s en insertion et en formation chez Cuisine Mode d\u2019Emploi(s)\u00ae. \u00c0 cette occasion, des plats \u00e9co-responsables vous seront pr\u00e9sent\u00e9s par les apprentis. <em>Le 31 mai, 12h-16h chez Altermarch\u00e9, 15 Pl. de Rimini, 94 100 <\/em><strong><em>Saint-Maur-des-Foss\u00e9s<\/em><\/strong><em>. Gratuit <\/em><a href=\"https:\/\/47948a85.sibforms.com\/serve\/MUIEAH2klk-RBkWI_iSIi_OJaEU75pCTo2RxOhmVA_JRpKPhELiIVY9AP4DO9_GHaE7rZBdabDCUYonFWi0BPC0TqRfjLIgFAXaG9b1XW5_OSRfY80ori3xGoN4VykjKCN8KnvuKZ1F3Buc-Kw8uRfMAFHXNNd3V3ZCWvbiWoVD3fJmW_LyDXZKRktZ_FCMr2w9yVnCarFD9N7Bj\"><em>sur inscriptions<\/em><\/a><\/li><\/ul>\n\n\n\n<p><\/p>\n\n\n\n<ul class=\"wp-block-list\"><li><strong>Jeudi 23 juin &#8211; Poussez les portes de Cuisine Mode d\u2019Emploi(s)\u00ae ! <\/strong>Participez \u00e0 la journ\u00e9e Portes Ouvertes de l\u2019\u00e9cole Cuisine Mode d\u2019Emploi(s)\u00ae de Champigny-sur-Marne. Acteurs de l\u2019insertion et de l\u2019emploi dans le Val-de-Marne, professionnels de la restauration, \u00e9lus, venez \u00e0 la rencontre des stagiaires et des \u00e9quipes. Un moment convivial cl\u00f4turera la journ\u00e9e dans une ambiance guinguette des bords de Marne. L\u2019occasion de d\u00e9couvrir les produits cuisin\u00e9s avec le traiteur Altermarch\u00e9 et aussi de d\u00e9guster un buffet qui mettra en avant les productions locales et tout le savoir-faire de notre territoire. <em>Le 23 juin, 14h-18h chez Cuisine Mode d&rsquo;Emploi(s), 1 avenue Danielle Casanova, 94 500 <\/em><strong><em>Champigny-sur-Marne<\/em><\/strong><em>. Gratuit <\/em><a href=\"https:\/\/47948a85.sibforms.com\/serve\/MUIEADZJj9MOvwP5TB2guNy06Te8XyRpMyTNWcmSeK-f5xFH3fdwiilNaNDi7HyIUXvjZcOcxssJK4sj0QPI1_mtGgxfX1_hq9J1gkGCUBviIAWq31aLN2Nr3BNbGca0PXGF2LgUHgSl4qJtAn3wsXsMvTcGDHsCLU5N4-Z-kiIHLdRaR7J9ZyMFJ2pbLLJGfhWOPkR-lkLTjCKP\" target=\"_blank\" rel=\"noreferrer noopener\"><em>sur inscriptions<\/em><\/a><\/li><\/ul>\n","protected":false},"excerpt":{"rendered":"<p>3 rencontres pour une cuisine engag\u00e9e MADE IN VAL-DE-MARNE ! Dans le cadre du Printemps de la Gastronomie Inclusive et Bienveillante dans le Val-de-Marne, \u201cCoup de Pousses en Cuisine\u201d propose 3 rencontres gourmandes et conviviales. Co-organis\u00e9es par Cuisine Mode d\u2019Emploi(s)\u00ae, Altermarch\u00e9 et les Paniers Bio du Val-de-Marne, tous acteurs engag\u00e9s dans une d\u00e9marche solidaire et [&hellip;]<\/p>\n","protected":false},"author":16,"featured_media":12643,"parent":6164,"menu_order":168,"comment_status":"closed","ping_status":"closed","template":"","meta":{"_relevanssi_hide_post":"","_relevanssi_hide_content":"","_relevanssi_pin_for_all":"","_relevanssi_pin_keywords":"","_relevanssi_unpin_keywords":"","_relevanssi_related_keywords":"","_relevanssi_related_include_ids":"","_relevanssi_related_exclude_ids":"","_relevanssi_related_no_append":"","_relevanssi_related_not_related":"","_relevanssi_related_posts":"8077,444,2751,8104,8074,2747","_relevanssi_noindex_reason":"","footnotes":""},"vdmTagMarketing":[],"class_list":["post-12644","page","type-page","status-publish","has-post-thumbnail","hentry"],"acf":[],"yoast_head":"<!-- This site is optimized with the Yoast SEO plugin v23.9 - https:\/\/yoast.com\/wordpress\/plugins\/seo\/ -->\n<title>Coup de Pousses en Cuisine - Espace Pro<\/title>\n<meta name=\"robots\" content=\"index, follow, max-snippet:-1, max-image-preview:large, max-video-preview:-1\" \/>\n<link rel=\"canonical\" href=\"https:\/\/www.tourisme-valdemarne.com\/espace-pro\/actualites\/coup-de-pousses-en-cuisine\/\" \/>\n<meta property=\"og:locale\" content=\"fr_FR\" \/>\n<meta property=\"og:type\" content=\"article\" \/>\n<meta property=\"og:title\" content=\"Coup de Pousses en Cuisine - Espace Pro\" \/>\n<meta property=\"og:description\" content=\"3 rencontres pour une cuisine engag\u00e9e MADE IN VAL-DE-MARNE ! Dans le cadre du Printemps de la Gastronomie Inclusive et Bienveillante dans le Val-de-Marne, \u201cCoup de Pousses en Cuisine\u201d propose 3 rencontres gourmandes et conviviales. Co-organis\u00e9es par Cuisine Mode d\u2019Emploi(s)\u00ae, Altermarch\u00e9 et les Paniers Bio du Val-de-Marne, tous acteurs engag\u00e9s dans une d\u00e9marche solidaire et [&hellip;]\" \/>\n<meta property=\"og:url\" content=\"https:\/\/www.tourisme-valdemarne.com\/espace-pro\/actualites\/coup-de-pousses-en-cuisine\/\" \/>\n<meta property=\"og:site_name\" content=\"Espace Pro\" \/>\n<meta property=\"article:modified_time\" content=\"2022-05-24T08:06:49+00:00\" \/>\n<meta property=\"og:image\" content=\"https:\/\/www.tourisme-valdemarne.com\/espace-pro\/wp-content\/uploads\/sites\/3\/2022\/05\/affiche-coupdepousse-en-cuisine-724x1024-1.png\" \/>\n\t<meta property=\"og:image:width\" content=\"724\" \/>\n\t<meta property=\"og:image:height\" content=\"1024\" \/>\n\t<meta property=\"og:image:type\" content=\"image\/png\" \/>\n<meta name=\"twitter:card\" content=\"summary_large_image\" \/>\n<meta name=\"twitter:label1\" content=\"Dur\u00e9e de lecture estim\u00e9e\" \/>\n\t<meta name=\"twitter:data1\" content=\"3 minutes\" \/>\n<script type=\"application\/ld+json\" class=\"yoast-schema-graph\">{\"@context\":\"https:\/\/schema.org\",\"@graph\":[{\"@type\":\"WebPage\",\"@id\":\"https:\/\/www.tourisme-valdemarne.com\/espace-pro\/actualites\/coup-de-pousses-en-cuisine\/\",\"url\":\"https:\/\/www.tourisme-valdemarne.com\/espace-pro\/actualites\/coup-de-pousses-en-cuisine\/\",\"name\":\"Coup de Pousses en Cuisine - Espace Pro\",\"isPartOf\":{\"@id\":\"https:\/\/www.tourisme-valdemarne.com\/espace-pro\/#website\"},\"primaryImageOfPage\":{\"@id\":\"https:\/\/www.tourisme-valdemarne.com\/espace-pro\/actualites\/coup-de-pousses-en-cuisine\/#primaryimage\"},\"image\":{\"@id\":\"https:\/\/www.tourisme-valdemarne.com\/espace-pro\/actualites\/coup-de-pousses-en-cuisine\/#primaryimage\"},\"thumbnailUrl\":\"https:\/\/www.tourisme-valdemarne.com\/espace-pro\/wp-content\/uploads\/sites\/3\/2022\/05\/affiche-coupdepousse-en-cuisine-724x1024-1.png\",\"datePublished\":\"2022-05-19T09:59:22+00:00\",\"dateModified\":\"2022-05-24T08:06:49+00:00\",\"breadcrumb\":{\"@id\":\"https:\/\/www.tourisme-valdemarne.com\/espace-pro\/actualites\/coup-de-pousses-en-cuisine\/#breadcrumb\"},\"inLanguage\":\"fr-FR\",\"potentialAction\":[{\"@type\":\"ReadAction\",\"target\":[\"https:\/\/www.tourisme-valdemarne.com\/espace-pro\/actualites\/coup-de-pousses-en-cuisine\/\"]}]},{\"@type\":\"ImageObject\",\"inLanguage\":\"fr-FR\",\"@id\":\"https:\/\/www.tourisme-valdemarne.com\/espace-pro\/actualites\/coup-de-pousses-en-cuisine\/#primaryimage\",\"url\":\"https:\/\/www.tourisme-valdemarne.com\/espace-pro\/wp-content\/uploads\/sites\/3\/2022\/05\/affiche-coupdepousse-en-cuisine-724x1024-1.png\",\"contentUrl\":\"https:\/\/www.tourisme-valdemarne.com\/espace-pro\/wp-content\/uploads\/sites\/3\/2022\/05\/affiche-coupdepousse-en-cuisine-724x1024-1.png\",\"width\":724,\"height\":1024,\"caption\":\"coup de pousse en cuisine\"},{\"@type\":\"BreadcrumbList\",\"@id\":\"https:\/\/www.tourisme-valdemarne.com\/espace-pro\/actualites\/coup-de-pousses-en-cuisine\/#breadcrumb\",\"itemListElement\":[{\"@type\":\"ListItem\",\"position\":1,\"name\":\"Accueil\",\"item\":\"https:\/\/www.tourisme-valdemarne.com\/espace-pro\/\"},{\"@type\":\"ListItem\",\"position\":2,\"name\":\"Actualit\u00e9s de l&rsquo;espace pro\",\"item\":\"https:\/\/www.tourisme-valdemarne.com\/espace-pro\/actualites\/\"},{\"@type\":\"ListItem\",\"position\":3,\"name\":\"Coup de Pousses en Cuisine\"}]},{\"@type\":\"WebSite\",\"@id\":\"https:\/\/www.tourisme-valdemarne.com\/espace-pro\/#website\",\"url\":\"https:\/\/www.tourisme-valdemarne.com\/espace-pro\/\",\"name\":\"Espace Pro\",\"description\":\"Informations et outils pour les professionnels et la Presse\",\"potentialAction\":[{\"@type\":\"SearchAction\",\"target\":{\"@type\":\"EntryPoint\",\"urlTemplate\":\"https:\/\/www.tourisme-valdemarne.com\/espace-pro\/?s={search_term_string}\"},\"query-input\":{\"@type\":\"PropertyValueSpecification\",\"valueRequired\":true,\"valueName\":\"search_term_string\"}}],\"inLanguage\":\"fr-FR\"}]}<\/script>\n<!-- \/ Yoast SEO plugin. -->","yoast_head_json":{"title":"Coup de Pousses en Cuisine - Espace Pro","robots":{"index":"index","follow":"follow","max-snippet":"max-snippet:-1","max-image-preview":"max-image-preview:large","max-video-preview":"max-video-preview:-1"},"canonical":"https:\/\/www.tourisme-valdemarne.com\/espace-pro\/actualites\/coup-de-pousses-en-cuisine\/","og_locale":"fr_FR","og_type":"article","og_title":"Coup de Pousses en Cuisine - Espace Pro","og_description":"3 rencontres pour une cuisine engag\u00e9e MADE IN VAL-DE-MARNE ! Dans le cadre du Printemps de la Gastronomie Inclusive et Bienveillante dans le Val-de-Marne, \u201cCoup de Pousses en Cuisine\u201d propose 3 rencontres gourmandes et conviviales. Co-organis\u00e9es par Cuisine Mode d\u2019Emploi(s)\u00ae, Altermarch\u00e9 et les Paniers Bio du Val-de-Marne, tous acteurs engag\u00e9s dans une d\u00e9marche solidaire et [&hellip;]","og_url":"https:\/\/www.tourisme-valdemarne.com\/espace-pro\/actualites\/coup-de-pousses-en-cuisine\/","og_site_name":"Espace Pro","article_modified_time":"2022-05-24T08:06:49+00:00","og_image":[{"width":724,"height":1024,"url":"https:\/\/www.tourisme-valdemarne.com\/espace-pro\/wp-content\/uploads\/sites\/3\/2022\/05\/affiche-coupdepousse-en-cuisine-724x1024-1.png","type":"image\/png"}],"twitter_card":"summary_large_image","twitter_misc":{"Dur\u00e9e de lecture estim\u00e9e":"3 minutes"},"schema":{"@context":"https:\/\/schema.org","@graph":[{"@type":"WebPage","@id":"https:\/\/www.tourisme-valdemarne.com\/espace-pro\/actualites\/coup-de-pousses-en-cuisine\/","url":"https:\/\/www.tourisme-valdemarne.com\/espace-pro\/actualites\/coup-de-pousses-en-cuisine\/","name":"Coup de Pousses en Cuisine - Espace Pro","isPartOf":{"@id":"https:\/\/www.tourisme-valdemarne.com\/espace-pro\/#website"},"primaryImageOfPage":{"@id":"https:\/\/www.tourisme-valdemarne.com\/espace-pro\/actualites\/coup-de-pousses-en-cuisine\/#primaryimage"},"image":{"@id":"https:\/\/www.tourisme-valdemarne.com\/espace-pro\/actualites\/coup-de-pousses-en-cuisine\/#primaryimage"},"thumbnailUrl":"https:\/\/www.tourisme-valdemarne.com\/espace-pro\/wp-content\/uploads\/sites\/3\/2022\/05\/affiche-coupdepousse-en-cuisine-724x1024-1.png","datePublished":"2022-05-19T09:59:22+00:00","dateModified":"2022-05-24T08:06:49+00:00","breadcrumb":{"@id":"https:\/\/www.tourisme-valdemarne.com\/espace-pro\/actualites\/coup-de-pousses-en-cuisine\/#breadcrumb"},"inLanguage":"fr-FR","potentialAction":[{"@type":"ReadAction","target":["https:\/\/www.tourisme-valdemarne.com\/espace-pro\/actualites\/coup-de-pousses-en-cuisine\/"]}]},{"@type":"ImageObject","inLanguage":"fr-FR","@id":"https:\/\/www.tourisme-valdemarne.com\/espace-pro\/actualites\/coup-de-pousses-en-cuisine\/#primaryimage","url":"https:\/\/www.tourisme-valdemarne.com\/espace-pro\/wp-content\/uploads\/sites\/3\/2022\/05\/affiche-coupdepousse-en-cuisine-724x1024-1.png","contentUrl":"https:\/\/www.tourisme-valdemarne.com\/espace-pro\/wp-content\/uploads\/sites\/3\/2022\/05\/affiche-coupdepousse-en-cuisine-724x1024-1.png","width":724,"height":1024,"caption":"coup de pousse en cuisine"},{"@type":"BreadcrumbList","@id":"https:\/\/www.tourisme-valdemarne.com\/espace-pro\/actualites\/coup-de-pousses-en-cuisine\/#breadcrumb","itemListElement":[{"@type":"ListItem","position":1,"name":"Accueil","item":"https:\/\/www.tourisme-valdemarne.com\/espace-pro\/"},{"@type":"ListItem","position":2,"name":"Actualit\u00e9s de l&rsquo;espace pro","item":"https:\/\/www.tourisme-valdemarne.com\/espace-pro\/actualites\/"},{"@type":"ListItem","position":3,"name":"Coup de Pousses en Cuisine"}]},{"@type":"WebSite","@id":"https:\/\/www.tourisme-valdemarne.com\/espace-pro\/#website","url":"https:\/\/www.tourisme-valdemarne.com\/espace-pro\/","name":"Espace Pro","description":"Informations et outils pour les professionnels et la Presse","potentialAction":[{"@type":"SearchAction","target":{"@type":"EntryPoint","urlTemplate":"https:\/\/www.tourisme-valdemarne.com\/espace-pro\/?s={search_term_string}"},"query-input":{"@type":"PropertyValueSpecification","valueRequired":true,"valueName":"search_term_string"}}],"inLanguage":"fr-FR"}]}},"_links":{"self":[{"href":"https:\/\/www.tourisme-valdemarne.com\/espace-pro\/wp-json\/wp\/v2\/pages\/12644","targetHints":{"allow":["GET"]}}],"collection":[{"href":"https:\/\/www.tourisme-valdemarne.com\/espace-pro\/wp-json\/wp\/v2\/pages"}],"about":[{"href":"https:\/\/www.tourisme-valdemarne.com\/espace-pro\/wp-json\/wp\/v2\/types\/page"}],"author":[{"embeddable":true,"href":"https:\/\/www.tourisme-valdemarne.com\/espace-pro\/wp-json\/wp\/v2\/users\/16"}],"replies":[{"embeddable":true,"href":"https:\/\/www.tourisme-valdemarne.com\/espace-pro\/wp-json\/wp\/v2\/comments?post=12644"}],"version-history":[{"count":1,"href":"https:\/\/www.tourisme-valdemarne.com\/espace-pro\/wp-json\/wp\/v2\/pages\/12644\/revisions"}],"predecessor-version":[{"id":12645,"href":"https:\/\/www.tourisme-valdemarne.com\/espace-pro\/wp-json\/wp\/v2\/pages\/12644\/revisions\/12645"}],"up":[{"embeddable":true,"href":"https:\/\/www.tourisme-valdemarne.com\/espace-pro\/wp-json\/wp\/v2\/pages\/6164"}],"wp:featuredmedia":[{"embeddable":true,"href":"https:\/\/www.tourisme-valdemarne.com\/espace-pro\/wp-json\/wp\/v2\/media\/12643"}],"wp:attachment":[{"href":"https:\/\/www.tourisme-valdemarne.com\/espace-pro\/wp-json\/wp\/v2\/media?parent=12644"}],"wp:term":[{"taxonomy":"vdmTagMarketing","embeddable":true,"href":"https:\/\/www.tourisme-valdemarne.com\/espace-pro\/wp-json\/wp\/v2\/vdmTagMarketing?post=12644"}],"curies":[{"name":"wp","href":"https:\/\/api.w.org\/{rel}","templated":true}]}}