{"id":12456,"date":"2022-04-25T11:44:50","date_gmt":"2022-04-25T09:44:50","guid":{"rendered":"https:\/\/www.tourisme-valdemarne.com\/espace-pro\/?page_id=12456"},"modified":"2022-04-25T16:12:48","modified_gmt":"2022-04-25T14:12:48","slug":"renouvellement-du-contrat-de-destination-2022-2024","status":"publish","type":"page","link":"https:\/\/www.tourisme-valdemarne.com\/espace-pro\/presse\/actualites-et-communiques-de-presse\/renouvellement-du-contrat-de-destination-2022-2024\/","title":{"rendered":"Renouvellement du Contrat de destination 2022-2024"},"content":{"rendered":"\n<p class=\"has-text-align-center\"><strong>21 avril 2022 &#8211; La Sorbonne<\/strong><\/p>\n\n\n\n<p class=\"is-style-excerpt\">Les acteurs institutionnels du tourisme du Grand Paris signent, sous l\u2019appellation \u00ab&nbsp;#ExploreParis, la ville augment\u00e9e&nbsp;\u00bb leur 3<sup>\u00e8me<\/sup> contrat de destination. Si les objectifs restent inchang\u00e9s&nbsp;: \u00e9largissement de l\u2019aire g\u00e9ographique de la destination Paris aux trois d\u00e9partements de Petite Couronne (Hauts-de-Seine, Seine-Saint-Denis et Val-de-Marne) et diversification de l\u2019offre, ce contrat accueille deux nouveaux signataires (le Comit\u00e9 R\u00e9gional du Tourisme Paris-\u00cele-de-France et la M\u00e9tropole du Grand Paris)<br>et va b\u00e9n\u00e9ficier d\u2019un partenariat renforc\u00e9 avec Atout France.<br>Au sortir de la crise sanitaire et \u00e0 l\u2019approche de la Coupe du Monde de Rugby et des Jeux Olympiques et Paralympiques Paris 2024, la volont\u00e9 de faire de Paris une m\u00e9tropole \u00e0 l\u2019image renouvel\u00e9e, au plus pr\u00e8s des enjeux li\u00e9s au tourisme durable reste intangible.<\/p>\n\n\n\n<div class=\"wp-block-image\"><figure class=\"aligncenter size-large\"><img width=\"1200\" height=\"800\" data-src=\"https:\/\/www.tourisme-valdemarne.com\/espace-pro\/wp-content\/uploads\/sites\/3\/2022\/04\/photo-signature-cdd-2022-2024-1200x800.jpg\" alt=\"\" class=\"wp-image-12457\" srcset=\"https:\/\/www.tourisme-valdemarne.com\/espace-pro\/wp-content\/uploads\/sites\/3\/2022\/04\/photo-signature-cdd-2022-2024-1200x800.jpg 1200w, https:\/\/www.tourisme-valdemarne.com\/espace-pro\/wp-content\/uploads\/sites\/3\/2022\/04\/photo-signature-cdd-2022-2024-600x400.jpg 600w, https:\/\/www.tourisme-valdemarne.com\/espace-pro\/wp-content\/uploads\/sites\/3\/2022\/04\/photo-signature-cdd-2022-2024-900x600.jpg 900w, https:\/\/www.tourisme-valdemarne.com\/espace-pro\/wp-content\/uploads\/sites\/3\/2022\/04\/photo-signature-cdd-2022-2024-380x253.jpg 380w, https:\/\/www.tourisme-valdemarne.com\/espace-pro\/wp-content\/uploads\/sites\/3\/2022\/04\/photo-signature-cdd-2022-2024-200x133.jpg 200w, https:\/\/www.tourisme-valdemarne.com\/espace-pro\/wp-content\/uploads\/sites\/3\/2022\/04\/photo-signature-cdd-2022-2024.jpg 1386w\" sizes=\"(max-width: 1200px) 100vw, 1200px\" \/><figcaption>Signature du Contrat de destination 2022 &#8211; 2024<\/figcaption><\/figure><\/div>\n\n\n\n<p>Ce 21 avril 2022 se sont retrouv\u00e9s \u00e0 La Sorbonne les repr\u00e9sentants des principaux acteurs institutionnels du tourisme urbain du Grand Paris pour lancer officiellement la troisi\u00e8me mouture du contrat de destination (*) \u00ab&nbsp;Paris, la ville augment\u00e9e&nbsp;\u00bb.<\/p>\n\n\n\n<p>D\u00e8s 2015, l\u2019ambition a \u00e9t\u00e9 de renouveler et dynamiser l\u2019image de la destination Paris et d\u2019en \u00e9largir l\u2019aire g\u00e9ographique. Gr\u00e2ce un important travail collaboratif, de nombreuses actions ont \u00e9t\u00e9 mises en \u0153uvre, tant en mati\u00e8re de promotion que de structuration de produits : \u00e9largissement de la carte touristique de Paris ; enrichissement du site parisinfo.com, du site Internet de la RATP ; organisation d\u2019eductours th\u00e9matiques \u00e0 l\u2019\u00e9chelle de la zone urbaine dense. Il en a notamment r\u00e9sult\u00e9 la cr\u00e9ation de la plateforme <strong>#ExploreParis<\/strong> qui propose aujourd\u2019hui une offre unique de visites guid\u00e9es et de balades urbaines port\u00e9e par plus de 500 acteurs m\u00e9tropolitains.<em><br><\/em><\/p>\n\n\n\n<h2 class=\"wp-block-heading\">Deux nouveaux signataires \u2013 le Comit\u00e9 R\u00e9gional du Tourisme Paris-\u00cele-de-France et la M\u00e9tropole du Grand Paris \u2013 et un partenariat technique et financier renforc\u00e9 avec Atout France<\/h2>\n\n\n\n<p>Dans le but de poursuivre et d\u2019amplifier cette dynamique, les partenaires ont souhait\u00e9 continuer \u00e0 travailler ensemble, \u00e0 explorer de nouveaux axes de d\u00e9veloppement, \u0153uvrer \u00e0 la diffusion des flux touristiques vers les territoires non-centraux, \u00e9largir les th\u00e9matiques de l\u2019offre et valoriser les innovations urbaines de la destination. Apr\u00e8s une crise sanitaire exceptionnelle, ils confirment ainsi leur volont\u00e9 d\u2019acc\u00e9l\u00e9rer la transition vers un tourisme urbain plus durable et plus r\u00e9silient.<\/p>\n\n\n\n<p><strong>Le Comit\u00e9 R\u00e9gional du Tourisme Paris \u00cele-de-France et la M\u00e9tropole du Grand Paris s&rsquo;associent d\u00e9sormais \u00e0 cette d\u00e9marche, y apportant leur signature et leurs moyens. C&rsquo;est, avec le partenariat renforc\u00e9 d\u2019Atout France, l&rsquo;\u00e9v\u00e9nement notable du renouvellement de ce contrat de destination.<\/strong><\/p>\n\n\n\n<p>Pour les trois prochaines ann\u00e9es, le Contrat de destination sera dot\u00e9 de plus de 400.000 \u20ac pour animer son travail et exp\u00e9rimenter des actions.<\/p>\n\n\n\n<h2 class=\"wp-block-heading\">Accrocher \u00e0 Paris un r\u00e9cit m\u00e9tropolitain authentique<\/h2>\n\n\n\n<p>Les grands enjeux de renouvellement de l\u2019image et de la mise \u00e0 l\u2019\u00e9chelle m\u00e9tropolitaine de la destination Paris demeurent prioritaires, en particulier aupr\u00e8s des<strong> visiteurs de proximit\u00e9 (Europ\u00e9ens, Fran\u00e7ais, et habitants) et du segment cl\u00e9 que constituent les jeunes<\/strong>.<\/p>\n\n\n\n<p>Proposer des exp\u00e9riences urbaines in\u00e9dites loin des lieux de concentration touristique, des moments de f\u00eate, des \u00e9v\u00e9nements artistiques et sportifs, des temps de d\u00e9couverte insolites du patrimoine, des opportunit\u00e9s de partage de la vie quotidienne des habitants, un acc\u00e8s aux bons plans, des fa\u00e7ons d\u2019organiser soi-m\u00eame son s\u00e9jour \u00e0 partir des recommandations d\u2019amis et des r\u00e9seaux sociaux\u2026 sont autant d\u2019ambitions port\u00e9es par le Contrat de destination, afin de permettre aux touristes de sortir des sentiers battus, de ne plus \u00eatre seulement les consommateurs d\u2019une m\u00e9tropole mise en sc\u00e8ne mais aussi les coproducteurs de l\u2019exp\u00e9rience touristique qu\u2019ils recherchent.<\/p>\n\n\n\n<p>La destination a tout le potentiel pour r\u00e9pondre \u00e0 ces attentes&nbsp;: celui d\u2019une grande m\u00e9tropole mondiale, moderne, cosmopolite et innovante o\u00f9 s\u2019invente la ville du 21<sup>\u00e8me<\/sup> si\u00e8cle, et qu\u2019il reste \u00e0 faire conna\u00eetre sur le plan touristique.<\/p>\n\n\n\n<h2 class=\"wp-block-heading\">Une image \u00e0 renouveler, un tourisme plus durable \u00e0 construire<\/h2>\n\n\n\n<p>Il s\u2019agit donc de renouveler l\u2019image de la destination. Situ\u00e9s dans l\u2019ombre des grands monuments et des embl\u00e8mes culturels prestigieux du centre de la capitale, de nombreux sites de tr\u00e8s grand int\u00e9r\u00eat touristique ne b\u00e9n\u00e9ficient pas de la renomm\u00e9e qu\u2019ils m\u00e9ritent aupr\u00e8s des client\u00e8les touristiques&nbsp;: Basilique Saint-Denis, ch\u00e2teau de Vincennes, La D\u00e9fense, les faubourgs et la plupart des quartiers p\u00e9riph\u00e9riques parisiens ou encore les parcs, bois et for\u00eats \u2013 notamment les deux grands bois de Boulogne et Vincennes avec leurs \u00e9quipements -, sans parler de l\u2019incroyable r\u00e9seau fluvial de la Seine, de la Marne et des canaux).<\/p>\n\n\n\n<p>Ce renouvellement prend un sens particulier avec l\u2019arriv\u00e9e du r\u00e9seau de m\u00e9tro Grand Paris Express qui permettra de d\u00e9senclaver de nombreux sites et espaces qui sont per\u00e7us aujourd\u2019hui comme peu accessibles par les touristes (MAC VAL, Mus\u00e9e de l\u2019air et de l\u2019espace, Mus\u00e9e de la r\u00e9sistance nationale, etc.) et au moment o\u00f9 la capitale s\u2019appr\u00eate \u00e0 accueillir de grands \u00e9v\u00e9nements sportifs internationaux, parmi lesquels la Coupe du monde de Rugby en 2023 et les Jeux olympiques et paralympiques en 2024).<\/p>\n\n\n\n<p><strong>La zone urbaine dense, facilement accessible par le r\u00e9seau de m\u00e9tro, actuel et futur, constitue le terrain de r\u00e9f\u00e9rence de ce contrat de destination.<\/strong><\/p>\n\n\n\n<p>Les enjeux de durabilit\u00e9 sont au c\u0153ur de cette nouvelle \u00e9dition du Contrat&nbsp;: \u00e0 travers la valorisation d\u2019un Paris \u00e9largi, insolite et m\u00e9connu, est \u00e9galement vis\u00e9 l\u2019allongement de la dur\u00e9e des s\u00e9jours et le d\u00e9veloppement du tourisme de proximit\u00e9, en pleine coh\u00e9rence du Plan Destination France.<\/p>\n\n\n\n<h3 class=\"wp-block-heading\">5 grands axes d&rsquo;actions :<\/h3>\n\n\n\n<ul class=\"wp-block-list\"><li>Ing\u00e9nierie&nbsp;: structurer l\u2019offre en coh\u00e9rence avec le positionnement de la destination<\/li><li>Marketing et promotion en direction des march\u00e9s cibles<\/li><li>Communication&nbsp;: \u00e9largir les cibles de la plateforme #ExploreParis au-del\u00e0 du public francilien<\/li><li>Innovation&nbsp;: cr\u00e9ation de supports cartographiques num\u00e9riques \u00e0 l\u2019\u00e9chelle du Grand Paris<\/li><li>Observation et \u00e9valuation&nbsp;: \u00e0 partir d\u2019indicateurs d\u00e9finis en commun<\/li><\/ul>\n\n\n\n<h3 class=\"wp-block-heading\">5 Th\u00e9matiques particuli\u00e8res de travail&nbsp;:<\/h3>\n\n\n\n<ul class=\"wp-block-list\"><li>Les mobilit\u00e9s&nbsp;durables : acc\u00e8s \u00e0 la destination, au sein de la destination<\/li><li>La vie festive<\/li><li>Les Jeux Olympiques et Paralympiques 2024<\/li><li>La mise \u00e0 l\u2019\u00e9chelle m\u00e9tropolitaine de l\u2019ensemble des outils cartographiques touristiques<\/li><li>La constitution d\u2019un r\u00e9seau europ\u00e9en de m\u00e9tropoles<\/li><\/ul>\n\n\n\n<h2 class=\"wp-block-heading\">Un rendez-vous annuel pour les acteurs de ce tourisme de l\u2019insolite et du pas de c\u00f4t\u00e9<\/h2>\n\n\n\n<p>Les Rencontres<strong> <\/strong>#<strong>ExploreParis<em> <\/em><\/strong>constitueront le rendez-vous annuel de l\u2019ensemble des professionnels associ\u00e9s au travail men\u00e9. Elles donneront la parole aux acteurs de terrain, et seront l\u2019occasion d\u2019adapter les programmes d\u2019actions du contrat de destination aux probl\u00e9matiques qu\u2019ils rencontrent.<\/p>\n\n\n\n<p class=\"has-text-align-center\"><strong>Prochaine \u00e9dition<br>le lundi 23 mai de 14h \u00e0 18h<br>\u00e0 la Halle Pajol (Paris 18<sup>\u00e8me<\/sup>)<\/strong><\/p>\n\n\n\n<h2 class=\"wp-block-heading\">Les signataires<\/h2>\n\n\n\n<ul class=\"wp-block-list\"><li>L\u2019Office du Tourisme et des Congr\u00e8s de Paris (OTCP), repr\u00e9sent\u00e9 par son Pr\u00e9sident <strong>Jean-Fran\u00e7ois RIAL<\/strong>,<\/li><li>Le D\u00e9partement des Hauts-de-Seine, repr\u00e9sent\u00e9 par son Pr\u00e9sident, <strong>Georges SIFFREDI<\/strong>,<\/li><li>L\u2019Agence de d\u00e9veloppement touristique de la Seine-Saint-Denis (Seine-Saint-Denis Tourisme), repr\u00e9sent\u00e9e par sa Pr\u00e9sidente, <strong>Tessa CHAUMILLON<\/strong>,<\/li><li>Le Comit\u00e9 d\u00e9partemental du Tourisme du Val-de-Marne (Val-de-Marne Tourisme &amp; Loisirs), repr\u00e9sent\u00e9 par sa Pr\u00e9sidente, <strong>M\u00e9lanie NOWAK<\/strong>,<\/li><li>La M\u00e9tropole du Grand Paris, repr\u00e9sent\u00e9e par son Pr\u00e9sident, <strong>Patrick OLLIER<\/strong>,<\/li><li>Le Comit\u00e9 R\u00e9gional du Tourisme Paris \u00cele-de-France, repr\u00e9sent\u00e9 par son Pr\u00e9sident, <strong>Eric JEUNEMAITRE<\/strong>,<\/li><li>Le GIE Atout France, op\u00e9rateur touristique de la France, repr\u00e9sent\u00e9 par sa Directrice g\u00e9n\u00e9rale, <strong>Caroline LEBOUCHER<\/strong>,<\/li><li>La RATP repr\u00e9sent\u00e9e par&nbsp;sa directrice du D\u00e9partement commercial, <strong>Delphine NATHAN<\/strong>,<\/li><li>Paris&amp;Co \/ Welcome City Lab, repr\u00e9sent\u00e9 par le Directeur G\u00e9n\u00e9ral de Paris&amp;Co, <strong>Lo\u00efc DOSSEUR<\/strong>,<\/li><li>L\u2019Institut de Recherche et d\u2019Etudes sur le Tourisme (IREST) repr\u00e9sent\u00e9 par la Pr\u00e9sidente de l\u2019Universit\u00e9 Paris 1 Panth\u00e9on Sorbonne, <strong>Christine NEAU-LEDUC<\/strong>.<\/li><\/ul>\n\n\n\n<div class=\"wp-block-buttons is-content-justification-center is-layout-flex wp-container-core-buttons-is-layout-1 wp-block-buttons-is-layout-flex\">\n<div class=\"wp-block-button\"><a class=\"wp-block-button__link\" href=\"https:\/\/www.tourisme-valdemarne.com\/espace-pro\/wp-content\/uploads\/sites\/3\/2022\/04\/cp-signature-du-contrat-de-destination-2022-2024.pdf\" target=\"_blank\" rel=\"noreferrer noopener\">Lire Le communiqu\u00e9 de presse<\/a><\/div>\n<\/div>\n","protected":false},"excerpt":{"rendered":"<p>21 avril 2022 &#8211; La Sorbonne Les acteurs institutionnels du tourisme du Grand Paris signent, sous l\u2019appellation \u00ab&nbsp;#ExploreParis, la ville augment\u00e9e&nbsp;\u00bb leur 3\u00e8me contrat de destination. Si les objectifs restent inchang\u00e9s&nbsp;: \u00e9largissement de l\u2019aire g\u00e9ographique de la destination Paris aux trois d\u00e9partements de Petite Couronne (Hauts-de-Seine, Seine-Saint-Denis et Val-de-Marne) et diversification de l\u2019offre, ce contrat [&hellip;]<\/p>\n","protected":false},"author":16,"featured_media":12457,"parent":179,"menu_order":173,"comment_status":"closed","ping_status":"closed","template":"","meta":{"_relevanssi_hide_post":"","_relevanssi_hide_content":"","_relevanssi_pin_for_all":"","_relevanssi_pin_keywords":"","_relevanssi_unpin_keywords":"","_relevanssi_related_keywords":"","_relevanssi_related_include_ids":"","_relevanssi_related_exclude_ids":"","_relevanssi_related_no_append":"","_relevanssi_related_not_related":"","_relevanssi_related_posts":"2747,442,8077,2745,8074,8095","_relevanssi_noindex_reason":"","footnotes":""},"vdmTagMarketing":[],"class_list":["post-12456","page","type-page","status-publish","has-post-thumbnail","hentry"],"acf":[],"yoast_head":"<!-- This site is optimized with the Yoast SEO plugin v23.9 - https:\/\/yoast.com\/wordpress\/plugins\/seo\/ -->\n<title>Renouvellement du Contrat de destination 2022-2024 - Espace Pro<\/title>\n<meta name=\"robots\" content=\"index, follow, max-snippet:-1, max-image-preview:large, max-video-preview:-1\" \/>\n<link rel=\"canonical\" href=\"https:\/\/www.tourisme-valdemarne.com\/espace-pro\/presse\/actualites-et-communiques-de-presse\/renouvellement-du-contrat-de-destination-2022-2024\/\" \/>\n<meta property=\"og:locale\" content=\"fr_FR\" \/>\n<meta property=\"og:type\" content=\"article\" \/>\n<meta property=\"og:title\" content=\"Renouvellement du Contrat de destination 2022-2024 - Espace Pro\" \/>\n<meta property=\"og:description\" content=\"21 avril 2022 &#8211; La Sorbonne Les acteurs institutionnels du tourisme du Grand Paris signent, sous l\u2019appellation \u00ab&nbsp;#ExploreParis, la ville augment\u00e9e&nbsp;\u00bb leur 3\u00e8me contrat de destination. Si les objectifs restent inchang\u00e9s&nbsp;: \u00e9largissement de l\u2019aire g\u00e9ographique de la destination Paris aux trois d\u00e9partements de Petite Couronne (Hauts-de-Seine, Seine-Saint-Denis et Val-de-Marne) et diversification de l\u2019offre, ce contrat [&hellip;]\" \/>\n<meta property=\"og:url\" content=\"https:\/\/www.tourisme-valdemarne.com\/espace-pro\/presse\/actualites-et-communiques-de-presse\/renouvellement-du-contrat-de-destination-2022-2024\/\" \/>\n<meta property=\"og:site_name\" content=\"Espace Pro\" \/>\n<meta property=\"article:modified_time\" content=\"2022-04-25T14:12:48+00:00\" \/>\n<meta property=\"og:image\" content=\"https:\/\/www.tourisme-valdemarne.com\/espace-pro\/wp-content\/uploads\/sites\/3\/2022\/04\/photo-signature-cdd-2022-2024.jpg\" \/>\n\t<meta property=\"og:image:width\" content=\"1386\" \/>\n\t<meta property=\"og:image:height\" content=\"924\" \/>\n\t<meta property=\"og:image:type\" content=\"image\/jpeg\" \/>\n<meta name=\"twitter:card\" content=\"summary_large_image\" \/>\n<meta name=\"twitter:label1\" content=\"Dur\u00e9e de lecture estim\u00e9e\" \/>\n\t<meta name=\"twitter:data1\" content=\"7 minutes\" \/>\n<script type=\"application\/ld+json\" class=\"yoast-schema-graph\">{\"@context\":\"https:\/\/schema.org\",\"@graph\":[{\"@type\":\"WebPage\",\"@id\":\"https:\/\/www.tourisme-valdemarne.com\/espace-pro\/presse\/actualites-et-communiques-de-presse\/renouvellement-du-contrat-de-destination-2022-2024\/\",\"url\":\"https:\/\/www.tourisme-valdemarne.com\/espace-pro\/presse\/actualites-et-communiques-de-presse\/renouvellement-du-contrat-de-destination-2022-2024\/\",\"name\":\"Renouvellement du Contrat de destination 2022-2024 - Espace Pro\",\"isPartOf\":{\"@id\":\"https:\/\/www.tourisme-valdemarne.com\/espace-pro\/#website\"},\"primaryImageOfPage\":{\"@id\":\"https:\/\/www.tourisme-valdemarne.com\/espace-pro\/presse\/actualites-et-communiques-de-presse\/renouvellement-du-contrat-de-destination-2022-2024\/#primaryimage\"},\"image\":{\"@id\":\"https:\/\/www.tourisme-valdemarne.com\/espace-pro\/presse\/actualites-et-communiques-de-presse\/renouvellement-du-contrat-de-destination-2022-2024\/#primaryimage\"},\"thumbnailUrl\":\"https:\/\/www.tourisme-valdemarne.com\/espace-pro\/wp-content\/uploads\/sites\/3\/2022\/04\/photo-signature-cdd-2022-2024.jpg\",\"datePublished\":\"2022-04-25T09:44:50+00:00\",\"dateModified\":\"2022-04-25T14:12:48+00:00\",\"breadcrumb\":{\"@id\":\"https:\/\/www.tourisme-valdemarne.com\/espace-pro\/presse\/actualites-et-communiques-de-presse\/renouvellement-du-contrat-de-destination-2022-2024\/#breadcrumb\"},\"inLanguage\":\"fr-FR\",\"potentialAction\":[{\"@type\":\"ReadAction\",\"target\":[\"https:\/\/www.tourisme-valdemarne.com\/espace-pro\/presse\/actualites-et-communiques-de-presse\/renouvellement-du-contrat-de-destination-2022-2024\/\"]}]},{\"@type\":\"ImageObject\",\"inLanguage\":\"fr-FR\",\"@id\":\"https:\/\/www.tourisme-valdemarne.com\/espace-pro\/presse\/actualites-et-communiques-de-presse\/renouvellement-du-contrat-de-destination-2022-2024\/#primaryimage\",\"url\":\"https:\/\/www.tourisme-valdemarne.com\/espace-pro\/wp-content\/uploads\/sites\/3\/2022\/04\/photo-signature-cdd-2022-2024.jpg\",\"contentUrl\":\"https:\/\/www.tourisme-valdemarne.com\/espace-pro\/wp-content\/uploads\/sites\/3\/2022\/04\/photo-signature-cdd-2022-2024.jpg\",\"width\":1386,\"height\":924,\"caption\":\"signature cdd 2022 2024\"},{\"@type\":\"BreadcrumbList\",\"@id\":\"https:\/\/www.tourisme-valdemarne.com\/espace-pro\/presse\/actualites-et-communiques-de-presse\/renouvellement-du-contrat-de-destination-2022-2024\/#breadcrumb\",\"itemListElement\":[{\"@type\":\"ListItem\",\"position\":1,\"name\":\"Accueil\",\"item\":\"https:\/\/www.tourisme-valdemarne.com\/espace-pro\/\"},{\"@type\":\"ListItem\",\"position\":2,\"name\":\"Presse\",\"item\":\"https:\/\/www.tourisme-valdemarne.com\/espace-pro\/presse\/\"},{\"@type\":\"ListItem\",\"position\":3,\"name\":\"Actualit\u00e9s et communiqu\u00e9s de presse\",\"item\":\"https:\/\/www.tourisme-valdemarne.com\/espace-pro\/presse\/actualites-et-communiques-de-presse\/\"},{\"@type\":\"ListItem\",\"position\":4,\"name\":\"Renouvellement du Contrat de destination 2022-2024\"}]},{\"@type\":\"WebSite\",\"@id\":\"https:\/\/www.tourisme-valdemarne.com\/espace-pro\/#website\",\"url\":\"https:\/\/www.tourisme-valdemarne.com\/espace-pro\/\",\"name\":\"Espace Pro\",\"description\":\"Informations et outils pour les professionnels et la Presse\",\"potentialAction\":[{\"@type\":\"SearchAction\",\"target\":{\"@type\":\"EntryPoint\",\"urlTemplate\":\"https:\/\/www.tourisme-valdemarne.com\/espace-pro\/?s={search_term_string}\"},\"query-input\":{\"@type\":\"PropertyValueSpecification\",\"valueRequired\":true,\"valueName\":\"search_term_string\"}}],\"inLanguage\":\"fr-FR\"}]}<\/script>\n<!-- \/ Yoast SEO plugin. -->","yoast_head_json":{"title":"Renouvellement du Contrat de destination 2022-2024 - Espace Pro","robots":{"index":"index","follow":"follow","max-snippet":"max-snippet:-1","max-image-preview":"max-image-preview:large","max-video-preview":"max-video-preview:-1"},"canonical":"https:\/\/www.tourisme-valdemarne.com\/espace-pro\/presse\/actualites-et-communiques-de-presse\/renouvellement-du-contrat-de-destination-2022-2024\/","og_locale":"fr_FR","og_type":"article","og_title":"Renouvellement du Contrat de destination 2022-2024 - Espace Pro","og_description":"21 avril 2022 &#8211; La Sorbonne Les acteurs institutionnels du tourisme du Grand Paris signent, sous l\u2019appellation \u00ab&nbsp;#ExploreParis, la ville augment\u00e9e&nbsp;\u00bb leur 3\u00e8me contrat de destination. Si les objectifs restent inchang\u00e9s&nbsp;: \u00e9largissement de l\u2019aire g\u00e9ographique de la destination Paris aux trois d\u00e9partements de Petite Couronne (Hauts-de-Seine, Seine-Saint-Denis et Val-de-Marne) et diversification de l\u2019offre, ce contrat [&hellip;]","og_url":"https:\/\/www.tourisme-valdemarne.com\/espace-pro\/presse\/actualites-et-communiques-de-presse\/renouvellement-du-contrat-de-destination-2022-2024\/","og_site_name":"Espace Pro","article_modified_time":"2022-04-25T14:12:48+00:00","og_image":[{"width":1386,"height":924,"url":"https:\/\/www.tourisme-valdemarne.com\/espace-pro\/wp-content\/uploads\/sites\/3\/2022\/04\/photo-signature-cdd-2022-2024.jpg","type":"image\/jpeg"}],"twitter_card":"summary_large_image","twitter_misc":{"Dur\u00e9e de lecture estim\u00e9e":"7 minutes"},"schema":{"@context":"https:\/\/schema.org","@graph":[{"@type":"WebPage","@id":"https:\/\/www.tourisme-valdemarne.com\/espace-pro\/presse\/actualites-et-communiques-de-presse\/renouvellement-du-contrat-de-destination-2022-2024\/","url":"https:\/\/www.tourisme-valdemarne.com\/espace-pro\/presse\/actualites-et-communiques-de-presse\/renouvellement-du-contrat-de-destination-2022-2024\/","name":"Renouvellement du Contrat de destination 2022-2024 - Espace Pro","isPartOf":{"@id":"https:\/\/www.tourisme-valdemarne.com\/espace-pro\/#website"},"primaryImageOfPage":{"@id":"https:\/\/www.tourisme-valdemarne.com\/espace-pro\/presse\/actualites-et-communiques-de-presse\/renouvellement-du-contrat-de-destination-2022-2024\/#primaryimage"},"image":{"@id":"https:\/\/www.tourisme-valdemarne.com\/espace-pro\/presse\/actualites-et-communiques-de-presse\/renouvellement-du-contrat-de-destination-2022-2024\/#primaryimage"},"thumbnailUrl":"https:\/\/www.tourisme-valdemarne.com\/espace-pro\/wp-content\/uploads\/sites\/3\/2022\/04\/photo-signature-cdd-2022-2024.jpg","datePublished":"2022-04-25T09:44:50+00:00","dateModified":"2022-04-25T14:12:48+00:00","breadcrumb":{"@id":"https:\/\/www.tourisme-valdemarne.com\/espace-pro\/presse\/actualites-et-communiques-de-presse\/renouvellement-du-contrat-de-destination-2022-2024\/#breadcrumb"},"inLanguage":"fr-FR","potentialAction":[{"@type":"ReadAction","target":["https:\/\/www.tourisme-valdemarne.com\/espace-pro\/presse\/actualites-et-communiques-de-presse\/renouvellement-du-contrat-de-destination-2022-2024\/"]}]},{"@type":"ImageObject","inLanguage":"fr-FR","@id":"https:\/\/www.tourisme-valdemarne.com\/espace-pro\/presse\/actualites-et-communiques-de-presse\/renouvellement-du-contrat-de-destination-2022-2024\/#primaryimage","url":"https:\/\/www.tourisme-valdemarne.com\/espace-pro\/wp-content\/uploads\/sites\/3\/2022\/04\/photo-signature-cdd-2022-2024.jpg","contentUrl":"https:\/\/www.tourisme-valdemarne.com\/espace-pro\/wp-content\/uploads\/sites\/3\/2022\/04\/photo-signature-cdd-2022-2024.jpg","width":1386,"height":924,"caption":"signature cdd 2022 2024"},{"@type":"BreadcrumbList","@id":"https:\/\/www.tourisme-valdemarne.com\/espace-pro\/presse\/actualites-et-communiques-de-presse\/renouvellement-du-contrat-de-destination-2022-2024\/#breadcrumb","itemListElement":[{"@type":"ListItem","position":1,"name":"Accueil","item":"https:\/\/www.tourisme-valdemarne.com\/espace-pro\/"},{"@type":"ListItem","position":2,"name":"Presse","item":"https:\/\/www.tourisme-valdemarne.com\/espace-pro\/presse\/"},{"@type":"ListItem","position":3,"name":"Actualit\u00e9s et communiqu\u00e9s de presse","item":"https:\/\/www.tourisme-valdemarne.com\/espace-pro\/presse\/actualites-et-communiques-de-presse\/"},{"@type":"ListItem","position":4,"name":"Renouvellement du Contrat de destination 2022-2024"}]},{"@type":"WebSite","@id":"https:\/\/www.tourisme-valdemarne.com\/espace-pro\/#website","url":"https:\/\/www.tourisme-valdemarne.com\/espace-pro\/","name":"Espace Pro","description":"Informations et outils pour les professionnels et la Presse","potentialAction":[{"@type":"SearchAction","target":{"@type":"EntryPoint","urlTemplate":"https:\/\/www.tourisme-valdemarne.com\/espace-pro\/?s={search_term_string}"},"query-input":{"@type":"PropertyValueSpecification","valueRequired":true,"valueName":"search_term_string"}}],"inLanguage":"fr-FR"}]}},"_links":{"self":[{"href":"https:\/\/www.tourisme-valdemarne.com\/espace-pro\/wp-json\/wp\/v2\/pages\/12456","targetHints":{"allow":["GET"]}}],"collection":[{"href":"https:\/\/www.tourisme-valdemarne.com\/espace-pro\/wp-json\/wp\/v2\/pages"}],"about":[{"href":"https:\/\/www.tourisme-valdemarne.com\/espace-pro\/wp-json\/wp\/v2\/types\/page"}],"author":[{"embeddable":true,"href":"https:\/\/www.tourisme-valdemarne.com\/espace-pro\/wp-json\/wp\/v2\/users\/16"}],"replies":[{"embeddable":true,"href":"https:\/\/www.tourisme-valdemarne.com\/espace-pro\/wp-json\/wp\/v2\/comments?post=12456"}],"version-history":[{"count":6,"href":"https:\/\/www.tourisme-valdemarne.com\/espace-pro\/wp-json\/wp\/v2\/pages\/12456\/revisions"}],"predecessor-version":[{"id":12474,"href":"https:\/\/www.tourisme-valdemarne.com\/espace-pro\/wp-json\/wp\/v2\/pages\/12456\/revisions\/12474"}],"up":[{"embeddable":true,"href":"https:\/\/www.tourisme-valdemarne.com\/espace-pro\/wp-json\/wp\/v2\/pages\/179"}],"wp:featuredmedia":[{"embeddable":true,"href":"https:\/\/www.tourisme-valdemarne.com\/espace-pro\/wp-json\/wp\/v2\/media\/12457"}],"wp:attachment":[{"href":"https:\/\/www.tourisme-valdemarne.com\/espace-pro\/wp-json\/wp\/v2\/media?parent=12456"}],"wp:term":[{"taxonomy":"vdmTagMarketing","embeddable":true,"href":"https:\/\/www.tourisme-valdemarne.com\/espace-pro\/wp-json\/wp\/v2\/vdmTagMarketing?post=12456"}],"curies":[{"name":"wp","href":"https:\/\/api.w.org\/{rel}","templated":true}]}}