{"id":12451,"date":"2022-04-25T11:07:58","date_gmt":"2022-04-25T09:07:58","guid":{"rendered":"https:\/\/www.tourisme-valdemarne.com\/espace-pro\/?page_id=12451"},"modified":"2023-06-27T16:53:12","modified_gmt":"2023-06-27T14:53:12","slug":"escapades-a-quelques-minutes-de-paris-cap-sur-la-marne","status":"publish","type":"page","link":"https:\/\/www.tourisme-valdemarne.com\/espace-pro\/presse\/actualites-et-communiques-de-presse\/communiques-de-presse-precedents\/escapades-a-quelques-minutes-de-paris-cap-sur-la-marne\/","title":{"rendered":"Escapades \u00e0 quelques minutes de Paris : Cap sur la Marne !"},"content":{"rendered":"\n<p class=\"has-text-align-center\"><strong><strong>Du 25 mai au 23 octobre 2022<\/strong><\/strong><\/p>\n\n\n\n<p class=\"is-style-excerpt\">Voyager pr\u00e8s de chez soi, ouvrir un \u0153il nouveau sur son environnement, profiter des richesses locales et valoriser la nature\u2026 C\u2019est une attente majeure des Franciliens \u00e0 laquelle les trois territoires d\u2019Ile-de-France travers\u00e9s par la vall\u00e9e de la Marne r\u00e9pondent en organisant tout l\u2019\u00e9t\u00e9 des croisi\u00e8res accessibles \u00e0 tous en Val-de-Marne, Seine-Saint-Denis et Seine-et-Marne.<\/p>\n\n\n\n<p class=\"is-style-normal\">Ces croisi\u00e8res in\u00e9dites, qu\u2019elles soient gourmandes ou d\u00e9di\u00e9es \u00e0 la d\u00e9couverte des paysages, des patrimoines et de l\u2019histoire de la Marne, d\u00e9veloppent un tourisme durable et constituent une nouvelle exp\u00e9rience pour profiter de la r\u00e9gion.<\/p>\n\n\n\n<p>En 2022, les partenaires de Cap sur la Marne* enrichissent cette offre et encouragent la mobilit\u00e9 le long de l\u2019eau, en s&rsquo;inspirant d&rsquo;\u00e9v\u00e9nements organis\u00e9s dans d&rsquo;autres villes europ\u00e9ennes, d\u00e9couverts dans le cadre du projet europ\u00e9en STAR Cities. Ils cr\u00e9ent <strong>La<\/strong> <strong>Grande Aventure<\/strong>, un weekend de d\u00e9couverte \u00e0 pied, \u00e0 v\u00e9lo ou \u00e0 bord d\u2019un kayak, en Seine-et-Marne, Seine-Saint-Denis et Val-de-Marne.<\/p>\n\n\n\n<figure class=\"wp-block-gallery has-nested-images columns-default is-cropped wp-block-gallery-1 is-layout-flex wp-block-gallery-is-layout-flex\">\n<figure class=\"wp-block-image size-large\"><img width=\"700\" height=\"700\" data-id=\"10662\" data-src=\"https:\/\/www.tourisme-valdemarne.com\/espace-pro\/wp-content\/uploads\/sites\/3\/wpetourisme\/croisiere-le-francilien-cp-CDT94-P--1-.jpg\" alt=\"croisiere le francilien\" class=\"wp-image-10662\" srcset=\"https:\/\/www.tourisme-valdemarne.com\/espace-pro\/wp-content\/uploads\/sites\/3\/wpetourisme\/croisiere-le-francilien-cp-CDT94-P--1-.jpg 700w, https:\/\/www.tourisme-valdemarne.com\/espace-pro\/wp-content\/uploads\/sites\/3\/wpetourisme\/croisiere-le-francilien-cp-CDT94-P--1--600x600.jpg 600w, https:\/\/www.tourisme-valdemarne.com\/espace-pro\/wp-content\/uploads\/sites\/3\/wpetourisme\/croisiere-le-francilien-cp-CDT94-P--1--380x380.jpg 380w, https:\/\/www.tourisme-valdemarne.com\/espace-pro\/wp-content\/uploads\/sites\/3\/wpetourisme\/croisiere-le-francilien-cp-CDT94-P--1--150x150.jpg 150w, https:\/\/www.tourisme-valdemarne.com\/espace-pro\/wp-content\/uploads\/sites\/3\/wpetourisme\/croisiere-le-francilien-cp-CDT94-P--1--200x200.jpg 200w, https:\/\/www.tourisme-valdemarne.com\/espace-pro\/wp-content\/uploads\/sites\/3\/wpetourisme\/croisiere-le-francilien-cp-CDT94-P--1--24x24.jpg 24w, https:\/\/www.tourisme-valdemarne.com\/espace-pro\/wp-content\/uploads\/sites\/3\/wpetourisme\/croisiere-le-francilien-cp-CDT94-P--1--48x48.jpg 48w, https:\/\/www.tourisme-valdemarne.com\/espace-pro\/wp-content\/uploads\/sites\/3\/wpetourisme\/croisiere-le-francilien-cp-CDT94-P--1--96x96.jpg 96w, https:\/\/www.tourisme-valdemarne.com\/espace-pro\/wp-content\/uploads\/sites\/3\/wpetourisme\/croisiere-le-francilien-cp-CDT94-P--1--300x300.jpg 300w\" sizes=\"(max-width: 700px) 100vw, 700px\" \/><\/figure>\n<figcaption class=\"blocks-gallery-caption\">Croisi\u00e8re sur le Francilien \u00a9 CDT94<\/figcaption><\/figure>\n\n\n\n<p><em>*Le collectif Cap sur la Marne r\u00e9unit Val-de-Marne Tourisme et Loisirs, Seine-Saint-Denis Tourisme et les Offices de Tourisme de Marne et Gondoire et Paris Vall\u00e9e de la Marne. Il propose de nombreuses animations sur les bords de Marne entre Charenton-le-Pont et Chalifert gr\u00e2ce au soutien de la R\u00e9gion Ile-de-France et du programme Interreg Europe.<\/em><\/p>\n\n\n\n<h2 class=\"wp-block-heading\">Un flot de croisi\u00e8res \u00e0 petits prix sur la Marne du 25 mai au 23 octobre 2022<\/h2>\n\n\n\n<p><strong>77 croisi\u00e8res <\/strong>pour embarquer plus de 2 500 passagers<\/p>\n\n\n\n<p><strong>Au programme <\/strong>: des croisi\u00e8res comment\u00e9es par des passionn\u00e9s \u00e0 la d\u00e9couverte des paysages, du patrimoine, des \u00eeles de la Marne, de l\u2019architecture, ou de la batellerie ; des croisi\u00e8res gourmandes et des croisi\u00e8res cont\u00e9es.<\/p>\n\n\n\n<p><strong>D\u00e9parts <\/strong>: Alfortville, Joinville-le-Pont, Neuilly-Plaisance, Neuilly-sur-Marne, Lagny-sur-Marne<\/p>\n\n\n\n<p><strong>Dur\u00e9es <\/strong>: de 1h30 \u00e0 2h<\/p>\n\n\n\n<p><strong>Tarifs : <\/strong>croisi\u00e8res comment\u00e9es 15 et 10\u20ac (TR), croisi\u00e8res navettes 6\u20ac, croisi\u00e8res sp\u00e9ciales (d\u00e9gustation, cont\u00e9es&#8230;) tarifs selon les animations \u00e0 bord<\/p>\n\n\n\n<p><strong>Programme et r\u00e9servation : <\/strong><a href=\"http:\/\/www.capsurlamarne.fr\" target=\"_blank\" rel=\"noreferrer noopener\"><strong>www.capsurlamarne.fr<\/strong><\/a><\/p>\n\n\n\n<h2 class=\"wp-block-heading\">SAVE THE DATE : La Grande Aventure 11 et 12 juin 2022<\/h2>\n\n\n\n<p><strong><em>Deux jours d\u2019aventure au fil de la Marne !<\/em><\/strong><\/p>\n\n\n\n<p>Des parcours sur 1 ou 2 jours et plus de 1&nbsp;000 participants attendus, \u00e0 pied, \u00e0 v\u00e9lo, en cano\u00eb-kayak pour effectuer 9 km sur l\u2019eau, 15-30 km sur terre, au d\u00e9part de Chalifert et Lagny-sur-Marne (77) le samedi, Champs-sur-Marne le dimanche et \u00e0 l\u2019arriv\u00e9e \u00e0 Joinville-le-Pont (94). Etape bivouac possible le samedi soir.<\/p>\n\n\n\n<p>Commentaires, d\u00e9couvertes de sites remarquables, visites et interventions artistiques jalonneront les parcours avant une arriv\u00e9e festive et conviviale de l\u2019ensemble des participants (programme en cours).<\/p>\n\n\n\n<p><em>Cette aventure est co-construite avec les Comit\u00e9s et les associations d\u00e9di\u00e9es au sport des d\u00e9partements travers\u00e9s, qui encadreront les participants pendant leur aventure.<\/em><\/p>\n\n\n\n<p><strong>R\u00e9servation obligatoire : <\/strong><a href=\"http:\/\/www.capsurlamarne.fr\" target=\"_blank\" rel=\"noreferrer noopener\"><strong>www.capsurlamarne.fr<\/strong><\/a><\/p>\n\n\n\n<p><em>Ev\u00e9nement gratuit sauf location de v\u00e9lo ou kayak et bivouac.<\/em><\/p>\n\n\n\n<div class=\"wp-block-buttons is-content-justification-center is-layout-flex wp-container-core-buttons-is-layout-1 wp-block-buttons-is-layout-flex\">\n<div class=\"wp-block-button\"><a class=\"wp-block-button__link\" href=\"https:\/\/www.tourisme-valdemarne.com\/espace-pro\/wp-content\/uploads\/sites\/3\/2022\/04\/cp-capsurlamarne1.pdf\" target=\"_blank\" rel=\"noreferrer noopener\">Lire le communiqu\u00e9 de presse<\/a><\/div>\n<\/div>\n\n\n\n<\/br>\n\n\n\n<div class=\"wp-block-buttons is-content-justification-center is-layout-flex wp-container-core-buttons-is-layout-2 wp-block-buttons-is-layout-flex\">\n<div class=\"wp-block-button\"><a class=\"wp-block-button__link\" href=\"https:\/\/www.tourisme-valdemarne.com\/espace-pro\/wp-content\/uploads\/sites\/3\/2022\/05\/cp-croisieres.pdf\" target=\"_blank\" rel=\"noreferrer noopener\">Lire le communiqu\u00e9 de presse croisi\u00e8res<\/a><\/div>\n<\/div>\n\n\n\n<\/br>\n\n\n\n<div class=\"wp-block-buttons is-content-justification-center is-layout-flex wp-container-core-buttons-is-layout-3 wp-block-buttons-is-layout-flex\">\n<div class=\"wp-block-button\"><a class=\"wp-block-button__link\" href=\"https:\/\/www.tourisme-valdemarne.com\/espace-pro\/wp-content\/uploads\/sites\/3\/2022\/05\/cp-grande-aventure.pdf\" target=\"_blank\" rel=\"noreferrer noopener\">Lire le communiqu\u00e9 de presse la grande aventure<\/a><\/div>\n<\/div>\n","protected":false},"excerpt":{"rendered":"<p>Du 25 mai au 23 octobre 2022 Voyager pr\u00e8s de chez soi, ouvrir un \u0153il nouveau sur son environnement, profiter des richesses locales et valoriser la nature\u2026 C\u2019est une attente majeure des Franciliens \u00e0 laquelle les trois territoires d\u2019Ile-de-France travers\u00e9s par la vall\u00e9e de la Marne r\u00e9pondent en organisant tout l\u2019\u00e9t\u00e9 des croisi\u00e8res accessibles \u00e0 [&hellip;]<\/p>\n","protected":false},"author":16,"featured_media":12454,"parent":2883,"menu_order":172,"comment_status":"closed","ping_status":"closed","template":"","meta":{"_relevanssi_hide_post":"","_relevanssi_hide_content":"","_relevanssi_pin_for_all":"","_relevanssi_pin_keywords":"","_relevanssi_unpin_keywords":"","_relevanssi_related_keywords":"","_relevanssi_related_include_ids":"","_relevanssi_related_exclude_ids":"","_relevanssi_related_no_append":"","_relevanssi_related_not_related":"","_relevanssi_related_posts":"8074,8084,2747,442,444,8077","_relevanssi_noindex_reason":"","footnotes":""},"vdmTagMarketing":[],"class_list":["post-12451","page","type-page","status-publish","has-post-thumbnail","hentry"],"acf":[],"yoast_head":"<!-- This site is optimized with the Yoast SEO plugin v23.9 - https:\/\/yoast.com\/wordpress\/plugins\/seo\/ -->\n<title>Escapades \u00e0 quelques minutes de Paris : Cap sur la Marne ! - Espace Pro<\/title>\n<meta name=\"description\" content=\"Communiqu\u00e9 de Presse de Cap sur la Marne.\" \/>\n<meta name=\"robots\" content=\"index, follow, max-snippet:-1, max-image-preview:large, max-video-preview:-1\" \/>\n<link rel=\"canonical\" href=\"https:\/\/www.tourisme-valdemarne.com\/espace-pro\/presse\/actualites-et-communiques-de-presse\/communiques-de-presse-precedents\/escapades-a-quelques-minutes-de-paris-cap-sur-la-marne\/\" \/>\n<meta property=\"og:locale\" content=\"fr_FR\" \/>\n<meta property=\"og:type\" content=\"article\" \/>\n<meta property=\"og:title\" content=\"Escapades \u00e0 quelques minutes de Paris : Cap sur la Marne ! - Espace Pro\" \/>\n<meta property=\"og:description\" content=\"Communiqu\u00e9 de Presse de Cap sur la Marne.\" \/>\n<meta property=\"og:url\" content=\"https:\/\/www.tourisme-valdemarne.com\/espace-pro\/presse\/actualites-et-communiques-de-presse\/communiques-de-presse-precedents\/escapades-a-quelques-minutes-de-paris-cap-sur-la-marne\/\" \/>\n<meta property=\"og:site_name\" content=\"Espace Pro\" \/>\n<meta property=\"article:modified_time\" content=\"2023-06-27T14:53:12+00:00\" \/>\n<meta property=\"og:image\" content=\"https:\/\/www.tourisme-valdemarne.com\/espace-pro\/wp-content\/uploads\/sites\/3\/2022\/04\/croisieres-cap-sur-la-marne.jpg\" \/>\n\t<meta property=\"og:image:width\" content=\"776\" \/>\n\t<meta property=\"og:image:height\" content=\"1098\" \/>\n\t<meta property=\"og:image:type\" content=\"image\/jpeg\" \/>\n<meta name=\"twitter:card\" content=\"summary_large_image\" \/>\n<meta name=\"twitter:label1\" content=\"Dur\u00e9e de lecture estim\u00e9e\" \/>\n\t<meta name=\"twitter:data1\" content=\"3 minutes\" \/>\n<script type=\"application\/ld+json\" class=\"yoast-schema-graph\">{\"@context\":\"https:\/\/schema.org\",\"@graph\":[{\"@type\":\"WebPage\",\"@id\":\"https:\/\/www.tourisme-valdemarne.com\/espace-pro\/presse\/actualites-et-communiques-de-presse\/communiques-de-presse-precedents\/escapades-a-quelques-minutes-de-paris-cap-sur-la-marne\/\",\"url\":\"https:\/\/www.tourisme-valdemarne.com\/espace-pro\/presse\/actualites-et-communiques-de-presse\/communiques-de-presse-precedents\/escapades-a-quelques-minutes-de-paris-cap-sur-la-marne\/\",\"name\":\"Escapades \u00e0 quelques minutes de Paris : Cap sur la Marne ! - Espace Pro\",\"isPartOf\":{\"@id\":\"https:\/\/www.tourisme-valdemarne.com\/espace-pro\/#website\"},\"primaryImageOfPage\":{\"@id\":\"https:\/\/www.tourisme-valdemarne.com\/espace-pro\/presse\/actualites-et-communiques-de-presse\/communiques-de-presse-precedents\/escapades-a-quelques-minutes-de-paris-cap-sur-la-marne\/#primaryimage\"},\"image\":{\"@id\":\"https:\/\/www.tourisme-valdemarne.com\/espace-pro\/presse\/actualites-et-communiques-de-presse\/communiques-de-presse-precedents\/escapades-a-quelques-minutes-de-paris-cap-sur-la-marne\/#primaryimage\"},\"thumbnailUrl\":\"https:\/\/www.tourisme-valdemarne.com\/espace-pro\/wp-content\/uploads\/sites\/3\/2022\/04\/croisieres-cap-sur-la-marne.jpg\",\"datePublished\":\"2022-04-25T09:07:58+00:00\",\"dateModified\":\"2023-06-27T14:53:12+00:00\",\"description\":\"Communiqu\u00e9 de Presse de Cap sur la Marne.\",\"breadcrumb\":{\"@id\":\"https:\/\/www.tourisme-valdemarne.com\/espace-pro\/presse\/actualites-et-communiques-de-presse\/communiques-de-presse-precedents\/escapades-a-quelques-minutes-de-paris-cap-sur-la-marne\/#breadcrumb\"},\"inLanguage\":\"fr-FR\",\"potentialAction\":[{\"@type\":\"ReadAction\",\"target\":[\"https:\/\/www.tourisme-valdemarne.com\/espace-pro\/presse\/actualites-et-communiques-de-presse\/communiques-de-presse-precedents\/escapades-a-quelques-minutes-de-paris-cap-sur-la-marne\/\"]}]},{\"@type\":\"ImageObject\",\"inLanguage\":\"fr-FR\",\"@id\":\"https:\/\/www.tourisme-valdemarne.com\/espace-pro\/presse\/actualites-et-communiques-de-presse\/communiques-de-presse-precedents\/escapades-a-quelques-minutes-de-paris-cap-sur-la-marne\/#primaryimage\",\"url\":\"https:\/\/www.tourisme-valdemarne.com\/espace-pro\/wp-content\/uploads\/sites\/3\/2022\/04\/croisieres-cap-sur-la-marne.jpg\",\"contentUrl\":\"https:\/\/www.tourisme-valdemarne.com\/espace-pro\/wp-content\/uploads\/sites\/3\/2022\/04\/croisieres-cap-sur-la-marne.jpg\",\"width\":776,\"height\":1098,\"caption\":\"croisi\u00e8res cap sur la marne\"},{\"@type\":\"BreadcrumbList\",\"@id\":\"https:\/\/www.tourisme-valdemarne.com\/espace-pro\/presse\/actualites-et-communiques-de-presse\/communiques-de-presse-precedents\/escapades-a-quelques-minutes-de-paris-cap-sur-la-marne\/#breadcrumb\",\"itemListElement\":[{\"@type\":\"ListItem\",\"position\":1,\"name\":\"Accueil\",\"item\":\"https:\/\/www.tourisme-valdemarne.com\/espace-pro\/\"},{\"@type\":\"ListItem\",\"position\":2,\"name\":\"Presse\",\"item\":\"https:\/\/www.tourisme-valdemarne.com\/espace-pro\/presse\/\"},{\"@type\":\"ListItem\",\"position\":3,\"name\":\"Actualit\u00e9s et communiqu\u00e9s de presse\",\"item\":\"https:\/\/www.tourisme-valdemarne.com\/espace-pro\/presse\/actualites-et-communiques-de-presse\/\"},{\"@type\":\"ListItem\",\"position\":4,\"name\":\"Communiqu\u00e9s de presse pr\u00e9c\u00e9dents\",\"item\":\"https:\/\/www.tourisme-valdemarne.com\/espace-pro\/presse\/actualites-et-communiques-de-presse\/communiques-de-presse-precedents\/\"},{\"@type\":\"ListItem\",\"position\":5,\"name\":\"Escapades \u00e0 quelques minutes de Paris : Cap sur la Marne !\"}]},{\"@type\":\"WebSite\",\"@id\":\"https:\/\/www.tourisme-valdemarne.com\/espace-pro\/#website\",\"url\":\"https:\/\/www.tourisme-valdemarne.com\/espace-pro\/\",\"name\":\"Espace Pro\",\"description\":\"Informations et outils pour les professionnels et la Presse\",\"potentialAction\":[{\"@type\":\"SearchAction\",\"target\":{\"@type\":\"EntryPoint\",\"urlTemplate\":\"https:\/\/www.tourisme-valdemarne.com\/espace-pro\/?s={search_term_string}\"},\"query-input\":{\"@type\":\"PropertyValueSpecification\",\"valueRequired\":true,\"valueName\":\"search_term_string\"}}],\"inLanguage\":\"fr-FR\"}]}<\/script>\n<!-- \/ Yoast SEO plugin. -->","yoast_head_json":{"title":"Escapades \u00e0 quelques minutes de Paris : Cap sur la Marne ! - Espace Pro","description":"Communiqu\u00e9 de Presse de Cap sur la Marne.","robots":{"index":"index","follow":"follow","max-snippet":"max-snippet:-1","max-image-preview":"max-image-preview:large","max-video-preview":"max-video-preview:-1"},"canonical":"https:\/\/www.tourisme-valdemarne.com\/espace-pro\/presse\/actualites-et-communiques-de-presse\/communiques-de-presse-precedents\/escapades-a-quelques-minutes-de-paris-cap-sur-la-marne\/","og_locale":"fr_FR","og_type":"article","og_title":"Escapades \u00e0 quelques minutes de Paris : Cap sur la Marne ! - Espace Pro","og_description":"Communiqu\u00e9 de Presse de Cap sur la Marne.","og_url":"https:\/\/www.tourisme-valdemarne.com\/espace-pro\/presse\/actualites-et-communiques-de-presse\/communiques-de-presse-precedents\/escapades-a-quelques-minutes-de-paris-cap-sur-la-marne\/","og_site_name":"Espace Pro","article_modified_time":"2023-06-27T14:53:12+00:00","og_image":[{"width":776,"height":1098,"url":"https:\/\/www.tourisme-valdemarne.com\/espace-pro\/wp-content\/uploads\/sites\/3\/2022\/04\/croisieres-cap-sur-la-marne.jpg","type":"image\/jpeg"}],"twitter_card":"summary_large_image","twitter_misc":{"Dur\u00e9e de lecture estim\u00e9e":"3 minutes"},"schema":{"@context":"https:\/\/schema.org","@graph":[{"@type":"WebPage","@id":"https:\/\/www.tourisme-valdemarne.com\/espace-pro\/presse\/actualites-et-communiques-de-presse\/communiques-de-presse-precedents\/escapades-a-quelques-minutes-de-paris-cap-sur-la-marne\/","url":"https:\/\/www.tourisme-valdemarne.com\/espace-pro\/presse\/actualites-et-communiques-de-presse\/communiques-de-presse-precedents\/escapades-a-quelques-minutes-de-paris-cap-sur-la-marne\/","name":"Escapades \u00e0 quelques minutes de Paris : Cap sur la Marne ! - Espace Pro","isPartOf":{"@id":"https:\/\/www.tourisme-valdemarne.com\/espace-pro\/#website"},"primaryImageOfPage":{"@id":"https:\/\/www.tourisme-valdemarne.com\/espace-pro\/presse\/actualites-et-communiques-de-presse\/communiques-de-presse-precedents\/escapades-a-quelques-minutes-de-paris-cap-sur-la-marne\/#primaryimage"},"image":{"@id":"https:\/\/www.tourisme-valdemarne.com\/espace-pro\/presse\/actualites-et-communiques-de-presse\/communiques-de-presse-precedents\/escapades-a-quelques-minutes-de-paris-cap-sur-la-marne\/#primaryimage"},"thumbnailUrl":"https:\/\/www.tourisme-valdemarne.com\/espace-pro\/wp-content\/uploads\/sites\/3\/2022\/04\/croisieres-cap-sur-la-marne.jpg","datePublished":"2022-04-25T09:07:58+00:00","dateModified":"2023-06-27T14:53:12+00:00","description":"Communiqu\u00e9 de Presse de Cap sur la Marne.","breadcrumb":{"@id":"https:\/\/www.tourisme-valdemarne.com\/espace-pro\/presse\/actualites-et-communiques-de-presse\/communiques-de-presse-precedents\/escapades-a-quelques-minutes-de-paris-cap-sur-la-marne\/#breadcrumb"},"inLanguage":"fr-FR","potentialAction":[{"@type":"ReadAction","target":["https:\/\/www.tourisme-valdemarne.com\/espace-pro\/presse\/actualites-et-communiques-de-presse\/communiques-de-presse-precedents\/escapades-a-quelques-minutes-de-paris-cap-sur-la-marne\/"]}]},{"@type":"ImageObject","inLanguage":"fr-FR","@id":"https:\/\/www.tourisme-valdemarne.com\/espace-pro\/presse\/actualites-et-communiques-de-presse\/communiques-de-presse-precedents\/escapades-a-quelques-minutes-de-paris-cap-sur-la-marne\/#primaryimage","url":"https:\/\/www.tourisme-valdemarne.com\/espace-pro\/wp-content\/uploads\/sites\/3\/2022\/04\/croisieres-cap-sur-la-marne.jpg","contentUrl":"https:\/\/www.tourisme-valdemarne.com\/espace-pro\/wp-content\/uploads\/sites\/3\/2022\/04\/croisieres-cap-sur-la-marne.jpg","width":776,"height":1098,"caption":"croisi\u00e8res cap sur la marne"},{"@type":"BreadcrumbList","@id":"https:\/\/www.tourisme-valdemarne.com\/espace-pro\/presse\/actualites-et-communiques-de-presse\/communiques-de-presse-precedents\/escapades-a-quelques-minutes-de-paris-cap-sur-la-marne\/#breadcrumb","itemListElement":[{"@type":"ListItem","position":1,"name":"Accueil","item":"https:\/\/www.tourisme-valdemarne.com\/espace-pro\/"},{"@type":"ListItem","position":2,"name":"Presse","item":"https:\/\/www.tourisme-valdemarne.com\/espace-pro\/presse\/"},{"@type":"ListItem","position":3,"name":"Actualit\u00e9s et communiqu\u00e9s de presse","item":"https:\/\/www.tourisme-valdemarne.com\/espace-pro\/presse\/actualites-et-communiques-de-presse\/"},{"@type":"ListItem","position":4,"name":"Communiqu\u00e9s de presse pr\u00e9c\u00e9dents","item":"https:\/\/www.tourisme-valdemarne.com\/espace-pro\/presse\/actualites-et-communiques-de-presse\/communiques-de-presse-precedents\/"},{"@type":"ListItem","position":5,"name":"Escapades \u00e0 quelques minutes de Paris : Cap sur la Marne !"}]},{"@type":"WebSite","@id":"https:\/\/www.tourisme-valdemarne.com\/espace-pro\/#website","url":"https:\/\/www.tourisme-valdemarne.com\/espace-pro\/","name":"Espace Pro","description":"Informations et outils pour les professionnels et la Presse","potentialAction":[{"@type":"SearchAction","target":{"@type":"EntryPoint","urlTemplate":"https:\/\/www.tourisme-valdemarne.com\/espace-pro\/?s={search_term_string}"},"query-input":{"@type":"PropertyValueSpecification","valueRequired":true,"valueName":"search_term_string"}}],"inLanguage":"fr-FR"}]}},"_links":{"self":[{"href":"https:\/\/www.tourisme-valdemarne.com\/espace-pro\/wp-json\/wp\/v2\/pages\/12451","targetHints":{"allow":["GET"]}}],"collection":[{"href":"https:\/\/www.tourisme-valdemarne.com\/espace-pro\/wp-json\/wp\/v2\/pages"}],"about":[{"href":"https:\/\/www.tourisme-valdemarne.com\/espace-pro\/wp-json\/wp\/v2\/types\/page"}],"author":[{"embeddable":true,"href":"https:\/\/www.tourisme-valdemarne.com\/espace-pro\/wp-json\/wp\/v2\/users\/16"}],"replies":[{"embeddable":true,"href":"https:\/\/www.tourisme-valdemarne.com\/espace-pro\/wp-json\/wp\/v2\/comments?post=12451"}],"version-history":[{"count":10,"href":"https:\/\/www.tourisme-valdemarne.com\/espace-pro\/wp-json\/wp\/v2\/pages\/12451\/revisions"}],"predecessor-version":[{"id":13398,"href":"https:\/\/www.tourisme-valdemarne.com\/espace-pro\/wp-json\/wp\/v2\/pages\/12451\/revisions\/13398"}],"up":[{"embeddable":true,"href":"https:\/\/www.tourisme-valdemarne.com\/espace-pro\/wp-json\/wp\/v2\/pages\/2883"}],"wp:featuredmedia":[{"embeddable":true,"href":"https:\/\/www.tourisme-valdemarne.com\/espace-pro\/wp-json\/wp\/v2\/media\/12454"}],"wp:attachment":[{"href":"https:\/\/www.tourisme-valdemarne.com\/espace-pro\/wp-json\/wp\/v2\/media?parent=12451"}],"wp:term":[{"taxonomy":"vdmTagMarketing","embeddable":true,"href":"https:\/\/www.tourisme-valdemarne.com\/espace-pro\/wp-json\/wp\/v2\/vdmTagMarketing?post=12451"}],"curies":[{"name":"wp","href":"https:\/\/api.w.org\/{rel}","templated":true}]}}