{"id":12403,"date":"2022-04-19T10:48:09","date_gmt":"2022-04-19T08:48:09","guid":{"rendered":"https:\/\/www.tourisme-valdemarne.com\/espace-pro\/?page_id=12403"},"modified":"2022-05-24T10:06:42","modified_gmt":"2022-05-24T08:06:42","slug":"appel-a-projet-pour-lexploitation-du-restaurant-du-mac-val","status":"publish","type":"page","link":"https:\/\/www.tourisme-valdemarne.com\/espace-pro\/actualites\/appel-a-projet-pour-lexploitation-du-restaurant-du-mac-val\/","title":{"rendered":"Appel \u00e0 projet pour l&rsquo;exploitation du restaurant du MAC VAL"},"content":{"rendered":"\n<p class=\"is-style-excerpt\">Le MAC VAL de Vitry-sur-Seine cherche un repreneur pour le restaurant du mus\u00e9e.<br>Date limite du d\u00e9p\u00f4t de dossier de candidature : le 16 mai 2022, \u00e0 16h.<\/p>\n\n\n\n<p><strong>L&rsquo;exploitation du restaurant du MAC VAL<\/strong> passe par une offre de restauration, bar, salon de th\u00e9, traiteur qui pourrait \u00eatre \u00e9largie \u00e0 un espace librairie ou autres activit\u00e9s commerciales en coh\u00e9rence avec le projet du mus\u00e9e.<\/p>\n\n\n\n<p>Le restaurant dispose d&rsquo;une <strong>surface de 320m\u00b2, d&rsquo;une terrasse de 110m\u00b2<\/strong> agr\u00e9ment\u00e9e de plusieurs \u0153uvres des collections du mus\u00e9e.<\/p>\n\n\n\n<div class=\"wp-block-buttons is-content-justification-center is-layout-flex wp-container-core-buttons-is-layout-1 wp-block-buttons-is-layout-flex\">\n<div class=\"wp-block-button\"><a class=\"wp-block-button__link\" href=\"https:\/\/www.macval.fr\/Restaurant-80\" target=\"_blank\" rel=\"noreferrer noopener\">En savoir plus sur l&rsquo;appel \u00e0 projet<\/a><\/div>\n<\/div>\n\n\n\n<p class=\"has-text-align-center\"><em>Pour les diverses candidatures, la <strong>date limite de d\u00e9p\u00f4t est le lundi 16 mai \u00e0 16h<\/strong>.<\/em><\/p>\n\n\n\n<p>Le Mus\u00e9e d\u2019Art Contemporain du Val-de-Marne, MAC VAL, est le <strong>premier mus\u00e9e d\u2019art contemporain implant\u00e9 en banlieue parisienne<\/strong>, \u00e0 Vitry-sur-Seine (94). C&rsquo;est un <strong>lieu culturel incontournable<\/strong> du Val-de-Marne et de la r\u00e9gion parisienne.<\/p>\n\n\n\n<figure class=\"wp-block-image size-large\"><a href=\"https:\/\/www.tourisme-valdemarne.com\/espace-pro\/wp-content\/uploads\/sites\/3\/wpetourisme\/MACVAL-2-3.jpg\"><img width=\"1200\" height=\"803\" data-src=\"https:\/\/www.tourisme-valdemarne.com\/espace-pro\/wp-content\/uploads\/sites\/3\/wpetourisme\/MACVAL-2-3-1200x803.jpg\" alt=\"jardin mac val\" class=\"wp-image-7273\" srcset=\"https:\/\/www.tourisme-valdemarne.com\/espace-pro\/wp-content\/uploads\/sites\/3\/wpetourisme\/MACVAL-2-3-1200x803.jpg 1200w, https:\/\/www.tourisme-valdemarne.com\/espace-pro\/wp-content\/uploads\/sites\/3\/wpetourisme\/MACVAL-2-3-600x402.jpg 600w, https:\/\/www.tourisme-valdemarne.com\/espace-pro\/wp-content\/uploads\/sites\/3\/wpetourisme\/MACVAL-2-3-900x602.jpg 900w, https:\/\/www.tourisme-valdemarne.com\/espace-pro\/wp-content\/uploads\/sites\/3\/wpetourisme\/MACVAL-2-3-380x254.jpg 380w, https:\/\/www.tourisme-valdemarne.com\/espace-pro\/wp-content\/uploads\/sites\/3\/wpetourisme\/MACVAL-2-3-200x134.jpg 200w, https:\/\/www.tourisme-valdemarne.com\/espace-pro\/wp-content\/uploads\/sites\/3\/wpetourisme\/MACVAL-2-3.jpg 1600w\" sizes=\"(max-width: 1200px) 100vw, 1200px\" \/><\/a><figcaption>Statue de Jean Dubuffet devant le mus\u00e9e MAC VAL de Vitry-sur-Seine \u00a9 CDT94 \/ Daniel Thierry<\/figcaption><\/figure>\n\n\n\n<p>Avec <strong>plus de 2000 \u0153uvres<\/strong>, le mus\u00e9e attire de nombreux visiteurs tout au long de l&rsquo;ann\u00e9e. Des expositions temporaires mettent en lumi\u00e8re divers artistes en plus des collections pr\u00e9sentes \u00e0 l&rsquo;ann\u00e9e. <\/p>\n\n\n\n<p>Le mus\u00e9e est \u00e9galement dot\u00e9 d&rsquo;un <strong>grand jardin de 10 000 m\u00b2<\/strong>, lui aussi agr\u00e9ment\u00e9 de diff\u00e9rentes \u0153uvres d&rsquo;art.<\/p>\n\n\n\n<p class=\"is-style-highlight\">D\u00e9couvrez le reste de l&rsquo;<a href=\"https:\/\/www.tourisme-valdemarne.com\/espace-pro\/actualites\/\" target=\"_blank\" rel=\"noreferrer noopener\">actualit\u00e9 des professionnels du tourisme en Val-de-Marne<\/a>.<\/p>\n","protected":false},"excerpt":{"rendered":"<p>Le MAC VAL de Vitry-sur-Seine cherche un repreneur pour le restaurant du mus\u00e9e.Date limite du d\u00e9p\u00f4t de dossier de candidature : le 16 mai 2022, \u00e0 16h. L&rsquo;exploitation du restaurant du MAC VAL passe par une offre de restauration, bar, salon de th\u00e9, traiteur qui pourrait \u00eatre \u00e9largie \u00e0 un espace librairie ou autres activit\u00e9s [&hellip;]<\/p>\n","protected":false},"author":8,"featured_media":3028,"parent":6164,"menu_order":169,"comment_status":"closed","ping_status":"closed","template":"","meta":{"_relevanssi_hide_post":"","_relevanssi_hide_content":"","_relevanssi_pin_for_all":"","_relevanssi_pin_keywords":"","_relevanssi_unpin_keywords":"","_relevanssi_related_keywords":"","_relevanssi_related_include_ids":"","_relevanssi_related_exclude_ids":"","_relevanssi_related_no_append":"","_relevanssi_related_not_related":"","_relevanssi_related_posts":"8105,8084,8101,8095,442,8074","_relevanssi_noindex_reason":"","footnotes":""},"vdmTagMarketing":[],"class_list":["post-12403","page","type-page","status-publish","has-post-thumbnail","hentry"],"acf":[],"yoast_head":"<!-- This site is optimized with the Yoast SEO plugin v23.9 - https:\/\/yoast.com\/wordpress\/plugins\/seo\/ -->\n<title>Appel \u00e0 projet pour l&#039;exploitation du restaurant du MAC VAL - Espace Pro<\/title>\n<meta name=\"description\" content=\"Le MAC VAL de Vitry-sur-Seine cherche un repreneur pour le restaurant du mus\u00e9e. Date limite du d\u00e9p\u00f4t de dossier de candidature, le 16 mai !\" \/>\n<meta name=\"robots\" content=\"index, follow, max-snippet:-1, max-image-preview:large, max-video-preview:-1\" \/>\n<link rel=\"canonical\" href=\"https:\/\/www.tourisme-valdemarne.com\/espace-pro\/actualites\/appel-a-projet-pour-lexploitation-du-restaurant-du-mac-val\/\" \/>\n<meta property=\"og:locale\" content=\"fr_FR\" \/>\n<meta property=\"og:type\" content=\"article\" \/>\n<meta property=\"og:title\" content=\"Appel \u00e0 projet pour l&#039;exploitation du restaurant du MAC VAL - Espace Pro\" \/>\n<meta property=\"og:description\" content=\"Le MAC VAL de Vitry-sur-Seine cherche un repreneur pour le restaurant du mus\u00e9e. Date limite du d\u00e9p\u00f4t de dossier de candidature, le 16 mai !\" \/>\n<meta property=\"og:url\" content=\"https:\/\/www.tourisme-valdemarne.com\/espace-pro\/actualites\/appel-a-projet-pour-lexploitation-du-restaurant-du-mac-val\/\" \/>\n<meta property=\"og:site_name\" content=\"Espace Pro\" \/>\n<meta property=\"article:modified_time\" content=\"2022-05-24T08:06:42+00:00\" \/>\n<meta property=\"og:image\" content=\"https:\/\/www.tourisme-valdemarne.com\/espace-pro\/wp-content\/uploads\/sites\/3\/2019\/05\/facade-mac-val-vitry-sur-seine-cp-cdt94-d-thierry.jpg\" \/>\n\t<meta property=\"og:image:width\" content=\"1600\" \/>\n\t<meta property=\"og:image:height\" content=\"1071\" \/>\n\t<meta property=\"og:image:type\" content=\"image\/jpeg\" \/>\n<meta name=\"twitter:card\" content=\"summary_large_image\" \/>\n<meta name=\"twitter:label1\" content=\"Dur\u00e9e de lecture estim\u00e9e\" \/>\n\t<meta name=\"twitter:data1\" content=\"2 minutes\" \/>\n<script type=\"application\/ld+json\" class=\"yoast-schema-graph\">{\"@context\":\"https:\/\/schema.org\",\"@graph\":[{\"@type\":\"WebPage\",\"@id\":\"https:\/\/www.tourisme-valdemarne.com\/espace-pro\/actualites\/appel-a-projet-pour-lexploitation-du-restaurant-du-mac-val\/\",\"url\":\"https:\/\/www.tourisme-valdemarne.com\/espace-pro\/actualites\/appel-a-projet-pour-lexploitation-du-restaurant-du-mac-val\/\",\"name\":\"Appel \u00e0 projet pour l'exploitation du restaurant du MAC VAL - Espace Pro\",\"isPartOf\":{\"@id\":\"https:\/\/www.tourisme-valdemarne.com\/espace-pro\/#website\"},\"primaryImageOfPage\":{\"@id\":\"https:\/\/www.tourisme-valdemarne.com\/espace-pro\/actualites\/appel-a-projet-pour-lexploitation-du-restaurant-du-mac-val\/#primaryimage\"},\"image\":{\"@id\":\"https:\/\/www.tourisme-valdemarne.com\/espace-pro\/actualites\/appel-a-projet-pour-lexploitation-du-restaurant-du-mac-val\/#primaryimage\"},\"thumbnailUrl\":\"https:\/\/www.tourisme-valdemarne.com\/espace-pro\/wp-content\/uploads\/sites\/3\/2019\/05\/facade-mac-val-vitry-sur-seine-cp-cdt94-d-thierry.jpg\",\"datePublished\":\"2022-04-19T08:48:09+00:00\",\"dateModified\":\"2022-05-24T08:06:42+00:00\",\"description\":\"Le MAC VAL de Vitry-sur-Seine cherche un repreneur pour le restaurant du mus\u00e9e. Date limite du d\u00e9p\u00f4t de dossier de candidature, le 16 mai !\",\"breadcrumb\":{\"@id\":\"https:\/\/www.tourisme-valdemarne.com\/espace-pro\/actualites\/appel-a-projet-pour-lexploitation-du-restaurant-du-mac-val\/#breadcrumb\"},\"inLanguage\":\"fr-FR\",\"potentialAction\":[{\"@type\":\"ReadAction\",\"target\":[\"https:\/\/www.tourisme-valdemarne.com\/espace-pro\/actualites\/appel-a-projet-pour-lexploitation-du-restaurant-du-mac-val\/\"]}]},{\"@type\":\"ImageObject\",\"inLanguage\":\"fr-FR\",\"@id\":\"https:\/\/www.tourisme-valdemarne.com\/espace-pro\/actualites\/appel-a-projet-pour-lexploitation-du-restaurant-du-mac-val\/#primaryimage\",\"url\":\"https:\/\/www.tourisme-valdemarne.com\/espace-pro\/wp-content\/uploads\/sites\/3\/2019\/05\/facade-mac-val-vitry-sur-seine-cp-cdt94-d-thierry.jpg\",\"contentUrl\":\"https:\/\/www.tourisme-valdemarne.com\/espace-pro\/wp-content\/uploads\/sites\/3\/2019\/05\/facade-mac-val-vitry-sur-seine-cp-cdt94-d-thierry.jpg\",\"width\":1600,\"height\":1071,\"caption\":\"Fa\u00e7ade du MAC VAL \u00a9 CDT94\/D.Thierry\"},{\"@type\":\"BreadcrumbList\",\"@id\":\"https:\/\/www.tourisme-valdemarne.com\/espace-pro\/actualites\/appel-a-projet-pour-lexploitation-du-restaurant-du-mac-val\/#breadcrumb\",\"itemListElement\":[{\"@type\":\"ListItem\",\"position\":1,\"name\":\"Accueil\",\"item\":\"https:\/\/www.tourisme-valdemarne.com\/espace-pro\/\"},{\"@type\":\"ListItem\",\"position\":2,\"name\":\"Actualit\u00e9s de l&rsquo;espace pro\",\"item\":\"https:\/\/www.tourisme-valdemarne.com\/espace-pro\/actualites\/\"},{\"@type\":\"ListItem\",\"position\":3,\"name\":\"Appel \u00e0 projet pour l&rsquo;exploitation du restaurant du MAC VAL\"}]},{\"@type\":\"WebSite\",\"@id\":\"https:\/\/www.tourisme-valdemarne.com\/espace-pro\/#website\",\"url\":\"https:\/\/www.tourisme-valdemarne.com\/espace-pro\/\",\"name\":\"Espace Pro\",\"description\":\"Informations et outils pour les professionnels et la Presse\",\"potentialAction\":[{\"@type\":\"SearchAction\",\"target\":{\"@type\":\"EntryPoint\",\"urlTemplate\":\"https:\/\/www.tourisme-valdemarne.com\/espace-pro\/?s={search_term_string}\"},\"query-input\":{\"@type\":\"PropertyValueSpecification\",\"valueRequired\":true,\"valueName\":\"search_term_string\"}}],\"inLanguage\":\"fr-FR\"}]}<\/script>\n<!-- \/ Yoast SEO plugin. -->","yoast_head_json":{"title":"Appel \u00e0 projet pour l'exploitation du restaurant du MAC VAL - Espace Pro","description":"Le MAC VAL de Vitry-sur-Seine cherche un repreneur pour le restaurant du mus\u00e9e. Date limite du d\u00e9p\u00f4t de dossier de candidature, le 16 mai !","robots":{"index":"index","follow":"follow","max-snippet":"max-snippet:-1","max-image-preview":"max-image-preview:large","max-video-preview":"max-video-preview:-1"},"canonical":"https:\/\/www.tourisme-valdemarne.com\/espace-pro\/actualites\/appel-a-projet-pour-lexploitation-du-restaurant-du-mac-val\/","og_locale":"fr_FR","og_type":"article","og_title":"Appel \u00e0 projet pour l'exploitation du restaurant du MAC VAL - Espace Pro","og_description":"Le MAC VAL de Vitry-sur-Seine cherche un repreneur pour le restaurant du mus\u00e9e. Date limite du d\u00e9p\u00f4t de dossier de candidature, le 16 mai !","og_url":"https:\/\/www.tourisme-valdemarne.com\/espace-pro\/actualites\/appel-a-projet-pour-lexploitation-du-restaurant-du-mac-val\/","og_site_name":"Espace Pro","article_modified_time":"2022-05-24T08:06:42+00:00","og_image":[{"width":1600,"height":1071,"url":"https:\/\/www.tourisme-valdemarne.com\/espace-pro\/wp-content\/uploads\/sites\/3\/2019\/05\/facade-mac-val-vitry-sur-seine-cp-cdt94-d-thierry.jpg","type":"image\/jpeg"}],"twitter_card":"summary_large_image","twitter_misc":{"Dur\u00e9e de lecture estim\u00e9e":"2 minutes"},"schema":{"@context":"https:\/\/schema.org","@graph":[{"@type":"WebPage","@id":"https:\/\/www.tourisme-valdemarne.com\/espace-pro\/actualites\/appel-a-projet-pour-lexploitation-du-restaurant-du-mac-val\/","url":"https:\/\/www.tourisme-valdemarne.com\/espace-pro\/actualites\/appel-a-projet-pour-lexploitation-du-restaurant-du-mac-val\/","name":"Appel \u00e0 projet pour l'exploitation du restaurant du MAC VAL - Espace Pro","isPartOf":{"@id":"https:\/\/www.tourisme-valdemarne.com\/espace-pro\/#website"},"primaryImageOfPage":{"@id":"https:\/\/www.tourisme-valdemarne.com\/espace-pro\/actualites\/appel-a-projet-pour-lexploitation-du-restaurant-du-mac-val\/#primaryimage"},"image":{"@id":"https:\/\/www.tourisme-valdemarne.com\/espace-pro\/actualites\/appel-a-projet-pour-lexploitation-du-restaurant-du-mac-val\/#primaryimage"},"thumbnailUrl":"https:\/\/www.tourisme-valdemarne.com\/espace-pro\/wp-content\/uploads\/sites\/3\/2019\/05\/facade-mac-val-vitry-sur-seine-cp-cdt94-d-thierry.jpg","datePublished":"2022-04-19T08:48:09+00:00","dateModified":"2022-05-24T08:06:42+00:00","description":"Le MAC VAL de Vitry-sur-Seine cherche un repreneur pour le restaurant du mus\u00e9e. Date limite du d\u00e9p\u00f4t de dossier de candidature, le 16 mai !","breadcrumb":{"@id":"https:\/\/www.tourisme-valdemarne.com\/espace-pro\/actualites\/appel-a-projet-pour-lexploitation-du-restaurant-du-mac-val\/#breadcrumb"},"inLanguage":"fr-FR","potentialAction":[{"@type":"ReadAction","target":["https:\/\/www.tourisme-valdemarne.com\/espace-pro\/actualites\/appel-a-projet-pour-lexploitation-du-restaurant-du-mac-val\/"]}]},{"@type":"ImageObject","inLanguage":"fr-FR","@id":"https:\/\/www.tourisme-valdemarne.com\/espace-pro\/actualites\/appel-a-projet-pour-lexploitation-du-restaurant-du-mac-val\/#primaryimage","url":"https:\/\/www.tourisme-valdemarne.com\/espace-pro\/wp-content\/uploads\/sites\/3\/2019\/05\/facade-mac-val-vitry-sur-seine-cp-cdt94-d-thierry.jpg","contentUrl":"https:\/\/www.tourisme-valdemarne.com\/espace-pro\/wp-content\/uploads\/sites\/3\/2019\/05\/facade-mac-val-vitry-sur-seine-cp-cdt94-d-thierry.jpg","width":1600,"height":1071,"caption":"Fa\u00e7ade du MAC VAL \u00a9 CDT94\/D.Thierry"},{"@type":"BreadcrumbList","@id":"https:\/\/www.tourisme-valdemarne.com\/espace-pro\/actualites\/appel-a-projet-pour-lexploitation-du-restaurant-du-mac-val\/#breadcrumb","itemListElement":[{"@type":"ListItem","position":1,"name":"Accueil","item":"https:\/\/www.tourisme-valdemarne.com\/espace-pro\/"},{"@type":"ListItem","position":2,"name":"Actualit\u00e9s de l&rsquo;espace pro","item":"https:\/\/www.tourisme-valdemarne.com\/espace-pro\/actualites\/"},{"@type":"ListItem","position":3,"name":"Appel \u00e0 projet pour l&rsquo;exploitation du restaurant du MAC VAL"}]},{"@type":"WebSite","@id":"https:\/\/www.tourisme-valdemarne.com\/espace-pro\/#website","url":"https:\/\/www.tourisme-valdemarne.com\/espace-pro\/","name":"Espace Pro","description":"Informations et outils pour les professionnels et la Presse","potentialAction":[{"@type":"SearchAction","target":{"@type":"EntryPoint","urlTemplate":"https:\/\/www.tourisme-valdemarne.com\/espace-pro\/?s={search_term_string}"},"query-input":{"@type":"PropertyValueSpecification","valueRequired":true,"valueName":"search_term_string"}}],"inLanguage":"fr-FR"}]}},"_links":{"self":[{"href":"https:\/\/www.tourisme-valdemarne.com\/espace-pro\/wp-json\/wp\/v2\/pages\/12403","targetHints":{"allow":["GET"]}}],"collection":[{"href":"https:\/\/www.tourisme-valdemarne.com\/espace-pro\/wp-json\/wp\/v2\/pages"}],"about":[{"href":"https:\/\/www.tourisme-valdemarne.com\/espace-pro\/wp-json\/wp\/v2\/types\/page"}],"author":[{"embeddable":true,"href":"https:\/\/www.tourisme-valdemarne.com\/espace-pro\/wp-json\/wp\/v2\/users\/8"}],"replies":[{"embeddable":true,"href":"https:\/\/www.tourisme-valdemarne.com\/espace-pro\/wp-json\/wp\/v2\/comments?post=12403"}],"version-history":[{"count":5,"href":"https:\/\/www.tourisme-valdemarne.com\/espace-pro\/wp-json\/wp\/v2\/pages\/12403\/revisions"}],"predecessor-version":[{"id":12481,"href":"https:\/\/www.tourisme-valdemarne.com\/espace-pro\/wp-json\/wp\/v2\/pages\/12403\/revisions\/12481"}],"up":[{"embeddable":true,"href":"https:\/\/www.tourisme-valdemarne.com\/espace-pro\/wp-json\/wp\/v2\/pages\/6164"}],"wp:featuredmedia":[{"embeddable":true,"href":"https:\/\/www.tourisme-valdemarne.com\/espace-pro\/wp-json\/wp\/v2\/media\/3028"}],"wp:attachment":[{"href":"https:\/\/www.tourisme-valdemarne.com\/espace-pro\/wp-json\/wp\/v2\/media?parent=12403"}],"wp:term":[{"taxonomy":"vdmTagMarketing","embeddable":true,"href":"https:\/\/www.tourisme-valdemarne.com\/espace-pro\/wp-json\/wp\/v2\/vdmTagMarketing?post=12403"}],"curies":[{"name":"wp","href":"https:\/\/api.w.org\/{rel}","templated":true}]}}