{"id":12238,"date":"2022-03-24T10:36:13","date_gmt":"2022-03-24T09:36:13","guid":{"rendered":"https:\/\/www.tourisme-valdemarne.com\/espace-pro\/?page_id=12238"},"modified":"2022-03-24T10:37:03","modified_gmt":"2022-03-24T09:37:03","slug":"le-nouveau-bilan-touristique-pour-lannee-2021-est-en-ligne","status":"publish","type":"page","link":"https:\/\/www.tourisme-valdemarne.com\/espace-pro\/actualites\/le-nouveau-bilan-touristique-pour-lannee-2021-est-en-ligne\/","title":{"rendered":"Le nouveau bilan touristique pour l&rsquo;ann\u00e9e 2021 est en ligne"},"content":{"rendered":"\n<p class=\"is-style-excerpt\">Val-de-Marne Tourisme Tourisme publie son nouveau bilan touristique concernant l&rsquo;ann\u00e9e 2021. Publi\u00e9 dans l&rsquo;observatoire du tourisme, d\u00e9couvrez toutes les donn\u00e9es li\u00e9es au tourisme dans le d\u00e9partement pour l&rsquo;ann\u00e9e 2021.<\/p>\n\n\n\n<p>L&rsquo;ann\u00e9e 2021 subit encore les <strong>cons\u00e9quences de la pand\u00e9mie de Covid-19 et les chiffres sur le tourisme sont forc\u00e9ment impact\u00e9s<\/strong>.<\/p>\n\n\n\n<p>En d\u00e9tails, parcourez les donn\u00e9es sur la <strong>fr\u00e9quentation h\u00f4teli\u00e8re<\/strong>, mais aussi <strong>des sites et \u00e9v\u00e9nements<\/strong> dans le d\u00e9partement, ainsi que les <strong>chiffres du trafic a\u00e9rien<\/strong>.<\/p>\n\n\n\n<div class=\"wp-block-buttons aligncenter is-layout-flex wp-block-buttons-is-layout-flex\">\n<div class=\"wp-block-button\"><a class=\"wp-block-button__link\" href=\"https:\/\/www.tourisme-valdemarne.com\/espace-pro\/observatoire-du-tourisme\/bilan-de-lactivite-touristique-en-2021\/\" target=\"_blank\" rel=\"noreferrer noopener\">D\u00e9couvrez l&rsquo;int\u00e9gralit\u00e9 du bilan touristique 2021<\/a><\/div>\n<\/div>\n\n\n\n<figure class=\"wp-block-image size-large\"><a href=\"https:\/\/www.tourisme-valdemarne.com\/espace-pro\/wp-content\/uploads\/sites\/3\/2022\/03\/rando-seine-2021.jpg\"><img width=\"1200\" height=\"800\" data-src=\"https:\/\/www.tourisme-valdemarne.com\/espace-pro\/wp-content\/uploads\/sites\/3\/2022\/03\/rando-seine-2021-1200x800.jpg\" alt=\"grande randonnee seine\" class=\"wp-image-12219\" srcset=\"https:\/\/www.tourisme-valdemarne.com\/espace-pro\/wp-content\/uploads\/sites\/3\/2022\/03\/rando-seine-2021-1200x800.jpg 1200w, https:\/\/www.tourisme-valdemarne.com\/espace-pro\/wp-content\/uploads\/sites\/3\/2022\/03\/rando-seine-2021-600x400.jpg 600w, https:\/\/www.tourisme-valdemarne.com\/espace-pro\/wp-content\/uploads\/sites\/3\/2022\/03\/rando-seine-2021-900x600.jpg 900w, https:\/\/www.tourisme-valdemarne.com\/espace-pro\/wp-content\/uploads\/sites\/3\/2022\/03\/rando-seine-2021-1536x1024.jpg 1536w, https:\/\/www.tourisme-valdemarne.com\/espace-pro\/wp-content\/uploads\/sites\/3\/2022\/03\/rando-seine-2021-380x253.jpg 380w, https:\/\/www.tourisme-valdemarne.com\/espace-pro\/wp-content\/uploads\/sites\/3\/2022\/03\/rando-seine-2021-200x133.jpg 200w, https:\/\/www.tourisme-valdemarne.com\/espace-pro\/wp-content\/uploads\/sites\/3\/2022\/03\/rando-seine-2021.jpg 1600w\" sizes=\"(max-width: 1200px) 100vw, 1200px\" \/><\/a><figcaption>Grande randonn\u00e9e sur la Seine \u00a9 CDT94 \/ A. Laurin<\/figcaption><\/figure>\n\n\n\n<p class=\"is-style-highlight\">D\u00e9couvrez le reste de <a href=\"https:\/\/www.tourisme-valdemarne.com\/espace-pro\/actualites\/\" target=\"_blank\" rel=\"noreferrer noopener\">l\u2019actualit\u00e9 des professionnels du tourisme en Val-de-Marne<\/a>.<\/p>\n","protected":false},"excerpt":{"rendered":"<p>Val-de-Marne Tourisme Tourisme publie son nouveau bilan touristique concernant l&rsquo;ann\u00e9e 2021. Publi\u00e9 dans l&rsquo;observatoire du tourisme, d\u00e9couvrez toutes les donn\u00e9es li\u00e9es au tourisme dans le d\u00e9partement pour l&rsquo;ann\u00e9e 2021. L&rsquo;ann\u00e9e 2021 subit encore les cons\u00e9quences de la pand\u00e9mie de Covid-19 et les chiffres sur le tourisme sont forc\u00e9ment impact\u00e9s. En d\u00e9tails, parcourez les donn\u00e9es sur [&hellip;]<\/p>\n","protected":false},"author":8,"featured_media":12239,"parent":6164,"menu_order":170,"comment_status":"closed","ping_status":"closed","template":"","meta":{"_relevanssi_hide_post":"","_relevanssi_hide_content":"","_relevanssi_pin_for_all":"","_relevanssi_pin_keywords":"","_relevanssi_unpin_keywords":"","_relevanssi_related_keywords":"","_relevanssi_related_include_ids":"","_relevanssi_related_exclude_ids":"","_relevanssi_related_no_append":"","_relevanssi_related_not_related":"","_relevanssi_related_posts":"8101,8108,444,442,2751,8104","_relevanssi_noindex_reason":"","footnotes":""},"vdmTagMarketing":[],"class_list":["post-12238","page","type-page","status-publish","has-post-thumbnail","hentry"],"acf":[],"yoast_head":"<!-- This site is optimized with the Yoast SEO plugin v23.9 - https:\/\/yoast.com\/wordpress\/plugins\/seo\/ -->\n<title>Le nouveau bilan touristique pour l&#039;ann\u00e9e 2021 est en ligne - Espace Pro<\/title>\n<meta name=\"robots\" content=\"index, follow, max-snippet:-1, max-image-preview:large, max-video-preview:-1\" \/>\n<link rel=\"canonical\" href=\"https:\/\/www.tourisme-valdemarne.com\/espace-pro\/actualites\/le-nouveau-bilan-touristique-pour-lannee-2021-est-en-ligne\/\" \/>\n<meta property=\"og:locale\" content=\"fr_FR\" \/>\n<meta property=\"og:type\" content=\"article\" \/>\n<meta property=\"og:title\" content=\"Le nouveau bilan touristique pour l&#039;ann\u00e9e 2021 est en ligne - Espace Pro\" \/>\n<meta property=\"og:description\" content=\"Val-de-Marne Tourisme Tourisme publie son nouveau bilan touristique concernant l&rsquo;ann\u00e9e 2021. Publi\u00e9 dans l&rsquo;observatoire du tourisme, d\u00e9couvrez toutes les donn\u00e9es li\u00e9es au tourisme dans le d\u00e9partement pour l&rsquo;ann\u00e9e 2021. L&rsquo;ann\u00e9e 2021 subit encore les cons\u00e9quences de la pand\u00e9mie de Covid-19 et les chiffres sur le tourisme sont forc\u00e9ment impact\u00e9s. En d\u00e9tails, parcourez les donn\u00e9es sur [&hellip;]\" \/>\n<meta property=\"og:url\" content=\"https:\/\/www.tourisme-valdemarne.com\/espace-pro\/actualites\/le-nouveau-bilan-touristique-pour-lannee-2021-est-en-ligne\/\" \/>\n<meta property=\"og:site_name\" content=\"Espace Pro\" \/>\n<meta property=\"article:modified_time\" content=\"2022-03-24T09:37:03+00:00\" \/>\n<meta property=\"og:image\" content=\"https:\/\/www.tourisme-valdemarne.com\/espace-pro\/wp-content\/uploads\/sites\/3\/2022\/03\/parc-sports-choisy-accrobranche.jpg\" \/>\n\t<meta property=\"og:image:width\" content=\"1600\" \/>\n\t<meta property=\"og:image:height\" content=\"1067\" \/>\n\t<meta property=\"og:image:type\" content=\"image\/jpeg\" \/>\n<meta name=\"twitter:card\" content=\"summary_large_image\" \/>\n<meta name=\"twitter:label1\" content=\"Dur\u00e9e de lecture estim\u00e9e\" \/>\n\t<meta name=\"twitter:data1\" content=\"1 minute\" \/>\n<script type=\"application\/ld+json\" class=\"yoast-schema-graph\">{\"@context\":\"https:\/\/schema.org\",\"@graph\":[{\"@type\":\"WebPage\",\"@id\":\"https:\/\/www.tourisme-valdemarne.com\/espace-pro\/actualites\/le-nouveau-bilan-touristique-pour-lannee-2021-est-en-ligne\/\",\"url\":\"https:\/\/www.tourisme-valdemarne.com\/espace-pro\/actualites\/le-nouveau-bilan-touristique-pour-lannee-2021-est-en-ligne\/\",\"name\":\"Le nouveau bilan touristique pour l'ann\u00e9e 2021 est en ligne - Espace Pro\",\"isPartOf\":{\"@id\":\"https:\/\/www.tourisme-valdemarne.com\/espace-pro\/#website\"},\"primaryImageOfPage\":{\"@id\":\"https:\/\/www.tourisme-valdemarne.com\/espace-pro\/actualites\/le-nouveau-bilan-touristique-pour-lannee-2021-est-en-ligne\/#primaryimage\"},\"image\":{\"@id\":\"https:\/\/www.tourisme-valdemarne.com\/espace-pro\/actualites\/le-nouveau-bilan-touristique-pour-lannee-2021-est-en-ligne\/#primaryimage\"},\"thumbnailUrl\":\"https:\/\/www.tourisme-valdemarne.com\/espace-pro\/wp-content\/uploads\/sites\/3\/2022\/03\/parc-sports-choisy-accrobranche.jpg\",\"datePublished\":\"2022-03-24T09:36:13+00:00\",\"dateModified\":\"2022-03-24T09:37:03+00:00\",\"breadcrumb\":{\"@id\":\"https:\/\/www.tourisme-valdemarne.com\/espace-pro\/actualites\/le-nouveau-bilan-touristique-pour-lannee-2021-est-en-ligne\/#breadcrumb\"},\"inLanguage\":\"fr-FR\",\"potentialAction\":[{\"@type\":\"ReadAction\",\"target\":[\"https:\/\/www.tourisme-valdemarne.com\/espace-pro\/actualites\/le-nouveau-bilan-touristique-pour-lannee-2021-est-en-ligne\/\"]}]},{\"@type\":\"ImageObject\",\"inLanguage\":\"fr-FR\",\"@id\":\"https:\/\/www.tourisme-valdemarne.com\/espace-pro\/actualites\/le-nouveau-bilan-touristique-pour-lannee-2021-est-en-ligne\/#primaryimage\",\"url\":\"https:\/\/www.tourisme-valdemarne.com\/espace-pro\/wp-content\/uploads\/sites\/3\/2022\/03\/parc-sports-choisy-accrobranche.jpg\",\"contentUrl\":\"https:\/\/www.tourisme-valdemarne.com\/espace-pro\/wp-content\/uploads\/sites\/3\/2022\/03\/parc-sports-choisy-accrobranche.jpg\",\"width\":1600,\"height\":1067,\"caption\":\"accrobranche parc des sports choisy\"},{\"@type\":\"BreadcrumbList\",\"@id\":\"https:\/\/www.tourisme-valdemarne.com\/espace-pro\/actualites\/le-nouveau-bilan-touristique-pour-lannee-2021-est-en-ligne\/#breadcrumb\",\"itemListElement\":[{\"@type\":\"ListItem\",\"position\":1,\"name\":\"Accueil\",\"item\":\"https:\/\/www.tourisme-valdemarne.com\/espace-pro\/\"},{\"@type\":\"ListItem\",\"position\":2,\"name\":\"Actualit\u00e9s de l&rsquo;espace pro\",\"item\":\"https:\/\/www.tourisme-valdemarne.com\/espace-pro\/actualites\/\"},{\"@type\":\"ListItem\",\"position\":3,\"name\":\"Le nouveau bilan touristique pour l&rsquo;ann\u00e9e 2021 est en ligne\"}]},{\"@type\":\"WebSite\",\"@id\":\"https:\/\/www.tourisme-valdemarne.com\/espace-pro\/#website\",\"url\":\"https:\/\/www.tourisme-valdemarne.com\/espace-pro\/\",\"name\":\"Espace Pro\",\"description\":\"Informations et outils pour les professionnels et la Presse\",\"potentialAction\":[{\"@type\":\"SearchAction\",\"target\":{\"@type\":\"EntryPoint\",\"urlTemplate\":\"https:\/\/www.tourisme-valdemarne.com\/espace-pro\/?s={search_term_string}\"},\"query-input\":{\"@type\":\"PropertyValueSpecification\",\"valueRequired\":true,\"valueName\":\"search_term_string\"}}],\"inLanguage\":\"fr-FR\"}]}<\/script>\n<!-- \/ Yoast SEO plugin. -->","yoast_head_json":{"title":"Le nouveau bilan touristique pour l'ann\u00e9e 2021 est en ligne - Espace Pro","robots":{"index":"index","follow":"follow","max-snippet":"max-snippet:-1","max-image-preview":"max-image-preview:large","max-video-preview":"max-video-preview:-1"},"canonical":"https:\/\/www.tourisme-valdemarne.com\/espace-pro\/actualites\/le-nouveau-bilan-touristique-pour-lannee-2021-est-en-ligne\/","og_locale":"fr_FR","og_type":"article","og_title":"Le nouveau bilan touristique pour l'ann\u00e9e 2021 est en ligne - Espace Pro","og_description":"Val-de-Marne Tourisme Tourisme publie son nouveau bilan touristique concernant l&rsquo;ann\u00e9e 2021. Publi\u00e9 dans l&rsquo;observatoire du tourisme, d\u00e9couvrez toutes les donn\u00e9es li\u00e9es au tourisme dans le d\u00e9partement pour l&rsquo;ann\u00e9e 2021. L&rsquo;ann\u00e9e 2021 subit encore les cons\u00e9quences de la pand\u00e9mie de Covid-19 et les chiffres sur le tourisme sont forc\u00e9ment impact\u00e9s. En d\u00e9tails, parcourez les donn\u00e9es sur [&hellip;]","og_url":"https:\/\/www.tourisme-valdemarne.com\/espace-pro\/actualites\/le-nouveau-bilan-touristique-pour-lannee-2021-est-en-ligne\/","og_site_name":"Espace Pro","article_modified_time":"2022-03-24T09:37:03+00:00","og_image":[{"width":1600,"height":1067,"url":"https:\/\/www.tourisme-valdemarne.com\/espace-pro\/wp-content\/uploads\/sites\/3\/2022\/03\/parc-sports-choisy-accrobranche.jpg","type":"image\/jpeg"}],"twitter_card":"summary_large_image","twitter_misc":{"Dur\u00e9e de lecture estim\u00e9e":"1 minute"},"schema":{"@context":"https:\/\/schema.org","@graph":[{"@type":"WebPage","@id":"https:\/\/www.tourisme-valdemarne.com\/espace-pro\/actualites\/le-nouveau-bilan-touristique-pour-lannee-2021-est-en-ligne\/","url":"https:\/\/www.tourisme-valdemarne.com\/espace-pro\/actualites\/le-nouveau-bilan-touristique-pour-lannee-2021-est-en-ligne\/","name":"Le nouveau bilan touristique pour l'ann\u00e9e 2021 est en ligne - Espace Pro","isPartOf":{"@id":"https:\/\/www.tourisme-valdemarne.com\/espace-pro\/#website"},"primaryImageOfPage":{"@id":"https:\/\/www.tourisme-valdemarne.com\/espace-pro\/actualites\/le-nouveau-bilan-touristique-pour-lannee-2021-est-en-ligne\/#primaryimage"},"image":{"@id":"https:\/\/www.tourisme-valdemarne.com\/espace-pro\/actualites\/le-nouveau-bilan-touristique-pour-lannee-2021-est-en-ligne\/#primaryimage"},"thumbnailUrl":"https:\/\/www.tourisme-valdemarne.com\/espace-pro\/wp-content\/uploads\/sites\/3\/2022\/03\/parc-sports-choisy-accrobranche.jpg","datePublished":"2022-03-24T09:36:13+00:00","dateModified":"2022-03-24T09:37:03+00:00","breadcrumb":{"@id":"https:\/\/www.tourisme-valdemarne.com\/espace-pro\/actualites\/le-nouveau-bilan-touristique-pour-lannee-2021-est-en-ligne\/#breadcrumb"},"inLanguage":"fr-FR","potentialAction":[{"@type":"ReadAction","target":["https:\/\/www.tourisme-valdemarne.com\/espace-pro\/actualites\/le-nouveau-bilan-touristique-pour-lannee-2021-est-en-ligne\/"]}]},{"@type":"ImageObject","inLanguage":"fr-FR","@id":"https:\/\/www.tourisme-valdemarne.com\/espace-pro\/actualites\/le-nouveau-bilan-touristique-pour-lannee-2021-est-en-ligne\/#primaryimage","url":"https:\/\/www.tourisme-valdemarne.com\/espace-pro\/wp-content\/uploads\/sites\/3\/2022\/03\/parc-sports-choisy-accrobranche.jpg","contentUrl":"https:\/\/www.tourisme-valdemarne.com\/espace-pro\/wp-content\/uploads\/sites\/3\/2022\/03\/parc-sports-choisy-accrobranche.jpg","width":1600,"height":1067,"caption":"accrobranche parc des sports choisy"},{"@type":"BreadcrumbList","@id":"https:\/\/www.tourisme-valdemarne.com\/espace-pro\/actualites\/le-nouveau-bilan-touristique-pour-lannee-2021-est-en-ligne\/#breadcrumb","itemListElement":[{"@type":"ListItem","position":1,"name":"Accueil","item":"https:\/\/www.tourisme-valdemarne.com\/espace-pro\/"},{"@type":"ListItem","position":2,"name":"Actualit\u00e9s de l&rsquo;espace pro","item":"https:\/\/www.tourisme-valdemarne.com\/espace-pro\/actualites\/"},{"@type":"ListItem","position":3,"name":"Le nouveau bilan touristique pour l&rsquo;ann\u00e9e 2021 est en ligne"}]},{"@type":"WebSite","@id":"https:\/\/www.tourisme-valdemarne.com\/espace-pro\/#website","url":"https:\/\/www.tourisme-valdemarne.com\/espace-pro\/","name":"Espace Pro","description":"Informations et outils pour les professionnels et la Presse","potentialAction":[{"@type":"SearchAction","target":{"@type":"EntryPoint","urlTemplate":"https:\/\/www.tourisme-valdemarne.com\/espace-pro\/?s={search_term_string}"},"query-input":{"@type":"PropertyValueSpecification","valueRequired":true,"valueName":"search_term_string"}}],"inLanguage":"fr-FR"}]}},"_links":{"self":[{"href":"https:\/\/www.tourisme-valdemarne.com\/espace-pro\/wp-json\/wp\/v2\/pages\/12238","targetHints":{"allow":["GET"]}}],"collection":[{"href":"https:\/\/www.tourisme-valdemarne.com\/espace-pro\/wp-json\/wp\/v2\/pages"}],"about":[{"href":"https:\/\/www.tourisme-valdemarne.com\/espace-pro\/wp-json\/wp\/v2\/types\/page"}],"author":[{"embeddable":true,"href":"https:\/\/www.tourisme-valdemarne.com\/espace-pro\/wp-json\/wp\/v2\/users\/8"}],"replies":[{"embeddable":true,"href":"https:\/\/www.tourisme-valdemarne.com\/espace-pro\/wp-json\/wp\/v2\/comments?post=12238"}],"version-history":[{"count":3,"href":"https:\/\/www.tourisme-valdemarne.com\/espace-pro\/wp-json\/wp\/v2\/pages\/12238\/revisions"}],"predecessor-version":[{"id":12242,"href":"https:\/\/www.tourisme-valdemarne.com\/espace-pro\/wp-json\/wp\/v2\/pages\/12238\/revisions\/12242"}],"up":[{"embeddable":true,"href":"https:\/\/www.tourisme-valdemarne.com\/espace-pro\/wp-json\/wp\/v2\/pages\/6164"}],"wp:featuredmedia":[{"embeddable":true,"href":"https:\/\/www.tourisme-valdemarne.com\/espace-pro\/wp-json\/wp\/v2\/media\/12239"}],"wp:attachment":[{"href":"https:\/\/www.tourisme-valdemarne.com\/espace-pro\/wp-json\/wp\/v2\/media?parent=12238"}],"wp:term":[{"taxonomy":"vdmTagMarketing","embeddable":true,"href":"https:\/\/www.tourisme-valdemarne.com\/espace-pro\/wp-json\/wp\/v2\/vdmTagMarketing?post=12238"}],"curies":[{"name":"wp","href":"https:\/\/api.w.org\/{rel}","templated":true}]}}