{"id":12057,"date":"2022-02-25T11:32:06","date_gmt":"2022-02-25T10:32:06","guid":{"rendered":"https:\/\/www.tourisme-valdemarne.com\/espace-pro\/?page_id=12057"},"modified":"2022-03-24T10:37:12","modified_gmt":"2022-03-24T09:37:12","slug":"participez-au-webinaire-tourisme-circulaire-par-ou-commencer","status":"publish","type":"page","link":"https:\/\/www.tourisme-valdemarne.com\/espace-pro\/actualites\/participez-au-webinaire-tourisme-circulaire-par-ou-commencer\/","title":{"rendered":"Participez au webinaire \u00ab\u00a0Tourisme circulaire : par o\u00f9 commencer ?\u00a0\u00bb"},"content":{"rendered":"\n<p class=\"is-style-excerpt\">La M\u00e9tropole du Grand Paris et l&rsquo;organisme Circul&rsquo;R organisent le webinaire \u00ab Tourisme circulaire : par o\u00f9 commencer ? \u00bb.<br>Le webinaire aura lieu le lundi 28 mars, de 16h \u00e0 17h.<\/p>\n\n\n\n<p>Tous les acteurs du tourisme sont invit\u00e9s \u00e0 participer \u00e0 ce webinaire qui permettra de r\u00e9fl\u00e9chir \u00e0 la <strong>mise en \u0153uvre d&rsquo;une offre touristique durable<\/strong>. Au travers de retours d&rsquo;exp\u00e9riences et de t\u00e9moignages, les acteurs du tourisme vont d\u00e9couvrir les b\u00e9n\u00e9fices de la mise en place de l&rsquo;\u00e9conomie circulaire.<\/p>\n\n\n\n<p class=\"has-text-align-center\">Pour <strong>participer au webinaire<\/strong>, <a href=\"https:\/\/www.eventbrite.fr\/e\/billets-tourisme-circulaire-par-ou-commencer-271912105427\" target=\"_blank\" rel=\"noreferrer noopener\">inscrivez-vous d\u00e8s maintenant<\/a>. <\/p>\n\n\n\n<p>Le webinaire <strong>suivra le programme suivant<\/strong> : <\/p>\n\n\n\n<ul class=\"wp-block-list\"><li>Tourisme durable : quelles tendances et applications dans un contexte urbain ?<\/li><li>Tourisme circulaire : de quoi parle-t-on ? Quelles opportunit\u00e9s pour les professionnels du tourisme ?, par Circul&rsquo;R<\/li><li>\u00catre accompagn\u00e9 dans la mise en \u0153uvre de son mod\u00e8le touristique durable<\/li><li>Retour d&rsquo;exp\u00e9rience d&rsquo;un \u00e9tablissement ayant mis en place une d\u00e9marche d&rsquo;\u00e9conomie circulaire<\/li><li>Temps d&rsquo;\u00e9change avec les participants<\/li><\/ul>\n\n\n\n<p class=\"is-style-highlight\">D\u00e9couvrez le reste de <a href=\"https:\/\/www.tourisme-valdemarne.com\/espace-pro\/actualites\/\" target=\"_blank\" rel=\"noreferrer noopener\">l&rsquo;actualit\u00e9 des acteurs du tourisme en Val-de-Marne<\/a> gr\u00e2ce \u00e0 Val-de-Marne Tourisme &amp; Loisirs.<\/p>\n","protected":false},"excerpt":{"rendered":"<p>La M\u00e9tropole du Grand Paris et l&rsquo;organisme Circul&rsquo;R organisent le webinaire \u00ab Tourisme circulaire : par o\u00f9 commencer ? \u00bb.Le webinaire aura lieu le lundi 28 mars, de 16h \u00e0 17h. Tous les acteurs du tourisme sont invit\u00e9s \u00e0 participer \u00e0 ce webinaire qui permettra de r\u00e9fl\u00e9chir \u00e0 la mise en \u0153uvre d&rsquo;une offre touristique [&hellip;]<\/p>\n","protected":false},"author":8,"featured_media":2830,"parent":6164,"menu_order":178,"comment_status":"closed","ping_status":"closed","template":"","meta":{"_relevanssi_hide_post":"","_relevanssi_hide_content":"","_relevanssi_pin_for_all":"","_relevanssi_pin_keywords":"","_relevanssi_unpin_keywords":"","_relevanssi_related_keywords":"","_relevanssi_related_include_ids":"","_relevanssi_related_exclude_ids":"","_relevanssi_related_no_append":"","_relevanssi_related_not_related":"","_relevanssi_related_posts":"446,8074,8083,8077,444,8095","_relevanssi_noindex_reason":"","footnotes":""},"vdmTagMarketing":[],"class_list":["post-12057","page","type-page","status-publish","has-post-thumbnail","hentry"],"acf":[],"yoast_head":"<!-- This site is optimized with the Yoast SEO plugin v23.9 - https:\/\/yoast.com\/wordpress\/plugins\/seo\/ -->\n<title>Participez au webinaire &quot;Tourisme circulaire : par o\u00f9 commencer ?&quot; - Espace Pro<\/title>\n<meta name=\"description\" content=\"Le 16 mars 2022, la M\u00e9tropole du Grand Paris et l&#039;organisme Circul&#039;R organisent le webinaire \u00ab Tourisme circulaire : par o\u00f9 commencer ? \u00bb.\" \/>\n<meta name=\"robots\" content=\"index, follow, max-snippet:-1, max-image-preview:large, max-video-preview:-1\" \/>\n<link rel=\"canonical\" href=\"https:\/\/www.tourisme-valdemarne.com\/espace-pro\/actualites\/participez-au-webinaire-tourisme-circulaire-par-ou-commencer\/\" \/>\n<meta property=\"og:locale\" content=\"fr_FR\" \/>\n<meta property=\"og:type\" content=\"article\" \/>\n<meta property=\"og:title\" content=\"Participez au webinaire &quot;Tourisme circulaire : par o\u00f9 commencer ?&quot; - Espace Pro\" \/>\n<meta property=\"og:description\" content=\"Le 16 mars 2022, la M\u00e9tropole du Grand Paris et l&#039;organisme Circul&#039;R organisent le webinaire \u00ab Tourisme circulaire : par o\u00f9 commencer ? \u00bb.\" \/>\n<meta property=\"og:url\" content=\"https:\/\/www.tourisme-valdemarne.com\/espace-pro\/actualites\/participez-au-webinaire-tourisme-circulaire-par-ou-commencer\/\" \/>\n<meta property=\"og:site_name\" content=\"Espace Pro\" \/>\n<meta property=\"article:modified_time\" content=\"2022-03-24T09:37:12+00:00\" \/>\n<meta property=\"og:image\" content=\"https:\/\/www.tourisme-valdemarne.com\/espace-pro\/wp-content\/uploads\/sites\/3\/2019\/05\/randonnee-pied-bois-de-vincennes-cp-crt-paris-ile-de-france-amelie-laurin.jpg\" \/>\n\t<meta property=\"og:image:width\" content=\"1920\" \/>\n\t<meta property=\"og:image:height\" content=\"1282\" \/>\n\t<meta property=\"og:image:type\" content=\"image\/jpeg\" \/>\n<meta name=\"twitter:card\" content=\"summary_large_image\" \/>\n<meta name=\"twitter:label1\" content=\"Dur\u00e9e de lecture estim\u00e9e\" \/>\n\t<meta name=\"twitter:data1\" content=\"1 minute\" \/>\n<script type=\"application\/ld+json\" class=\"yoast-schema-graph\">{\"@context\":\"https:\/\/schema.org\",\"@graph\":[{\"@type\":\"WebPage\",\"@id\":\"https:\/\/www.tourisme-valdemarne.com\/espace-pro\/actualites\/participez-au-webinaire-tourisme-circulaire-par-ou-commencer\/\",\"url\":\"https:\/\/www.tourisme-valdemarne.com\/espace-pro\/actualites\/participez-au-webinaire-tourisme-circulaire-par-ou-commencer\/\",\"name\":\"Participez au webinaire \\\"Tourisme circulaire : par o\u00f9 commencer ?\\\" - Espace Pro\",\"isPartOf\":{\"@id\":\"https:\/\/www.tourisme-valdemarne.com\/espace-pro\/#website\"},\"primaryImageOfPage\":{\"@id\":\"https:\/\/www.tourisme-valdemarne.com\/espace-pro\/actualites\/participez-au-webinaire-tourisme-circulaire-par-ou-commencer\/#primaryimage\"},\"image\":{\"@id\":\"https:\/\/www.tourisme-valdemarne.com\/espace-pro\/actualites\/participez-au-webinaire-tourisme-circulaire-par-ou-commencer\/#primaryimage\"},\"thumbnailUrl\":\"https:\/\/www.tourisme-valdemarne.com\/espace-pro\/wp-content\/uploads\/sites\/3\/2019\/05\/randonnee-pied-bois-de-vincennes-cp-crt-paris-ile-de-france-amelie-laurin.jpg\",\"datePublished\":\"2022-02-25T10:32:06+00:00\",\"dateModified\":\"2022-03-24T09:37:12+00:00\",\"description\":\"Le 16 mars 2022, la M\u00e9tropole du Grand Paris et l'organisme Circul'R organisent le webinaire \u00ab Tourisme circulaire : par o\u00f9 commencer ? \u00bb.\",\"breadcrumb\":{\"@id\":\"https:\/\/www.tourisme-valdemarne.com\/espace-pro\/actualites\/participez-au-webinaire-tourisme-circulaire-par-ou-commencer\/#breadcrumb\"},\"inLanguage\":\"fr-FR\",\"potentialAction\":[{\"@type\":\"ReadAction\",\"target\":[\"https:\/\/www.tourisme-valdemarne.com\/espace-pro\/actualites\/participez-au-webinaire-tourisme-circulaire-par-ou-commencer\/\"]}]},{\"@type\":\"ImageObject\",\"inLanguage\":\"fr-FR\",\"@id\":\"https:\/\/www.tourisme-valdemarne.com\/espace-pro\/actualites\/participez-au-webinaire-tourisme-circulaire-par-ou-commencer\/#primaryimage\",\"url\":\"https:\/\/www.tourisme-valdemarne.com\/espace-pro\/wp-content\/uploads\/sites\/3\/2019\/05\/randonnee-pied-bois-de-vincennes-cp-crt-paris-ile-de-france-amelie-laurin.jpg\",\"contentUrl\":\"https:\/\/www.tourisme-valdemarne.com\/espace-pro\/wp-content\/uploads\/sites\/3\/2019\/05\/randonnee-pied-bois-de-vincennes-cp-crt-paris-ile-de-france-amelie-laurin.jpg\",\"width\":1920,\"height\":1282,\"caption\":\"Randonn\u00e9e \u00e0 pied dans le bois de vincennes \u00a9 CRT Paris Ile-de-France\/Amelie Laurin\"},{\"@type\":\"BreadcrumbList\",\"@id\":\"https:\/\/www.tourisme-valdemarne.com\/espace-pro\/actualites\/participez-au-webinaire-tourisme-circulaire-par-ou-commencer\/#breadcrumb\",\"itemListElement\":[{\"@type\":\"ListItem\",\"position\":1,\"name\":\"Accueil\",\"item\":\"https:\/\/www.tourisme-valdemarne.com\/espace-pro\/\"},{\"@type\":\"ListItem\",\"position\":2,\"name\":\"Actualit\u00e9s de l&rsquo;espace pro\",\"item\":\"https:\/\/www.tourisme-valdemarne.com\/espace-pro\/actualites\/\"},{\"@type\":\"ListItem\",\"position\":3,\"name\":\"Participez au webinaire \u00ab\u00a0Tourisme circulaire : par o\u00f9 commencer ?\u00a0\u00bb\"}]},{\"@type\":\"WebSite\",\"@id\":\"https:\/\/www.tourisme-valdemarne.com\/espace-pro\/#website\",\"url\":\"https:\/\/www.tourisme-valdemarne.com\/espace-pro\/\",\"name\":\"Espace Pro\",\"description\":\"Informations et outils pour les professionnels et la Presse\",\"potentialAction\":[{\"@type\":\"SearchAction\",\"target\":{\"@type\":\"EntryPoint\",\"urlTemplate\":\"https:\/\/www.tourisme-valdemarne.com\/espace-pro\/?s={search_term_string}\"},\"query-input\":{\"@type\":\"PropertyValueSpecification\",\"valueRequired\":true,\"valueName\":\"search_term_string\"}}],\"inLanguage\":\"fr-FR\"}]}<\/script>\n<!-- \/ Yoast SEO plugin. -->","yoast_head_json":{"title":"Participez au webinaire \"Tourisme circulaire : par o\u00f9 commencer ?\" - Espace Pro","description":"Le 16 mars 2022, la M\u00e9tropole du Grand Paris et l'organisme Circul'R organisent le webinaire \u00ab Tourisme circulaire : par o\u00f9 commencer ? \u00bb.","robots":{"index":"index","follow":"follow","max-snippet":"max-snippet:-1","max-image-preview":"max-image-preview:large","max-video-preview":"max-video-preview:-1"},"canonical":"https:\/\/www.tourisme-valdemarne.com\/espace-pro\/actualites\/participez-au-webinaire-tourisme-circulaire-par-ou-commencer\/","og_locale":"fr_FR","og_type":"article","og_title":"Participez au webinaire \"Tourisme circulaire : par o\u00f9 commencer ?\" - Espace Pro","og_description":"Le 16 mars 2022, la M\u00e9tropole du Grand Paris et l'organisme Circul'R organisent le webinaire \u00ab Tourisme circulaire : par o\u00f9 commencer ? \u00bb.","og_url":"https:\/\/www.tourisme-valdemarne.com\/espace-pro\/actualites\/participez-au-webinaire-tourisme-circulaire-par-ou-commencer\/","og_site_name":"Espace Pro","article_modified_time":"2022-03-24T09:37:12+00:00","og_image":[{"width":1920,"height":1282,"url":"https:\/\/www.tourisme-valdemarne.com\/espace-pro\/wp-content\/uploads\/sites\/3\/2019\/05\/randonnee-pied-bois-de-vincennes-cp-crt-paris-ile-de-france-amelie-laurin.jpg","type":"image\/jpeg"}],"twitter_card":"summary_large_image","twitter_misc":{"Dur\u00e9e de lecture estim\u00e9e":"1 minute"},"schema":{"@context":"https:\/\/schema.org","@graph":[{"@type":"WebPage","@id":"https:\/\/www.tourisme-valdemarne.com\/espace-pro\/actualites\/participez-au-webinaire-tourisme-circulaire-par-ou-commencer\/","url":"https:\/\/www.tourisme-valdemarne.com\/espace-pro\/actualites\/participez-au-webinaire-tourisme-circulaire-par-ou-commencer\/","name":"Participez au webinaire \"Tourisme circulaire : par o\u00f9 commencer ?\" - Espace Pro","isPartOf":{"@id":"https:\/\/www.tourisme-valdemarne.com\/espace-pro\/#website"},"primaryImageOfPage":{"@id":"https:\/\/www.tourisme-valdemarne.com\/espace-pro\/actualites\/participez-au-webinaire-tourisme-circulaire-par-ou-commencer\/#primaryimage"},"image":{"@id":"https:\/\/www.tourisme-valdemarne.com\/espace-pro\/actualites\/participez-au-webinaire-tourisme-circulaire-par-ou-commencer\/#primaryimage"},"thumbnailUrl":"https:\/\/www.tourisme-valdemarne.com\/espace-pro\/wp-content\/uploads\/sites\/3\/2019\/05\/randonnee-pied-bois-de-vincennes-cp-crt-paris-ile-de-france-amelie-laurin.jpg","datePublished":"2022-02-25T10:32:06+00:00","dateModified":"2022-03-24T09:37:12+00:00","description":"Le 16 mars 2022, la M\u00e9tropole du Grand Paris et l'organisme Circul'R organisent le webinaire \u00ab Tourisme circulaire : par o\u00f9 commencer ? \u00bb.","breadcrumb":{"@id":"https:\/\/www.tourisme-valdemarne.com\/espace-pro\/actualites\/participez-au-webinaire-tourisme-circulaire-par-ou-commencer\/#breadcrumb"},"inLanguage":"fr-FR","potentialAction":[{"@type":"ReadAction","target":["https:\/\/www.tourisme-valdemarne.com\/espace-pro\/actualites\/participez-au-webinaire-tourisme-circulaire-par-ou-commencer\/"]}]},{"@type":"ImageObject","inLanguage":"fr-FR","@id":"https:\/\/www.tourisme-valdemarne.com\/espace-pro\/actualites\/participez-au-webinaire-tourisme-circulaire-par-ou-commencer\/#primaryimage","url":"https:\/\/www.tourisme-valdemarne.com\/espace-pro\/wp-content\/uploads\/sites\/3\/2019\/05\/randonnee-pied-bois-de-vincennes-cp-crt-paris-ile-de-france-amelie-laurin.jpg","contentUrl":"https:\/\/www.tourisme-valdemarne.com\/espace-pro\/wp-content\/uploads\/sites\/3\/2019\/05\/randonnee-pied-bois-de-vincennes-cp-crt-paris-ile-de-france-amelie-laurin.jpg","width":1920,"height":1282,"caption":"Randonn\u00e9e \u00e0 pied dans le bois de vincennes \u00a9 CRT Paris Ile-de-France\/Amelie Laurin"},{"@type":"BreadcrumbList","@id":"https:\/\/www.tourisme-valdemarne.com\/espace-pro\/actualites\/participez-au-webinaire-tourisme-circulaire-par-ou-commencer\/#breadcrumb","itemListElement":[{"@type":"ListItem","position":1,"name":"Accueil","item":"https:\/\/www.tourisme-valdemarne.com\/espace-pro\/"},{"@type":"ListItem","position":2,"name":"Actualit\u00e9s de l&rsquo;espace pro","item":"https:\/\/www.tourisme-valdemarne.com\/espace-pro\/actualites\/"},{"@type":"ListItem","position":3,"name":"Participez au webinaire \u00ab\u00a0Tourisme circulaire : par o\u00f9 commencer ?\u00a0\u00bb"}]},{"@type":"WebSite","@id":"https:\/\/www.tourisme-valdemarne.com\/espace-pro\/#website","url":"https:\/\/www.tourisme-valdemarne.com\/espace-pro\/","name":"Espace Pro","description":"Informations et outils pour les professionnels et la Presse","potentialAction":[{"@type":"SearchAction","target":{"@type":"EntryPoint","urlTemplate":"https:\/\/www.tourisme-valdemarne.com\/espace-pro\/?s={search_term_string}"},"query-input":{"@type":"PropertyValueSpecification","valueRequired":true,"valueName":"search_term_string"}}],"inLanguage":"fr-FR"}]}},"_links":{"self":[{"href":"https:\/\/www.tourisme-valdemarne.com\/espace-pro\/wp-json\/wp\/v2\/pages\/12057","targetHints":{"allow":["GET"]}}],"collection":[{"href":"https:\/\/www.tourisme-valdemarne.com\/espace-pro\/wp-json\/wp\/v2\/pages"}],"about":[{"href":"https:\/\/www.tourisme-valdemarne.com\/espace-pro\/wp-json\/wp\/v2\/types\/page"}],"author":[{"embeddable":true,"href":"https:\/\/www.tourisme-valdemarne.com\/espace-pro\/wp-json\/wp\/v2\/users\/8"}],"replies":[{"embeddable":true,"href":"https:\/\/www.tourisme-valdemarne.com\/espace-pro\/wp-json\/wp\/v2\/comments?post=12057"}],"version-history":[{"count":3,"href":"https:\/\/www.tourisme-valdemarne.com\/espace-pro\/wp-json\/wp\/v2\/pages\/12057\/revisions"}],"predecessor-version":[{"id":12106,"href":"https:\/\/www.tourisme-valdemarne.com\/espace-pro\/wp-json\/wp\/v2\/pages\/12057\/revisions\/12106"}],"up":[{"embeddable":true,"href":"https:\/\/www.tourisme-valdemarne.com\/espace-pro\/wp-json\/wp\/v2\/pages\/6164"}],"wp:featuredmedia":[{"embeddable":true,"href":"https:\/\/www.tourisme-valdemarne.com\/espace-pro\/wp-json\/wp\/v2\/media\/2830"}],"wp:attachment":[{"href":"https:\/\/www.tourisme-valdemarne.com\/espace-pro\/wp-json\/wp\/v2\/media?parent=12057"}],"wp:term":[{"taxonomy":"vdmTagMarketing","embeddable":true,"href":"https:\/\/www.tourisme-valdemarne.com\/espace-pro\/wp-json\/wp\/v2\/vdmTagMarketing?post=12057"}],"curies":[{"name":"wp","href":"https:\/\/api.w.org\/{rel}","templated":true}]}}