{"id":116,"date":"2019-04-16T16:06:10","date_gmt":"2019-04-16T14:06:10","guid":{"rendered":"https:\/\/www.tourisme-valdemarne.com\/espace-pro\/taxe-de-sejour"},"modified":"2025-07-02T16:01:19","modified_gmt":"2025-07-02T14:01:19","slug":"taxe-de-sejour","status":"publish","type":"page","link":"https:\/\/www.tourisme-valdemarne.com\/espace-pro\/expertises-et-projets\/taxe-de-sejour\/","title":{"rendered":"Taxe de s\u00e9jour"},"content":{"rendered":"\n<p class=\"is-style-excerpt\">Val-de-Marne Tourisme &amp; Loisirs accompagne les collectivit\u00e9s collectant la taxe de s\u00e9jour ou souhaitant la mettre en place ainsi que les h\u00e9bergeurs pour leur fournir des informations sur la r\u00e9glementation en vigueur.<\/p>\n\n\n\n<h2 class=\"wp-block-heading\">Qu\u2019est-ce-que la taxe de s\u00e9jour ?<\/h2>\n\n\n\n<p>La taxe de s\u00e9jour est une<strong> taxe pay\u00e9e par les touristes sur leur lieu d\u2019h\u00e9bergement <\/strong>et qui peut \u00eatre mise en place par les communes afin de financer les d\u00e9penses li\u00e9es \u00e0 la fr\u00e9quentation touristique.<\/p>\n\n\n\n<p>La taxe de s\u00e9jour peut \u00eatre demand\u00e9e au touriste par la commune lorsque celui-ci r\u00e9side dans un h\u00f4tel, une location saisonni\u00e8re (meubl\u00e9 de tourisme), une chambre d\u2019h\u00f4te ou chez l\u2019habitant, dans un terrain de camping ou un port de plaisance.<\/p>\n\n\n\n<p>Le tarif varie de 0,20\u20ac \u00e0 4,60\u20ac par personne et par nuit pour les h\u00e9bergements class\u00e9s, en fonction du confort et du standing du logement. Pour les h\u00e9bergements non class\u00e9s la taxe de s\u00e9jour se calcule sur un pourcentage du prix de la nuit\u00e9e (entre 1 et 5% selon les communes).<\/p>\n\n\n\n<p>La taxe de s\u00e9jour est collect\u00e9e par le propri\u00e9taire du logement o\u00f9 le touriste s\u00e9journe et est incluse dans la note d\u2019h\u00f4tel ou de location. Le logeur se charge ensuite de la reverser \u00e0 la Tr\u00e9sorerie municipale.<\/p>\n\n\n\n<p>Les modalit\u00e9s de collecte de cette taxe sont fix\u00e9es par une d\u00e9lib\u00e9ration du conseil municipal : taxe au r\u00e9el ou au forfait, p\u00e9riode d\u2019imposition, tarifs \u00e9tablis pour chaque cat\u00e9gorie d\u2019h\u00e9bergement.<\/p>\n\n\n\n<p>Par ailleurs, sont <strong>obligatoirement exon\u00e9r\u00e9s<\/strong> :<\/p>\n\n\n\n<ul class=\"wp-block-list\">\n<li>les personnes \u00e2g\u00e9es de moins de 18 ans,<\/li>\n\n\n\n<li>les personnes titulaires d&rsquo;un contrat de travail saisonnier employ\u00e9s dans la commune,<\/li>\n\n\n\n<li>les personnes b\u00e9n\u00e9ficiant d&rsquo;un h\u00e9bergement d&rsquo;urgence ou d&rsquo;un relogement temporaire,<\/li>\n\n\n\n<li>les personnes qui occupent des locaux dont le loyer est inf\u00e9rieur \u00e0 un montant que le conseil municipal doit d\u00e9terminer<\/li>\n<\/ul>\n\n\n\n<h3 class=\"wp-block-heading\">Quelle collectivit\u00e9 peut instaurer une taxe de s\u00e9jour et comment ? <\/h3>\n\n\n\n<p>Une <strong>commune ou intercommunalit\u00e9<\/strong> peut mettre en place la taxe de s\u00e9jour sur simple d\u00e9lib\u00e9ration de son organe d\u00e9lib\u00e9rant, \u00e0 partir du moment o\u00f9 elle r\u00e9alise des <strong>actions qui visent \u00e0 favoriser la fr\u00e9quentation touristique<\/strong>.<\/p>\n\n\n\n<p>Cette d\u00e9lib\u00e9ration doit notamment \u00e9tablir le r\u00e9gime fiscal choisi par la collectivit\u00e9. En effet, <strong>la taxe de s\u00e9jour peut \u00eatre \u00e9tablie au r\u00e9el ou au forfait<\/strong> :<\/p>\n\n\n\n<ul class=\"wp-block-list\">\n<li>au r\u00e9el : ce sont les touristes s\u00e9journant dans un h\u00e9bergement marchand qui en sont redevables, elle est donc collect\u00e9e sur la base du nombre de nuit\u00e9es r\u00e9ellement comptabilis\u00e9es par les h\u00e9bergeurs<\/li>\n\n\n\n<li>au forfait : ce sont les logeurs, h\u00f4teliers et propri\u00e9taires qui h\u00e9bergent \u00e0 titre on\u00e9reux des personnes de passage qui sont redevables. La collecte est ind\u00e9pendante du nombre r\u00e9el de personnes h\u00e9berg\u00e9es car le montant par h\u00e9bergement est calcul\u00e9 sur la capacit\u00e9 d&rsquo;accueil maximale \u00e0 laquelle est appliqu\u00e9e un abattement compris entre 10% et 50 %.<\/li>\n<\/ul>\n\n\n\n<h3 class=\"wp-block-heading\">La taxe de s\u00e9jour en Val-de-Marne<\/h3>\n\n\n\n<p><strong>En 2025, la taxe de s\u00e9jour est instaur\u00e9e sur le territoire de 37 villes en Val-de-Marne <\/strong>: Ablon-sur-Seine, Alfortville, Arcueil, Boissy-Saint-L\u00e9ger, Bonneuil-sur-Marne, Bry-sur-Marne, Cachan, Champigny, Charenton-le-Pont, Chevilly-Larue, Choisy-le-Roi, Cr\u00e9teil, Fontenay-sous-Bois, Fresnes, Gentilly, l&rsquo;Ha\u00ff-les-Roses, Ivry-sur-Seine, Joinville-le-Pont, Le Kremlin-Bic\u00eatre, Le Perreux-sur-Marne, Maisons-Alfort, Mandres-les-Roses, Nogent-sur-Marne, Orly, P\u00e9rigny-sur-Yerres, Rungis, Saint-Mand\u00e9, Saint-Maur-des-Foss\u00e9s, Saint-Maurice, Sucy-en-Brie, Thiais, Villecresnes, Villejuif, Villeneuve-le-Roi, Villiers, Vincennes et Vitry-sur-Seine.<\/p>\n\n\n\n<iframe title=\"La taxe de s\u00e9jour en Val-de-Marne\" aria-label=\"Carte\" id=\"datawrapper-chart-l7CEF\" src=\"https:\/\/datawrapper.dwcdn.net\/l7CEF\/4\/\" scrolling=\"no\" frameborder=\"0\" style=\"width: 0; min-width: 100% !important; border: none;\" height=\"584\" data-external=\"1\"><\/iframe><script type=\"text\/javascript\">!function(){\"use strict\";window.addEventListener(\"message\",(function(e){if(void 0!==e.data[\"datawrapper-height\"]){var t=document.querySelectorAll(\"iframe\");for(var a in e.data[\"datawrapper-height\"])for(var r=0;r<t.length;r++){if(t[r].contentWindow===e.source)t[r].style.height=e.data[\"datawrapper-height\"][a]+\"px\"}}}))}();\n<\/script>\n\n\n\n<h3 class=\"wp-block-heading\">Taxe additionnelle d\u00e9partementale \u00e0 la taxe de s\u00e9jour<\/h3>\n\n\n\n<p><strong>Le Conseil d\u00e9partemental du Val-de-Marne a vot\u00e9 le 19 octobre 2015 la mise en place d\u2019une taxe additionnelle<\/strong> de 10 % \u00e0 la taxe de s\u00e9jour per\u00e7ue dans le d\u00e9partement.<\/p>\n\n\n\n<p>Cette taxe additionnelle est \u00e9tablie et recouvr\u00e9e selon les m\u00eames modalit\u00e9s que la taxe de s\u00e9jour dans les communes qui l\u2019ont \u00e9tablie. Elle ne n\u00e9cessite pas de nouvelle d\u00e9lib\u00e9ration du conseil municipal.<\/p>\n\n\n\n<p>Le tarif correspond, pour chaque cat\u00e9gorie d\u2019h\u00e9bergement, \u00e0 <strong>10% du tarif de la taxe communale<\/strong>, le conseil d\u00e9partemental n\u2019ayant aucune libert\u00e9 de choix en mati\u00e8re de tarifs ou d\u2019abattements puisque le taux de 10% fix\u00e9 par la loi est uniforme et invariable sur le territoire national.<\/p>\n\n\n\n<p>Par exemple : Si le tarif vot\u00e9 par la commune pour les h\u00f4tels 3 \u00e9toiles est de 1\u20ac par nuit et par personne, le tarif applicable avec la taxe additionnelle sera de 1,10\u20ac.<\/p>\n\n\n\n<h3 class=\"wp-block-heading\">Taxe additionnelle r\u00e9gionale \u00e0 la taxe de s\u00e9jour<\/h3>\n\n\n\n<p>Dans le cadre de la loi de finances pour 2019, les d\u00e9put\u00e9s de l'Assembl\u00e9e nationale ont d\u00e9cid\u00e9 en d\u00e9cembre 2018 de cr\u00e9er une taxe additionnelle r\u00e9gionale \u00e0 la taxe de s\u00e9jour en Ile-de-France.<\/p>\n\n\n\n<p><strong>A partir du 1er janvier 2019, cette taxe additionnelle de 15% s'ajoute au montant de la taxe de s\u00e9jour et de la taxe additionnelle d\u00e9partementale.<\/strong><\/p>\n\n\n\n<p>Elle est revers\u00e9e \u00e0 la Soci\u00e9t\u00e9 du Grand Paris (SGP) afin de faire participer visiteurs et touristes utilisant le r\u00e9seau de transport francilien au financement des travaux de construction du Grand Paris Express.<\/p>\n\n\n\n<p>Par ailleurs, le projet de loi de finance pour 2024 (loi n\u00b0 2023-1322 du 29 d\u00e9cembre 2023) a \u00e9t\u00e9 promulgu\u00e9 le 30 d\u00e9cembre 2023 et son article 140 pr\u00e9voit l'institution d'une <strong>nouvelle taxe de s\u00e9jour additionnelle r\u00e9gionale en Ile-de-France (affect\u00e9e au transport \/ Ile de France Mobilit\u00e9s ) de 200%<\/strong>.<\/p>\n\n\n\n<p>\u00ab Cette taxe additionnelle est \u00e9tablie et recouvr\u00e9e selon les m\u00eames modalit\u00e9s que la taxe \u00e0 laquelle elle s'ajoute. Lorsque son produit est per\u00e7u par une commune ou par un \u00e9tablissement public de coop\u00e9ration intercommunale \u00e0 fiscalit\u00e9 propre, les montants correspondants sont revers\u00e9s \u00e0 la fin de la p\u00e9riode de perception \u00e0 l'\u00e9tablissement public \u00cele-de-France Mobilit\u00e9s. \u00bb<\/p>\n\n\n\n<p><strong>Cette taxe est entr\u00e9e en vigueur le 1er janvier 2024.<\/strong><\/p>\n\n\n\n<h4 class=\"wp-block-heading\">Pour en savoir plus<\/h4>\n\n\n\n<p><strong>Val-de-Marne Tourisme &amp; Loisirs accompagne toutes les collectivit\u00e9s collectant la taxe de s\u00e9jour ou souhaitant la mettre en place sur leur territoire :<\/strong><\/p>\n\n\n\n<ul class=\"wp-block-list\">\n<li>connaissance du parc d\u2019h\u00e9bergement (h\u00f4tels, r\u00e9sidences de tourisme, meubl\u00e9s, etc.)<\/li>\n\n\n\n<li>conseils pour la r\u00e9daction de la d\u00e9lib\u00e9ration d\u2019institution ou la r\u00e9vision de la d\u00e9lib\u00e9ration en vigueur<\/li>\n\n\n\n<li>conseils pour l\u2019am\u00e9lioration des outils de collecte (courriers, formulaires, etc.)<\/li>\n\n\n\n<li>conseils sur les dispositifs d\u2019identification et de contr\u00f4le des meubl\u00e9s touristiques et logements chez l\u2019habitant (d\u00e9claration CERFA, changement d\u2019usage, permis de louer)<\/li>\n\n\n\n<li>exemples de d\u00e9lib\u00e9rations, arr\u00eat\u00e9s de r\u00e9partition, formulaires d\u00e9claratifs, etc<\/li>\n\n\n\n<li> documentation r\u00e9glementaire sur la taxe de s\u00e9jour<\/li>\n\n\n\n<li>analyses de la fr\u00e9quentation h\u00f4teli\u00e8re en Val-de-Marne et par zones<\/li>\n<\/ul>\n\n\n\n<p class=\"is-style-highlight\">Nous sommes \u00e9galement \u00e0 la disposition des h\u00e9bergeurs (\u00e9tablissements h\u00f4teliers, meubl\u00e9s de tourisme, chambres d\u2019h\u00f4tes ou chambres chez l\u2019habitant) pour leur fournir des informations compl\u00e9mentaires sur la r\u00e9glementation en vigueur et la collecte de la taxe de s\u00e9jour dans le d\u00e9partement.<\/p>\n","protected":false},"excerpt":{"rendered":"<p>Val-de-Marne Tourisme &amp; Loisirs accompagne les collectivit\u00e9s collectant la taxe de s\u00e9jour ou souhaitant la mettre en place ainsi que les h\u00e9bergeurs pour leur fournir des informations sur la r\u00e9glementation en vigueur. Qu\u2019est-ce-que la taxe de s\u00e9jour ? La taxe de s\u00e9jour est une taxe pay\u00e9e par les touristes sur leur lieu d\u2019h\u00e9bergement et qui [&hellip;]<\/p>\n","protected":false},"author":1,"featured_media":735,"parent":11,"menu_order":80,"comment_status":"closed","ping_status":"closed","template":"","meta":{"_relevanssi_hide_post":"","_relevanssi_hide_content":"","_relevanssi_pin_for_all":"","_relevanssi_pin_keywords":"","_relevanssi_unpin_keywords":"","_relevanssi_related_keywords":"","_relevanssi_related_include_ids":"","_relevanssi_related_exclude_ids":"","_relevanssi_related_no_append":"","_relevanssi_related_not_related":"","_relevanssi_related_posts":"8077,8084,8105,2751,2745,2747","_relevanssi_noindex_reason":"","footnotes":""},"vdmTagMarketing":[],"class_list":["post-116","page","type-page","status-publish","has-post-thumbnail","hentry"],"acf":[],"yoast_head":"<!-- This site is optimized with the Yoast SEO plugin v23.9 - https:\/\/yoast.com\/wordpress\/plugins\/seo\/ -->\n<title>Taxe de s\u00e9jour - Espace Pro<\/title>\n<meta name=\"robots\" content=\"index, follow, max-snippet:-1, max-image-preview:large, max-video-preview:-1\" \/>\n<link rel=\"canonical\" href=\"https:\/\/www.tourisme-valdemarne.com\/espace-pro\/expertises-et-projets\/taxe-de-sejour\/\" \/>\n<meta property=\"og:locale\" content=\"fr_FR\" \/>\n<meta property=\"og:type\" content=\"article\" \/>\n<meta property=\"og:title\" content=\"Taxe de s\u00e9jour - Espace Pro\" \/>\n<meta property=\"og:description\" content=\"Val-de-Marne Tourisme &amp; Loisirs accompagne les collectivit\u00e9s collectant la taxe de s\u00e9jour ou souhaitant la mettre en place ainsi que les h\u00e9bergeurs pour leur fournir des informations sur la r\u00e9glementation en vigueur. Qu\u2019est-ce-que la taxe de s\u00e9jour ? La taxe de s\u00e9jour est une taxe pay\u00e9e par les touristes sur leur lieu d\u2019h\u00e9bergement et qui [&hellip;]\" \/>\n<meta property=\"og:url\" content=\"https:\/\/www.tourisme-valdemarne.com\/espace-pro\/expertises-et-projets\/taxe-de-sejour\/\" \/>\n<meta property=\"og:site_name\" content=\"Espace Pro\" \/>\n<meta property=\"article:modified_time\" content=\"2025-07-02T14:01:19+00:00\" \/>\n<meta property=\"og:image\" content=\"https:\/\/www.tourisme-valdemarne.com\/espace-pro\/wp-content\/uploads\/sites\/3\/2019\/05\/mercure-orly-rungis-cp-cdt94-photoinfographe.jpg\" \/>\n\t<meta property=\"og:image:width\" content=\"1600\" \/>\n\t<meta property=\"og:image:height\" content=\"900\" \/>\n\t<meta property=\"og:image:type\" content=\"image\/jpeg\" \/>\n<meta name=\"twitter:card\" content=\"summary_large_image\" \/>\n<meta name=\"twitter:label1\" content=\"Dur\u00e9e de lecture estim\u00e9e\" \/>\n\t<meta name=\"twitter:data1\" content=\"6 minutes\" \/>\n<script type=\"application\/ld+json\" class=\"yoast-schema-graph\">{\"@context\":\"https:\/\/schema.org\",\"@graph\":[{\"@type\":\"WebPage\",\"@id\":\"https:\/\/www.tourisme-valdemarne.com\/espace-pro\/expertises-et-projets\/taxe-de-sejour\/\",\"url\":\"https:\/\/www.tourisme-valdemarne.com\/espace-pro\/expertises-et-projets\/taxe-de-sejour\/\",\"name\":\"Taxe de s\u00e9jour - Espace Pro\",\"isPartOf\":{\"@id\":\"https:\/\/www.tourisme-valdemarne.com\/espace-pro\/#website\"},\"primaryImageOfPage\":{\"@id\":\"https:\/\/www.tourisme-valdemarne.com\/espace-pro\/expertises-et-projets\/taxe-de-sejour\/#primaryimage\"},\"image\":{\"@id\":\"https:\/\/www.tourisme-valdemarne.com\/espace-pro\/expertises-et-projets\/taxe-de-sejour\/#primaryimage\"},\"thumbnailUrl\":\"https:\/\/www.tourisme-valdemarne.com\/espace-pro\/wp-content\/uploads\/sites\/3\/2019\/05\/mercure-orly-rungis-cp-cdt94-photoinfographe.jpg\",\"datePublished\":\"2019-04-16T14:06:10+00:00\",\"dateModified\":\"2025-07-02T14:01:19+00:00\",\"breadcrumb\":{\"@id\":\"https:\/\/www.tourisme-valdemarne.com\/espace-pro\/expertises-et-projets\/taxe-de-sejour\/#breadcrumb\"},\"inLanguage\":\"fr-FR\",\"potentialAction\":[{\"@type\":\"ReadAction\",\"target\":[\"https:\/\/www.tourisme-valdemarne.com\/espace-pro\/expertises-et-projets\/taxe-de-sejour\/\"]}]},{\"@type\":\"ImageObject\",\"inLanguage\":\"fr-FR\",\"@id\":\"https:\/\/www.tourisme-valdemarne.com\/espace-pro\/expertises-et-projets\/taxe-de-sejour\/#primaryimage\",\"url\":\"https:\/\/www.tourisme-valdemarne.com\/espace-pro\/wp-content\/uploads\/sites\/3\/2019\/05\/mercure-orly-rungis-cp-cdt94-photoinfographe.jpg\",\"contentUrl\":\"https:\/\/www.tourisme-valdemarne.com\/espace-pro\/wp-content\/uploads\/sites\/3\/2019\/05\/mercure-orly-rungis-cp-cdt94-photoinfographe.jpg\",\"width\":1600,\"height\":900,\"caption\":\"Mercure Paris Orly Rungis\"},{\"@type\":\"BreadcrumbList\",\"@id\":\"https:\/\/www.tourisme-valdemarne.com\/espace-pro\/expertises-et-projets\/taxe-de-sejour\/#breadcrumb\",\"itemListElement\":[{\"@type\":\"ListItem\",\"position\":1,\"name\":\"Accueil\",\"item\":\"https:\/\/www.tourisme-valdemarne.com\/espace-pro\/\"},{\"@type\":\"ListItem\",\"position\":2,\"name\":\"Expertises et projets\",\"item\":\"https:\/\/www.tourisme-valdemarne.com\/espace-pro\/expertises-et-projets\/\"},{\"@type\":\"ListItem\",\"position\":3,\"name\":\"Taxe de s\u00e9jour\"}]},{\"@type\":\"WebSite\",\"@id\":\"https:\/\/www.tourisme-valdemarne.com\/espace-pro\/#website\",\"url\":\"https:\/\/www.tourisme-valdemarne.com\/espace-pro\/\",\"name\":\"Espace Pro\",\"description\":\"Informations et outils pour les professionnels et la Presse\",\"potentialAction\":[{\"@type\":\"SearchAction\",\"target\":{\"@type\":\"EntryPoint\",\"urlTemplate\":\"https:\/\/www.tourisme-valdemarne.com\/espace-pro\/?s={search_term_string}\"},\"query-input\":{\"@type\":\"PropertyValueSpecification\",\"valueRequired\":true,\"valueName\":\"search_term_string\"}}],\"inLanguage\":\"fr-FR\"}]}<\/script>\n<!-- \/ Yoast SEO plugin. -->","yoast_head_json":{"title":"Taxe de s\u00e9jour - Espace Pro","robots":{"index":"index","follow":"follow","max-snippet":"max-snippet:-1","max-image-preview":"max-image-preview:large","max-video-preview":"max-video-preview:-1"},"canonical":"https:\/\/www.tourisme-valdemarne.com\/espace-pro\/expertises-et-projets\/taxe-de-sejour\/","og_locale":"fr_FR","og_type":"article","og_title":"Taxe de s\u00e9jour - Espace Pro","og_description":"Val-de-Marne Tourisme &amp; Loisirs accompagne les collectivit\u00e9s collectant la taxe de s\u00e9jour ou souhaitant la mettre en place ainsi que les h\u00e9bergeurs pour leur fournir des informations sur la r\u00e9glementation en vigueur. Qu\u2019est-ce-que la taxe de s\u00e9jour ? La taxe de s\u00e9jour est une taxe pay\u00e9e par les touristes sur leur lieu d\u2019h\u00e9bergement et qui [&hellip;]","og_url":"https:\/\/www.tourisme-valdemarne.com\/espace-pro\/expertises-et-projets\/taxe-de-sejour\/","og_site_name":"Espace Pro","article_modified_time":"2025-07-02T14:01:19+00:00","og_image":[{"width":1600,"height":900,"url":"https:\/\/www.tourisme-valdemarne.com\/espace-pro\/wp-content\/uploads\/sites\/3\/2019\/05\/mercure-orly-rungis-cp-cdt94-photoinfographe.jpg","type":"image\/jpeg"}],"twitter_card":"summary_large_image","twitter_misc":{"Dur\u00e9e de lecture estim\u00e9e":"6 minutes"},"schema":{"@context":"https:\/\/schema.org","@graph":[{"@type":"WebPage","@id":"https:\/\/www.tourisme-valdemarne.com\/espace-pro\/expertises-et-projets\/taxe-de-sejour\/","url":"https:\/\/www.tourisme-valdemarne.com\/espace-pro\/expertises-et-projets\/taxe-de-sejour\/","name":"Taxe de s\u00e9jour - Espace Pro","isPartOf":{"@id":"https:\/\/www.tourisme-valdemarne.com\/espace-pro\/#website"},"primaryImageOfPage":{"@id":"https:\/\/www.tourisme-valdemarne.com\/espace-pro\/expertises-et-projets\/taxe-de-sejour\/#primaryimage"},"image":{"@id":"https:\/\/www.tourisme-valdemarne.com\/espace-pro\/expertises-et-projets\/taxe-de-sejour\/#primaryimage"},"thumbnailUrl":"https:\/\/www.tourisme-valdemarne.com\/espace-pro\/wp-content\/uploads\/sites\/3\/2019\/05\/mercure-orly-rungis-cp-cdt94-photoinfographe.jpg","datePublished":"2019-04-16T14:06:10+00:00","dateModified":"2025-07-02T14:01:19+00:00","breadcrumb":{"@id":"https:\/\/www.tourisme-valdemarne.com\/espace-pro\/expertises-et-projets\/taxe-de-sejour\/#breadcrumb"},"inLanguage":"fr-FR","potentialAction":[{"@type":"ReadAction","target":["https:\/\/www.tourisme-valdemarne.com\/espace-pro\/expertises-et-projets\/taxe-de-sejour\/"]}]},{"@type":"ImageObject","inLanguage":"fr-FR","@id":"https:\/\/www.tourisme-valdemarne.com\/espace-pro\/expertises-et-projets\/taxe-de-sejour\/#primaryimage","url":"https:\/\/www.tourisme-valdemarne.com\/espace-pro\/wp-content\/uploads\/sites\/3\/2019\/05\/mercure-orly-rungis-cp-cdt94-photoinfographe.jpg","contentUrl":"https:\/\/www.tourisme-valdemarne.com\/espace-pro\/wp-content\/uploads\/sites\/3\/2019\/05\/mercure-orly-rungis-cp-cdt94-photoinfographe.jpg","width":1600,"height":900,"caption":"Mercure Paris Orly Rungis"},{"@type":"BreadcrumbList","@id":"https:\/\/www.tourisme-valdemarne.com\/espace-pro\/expertises-et-projets\/taxe-de-sejour\/#breadcrumb","itemListElement":[{"@type":"ListItem","position":1,"name":"Accueil","item":"https:\/\/www.tourisme-valdemarne.com\/espace-pro\/"},{"@type":"ListItem","position":2,"name":"Expertises et projets","item":"https:\/\/www.tourisme-valdemarne.com\/espace-pro\/expertises-et-projets\/"},{"@type":"ListItem","position":3,"name":"Taxe de s\u00e9jour"}]},{"@type":"WebSite","@id":"https:\/\/www.tourisme-valdemarne.com\/espace-pro\/#website","url":"https:\/\/www.tourisme-valdemarne.com\/espace-pro\/","name":"Espace Pro","description":"Informations et outils pour les professionnels et la Presse","potentialAction":[{"@type":"SearchAction","target":{"@type":"EntryPoint","urlTemplate":"https:\/\/www.tourisme-valdemarne.com\/espace-pro\/?s={search_term_string}"},"query-input":{"@type":"PropertyValueSpecification","valueRequired":true,"valueName":"search_term_string"}}],"inLanguage":"fr-FR"}]}},"_links":{"self":[{"href":"https:\/\/www.tourisme-valdemarne.com\/espace-pro\/wp-json\/wp\/v2\/pages\/116","targetHints":{"allow":["GET"]}}],"collection":[{"href":"https:\/\/www.tourisme-valdemarne.com\/espace-pro\/wp-json\/wp\/v2\/pages"}],"about":[{"href":"https:\/\/www.tourisme-valdemarne.com\/espace-pro\/wp-json\/wp\/v2\/types\/page"}],"author":[{"embeddable":true,"href":"https:\/\/www.tourisme-valdemarne.com\/espace-pro\/wp-json\/wp\/v2\/users\/1"}],"replies":[{"embeddable":true,"href":"https:\/\/www.tourisme-valdemarne.com\/espace-pro\/wp-json\/wp\/v2\/comments?post=116"}],"version-history":[{"count":19,"href":"https:\/\/www.tourisme-valdemarne.com\/espace-pro\/wp-json\/wp\/v2\/pages\/116\/revisions"}],"predecessor-version":[{"id":29574,"href":"https:\/\/www.tourisme-valdemarne.com\/espace-pro\/wp-json\/wp\/v2\/pages\/116\/revisions\/29574"}],"up":[{"embeddable":true,"href":"https:\/\/www.tourisme-valdemarne.com\/espace-pro\/wp-json\/wp\/v2\/pages\/11"}],"wp:featuredmedia":[{"embeddable":true,"href":"https:\/\/www.tourisme-valdemarne.com\/espace-pro\/wp-json\/wp\/v2\/media\/735"}],"wp:attachment":[{"href":"https:\/\/www.tourisme-valdemarne.com\/espace-pro\/wp-json\/wp\/v2\/media?parent=116"}],"wp:term":[{"taxonomy":"vdmTagMarketing","embeddable":true,"href":"https:\/\/www.tourisme-valdemarne.com\/espace-pro\/wp-json\/wp\/v2\/vdmTagMarketing?post=116"}],"curies":[{"name":"wp","href":"https:\/\/api.w.org\/{rel}","templated":true}]}}