{"id":11534,"date":"2021-11-23T11:15:32","date_gmt":"2021-11-23T10:15:32","guid":{"rendered":"https:\/\/www.tourisme-valdemarne.com\/espace-pro\/?page_id=11534"},"modified":"2021-12-21T10:06:01","modified_gmt":"2021-12-21T09:06:01","slug":"conference-star-cities-a-nogent-sur-marne","status":"publish","type":"page","link":"https:\/\/www.tourisme-valdemarne.com\/espace-pro\/expertises-et-projets\/riverside-cities\/star-cities\/conference-star-cities-a-nogent-sur-marne\/","title":{"rendered":"VISIO-Conf\u00e9rence STAR Cities"},"content":{"rendered":"\n<p class=\"is-style-excerpt\">Le mardi 14 d\u00e9cembre 2021 de 10h \u00e0 12h, Val-de-Marne Tourisme &amp; Loisirs a r\u00e9uni une soixantaine d\u2019acteurs locaux des bords de Marne en visio-conf\u00e9rence afin de leur pr\u00e9senter les <strong>premiers r\u00e9sultats du projet<\/strong> europ\u00e9en STAR Cities. <\/p>\n\n\n\n<p class=\"has-text-align-center\"><strong><em>Visionnez d\u00e8s \u00e0 pr\u00e9sent l\u2019enregistrement de la conf\u00e9rence en bas&nbsp;de cette page.<\/em><\/strong><\/p>\n\n\n\n<figure class=\"wp-block-image size-large\"><a href=\"https:\/\/www.tourisme-valdemarne.com\/espace-pro\/wp-content\/uploads\/sites\/3\/2021\/12\/conference-star-cities-nogent-sur-marne-14-decembre.png\"><img width=\"1200\" height=\"429\" data-src=\"https:\/\/www.tourisme-valdemarne.com\/espace-pro\/wp-content\/uploads\/sites\/3\/2021\/12\/conference-star-cities-nogent-sur-marne-14-decembre.png\" alt=\"Conf\u00e9rence STAR Cities \u00e0 Nogent-sur-Marne\" class=\"wp-image-11615\" srcset=\"https:\/\/www.tourisme-valdemarne.com\/espace-pro\/wp-content\/uploads\/sites\/3\/2021\/12\/conference-star-cities-nogent-sur-marne-14-decembre.png 1200w, https:\/\/www.tourisme-valdemarne.com\/espace-pro\/wp-content\/uploads\/sites\/3\/2021\/12\/conference-star-cities-nogent-sur-marne-14-decembre-600x215.png 600w, https:\/\/www.tourisme-valdemarne.com\/espace-pro\/wp-content\/uploads\/sites\/3\/2021\/12\/conference-star-cities-nogent-sur-marne-14-decembre-900x322.png 900w, https:\/\/www.tourisme-valdemarne.com\/espace-pro\/wp-content\/uploads\/sites\/3\/2021\/12\/conference-star-cities-nogent-sur-marne-14-decembre-380x136.png 380w, https:\/\/www.tourisme-valdemarne.com\/espace-pro\/wp-content\/uploads\/sites\/3\/2021\/12\/conference-star-cities-nogent-sur-marne-14-decembre-200x72.png 200w\" sizes=\"(max-width: 1200px) 100vw, 1200px\" \/><\/a><figcaption>Conf\u00e9rence STAR Cities \u00e0 Nogent-sur-Marne<\/figcaption><\/figure>\n\n\n\n<p class=\"has-text-align-center\"><strong><em>En raison des conditions sanitaires, la conf\u00e9rence initialement pr\u00e9vue \u00e0 l&rsquo;H\u00f4tel du Port de Nogent-sur-Marne a finalement eu lieu en distanciel par visio-conf\u00e9rence. <\/em><\/strong><\/p>\n\n\n\n<p>Apr\u00e8s trois ans et demi de coop\u00e9ration europ\u00e9enne dans le cadre du projet STAR Cities, nous avons pr\u00e9sent\u00e9 les <strong>premiers r\u00e9sultats de ce projet d\u2019\u00e9change d\u2019exp\u00e9riences<\/strong> pour une meilleure valorisation du tourisme fluvial le long de la Marne. Lors de cette matin\u00e9e, le <strong>guide des bonnes pratiques<\/strong> \u00e9labor\u00e9 avec l\u2019ensemble des partenaires europ\u00e9ens vous a \u00e9t\u00e9 pr\u00e9sent\u00e9, ainsi que les actions qui seront mises en \u0153uvre en 2022 dans le cadre de la seconde phase du projet.<\/p>\n\n\n\n<p>Cet \u00e9v\u00e9nement \u00e9tait \u00e9galement l\u2019occasion de vous <strong>pr\u00e9senter le<\/strong> <a rel=\"noreferrer noopener\" href=\"https:\/\/www.tourisme-valdemarne.com\/espace-pro\/expertises-et-projets\/riverside-cities\/valorisation-des-bords-de-marne\/cap-sur-la-marne\/\" target=\"_blank\">collectif Cap sur la Marne<\/a>, <strong>ses r\u00e9alisations en 2021 et perspectives pour 2022<\/strong>. R\u00e9unissant Val-de-Marne Tourisme &amp; Loisirs, Seine-Saint-Denis Tourisme et les offices de tourisme de Marne &amp; Gondoire et de Paris &#8211; Vall\u00e9e de la Marne, le collectif Cap sur la Marne a organis\u00e9 cette ann\u00e9e de nombreuses animations sur les bords de Marne, avec le soutien de la R\u00e9gion Ile-de-France.<\/p>\n\n\n\n<p><strong>Cette conf\u00e9rence s&rsquo;est d\u00e9roul\u00e9e en pr\u00e9sence de<\/strong> <strong>Jacques JP Martin<\/strong>, Maire de Nogent-sur-Marne.<\/p>\n\n\n\n<p>Sous la pr\u00e9sidence de <strong>M\u00e9lanie Nowak<\/strong>, Pr\u00e9sidente de Val-de-Marne Tourisme et Loisirs<\/p>\n\n\n\n<h2 class=\"wp-block-heading\">Programme de la Conf\u00e9rence<\/h2>\n\n\n\n<p><strong>La conf\u00e9rence s&rsquo;est d\u00e9roul\u00e9e selon le programme suivant :<\/strong><\/p>\n\n\n\n<ul class=\"wp-block-list\"><li>STAR Cities, retour sur trois ans d\u2019\u00e9changes d\u2019exp\u00e9riences sur le tourisme fluvial<\/li><li>En 2022, mise en \u0153uvre de nouvelles actions inspir\u00e9es des partenaires europ\u00e9ens<\/li><li>Vers une poursuite de la coop\u00e9ration europ\u00e9enne via le r\u00e9seau Riverside Cities ?<\/li><\/ul>\n\n\n\n<p>Enfin, nous avons \u00e9galement eu le plaisir de vous pr\u00e9senter le <a href=\"https:\/\/www.tourisme-valdemarne.com\/espace-pro\/expertises-et-projets\/riverside-cities\/valorisation-des-bords-de-marne\/cap-sur-la-marne\/une-premiere-saison-reussie-pour-cap-sur-la-marne\/\"><strong>bilan de la premi\u00e8re saison Cap sur la Marne<\/strong><\/a> et nos perspectives de travail pour l\u2019ann\u00e9e \u00e0 venir.<\/p>\n\n\n\n<div class=\"wp-block-buttons aligncenter is-layout-flex wp-block-buttons-is-layout-flex\">\n<div class=\"wp-block-button is-style-fill\"><a class=\"wp-block-button__link\" href=\"https:\/\/www.tourisme-valdemarne.com\/espace-pro\/wp-content\/uploads\/sites\/3\/2021\/12\/presentation-visio-conference-star-cities-14-decembre-2021.pdf\" target=\"_blank\" rel=\"noreferrer noopener\">T\u00e9l\u00e9chargez la pr\u00e9sentation<\/a><\/div>\n<\/div>\n\n\n\n<h2 class=\"wp-block-heading\">Guide des bonnes pratiques STAR Cities<\/h2>\n\n\n\n<p>D\u00e9couvrez le guide des bonnes pratiques STAR Cities en fran\u00e7ais.<\/p>\n<div style=\"text-align:center;\"><div style=\"margin:8px 0px 4px;\"><a href=\"https:\/\/www.calameo.com\/books\/0069329174850d029f2dd\" target=\"_blank\" rel=\"noopener noreferrer\">Guide des bonnes pratiques STAR Cities<\/a><\/div><iframe loading=\"lazy\" src=\"\/\/v.calameo.com\/?bkcode=0069329174850d029f2dd\" width=\"900\" height=\"500\" frameborder=\"0\" scrolling=\"no\" allowtransparency=\"\" allowfullscreen=\"\" style=\"margin:0 auto;\"><\/iframe><div style=\"margin:4px 0px 8px;\"><a href=\"http:\/\/www.calameo.com\/\">Publish at Calameo<\/a><\/div><\/div><\/p>\n\n\n\n<h2 class=\"wp-block-heading\">Vid\u00e9o Conf\u00e9rence<\/h2>\n\n\n\n<p><p>Retrouvez la vid\u00e9o de notre conf\u00e9rence ci-dessous.<\/p>\n<iframe loading=\"lazy\" width=\"880\" height=\"580\" src=\"https:\/\/www.youtube.com\/embed\/M-7vF-zNUqU\" title=\"YouTube video player\" frameborder=\"0\" allow=\"accelerometer; autoplay; clipboard-write; encrypted-media; gyroscope; picture-in-picture\" allowfullscreen=\"\"><\/iframe><\/p>\n\n\n\n<h2 class=\"wp-block-heading\">Informations pratiques<\/h2>\n\n\n\n<p><p class=\"is-style-highlight\">D\u00e9couvrez ou red\u00e9couvrez le <a href=\"https:\/\/www.tourisme-valdemarne.com\/espace-pro\/expertises-et-projets\/riverside-cities\/star-cities\/\" target=\"_blank\" rel=\"noreferrer noopener\">projet europ\u00e9en Star Cities<\/a>.<\/p>\n","protected":false},"excerpt":{"rendered":"<p>Le mardi 14 d\u00e9cembre 2021 de 10h \u00e0 12h, Val-de-Marne Tourisme &amp; Loisirs a r\u00e9uni une soixantaine d\u2019acteurs locaux des bords de Marne en visio-conf\u00e9rence afin de leur pr\u00e9senter les premiers r\u00e9sultats du projet europ\u00e9en STAR Cities. Visionnez d\u00e8s \u00e0 pr\u00e9sent l\u2019enregistrement de la conf\u00e9rence en bas&nbsp;de cette page. En raison des conditions sanitaires, la [&hellip;]<\/p>\n","protected":false},"author":8,"featured_media":0,"parent":920,"menu_order":0,"comment_status":"closed","ping_status":"closed","template":"","meta":{"_relevanssi_hide_post":"","_relevanssi_hide_content":"","_relevanssi_pin_for_all":"","_relevanssi_pin_keywords":"","_relevanssi_unpin_keywords":"","_relevanssi_related_keywords":"","_relevanssi_related_include_ids":"","_relevanssi_related_exclude_ids":"","_relevanssi_related_no_append":"","_relevanssi_related_not_related":"","_relevanssi_related_posts":"2751,444,2747,8105,8108,446","_relevanssi_noindex_reason":"","footnotes":""},"vdmTagMarketing":[],"class_list":["post-11534","page","type-page","status-publish","hentry"],"acf":[],"yoast_head":"<!-- This site is optimized with the Yoast SEO plugin v23.9 - https:\/\/yoast.com\/wordpress\/plugins\/seo\/ -->\n<title>VISIO-Conf\u00e9rence STAR Cities - Espace Pro<\/title>\n<meta name=\"description\" content=\"Retour sur la visio conf\u00e9rence STAR Cities qui s&#039;est d\u00e9roul\u00e9e le 14 d\u00e9cembre avec les partenaires locaux des bords de Marne.\" \/>\n<meta name=\"robots\" content=\"index, follow, max-snippet:-1, max-image-preview:large, max-video-preview:-1\" \/>\n<link rel=\"canonical\" href=\"https:\/\/www.tourisme-valdemarne.com\/espace-pro\/expertises-et-projets\/riverside-cities\/star-cities\/conference-star-cities-a-nogent-sur-marne\/\" \/>\n<meta property=\"og:locale\" content=\"fr_FR\" \/>\n<meta property=\"og:type\" content=\"article\" \/>\n<meta property=\"og:title\" content=\"VISIO-Conf\u00e9rence STAR Cities - Espace Pro\" \/>\n<meta property=\"og:description\" content=\"Retour sur la visio conf\u00e9rence STAR Cities qui s&#039;est d\u00e9roul\u00e9e le 14 d\u00e9cembre avec les partenaires locaux des bords de Marne.\" \/>\n<meta property=\"og:url\" content=\"https:\/\/www.tourisme-valdemarne.com\/espace-pro\/expertises-et-projets\/riverside-cities\/star-cities\/conference-star-cities-a-nogent-sur-marne\/\" \/>\n<meta property=\"og:site_name\" content=\"Espace Pro\" \/>\n<meta property=\"article:modified_time\" content=\"2021-12-21T09:06:01+00:00\" \/>\n<meta property=\"og:image\" content=\"https:\/\/www.tourisme-valdemarne.com\/espace-pro\/wp-content\/uploads\/sites\/3\/2021\/12\/conference-star-cities-nogent-sur-marne-14-decembre.png\" \/>\n<meta name=\"twitter:card\" content=\"summary_large_image\" \/>\n<meta name=\"twitter:label1\" content=\"Dur\u00e9e de lecture estim\u00e9e\" \/>\n\t<meta name=\"twitter:data1\" content=\"2 minutes\" \/>\n<script type=\"application\/ld+json\" class=\"yoast-schema-graph\">{\"@context\":\"https:\/\/schema.org\",\"@graph\":[{\"@type\":\"WebPage\",\"@id\":\"https:\/\/www.tourisme-valdemarne.com\/espace-pro\/expertises-et-projets\/riverside-cities\/star-cities\/conference-star-cities-a-nogent-sur-marne\/\",\"url\":\"https:\/\/www.tourisme-valdemarne.com\/espace-pro\/expertises-et-projets\/riverside-cities\/star-cities\/conference-star-cities-a-nogent-sur-marne\/\",\"name\":\"VISIO-Conf\u00e9rence STAR Cities - Espace Pro\",\"isPartOf\":{\"@id\":\"https:\/\/www.tourisme-valdemarne.com\/espace-pro\/#website\"},\"primaryImageOfPage\":{\"@id\":\"https:\/\/www.tourisme-valdemarne.com\/espace-pro\/expertises-et-projets\/riverside-cities\/star-cities\/conference-star-cities-a-nogent-sur-marne\/#primaryimage\"},\"image\":{\"@id\":\"https:\/\/www.tourisme-valdemarne.com\/espace-pro\/expertises-et-projets\/riverside-cities\/star-cities\/conference-star-cities-a-nogent-sur-marne\/#primaryimage\"},\"thumbnailUrl\":\"https:\/\/www.tourisme-valdemarne.com\/espace-pro\/wp-content\/uploads\/sites\/3\/2021\/12\/conference-star-cities-nogent-sur-marne-14-decembre.png\",\"datePublished\":\"2021-11-23T10:15:32+00:00\",\"dateModified\":\"2021-12-21T09:06:01+00:00\",\"description\":\"Retour sur la visio conf\u00e9rence STAR Cities qui s'est d\u00e9roul\u00e9e le 14 d\u00e9cembre avec les partenaires locaux des bords de Marne.\",\"breadcrumb\":{\"@id\":\"https:\/\/www.tourisme-valdemarne.com\/espace-pro\/expertises-et-projets\/riverside-cities\/star-cities\/conference-star-cities-a-nogent-sur-marne\/#breadcrumb\"},\"inLanguage\":\"fr-FR\",\"potentialAction\":[{\"@type\":\"ReadAction\",\"target\":[\"https:\/\/www.tourisme-valdemarne.com\/espace-pro\/expertises-et-projets\/riverside-cities\/star-cities\/conference-star-cities-a-nogent-sur-marne\/\"]}]},{\"@type\":\"ImageObject\",\"inLanguage\":\"fr-FR\",\"@id\":\"https:\/\/www.tourisme-valdemarne.com\/espace-pro\/expertises-et-projets\/riverside-cities\/star-cities\/conference-star-cities-a-nogent-sur-marne\/#primaryimage\",\"url\":\"https:\/\/www.tourisme-valdemarne.com\/espace-pro\/wp-content\/uploads\/sites\/3\/2021\/12\/conference-star-cities-nogent-sur-marne-14-decembre.png\",\"contentUrl\":\"https:\/\/www.tourisme-valdemarne.com\/espace-pro\/wp-content\/uploads\/sites\/3\/2021\/12\/conference-star-cities-nogent-sur-marne-14-decembre.png\",\"width\":1200,\"height\":429,\"caption\":\"Conf\u00e9rence STAR Cities \u00e0 Nogent-sur-Marne\"},{\"@type\":\"BreadcrumbList\",\"@id\":\"https:\/\/www.tourisme-valdemarne.com\/espace-pro\/expertises-et-projets\/riverside-cities\/star-cities\/conference-star-cities-a-nogent-sur-marne\/#breadcrumb\",\"itemListElement\":[{\"@type\":\"ListItem\",\"position\":1,\"name\":\"Accueil\",\"item\":\"https:\/\/www.tourisme-valdemarne.com\/espace-pro\/\"},{\"@type\":\"ListItem\",\"position\":2,\"name\":\"Expertises et projets\",\"item\":\"https:\/\/www.tourisme-valdemarne.com\/espace-pro\/expertises-et-projets\/\"},{\"@type\":\"ListItem\",\"position\":3,\"name\":\"Riverside Cities\",\"item\":\"https:\/\/www.tourisme-valdemarne.com\/espace-pro\/expertises-et-projets\/riverside-cities\/\"},{\"@type\":\"ListItem\",\"position\":4,\"name\":\"Projet europ\u00e9en Star Cities\",\"item\":\"https:\/\/www.tourisme-valdemarne.com\/espace-pro\/expertises-et-projets\/riverside-cities\/star-cities\/\"},{\"@type\":\"ListItem\",\"position\":5,\"name\":\"VISIO-Conf\u00e9rence STAR Cities\"}]},{\"@type\":\"WebSite\",\"@id\":\"https:\/\/www.tourisme-valdemarne.com\/espace-pro\/#website\",\"url\":\"https:\/\/www.tourisme-valdemarne.com\/espace-pro\/\",\"name\":\"Espace Pro\",\"description\":\"Informations et outils pour les professionnels et la Presse\",\"potentialAction\":[{\"@type\":\"SearchAction\",\"target\":{\"@type\":\"EntryPoint\",\"urlTemplate\":\"https:\/\/www.tourisme-valdemarne.com\/espace-pro\/?s={search_term_string}\"},\"query-input\":{\"@type\":\"PropertyValueSpecification\",\"valueRequired\":true,\"valueName\":\"search_term_string\"}}],\"inLanguage\":\"fr-FR\"}]}<\/script>\n<!-- \/ Yoast SEO plugin. -->","yoast_head_json":{"title":"VISIO-Conf\u00e9rence STAR Cities - Espace Pro","description":"Retour sur la visio conf\u00e9rence STAR Cities qui s'est d\u00e9roul\u00e9e le 14 d\u00e9cembre avec les partenaires locaux des bords de Marne.","robots":{"index":"index","follow":"follow","max-snippet":"max-snippet:-1","max-image-preview":"max-image-preview:large","max-video-preview":"max-video-preview:-1"},"canonical":"https:\/\/www.tourisme-valdemarne.com\/espace-pro\/expertises-et-projets\/riverside-cities\/star-cities\/conference-star-cities-a-nogent-sur-marne\/","og_locale":"fr_FR","og_type":"article","og_title":"VISIO-Conf\u00e9rence STAR Cities - Espace Pro","og_description":"Retour sur la visio conf\u00e9rence STAR Cities qui s'est d\u00e9roul\u00e9e le 14 d\u00e9cembre avec les partenaires locaux des bords de Marne.","og_url":"https:\/\/www.tourisme-valdemarne.com\/espace-pro\/expertises-et-projets\/riverside-cities\/star-cities\/conference-star-cities-a-nogent-sur-marne\/","og_site_name":"Espace Pro","article_modified_time":"2021-12-21T09:06:01+00:00","og_image":[{"url":"https:\/\/www.tourisme-valdemarne.com\/espace-pro\/wp-content\/uploads\/sites\/3\/2021\/12\/conference-star-cities-nogent-sur-marne-14-decembre.png"}],"twitter_card":"summary_large_image","twitter_misc":{"Dur\u00e9e de lecture estim\u00e9e":"2 minutes"},"schema":{"@context":"https:\/\/schema.org","@graph":[{"@type":"WebPage","@id":"https:\/\/www.tourisme-valdemarne.com\/espace-pro\/expertises-et-projets\/riverside-cities\/star-cities\/conference-star-cities-a-nogent-sur-marne\/","url":"https:\/\/www.tourisme-valdemarne.com\/espace-pro\/expertises-et-projets\/riverside-cities\/star-cities\/conference-star-cities-a-nogent-sur-marne\/","name":"VISIO-Conf\u00e9rence STAR Cities - Espace Pro","isPartOf":{"@id":"https:\/\/www.tourisme-valdemarne.com\/espace-pro\/#website"},"primaryImageOfPage":{"@id":"https:\/\/www.tourisme-valdemarne.com\/espace-pro\/expertises-et-projets\/riverside-cities\/star-cities\/conference-star-cities-a-nogent-sur-marne\/#primaryimage"},"image":{"@id":"https:\/\/www.tourisme-valdemarne.com\/espace-pro\/expertises-et-projets\/riverside-cities\/star-cities\/conference-star-cities-a-nogent-sur-marne\/#primaryimage"},"thumbnailUrl":"https:\/\/www.tourisme-valdemarne.com\/espace-pro\/wp-content\/uploads\/sites\/3\/2021\/12\/conference-star-cities-nogent-sur-marne-14-decembre.png","datePublished":"2021-11-23T10:15:32+00:00","dateModified":"2021-12-21T09:06:01+00:00","description":"Retour sur la visio conf\u00e9rence STAR Cities qui s'est d\u00e9roul\u00e9e le 14 d\u00e9cembre avec les partenaires locaux des bords de Marne.","breadcrumb":{"@id":"https:\/\/www.tourisme-valdemarne.com\/espace-pro\/expertises-et-projets\/riverside-cities\/star-cities\/conference-star-cities-a-nogent-sur-marne\/#breadcrumb"},"inLanguage":"fr-FR","potentialAction":[{"@type":"ReadAction","target":["https:\/\/www.tourisme-valdemarne.com\/espace-pro\/expertises-et-projets\/riverside-cities\/star-cities\/conference-star-cities-a-nogent-sur-marne\/"]}]},{"@type":"ImageObject","inLanguage":"fr-FR","@id":"https:\/\/www.tourisme-valdemarne.com\/espace-pro\/expertises-et-projets\/riverside-cities\/star-cities\/conference-star-cities-a-nogent-sur-marne\/#primaryimage","url":"https:\/\/www.tourisme-valdemarne.com\/espace-pro\/wp-content\/uploads\/sites\/3\/2021\/12\/conference-star-cities-nogent-sur-marne-14-decembre.png","contentUrl":"https:\/\/www.tourisme-valdemarne.com\/espace-pro\/wp-content\/uploads\/sites\/3\/2021\/12\/conference-star-cities-nogent-sur-marne-14-decembre.png","width":1200,"height":429,"caption":"Conf\u00e9rence STAR Cities \u00e0 Nogent-sur-Marne"},{"@type":"BreadcrumbList","@id":"https:\/\/www.tourisme-valdemarne.com\/espace-pro\/expertises-et-projets\/riverside-cities\/star-cities\/conference-star-cities-a-nogent-sur-marne\/#breadcrumb","itemListElement":[{"@type":"ListItem","position":1,"name":"Accueil","item":"https:\/\/www.tourisme-valdemarne.com\/espace-pro\/"},{"@type":"ListItem","position":2,"name":"Expertises et projets","item":"https:\/\/www.tourisme-valdemarne.com\/espace-pro\/expertises-et-projets\/"},{"@type":"ListItem","position":3,"name":"Riverside Cities","item":"https:\/\/www.tourisme-valdemarne.com\/espace-pro\/expertises-et-projets\/riverside-cities\/"},{"@type":"ListItem","position":4,"name":"Projet europ\u00e9en Star Cities","item":"https:\/\/www.tourisme-valdemarne.com\/espace-pro\/expertises-et-projets\/riverside-cities\/star-cities\/"},{"@type":"ListItem","position":5,"name":"VISIO-Conf\u00e9rence STAR Cities"}]},{"@type":"WebSite","@id":"https:\/\/www.tourisme-valdemarne.com\/espace-pro\/#website","url":"https:\/\/www.tourisme-valdemarne.com\/espace-pro\/","name":"Espace Pro","description":"Informations et outils pour les professionnels et la Presse","potentialAction":[{"@type":"SearchAction","target":{"@type":"EntryPoint","urlTemplate":"https:\/\/www.tourisme-valdemarne.com\/espace-pro\/?s={search_term_string}"},"query-input":{"@type":"PropertyValueSpecification","valueRequired":true,"valueName":"search_term_string"}}],"inLanguage":"fr-FR"}]}},"_links":{"self":[{"href":"https:\/\/www.tourisme-valdemarne.com\/espace-pro\/wp-json\/wp\/v2\/pages\/11534","targetHints":{"allow":["GET"]}}],"collection":[{"href":"https:\/\/www.tourisme-valdemarne.com\/espace-pro\/wp-json\/wp\/v2\/pages"}],"about":[{"href":"https:\/\/www.tourisme-valdemarne.com\/espace-pro\/wp-json\/wp\/v2\/types\/page"}],"author":[{"embeddable":true,"href":"https:\/\/www.tourisme-valdemarne.com\/espace-pro\/wp-json\/wp\/v2\/users\/8"}],"replies":[{"embeddable":true,"href":"https:\/\/www.tourisme-valdemarne.com\/espace-pro\/wp-json\/wp\/v2\/comments?post=11534"}],"version-history":[{"count":47,"href":"https:\/\/www.tourisme-valdemarne.com\/espace-pro\/wp-json\/wp\/v2\/pages\/11534\/revisions"}],"predecessor-version":[{"id":11760,"href":"https:\/\/www.tourisme-valdemarne.com\/espace-pro\/wp-json\/wp\/v2\/pages\/11534\/revisions\/11760"}],"up":[{"embeddable":true,"href":"https:\/\/www.tourisme-valdemarne.com\/espace-pro\/wp-json\/wp\/v2\/pages\/920"}],"wp:attachment":[{"href":"https:\/\/www.tourisme-valdemarne.com\/espace-pro\/wp-json\/wp\/v2\/media?parent=11534"}],"wp:term":[{"taxonomy":"vdmTagMarketing","embeddable":true,"href":"https:\/\/www.tourisme-valdemarne.com\/espace-pro\/wp-json\/wp\/v2\/vdmTagMarketing?post=11534"}],"curies":[{"name":"wp","href":"https:\/\/api.w.org\/{rel}","templated":true}]}}