{"id":114,"date":"2019-04-16T16:05:54","date_gmt":"2019-04-16T14:05:54","guid":{"rendered":"https:\/\/www.tourisme-valdemarne.com\/espace-pro\/soutien-et-accompagnement-de-projets"},"modified":"2019-06-04T17:11:36","modified_gmt":"2019-06-04T15:11:36","slug":"soutien-et-accompagnement-de-projets","status":"publish","type":"page","link":"https:\/\/www.tourisme-valdemarne.com\/espace-pro\/expertises-et-projets\/soutien-et-accompagnement-de-projets\/","title":{"rendered":"Soutien et accompagnement de projets"},"content":{"rendered":"\n<p class=\"is-style-excerpt\">Val-de-Marne Tourisme &amp; Loisirs conseille et accompagne collectivit\u00e9s, associations et porteurs de projets priv\u00e9s dans leurs investissements et projets de d\u00e9veloppement touristique.<\/p>\n\n\n\n<p>Depuis pr\u00e8s de 20 ans, il met \u00e0 disposition ses comp\u00e9tences et outils pour les aider dans leurs prises de d\u00e9cisions et dans le montage op\u00e9rationnel de leurs projets.<\/p>\n\n\n\n<h2 class=\"wp-block-heading\">Soutien des collectivit\u00e9s<\/h2>\n\n\n\n<ul class=\"wp-block-list\"><li>Accompagnement dans l\u2019\u00e9laboration d\u2019une strat\u00e9gie touristique \u00e0 l\u2019\u00e9chelle d\u2019un territoire<\/li><li>Conseil dans la mise en \u0153uvre de la taxe de s\u00e9jour : estimation des recettes, aide \u00e0 la r\u00e9daction des d\u00e9lib\u00e9rations, explications sur la mise en place, veille, \u2026<\/li><li>Accompagnement d\u2019\u00e9tudes en lien avec le d\u00e9veloppement touristique et de loisirs (faisabilit\u00e9, opportunit\u00e9, strat\u00e9gie\u2026) et aides \u00e0 la r\u00e9daction de cahier des charges <\/li><li>Recherche de partenaires techniques et financiers \/ mise en r\u00e9seau <\/li><li>Conseil pour le d\u00e9veloppement h\u00f4telier d\u2019un territoire : rencontre avec les porteurs de projets, identification des fonciers disponibles, mise \u00e0 disposition des outils de l\u2019observatoire du tourisme,\u2026<\/li><li>Aide \u00e0 la communication sur les \u00e9v\u00e8nements des collectivit\u00e9s et relai sur le site www.tourisme-valdemarne.com<\/li><\/ul>\n\n\n\n<h2 class=\"wp-block-heading\">Accompagnement des porteurs de projets priv\u00e9s et associatifs<\/h2>\n\n\n\n<ul class=\"wp-block-list\"><li>Soutien et accompagnement dans le montage technique des projets<\/li><li>Aide dans la recherche de financements en aidant \u00e0 r\u00e9pondre aux appels \u00e0 projets r\u00e9gionaux et ainsi obtenir des aides financi\u00e8res et subventions (R\u00e9gion et D\u00e9partement).<\/li><li>Informations sur les tendances, chiffres cl\u00e9s, donn\u00e9es de l\u2019observatoire,\u2026 pour le positionnement de projets<\/li><\/ul>\n\n\n\n<h2 class=\"wp-block-heading\">Les projets d\u00e9j\u00e0 accompagn\u00e9s en Val-de-Marne<\/h2>\n\n\n\n<p>Depuis 2002, Val-de-Marne Tourisme &amp; Loisirs a accompagn\u00e9 de nombreux projets, dont <\/p>\n\n\n\n<ul class=\"wp-block-list\"><li>l\u2019Ecole v\u00e9t\u00e9rinaire d\u2019Alfort \/ Mus\u00e9e Fragonard<\/li><li>l\u2019Association Au Fil de l\u2019Eau \/ acquisition de bateaux \u00e9lectriques<\/li><li>la Ville d\u2019Alfortville \/ CG94\/ Ville de Vitry-sur-Seine \/ Etude et travaux de valorisation du Pont du Port \u00e0 l\u2019Anglais<\/li><li>la Ville de Joinville-le-Pont \/ am\u00e9nagement du port de plaisance<\/li><li>la Ville de Nogent-sur-Marne \/ am\u00e9nagement du port de plaisance, \u00e9tude de faisabilit\u00e9 d\u2019\u00e9quipement<\/li><li>la Ville de Bry-sur-Marne \/ projet li\u00e9 \u00e0 Daguerre et son diorama<\/li><li>la Ville de Champigny-sur-Marne \/ am\u00e9nagement de son office de tourisme<\/li><li>la Ville de Vincennes \/ relocalisation et am\u00e9nagement de l\u2019office de tourisme de Vincennes, cr\u00e9ation d\u2019audioguides sur le patrimoine architectural de la ville<\/li><li>la Ville de Vitry-sur-Seine \/ accompagnement en communication autour de l\u2019\u00e9v\u00e8nement sur les cultures urbaines Mur\/murs<\/li><li>la Ville de St Maur-des-Foss\u00e9s \/ am\u00e9nagement d\u2019un espace d\u2019accueil fluvial pour une activit\u00e9 nautique douce<\/li><li>Accompagnement de l\u2019EPT Grand Paris Sud Est Avenir sur sa r\u00e9flexion strat\u00e9gique Tourisme (GPSEA)<\/li><li>l\u2019Exploradome \/ d\u00e9veloppement de l\u2019offre propos\u00e9e au public<\/li><li>le Ch\u00e2teau de Grosbois \/ \u00e9tude de positionnement strat\u00e9gique<\/li><li>le Ch\u00e2teau de Vincennes \/ cr\u00e9ation d\u2019audioguides<\/li><li>Centre Paris &#8211; Mandres-les-Roses PEP75 \/ r\u00e9novation et am\u00e9nagement du centre d\u2019h\u00e9bergement<\/li><li>Playmobil Fun Park \/ mise en s\u00e9curit\u00e9 du site<\/li><li>RATP \/ Accompagnement pour la gestion des visites guid\u00e9es du site de Villeneuve Triage \/ Patrimoine roulant de la RATP \u00e0 Villeneuve Saint-Georges<\/li><\/ul>\n\n\n\n<p class=\"is-style-highlight\">Pour plus d\u2019informations sur l\u2019accompagnement propos\u00e9 par Val-de-Marne Tourisme &amp; Loisirs et sur le Fonds r\u00e9gional pour le tourisme, <a href=\"mailto:&#102;&#114;&#111;b&#108;&#111;&#116;&#64;to&#117;&#114;&#105;sm&#101;-&#118;a&#108;dema&#114;n&#101;&#46;com\" target=\"_blank\" rel=\"noreferrer noopener\" aria-label=\"contactez Fran\u00e7ois Roblot (s\u2019ouvre dans un nouvel onglet)\">contactez Fran\u00e7ois Roblot<\/a>.<\/p>\n","protected":false},"excerpt":{"rendered":"<p>Val-de-Marne Tourisme &amp; Loisirs conseille et accompagne collectivit\u00e9s, associations et porteurs de projets priv\u00e9s dans leurs investissements et projets de d\u00e9veloppement touristique. Depuis pr\u00e8s de 20 ans, il met \u00e0 disposition ses comp\u00e9tences et outils pour les aider dans leurs prises de d\u00e9cisions et dans le montage op\u00e9rationnel de leurs projets. Soutien des collectivit\u00e9s Accompagnement [&hellip;]<\/p>\n","protected":false},"author":1,"featured_media":729,"parent":11,"menu_order":70,"comment_status":"closed","ping_status":"closed","template":"","meta":{"_relevanssi_hide_post":"","_relevanssi_hide_content":"","_relevanssi_pin_for_all":"","_relevanssi_pin_keywords":"","_relevanssi_unpin_keywords":"","_relevanssi_related_keywords":"","_relevanssi_related_include_ids":"","_relevanssi_related_exclude_ids":"","_relevanssi_related_no_append":"","_relevanssi_related_not_related":"","_relevanssi_related_posts":"","_relevanssi_noindex_reason":"","footnotes":""},"vdmTagMarketing":[],"class_list":["post-114","page","type-page","status-publish","has-post-thumbnail","hentry"],"acf":[],"yoast_head":"<!-- This site is optimized with the Yoast SEO plugin v23.9 - https:\/\/yoast.com\/wordpress\/plugins\/seo\/ -->\n<title>Soutien et accompagnement de projets - Espace Pro<\/title>\n<meta name=\"robots\" content=\"index, follow, max-snippet:-1, max-image-preview:large, max-video-preview:-1\" \/>\n<link rel=\"canonical\" href=\"https:\/\/www.tourisme-valdemarne.com\/espace-pro\/expertises-et-projets\/soutien-et-accompagnement-de-projets\/\" \/>\n<meta property=\"og:locale\" content=\"fr_FR\" \/>\n<meta property=\"og:type\" content=\"article\" \/>\n<meta property=\"og:title\" content=\"Soutien et accompagnement de projets - Espace Pro\" \/>\n<meta property=\"og:description\" content=\"Val-de-Marne Tourisme &amp; Loisirs conseille et accompagne collectivit\u00e9s, associations et porteurs de projets priv\u00e9s dans leurs investissements et projets de d\u00e9veloppement touristique. Depuis pr\u00e8s de 20 ans, il met \u00e0 disposition ses comp\u00e9tences et outils pour les aider dans leurs prises de d\u00e9cisions et dans le montage op\u00e9rationnel de leurs projets. Soutien des collectivit\u00e9s Accompagnement [&hellip;]\" \/>\n<meta property=\"og:url\" content=\"https:\/\/www.tourisme-valdemarne.com\/espace-pro\/expertises-et-projets\/soutien-et-accompagnement-de-projets\/\" \/>\n<meta property=\"og:site_name\" content=\"Espace Pro\" \/>\n<meta property=\"article:modified_time\" content=\"2019-06-04T15:11:36+00:00\" \/>\n<meta property=\"og:image\" content=\"https:\/\/www.tourisme-valdemarne.com\/espace-pro\/wp-content\/uploads\/sites\/3\/2019\/05\/bateau_electrique-port_joinville-cp-cdt94-photoinfographe.jpg\" \/>\n\t<meta property=\"og:image:width\" content=\"1600\" \/>\n\t<meta property=\"og:image:height\" content=\"900\" \/>\n\t<meta property=\"og:image:type\" content=\"image\/jpeg\" \/>\n<meta name=\"twitter:card\" content=\"summary_large_image\" \/>\n<meta name=\"twitter:label1\" content=\"Dur\u00e9e de lecture estim\u00e9e\" \/>\n\t<meta name=\"twitter:data1\" content=\"3 minutes\" \/>\n<script type=\"application\/ld+json\" class=\"yoast-schema-graph\">{\"@context\":\"https:\/\/schema.org\",\"@graph\":[{\"@type\":\"WebPage\",\"@id\":\"https:\/\/www.tourisme-valdemarne.com\/espace-pro\/expertises-et-projets\/soutien-et-accompagnement-de-projets\/\",\"url\":\"https:\/\/www.tourisme-valdemarne.com\/espace-pro\/expertises-et-projets\/soutien-et-accompagnement-de-projets\/\",\"name\":\"Soutien et accompagnement de projets - Espace Pro\",\"isPartOf\":{\"@id\":\"https:\/\/www.tourisme-valdemarne.com\/espace-pro\/#website\"},\"primaryImageOfPage\":{\"@id\":\"https:\/\/www.tourisme-valdemarne.com\/espace-pro\/expertises-et-projets\/soutien-et-accompagnement-de-projets\/#primaryimage\"},\"image\":{\"@id\":\"https:\/\/www.tourisme-valdemarne.com\/espace-pro\/expertises-et-projets\/soutien-et-accompagnement-de-projets\/#primaryimage\"},\"thumbnailUrl\":\"https:\/\/www.tourisme-valdemarne.com\/espace-pro\/wp-content\/uploads\/sites\/3\/2019\/05\/bateau_electrique-port_joinville-cp-cdt94-photoinfographe.jpg\",\"datePublished\":\"2019-04-16T14:05:54+00:00\",\"dateModified\":\"2019-06-04T15:11:36+00:00\",\"breadcrumb\":{\"@id\":\"https:\/\/www.tourisme-valdemarne.com\/espace-pro\/expertises-et-projets\/soutien-et-accompagnement-de-projets\/#breadcrumb\"},\"inLanguage\":\"fr-FR\",\"potentialAction\":[{\"@type\":\"ReadAction\",\"target\":[\"https:\/\/www.tourisme-valdemarne.com\/espace-pro\/expertises-et-projets\/soutien-et-accompagnement-de-projets\/\"]}]},{\"@type\":\"ImageObject\",\"inLanguage\":\"fr-FR\",\"@id\":\"https:\/\/www.tourisme-valdemarne.com\/espace-pro\/expertises-et-projets\/soutien-et-accompagnement-de-projets\/#primaryimage\",\"url\":\"https:\/\/www.tourisme-valdemarne.com\/espace-pro\/wp-content\/uploads\/sites\/3\/2019\/05\/bateau_electrique-port_joinville-cp-cdt94-photoinfographe.jpg\",\"contentUrl\":\"https:\/\/www.tourisme-valdemarne.com\/espace-pro\/wp-content\/uploads\/sites\/3\/2019\/05\/bateau_electrique-port_joinville-cp-cdt94-photoinfographe.jpg\",\"width\":1600,\"height\":900,\"caption\":\"Port de Joinville-le-Pont\"},{\"@type\":\"BreadcrumbList\",\"@id\":\"https:\/\/www.tourisme-valdemarne.com\/espace-pro\/expertises-et-projets\/soutien-et-accompagnement-de-projets\/#breadcrumb\",\"itemListElement\":[{\"@type\":\"ListItem\",\"position\":1,\"name\":\"Accueil\",\"item\":\"https:\/\/www.tourisme-valdemarne.com\/espace-pro\/\"},{\"@type\":\"ListItem\",\"position\":2,\"name\":\"Expertises et projets\",\"item\":\"https:\/\/www.tourisme-valdemarne.com\/espace-pro\/expertises-et-projets\/\"},{\"@type\":\"ListItem\",\"position\":3,\"name\":\"Soutien et accompagnement de projets\"}]},{\"@type\":\"WebSite\",\"@id\":\"https:\/\/www.tourisme-valdemarne.com\/espace-pro\/#website\",\"url\":\"https:\/\/www.tourisme-valdemarne.com\/espace-pro\/\",\"name\":\"Espace Pro\",\"description\":\"Informations et outils pour les professionnels et la Presse\",\"potentialAction\":[{\"@type\":\"SearchAction\",\"target\":{\"@type\":\"EntryPoint\",\"urlTemplate\":\"https:\/\/www.tourisme-valdemarne.com\/espace-pro\/?s={search_term_string}\"},\"query-input\":{\"@type\":\"PropertyValueSpecification\",\"valueRequired\":true,\"valueName\":\"search_term_string\"}}],\"inLanguage\":\"fr-FR\"}]}<\/script>\n<!-- \/ Yoast SEO plugin. -->","yoast_head_json":{"title":"Soutien et accompagnement de projets - Espace Pro","robots":{"index":"index","follow":"follow","max-snippet":"max-snippet:-1","max-image-preview":"max-image-preview:large","max-video-preview":"max-video-preview:-1"},"canonical":"https:\/\/www.tourisme-valdemarne.com\/espace-pro\/expertises-et-projets\/soutien-et-accompagnement-de-projets\/","og_locale":"fr_FR","og_type":"article","og_title":"Soutien et accompagnement de projets - Espace Pro","og_description":"Val-de-Marne Tourisme &amp; Loisirs conseille et accompagne collectivit\u00e9s, associations et porteurs de projets priv\u00e9s dans leurs investissements et projets de d\u00e9veloppement touristique. Depuis pr\u00e8s de 20 ans, il met \u00e0 disposition ses comp\u00e9tences et outils pour les aider dans leurs prises de d\u00e9cisions et dans le montage op\u00e9rationnel de leurs projets. Soutien des collectivit\u00e9s Accompagnement [&hellip;]","og_url":"https:\/\/www.tourisme-valdemarne.com\/espace-pro\/expertises-et-projets\/soutien-et-accompagnement-de-projets\/","og_site_name":"Espace Pro","article_modified_time":"2019-06-04T15:11:36+00:00","og_image":[{"width":1600,"height":900,"url":"https:\/\/www.tourisme-valdemarne.com\/espace-pro\/wp-content\/uploads\/sites\/3\/2019\/05\/bateau_electrique-port_joinville-cp-cdt94-photoinfographe.jpg","type":"image\/jpeg"}],"twitter_card":"summary_large_image","twitter_misc":{"Dur\u00e9e de lecture estim\u00e9e":"3 minutes"},"schema":{"@context":"https:\/\/schema.org","@graph":[{"@type":"WebPage","@id":"https:\/\/www.tourisme-valdemarne.com\/espace-pro\/expertises-et-projets\/soutien-et-accompagnement-de-projets\/","url":"https:\/\/www.tourisme-valdemarne.com\/espace-pro\/expertises-et-projets\/soutien-et-accompagnement-de-projets\/","name":"Soutien et accompagnement de projets - Espace Pro","isPartOf":{"@id":"https:\/\/www.tourisme-valdemarne.com\/espace-pro\/#website"},"primaryImageOfPage":{"@id":"https:\/\/www.tourisme-valdemarne.com\/espace-pro\/expertises-et-projets\/soutien-et-accompagnement-de-projets\/#primaryimage"},"image":{"@id":"https:\/\/www.tourisme-valdemarne.com\/espace-pro\/expertises-et-projets\/soutien-et-accompagnement-de-projets\/#primaryimage"},"thumbnailUrl":"https:\/\/www.tourisme-valdemarne.com\/espace-pro\/wp-content\/uploads\/sites\/3\/2019\/05\/bateau_electrique-port_joinville-cp-cdt94-photoinfographe.jpg","datePublished":"2019-04-16T14:05:54+00:00","dateModified":"2019-06-04T15:11:36+00:00","breadcrumb":{"@id":"https:\/\/www.tourisme-valdemarne.com\/espace-pro\/expertises-et-projets\/soutien-et-accompagnement-de-projets\/#breadcrumb"},"inLanguage":"fr-FR","potentialAction":[{"@type":"ReadAction","target":["https:\/\/www.tourisme-valdemarne.com\/espace-pro\/expertises-et-projets\/soutien-et-accompagnement-de-projets\/"]}]},{"@type":"ImageObject","inLanguage":"fr-FR","@id":"https:\/\/www.tourisme-valdemarne.com\/espace-pro\/expertises-et-projets\/soutien-et-accompagnement-de-projets\/#primaryimage","url":"https:\/\/www.tourisme-valdemarne.com\/espace-pro\/wp-content\/uploads\/sites\/3\/2019\/05\/bateau_electrique-port_joinville-cp-cdt94-photoinfographe.jpg","contentUrl":"https:\/\/www.tourisme-valdemarne.com\/espace-pro\/wp-content\/uploads\/sites\/3\/2019\/05\/bateau_electrique-port_joinville-cp-cdt94-photoinfographe.jpg","width":1600,"height":900,"caption":"Port de Joinville-le-Pont"},{"@type":"BreadcrumbList","@id":"https:\/\/www.tourisme-valdemarne.com\/espace-pro\/expertises-et-projets\/soutien-et-accompagnement-de-projets\/#breadcrumb","itemListElement":[{"@type":"ListItem","position":1,"name":"Accueil","item":"https:\/\/www.tourisme-valdemarne.com\/espace-pro\/"},{"@type":"ListItem","position":2,"name":"Expertises et projets","item":"https:\/\/www.tourisme-valdemarne.com\/espace-pro\/expertises-et-projets\/"},{"@type":"ListItem","position":3,"name":"Soutien et accompagnement de projets"}]},{"@type":"WebSite","@id":"https:\/\/www.tourisme-valdemarne.com\/espace-pro\/#website","url":"https:\/\/www.tourisme-valdemarne.com\/espace-pro\/","name":"Espace Pro","description":"Informations et outils pour les professionnels et la Presse","potentialAction":[{"@type":"SearchAction","target":{"@type":"EntryPoint","urlTemplate":"https:\/\/www.tourisme-valdemarne.com\/espace-pro\/?s={search_term_string}"},"query-input":{"@type":"PropertyValueSpecification","valueRequired":true,"valueName":"search_term_string"}}],"inLanguage":"fr-FR"}]}},"_links":{"self":[{"href":"https:\/\/www.tourisme-valdemarne.com\/espace-pro\/wp-json\/wp\/v2\/pages\/114","targetHints":{"allow":["GET"]}}],"collection":[{"href":"https:\/\/www.tourisme-valdemarne.com\/espace-pro\/wp-json\/wp\/v2\/pages"}],"about":[{"href":"https:\/\/www.tourisme-valdemarne.com\/espace-pro\/wp-json\/wp\/v2\/types\/page"}],"author":[{"embeddable":true,"href":"https:\/\/www.tourisme-valdemarne.com\/espace-pro\/wp-json\/wp\/v2\/users\/1"}],"replies":[{"embeddable":true,"href":"https:\/\/www.tourisme-valdemarne.com\/espace-pro\/wp-json\/wp\/v2\/comments?post=114"}],"version-history":[{"count":8,"href":"https:\/\/www.tourisme-valdemarne.com\/espace-pro\/wp-json\/wp\/v2\/pages\/114\/revisions"}],"predecessor-version":[{"id":3290,"href":"https:\/\/www.tourisme-valdemarne.com\/espace-pro\/wp-json\/wp\/v2\/pages\/114\/revisions\/3290"}],"up":[{"embeddable":true,"href":"https:\/\/www.tourisme-valdemarne.com\/espace-pro\/wp-json\/wp\/v2\/pages\/11"}],"wp:featuredmedia":[{"embeddable":true,"href":"https:\/\/www.tourisme-valdemarne.com\/espace-pro\/wp-json\/wp\/v2\/media\/729"}],"wp:attachment":[{"href":"https:\/\/www.tourisme-valdemarne.com\/espace-pro\/wp-json\/wp\/v2\/media?parent=114"}],"wp:term":[{"taxonomy":"vdmTagMarketing","embeddable":true,"href":"https:\/\/www.tourisme-valdemarne.com\/espace-pro\/wp-json\/wp\/v2\/vdmTagMarketing?post=114"}],"curies":[{"name":"wp","href":"https:\/\/api.w.org\/{rel}","templated":true}]}}