{"id":11386,"date":"2021-11-09T08:57:42","date_gmt":"2021-11-09T07:57:42","guid":{"rendered":"https:\/\/www.tourisme-valdemarne.com\/espace-pro\/?page_id=11386"},"modified":"2022-04-25T15:44:25","modified_gmt":"2022-04-25T13:44:25","slug":"reunion-delaboration-du-schema-regional-de-developpement-du-tourisme-et-des-loisirs-dile-de-france-2022-2026","status":"publish","type":"page","link":"https:\/\/www.tourisme-valdemarne.com\/espace-pro\/actualites\/reunion-delaboration-du-schema-regional-de-developpement-du-tourisme-et-des-loisirs-dile-de-france-2022-2026\/","title":{"rendered":"R\u00e9union d\u00e9partementale d\u2019\u00e9laboration du Sch\u00e9ma r\u00e9gional de d\u00e9veloppement du tourisme et des loisirs d\u2019\u00cele-de-France 2022-2026"},"content":{"rendered":"\n<p class=\"is-style-excerpt\">Participez \u00e0 la prochaine r\u00e9union d\u00e9partementale d\u2019\u00e9laboration du Sch\u00e9ma r\u00e9gional de d\u00e9veloppement du tourisme et des loisirs d\u2019\u00cele-de-France 2022-2026.<\/p>\n\n\n\n<p>Cette r\u00e9union fait suite aux ateliers auxquels vous aviez \u00e9t\u00e9 convi\u00e9s le 10 f\u00e9vier dernier (en visio-conf\u00e9rence) et sera l\u2019occasion d\u2019\u00e9changer sur les axes strat\u00e9giques permettant la mise en \u0153uvre du Sch\u00e9ma r\u00e9gional de d\u00e9veloppement du tourisme et des loisirs d&rsquo;\u00cele-de-France 2022-2026.<\/p>\n\n\n\n<div class=\"wp-block-buttons is-content-justification-center is-layout-flex wp-container-core-buttons-is-layout-1 wp-block-buttons-is-layout-flex\">\n<div class=\"wp-block-button\"><a class=\"wp-block-button__link\" href=\"#inscrire\">S&rsquo;inscrire<\/a><\/div>\n<\/div>\n\n\n\n<p class=\"is-style-highlight\">La r\u00e9union est report\u00e9e \u00e0 une date ult\u00e9rieure.<\/p>\n\n\n\n<figure class=\"wp-block-gallery has-nested-images columns-4 wp-block-gallery-1 is-layout-flex wp-block-gallery-is-layout-flex\">\n<figure class=\"wp-block-image size-full\"><img width=\"203\" height=\"90\" data-id=\"11394\" data-src=\"https:\/\/www.tourisme-valdemarne.com\/espace-pro\/wp-content\/uploads\/sites\/3\/2021\/11\/paris-region-comite-regional-du-tourisme.png\" alt=\"logo comite regional paris region\" class=\"wp-image-11394\" srcset=\"https:\/\/www.tourisme-valdemarne.com\/espace-pro\/wp-content\/uploads\/sites\/3\/2021\/11\/paris-region-comite-regional-du-tourisme.png 203w, https:\/\/www.tourisme-valdemarne.com\/espace-pro\/wp-content\/uploads\/sites\/3\/2021\/11\/paris-region-comite-regional-du-tourisme-200x89.png 200w\" sizes=\"(max-width: 203px) 100vw, 203px\" \/><\/figure>\n\n\n\n<figure class=\"wp-block-image size-full\"><img width=\"633\" height=\"356\" data-id=\"12466\" data-src=\"https:\/\/www.tourisme-valdemarne.com\/espace-pro\/wp-content\/uploads\/sites\/3\/2022\/04\/logo-val-de-marne-departement.jpg\" alt=\"logo departement val de marne\" class=\"wp-image-12466\" srcset=\"https:\/\/www.tourisme-valdemarne.com\/espace-pro\/wp-content\/uploads\/sites\/3\/2022\/04\/logo-val-de-marne-departement.jpg 633w, https:\/\/www.tourisme-valdemarne.com\/espace-pro\/wp-content\/uploads\/sites\/3\/2022\/04\/logo-val-de-marne-departement-600x337.jpg 600w, https:\/\/www.tourisme-valdemarne.com\/espace-pro\/wp-content\/uploads\/sites\/3\/2022\/04\/logo-val-de-marne-departement-380x214.jpg 380w, https:\/\/www.tourisme-valdemarne.com\/espace-pro\/wp-content\/uploads\/sites\/3\/2022\/04\/logo-val-de-marne-departement-200x112.jpg 200w\" sizes=\"(max-width: 633px) 100vw, 633px\" \/><\/figure>\n\n\n\n<figure class=\"wp-block-image size-full\"><img width=\"1280\" height=\"468\" data-id=\"9188\" data-src=\"https:\/\/www.tourisme-valdemarne.com\/espace-pro\/wp-content\/uploads\/sites\/3\/2021\/04\/logo-region-idf.png\" alt=\"logo region idf\" class=\"wp-image-9188\" srcset=\"https:\/\/www.tourisme-valdemarne.com\/espace-pro\/wp-content\/uploads\/sites\/3\/2021\/04\/logo-region-idf.png 1280w, https:\/\/www.tourisme-valdemarne.com\/espace-pro\/wp-content\/uploads\/sites\/3\/2021\/04\/logo-region-idf-600x219.png 600w, https:\/\/www.tourisme-valdemarne.com\/espace-pro\/wp-content\/uploads\/sites\/3\/2021\/04\/logo-region-idf-1200x439.png 1200w, https:\/\/www.tourisme-valdemarne.com\/espace-pro\/wp-content\/uploads\/sites\/3\/2021\/04\/logo-region-idf-900x329.png 900w, https:\/\/www.tourisme-valdemarne.com\/espace-pro\/wp-content\/uploads\/sites\/3\/2021\/04\/logo-region-idf-380x139.png 380w, https:\/\/www.tourisme-valdemarne.com\/espace-pro\/wp-content\/uploads\/sites\/3\/2021\/04\/logo-region-idf-200x73.png 200w\" sizes=\"(max-width: 1280px) 100vw, 1280px\" \/><\/figure>\n\n\n\n<figure class=\"wp-block-image size-full\"><img width=\"1600\" height=\"900\" data-id=\"645\" data-src=\"https:\/\/www.tourisme-valdemarne.com\/espace-pro\/wp-content\/uploads\/sites\/3\/2019\/05\/vdm_court_logo_quadri_rvb-grand.jpg\" alt=\"Logo du CDT 94\" class=\"wp-image-645\" srcset=\"https:\/\/www.tourisme-valdemarne.com\/espace-pro\/wp-content\/uploads\/sites\/3\/2019\/05\/vdm_court_logo_quadri_rvb-grand.jpg 1600w, https:\/\/www.tourisme-valdemarne.com\/espace-pro\/wp-content\/uploads\/sites\/3\/2019\/05\/vdm_court_logo_quadri_rvb-grand-600x338.jpg 600w, https:\/\/www.tourisme-valdemarne.com\/espace-pro\/wp-content\/uploads\/sites\/3\/2019\/05\/vdm_court_logo_quadri_rvb-grand-900x506.jpg 900w, https:\/\/www.tourisme-valdemarne.com\/espace-pro\/wp-content\/uploads\/sites\/3\/2019\/05\/vdm_court_logo_quadri_rvb-grand-1200x675.jpg 1200w, https:\/\/www.tourisme-valdemarne.com\/espace-pro\/wp-content\/uploads\/sites\/3\/2019\/05\/vdm_court_logo_quadri_rvb-grand-200x113.jpg 200w\" sizes=\"(max-width: 1600px) 100vw, 1600px\" \/><\/figure>\n<\/figure>\n\n\n\n<p class=\"is-style-highlight\">D\u00e9couvrez le reste de l&rsquo;<a href=\"https:\/\/www.tourisme-valdemarne.com\/espace-pro\/actualites\/\" target=\"_blank\" rel=\"noreferrer noopener\">actualit\u00e9 des professionnels du tourisme en Val-de-Marne<\/a>.<\/p>\n","protected":false},"excerpt":{"rendered":"<p>Participez \u00e0 la prochaine r\u00e9union d\u00e9partementale d\u2019\u00e9laboration du Sch\u00e9ma r\u00e9gional de d\u00e9veloppement du tourisme et des loisirs d\u2019\u00cele-de-France 2022-2026. Cette r\u00e9union fait suite aux ateliers auxquels vous aviez \u00e9t\u00e9 convi\u00e9s le 10 f\u00e9vier dernier (en visio-conf\u00e9rence) et sera l\u2019occasion d\u2019\u00e9changer sur les axes strat\u00e9giques permettant la mise en \u0153uvre du Sch\u00e9ma r\u00e9gional de d\u00e9veloppement du [&hellip;]<\/p>\n","protected":false},"author":8,"featured_media":11389,"parent":6164,"menu_order":180,"comment_status":"closed","ping_status":"closed","template":"","meta":{"_relevanssi_hide_post":"","_relevanssi_hide_content":"","_relevanssi_pin_for_all":"","_relevanssi_pin_keywords":"","_relevanssi_unpin_keywords":"","_relevanssi_related_keywords":"","_relevanssi_related_include_ids":"","_relevanssi_related_exclude_ids":"","_relevanssi_related_no_append":"","_relevanssi_related_not_related":"","_relevanssi_related_posts":"446,8095,444,8084,8101,2749","_relevanssi_noindex_reason":"","footnotes":""},"vdmTagMarketing":[],"class_list":["post-11386","page","type-page","status-publish","has-post-thumbnail","hentry"],"acf":[],"yoast_head":"<!-- This site is optimized with the Yoast SEO plugin v23.9 - https:\/\/yoast.com\/wordpress\/plugins\/seo\/ -->\n<title>R\u00e9union d\u00e9partementale d\u2019\u00e9laboration du Sch\u00e9ma r\u00e9gional de d\u00e9veloppement du tourisme et des loisirs d\u2019\u00cele-de-France 2022-2026 - Espace Pro<\/title>\n<meta name=\"description\" content=\"Participez \u00e0 la prochaine r\u00e9union d\u2019\u00e9laboration du Sch\u00e9ma r\u00e9gional de d\u00e9veloppement du tourisme et des loisirs d\u2019\u00cele-de-France 2022-2026.\" \/>\n<meta name=\"robots\" content=\"index, follow, max-snippet:-1, max-image-preview:large, max-video-preview:-1\" \/>\n<link rel=\"canonical\" href=\"https:\/\/www.tourisme-valdemarne.com\/espace-pro\/actualites\/reunion-delaboration-du-schema-regional-de-developpement-du-tourisme-et-des-loisirs-dile-de-france-2022-2026\/\" \/>\n<meta property=\"og:locale\" content=\"fr_FR\" \/>\n<meta property=\"og:type\" content=\"article\" \/>\n<meta property=\"og:title\" content=\"R\u00e9union d\u00e9partementale d\u2019\u00e9laboration du Sch\u00e9ma r\u00e9gional de d\u00e9veloppement du tourisme et des loisirs d\u2019\u00cele-de-France 2022-2026 - Espace Pro\" \/>\n<meta property=\"og:description\" content=\"Participez \u00e0 la prochaine r\u00e9union d\u2019\u00e9laboration du Sch\u00e9ma r\u00e9gional de d\u00e9veloppement du tourisme et des loisirs d\u2019\u00cele-de-France 2022-2026.\" \/>\n<meta property=\"og:url\" content=\"https:\/\/www.tourisme-valdemarne.com\/espace-pro\/actualites\/reunion-delaboration-du-schema-regional-de-developpement-du-tourisme-et-des-loisirs-dile-de-france-2022-2026\/\" \/>\n<meta property=\"og:site_name\" content=\"Espace Pro\" \/>\n<meta property=\"article:modified_time\" content=\"2022-04-25T13:44:25+00:00\" \/>\n<meta property=\"og:image\" content=\"https:\/\/www.tourisme-valdemarne.com\/espace-pro\/wp-content\/uploads\/sites\/3\/2021\/11\/meeting-reunion-pro.jpg\" \/>\n\t<meta property=\"og:image:width\" content=\"1280\" \/>\n\t<meta property=\"og:image:height\" content=\"1917\" \/>\n\t<meta property=\"og:image:type\" content=\"image\/jpeg\" \/>\n<meta name=\"twitter:card\" content=\"summary_large_image\" \/>\n<meta name=\"twitter:label1\" content=\"Dur\u00e9e de lecture estim\u00e9e\" \/>\n\t<meta name=\"twitter:data1\" content=\"2 minutes\" \/>\n<script type=\"application\/ld+json\" class=\"yoast-schema-graph\">{\"@context\":\"https:\/\/schema.org\",\"@graph\":[{\"@type\":\"WebPage\",\"@id\":\"https:\/\/www.tourisme-valdemarne.com\/espace-pro\/actualites\/reunion-delaboration-du-schema-regional-de-developpement-du-tourisme-et-des-loisirs-dile-de-france-2022-2026\/\",\"url\":\"https:\/\/www.tourisme-valdemarne.com\/espace-pro\/actualites\/reunion-delaboration-du-schema-regional-de-developpement-du-tourisme-et-des-loisirs-dile-de-france-2022-2026\/\",\"name\":\"R\u00e9union d\u00e9partementale d\u2019\u00e9laboration du Sch\u00e9ma r\u00e9gional de d\u00e9veloppement du tourisme et des loisirs d\u2019\u00cele-de-France 2022-2026 - Espace Pro\",\"isPartOf\":{\"@id\":\"https:\/\/www.tourisme-valdemarne.com\/espace-pro\/#website\"},\"primaryImageOfPage\":{\"@id\":\"https:\/\/www.tourisme-valdemarne.com\/espace-pro\/actualites\/reunion-delaboration-du-schema-regional-de-developpement-du-tourisme-et-des-loisirs-dile-de-france-2022-2026\/#primaryimage\"},\"image\":{\"@id\":\"https:\/\/www.tourisme-valdemarne.com\/espace-pro\/actualites\/reunion-delaboration-du-schema-regional-de-developpement-du-tourisme-et-des-loisirs-dile-de-france-2022-2026\/#primaryimage\"},\"thumbnailUrl\":\"https:\/\/www.tourisme-valdemarne.com\/espace-pro\/wp-content\/uploads\/sites\/3\/2021\/11\/meeting-reunion-pro.jpg\",\"datePublished\":\"2021-11-09T07:57:42+00:00\",\"dateModified\":\"2022-04-25T13:44:25+00:00\",\"description\":\"Participez \u00e0 la prochaine r\u00e9union d\u2019\u00e9laboration du Sch\u00e9ma r\u00e9gional de d\u00e9veloppement du tourisme et des loisirs d\u2019\u00cele-de-France 2022-2026.\",\"breadcrumb\":{\"@id\":\"https:\/\/www.tourisme-valdemarne.com\/espace-pro\/actualites\/reunion-delaboration-du-schema-regional-de-developpement-du-tourisme-et-des-loisirs-dile-de-france-2022-2026\/#breadcrumb\"},\"inLanguage\":\"fr-FR\",\"potentialAction\":[{\"@type\":\"ReadAction\",\"target\":[\"https:\/\/www.tourisme-valdemarne.com\/espace-pro\/actualites\/reunion-delaboration-du-schema-regional-de-developpement-du-tourisme-et-des-loisirs-dile-de-france-2022-2026\/\"]}]},{\"@type\":\"ImageObject\",\"inLanguage\":\"fr-FR\",\"@id\":\"https:\/\/www.tourisme-valdemarne.com\/espace-pro\/actualites\/reunion-delaboration-du-schema-regional-de-developpement-du-tourisme-et-des-loisirs-dile-de-france-2022-2026\/#primaryimage\",\"url\":\"https:\/\/www.tourisme-valdemarne.com\/espace-pro\/wp-content\/uploads\/sites\/3\/2021\/11\/meeting-reunion-pro.jpg\",\"contentUrl\":\"https:\/\/www.tourisme-valdemarne.com\/espace-pro\/wp-content\/uploads\/sites\/3\/2021\/11\/meeting-reunion-pro.jpg\",\"width\":1280,\"height\":1917,\"caption\":\"meeting reunion pro\"},{\"@type\":\"BreadcrumbList\",\"@id\":\"https:\/\/www.tourisme-valdemarne.com\/espace-pro\/actualites\/reunion-delaboration-du-schema-regional-de-developpement-du-tourisme-et-des-loisirs-dile-de-france-2022-2026\/#breadcrumb\",\"itemListElement\":[{\"@type\":\"ListItem\",\"position\":1,\"name\":\"Accueil\",\"item\":\"https:\/\/www.tourisme-valdemarne.com\/espace-pro\/\"},{\"@type\":\"ListItem\",\"position\":2,\"name\":\"Actualit\u00e9s de l&rsquo;espace pro\",\"item\":\"https:\/\/www.tourisme-valdemarne.com\/espace-pro\/actualites\/\"},{\"@type\":\"ListItem\",\"position\":3,\"name\":\"R\u00e9union d\u00e9partementale d\u2019\u00e9laboration du Sch\u00e9ma r\u00e9gional de d\u00e9veloppement du tourisme et des loisirs d\u2019\u00cele-de-France 2022-2026\"}]},{\"@type\":\"WebSite\",\"@id\":\"https:\/\/www.tourisme-valdemarne.com\/espace-pro\/#website\",\"url\":\"https:\/\/www.tourisme-valdemarne.com\/espace-pro\/\",\"name\":\"Espace Pro\",\"description\":\"Informations et outils pour les professionnels et la Presse\",\"potentialAction\":[{\"@type\":\"SearchAction\",\"target\":{\"@type\":\"EntryPoint\",\"urlTemplate\":\"https:\/\/www.tourisme-valdemarne.com\/espace-pro\/?s={search_term_string}\"},\"query-input\":{\"@type\":\"PropertyValueSpecification\",\"valueRequired\":true,\"valueName\":\"search_term_string\"}}],\"inLanguage\":\"fr-FR\"}]}<\/script>\n<!-- \/ Yoast SEO plugin. -->","yoast_head_json":{"title":"R\u00e9union d\u00e9partementale d\u2019\u00e9laboration du Sch\u00e9ma r\u00e9gional de d\u00e9veloppement du tourisme et des loisirs d\u2019\u00cele-de-France 2022-2026 - Espace Pro","description":"Participez \u00e0 la prochaine r\u00e9union d\u2019\u00e9laboration du Sch\u00e9ma r\u00e9gional de d\u00e9veloppement du tourisme et des loisirs d\u2019\u00cele-de-France 2022-2026.","robots":{"index":"index","follow":"follow","max-snippet":"max-snippet:-1","max-image-preview":"max-image-preview:large","max-video-preview":"max-video-preview:-1"},"canonical":"https:\/\/www.tourisme-valdemarne.com\/espace-pro\/actualites\/reunion-delaboration-du-schema-regional-de-developpement-du-tourisme-et-des-loisirs-dile-de-france-2022-2026\/","og_locale":"fr_FR","og_type":"article","og_title":"R\u00e9union d\u00e9partementale d\u2019\u00e9laboration du Sch\u00e9ma r\u00e9gional de d\u00e9veloppement du tourisme et des loisirs d\u2019\u00cele-de-France 2022-2026 - Espace Pro","og_description":"Participez \u00e0 la prochaine r\u00e9union d\u2019\u00e9laboration du Sch\u00e9ma r\u00e9gional de d\u00e9veloppement du tourisme et des loisirs d\u2019\u00cele-de-France 2022-2026.","og_url":"https:\/\/www.tourisme-valdemarne.com\/espace-pro\/actualites\/reunion-delaboration-du-schema-regional-de-developpement-du-tourisme-et-des-loisirs-dile-de-france-2022-2026\/","og_site_name":"Espace Pro","article_modified_time":"2022-04-25T13:44:25+00:00","og_image":[{"width":1280,"height":1917,"url":"https:\/\/www.tourisme-valdemarne.com\/espace-pro\/wp-content\/uploads\/sites\/3\/2021\/11\/meeting-reunion-pro.jpg","type":"image\/jpeg"}],"twitter_card":"summary_large_image","twitter_misc":{"Dur\u00e9e de lecture estim\u00e9e":"2 minutes"},"schema":{"@context":"https:\/\/schema.org","@graph":[{"@type":"WebPage","@id":"https:\/\/www.tourisme-valdemarne.com\/espace-pro\/actualites\/reunion-delaboration-du-schema-regional-de-developpement-du-tourisme-et-des-loisirs-dile-de-france-2022-2026\/","url":"https:\/\/www.tourisme-valdemarne.com\/espace-pro\/actualites\/reunion-delaboration-du-schema-regional-de-developpement-du-tourisme-et-des-loisirs-dile-de-france-2022-2026\/","name":"R\u00e9union d\u00e9partementale d\u2019\u00e9laboration du Sch\u00e9ma r\u00e9gional de d\u00e9veloppement du tourisme et des loisirs d\u2019\u00cele-de-France 2022-2026 - Espace Pro","isPartOf":{"@id":"https:\/\/www.tourisme-valdemarne.com\/espace-pro\/#website"},"primaryImageOfPage":{"@id":"https:\/\/www.tourisme-valdemarne.com\/espace-pro\/actualites\/reunion-delaboration-du-schema-regional-de-developpement-du-tourisme-et-des-loisirs-dile-de-france-2022-2026\/#primaryimage"},"image":{"@id":"https:\/\/www.tourisme-valdemarne.com\/espace-pro\/actualites\/reunion-delaboration-du-schema-regional-de-developpement-du-tourisme-et-des-loisirs-dile-de-france-2022-2026\/#primaryimage"},"thumbnailUrl":"https:\/\/www.tourisme-valdemarne.com\/espace-pro\/wp-content\/uploads\/sites\/3\/2021\/11\/meeting-reunion-pro.jpg","datePublished":"2021-11-09T07:57:42+00:00","dateModified":"2022-04-25T13:44:25+00:00","description":"Participez \u00e0 la prochaine r\u00e9union d\u2019\u00e9laboration du Sch\u00e9ma r\u00e9gional de d\u00e9veloppement du tourisme et des loisirs d\u2019\u00cele-de-France 2022-2026.","breadcrumb":{"@id":"https:\/\/www.tourisme-valdemarne.com\/espace-pro\/actualites\/reunion-delaboration-du-schema-regional-de-developpement-du-tourisme-et-des-loisirs-dile-de-france-2022-2026\/#breadcrumb"},"inLanguage":"fr-FR","potentialAction":[{"@type":"ReadAction","target":["https:\/\/www.tourisme-valdemarne.com\/espace-pro\/actualites\/reunion-delaboration-du-schema-regional-de-developpement-du-tourisme-et-des-loisirs-dile-de-france-2022-2026\/"]}]},{"@type":"ImageObject","inLanguage":"fr-FR","@id":"https:\/\/www.tourisme-valdemarne.com\/espace-pro\/actualites\/reunion-delaboration-du-schema-regional-de-developpement-du-tourisme-et-des-loisirs-dile-de-france-2022-2026\/#primaryimage","url":"https:\/\/www.tourisme-valdemarne.com\/espace-pro\/wp-content\/uploads\/sites\/3\/2021\/11\/meeting-reunion-pro.jpg","contentUrl":"https:\/\/www.tourisme-valdemarne.com\/espace-pro\/wp-content\/uploads\/sites\/3\/2021\/11\/meeting-reunion-pro.jpg","width":1280,"height":1917,"caption":"meeting reunion pro"},{"@type":"BreadcrumbList","@id":"https:\/\/www.tourisme-valdemarne.com\/espace-pro\/actualites\/reunion-delaboration-du-schema-regional-de-developpement-du-tourisme-et-des-loisirs-dile-de-france-2022-2026\/#breadcrumb","itemListElement":[{"@type":"ListItem","position":1,"name":"Accueil","item":"https:\/\/www.tourisme-valdemarne.com\/espace-pro\/"},{"@type":"ListItem","position":2,"name":"Actualit\u00e9s de l&rsquo;espace pro","item":"https:\/\/www.tourisme-valdemarne.com\/espace-pro\/actualites\/"},{"@type":"ListItem","position":3,"name":"R\u00e9union d\u00e9partementale d\u2019\u00e9laboration du Sch\u00e9ma r\u00e9gional de d\u00e9veloppement du tourisme et des loisirs d\u2019\u00cele-de-France 2022-2026"}]},{"@type":"WebSite","@id":"https:\/\/www.tourisme-valdemarne.com\/espace-pro\/#website","url":"https:\/\/www.tourisme-valdemarne.com\/espace-pro\/","name":"Espace Pro","description":"Informations et outils pour les professionnels et la Presse","potentialAction":[{"@type":"SearchAction","target":{"@type":"EntryPoint","urlTemplate":"https:\/\/www.tourisme-valdemarne.com\/espace-pro\/?s={search_term_string}"},"query-input":{"@type":"PropertyValueSpecification","valueRequired":true,"valueName":"search_term_string"}}],"inLanguage":"fr-FR"}]}},"_links":{"self":[{"href":"https:\/\/www.tourisme-valdemarne.com\/espace-pro\/wp-json\/wp\/v2\/pages\/11386","targetHints":{"allow":["GET"]}}],"collection":[{"href":"https:\/\/www.tourisme-valdemarne.com\/espace-pro\/wp-json\/wp\/v2\/pages"}],"about":[{"href":"https:\/\/www.tourisme-valdemarne.com\/espace-pro\/wp-json\/wp\/v2\/types\/page"}],"author":[{"embeddable":true,"href":"https:\/\/www.tourisme-valdemarne.com\/espace-pro\/wp-json\/wp\/v2\/users\/8"}],"replies":[{"embeddable":true,"href":"https:\/\/www.tourisme-valdemarne.com\/espace-pro\/wp-json\/wp\/v2\/comments?post=11386"}],"version-history":[{"count":19,"href":"https:\/\/www.tourisme-valdemarne.com\/espace-pro\/wp-json\/wp\/v2\/pages\/11386\/revisions"}],"predecessor-version":[{"id":12467,"href":"https:\/\/www.tourisme-valdemarne.com\/espace-pro\/wp-json\/wp\/v2\/pages\/11386\/revisions\/12467"}],"up":[{"embeddable":true,"href":"https:\/\/www.tourisme-valdemarne.com\/espace-pro\/wp-json\/wp\/v2\/pages\/6164"}],"wp:featuredmedia":[{"embeddable":true,"href":"https:\/\/www.tourisme-valdemarne.com\/espace-pro\/wp-json\/wp\/v2\/media\/11389"}],"wp:attachment":[{"href":"https:\/\/www.tourisme-valdemarne.com\/espace-pro\/wp-json\/wp\/v2\/media?parent=11386"}],"wp:term":[{"taxonomy":"vdmTagMarketing","embeddable":true,"href":"https:\/\/www.tourisme-valdemarne.com\/espace-pro\/wp-json\/wp\/v2\/vdmTagMarketing?post=11386"}],"curies":[{"name":"wp","href":"https:\/\/api.w.org\/{rel}","templated":true}]}}