{"id":105,"date":"2019-04-16T16:03:52","date_gmt":"2019-04-16T14:03:52","guid":{"rendered":"https:\/\/www.tourisme-valdemarne.com\/espace-pro\/reseau-tourisme-territoire"},"modified":"2019-05-27T11:50:02","modified_gmt":"2019-05-27T09:50:02","slug":"reseau-tourisme-territoire","status":"publish","type":"page","link":"https:\/\/www.tourisme-valdemarne.com\/espace-pro\/qui-sommes-nous\/reseau-tourisme-territoire\/","title":{"rendered":"R\u00e9seau Tourisme &amp; Territoire"},"content":{"rendered":"\n<p class=\"is-style-excerpt\">Val-de-Marne Tourisme &amp; Loisirs est adh\u00e9rent au r\u00e9seau national Tourisme &amp; Territoires (ex-Rn2D) et le soutient dans ses actions visant \u00e0 affirmer le r\u00f4le clef des d\u00e9partements dans le d\u00e9veloppement touristique.<\/p>\n\n\n\n<h2 class=\"wp-block-heading\">Rn2d change de nom et devient Tourisme &amp; Territoires<\/h2>\n\n\n\n<div class=\"wp-block-image\"><figure class=\"alignleft is-resized\"><img data-src=\"https:\/\/www.tourisme-valdemarne.com\/espace-pro\/wp-content\/uploads\/sites\/3\/2019\/05\/logo-tourisme-et-territoires-445x600.png\" alt=\"Logo Tourisme et Territoires\" class=\"wp-image-2690\" width=\"111\" height=\"150\" srcset=\"https:\/\/www.tourisme-valdemarne.com\/espace-pro\/wp-content\/uploads\/sites\/3\/2019\/05\/logo-tourisme-et-territoires-445x600.png 445w, https:\/\/www.tourisme-valdemarne.com\/espace-pro\/wp-content\/uploads\/sites\/3\/2019\/05\/logo-tourisme-et-territoires-667x900.png 667w, https:\/\/www.tourisme-valdemarne.com\/espace-pro\/wp-content\/uploads\/sites\/3\/2019\/05\/logo-tourisme-et-territoires-889x1200.png 889w, https:\/\/www.tourisme-valdemarne.com\/espace-pro\/wp-content\/uploads\/sites\/3\/2019\/05\/logo-tourisme-et-territoires-380x513.png 380w, https:\/\/www.tourisme-valdemarne.com\/espace-pro\/wp-content\/uploads\/sites\/3\/2019\/05\/logo-tourisme-et-territoires-200x270.png 200w, https:\/\/www.tourisme-valdemarne.com\/espace-pro\/wp-content\/uploads\/sites\/3\/2019\/05\/logo-tourisme-et-territoires.png 1112w\" sizes=\"(max-width: 111px) 100vw, 111px\" \/><\/figure><\/div>\n\n\n\n<p>\u00c0 l\u2019Assembl\u00e9e G\u00e9n\u00e9rale qui s\u2019est tenue les 7 et 8 juin 2016 \u00e0 Saint-Rapha\u00ebl, le Pr\u00e9sident St\u00e9phane Villain a pr\u00e9sent\u00e9 le nouveau nom du r\u00e9seau national, marquant ainsi une volont\u00e9 de l\u2019inscrire au c\u0153ur des enjeux les plus contemporains.<br>Retrouvez le <a href=\"https:\/\/www.tourisme-valdemarne.com\/espace-pro\/wp-content\/uploads\/sites\/3\/2019\/05\/cp-identite-rn2d-2016.pdf\" target=\"_blank\" rel=\"noreferrer noopener\" aria-label=\"communiqu\u00e9 de presse pr\u00e9sentant cette nouvelle identit\u00e9 (s\u2019ouvre dans un nouvel onglet)\">communiqu\u00e9 de presse pr\u00e9sentant cette nouvelle identit\u00e9<\/a>.<\/p>\n\n\n\n<h3 class=\"wp-block-heading\">Les CDT et ADT \u00ab\u00a0Acc\u00e9l\u00e9rateurs de Tourisme\u00a0\u00bb<\/h3>\n\n\n\n<p>Afin d\u2019affirmer ensemble leur r\u00f4le clef dans le d\u00e9veloppement touristique, le R\u00e9seau National des Destinations D\u00e9partementales (Rn2D) et ses adh\u00e9rents Comit\u00e9s D\u00e9partementaux du Tourisme et<br>Agences de D\u00e9veloppement et de R\u00e9servation Touristiques adoptent une nouvelle signature collective<\/p>\n\n\n\n<div class=\"wp-block-image\"><figure class=\"alignright is-resized\"><img data-src=\"https:\/\/www.tourisme-valdemarne.com\/espace-pro\/wp-content\/uploads\/sites\/3\/2019\/05\/logo-accelerateur-de-tourisme-580x600.png\" alt=\"Logo Acc\u00e9l\u00e9rateur de Tourisme\" class=\"wp-image-2689\" width=\"145\" height=\"150\" srcset=\"https:\/\/www.tourisme-valdemarne.com\/espace-pro\/wp-content\/uploads\/sites\/3\/2019\/05\/logo-accelerateur-de-tourisme-580x600.png 580w, https:\/\/www.tourisme-valdemarne.com\/espace-pro\/wp-content\/uploads\/sites\/3\/2019\/05\/logo-accelerateur-de-tourisme-380x393.png 380w, https:\/\/www.tourisme-valdemarne.com\/espace-pro\/wp-content\/uploads\/sites\/3\/2019\/05\/logo-accelerateur-de-tourisme-200x207.png 200w, https:\/\/www.tourisme-valdemarne.com\/espace-pro\/wp-content\/uploads\/sites\/3\/2019\/05\/logo-accelerateur-de-tourisme-24x24.png 24w, https:\/\/www.tourisme-valdemarne.com\/espace-pro\/wp-content\/uploads\/sites\/3\/2019\/05\/logo-accelerateur-de-tourisme.png 760w\" sizes=\"(max-width: 145px) 100vw, 145px\" \/><\/figure><\/div>\n\n\n\n<p><strong>Se rassembler derri\u00e8re une estampille nationale.<\/strong><\/p>\n\n\n\n<p>Les ADT\/CDT sont au c\u0153ur de l\u2019\u00e9cosyst\u00e8me du tourisme national. Gagner en visibilit\u00e9 aupr\u00e8s de leurs clients professionnels,prestataires priv\u00e9s et partenaires publics, collectivit\u00e9s ou encore grand public \u00e9tait un objectif prioritaire pour l\u2019ensemble du r\u00e9seau<\/p>\n\n\n\n<p><strong>Affirmer le positionnement et l\u2019\u00e9tat d\u2019esprit des ADT\/CDT&#8230;<\/strong><\/p>\n\n\n\n<p><em>\u00ab Les agences et comit\u00e9s d\u00e9partementaux du tourisme sont de v\u00e9ritables acc\u00e9l\u00e9rateurs de croissance,de r\u00e9ussite et de connaissance au service des professionnels du tourisme et des collectivit\u00e9s \u00bb<\/em>, explique Jean-Pierre SERRA, Pr\u00e9sident du Rn2D. <em>\u00ab A travers cette estampille, nous voulons affirmer toute l\u2019efficacit\u00e9 du r\u00e9seau, bas\u00e9e sur un \u00e9tat d\u2019esprit partenarial et des engagements forts envers les territoires et les professionnels. Nos adh\u00e9rents sont \u00e0 la bonne \u00e9chelle pour combiner strat\u00e9gie, actions op\u00e9rationnelles et innovation. \u00bb<\/em><\/p>\n\n\n\n<p><strong>\u2026 bas\u00e9s sur six valeurs d\u00e9fendues ensemble par les D\u00e9partements<\/strong><br> Cette nouvelle identit\u00e9 collective est n\u00e9e d\u2019un important travail collaboratif impliquant l\u2019ensemble du r\u00e9seau. Un comit\u00e9 de pilotage compos\u00e9 de directeurs et de techniciens, des groupes de travail \u00ab m\u00e9tiers \u00bb, et l\u2019appui d\u2019une agence de communication ont permis d\u2019identifier les six valeurs phares sur lesquelles s\u2019appuieront d\u00e9sormais les outils de communication du r\u00e9seau :<\/p>\n\n\n\n<ul class=\"wp-block-list\"><li>L\u2019expertise \u00e0 360\u00b0 : l\u2019ADT\/CDT multi-m\u00e9tier, multi-services, multi-fili\u00e8res<\/li><li>La proximit\u00e9 : g\u00e9ographique, mais aussi humaine avec des interlocuteurs d\u00e9di\u00e9s<\/li><li>L\u2019engagement des hommes et des femmes du r\u00e9seau, ambassadeurs de leur territoire<\/li><li>L\u2019innovation : l\u2019ADT\/CDT, laboratoire d\u2019id\u00e9es permanent<\/li><li>L\u2019esprit du partenariat et de la concertation : une philosophie du \u00ab d\u00e9cider et faire ensemble \u00bb<\/li><li>La force motrice d\u2019un r\u00e9seau national : la culture du partage avant tout<\/li><\/ul>\n\n\n\n<figure class=\"wp-block-embed-youtube wp-block-embed is-type-video is-provider-youtube wp-embed-aspect-16-9 wp-has-aspect-ratio\"><div class=\"wp-block-embed__wrapper\">\n<iframe loading=\"lazy\" title=\"Tourisme &amp; Territoires f\u00eate ses 40 ans !\" width=\"500\" height=\"281\" src=\"https:\/\/www.youtube.com\/embed\/qLnshSbwl0s?feature=oembed\" frameborder=\"0\" allow=\"accelerometer; autoplay; clipboard-write; encrypted-media; gyroscope; picture-in-picture; web-share\" referrerpolicy=\"strict-origin-when-cross-origin\" allowfullscreen><\/iframe>\n<\/div><\/figure>\n","protected":false},"excerpt":{"rendered":"<p>Val-de-Marne Tourisme &amp; Loisirs est adh\u00e9rent au r\u00e9seau national Tourisme &amp; Territoires (ex-Rn2D) et le soutient dans ses actions visant \u00e0 affirmer le r\u00f4le clef des d\u00e9partements dans le d\u00e9veloppement touristique. Rn2d change de nom et devient Tourisme &amp; Territoires \u00c0 l\u2019Assembl\u00e9e G\u00e9n\u00e9rale qui s\u2019est tenue les 7 et 8 juin 2016 \u00e0 Saint-Rapha\u00ebl, le [&hellip;]<\/p>\n","protected":false},"author":1,"featured_media":664,"parent":9,"menu_order":60,"comment_status":"closed","ping_status":"closed","template":"","meta":{"_relevanssi_hide_post":"","_relevanssi_hide_content":"","_relevanssi_pin_for_all":"","_relevanssi_pin_keywords":"","_relevanssi_unpin_keywords":"","_relevanssi_related_keywords":"","_relevanssi_related_include_ids":"","_relevanssi_related_exclude_ids":"","_relevanssi_related_no_append":"","_relevanssi_related_not_related":"","_relevanssi_related_posts":"","_relevanssi_noindex_reason":"","footnotes":""},"vdmTagMarketing":[],"class_list":["post-105","page","type-page","status-publish","has-post-thumbnail","hentry"],"acf":[],"yoast_head":"<!-- This site is optimized with the Yoast SEO plugin v23.9 - https:\/\/yoast.com\/wordpress\/plugins\/seo\/ -->\n<title>R\u00e9seau Tourisme &amp; Territoire - Espace Pro<\/title>\n<meta name=\"robots\" content=\"index, follow, max-snippet:-1, max-image-preview:large, max-video-preview:-1\" \/>\n<link rel=\"canonical\" href=\"https:\/\/www.tourisme-valdemarne.com\/espace-pro\/qui-sommes-nous\/reseau-tourisme-territoire\/\" \/>\n<meta property=\"og:locale\" content=\"fr_FR\" \/>\n<meta property=\"og:type\" content=\"article\" \/>\n<meta property=\"og:title\" content=\"R\u00e9seau Tourisme &amp; Territoire - Espace Pro\" \/>\n<meta property=\"og:description\" content=\"Val-de-Marne Tourisme &amp; Loisirs est adh\u00e9rent au r\u00e9seau national Tourisme &amp; Territoires (ex-Rn2D) et le soutient dans ses actions visant \u00e0 affirmer le r\u00f4le clef des d\u00e9partements dans le d\u00e9veloppement touristique. Rn2d change de nom et devient Tourisme &amp; Territoires \u00c0 l\u2019Assembl\u00e9e G\u00e9n\u00e9rale qui s\u2019est tenue les 7 et 8 juin 2016 \u00e0 Saint-Rapha\u00ebl, le [&hellip;]\" \/>\n<meta property=\"og:url\" content=\"https:\/\/www.tourisme-valdemarne.com\/espace-pro\/qui-sommes-nous\/reseau-tourisme-territoire\/\" \/>\n<meta property=\"og:site_name\" content=\"Espace Pro\" \/>\n<meta property=\"article:modified_time\" content=\"2019-05-27T09:50:02+00:00\" \/>\n<meta property=\"og:image\" content=\"https:\/\/www.tourisme-valdemarne.com\/espace-pro\/wp-content\/uploads\/sites\/3\/2019\/05\/workshop_rn2d-octobre_2012.jpg\" \/>\n\t<meta property=\"og:image:width\" content=\"1600\" \/>\n\t<meta property=\"og:image:height\" content=\"900\" \/>\n\t<meta property=\"og:image:type\" content=\"image\/jpeg\" \/>\n<meta name=\"twitter:card\" content=\"summary_large_image\" \/>\n<meta name=\"twitter:label1\" content=\"Dur\u00e9e de lecture estim\u00e9e\" \/>\n\t<meta name=\"twitter:data1\" content=\"2 minutes\" \/>\n<script type=\"application\/ld+json\" class=\"yoast-schema-graph\">{\"@context\":\"https:\/\/schema.org\",\"@graph\":[{\"@type\":\"WebPage\",\"@id\":\"https:\/\/www.tourisme-valdemarne.com\/espace-pro\/qui-sommes-nous\/reseau-tourisme-territoire\/\",\"url\":\"https:\/\/www.tourisme-valdemarne.com\/espace-pro\/qui-sommes-nous\/reseau-tourisme-territoire\/\",\"name\":\"R\u00e9seau Tourisme &amp; Territoire - Espace Pro\",\"isPartOf\":{\"@id\":\"https:\/\/www.tourisme-valdemarne.com\/espace-pro\/#website\"},\"primaryImageOfPage\":{\"@id\":\"https:\/\/www.tourisme-valdemarne.com\/espace-pro\/qui-sommes-nous\/reseau-tourisme-territoire\/#primaryimage\"},\"image\":{\"@id\":\"https:\/\/www.tourisme-valdemarne.com\/espace-pro\/qui-sommes-nous\/reseau-tourisme-territoire\/#primaryimage\"},\"thumbnailUrl\":\"https:\/\/www.tourisme-valdemarne.com\/espace-pro\/wp-content\/uploads\/sites\/3\/2019\/05\/workshop_rn2d-octobre_2012.jpg\",\"datePublished\":\"2019-04-16T14:03:52+00:00\",\"dateModified\":\"2019-05-27T09:50:02+00:00\",\"breadcrumb\":{\"@id\":\"https:\/\/www.tourisme-valdemarne.com\/espace-pro\/qui-sommes-nous\/reseau-tourisme-territoire\/#breadcrumb\"},\"inLanguage\":\"fr-FR\",\"potentialAction\":[{\"@type\":\"ReadAction\",\"target\":[\"https:\/\/www.tourisme-valdemarne.com\/espace-pro\/qui-sommes-nous\/reseau-tourisme-territoire\/\"]}]},{\"@type\":\"ImageObject\",\"inLanguage\":\"fr-FR\",\"@id\":\"https:\/\/www.tourisme-valdemarne.com\/espace-pro\/qui-sommes-nous\/reseau-tourisme-territoire\/#primaryimage\",\"url\":\"https:\/\/www.tourisme-valdemarne.com\/espace-pro\/wp-content\/uploads\/sites\/3\/2019\/05\/workshop_rn2d-octobre_2012.jpg\",\"contentUrl\":\"https:\/\/www.tourisme-valdemarne.com\/espace-pro\/wp-content\/uploads\/sites\/3\/2019\/05\/workshop_rn2d-octobre_2012.jpg\",\"width\":1600,\"height\":900,\"caption\":\"Workshop Tourisme et Territoires\"},{\"@type\":\"BreadcrumbList\",\"@id\":\"https:\/\/www.tourisme-valdemarne.com\/espace-pro\/qui-sommes-nous\/reseau-tourisme-territoire\/#breadcrumb\",\"itemListElement\":[{\"@type\":\"ListItem\",\"position\":1,\"name\":\"Accueil\",\"item\":\"https:\/\/www.tourisme-valdemarne.com\/espace-pro\/\"},{\"@type\":\"ListItem\",\"position\":2,\"name\":\"Qui sommes-nous ?\",\"item\":\"https:\/\/www.tourisme-valdemarne.com\/espace-pro\/qui-sommes-nous\/\"},{\"@type\":\"ListItem\",\"position\":3,\"name\":\"R\u00e9seau Tourisme &amp; Territoire\"}]},{\"@type\":\"WebSite\",\"@id\":\"https:\/\/www.tourisme-valdemarne.com\/espace-pro\/#website\",\"url\":\"https:\/\/www.tourisme-valdemarne.com\/espace-pro\/\",\"name\":\"Espace Pro\",\"description\":\"Informations et outils pour les professionnels et la Presse\",\"potentialAction\":[{\"@type\":\"SearchAction\",\"target\":{\"@type\":\"EntryPoint\",\"urlTemplate\":\"https:\/\/www.tourisme-valdemarne.com\/espace-pro\/?s={search_term_string}\"},\"query-input\":{\"@type\":\"PropertyValueSpecification\",\"valueRequired\":true,\"valueName\":\"search_term_string\"}}],\"inLanguage\":\"fr-FR\"}]}<\/script>\n<!-- \/ Yoast SEO plugin. -->","yoast_head_json":{"title":"R\u00e9seau Tourisme &amp; Territoire - Espace Pro","robots":{"index":"index","follow":"follow","max-snippet":"max-snippet:-1","max-image-preview":"max-image-preview:large","max-video-preview":"max-video-preview:-1"},"canonical":"https:\/\/www.tourisme-valdemarne.com\/espace-pro\/qui-sommes-nous\/reseau-tourisme-territoire\/","og_locale":"fr_FR","og_type":"article","og_title":"R\u00e9seau Tourisme &amp; Territoire - Espace Pro","og_description":"Val-de-Marne Tourisme &amp; Loisirs est adh\u00e9rent au r\u00e9seau national Tourisme &amp; Territoires (ex-Rn2D) et le soutient dans ses actions visant \u00e0 affirmer le r\u00f4le clef des d\u00e9partements dans le d\u00e9veloppement touristique. Rn2d change de nom et devient Tourisme &amp; Territoires \u00c0 l\u2019Assembl\u00e9e G\u00e9n\u00e9rale qui s\u2019est tenue les 7 et 8 juin 2016 \u00e0 Saint-Rapha\u00ebl, le [&hellip;]","og_url":"https:\/\/www.tourisme-valdemarne.com\/espace-pro\/qui-sommes-nous\/reseau-tourisme-territoire\/","og_site_name":"Espace Pro","article_modified_time":"2019-05-27T09:50:02+00:00","og_image":[{"width":1600,"height":900,"url":"https:\/\/www.tourisme-valdemarne.com\/espace-pro\/wp-content\/uploads\/sites\/3\/2019\/05\/workshop_rn2d-octobre_2012.jpg","type":"image\/jpeg"}],"twitter_card":"summary_large_image","twitter_misc":{"Dur\u00e9e de lecture estim\u00e9e":"2 minutes"},"schema":{"@context":"https:\/\/schema.org","@graph":[{"@type":"WebPage","@id":"https:\/\/www.tourisme-valdemarne.com\/espace-pro\/qui-sommes-nous\/reseau-tourisme-territoire\/","url":"https:\/\/www.tourisme-valdemarne.com\/espace-pro\/qui-sommes-nous\/reseau-tourisme-territoire\/","name":"R\u00e9seau Tourisme &amp; Territoire - Espace Pro","isPartOf":{"@id":"https:\/\/www.tourisme-valdemarne.com\/espace-pro\/#website"},"primaryImageOfPage":{"@id":"https:\/\/www.tourisme-valdemarne.com\/espace-pro\/qui-sommes-nous\/reseau-tourisme-territoire\/#primaryimage"},"image":{"@id":"https:\/\/www.tourisme-valdemarne.com\/espace-pro\/qui-sommes-nous\/reseau-tourisme-territoire\/#primaryimage"},"thumbnailUrl":"https:\/\/www.tourisme-valdemarne.com\/espace-pro\/wp-content\/uploads\/sites\/3\/2019\/05\/workshop_rn2d-octobre_2012.jpg","datePublished":"2019-04-16T14:03:52+00:00","dateModified":"2019-05-27T09:50:02+00:00","breadcrumb":{"@id":"https:\/\/www.tourisme-valdemarne.com\/espace-pro\/qui-sommes-nous\/reseau-tourisme-territoire\/#breadcrumb"},"inLanguage":"fr-FR","potentialAction":[{"@type":"ReadAction","target":["https:\/\/www.tourisme-valdemarne.com\/espace-pro\/qui-sommes-nous\/reseau-tourisme-territoire\/"]}]},{"@type":"ImageObject","inLanguage":"fr-FR","@id":"https:\/\/www.tourisme-valdemarne.com\/espace-pro\/qui-sommes-nous\/reseau-tourisme-territoire\/#primaryimage","url":"https:\/\/www.tourisme-valdemarne.com\/espace-pro\/wp-content\/uploads\/sites\/3\/2019\/05\/workshop_rn2d-octobre_2012.jpg","contentUrl":"https:\/\/www.tourisme-valdemarne.com\/espace-pro\/wp-content\/uploads\/sites\/3\/2019\/05\/workshop_rn2d-octobre_2012.jpg","width":1600,"height":900,"caption":"Workshop Tourisme et Territoires"},{"@type":"BreadcrumbList","@id":"https:\/\/www.tourisme-valdemarne.com\/espace-pro\/qui-sommes-nous\/reseau-tourisme-territoire\/#breadcrumb","itemListElement":[{"@type":"ListItem","position":1,"name":"Accueil","item":"https:\/\/www.tourisme-valdemarne.com\/espace-pro\/"},{"@type":"ListItem","position":2,"name":"Qui sommes-nous ?","item":"https:\/\/www.tourisme-valdemarne.com\/espace-pro\/qui-sommes-nous\/"},{"@type":"ListItem","position":3,"name":"R\u00e9seau Tourisme &amp; Territoire"}]},{"@type":"WebSite","@id":"https:\/\/www.tourisme-valdemarne.com\/espace-pro\/#website","url":"https:\/\/www.tourisme-valdemarne.com\/espace-pro\/","name":"Espace Pro","description":"Informations et outils pour les professionnels et la Presse","potentialAction":[{"@type":"SearchAction","target":{"@type":"EntryPoint","urlTemplate":"https:\/\/www.tourisme-valdemarne.com\/espace-pro\/?s={search_term_string}"},"query-input":{"@type":"PropertyValueSpecification","valueRequired":true,"valueName":"search_term_string"}}],"inLanguage":"fr-FR"}]}},"_links":{"self":[{"href":"https:\/\/www.tourisme-valdemarne.com\/espace-pro\/wp-json\/wp\/v2\/pages\/105","targetHints":{"allow":["GET"]}}],"collection":[{"href":"https:\/\/www.tourisme-valdemarne.com\/espace-pro\/wp-json\/wp\/v2\/pages"}],"about":[{"href":"https:\/\/www.tourisme-valdemarne.com\/espace-pro\/wp-json\/wp\/v2\/types\/page"}],"author":[{"embeddable":true,"href":"https:\/\/www.tourisme-valdemarne.com\/espace-pro\/wp-json\/wp\/v2\/users\/1"}],"replies":[{"embeddable":true,"href":"https:\/\/www.tourisme-valdemarne.com\/espace-pro\/wp-json\/wp\/v2\/comments?post=105"}],"version-history":[{"count":15,"href":"https:\/\/www.tourisme-valdemarne.com\/espace-pro\/wp-json\/wp\/v2\/pages\/105\/revisions"}],"predecessor-version":[{"id":2691,"href":"https:\/\/www.tourisme-valdemarne.com\/espace-pro\/wp-json\/wp\/v2\/pages\/105\/revisions\/2691"}],"up":[{"embeddable":true,"href":"https:\/\/www.tourisme-valdemarne.com\/espace-pro\/wp-json\/wp\/v2\/pages\/9"}],"wp:featuredmedia":[{"embeddable":true,"href":"https:\/\/www.tourisme-valdemarne.com\/espace-pro\/wp-json\/wp\/v2\/media\/664"}],"wp:attachment":[{"href":"https:\/\/www.tourisme-valdemarne.com\/espace-pro\/wp-json\/wp\/v2\/media?parent=105"}],"wp:term":[{"taxonomy":"vdmTagMarketing","embeddable":true,"href":"https:\/\/www.tourisme-valdemarne.com\/espace-pro\/wp-json\/wp\/v2\/vdmTagMarketing?post=105"}],"curies":[{"name":"wp","href":"https:\/\/api.w.org\/{rel}","templated":true}]}}