{"id":10331,"date":"2021-07-29T14:45:20","date_gmt":"2021-07-29T12:45:20","guid":{"rendered":"https:\/\/www.tourisme-valdemarne.com\/espace-pro\/?page_id=10331"},"modified":"2022-04-25T16:10:08","modified_gmt":"2022-04-25T14:10:08","slug":"mercredi-jai-bateau-a-la-decouverte-du-grand-paris-au-fil-de-leau","status":"publish","type":"page","link":"https:\/\/www.tourisme-valdemarne.com\/espace-pro\/presse\/actualites-et-communiques-de-presse\/communiques-de-presse-precedents\/mercredi-jai-bateau-a-la-decouverte-du-grand-paris-au-fil-de-leau\/","title":{"rendered":"Op\u00e9ration \u00ab\u00a0Mercredi, j&rsquo;ai bateau !\u00a0\u00bb"},"content":{"rendered":"\n<p class=\"is-style-excerpt\"><strong>\u00ab&nbsp;Mercredi, j\u2019ai bateau&nbsp;!&nbsp;<\/strong>\u00bb est le nom d&rsquo;une nouvelle op\u00e9ration lanc\u00e9e pour la premi\u00e8re fois par l\u2019Office du Tourisme et des Congr\u00e8s de Paris et le D\u00e9partement des Hauts-de-Seine, en partenariat avec la plateforme Explore Paris et la Communaut\u00e9 Portuaire de Paris, et avec le soutien actif de Val-de-Marne Tourisme &amp; Loisirs. Son objectif&nbsp;: valoriser les territoires du Grand Paris avec l&rsquo;aide des croisi\u00e9ristes parisiens et l\u2019Axe Seine en proposant, du 28 juillet au 15 septembre, une offre de croisi\u00e8res. <\/p>\n\n\n\n<h2 class=\"wp-block-heading\">Des croisi\u00e8res pour d\u00e9couvrir le Grand Paris au fil de l&rsquo;eau<\/h2>\n\n\n\n<div class=\"wp-block-image\"><figure class=\"aligncenter size-large is-resized\"><a href=\"https:\/\/www.tourisme-valdemarne.com\/espace-pro\/wp-content\/uploads\/sites\/3\/2021\/07\/visuel-mercredi-j-ai-bateau.png\"><img data-src=\"https:\/\/www.tourisme-valdemarne.com\/espace-pro\/wp-content\/uploads\/sites\/3\/2021\/07\/visuel-mercredi-j-ai-bateau-800x1200.png\" alt=\"Op\u00e9ration Mercredi, j'ai bateau !\" class=\"wp-image-10332\" width=\"600\" height=\"900\" srcset=\"https:\/\/www.tourisme-valdemarne.com\/espace-pro\/wp-content\/uploads\/sites\/3\/2021\/07\/visuel-mercredi-j-ai-bateau-800x1200.png 800w, https:\/\/www.tourisme-valdemarne.com\/espace-pro\/wp-content\/uploads\/sites\/3\/2021\/07\/visuel-mercredi-j-ai-bateau-400x600.png 400w, https:\/\/www.tourisme-valdemarne.com\/espace-pro\/wp-content\/uploads\/sites\/3\/2021\/07\/visuel-mercredi-j-ai-bateau-600x900.png 600w, https:\/\/www.tourisme-valdemarne.com\/espace-pro\/wp-content\/uploads\/sites\/3\/2021\/07\/visuel-mercredi-j-ai-bateau-1024x1536.png 1024w, https:\/\/www.tourisme-valdemarne.com\/espace-pro\/wp-content\/uploads\/sites\/3\/2021\/07\/visuel-mercredi-j-ai-bateau-1365x2048.png 1365w, https:\/\/www.tourisme-valdemarne.com\/espace-pro\/wp-content\/uploads\/sites\/3\/2021\/07\/visuel-mercredi-j-ai-bateau-380x570.png 380w, https:\/\/www.tourisme-valdemarne.com\/espace-pro\/wp-content\/uploads\/sites\/3\/2021\/07\/visuel-mercredi-j-ai-bateau-200x300.png 200w\" sizes=\"(max-width: 600px) 100vw, 600px\" \/><\/a><figcaption>Op\u00e9ration Mercredi, j&rsquo;ai bateau !<\/figcaption><\/figure><\/div>\n\n\n\n<p>L&rsquo;<strong>op\u00e9ration \u00ab\u00a0Mercredi, j&rsquo;ai bateau !\u00a0\u00bb<\/strong> a pour objectif de valoriser et faire connaitre, aupr\u00e8s des habitants et des visiteurs, une <strong>nouvelle fa\u00e7on de visiter les territoires<\/strong>, <strong>relancer l\u2019activit\u00e9 touristique<\/strong> pendant la saison estivale et <strong>soutenir la fili\u00e8re des croisi\u00e9ristes<\/strong> fortement impact\u00e9e par la crise sanitaire.<\/p>\n\n\n\n<p><strong>Les croisi\u00e8res seront op\u00e9r\u00e9es par Canauxrama et Paris Canal, sous la direction de la Communaut\u00e9 Portuaire de Paris<\/strong> et ce, du 28 juillet <strong>jusqu\u2019au 15 septembre 2021<\/strong>. Les diff\u00e9rents acteurs esp\u00e8rent pouvoir p\u00e9renniser l\u2019offre apr\u00e8s cette grande premi\u00e8re.&nbsp;<\/p>\n\n\n\n<h3 class=\"wp-block-heading\">Des croisi\u00e8res m\u00e9tropolitaines in\u00e9dites programm\u00e9es cet \u00e9t\u00e9<\/h3>\n\n\n\n<p>Depuis la capitale et dans les d\u00e9partements des Hauts-de-Seine, de Seine-Saint-Denis et du Val-de-Marne, retrouvez une offre compl\u00e8te de croisi\u00e8res th\u00e9matiques guid\u00e9es qui rythmeront les mercredis de la p\u00e9riode estivale.<\/p>\n\n\n\n<h4 class=\"wp-block-heading\">Les croisi\u00e8res propos\u00e9es en Val-de-Marne : <\/h4>\n\n\n\n<ul class=\"wp-block-list\"><li>Mercredi 11 ao\u00fbt &#8211; <a href=\"https:\/\/exploreparis.com\/fr\/4199-croisiere-sur-la-seine-amont-architectures.html\" target=\"_blank\" rel=\"noreferrer noopener nofollow\">Croisi\u00e8re sur la Seine Amont : Architectures au bord de l&rsquo;eau.<\/a><\/li><\/ul>\n\n\n\n<p>Cette croisi\u00e8re de 2h30 au d\u00e9part de l&rsquo;Ile de la Cit\u00e9 jusqu&rsquo;\u00e0 Vitry propose aux visiteurs de d\u00e9couvrir l\u2019histoire industrielle de la Seine, tout en racontant un territoire en mutation au travers des nombreux projets d\u2019am\u00e9nagement engag\u00e9s par les communes riveraines.<\/p>\n\n\n\n<ul class=\"wp-block-list\"><li>Mercredi 1er septembre &#8211; <a href=\"https:\/\/exploreparis.com\/fr\/4207-croisiere-joinville-paris.html\" target=\"_blank\" rel=\"noreferrer noopener nofollow\">Croisi\u00e8re entre Paris et Joinville-le-Pont.<\/a><\/li><\/ul>\n\n\n\n<p>Les visiteurs pourront embarquer le matin \u00e0 Paris et d\u00e9barquer \u00e0 Joinville-le-Pont pour le d\u00e9jeuner. Tr\u00e8s pris\u00e9s des Parisiens en goguette \u00e0 la fin du XIXe et au d\u00e9but du XXe si\u00e8cle, les bords de Marne ont conserv\u00e9 un caract\u00e8re naturel et bucolique pour une escapade \u00e0 la fois pittoresque et patrimoniale. Le m\u00eame jour, un d\u00e9part de Joinville-le-Pont vers Paris est pr\u00e9vu \u00e0 14h. Possibilit\u00e9 de prendre son v\u00e9lo pour effectuer le trajet retour.<\/p>\n\n\n\n<ul class=\"wp-block-list\"><li>Mardi 15 septembre &#8211; <a href=\"https:\/\/exploreparis.com\/fr\/4208-croisiere-marne-guinguettes-villegiature.html\" target=\"_blank\" rel=\"noreferrer noopener nofollow\">Croisi\u00e8re sur la Marne, paysages bucoliques, guinguettes et vill\u00e9giature.<\/a><\/li><\/ul>\n\n\n\n<p>Direction Nogent, l\u2019eldorado des dimanches de la Belle Epoque, pour cette croisi\u00e8re comment\u00e9e. Un apr\u00e8s-midi au fil de la Marne, ses clubs nautiques, guinguettes et villas de vill\u00e9giatures.<\/p>\n\n\n\n<div class=\"wp-block-buttons is-content-justification-center is-layout-flex wp-container-core-buttons-is-layout-1 wp-block-buttons-is-layout-flex\">\n<div class=\"wp-block-button\"><a class=\"wp-block-button__link\" href=\"https:\/\/exploreparis.com\/fr\/681_mercredi-j-ai-bateau-\" target=\"_blank\" rel=\"noreferrer noopener\">Offre compl\u00e8te<\/a><\/div>\n<\/div>\n\n\n\n<div class=\"wp-block-buttons is-content-justification-center is-layout-flex wp-container-core-buttons-is-layout-2 wp-block-buttons-is-layout-flex\">\n<div class=\"wp-block-button\"><a class=\"wp-block-button__link\" href=\"https:\/\/www.tourisme-valdemarne.com\/espace-pro\/wp-content\/uploads\/sites\/3\/2021\/07\/communique-presse-mercredi-j-ai-bateau.pdf\" target=\"_blank\" rel=\"noreferrer noopener\">Consulter le communiqu\u00e9 de presse<\/a><\/div>\n<\/div>\n","protected":false},"excerpt":{"rendered":"<p>\u00ab&nbsp;Mercredi, j\u2019ai bateau&nbsp;!&nbsp;\u00bb est le nom d&rsquo;une nouvelle op\u00e9ration lanc\u00e9e pour la premi\u00e8re fois par l\u2019Office du Tourisme et des Congr\u00e8s de Paris et le D\u00e9partement des Hauts-de-Seine, en partenariat avec la plateforme Explore Paris et la Communaut\u00e9 Portuaire de Paris, et avec le soutien actif de Val-de-Marne Tourisme &amp; Loisirs. Son objectif&nbsp;: valoriser les [&hellip;]<\/p>\n","protected":false},"author":10,"featured_media":10332,"parent":2883,"menu_order":0,"comment_status":"closed","ping_status":"closed","template":"","meta":{"_relevanssi_hide_post":"","_relevanssi_hide_content":"","_relevanssi_pin_for_all":"","_relevanssi_pin_keywords":"","_relevanssi_unpin_keywords":"","_relevanssi_related_keywords":"","_relevanssi_related_include_ids":"","_relevanssi_related_exclude_ids":"","_relevanssi_related_no_append":"","_relevanssi_related_not_related":"","_relevanssi_related_posts":"8105,8108,442,8104,444,2741","_relevanssi_noindex_reason":"","footnotes":""},"vdmTagMarketing":[],"class_list":["post-10331","page","type-page","status-publish","has-post-thumbnail","hentry"],"acf":[],"yoast_head":"<!-- This site is optimized with the Yoast SEO plugin v23.9 - https:\/\/yoast.com\/wordpress\/plugins\/seo\/ -->\n<title>Op\u00e9ration &quot;Mercredi, j&#039;ai bateau !&quot; -<\/title>\n<meta name=\"description\" content=\"D\u00e9couvrez les croisi\u00e8res m\u00e9tropolitaines propos\u00e9es dans le cadre de l&#039;op\u00e9ration estivale &quot;Mercredi, j&#039;ai bateau !&quot;.\" \/>\n<meta name=\"robots\" content=\"index, follow, max-snippet:-1, max-image-preview:large, max-video-preview:-1\" \/>\n<link rel=\"canonical\" href=\"https:\/\/www.tourisme-valdemarne.com\/espace-pro\/presse\/actualites-et-communiques-de-presse\/communiques-de-presse-precedents\/mercredi-jai-bateau-a-la-decouverte-du-grand-paris-au-fil-de-leau\/\" \/>\n<meta property=\"og:locale\" content=\"fr_FR\" \/>\n<meta property=\"og:type\" content=\"article\" \/>\n<meta property=\"og:title\" content=\"Op\u00e9ration &quot;Mercredi, j&#039;ai bateau !&quot; -\" \/>\n<meta property=\"og:description\" content=\"D\u00e9couvrez les croisi\u00e8res m\u00e9tropolitaines propos\u00e9es dans le cadre de l&#039;op\u00e9ration estivale &quot;Mercredi, j&#039;ai bateau !&quot;.\" \/>\n<meta property=\"og:url\" content=\"https:\/\/www.tourisme-valdemarne.com\/espace-pro\/presse\/actualites-et-communiques-de-presse\/communiques-de-presse-precedents\/mercredi-jai-bateau-a-la-decouverte-du-grand-paris-au-fil-de-leau\/\" \/>\n<meta property=\"og:site_name\" content=\"Espace Pro\" \/>\n<meta property=\"article:modified_time\" content=\"2022-04-25T14:10:08+00:00\" \/>\n<meta property=\"og:image\" content=\"https:\/\/www.tourisme-valdemarne.com\/espace-pro\/wp-content\/uploads\/sites\/3\/2021\/07\/visuel-mercredi-j-ai-bateau.png\" \/>\n\t<meta property=\"og:image:width\" content=\"2362\" \/>\n\t<meta property=\"og:image:height\" content=\"3543\" \/>\n\t<meta property=\"og:image:type\" content=\"image\/png\" \/>\n<meta name=\"twitter:card\" content=\"summary_large_image\" \/>\n<meta name=\"twitter:label1\" content=\"Dur\u00e9e de lecture estim\u00e9e\" \/>\n\t<meta name=\"twitter:data1\" content=\"3 minutes\" \/>\n<script type=\"application\/ld+json\" class=\"yoast-schema-graph\">{\"@context\":\"https:\/\/schema.org\",\"@graph\":[{\"@type\":\"WebPage\",\"@id\":\"https:\/\/www.tourisme-valdemarne.com\/espace-pro\/presse\/actualites-et-communiques-de-presse\/communiques-de-presse-precedents\/mercredi-jai-bateau-a-la-decouverte-du-grand-paris-au-fil-de-leau\/\",\"url\":\"https:\/\/www.tourisme-valdemarne.com\/espace-pro\/presse\/actualites-et-communiques-de-presse\/communiques-de-presse-precedents\/mercredi-jai-bateau-a-la-decouverte-du-grand-paris-au-fil-de-leau\/\",\"name\":\"Op\u00e9ration \\\"Mercredi, j'ai bateau !\\\" -\",\"isPartOf\":{\"@id\":\"https:\/\/www.tourisme-valdemarne.com\/espace-pro\/#website\"},\"primaryImageOfPage\":{\"@id\":\"https:\/\/www.tourisme-valdemarne.com\/espace-pro\/presse\/actualites-et-communiques-de-presse\/communiques-de-presse-precedents\/mercredi-jai-bateau-a-la-decouverte-du-grand-paris-au-fil-de-leau\/#primaryimage\"},\"image\":{\"@id\":\"https:\/\/www.tourisme-valdemarne.com\/espace-pro\/presse\/actualites-et-communiques-de-presse\/communiques-de-presse-precedents\/mercredi-jai-bateau-a-la-decouverte-du-grand-paris-au-fil-de-leau\/#primaryimage\"},\"thumbnailUrl\":\"https:\/\/www.tourisme-valdemarne.com\/espace-pro\/wp-content\/uploads\/sites\/3\/2021\/07\/visuel-mercredi-j-ai-bateau.png\",\"datePublished\":\"2021-07-29T12:45:20+00:00\",\"dateModified\":\"2022-04-25T14:10:08+00:00\",\"description\":\"D\u00e9couvrez les croisi\u00e8res m\u00e9tropolitaines propos\u00e9es dans le cadre de l'op\u00e9ration estivale \\\"Mercredi, j'ai bateau !\\\".\",\"breadcrumb\":{\"@id\":\"https:\/\/www.tourisme-valdemarne.com\/espace-pro\/presse\/actualites-et-communiques-de-presse\/communiques-de-presse-precedents\/mercredi-jai-bateau-a-la-decouverte-du-grand-paris-au-fil-de-leau\/#breadcrumb\"},\"inLanguage\":\"fr-FR\",\"potentialAction\":[{\"@type\":\"ReadAction\",\"target\":[\"https:\/\/www.tourisme-valdemarne.com\/espace-pro\/presse\/actualites-et-communiques-de-presse\/communiques-de-presse-precedents\/mercredi-jai-bateau-a-la-decouverte-du-grand-paris-au-fil-de-leau\/\"]}]},{\"@type\":\"ImageObject\",\"inLanguage\":\"fr-FR\",\"@id\":\"https:\/\/www.tourisme-valdemarne.com\/espace-pro\/presse\/actualites-et-communiques-de-presse\/communiques-de-presse-precedents\/mercredi-jai-bateau-a-la-decouverte-du-grand-paris-au-fil-de-leau\/#primaryimage\",\"url\":\"https:\/\/www.tourisme-valdemarne.com\/espace-pro\/wp-content\/uploads\/sites\/3\/2021\/07\/visuel-mercredi-j-ai-bateau.png\",\"contentUrl\":\"https:\/\/www.tourisme-valdemarne.com\/espace-pro\/wp-content\/uploads\/sites\/3\/2021\/07\/visuel-mercredi-j-ai-bateau.png\",\"width\":2362,\"height\":3543,\"caption\":\"Op\u00e9ration Mercredi, j'ai bateau !\"},{\"@type\":\"BreadcrumbList\",\"@id\":\"https:\/\/www.tourisme-valdemarne.com\/espace-pro\/presse\/actualites-et-communiques-de-presse\/communiques-de-presse-precedents\/mercredi-jai-bateau-a-la-decouverte-du-grand-paris-au-fil-de-leau\/#breadcrumb\",\"itemListElement\":[{\"@type\":\"ListItem\",\"position\":1,\"name\":\"Accueil\",\"item\":\"https:\/\/www.tourisme-valdemarne.com\/espace-pro\/\"},{\"@type\":\"ListItem\",\"position\":2,\"name\":\"Presse\",\"item\":\"https:\/\/www.tourisme-valdemarne.com\/espace-pro\/presse\/\"},{\"@type\":\"ListItem\",\"position\":3,\"name\":\"Actualit\u00e9s et communiqu\u00e9s de presse\",\"item\":\"https:\/\/www.tourisme-valdemarne.com\/espace-pro\/presse\/actualites-et-communiques-de-presse\/\"},{\"@type\":\"ListItem\",\"position\":4,\"name\":\"Communiqu\u00e9s de presse pr\u00e9c\u00e9dents\",\"item\":\"https:\/\/www.tourisme-valdemarne.com\/espace-pro\/presse\/actualites-et-communiques-de-presse\/communiques-de-presse-precedents\/\"},{\"@type\":\"ListItem\",\"position\":5,\"name\":\"Op\u00e9ration \u00ab\u00a0Mercredi, j&rsquo;ai bateau !\u00a0\u00bb\"}]},{\"@type\":\"WebSite\",\"@id\":\"https:\/\/www.tourisme-valdemarne.com\/espace-pro\/#website\",\"url\":\"https:\/\/www.tourisme-valdemarne.com\/espace-pro\/\",\"name\":\"Espace Pro\",\"description\":\"Informations et outils pour les professionnels et la Presse\",\"potentialAction\":[{\"@type\":\"SearchAction\",\"target\":{\"@type\":\"EntryPoint\",\"urlTemplate\":\"https:\/\/www.tourisme-valdemarne.com\/espace-pro\/?s={search_term_string}\"},\"query-input\":{\"@type\":\"PropertyValueSpecification\",\"valueRequired\":true,\"valueName\":\"search_term_string\"}}],\"inLanguage\":\"fr-FR\"}]}<\/script>\n<!-- \/ Yoast SEO plugin. -->","yoast_head_json":{"title":"Op\u00e9ration \"Mercredi, j'ai bateau !\" -","description":"D\u00e9couvrez les croisi\u00e8res m\u00e9tropolitaines propos\u00e9es dans le cadre de l'op\u00e9ration estivale \"Mercredi, j'ai bateau !\".","robots":{"index":"index","follow":"follow","max-snippet":"max-snippet:-1","max-image-preview":"max-image-preview:large","max-video-preview":"max-video-preview:-1"},"canonical":"https:\/\/www.tourisme-valdemarne.com\/espace-pro\/presse\/actualites-et-communiques-de-presse\/communiques-de-presse-precedents\/mercredi-jai-bateau-a-la-decouverte-du-grand-paris-au-fil-de-leau\/","og_locale":"fr_FR","og_type":"article","og_title":"Op\u00e9ration \"Mercredi, j'ai bateau !\" -","og_description":"D\u00e9couvrez les croisi\u00e8res m\u00e9tropolitaines propos\u00e9es dans le cadre de l'op\u00e9ration estivale \"Mercredi, j'ai bateau !\".","og_url":"https:\/\/www.tourisme-valdemarne.com\/espace-pro\/presse\/actualites-et-communiques-de-presse\/communiques-de-presse-precedents\/mercredi-jai-bateau-a-la-decouverte-du-grand-paris-au-fil-de-leau\/","og_site_name":"Espace Pro","article_modified_time":"2022-04-25T14:10:08+00:00","og_image":[{"width":2362,"height":3543,"url":"https:\/\/www.tourisme-valdemarne.com\/espace-pro\/wp-content\/uploads\/sites\/3\/2021\/07\/visuel-mercredi-j-ai-bateau.png","type":"image\/png"}],"twitter_card":"summary_large_image","twitter_misc":{"Dur\u00e9e de lecture estim\u00e9e":"3 minutes"},"schema":{"@context":"https:\/\/schema.org","@graph":[{"@type":"WebPage","@id":"https:\/\/www.tourisme-valdemarne.com\/espace-pro\/presse\/actualites-et-communiques-de-presse\/communiques-de-presse-precedents\/mercredi-jai-bateau-a-la-decouverte-du-grand-paris-au-fil-de-leau\/","url":"https:\/\/www.tourisme-valdemarne.com\/espace-pro\/presse\/actualites-et-communiques-de-presse\/communiques-de-presse-precedents\/mercredi-jai-bateau-a-la-decouverte-du-grand-paris-au-fil-de-leau\/","name":"Op\u00e9ration \"Mercredi, j'ai bateau !\" -","isPartOf":{"@id":"https:\/\/www.tourisme-valdemarne.com\/espace-pro\/#website"},"primaryImageOfPage":{"@id":"https:\/\/www.tourisme-valdemarne.com\/espace-pro\/presse\/actualites-et-communiques-de-presse\/communiques-de-presse-precedents\/mercredi-jai-bateau-a-la-decouverte-du-grand-paris-au-fil-de-leau\/#primaryimage"},"image":{"@id":"https:\/\/www.tourisme-valdemarne.com\/espace-pro\/presse\/actualites-et-communiques-de-presse\/communiques-de-presse-precedents\/mercredi-jai-bateau-a-la-decouverte-du-grand-paris-au-fil-de-leau\/#primaryimage"},"thumbnailUrl":"https:\/\/www.tourisme-valdemarne.com\/espace-pro\/wp-content\/uploads\/sites\/3\/2021\/07\/visuel-mercredi-j-ai-bateau.png","datePublished":"2021-07-29T12:45:20+00:00","dateModified":"2022-04-25T14:10:08+00:00","description":"D\u00e9couvrez les croisi\u00e8res m\u00e9tropolitaines propos\u00e9es dans le cadre de l'op\u00e9ration estivale \"Mercredi, j'ai bateau !\".","breadcrumb":{"@id":"https:\/\/www.tourisme-valdemarne.com\/espace-pro\/presse\/actualites-et-communiques-de-presse\/communiques-de-presse-precedents\/mercredi-jai-bateau-a-la-decouverte-du-grand-paris-au-fil-de-leau\/#breadcrumb"},"inLanguage":"fr-FR","potentialAction":[{"@type":"ReadAction","target":["https:\/\/www.tourisme-valdemarne.com\/espace-pro\/presse\/actualites-et-communiques-de-presse\/communiques-de-presse-precedents\/mercredi-jai-bateau-a-la-decouverte-du-grand-paris-au-fil-de-leau\/"]}]},{"@type":"ImageObject","inLanguage":"fr-FR","@id":"https:\/\/www.tourisme-valdemarne.com\/espace-pro\/presse\/actualites-et-communiques-de-presse\/communiques-de-presse-precedents\/mercredi-jai-bateau-a-la-decouverte-du-grand-paris-au-fil-de-leau\/#primaryimage","url":"https:\/\/www.tourisme-valdemarne.com\/espace-pro\/wp-content\/uploads\/sites\/3\/2021\/07\/visuel-mercredi-j-ai-bateau.png","contentUrl":"https:\/\/www.tourisme-valdemarne.com\/espace-pro\/wp-content\/uploads\/sites\/3\/2021\/07\/visuel-mercredi-j-ai-bateau.png","width":2362,"height":3543,"caption":"Op\u00e9ration Mercredi, j'ai bateau !"},{"@type":"BreadcrumbList","@id":"https:\/\/www.tourisme-valdemarne.com\/espace-pro\/presse\/actualites-et-communiques-de-presse\/communiques-de-presse-precedents\/mercredi-jai-bateau-a-la-decouverte-du-grand-paris-au-fil-de-leau\/#breadcrumb","itemListElement":[{"@type":"ListItem","position":1,"name":"Accueil","item":"https:\/\/www.tourisme-valdemarne.com\/espace-pro\/"},{"@type":"ListItem","position":2,"name":"Presse","item":"https:\/\/www.tourisme-valdemarne.com\/espace-pro\/presse\/"},{"@type":"ListItem","position":3,"name":"Actualit\u00e9s et communiqu\u00e9s de presse","item":"https:\/\/www.tourisme-valdemarne.com\/espace-pro\/presse\/actualites-et-communiques-de-presse\/"},{"@type":"ListItem","position":4,"name":"Communiqu\u00e9s de presse pr\u00e9c\u00e9dents","item":"https:\/\/www.tourisme-valdemarne.com\/espace-pro\/presse\/actualites-et-communiques-de-presse\/communiques-de-presse-precedents\/"},{"@type":"ListItem","position":5,"name":"Op\u00e9ration \u00ab\u00a0Mercredi, j&rsquo;ai bateau !\u00a0\u00bb"}]},{"@type":"WebSite","@id":"https:\/\/www.tourisme-valdemarne.com\/espace-pro\/#website","url":"https:\/\/www.tourisme-valdemarne.com\/espace-pro\/","name":"Espace Pro","description":"Informations et outils pour les professionnels et la Presse","potentialAction":[{"@type":"SearchAction","target":{"@type":"EntryPoint","urlTemplate":"https:\/\/www.tourisme-valdemarne.com\/espace-pro\/?s={search_term_string}"},"query-input":{"@type":"PropertyValueSpecification","valueRequired":true,"valueName":"search_term_string"}}],"inLanguage":"fr-FR"}]}},"_links":{"self":[{"href":"https:\/\/www.tourisme-valdemarne.com\/espace-pro\/wp-json\/wp\/v2\/pages\/10331","targetHints":{"allow":["GET"]}}],"collection":[{"href":"https:\/\/www.tourisme-valdemarne.com\/espace-pro\/wp-json\/wp\/v2\/pages"}],"about":[{"href":"https:\/\/www.tourisme-valdemarne.com\/espace-pro\/wp-json\/wp\/v2\/types\/page"}],"author":[{"embeddable":true,"href":"https:\/\/www.tourisme-valdemarne.com\/espace-pro\/wp-json\/wp\/v2\/users\/10"}],"replies":[{"embeddable":true,"href":"https:\/\/www.tourisme-valdemarne.com\/espace-pro\/wp-json\/wp\/v2\/comments?post=10331"}],"version-history":[{"count":21,"href":"https:\/\/www.tourisme-valdemarne.com\/espace-pro\/wp-json\/wp\/v2\/pages\/10331\/revisions"}],"predecessor-version":[{"id":12475,"href":"https:\/\/www.tourisme-valdemarne.com\/espace-pro\/wp-json\/wp\/v2\/pages\/10331\/revisions\/12475"}],"up":[{"embeddable":true,"href":"https:\/\/www.tourisme-valdemarne.com\/espace-pro\/wp-json\/wp\/v2\/pages\/2883"}],"wp:featuredmedia":[{"embeddable":true,"href":"https:\/\/www.tourisme-valdemarne.com\/espace-pro\/wp-json\/wp\/v2\/media\/10332"}],"wp:attachment":[{"href":"https:\/\/www.tourisme-valdemarne.com\/espace-pro\/wp-json\/wp\/v2\/media?parent=10331"}],"wp:term":[{"taxonomy":"vdmTagMarketing","embeddable":true,"href":"https:\/\/www.tourisme-valdemarne.com\/espace-pro\/wp-json\/wp\/v2\/vdmTagMarketing?post=10331"}],"curies":[{"name":"wp","href":"https:\/\/api.w.org\/{rel}","templated":true}]}}