{"id":10264,"date":"2021-07-21T14:26:29","date_gmt":"2021-07-21T12:26:29","guid":{"rendered":"https:\/\/www.tourisme-valdemarne.com\/espace-pro\/?page_id=10264"},"modified":"2022-03-24T10:10:41","modified_gmt":"2022-03-24T09:10:41","slug":"extension-du-pass-sanitaire","status":"publish","type":"page","link":"https:\/\/www.tourisme-valdemarne.com\/espace-pro\/actualites\/archives-des-actualites\/extension-du-pass-sanitaire\/","title":{"rendered":"Extension du pass sanitaire"},"content":{"rendered":"\n<p class=\"is-style-excerpt\">\u00c0 compter du 21 juillet 2021, le pass sanitaire est \u00e9tendu et devient obligatoire pour se rendre dans certains lieux culturels et de loisirs recevant plus de 50 personnes. Cette d\u00e9cision gouvernementale intervient suite \u00e0 la <a href=\"https:\/\/www.legifrance.gouv.fr\/jorf\/id\/JORFTEXT000043806125#:~:text=tous%20les%20champs-,D%C3%A9cret%20n%C2%B0%202021%2D955%20du%2019%20juillet%202021%20modifiant,la%20sortie%20de%20crise%20sanitaire\" target=\"_blank\" rel=\"noreferrer noopener\">publication du d\u00e9cret 2021 \u2013 955<\/a> relatif aux structures et activit\u00e9s culturelles.<\/p>\n\n\n\n<h2 class=\"wp-block-heading\">Quels lieux visiter en Val-de-Marne avec le pass sanitaire&nbsp;?<\/h2>\n\n\n\n<p>Concr\u00e8tement, tous les <strong>cin\u00e9mas, th\u00e9\u00e2tres, mus\u00e9es et piscines<\/strong> en France et donc <strong>en Val-de-Marne<\/strong> <strong>qui accueillent en simultan\u00e9 plus de 50 visiteurs sont concern\u00e9s par cette mesure<\/strong>. Pour vous rendre dans l\u2019un de ces lieux, il vous faudra pr\u00e9senter obligatoirement, soit&nbsp;:<\/p>\n\n\n\n<ul class=\"wp-block-list\"><li>&nbsp;une attestation de vaccination compl\u00e8te (au minimum une semaine apr\u00e8s l\u2019injection de la seconde dose du vaccin contre la Covid-19), au format papier ou num\u00e9rique&nbsp;;<\/li><li>ou un test antig\u00e9nique&nbsp;;<\/li><li>ou un test RT-PCR n\u00e9gatif datant de moins de 48 heures.<\/li><\/ul>\n\n\n\n<p>Toutes les personnes de plus de 17&nbsp;ans sont concern\u00e9es par l\u2019extension du pass sanitaire. La mesure concernera \u00e9galement les 12-17 ans \u00e0 compter du 30 ao\u00fbt 2021.<\/p>\n\n\n\n<figure class=\"wp-block-image size-large\"><a href=\"https:\/\/www.tourisme-valdemarne.com\/espace-pro\/wp-content\/uploads\/sites\/3\/2021\/07\/bandeau_pass_sanitaire.jpg\"><img width=\"1024\" height=\"577\" data-src=\"https:\/\/www.tourisme-valdemarne.com\/espace-pro\/wp-content\/uploads\/sites\/3\/2021\/07\/bandeau_pass_sanitaire.jpg\" alt=\"Extension du pass sanitaire\" class=\"wp-image-10265\" srcset=\"https:\/\/www.tourisme-valdemarne.com\/espace-pro\/wp-content\/uploads\/sites\/3\/2021\/07\/bandeau_pass_sanitaire.jpg 1024w, https:\/\/www.tourisme-valdemarne.com\/espace-pro\/wp-content\/uploads\/sites\/3\/2021\/07\/bandeau_pass_sanitaire-600x338.jpg 600w, https:\/\/www.tourisme-valdemarne.com\/espace-pro\/wp-content\/uploads\/sites\/3\/2021\/07\/bandeau_pass_sanitaire-900x507.jpg 900w, https:\/\/www.tourisme-valdemarne.com\/espace-pro\/wp-content\/uploads\/sites\/3\/2021\/07\/bandeau_pass_sanitaire-380x214.jpg 380w, https:\/\/www.tourisme-valdemarne.com\/espace-pro\/wp-content\/uploads\/sites\/3\/2021\/07\/bandeau_pass_sanitaire-200x113.jpg 200w\" sizes=\"(max-width: 1024px) 100vw, 1024px\" \/><\/a><figcaption>Extension du pass sanitaire<\/figcaption><\/figure>\n\n\n\n<h3 class=\"wp-block-heading\">Quid des visites regroup\u00e9es&nbsp;?<\/h3>\n\n\n\n<p>Certaines de nos visites propos\u00e9es sur la <a href=\"https:\/\/exploreparis.com\/fr\/\" target=\"_blank\" rel=\"noreferrer noopener nofollow\">boutique Explore Paris<\/a> sont \u00e9galement concern\u00e9es par cette nouvelle mesure, et est susceptible d\u2019\u00e9voluer r\u00e9guli\u00e8rement&nbsp;:<\/p>\n\n\n\n<ul class=\"wp-block-list\"><li>La Garde r\u00e9publicaine (<a rel=\"noreferrer noopener nofollow\" href=\"https:\/\/exploreparis.com\/fr\/129-coulisses-de-la-cavalerie-de-la-garde-republicaine.html\" target=\"_blank\">C\u00e9lestins<\/a> et <a rel=\"noreferrer noopener nofollow\" href=\"https:\/\/exploreparis.com\/fr\/1102-garde-republicaine-vincennes.html\" target=\"_blank\">Carnot<\/a>)<\/li><li><a rel=\"noreferrer noopener nofollow\" href=\"https:\/\/exploreparis.com\/fr\/2004-invalides-secret.html\" target=\"_blank\">L\u2019H\u00f4tel des Invalides \u2013 Mus\u00e9e de l\u2019Arm\u00e9e<\/a><\/li><li><a rel=\"noreferrer noopener nofollow\" href=\"https:\/\/exploreparis.com\/fr\/1118-mobilier-national-gobelins.html\" target=\"_blank\">Les ateliers des Gobelins<\/a><\/li><li><a rel=\"noreferrer noopener nofollow\" href=\"https:\/\/exploreparis.com\/fr\/4196-visite-reserves-mobilier-national.html\" target=\"_blank\">Le Mobilier national<\/a><\/li><li><a rel=\"noreferrer noopener nofollow\" href=\"https:\/\/exploreparis.com\/fr\/1993-musee-yves-saint-laurent.html\" target=\"_blank\">Le Mus\u00e9e Yves Saint-Laurent<\/a><\/li><li>Les visites des expositions de la Biblioth\u00e8que Fran\u00e7ois-Mitterrand<\/li><li><a href=\"https:\/\/exploreparis.com\/fr\/2558-atelier-enfant-au-mont-valerien.html#\/\" target=\"_blank\" rel=\"noreferrer noopener\">L&rsquo;atelier enfant au Mont-Val\u00e9rien<\/a><\/li><li><a href=\"https:\/\/exploreparis.com\/fr\/2841-memorial-des-martyrs-de-la-deportation-lieu-de-la-memoire.html?search_query=Le%20memorial%20des%20marthyrs%20de%20la%20deport&amp;fast_search=fs\" target=\"_blank\" rel=\"noreferrer noopener\">Le M\u00e9morial des martyrs de la D\u00e9portation, haut lieu de la m\u00e9moire<\/a><\/li><\/ul>\n\n\n\n<div class=\"wp-block-buttons aligncenter is-layout-flex wp-block-buttons-is-layout-flex\">\n<div class=\"wp-block-button\"><a class=\"wp-block-button__link\" href=\"https:\/\/exploreparis.com\/fr\/3__val-de-marne-tourisme-et-loisirs\" target=\"_blank\" rel=\"noreferrer noopener\">Nos visites sur Explore Paris<\/a><\/div>\n<\/div>\n\n\n\n<h3 class=\"wp-block-heading\">Pour les \u00e9v\u00e9nements en Val-de-Marne<\/h3>\n\n\n\n<p>Le pass sanitaire est d\u00e9sormais requis pour acc\u00e9der \u00e0 un spectacle, un concert ou encore un festival qui accueillent plus de 50 personnes. Nous vous conseillons donc de bien vous renseigner au pr\u00e9alable lorsque vous pr\u00e9parez vos sorties, et de contacter si n\u00e9cessaire les organisateurs de ces \u00e9v\u00e9nements.<\/p>\n\n\n\n<div class=\"wp-block-buttons aligncenter is-layout-flex wp-block-buttons-is-layout-flex\">\n<div class=\"wp-block-button\"><a class=\"wp-block-button__link\" href=\"https:\/\/www.tourisme-valdemarne.com\/agendas\/tout-lagenda\/\" target=\"_blank\" rel=\"noreferrer noopener\">Agenda des sorties en Val-de-Marne<\/a><\/div>\n<\/div>\n\n\n\n<h4 class=\"wp-block-heading\">Le calendrier des mesures<\/h4>\n\n\n\n<p>Cette nouvelle r\u00e8gle \u00e9voluera au d\u00e9but du mois d\u2019ao\u00fbt. Elle sera \u00e9tendue aux restaurants, aux bars, ainsi que pour les d\u00e9placements dans les trains et les avions. Les centres commerciaux d\u2019une surface de plus de 20&nbsp;000 m\u00b2 seront aussi concern\u00e9s \u00e0 leur tour.<\/p>\n\n\n\n<p class=\"is-style-highlight\"><a href=\"https:\/\/www.gouvernement.fr\/info-coronavirus\/pass-sanitaire\" target=\"_blank\" rel=\"noreferrer noopener\">Pour plus d\u2019informations sur l\u2019extension du pass sanitaire, rendez-vous sur le site du Gouvernement.<\/a><\/p>\n","protected":false},"excerpt":{"rendered":"<p>\u00c0 compter du 21 juillet 2021, le pass sanitaire est \u00e9tendu et devient obligatoire pour se rendre dans certains lieux culturels et de loisirs recevant plus de 50 personnes. Cette d\u00e9cision gouvernementale intervient suite \u00e0 la publication du d\u00e9cret 2021 \u2013 955 relatif aux structures et activit\u00e9s culturelles. Quels lieux visiter en Val-de-Marne avec le [&hellip;]<\/p>\n","protected":false},"author":10,"featured_media":10268,"parent":9250,"menu_order":176,"comment_status":"closed","ping_status":"closed","template":"","meta":{"_relevanssi_hide_post":"","_relevanssi_hide_content":"","_relevanssi_pin_for_all":"","_relevanssi_pin_keywords":"","_relevanssi_unpin_keywords":"","_relevanssi_related_keywords":"","_relevanssi_related_include_ids":"","_relevanssi_related_exclude_ids":"","_relevanssi_related_no_append":"","_relevanssi_related_not_related":"","_relevanssi_related_posts":"2745,2741,8104,2747,8083,8101","_relevanssi_noindex_reason":"","footnotes":""},"vdmTagMarketing":[],"class_list":["post-10264","page","type-page","status-publish","has-post-thumbnail","hentry"],"acf":[],"yoast_head":"<!-- This site is optimized with the Yoast SEO plugin v23.9 - https:\/\/yoast.com\/wordpress\/plugins\/seo\/ -->\n<title>Extension du pass sanitaire - Espace Pro<\/title>\n<meta name=\"description\" content=\"D\u00e9couvrez quels lieux touristiques en Val-de-Marne sont concern\u00e9s par le pass ainsi que la r\u00e9glementation en vigueur sur cette mesure.\" \/>\n<meta name=\"robots\" content=\"index, follow, max-snippet:-1, max-image-preview:large, max-video-preview:-1\" \/>\n<link rel=\"canonical\" href=\"https:\/\/www.tourisme-valdemarne.com\/espace-pro\/actualites\/archives-des-actualites\/extension-du-pass-sanitaire\/\" \/>\n<meta property=\"og:locale\" content=\"fr_FR\" \/>\n<meta property=\"og:type\" content=\"article\" \/>\n<meta property=\"og:title\" content=\"Extension du pass sanitaire - Espace Pro\" \/>\n<meta property=\"og:description\" content=\"D\u00e9couvrez quels lieux touristiques en Val-de-Marne sont concern\u00e9s par le pass ainsi que la r\u00e9glementation en vigueur sur cette mesure.\" \/>\n<meta property=\"og:url\" content=\"https:\/\/www.tourisme-valdemarne.com\/espace-pro\/actualites\/archives-des-actualites\/extension-du-pass-sanitaire\/\" \/>\n<meta property=\"og:site_name\" content=\"Espace Pro\" \/>\n<meta property=\"article:modified_time\" content=\"2022-03-24T09:10:41+00:00\" \/>\n<meta property=\"og:image\" content=\"https:\/\/www.tourisme-valdemarne.com\/espace-pro\/wp-content\/uploads\/sites\/3\/2021\/07\/pass-sanitaire.png\" \/>\n\t<meta property=\"og:image:width\" content=\"1080\" \/>\n\t<meta property=\"og:image:height\" content=\"1080\" \/>\n\t<meta property=\"og:image:type\" content=\"image\/png\" \/>\n<meta name=\"twitter:card\" content=\"summary_large_image\" \/>\n<meta name=\"twitter:label1\" content=\"Dur\u00e9e de lecture estim\u00e9e\" \/>\n\t<meta name=\"twitter:data1\" content=\"2 minutes\" \/>\n<script type=\"application\/ld+json\" class=\"yoast-schema-graph\">{\"@context\":\"https:\/\/schema.org\",\"@graph\":[{\"@type\":\"WebPage\",\"@id\":\"https:\/\/www.tourisme-valdemarne.com\/espace-pro\/actualites\/archives-des-actualites\/extension-du-pass-sanitaire\/\",\"url\":\"https:\/\/www.tourisme-valdemarne.com\/espace-pro\/actualites\/archives-des-actualites\/extension-du-pass-sanitaire\/\",\"name\":\"Extension du pass sanitaire - Espace Pro\",\"isPartOf\":{\"@id\":\"https:\/\/www.tourisme-valdemarne.com\/espace-pro\/#website\"},\"primaryImageOfPage\":{\"@id\":\"https:\/\/www.tourisme-valdemarne.com\/espace-pro\/actualites\/archives-des-actualites\/extension-du-pass-sanitaire\/#primaryimage\"},\"image\":{\"@id\":\"https:\/\/www.tourisme-valdemarne.com\/espace-pro\/actualites\/archives-des-actualites\/extension-du-pass-sanitaire\/#primaryimage\"},\"thumbnailUrl\":\"https:\/\/www.tourisme-valdemarne.com\/espace-pro\/wp-content\/uploads\/sites\/3\/2021\/07\/pass-sanitaire.png\",\"datePublished\":\"2021-07-21T12:26:29+00:00\",\"dateModified\":\"2022-03-24T09:10:41+00:00\",\"description\":\"D\u00e9couvrez quels lieux touristiques en Val-de-Marne sont concern\u00e9s par le pass ainsi que la r\u00e9glementation en vigueur sur cette mesure.\",\"breadcrumb\":{\"@id\":\"https:\/\/www.tourisme-valdemarne.com\/espace-pro\/actualites\/archives-des-actualites\/extension-du-pass-sanitaire\/#breadcrumb\"},\"inLanguage\":\"fr-FR\",\"potentialAction\":[{\"@type\":\"ReadAction\",\"target\":[\"https:\/\/www.tourisme-valdemarne.com\/espace-pro\/actualites\/archives-des-actualites\/extension-du-pass-sanitaire\/\"]}]},{\"@type\":\"ImageObject\",\"inLanguage\":\"fr-FR\",\"@id\":\"https:\/\/www.tourisme-valdemarne.com\/espace-pro\/actualites\/archives-des-actualites\/extension-du-pass-sanitaire\/#primaryimage\",\"url\":\"https:\/\/www.tourisme-valdemarne.com\/espace-pro\/wp-content\/uploads\/sites\/3\/2021\/07\/pass-sanitaire.png\",\"contentUrl\":\"https:\/\/www.tourisme-valdemarne.com\/espace-pro\/wp-content\/uploads\/sites\/3\/2021\/07\/pass-sanitaire.png\",\"width\":1080,\"height\":1080,\"caption\":\"Extension du pass sanitaire\"},{\"@type\":\"BreadcrumbList\",\"@id\":\"https:\/\/www.tourisme-valdemarne.com\/espace-pro\/actualites\/archives-des-actualites\/extension-du-pass-sanitaire\/#breadcrumb\",\"itemListElement\":[{\"@type\":\"ListItem\",\"position\":1,\"name\":\"Accueil\",\"item\":\"https:\/\/www.tourisme-valdemarne.com\/espace-pro\/\"},{\"@type\":\"ListItem\",\"position\":2,\"name\":\"Actualit\u00e9s de l&rsquo;espace pro\",\"item\":\"https:\/\/www.tourisme-valdemarne.com\/espace-pro\/actualites\/\"},{\"@type\":\"ListItem\",\"position\":3,\"name\":\"Archives des actualit\u00e9s\",\"item\":\"https:\/\/www.tourisme-valdemarne.com\/espace-pro\/actualites\/archives-des-actualites\/\"},{\"@type\":\"ListItem\",\"position\":4,\"name\":\"Extension du pass sanitaire\"}]},{\"@type\":\"WebSite\",\"@id\":\"https:\/\/www.tourisme-valdemarne.com\/espace-pro\/#website\",\"url\":\"https:\/\/www.tourisme-valdemarne.com\/espace-pro\/\",\"name\":\"Espace Pro\",\"description\":\"Informations et outils pour les professionnels et la Presse\",\"potentialAction\":[{\"@type\":\"SearchAction\",\"target\":{\"@type\":\"EntryPoint\",\"urlTemplate\":\"https:\/\/www.tourisme-valdemarne.com\/espace-pro\/?s={search_term_string}\"},\"query-input\":{\"@type\":\"PropertyValueSpecification\",\"valueRequired\":true,\"valueName\":\"search_term_string\"}}],\"inLanguage\":\"fr-FR\"}]}<\/script>\n<!-- \/ Yoast SEO plugin. -->","yoast_head_json":{"title":"Extension du pass sanitaire - Espace Pro","description":"D\u00e9couvrez quels lieux touristiques en Val-de-Marne sont concern\u00e9s par le pass ainsi que la r\u00e9glementation en vigueur sur cette mesure.","robots":{"index":"index","follow":"follow","max-snippet":"max-snippet:-1","max-image-preview":"max-image-preview:large","max-video-preview":"max-video-preview:-1"},"canonical":"https:\/\/www.tourisme-valdemarne.com\/espace-pro\/actualites\/archives-des-actualites\/extension-du-pass-sanitaire\/","og_locale":"fr_FR","og_type":"article","og_title":"Extension du pass sanitaire - Espace Pro","og_description":"D\u00e9couvrez quels lieux touristiques en Val-de-Marne sont concern\u00e9s par le pass ainsi que la r\u00e9glementation en vigueur sur cette mesure.","og_url":"https:\/\/www.tourisme-valdemarne.com\/espace-pro\/actualites\/archives-des-actualites\/extension-du-pass-sanitaire\/","og_site_name":"Espace Pro","article_modified_time":"2022-03-24T09:10:41+00:00","og_image":[{"width":1080,"height":1080,"url":"https:\/\/www.tourisme-valdemarne.com\/espace-pro\/wp-content\/uploads\/sites\/3\/2021\/07\/pass-sanitaire.png","type":"image\/png"}],"twitter_card":"summary_large_image","twitter_misc":{"Dur\u00e9e de lecture estim\u00e9e":"2 minutes"},"schema":{"@context":"https:\/\/schema.org","@graph":[{"@type":"WebPage","@id":"https:\/\/www.tourisme-valdemarne.com\/espace-pro\/actualites\/archives-des-actualites\/extension-du-pass-sanitaire\/","url":"https:\/\/www.tourisme-valdemarne.com\/espace-pro\/actualites\/archives-des-actualites\/extension-du-pass-sanitaire\/","name":"Extension du pass sanitaire - Espace Pro","isPartOf":{"@id":"https:\/\/www.tourisme-valdemarne.com\/espace-pro\/#website"},"primaryImageOfPage":{"@id":"https:\/\/www.tourisme-valdemarne.com\/espace-pro\/actualites\/archives-des-actualites\/extension-du-pass-sanitaire\/#primaryimage"},"image":{"@id":"https:\/\/www.tourisme-valdemarne.com\/espace-pro\/actualites\/archives-des-actualites\/extension-du-pass-sanitaire\/#primaryimage"},"thumbnailUrl":"https:\/\/www.tourisme-valdemarne.com\/espace-pro\/wp-content\/uploads\/sites\/3\/2021\/07\/pass-sanitaire.png","datePublished":"2021-07-21T12:26:29+00:00","dateModified":"2022-03-24T09:10:41+00:00","description":"D\u00e9couvrez quels lieux touristiques en Val-de-Marne sont concern\u00e9s par le pass ainsi que la r\u00e9glementation en vigueur sur cette mesure.","breadcrumb":{"@id":"https:\/\/www.tourisme-valdemarne.com\/espace-pro\/actualites\/archives-des-actualites\/extension-du-pass-sanitaire\/#breadcrumb"},"inLanguage":"fr-FR","potentialAction":[{"@type":"ReadAction","target":["https:\/\/www.tourisme-valdemarne.com\/espace-pro\/actualites\/archives-des-actualites\/extension-du-pass-sanitaire\/"]}]},{"@type":"ImageObject","inLanguage":"fr-FR","@id":"https:\/\/www.tourisme-valdemarne.com\/espace-pro\/actualites\/archives-des-actualites\/extension-du-pass-sanitaire\/#primaryimage","url":"https:\/\/www.tourisme-valdemarne.com\/espace-pro\/wp-content\/uploads\/sites\/3\/2021\/07\/pass-sanitaire.png","contentUrl":"https:\/\/www.tourisme-valdemarne.com\/espace-pro\/wp-content\/uploads\/sites\/3\/2021\/07\/pass-sanitaire.png","width":1080,"height":1080,"caption":"Extension du pass sanitaire"},{"@type":"BreadcrumbList","@id":"https:\/\/www.tourisme-valdemarne.com\/espace-pro\/actualites\/archives-des-actualites\/extension-du-pass-sanitaire\/#breadcrumb","itemListElement":[{"@type":"ListItem","position":1,"name":"Accueil","item":"https:\/\/www.tourisme-valdemarne.com\/espace-pro\/"},{"@type":"ListItem","position":2,"name":"Actualit\u00e9s de l&rsquo;espace pro","item":"https:\/\/www.tourisme-valdemarne.com\/espace-pro\/actualites\/"},{"@type":"ListItem","position":3,"name":"Archives des actualit\u00e9s","item":"https:\/\/www.tourisme-valdemarne.com\/espace-pro\/actualites\/archives-des-actualites\/"},{"@type":"ListItem","position":4,"name":"Extension du pass sanitaire"}]},{"@type":"WebSite","@id":"https:\/\/www.tourisme-valdemarne.com\/espace-pro\/#website","url":"https:\/\/www.tourisme-valdemarne.com\/espace-pro\/","name":"Espace Pro","description":"Informations et outils pour les professionnels et la Presse","potentialAction":[{"@type":"SearchAction","target":{"@type":"EntryPoint","urlTemplate":"https:\/\/www.tourisme-valdemarne.com\/espace-pro\/?s={search_term_string}"},"query-input":{"@type":"PropertyValueSpecification","valueRequired":true,"valueName":"search_term_string"}}],"inLanguage":"fr-FR"}]}},"_links":{"self":[{"href":"https:\/\/www.tourisme-valdemarne.com\/espace-pro\/wp-json\/wp\/v2\/pages\/10264","targetHints":{"allow":["GET"]}}],"collection":[{"href":"https:\/\/www.tourisme-valdemarne.com\/espace-pro\/wp-json\/wp\/v2\/pages"}],"about":[{"href":"https:\/\/www.tourisme-valdemarne.com\/espace-pro\/wp-json\/wp\/v2\/types\/page"}],"author":[{"embeddable":true,"href":"https:\/\/www.tourisme-valdemarne.com\/espace-pro\/wp-json\/wp\/v2\/users\/10"}],"replies":[{"embeddable":true,"href":"https:\/\/www.tourisme-valdemarne.com\/espace-pro\/wp-json\/wp\/v2\/comments?post=10264"}],"version-history":[{"count":12,"href":"https:\/\/www.tourisme-valdemarne.com\/espace-pro\/wp-json\/wp\/v2\/pages\/10264\/revisions"}],"predecessor-version":[{"id":10367,"href":"https:\/\/www.tourisme-valdemarne.com\/espace-pro\/wp-json\/wp\/v2\/pages\/10264\/revisions\/10367"}],"up":[{"embeddable":true,"href":"https:\/\/www.tourisme-valdemarne.com\/espace-pro\/wp-json\/wp\/v2\/pages\/9250"}],"wp:featuredmedia":[{"embeddable":true,"href":"https:\/\/www.tourisme-valdemarne.com\/espace-pro\/wp-json\/wp\/v2\/media\/10268"}],"wp:attachment":[{"href":"https:\/\/www.tourisme-valdemarne.com\/espace-pro\/wp-json\/wp\/v2\/media?parent=10264"}],"wp:term":[{"taxonomy":"vdmTagMarketing","embeddable":true,"href":"https:\/\/www.tourisme-valdemarne.com\/espace-pro\/wp-json\/wp\/v2\/vdmTagMarketing?post=10264"}],"curies":[{"name":"wp","href":"https:\/\/api.w.org\/{rel}","templated":true}]}}