{"id":10113,"date":"2021-07-06T08:56:15","date_gmt":"2021-07-06T06:56:15","guid":{"rendered":"https:\/\/www.tourisme-valdemarne.com\/espace-pro\/?page_id=10113"},"modified":"2022-03-24T10:11:16","modified_gmt":"2022-03-24T09:11:16","slug":"enquete-mondiale-sur-laction-climatique-dans-le-tourisme","status":"publish","type":"page","link":"https:\/\/www.tourisme-valdemarne.com\/espace-pro\/actualites\/archives-des-actualites\/enquete-mondiale-sur-laction-climatique-dans-le-tourisme\/","title":{"rendered":"Enqu\u00eate mondiale sur l&rsquo;action climatique dans le tourisme"},"content":{"rendered":"\n<p class=\"is-style-excerpt\">L\u2019Organisation Mondiale du Tourisme adresse une enqu\u00eate \u00e0 tous les acteurs du tourisme (publics comme priv\u00e9s), qu\u2019ils soient engag\u00e9s ou non dans une d\u00e9marche de transition et qui est disponible en fran\u00e7ais.<\/p>\n\n\n\n<p>Cette enqu\u00eate mondiale permettra de mieux <strong>comprendre les efforts d&rsquo;action climatique en cours<\/strong> dans le secteur du tourisme et <strong>d&rsquo;identifier les initiatives et les opportunit\u00e9s<\/strong> de premier plan pour acc\u00e9l\u00e9rer l&rsquo;action climatique.<\/p>\n\n\n\n<p>Vous avez <strong>jusqu&rsquo;au 15 juillet<\/strong> pour participer \u00e0 l&rsquo;enqu\u00eate, accessible ci-dessous :<\/p>\n\n\n\n<div class=\"wp-block-buttons aligncenter is-layout-flex wp-block-buttons-is-layout-flex\">\n<div class=\"wp-block-button\"><a class=\"wp-block-button__link\" href=\"https:\/\/www.unwto.org\/climate-action-tourism-survey\" target=\"_blank\" rel=\"noreferrer noopener\">Acc\u00e9der \u00e0 l&rsquo;enqu\u00eate<\/a><\/div>\n<\/div>\n\n\n\n<p class=\"is-style-highlight\">D\u00e9couvrez la suite de l&rsquo;<a href=\"https:\/\/www.tourisme-valdemarne.com\/espace-pro\/actualites\/\" target=\"_blank\" rel=\"noreferrer noopener\">actualit\u00e9 des professionnels du tourisme et de la culture dans le sud-est parisien<\/a>.<\/p>\n","protected":false},"excerpt":{"rendered":"<p>L\u2019Organisation Mondiale du Tourisme adresse une enqu\u00eate \u00e0 tous les acteurs du tourisme (publics comme priv\u00e9s), qu\u2019ils soient engag\u00e9s ou non dans une d\u00e9marche de transition et qui est disponible en fran\u00e7ais. Cette enqu\u00eate mondiale permettra de mieux comprendre les efforts d&rsquo;action climatique en cours dans le secteur du tourisme et d&rsquo;identifier les initiatives et [&hellip;]<\/p>\n","protected":false},"author":8,"featured_media":6805,"parent":9250,"menu_order":174,"comment_status":"closed","ping_status":"closed","template":"","meta":{"_relevanssi_hide_post":"","_relevanssi_hide_content":"","_relevanssi_pin_for_all":"","_relevanssi_pin_keywords":"","_relevanssi_unpin_keywords":"","_relevanssi_related_keywords":"","_relevanssi_related_include_ids":"","_relevanssi_related_exclude_ids":"","_relevanssi_related_no_append":"","_relevanssi_related_not_related":"","_relevanssi_related_posts":"2741,442,2747,2749,8084,8104","_relevanssi_noindex_reason":"","footnotes":""},"vdmTagMarketing":[],"class_list":["post-10113","page","type-page","status-publish","has-post-thumbnail","hentry"],"acf":[],"yoast_head":"<!-- This site is optimized with the Yoast SEO plugin v23.9 - https:\/\/yoast.com\/wordpress\/plugins\/seo\/ -->\n<title>Enqu\u00eate mondiale sur l&#039;action climatique dans le tourisme - Espace Pro<\/title>\n<meta name=\"description\" content=\"Jusqu&#039;au 15 juillet, participez \u00e0 l&#039;enqu\u00eate de l&#039;Organisation Mondiale du Tourisme sur l&#039;action climatique dans le secteur du tourisme.\" \/>\n<meta name=\"robots\" content=\"index, follow, max-snippet:-1, max-image-preview:large, max-video-preview:-1\" \/>\n<link rel=\"canonical\" href=\"https:\/\/www.tourisme-valdemarne.com\/espace-pro\/actualites\/archives-des-actualites\/enquete-mondiale-sur-laction-climatique-dans-le-tourisme\/\" \/>\n<meta property=\"og:locale\" content=\"fr_FR\" \/>\n<meta property=\"og:type\" content=\"article\" \/>\n<meta property=\"og:title\" content=\"Enqu\u00eate mondiale sur l&#039;action climatique dans le tourisme - Espace Pro\" \/>\n<meta property=\"og:description\" content=\"Jusqu&#039;au 15 juillet, participez \u00e0 l&#039;enqu\u00eate de l&#039;Organisation Mondiale du Tourisme sur l&#039;action climatique dans le secteur du tourisme.\" \/>\n<meta property=\"og:url\" content=\"https:\/\/www.tourisme-valdemarne.com\/espace-pro\/actualites\/archives-des-actualites\/enquete-mondiale-sur-laction-climatique-dans-le-tourisme\/\" \/>\n<meta property=\"og:site_name\" content=\"Espace Pro\" \/>\n<meta property=\"article:modified_time\" content=\"2022-03-24T09:11:16+00:00\" \/>\n<meta property=\"og:image\" content=\"https:\/\/www.tourisme-valdemarne.com\/espace-pro\/wp-content\/uploads\/sites\/3\/wpetourisme\/Hotel-Daumesnil-Vincennes-7.jpg\" \/>\n\t<meta property=\"og:image:width\" content=\"1600\" \/>\n\t<meta property=\"og:image:height\" content=\"1067\" \/>\n\t<meta property=\"og:image:type\" content=\"image\/jpeg\" \/>\n<meta name=\"twitter:card\" content=\"summary_large_image\" \/>\n<meta name=\"twitter:label1\" content=\"Dur\u00e9e de lecture estim\u00e9e\" \/>\n\t<meta name=\"twitter:data1\" content=\"1 minute\" \/>\n<script type=\"application\/ld+json\" class=\"yoast-schema-graph\">{\"@context\":\"https:\/\/schema.org\",\"@graph\":[{\"@type\":\"WebPage\",\"@id\":\"https:\/\/www.tourisme-valdemarne.com\/espace-pro\/actualites\/archives-des-actualites\/enquete-mondiale-sur-laction-climatique-dans-le-tourisme\/\",\"url\":\"https:\/\/www.tourisme-valdemarne.com\/espace-pro\/actualites\/archives-des-actualites\/enquete-mondiale-sur-laction-climatique-dans-le-tourisme\/\",\"name\":\"Enqu\u00eate mondiale sur l'action climatique dans le tourisme - Espace Pro\",\"isPartOf\":{\"@id\":\"https:\/\/www.tourisme-valdemarne.com\/espace-pro\/#website\"},\"primaryImageOfPage\":{\"@id\":\"https:\/\/www.tourisme-valdemarne.com\/espace-pro\/actualites\/archives-des-actualites\/enquete-mondiale-sur-laction-climatique-dans-le-tourisme\/#primaryimage\"},\"image\":{\"@id\":\"https:\/\/www.tourisme-valdemarne.com\/espace-pro\/actualites\/archives-des-actualites\/enquete-mondiale-sur-laction-climatique-dans-le-tourisme\/#primaryimage\"},\"thumbnailUrl\":\"https:\/\/www.tourisme-valdemarne.com\/espace-pro\/wp-content\/uploads\/sites\/3\/wpetourisme\/Hotel-Daumesnil-Vincennes-7.jpg\",\"datePublished\":\"2021-07-06T06:56:15+00:00\",\"dateModified\":\"2022-03-24T09:11:16+00:00\",\"description\":\"Jusqu'au 15 juillet, participez \u00e0 l'enqu\u00eate de l'Organisation Mondiale du Tourisme sur l'action climatique dans le secteur du tourisme.\",\"breadcrumb\":{\"@id\":\"https:\/\/www.tourisme-valdemarne.com\/espace-pro\/actualites\/archives-des-actualites\/enquete-mondiale-sur-laction-climatique-dans-le-tourisme\/#breadcrumb\"},\"inLanguage\":\"fr-FR\",\"potentialAction\":[{\"@type\":\"ReadAction\",\"target\":[\"https:\/\/www.tourisme-valdemarne.com\/espace-pro\/actualites\/archives-des-actualites\/enquete-mondiale-sur-laction-climatique-dans-le-tourisme\/\"]}]},{\"@type\":\"ImageObject\",\"inLanguage\":\"fr-FR\",\"@id\":\"https:\/\/www.tourisme-valdemarne.com\/espace-pro\/actualites\/archives-des-actualites\/enquete-mondiale-sur-laction-climatique-dans-le-tourisme\/#primaryimage\",\"url\":\"https:\/\/www.tourisme-valdemarne.com\/espace-pro\/wp-content\/uploads\/sites\/3\/wpetourisme\/Hotel-Daumesnil-Vincennes-7.jpg\",\"contentUrl\":\"https:\/\/www.tourisme-valdemarne.com\/espace-pro\/wp-content\/uploads\/sites\/3\/wpetourisme\/Hotel-Daumesnil-Vincennes-7.jpg\",\"width\":1600,\"height\":1067,\"caption\":\"chambre hotel daumesnil vincennes\"},{\"@type\":\"BreadcrumbList\",\"@id\":\"https:\/\/www.tourisme-valdemarne.com\/espace-pro\/actualites\/archives-des-actualites\/enquete-mondiale-sur-laction-climatique-dans-le-tourisme\/#breadcrumb\",\"itemListElement\":[{\"@type\":\"ListItem\",\"position\":1,\"name\":\"Accueil\",\"item\":\"https:\/\/www.tourisme-valdemarne.com\/espace-pro\/\"},{\"@type\":\"ListItem\",\"position\":2,\"name\":\"Actualit\u00e9s de l&rsquo;espace pro\",\"item\":\"https:\/\/www.tourisme-valdemarne.com\/espace-pro\/actualites\/\"},{\"@type\":\"ListItem\",\"position\":3,\"name\":\"Archives des actualit\u00e9s\",\"item\":\"https:\/\/www.tourisme-valdemarne.com\/espace-pro\/actualites\/archives-des-actualites\/\"},{\"@type\":\"ListItem\",\"position\":4,\"name\":\"Enqu\u00eate mondiale sur l&rsquo;action climatique dans le tourisme\"}]},{\"@type\":\"WebSite\",\"@id\":\"https:\/\/www.tourisme-valdemarne.com\/espace-pro\/#website\",\"url\":\"https:\/\/www.tourisme-valdemarne.com\/espace-pro\/\",\"name\":\"Espace Pro\",\"description\":\"Informations et outils pour les professionnels et la Presse\",\"potentialAction\":[{\"@type\":\"SearchAction\",\"target\":{\"@type\":\"EntryPoint\",\"urlTemplate\":\"https:\/\/www.tourisme-valdemarne.com\/espace-pro\/?s={search_term_string}\"},\"query-input\":{\"@type\":\"PropertyValueSpecification\",\"valueRequired\":true,\"valueName\":\"search_term_string\"}}],\"inLanguage\":\"fr-FR\"}]}<\/script>\n<!-- \/ Yoast SEO plugin. -->","yoast_head_json":{"title":"Enqu\u00eate mondiale sur l'action climatique dans le tourisme - Espace Pro","description":"Jusqu'au 15 juillet, participez \u00e0 l'enqu\u00eate de l'Organisation Mondiale du Tourisme sur l'action climatique dans le secteur du tourisme.","robots":{"index":"index","follow":"follow","max-snippet":"max-snippet:-1","max-image-preview":"max-image-preview:large","max-video-preview":"max-video-preview:-1"},"canonical":"https:\/\/www.tourisme-valdemarne.com\/espace-pro\/actualites\/archives-des-actualites\/enquete-mondiale-sur-laction-climatique-dans-le-tourisme\/","og_locale":"fr_FR","og_type":"article","og_title":"Enqu\u00eate mondiale sur l'action climatique dans le tourisme - Espace Pro","og_description":"Jusqu'au 15 juillet, participez \u00e0 l'enqu\u00eate de l'Organisation Mondiale du Tourisme sur l'action climatique dans le secteur du tourisme.","og_url":"https:\/\/www.tourisme-valdemarne.com\/espace-pro\/actualites\/archives-des-actualites\/enquete-mondiale-sur-laction-climatique-dans-le-tourisme\/","og_site_name":"Espace Pro","article_modified_time":"2022-03-24T09:11:16+00:00","og_image":[{"width":1600,"height":1067,"url":"https:\/\/www.tourisme-valdemarne.com\/espace-pro\/wp-content\/uploads\/sites\/3\/wpetourisme\/Hotel-Daumesnil-Vincennes-7.jpg","type":"image\/jpeg"}],"twitter_card":"summary_large_image","twitter_misc":{"Dur\u00e9e de lecture estim\u00e9e":"1 minute"},"schema":{"@context":"https:\/\/schema.org","@graph":[{"@type":"WebPage","@id":"https:\/\/www.tourisme-valdemarne.com\/espace-pro\/actualites\/archives-des-actualites\/enquete-mondiale-sur-laction-climatique-dans-le-tourisme\/","url":"https:\/\/www.tourisme-valdemarne.com\/espace-pro\/actualites\/archives-des-actualites\/enquete-mondiale-sur-laction-climatique-dans-le-tourisme\/","name":"Enqu\u00eate mondiale sur l'action climatique dans le tourisme - Espace Pro","isPartOf":{"@id":"https:\/\/www.tourisme-valdemarne.com\/espace-pro\/#website"},"primaryImageOfPage":{"@id":"https:\/\/www.tourisme-valdemarne.com\/espace-pro\/actualites\/archives-des-actualites\/enquete-mondiale-sur-laction-climatique-dans-le-tourisme\/#primaryimage"},"image":{"@id":"https:\/\/www.tourisme-valdemarne.com\/espace-pro\/actualites\/archives-des-actualites\/enquete-mondiale-sur-laction-climatique-dans-le-tourisme\/#primaryimage"},"thumbnailUrl":"https:\/\/www.tourisme-valdemarne.com\/espace-pro\/wp-content\/uploads\/sites\/3\/wpetourisme\/Hotel-Daumesnil-Vincennes-7.jpg","datePublished":"2021-07-06T06:56:15+00:00","dateModified":"2022-03-24T09:11:16+00:00","description":"Jusqu'au 15 juillet, participez \u00e0 l'enqu\u00eate de l'Organisation Mondiale du Tourisme sur l'action climatique dans le secteur du tourisme.","breadcrumb":{"@id":"https:\/\/www.tourisme-valdemarne.com\/espace-pro\/actualites\/archives-des-actualites\/enquete-mondiale-sur-laction-climatique-dans-le-tourisme\/#breadcrumb"},"inLanguage":"fr-FR","potentialAction":[{"@type":"ReadAction","target":["https:\/\/www.tourisme-valdemarne.com\/espace-pro\/actualites\/archives-des-actualites\/enquete-mondiale-sur-laction-climatique-dans-le-tourisme\/"]}]},{"@type":"ImageObject","inLanguage":"fr-FR","@id":"https:\/\/www.tourisme-valdemarne.com\/espace-pro\/actualites\/archives-des-actualites\/enquete-mondiale-sur-laction-climatique-dans-le-tourisme\/#primaryimage","url":"https:\/\/www.tourisme-valdemarne.com\/espace-pro\/wp-content\/uploads\/sites\/3\/wpetourisme\/Hotel-Daumesnil-Vincennes-7.jpg","contentUrl":"https:\/\/www.tourisme-valdemarne.com\/espace-pro\/wp-content\/uploads\/sites\/3\/wpetourisme\/Hotel-Daumesnil-Vincennes-7.jpg","width":1600,"height":1067,"caption":"chambre hotel daumesnil vincennes"},{"@type":"BreadcrumbList","@id":"https:\/\/www.tourisme-valdemarne.com\/espace-pro\/actualites\/archives-des-actualites\/enquete-mondiale-sur-laction-climatique-dans-le-tourisme\/#breadcrumb","itemListElement":[{"@type":"ListItem","position":1,"name":"Accueil","item":"https:\/\/www.tourisme-valdemarne.com\/espace-pro\/"},{"@type":"ListItem","position":2,"name":"Actualit\u00e9s de l&rsquo;espace pro","item":"https:\/\/www.tourisme-valdemarne.com\/espace-pro\/actualites\/"},{"@type":"ListItem","position":3,"name":"Archives des actualit\u00e9s","item":"https:\/\/www.tourisme-valdemarne.com\/espace-pro\/actualites\/archives-des-actualites\/"},{"@type":"ListItem","position":4,"name":"Enqu\u00eate mondiale sur l&rsquo;action climatique dans le tourisme"}]},{"@type":"WebSite","@id":"https:\/\/www.tourisme-valdemarne.com\/espace-pro\/#website","url":"https:\/\/www.tourisme-valdemarne.com\/espace-pro\/","name":"Espace Pro","description":"Informations et outils pour les professionnels et la Presse","potentialAction":[{"@type":"SearchAction","target":{"@type":"EntryPoint","urlTemplate":"https:\/\/www.tourisme-valdemarne.com\/espace-pro\/?s={search_term_string}"},"query-input":{"@type":"PropertyValueSpecification","valueRequired":true,"valueName":"search_term_string"}}],"inLanguage":"fr-FR"}]}},"_links":{"self":[{"href":"https:\/\/www.tourisme-valdemarne.com\/espace-pro\/wp-json\/wp\/v2\/pages\/10113","targetHints":{"allow":["GET"]}}],"collection":[{"href":"https:\/\/www.tourisme-valdemarne.com\/espace-pro\/wp-json\/wp\/v2\/pages"}],"about":[{"href":"https:\/\/www.tourisme-valdemarne.com\/espace-pro\/wp-json\/wp\/v2\/types\/page"}],"author":[{"embeddable":true,"href":"https:\/\/www.tourisme-valdemarne.com\/espace-pro\/wp-json\/wp\/v2\/users\/8"}],"replies":[{"embeddable":true,"href":"https:\/\/www.tourisme-valdemarne.com\/espace-pro\/wp-json\/wp\/v2\/comments?post=10113"}],"version-history":[{"count":2,"href":"https:\/\/www.tourisme-valdemarne.com\/espace-pro\/wp-json\/wp\/v2\/pages\/10113\/revisions"}],"predecessor-version":[{"id":10115,"href":"https:\/\/www.tourisme-valdemarne.com\/espace-pro\/wp-json\/wp\/v2\/pages\/10113\/revisions\/10115"}],"up":[{"embeddable":true,"href":"https:\/\/www.tourisme-valdemarne.com\/espace-pro\/wp-json\/wp\/v2\/pages\/9250"}],"wp:featuredmedia":[{"embeddable":true,"href":"https:\/\/www.tourisme-valdemarne.com\/espace-pro\/wp-json\/wp\/v2\/media\/6805"}],"wp:attachment":[{"href":"https:\/\/www.tourisme-valdemarne.com\/espace-pro\/wp-json\/wp\/v2\/media?parent=10113"}],"wp:term":[{"taxonomy":"vdmTagMarketing","embeddable":true,"href":"https:\/\/www.tourisme-valdemarne.com\/espace-pro\/wp-json\/wp\/v2\/vdmTagMarketing?post=10113"}],"curies":[{"name":"wp","href":"https:\/\/api.w.org\/{rel}","templated":true}]}}