{"id":101,"date":"2019-04-16T16:03:26","date_gmt":"2019-04-16T14:03:26","guid":{"rendered":"https:\/\/www.tourisme-valdemarne.com\/espace-pro\/schema-du-tourisme"},"modified":"2019-05-27T15:00:01","modified_gmt":"2019-05-27T13:00:01","slug":"schema-du-tourisme","status":"publish","type":"page","link":"https:\/\/www.tourisme-valdemarne.com\/espace-pro\/qui-sommes-nous\/schema-du-tourisme\/","title":{"rendered":"Sch\u00e9ma du tourisme"},"content":{"rendered":"\n<p class=\"is-style-excerpt\">Le Sch\u00e9ma D\u00e9partemental du Tourisme et des Loisirs du Val-de-Marne a \u00e9t\u00e9 adopt\u00e9 par le Conseil d\u00e9partemental lors de sa s\u00e9ance du 10 d\u00e9cembre 2012.<\/p>\n\n\n\n<p>Le premier sch\u00e9ma 2003-2008 \u00e9tant arriv\u00e9 \u00e0 son terme, une \u00e9valuation, puis une r\u00e9vision, ont \u00e9t\u00e9 engag\u00e9es. Les attentes et les propositions des professionnels du tourisme et des acteurs locaux ont \u00e9t\u00e9 prises en compte, ainsi que les \u00e9volutions du contexte et des pratiques touristiques.<\/p>\n\n\n\n<p>Il se dessine, dans ce futur Sch\u00e9ma, 3 ambitions majeures pour le tourisme et les loisirs en Val-de-Marne :<\/p>\n\n\n\n<ul class=\"wp-block-list\"><li>Promouvoir un tourisme au service de l\u2019\u00e9panouissement de la personne<\/li><li>Faire du tourisme un levier de d\u00e9veloppement \u00e9conomique et d\u2019am\u00e9nagement du territoire<\/li><li>Conforter et d\u00e9velopper une identit\u00e9 touristique val-de-marnaise<\/li><\/ul>\n\n\n\n<p>Chacune de ces ambitions se traduit par des axes op\u00e9rationnels qui permettront aux acteurs du tourisme et des loisirs de mener des projets en coh\u00e9rence avec les orientations du Sch\u00e9ma.<\/p>\n\n\n\n<ul class=\"wp-block-list\"><li>Le premier axe sera de <strong>positionner le Val-de-Marne dans la destination Paris Ile-de-France<\/strong>. Pour cela il faudra conforter la visibilit\u00e9 du Val-de-Marne dans la destination m\u00e9tropolitaine (travailler sur les portes d\u2019entr\u00e9e, miser sur des sites \u00ab locomotives \u00bb, s\u2019appuyer sur un \u00e9v\u00e8nementiel \u00e0 fort rayonnement), mais aussi structurer et d\u00e9velopper l\u2019offre touristique en cr\u00e9ant des conditions d\u2019accueil et d\u2019attractivit\u00e9 \u00e0 la hauteur des enjeux m\u00e9tropolitains.<\/li><li>Le deuxi\u00e8me axe visera \u00e0 <strong>d\u00e9velopper une strat\u00e9gie touristique adapt\u00e9e \u00e0 la diversit\u00e9 des publics<\/strong>, en ciblant particuli\u00e8rement les client\u00e8les de proximit\u00e9, dont la client\u00e8le jeune, et poursuivre et renforcer les actions en direction de la client\u00e8le du tourisme d\u2019affaires.<\/li><li>Enfin, le dernier axe aspirera \u00e0 <strong>optimiser les partenariats et les moyens<\/strong>, en d\u00e9veloppant les outils partag\u00e9s et en engageant des actions et des projets de fa\u00e7on partenariale.<\/li><\/ul>\n\n\n\n<p>Ces trois axes strat\u00e9giques se d\u00e9clinent en 81 actions, relevant \u00e0 la fois de d\u00e9marches de d\u00e9veloppement, de communication, d\u2019organisation etc. \u00e0 mettre en \u0153uvre sur une p\u00e9riode de 6 ans. Au vu du nombre d\u2019actions propos\u00e9es, ce Sch\u00e9ma se veut complet et ambitieux.<\/p>\n\n\n\n<p>Le sch\u00e9ma a \u00e9t\u00e9 pr\u00e9sent\u00e9 sous forme d\u2019Assises le 18 Avril 2013.<\/p>\n\n\n\n<p>Consultez le <a href=\"https:\/\/www.tourisme-valdemarne.com\/espace-pro\/wp-content\/uploads\/sites\/3\/2019\/05\/plaquette_bd.pdf\" target=\"_blank\" rel=\"noreferrer noopener\" aria-label=\"Sch\u00e9ma D\u00e9partemental du Tourisme et des Loisirs du Val-de-Marne (s\u2019ouvre dans un nouvel onglet)\">Sch\u00e9ma D\u00e9partemental du Tourisme et des Loisirs du Val-de-Marne<\/a>.<\/p>\n\n\n\n<figure class=\"wp-block-image\"><a href=\"https:\/\/www.tourisme-valdemarne.com\/espace-pro\/wp-content\/uploads\/sites\/3\/2019\/05\/couv_schema.jpg\"><img width=\"2048\" height=\"1951\" data-src=\"https:\/\/www.tourisme-valdemarne.com\/espace-pro\/wp-content\/uploads\/sites\/3\/2019\/05\/couv_schema.jpg\" alt=\"Sch\u00e9ma d\u00e9partemental du tourisme et des loisirs du Val-de-Marne\" class=\"wp-image-630\" srcset=\"https:\/\/www.tourisme-valdemarne.com\/espace-pro\/wp-content\/uploads\/sites\/3\/2019\/05\/couv_schema.jpg 2048w, https:\/\/www.tourisme-valdemarne.com\/espace-pro\/wp-content\/uploads\/sites\/3\/2019\/05\/couv_schema-600x572.jpg 600w, https:\/\/www.tourisme-valdemarne.com\/espace-pro\/wp-content\/uploads\/sites\/3\/2019\/05\/couv_schema-900x857.jpg 900w, https:\/\/www.tourisme-valdemarne.com\/espace-pro\/wp-content\/uploads\/sites\/3\/2019\/05\/couv_schema-1200x1143.jpg 1200w, https:\/\/www.tourisme-valdemarne.com\/espace-pro\/wp-content\/uploads\/sites\/3\/2019\/05\/couv_schema-200x191.jpg 200w, https:\/\/www.tourisme-valdemarne.com\/espace-pro\/wp-content\/uploads\/sites\/3\/2019\/05\/couv_schema-24x24.jpg 24w\" sizes=\"(max-width: 2048px) 100vw, 2048px\" \/><\/a><figcaption>Sch\u00e9ma d\u00e9partemental du tourisme et des loisirs du Val-de-Marne<\/figcaption><\/figure>\n","protected":false},"excerpt":{"rendered":"<p>Le Sch\u00e9ma D\u00e9partemental du Tourisme et des Loisirs du Val-de-Marne a \u00e9t\u00e9 adopt\u00e9 par le Conseil d\u00e9partemental lors de sa s\u00e9ance du 10 d\u00e9cembre 2012. Le premier sch\u00e9ma 2003-2008 \u00e9tant arriv\u00e9 \u00e0 son terme, une \u00e9valuation, puis une r\u00e9vision, ont \u00e9t\u00e9 engag\u00e9es. Les attentes et les propositions des professionnels du tourisme et des acteurs locaux [&hellip;]<\/p>\n","protected":false},"author":1,"featured_media":633,"parent":9,"menu_order":40,"comment_status":"closed","ping_status":"closed","template":"","meta":{"_relevanssi_hide_post":"","_relevanssi_hide_content":"","_relevanssi_pin_for_all":"","_relevanssi_pin_keywords":"","_relevanssi_unpin_keywords":"","_relevanssi_related_keywords":"","_relevanssi_related_include_ids":"","_relevanssi_related_exclude_ids":"","_relevanssi_related_no_append":"","_relevanssi_related_not_related":"","_relevanssi_related_posts":"","_relevanssi_noindex_reason":"","footnotes":""},"vdmTagMarketing":[],"class_list":["post-101","page","type-page","status-publish","has-post-thumbnail","hentry"],"acf":[],"yoast_head":"<!-- This site is optimized with the Yoast SEO plugin v23.9 - https:\/\/yoast.com\/wordpress\/plugins\/seo\/ -->\n<title>Sch\u00e9ma du tourisme - Espace Pro<\/title>\n<meta name=\"robots\" content=\"index, follow, max-snippet:-1, max-image-preview:large, max-video-preview:-1\" \/>\n<link rel=\"canonical\" href=\"https:\/\/www.tourisme-valdemarne.com\/espace-pro\/qui-sommes-nous\/schema-du-tourisme\/\" \/>\n<meta property=\"og:locale\" content=\"fr_FR\" \/>\n<meta property=\"og:type\" content=\"article\" \/>\n<meta property=\"og:title\" content=\"Sch\u00e9ma du tourisme - Espace Pro\" \/>\n<meta property=\"og:description\" content=\"Le Sch\u00e9ma D\u00e9partemental du Tourisme et des Loisirs du Val-de-Marne a \u00e9t\u00e9 adopt\u00e9 par le Conseil d\u00e9partemental lors de sa s\u00e9ance du 10 d\u00e9cembre 2012. Le premier sch\u00e9ma 2003-2008 \u00e9tant arriv\u00e9 \u00e0 son terme, une \u00e9valuation, puis une r\u00e9vision, ont \u00e9t\u00e9 engag\u00e9es. Les attentes et les propositions des professionnels du tourisme et des acteurs locaux [&hellip;]\" \/>\n<meta property=\"og:url\" content=\"https:\/\/www.tourisme-valdemarne.com\/espace-pro\/qui-sommes-nous\/schema-du-tourisme\/\" \/>\n<meta property=\"og:site_name\" content=\"Espace Pro\" \/>\n<meta property=\"article:modified_time\" content=\"2019-05-27T13:00:01+00:00\" \/>\n<meta property=\"og:image\" content=\"https:\/\/www.tourisme-valdemarne.com\/espace-pro\/wp-content\/uploads\/sites\/3\/2019\/05\/festival_oh_-2010-_bry_sur_marne-cp-d.adam_.jpg\" \/>\n\t<meta property=\"og:image:width\" content=\"1600\" \/>\n\t<meta property=\"og:image:height\" content=\"900\" \/>\n\t<meta property=\"og:image:type\" content=\"image\/jpeg\" \/>\n<meta name=\"twitter:card\" content=\"summary_large_image\" \/>\n<meta name=\"twitter:label1\" content=\"Dur\u00e9e de lecture estim\u00e9e\" \/>\n\t<meta name=\"twitter:data1\" content=\"2 minutes\" \/>\n<script type=\"application\/ld+json\" class=\"yoast-schema-graph\">{\"@context\":\"https:\/\/schema.org\",\"@graph\":[{\"@type\":\"WebPage\",\"@id\":\"https:\/\/www.tourisme-valdemarne.com\/espace-pro\/qui-sommes-nous\/schema-du-tourisme\/\",\"url\":\"https:\/\/www.tourisme-valdemarne.com\/espace-pro\/qui-sommes-nous\/schema-du-tourisme\/\",\"name\":\"Sch\u00e9ma du tourisme - Espace Pro\",\"isPartOf\":{\"@id\":\"https:\/\/www.tourisme-valdemarne.com\/espace-pro\/#website\"},\"primaryImageOfPage\":{\"@id\":\"https:\/\/www.tourisme-valdemarne.com\/espace-pro\/qui-sommes-nous\/schema-du-tourisme\/#primaryimage\"},\"image\":{\"@id\":\"https:\/\/www.tourisme-valdemarne.com\/espace-pro\/qui-sommes-nous\/schema-du-tourisme\/#primaryimage\"},\"thumbnailUrl\":\"https:\/\/www.tourisme-valdemarne.com\/espace-pro\/wp-content\/uploads\/sites\/3\/2019\/05\/festival_oh_-2010-_bry_sur_marne-cp-d.adam_.jpg\",\"datePublished\":\"2019-04-16T14:03:26+00:00\",\"dateModified\":\"2019-05-27T13:00:01+00:00\",\"breadcrumb\":{\"@id\":\"https:\/\/www.tourisme-valdemarne.com\/espace-pro\/qui-sommes-nous\/schema-du-tourisme\/#breadcrumb\"},\"inLanguage\":\"fr-FR\",\"potentialAction\":[{\"@type\":\"ReadAction\",\"target\":[\"https:\/\/www.tourisme-valdemarne.com\/espace-pro\/qui-sommes-nous\/schema-du-tourisme\/\"]}]},{\"@type\":\"ImageObject\",\"inLanguage\":\"fr-FR\",\"@id\":\"https:\/\/www.tourisme-valdemarne.com\/espace-pro\/qui-sommes-nous\/schema-du-tourisme\/#primaryimage\",\"url\":\"https:\/\/www.tourisme-valdemarne.com\/espace-pro\/wp-content\/uploads\/sites\/3\/2019\/05\/festival_oh_-2010-_bry_sur_marne-cp-d.adam_.jpg\",\"contentUrl\":\"https:\/\/www.tourisme-valdemarne.com\/espace-pro\/wp-content\/uploads\/sites\/3\/2019\/05\/festival_oh_-2010-_bry_sur_marne-cp-d.adam_.jpg\",\"width\":1600,\"height\":900,\"caption\":\"Carnaval de l'Oh 2010\"},{\"@type\":\"BreadcrumbList\",\"@id\":\"https:\/\/www.tourisme-valdemarne.com\/espace-pro\/qui-sommes-nous\/schema-du-tourisme\/#breadcrumb\",\"itemListElement\":[{\"@type\":\"ListItem\",\"position\":1,\"name\":\"Accueil\",\"item\":\"https:\/\/www.tourisme-valdemarne.com\/espace-pro\/\"},{\"@type\":\"ListItem\",\"position\":2,\"name\":\"Qui sommes-nous ?\",\"item\":\"https:\/\/www.tourisme-valdemarne.com\/espace-pro\/qui-sommes-nous\/\"},{\"@type\":\"ListItem\",\"position\":3,\"name\":\"Sch\u00e9ma du tourisme\"}]},{\"@type\":\"WebSite\",\"@id\":\"https:\/\/www.tourisme-valdemarne.com\/espace-pro\/#website\",\"url\":\"https:\/\/www.tourisme-valdemarne.com\/espace-pro\/\",\"name\":\"Espace Pro\",\"description\":\"Informations et outils pour les professionnels et la Presse\",\"potentialAction\":[{\"@type\":\"SearchAction\",\"target\":{\"@type\":\"EntryPoint\",\"urlTemplate\":\"https:\/\/www.tourisme-valdemarne.com\/espace-pro\/?s={search_term_string}\"},\"query-input\":{\"@type\":\"PropertyValueSpecification\",\"valueRequired\":true,\"valueName\":\"search_term_string\"}}],\"inLanguage\":\"fr-FR\"}]}<\/script>\n<!-- \/ Yoast SEO plugin. -->","yoast_head_json":{"title":"Sch\u00e9ma du tourisme - Espace Pro","robots":{"index":"index","follow":"follow","max-snippet":"max-snippet:-1","max-image-preview":"max-image-preview:large","max-video-preview":"max-video-preview:-1"},"canonical":"https:\/\/www.tourisme-valdemarne.com\/espace-pro\/qui-sommes-nous\/schema-du-tourisme\/","og_locale":"fr_FR","og_type":"article","og_title":"Sch\u00e9ma du tourisme - Espace Pro","og_description":"Le Sch\u00e9ma D\u00e9partemental du Tourisme et des Loisirs du Val-de-Marne a \u00e9t\u00e9 adopt\u00e9 par le Conseil d\u00e9partemental lors de sa s\u00e9ance du 10 d\u00e9cembre 2012. Le premier sch\u00e9ma 2003-2008 \u00e9tant arriv\u00e9 \u00e0 son terme, une \u00e9valuation, puis une r\u00e9vision, ont \u00e9t\u00e9 engag\u00e9es. Les attentes et les propositions des professionnels du tourisme et des acteurs locaux [&hellip;]","og_url":"https:\/\/www.tourisme-valdemarne.com\/espace-pro\/qui-sommes-nous\/schema-du-tourisme\/","og_site_name":"Espace Pro","article_modified_time":"2019-05-27T13:00:01+00:00","og_image":[{"width":1600,"height":900,"url":"https:\/\/www.tourisme-valdemarne.com\/espace-pro\/wp-content\/uploads\/sites\/3\/2019\/05\/festival_oh_-2010-_bry_sur_marne-cp-d.adam_.jpg","type":"image\/jpeg"}],"twitter_card":"summary_large_image","twitter_misc":{"Dur\u00e9e de lecture estim\u00e9e":"2 minutes"},"schema":{"@context":"https:\/\/schema.org","@graph":[{"@type":"WebPage","@id":"https:\/\/www.tourisme-valdemarne.com\/espace-pro\/qui-sommes-nous\/schema-du-tourisme\/","url":"https:\/\/www.tourisme-valdemarne.com\/espace-pro\/qui-sommes-nous\/schema-du-tourisme\/","name":"Sch\u00e9ma du tourisme - Espace Pro","isPartOf":{"@id":"https:\/\/www.tourisme-valdemarne.com\/espace-pro\/#website"},"primaryImageOfPage":{"@id":"https:\/\/www.tourisme-valdemarne.com\/espace-pro\/qui-sommes-nous\/schema-du-tourisme\/#primaryimage"},"image":{"@id":"https:\/\/www.tourisme-valdemarne.com\/espace-pro\/qui-sommes-nous\/schema-du-tourisme\/#primaryimage"},"thumbnailUrl":"https:\/\/www.tourisme-valdemarne.com\/espace-pro\/wp-content\/uploads\/sites\/3\/2019\/05\/festival_oh_-2010-_bry_sur_marne-cp-d.adam_.jpg","datePublished":"2019-04-16T14:03:26+00:00","dateModified":"2019-05-27T13:00:01+00:00","breadcrumb":{"@id":"https:\/\/www.tourisme-valdemarne.com\/espace-pro\/qui-sommes-nous\/schema-du-tourisme\/#breadcrumb"},"inLanguage":"fr-FR","potentialAction":[{"@type":"ReadAction","target":["https:\/\/www.tourisme-valdemarne.com\/espace-pro\/qui-sommes-nous\/schema-du-tourisme\/"]}]},{"@type":"ImageObject","inLanguage":"fr-FR","@id":"https:\/\/www.tourisme-valdemarne.com\/espace-pro\/qui-sommes-nous\/schema-du-tourisme\/#primaryimage","url":"https:\/\/www.tourisme-valdemarne.com\/espace-pro\/wp-content\/uploads\/sites\/3\/2019\/05\/festival_oh_-2010-_bry_sur_marne-cp-d.adam_.jpg","contentUrl":"https:\/\/www.tourisme-valdemarne.com\/espace-pro\/wp-content\/uploads\/sites\/3\/2019\/05\/festival_oh_-2010-_bry_sur_marne-cp-d.adam_.jpg","width":1600,"height":900,"caption":"Carnaval de l'Oh 2010"},{"@type":"BreadcrumbList","@id":"https:\/\/www.tourisme-valdemarne.com\/espace-pro\/qui-sommes-nous\/schema-du-tourisme\/#breadcrumb","itemListElement":[{"@type":"ListItem","position":1,"name":"Accueil","item":"https:\/\/www.tourisme-valdemarne.com\/espace-pro\/"},{"@type":"ListItem","position":2,"name":"Qui sommes-nous ?","item":"https:\/\/www.tourisme-valdemarne.com\/espace-pro\/qui-sommes-nous\/"},{"@type":"ListItem","position":3,"name":"Sch\u00e9ma du tourisme"}]},{"@type":"WebSite","@id":"https:\/\/www.tourisme-valdemarne.com\/espace-pro\/#website","url":"https:\/\/www.tourisme-valdemarne.com\/espace-pro\/","name":"Espace Pro","description":"Informations et outils pour les professionnels et la Presse","potentialAction":[{"@type":"SearchAction","target":{"@type":"EntryPoint","urlTemplate":"https:\/\/www.tourisme-valdemarne.com\/espace-pro\/?s={search_term_string}"},"query-input":{"@type":"PropertyValueSpecification","valueRequired":true,"valueName":"search_term_string"}}],"inLanguage":"fr-FR"}]}},"_links":{"self":[{"href":"https:\/\/www.tourisme-valdemarne.com\/espace-pro\/wp-json\/wp\/v2\/pages\/101","targetHints":{"allow":["GET"]}}],"collection":[{"href":"https:\/\/www.tourisme-valdemarne.com\/espace-pro\/wp-json\/wp\/v2\/pages"}],"about":[{"href":"https:\/\/www.tourisme-valdemarne.com\/espace-pro\/wp-json\/wp\/v2\/types\/page"}],"author":[{"embeddable":true,"href":"https:\/\/www.tourisme-valdemarne.com\/espace-pro\/wp-json\/wp\/v2\/users\/1"}],"replies":[{"embeddable":true,"href":"https:\/\/www.tourisme-valdemarne.com\/espace-pro\/wp-json\/wp\/v2\/comments?post=101"}],"version-history":[{"count":9,"href":"https:\/\/www.tourisme-valdemarne.com\/espace-pro\/wp-json\/wp\/v2\/pages\/101\/revisions"}],"predecessor-version":[{"id":2737,"href":"https:\/\/www.tourisme-valdemarne.com\/espace-pro\/wp-json\/wp\/v2\/pages\/101\/revisions\/2737"}],"up":[{"embeddable":true,"href":"https:\/\/www.tourisme-valdemarne.com\/espace-pro\/wp-json\/wp\/v2\/pages\/9"}],"wp:featuredmedia":[{"embeddable":true,"href":"https:\/\/www.tourisme-valdemarne.com\/espace-pro\/wp-json\/wp\/v2\/media\/633"}],"wp:attachment":[{"href":"https:\/\/www.tourisme-valdemarne.com\/espace-pro\/wp-json\/wp\/v2\/media?parent=101"}],"wp:term":[{"taxonomy":"vdmTagMarketing","embeddable":true,"href":"https:\/\/www.tourisme-valdemarne.com\/espace-pro\/wp-json\/wp\/v2\/vdmTagMarketing?post=101"}],"curies":[{"name":"wp","href":"https:\/\/api.w.org\/{rel}","templated":true}]}}